{"id":85320,"date":"2013-11-19T12:44:14","date_gmt":"2013-11-19T04:44:14","guid":{"rendered":"https:\/\/honwaygroup.com\/product\/bot-kim-cuong-da-tinh-the-phuong-phap-no\/"},"modified":"2013-11-19T12:44:14","modified_gmt":"2013-11-19T04:44:14","slug":"bot-kim-cuong-da-tinh-the-phuong-phap-no","status":"publish","type":"product","link":"https:\/\/honwaygroup.com\/vi\/product\/bot-kim-cuong-da-tinh-the-phuong-phap-no\/","title":{"rendered":"B\u1ed9t kim c\u01b0\u01a1ng \u0111a tinh th\u1ec3 (Ph\u01b0\u01a1ng ph\u00e1p n\u1ed5)"},"content":{"rendered":"<h3><strong>B\u1ed9t kim c\u01b0\u01a1ng \u0111a tinh th\u1ec3 (Ph\u01b0\u01a1ng ph\u00e1p n\u1ed5)<\/strong><\/h3>\n<ul>\n<li>\u0110\u00e2y l\u00e0 m\u1ed9t lo\u1ea1i v\u1eadt li\u1ec7u m\u00e0i m\u1edbi \u0111\u01b0\u1ee3c l\u00e0m t\u1eeb kim c\u01b0\u01a1ng ch\u1ea5t l\u01b0\u1ee3ng cao th\u00f4ng qua quy tr\u00ecnh \u0111\u1ed9c \u0111\u00e1o.<\/li>\n<li>B\u1ec1n v\u00e0 t\u1ef1 m\u00e0i s\u1eafc.<\/li>\n<li>Ch\u1ed1ng x\u01b0\u1edbc, b\u1ec1 m\u1eb7t c\u00f3 \u0111\u1ed9 ho\u00e0n thi\u1ec7n cao.<\/li>\n<li>Ph\u00f9 h\u1ee3p cho c\u00e1c v\u1eadt li\u1ec7u kim lo\u1ea1i ch\u00ednh x\u00e1c, <a style=\"font-size: 16px; background-color: #ffffff;\" href=\"https:\/\/zh.wikipedia.org\/wiki\/%E6%99%B6%E5%9C%93\" rel=\"nofollow noopener\" target=\"_blank\">wafer sapphire<\/a>, <span style=\"font-size: 16px;\">k\u00ednh c\u1ee9ng, kim lo\u1ea1i, th\u00e9p kh\u00f4ng g\u1ec9, khu\u00f4n m\u1eabu, h\u1ee3p kim nh\u00f4m<\/span>, <a style=\"font-size: 16px; background-color: #ffffff;\" href=\"https:\/\/zh.wikipedia.org\/zh-tw\/%E7%A2%B3%E5%8C%96%E9%8E%A2\" rel=\"nofollow noopener\" target=\"_blank\">carbide vonfram.<\/a> <span style=\"font-size: 16px;\">Th\u00e9p tungsten, g\u1ed1m s\u1ee9, v\u1ecf \u0111i\u1ec7n tho\u1ea1i di \u0111\u1ed9ng&#8230;v.v. <\/span><\/li>\n<\/ul>\n<h4><strong>Th\u00f4ng s\u1ed1 k\u1ef9 thu\u1eadt B\u1ed9t kim c\u01b0\u01a1ng \u0111a tinh th\u1ec3<\/strong><\/h4>\n<table border=\"0\" cellspacing=\"3\" cellpadding=\"5\" align=\"center\">\n<tbody>\n<tr>\n<td colspan=\"2\"><strong>Th\u00f4ng s\u1ed1 chung<br \/>\n<\/strong><\/td>\n<td><strong>\u0110\u01a1n v\u1ecb: micron<\/strong><\/td>\n<\/tr>\n<tr>\n<td>0-2 (1um)<\/td>\n<td>1-3 (2um)<\/td>\n<td>2-4 (3um)<\/td>\n<\/tr>\n<tr>\n<td>3-5 (4um)<\/td>\n<td>4-6 (5um)<\/td>\n<td>4-8 (6um)<\/td>\n<\/tr>\n<tr>\n<td>6-8 (7um)<\/td>\n<td>7-9 (8um)<\/td>\n<td>8-10 (9um)<\/td>\n<\/tr>\n<tr>\n<td>9-11 (10um)<\/td>\n<td>10-12 (11um)<\/td>\n<td><\/td>\n<\/tr>\n<\/tbody>\n<\/table>\n<div><strong>\u329f T\u1ea5t c\u1ea3 nh\u1eefng quy t\u1eafc tr\u00ean \u0111\u1ec1u l\u00e0 quy t\u1eafc chung, c\u00f3 th\u1ec3 \u0111i\u1ec1u ch\u1ec9nh theo nhu c\u1ea7u c\u1ee7a kh\u00e1ch h\u00e0ng v\u00e0 ch\u1ea5p nh\u1eadn t\u00f9y ch\u1ec9nh.<\/strong><\/div>\n<div>C\u00f3 c\u00e2u h\u1ecfi n\u00e0o kh\u00f4ng? <a href=\"https:\/\/honwaygroup.com\/vi\/lien-he-voi-honway\/\">Li\u00ean h\u1ec7 HonWay<\/a><\/div>\n","protected":false},"excerpt":{"rendered":"<p>B\u1ed9t kim c\u01b0\u01a1ng \u0111a tinh th\u1ec3 (Ph\u01b0\u01a1ng ph\u00e1p n\u1ed5) \u0110\u00e2y l\u00e0 m\u1ed9t lo\u1ea1i v\u1eadt li\u1ec7u m\u00e0i m\u1edbi \u0111\u01b0\u1ee3c l\u00e0m t\u1eeb [&hellip;]<\/p>\n","protected":false},"featured_media":84359,"template":"","meta":{"site-sidebar-layout":"default","site-content-layout":"default","ast-site-content-layout":"default","site-content-style":"default","site-sidebar-style":"default","ast-global-header-display":"","ast-banner-title-visibility":"","ast-main-header-display":"","ast-hfb-above-header-display":"","ast-hfb-below-header-display":"","ast-hfb-mobile-header-display":"","site-post-title":"","ast-breadcrumbs-content":"","ast-featured-img":"","footer-sml-layout":"","ast-disable-related-posts":"","theme-transparent-header-meta":"default","adv-header-id-meta":"","stick-header-meta":"default","header-above-stick-meta":"","header-main-stick-meta":"","header-below-stick-meta":"","astra-migrate-meta-layouts":"default","ast-page-background-enabled":"default","ast-page-background-meta":{"desktop":{"background-color":"var(--ast-global-color-5)","background-image":"","background-repeat":"repeat","background-position":"center center","background-size":"auto","background-attachment":"scroll","background-type":"","background-media":"","overlay-type":"","overlay-color":"","overlay-opacity":"","overlay-gradient":""},"tablet":{"background-color":"","background-image":"","background-repeat":"repeat","background-position":"center center","background-size":"auto","background-attachment":"scroll","background-type":"","background-media":"","overlay-type":"","overlay-color":"","overlay-opacity":"","overlay-gradient":""},"mobile":{"background-color":"","background-image":"","background-repeat":"repeat","background-position":"center center","background-size":"auto","background-attachment":"scroll","background-type":"","background-media":"","overlay-type":"","overlay-color":"","overlay-opacity":"","overlay-gradient":""}},"ast-content-background-meta":{"desktop":{"background-color":"var(--ast-global-color-4)","background-image":"","background-repeat":"repeat","background-position":"center center","background-size":"auto","background-attachment":"scroll","background-type":"","background-media":"","overlay-type":"","overlay-color":"","overlay-opacity":"","overlay-gradient":""},"tablet":{"background-color":"var(--ast-global-color-4)","background-image":"","background-repeat":"repeat","background-position":"center center","background-size":"auto","background-attachment":"scroll","background-type":"","background-media":"","overlay-type":"","overlay-color":"","overlay-opacity":"","overlay-gradient":""},"mobile":{"background-color":"var(--ast-global-color-4)","background-image":"","background-repeat":"repeat","background-position":"center center","background-size":"auto","background-attachment":"scroll","background-type":"","background-media":"","overlay-type":"","overlay-color":"","overlay-opacity":"","overlay-gradient":""}}},"product_brand":[],"product_cat":[4701,4370,4367,4698,4373,4303,4424,4304,4302,4301,4426,4299,4420,4300],"product_tag":[4780],"class_list":{"0":"post-85320","1":"product","2":"type-product","3":"status-publish","4":"has-post-thumbnail","6":"product_cat-bot","7":"product_cat-bot-mai","8":"product_cat-vat-lieu-mai-mem","9":"product_cat-dang-nguyen-lieu","10":"product_cat-da-tinh-the","11":"product_cat-gom","12":"product_cat-hinh-thuc-ung-dung","13":"product_cat-kim-loai-phi-sat-nickel","14":"product_cat-kim-loai-sat-nickel","15":"product_cat-tungsten-carbide","16":"product_cat-vat-lieu-danh-bong","17":"product_cat-vat-lieu-gia-cong","18":"product_cat-vat-lieu-mai-sieu-cung","19":"product_cat-vat-lieu-phi-kim-loai-cho-nhua-va-cao-su","20":"product_tag-bot-kim-cuong-da-tinh-the","21":"desktop-align-left","22":"tablet-align-left","23":"mobile-align-left","24":"ast-product-gallery-layout-horizontal-slider","25":"ast-product-gallery-with-no-image","26":"ast-product-single-variable","27":"ast-product-tabs-layout-horizontal","29":"first","30":"instock","31":"taxable","32":"shipping-taxable","33":"purchasable","34":"product-type-variable"},"_links":{"self":[{"href":"https:\/\/honwaygroup.com\/vi\/wp-json\/wp\/v2\/product\/85320","targetHints":{"allow":["GET"]}}],"collection":[{"href":"https:\/\/honwaygroup.com\/vi\/wp-json\/wp\/v2\/product"}],"about":[{"href":"https:\/\/honwaygroup.com\/vi\/wp-json\/wp\/v2\/types\/product"}],"version-history":[{"count":0,"href":"https:\/\/honwaygroup.com\/vi\/wp-json\/wp\/v2\/product\/85320\/revisions"}],"wp:featuredmedia":[{"embeddable":true,"href":"https:\/\/honwaygroup.com\/vi\/wp-json\/wp\/v2\/media\/84359"}],"wp:attachment":[{"href":"https:\/\/honwaygroup.com\/vi\/wp-json\/wp\/v2\/media?parent=85320"}],"wp:term":[{"taxonomy":"product_brand","embeddable":true,"href":"https:\/\/honwaygroup.com\/vi\/wp-json\/wp\/v2\/product_brand?post=85320"},{"taxonomy":"product_cat","embeddable":true,"href":"https:\/\/honwaygroup.com\/vi\/wp-json\/wp\/v2\/product_cat?post=85320"},{"taxonomy":"product_tag","embeddable":true,"href":"https:\/\/honwaygroup.com\/vi\/wp-json\/wp\/v2\/product_tag?post=85320"}],"curies":[{"name":"wp","href":"https:\/\/api.w.org\/{rel}","templated":true}]}}