{"id":85310,"date":"2024-07-19T14:27:28","date_gmt":"2024-07-19T06:27:28","guid":{"rendered":"https:\/\/honwaygroup.com\/?post_type=product&#038;p=85310"},"modified":"2025-04-20T19:16:15","modified_gmt":"2025-04-20T11:16:15","slug":"ban-chai-kim-cuong-6mm-2","status":"publish","type":"product","link":"https:\/\/honwaygroup.com\/vi\/product\/ban-chai-kim-cuong-6mm-2\/","title":{"rendered":"B\u00e0n ch\u1ea3i kim c\u01b0\u01a1ng 6mm"},"content":{"rendered":"<p><strong>B\u00e0n ch\u1ea3i kim c\u01b0\u01a1ng 6mm<\/strong><\/p>\n<p>&nbsp;<\/p>\n<figure id=\"attachment_1093\" aria-describedby=\"caption-attachment-1093\" style=\"width: 600px\" class=\"wp-caption alignnone\"><a href=\"https:\/\/honwaygroup.com\/wp-content\/uploads\/2015\/10\/%E5%85%AD%E6%9F%84%E9%91%BD%E7%9F%B3%E6%AF%9B%E5%88%B7%E9%91%BD%E7%9F%B3%E5%88%B7%E6%AF%9BT%E5%AD%97%E5%9E%8B.jpg\"><img fetchpriority=\"high\" decoding=\"async\" class=\"wp-image-1093\" src=\"https:\/\/honwaygroup.com\/wp-content\/uploads\/2015\/10\/%E5%85%AD%E6%9F%84%E9%91%BD%E7%9F%B3%E6%AF%9B%E5%88%B7%E9%91%BD%E7%9F%B3%E5%88%B7%E6%AF%9BT%E5%AD%97%E5%9E%8B.jpg\" alt=\"Chamfering, passivation, chamfering passivation, grinding and polishing, deburring,\" width=\"600\" height=\"450\" \/><\/a><figcaption id=\"caption-attachment-1093\" class=\"wp-caption-text\">Chamfering, passivation, chamfering passivation, grinding and polishing, deburring,<\/figcaption><\/figure>\n<figure id=\"attachment_1094\" aria-describedby=\"caption-attachment-1094\" style=\"width: 600px\" class=\"wp-caption alignnone\"><a href=\"https:\/\/honwaygroup.com\/wp-content\/uploads\/2015\/10\/%E5%85%AD%E6%9F%84%E9%91%BD%E7%9F%B3%E6%AF%9B%E5%88%B7%E9%91%BD%E7%9F%B3%E5%88%B7%E6%AF%9BT%E5%AD%97%E5%9E%8B32MM.jpg\"><img decoding=\"async\" class=\"wp-image-1094\" src=\"https:\/\/honwaygroup.com\/wp-content\/uploads\/2015\/10\/%E5%85%AD%E6%9F%84%E9%91%BD%E7%9F%B3%E6%AF%9B%E5%88%B7%E9%91%BD%E7%9F%B3%E5%88%B7%E6%AF%9BT%E5%AD%97%E5%9E%8B32MM.jpg\" alt=\"Chamfering, passivation, chamfering passivation, grinding and polishing, deburring,\" width=\"600\" height=\"800\" \/><\/a><figcaption id=\"caption-attachment-1094\" class=\"wp-caption-text\"><strong>V\u00e1t c\u1ea1nh, th\u1ee5 \u0111\u1ed9ng h\u00f3a, v\u00e1t c\u1ea1nh th\u1ee5 \u0111\u1ed9ng h\u00f3a, m\u00e0i v\u00e0 \u0111\u00e1nh b\u00f3ng, lo\u1ea1i b\u1ecf ba-via<\/strong><\/figcaption><\/figure>\n<figure id=\"attachment_1095\" aria-describedby=\"caption-attachment-1095\" style=\"width: 600px\" class=\"wp-caption alignnone\"><a href=\"https:\/\/honwaygroup.com\/wp-content\/uploads\/2015\/10\/%E5%85%AD%E6%9F%84%E9%91%BD%E7%9F%B3%E5%B0%BC%E9%BE%8D%E5%88%B7%E9%91%BD%E7%9F%B3%E5%B0%BC%E9%BE%8D%E5%88%B7%E6%AF%9BT%E5%AD%97%E5%9E%8B.jpg\"><img decoding=\"async\" class=\"wp-image-1095\" src=\"https:\/\/honwaygroup.com\/wp-content\/uploads\/2015\/10\/%E5%85%AD%E6%9F%84%E9%91%BD%E7%9F%B3%E5%B0%BC%E9%BE%8D%E5%88%B7%E9%91%BD%E7%9F%B3%E5%B0%BC%E9%BE%8D%E5%88%B7%E6%AF%9BT%E5%AD%97%E5%9E%8B.jpg\" alt=\"Chamfering, passivation, chamfering passivation, grinding and polishing, deburring,\" width=\"600\" height=\"799\" \/><\/a><figcaption id=\"caption-attachment-1095\" class=\"wp-caption-text\"><strong>V\u00e1t c\u1ea1nh, th\u1ee5 \u0111\u1ed9ng h\u00f3a, v\u00e1t c\u1ea1nh th\u1ee5 \u0111\u1ed9ng h\u00f3a, m\u00e0i v\u00e0 \u0111\u00e1nh b\u00f3ng, lo\u1ea1i b\u1ecf ba-via<\/strong><\/figcaption><\/figure>\n<p><strong>C\u00f3 b\u1ea5t k\u1ef3 c\u00e2u h\u1ecfi n\u00e0o? <a href=\"https:\/\/honwaygroup.com\/vi\/gioi-thieu-honway-materials\/\">Li\u00ean h\u1ec7 HonWay.<\/a><\/strong><\/p>\n<p>&nbsp;<\/p>\n<p>&nbsp;<\/p>\n","protected":false},"excerpt":{"rendered":"<p>B\u00e0n ch\u1ea3i kim c\u01b0\u01a1ng 6mm &nbsp; C\u00f3 b\u1ea5t k\u1ef3 c\u00e2u h\u1ecfi n\u00e0o? Li\u00ean h\u1ec7 HonWay. &nbsp; &nbsp;<\/p>\n","protected":false},"featured_media":0,"template":"","meta":{"site-sidebar-layout":"default","site-content-layout":"default","ast-site-content-layout":"default","site-content-style":"default","site-sidebar-style":"default","ast-global-header-display":"","ast-banner-title-visibility":"","ast-main-header-display":"","ast-hfb-above-header-display":"","ast-hfb-below-header-display":"","ast-hfb-mobile-header-display":"","site-post-title":"","ast-breadcrumbs-content":"","ast-featured-img":"","footer-sml-layout":"","ast-disable-related-posts":"","theme-transparent-header-meta":"default","adv-header-id-meta":"","stick-header-meta":"default","header-above-stick-meta":"","header-main-stick-meta":"","header-below-stick-meta":"","astra-migrate-meta-layouts":"set","ast-page-background-enabled":"default","ast-page-background-meta":{"desktop":{"background-color":"var(--ast-global-color-5)","background-image":"","background-repeat":"repeat","background-position":"center center","background-size":"auto","background-attachment":"scroll","background-type":"","background-media":"","overlay-type":"","overlay-color":"","overlay-opacity":"","overlay-gradient":""},"tablet":{"background-color":"","background-image":"","background-repeat":"repeat","background-position":"center center","background-size":"auto","background-attachment":"scroll","background-type":"","background-media":"","overlay-type":"","overlay-color":"","overlay-opacity":"","overlay-gradient":""},"mobile":{"background-color":"","background-image":"","background-repeat":"repeat","background-position":"center center","background-size":"auto","background-attachment":"scroll","background-type":"","background-media":"","overlay-type":"","overlay-color":"","overlay-opacity":"","overlay-gradient":""}},"ast-content-background-meta":{"desktop":{"background-color":"var(--ast-global-color-4)","background-image":"","background-repeat":"repeat","background-position":"center center","background-size":"auto","background-attachment":"scroll","background-type":"","background-media":"","overlay-type":"","overlay-color":"","overlay-opacity":"","overlay-gradient":""},"tablet":{"background-color":"var(--ast-global-color-4)","background-image":"","background-repeat":"repeat","background-position":"center center","background-size":"auto","background-attachment":"scroll","background-type":"","background-media":"","overlay-type":"","overlay-color":"","overlay-opacity":"","overlay-gradient":""},"mobile":{"background-color":"var(--ast-global-color-4)","background-image":"","background-repeat":"repeat","background-position":"center center","background-size":"auto","background-attachment":"scroll","background-type":"","background-media":"","overlay-type":"","overlay-color":"","overlay-opacity":"","overlay-gradient":""}}},"product_brand":[],"product_cat":[4380,4699,4389,4426],"product_tag":[5070,5050,4949,4950,4951,5058],"class_list":{"0":"post-85310","1":"product","2":"type-product","3":"status-publish","5":"product_cat-ban-chai-kim-cuong","6":"product_cat-chat-ran","7":"product_cat-cong-cu-kim-cuong","8":"product_cat-vat-lieu-danh-bong","9":"product_tag-ban-chai-kim-cuong-vi-2","10":"product_tag-ban-chai-kim-cuong","11":"product_tag-chiu-duoc-axit-manh","12":"product_tag-chiu-duoc-kiem-manh","13":"product_tag-khang-mai-mon","14":"product_tag-long-ban-chai-kim-cuong","15":"desktop-align-left","16":"tablet-align-left","17":"mobile-align-left","18":"ast-product-gallery-layout-horizontal-slider","19":"ast-product-gallery-with-no-image","20":"ast-product-single-variable","21":"ast-product-tabs-layout-horizontal","23":"first","24":"instock","25":"taxable","26":"shipping-taxable","27":"purchasable","28":"product-type-variable","29":"has-default-attributes"},"_links":{"self":[{"href":"https:\/\/honwaygroup.com\/vi\/wp-json\/wp\/v2\/product\/85310","targetHints":{"allow":["GET"]}}],"collection":[{"href":"https:\/\/honwaygroup.com\/vi\/wp-json\/wp\/v2\/product"}],"about":[{"href":"https:\/\/honwaygroup.com\/vi\/wp-json\/wp\/v2\/types\/product"}],"version-history":[{"count":0,"href":"https:\/\/honwaygroup.com\/vi\/wp-json\/wp\/v2\/product\/85310\/revisions"}],"wp:attachment":[{"href":"https:\/\/honwaygroup.com\/vi\/wp-json\/wp\/v2\/media?parent=85310"}],"wp:term":[{"taxonomy":"product_brand","embeddable":true,"href":"https:\/\/honwaygroup.com\/vi\/wp-json\/wp\/v2\/product_brand?post=85310"},{"taxonomy":"product_cat","embeddable":true,"href":"https:\/\/honwaygroup.com\/vi\/wp-json\/wp\/v2\/product_cat?post=85310"},{"taxonomy":"product_tag","embeddable":true,"href":"https:\/\/honwaygroup.com\/vi\/wp-json\/wp\/v2\/product_tag?post=85310"}],"curies":[{"name":"wp","href":"https:\/\/api.w.org\/{rel}","templated":true}]}}