{"id":85303,"date":"2013-11-19T12:48:43","date_gmt":"2013-11-19T04:48:43","guid":{"rendered":"https:\/\/honwaygroup.com\/product\/nguyen-lieu-nghien-chinh-hinh-kim-cuong\/"},"modified":"2025-05-02T15:12:47","modified_gmt":"2025-05-02T07:12:47","slug":"nguyen-lieu-nghien-chinh-hinh-kim-cuong","status":"publish","type":"product","link":"https:\/\/honwaygroup.com\/vi\/product\/nguyen-lieu-nghien-chinh-hinh-kim-cuong\/","title":{"rendered":"Nguy\u00ean li\u1ec7u nghi\u1ec1n &amp; ch\u1ec9nh h\u00ecnh kim c\u01b0\u01a1ng"},"content":{"rendered":"<div>\n<h3><strong>Nguy\u00ean li\u1ec7u nghi\u1ec1n &amp; ch\u1ec9nh h\u00ecnh kim c\u01b0\u01a1ng<\/strong><\/h3>\n<ul>\n<li><strong>Nguy\u00ean li\u1ec7u nghi\u1ec1n kim c\u01b0\u01a1ng<\/strong>: Ch\u1ecdn kim c\u01b0\u01a1ng t\u1ed5ng h\u1ee3p \u0111\u01a1n tinh th\u1ec3 ch\u1ea5t l\u01b0\u1ee3ng cao l\u00e0m nguy\u00ean li\u1ec7u th\u00f4, v\u1eadt li\u1ec7u m\u00e0i v\u00e0 \u0111\u00e1nh b\u00f3ng si\u00eau c\u1ee9ng \u0111\u01b0\u1ee3c s\u1ea3n xu\u1ea5t th\u00f4ng qua c\u00e1c quy tr\u00ecnh nghi\u1ec1n, tinh ch\u1ebf v\u00e0 <a href=\"https:\/\/zh.wikipedia.org\/zh-tw\/%E7%AD%B2%E7%AE%95#%E7%AD%9B%E5%88%86\" rel=\"nofollow noopener\" target=\"_blank\">s\u00e0ng l\u1ecdc<\/a>. S\u1ea3n ph\u1ea9m c\u00f3 h\u00ecnh d\u1ea1ng tinh th\u1ec3 kh\u00f4ng \u0111\u1ec1u, b\u1ec1 m\u1eb7t th\u00f4 r\u00e1p, s\u1eafc b\u00e9n v\u00e0 ch\u1ed1ng m\u00e0i m\u00f2n. <\/li>\n<li><strong>Nguy\u00ean li\u1ec7u ch\u1ec9nh h\u00ecnh kim c\u01b0\u01a1ng<\/strong>: C\u00e1c s\u1ea3n ph\u1ea9m \u0111\u01b0\u1ee3c c\u1ea3i ti\u1ebfn d\u1ef1a tr\u00ean nguy\u00ean li\u1ec7u nghi\u1ec1n kim c\u01b0\u01a1ng c\u00f3 hi\u1ec7u su\u1ea5t t\u1ed1t h\u01a1n so v\u1edbi nguy\u00ean li\u1ec7u nghi\u1ec1n kim c\u01b0\u01a1ng.<\/li>\n<\/ul>\n<\/div>\n<h4><strong>Th\u00f4ng s\u1ed1 k\u1ef9 thu\u1eadt<\/strong> <strong>nguy\u00ean li\u1ec7u nghi\u1ec1n &amp; ch\u1ec9nh h\u00ecnh kim c\u01b0\u01a1ng<\/strong><\/h4>\n<table border=\"0\" cellspacing=\"3\" cellpadding=\"5\" align=\"center\">\n<tbody>\n<tr>\n<td><strong>\u0110\u01a1n v\u1ecb: Mesh<br \/>\n<\/strong><\/td>\n<td colspan=\"2\"><strong>Th\u00f4ng s\u1ed1 k\u1ef9 thu\u1eadt chung.<\/strong><\/td>\n<\/tr>\n<tr>\n<td><strong>80\/100<\/strong><\/td>\n<td><strong>O<\/strong><\/td>\n<td><strong>O<\/strong><\/td>\n<\/tr>\n<tr>\n<td><strong>100\/120<\/strong><\/td>\n<td><strong>O<\/strong><\/td>\n<td><strong>O<\/strong><\/td>\n<\/tr>\n<tr>\n<td><strong>120\/140<\/strong><\/td>\n<td><strong>O<\/strong><\/td>\n<td><strong>O<\/strong><\/td>\n<\/tr>\n<tr>\n<td><strong>170\/200<\/strong><\/td>\n<td><strong>O<\/strong><\/td>\n<td><strong>O<\/strong><\/td>\n<\/tr>\n<tr>\n<td><strong>200\/230<\/strong><\/td>\n<td><strong>O<\/strong><\/td>\n<td><strong>O<\/strong><\/td>\n<\/tr>\n<tr>\n<td><strong>230\/270<\/strong><\/td>\n<td><strong>O<\/strong><\/td>\n<td><strong>O<\/strong><\/td>\n<\/tr>\n<tr>\n<td><strong>270\/325<\/strong><\/td>\n<td><strong>O<\/strong><\/td>\n<td><strong>O<\/strong><\/td>\n<\/tr>\n<tr>\n<td><strong>325\/400<\/strong><\/td>\n<td><strong>O<\/strong><\/td>\n<td><strong>O<\/strong><\/td>\n<\/tr>\n<tr>\n<td><strong>400\/500<\/strong><\/td>\n<td><strong>O<\/strong><\/td>\n<td><strong>O<\/strong><\/td>\n<\/tr>\n<\/tbody>\n<\/table>\n<div><strong>\u329f T\u1ea5t c\u1ea3 nh\u1eefng quy t\u1eafc tr\u00ean \u0111\u1ec1u l\u00e0 quy t\u1eafc chung, c\u00f3 th\u1ec3 \u0111i\u1ec1u ch\u1ec9nh theo nhu c\u1ea7u c\u1ee7a kh\u00e1ch h\u00e0ng v\u00e0 ch\u1ea5p nh\u1eadn t\u00f9y ch\u1ec9nh.<\/strong><\/div>\n<div>C\u00f3 c\u00e2u h\u1ecfi n\u00e0o kh\u00f4ng? <a href=\"https:\/\/honwaygroup.com\/vi\/lien-he-voi-honway\/\">Li\u00ean h\u1ec7 HonWay<\/a><\/div>\n","protected":false},"excerpt":{"rendered":"<table border=\"1\" cellspacing=\"0\" cellpadding=\"0\">\n<tbody>\n<tr>\n<td><b>B\u1ed9t kim c\u01b0\u01a1ng \u0111\u01a1n tinh th\u1ec3<\/b><\/td>\n<\/tr>\n<\/tbody>\n<\/table>\n<p>B\u1ed9t kim c\u01b0\u01a1ng \u0111\u01a1n tinh th\u1ec3: B\u1ed9t kim c\u01b0\u01a1ng l\u00e0 m\u1ed9t lo\u1ea1i v\u1eadt li\u1ec7u m\u00e0i v\u00e0 \u0111\u00e1nh b\u00f3ng si\u00eau c\u1ee9ng, \u0111\u01b0\u1ee3c s\u1ea3n xu\u1ea5t t\u1eeb kim c\u01b0\u01a1ng t\u1ed5ng h\u1ee3p \u0111\u01a1n tinh th\u1ec3 ch\u1ea5t l\u01b0\u1ee3ng cao qua c\u00e1c quy tr\u00ecnh nghi\u1ec1n, \u0111\u1ecbnh h\u00ecnh, tinh ch\u1ebf, ph\u00e2n lo\u1ea1i v\u00e0 x\u1eed l\u00fd h\u1eadu k\u1ef3. N\u00f3 c\u00f3 \u0111\u1ed9 c\u1ee9ng, \u0111\u1ed9 b\u1ec1n, \u0111\u1ed9 d\u1ebbo dai, kh\u1ea3 n\u0103ng d\u1eabn nhi\u1ec7t, t\u00ednh \u1ed5n \u0111\u1ecbnh nhi\u1ec7t t\u1ed1t v\u00e0 kh\u1ea3 n\u0103ng ch\u1ed1ng va \u0111\u1eadp v\u01b0\u1ee3t tr\u1ed9i.  <\/p>\n<table border=\"1\" cellspacing=\"0\" cellpadding=\"0\">\n<tbody>\n<tr>\n<td><b>B\u1ed9t kim c\u01b0\u01a1ng \u0111a tinh th\u1ec3<\/b><\/td>\n<\/tr>\n<\/tbody>\n<\/table>\n<p>\u0110\u00e2y l\u00e0 m\u1ed9t lo\u1ea1i v\u1eadt li\u1ec7u m\u00e0i m\u1edbi \u0111\u01b0\u1ee3c ch\u1ebf t\u1ea1o t\u1eeb kim c\u01b0\u01a1ng ch\u1ea5t l\u01b0\u1ee3ng cao l\u00e0m nguy\u00ean li\u1ec7u th\u00f4ng qua m\u1ed9t quy tr\u00ecnh \u0111\u1ed9c \u0111\u00e1o.<\/p>\n<table border=\"1\" cellspacing=\"0\" cellpadding=\"0\">\n<tbody>\n<tr>\n<td><b>Kim c\u01b0\u01a1ng nano<\/b><\/td>\n<\/tr>\n<\/tbody>\n<\/table>\n<p>Kim c\u01b0\u01a1ng nano \u0111\u01b0\u1ee3c s\u1ea3n xu\u1ea5t b\u1eb1ng c\u00e1ch s\u1eed d\u1ee5ng thu\u1ed1c n\u1ed5 c\u00e2n b\u1eb1ng oxy \u00e2m trong qu\u00e1 tr\u00ecnh n\u1ed5 \u0111\u1ec3 t\u1ea1o ra carbon t\u1ef1 do, ki\u1ec3m so\u00e1t \u00e1p su\u1ea5t v\u00e0 nhi\u1ec7t \u0111\u1ed9 c\u1ee7a v\u1ee5 n\u1ed5 \u0111\u1ec3 bi\u1ebfn n\u00f3 th\u00e0nh c\u00e1c h\u1ea1t kim c\u01b0\u01a1ng vi tinh th\u1ec3 v\u1edbi \u0111\u01b0\u1eddng k\u00ednh t\u1eeb 5-20 nm.<br \/>\u0110i\u1ec1u ki\u1ec7n t\u1ed5ng h\u1ee3p \u0111\u1eb7c bi\u1ec7t khi\u1ebfn c\u00e1c h\u1ea1t c\u01a1 b\u1ea3n c\u00f3 h\u00ecnh d\u1ea1ng g\u1ea7n nh\u01b0 c\u1ea7u, b\u1ec1 m\u1eb7t c\u00f3 r\u1ea5t nhi\u1ec1u nh\u00f3m ch\u1ee9c n\u0103ng, v\u00e0 di\u1ec7n t\u00edch b\u1ec1 m\u1eb7t ri\u00eang l\u1edbn h\u01a1n s\u1ea3n ph\u1ea9m kim c\u01b0\u01a1ng th\u00f4ng th\u01b0\u1eddng l\u00ean m\u1ed9t m\u1ee9c \u0111\u1ed9.<br \/>Kim c\u01b0\u01a1ng nano kh\u00f4ng ch\u1ec9 c\u00f3 \u0111\u1ed9 c\u1ee9ng v\u00e0 t\u00ednh ch\u1ea5t m\u00e0i m\u00f2n t\u1ed1t h\u01a1n kim c\u01b0\u01a1ng nh\u00e2n t\u1ea1o th\u00f4ng th\u01b0\u1eddng m\u00e0 c\u00f2n c\u00f3 c\u00e1c \u0111\u1eb7c t\u00ednh m\u1edbi c\u1ee7a v\u1eadt li\u1ec7u ch\u1ee9c n\u0103ng \u1edf c\u1ea5p \u0111\u1ed9 nano.<\/p>\n<table border=\"1\" cellspacing=\"0\" cellpadding=\"0\">\n<tbody>\n<tr>\n<td><b>Nguy\u00ean li\u1ec7u nghi\u1ec1n<\/b> <b>v\u00e0 <\/b><b>ch\u1ec9nh h\u00ecnh kim c\u01b0\u01a1ng<\/b><\/td>\n<\/tr>\n<\/tbody>\n<\/table>\n<ul>\n<li>Nguy\u00ean li\u1ec7u nghi\u1ec1n kim c\u01b0\u01a1ng: Nguy\u00ean li\u1ec7u m\u00e0i v\u00e0 \u0111\u00e1nh b\u00f3ng si\u00eau c\u1ee9ng \u0111\u01b0\u1ee3c s\u1ea3n xu\u1ea5t qua qu\u00e1 tr\u00ecnh nghi\u1ec1n, tinh ch\u1ebf v\u00e0 s\u00e0ng l\u1ecdc t\u1eeb kim c\u01b0\u01a1ng t\u1ed5ng h\u1ee3p \u0111\u01a1n tinh th\u1ec3 ch\u1ea5t l\u01b0\u1ee3ng cao l\u00e0m nguy\u00ean li\u1ec7u. S\u1ea3n ph\u1ea9m c\u00f3 h\u00ecnh d\u1ea1ng tinh th\u1ec3 kh\u00f4ng \u0111\u1ec1u, b\u1ec1 m\u1eb7t th\u00f4 r\u00e1p, s\u1eafc b\u00e9n v\u00e0 ch\u1ed1ng m\u00e0i m\u00f2n.<\/li>\n<li>Nguy\u00ean li\u1ec7u ch\u1ec9nh h\u00ecnh kim c\u01b0\u01a1ng: S\u1ea3n ph\u1ea9m \u0111\u01b0\u1ee3c c\u1ea3i ti\u1ebfn d\u1ef1a tr\u00ean nguy\u00ean li\u1ec7u nghi\u1ec1n kim c\u01b0\u01a1ng v\u1edbi hi\u1ec7u su\u1ea5t t\u1ed1t h\u01a1n so v\u1edbi nguy\u00ean li\u1ec7u nghi\u1ec1n kim c\u01b0\u01a1ng ban \u0111\u1ea7u.<\/li>\n<\/ul>\n<p>&nbsp;<\/p>\n","protected":false},"featured_media":85304,"template":"","meta":{"site-sidebar-layout":"default","site-content-layout":"default","ast-site-content-layout":"default","site-content-style":"default","site-sidebar-style":"default","ast-global-header-display":"","ast-banner-title-visibility":"","ast-main-header-display":"","ast-hfb-above-header-display":"","ast-hfb-below-header-display":"","ast-hfb-mobile-header-display":"","site-post-title":"","ast-breadcrumbs-content":"","ast-featured-img":"","footer-sml-layout":"","ast-disable-related-posts":"","theme-transparent-header-meta":"default","adv-header-id-meta":"","stick-header-meta":"default","header-above-stick-meta":"","header-main-stick-meta":"","header-below-stick-meta":"","astra-migrate-meta-layouts":"default","ast-page-background-enabled":"default","ast-page-background-meta":{"desktop":{"background-color":"var(--ast-global-color-5)","background-image":"","background-repeat":"repeat","background-position":"center center","background-size":"auto","background-attachment":"scroll","background-type":"","background-media":"","overlay-type":"","overlay-color":"","overlay-opacity":"","overlay-gradient":""},"tablet":{"background-color":"","background-image":"","background-repeat":"repeat","background-position":"center center","background-size":"auto","background-attachment":"scroll","background-type":"","background-media":"","overlay-type":"","overlay-color":"","overlay-opacity":"","overlay-gradient":""},"mobile":{"background-color":"","background-image":"","background-repeat":"repeat","background-position":"center center","background-size":"auto","background-attachment":"scroll","background-type":"","background-media":"","overlay-type":"","overlay-color":"","overlay-opacity":"","overlay-gradient":""}},"ast-content-background-meta":{"desktop":{"background-color":"var(--ast-global-color-4)","background-image":"","background-repeat":"repeat","background-position":"center center","background-size":"auto","background-attachment":"scroll","background-type":"","background-media":"","overlay-type":"","overlay-color":"","overlay-opacity":"","overlay-gradient":""},"tablet":{"background-color":"var(--ast-global-color-4)","background-image":"","background-repeat":"repeat","background-position":"center center","background-size":"auto","background-attachment":"scroll","background-type":"","background-media":"","overlay-type":"","overlay-color":"","overlay-opacity":"","overlay-gradient":""},"mobile":{"background-color":"var(--ast-global-color-4)","background-image":"","background-repeat":"repeat","background-position":"center center","background-size":"auto","background-attachment":"scroll","background-type":"","background-media":"","overlay-type":"","overlay-color":"","overlay-opacity":"","overlay-gradient":""}}},"product_brand":[],"product_cat":[4370,4426,4420],"product_tag":[],"class_list":{"0":"post-85303","1":"product","2":"type-product","3":"status-publish","4":"has-post-thumbnail","6":"product_cat-bot-mai","7":"product_cat-vat-lieu-danh-bong","8":"product_cat-vat-lieu-mai-sieu-cung","9":"desktop-align-left","10":"tablet-align-left","11":"mobile-align-left","12":"ast-product-gallery-layout-horizontal-slider","13":"ast-product-gallery-with-no-image","14":"ast-product-tabs-layout-horizontal","16":"first","17":"instock","18":"taxable","19":"shipping-taxable","20":"purchasable","21":"product-type-simple"},"_links":{"self":[{"href":"https:\/\/honwaygroup.com\/vi\/wp-json\/wp\/v2\/product\/85303","targetHints":{"allow":["GET"]}}],"collection":[{"href":"https:\/\/honwaygroup.com\/vi\/wp-json\/wp\/v2\/product"}],"about":[{"href":"https:\/\/honwaygroup.com\/vi\/wp-json\/wp\/v2\/types\/product"}],"version-history":[{"count":0,"href":"https:\/\/honwaygroup.com\/vi\/wp-json\/wp\/v2\/product\/85303\/revisions"}],"wp:featuredmedia":[{"embeddable":true,"href":"https:\/\/honwaygroup.com\/vi\/wp-json\/wp\/v2\/media\/85304"}],"wp:attachment":[{"href":"https:\/\/honwaygroup.com\/vi\/wp-json\/wp\/v2\/media?parent=85303"}],"wp:term":[{"taxonomy":"product_brand","embeddable":true,"href":"https:\/\/honwaygroup.com\/vi\/wp-json\/wp\/v2\/product_brand?post=85303"},{"taxonomy":"product_cat","embeddable":true,"href":"https:\/\/honwaygroup.com\/vi\/wp-json\/wp\/v2\/product_cat?post=85303"},{"taxonomy":"product_tag","embeddable":true,"href":"https:\/\/honwaygroup.com\/vi\/wp-json\/wp\/v2\/product_tag?post=85303"}],"curies":[{"name":"wp","href":"https:\/\/api.w.org\/{rel}","templated":true}]}}