{"id":85302,"date":"2024-07-29T17:21:46","date_gmt":"2024-07-29T09:21:46","guid":{"rendered":"https:\/\/honwaygroup.com\/?post_type=product&#038;p=85302"},"modified":"2025-09-16T16:27:06","modified_gmt":"2025-09-16T08:27:06","slug":"dung-dich-danh-bong-oxit-nhom","status":"publish","type":"product","link":"https:\/\/honwaygroup.com\/vi\/product\/dung-dich-danh-bong-oxit-nhom\/","title":{"rendered":"Dung d\u1ecbch \u0111\u00e1nh b\u00f3ng nh\u00f4m cho kim lo\u1ea1i h\u1ecdc"},"content":{"rendered":"<h1>Dung d\u1ecbch \u0111\u00e1nh b\u00f3ng nh\u00f4m cho kim lo\u1ea1i h\u1ecdc<\/h1>\n<p><a href=\"https:\/\/zh.m.wikipedia.org\/zh-tw\/%E5%89%9B%E7%8E%89\" rel=\"nofollow noopener\" target=\"_blank\">Corundum tr\u1eafng<\/a> \u0111\u01b0\u1ee3c l\u00e0m t\u1eeb b\u1ed9t nh\u00f4m oxit ch\u1ea5t l\u01b0\u1ee3ng cao, tinh luy\u1ec7n v\u00e0 k\u1ebft tinh b\u1eb1ng ph\u01b0\u01a1ng ph\u00e1p nung ch\u1ea3y \u0111i\u1ec7n. S\u1ea3n ph\u1ea9m c\u00f3 \u0111\u1ed9 tinh khi\u1ebft cao, kh\u1ea3 n\u0103ng t\u1ef1 m\u00e0i s\u1eafc tuy\u1ec7t v\u1eddi, kh\u1ea3 n\u0103ng ch\u1ed1ng \u0103n m\u00f2n axit v\u00e0 ki\u1ec1m, ch\u1ecbu nhi\u1ec7t \u0111\u1ed9 cao v\u00e0 hi\u1ec7u su\u1ea5t nhi\u1ec7t \u1ed5n \u0111\u1ecbnh. S\u1ea3n ph\u1ea9m c\u1ee9ng h\u01a1n corundum n\u00e2u m\u1ed9t ch\u00fat nh\u01b0ng \u0111\u1ed9 b\u1ec1n k\u00e9m h\u01a1n. Tuy nhi\u00ean, s\u1ea3n ph\u1ea9m c\u00f3 \u0111\u1ed9 tinh khi\u1ebft cao, kh\u1ea3 n\u0103ng t\u1ef1 m\u00e0i s\u1eafc tuy\u1ec7t v\u1eddi, kh\u1ea3 n\u0103ng m\u00e0i m\u1ea1nh, sinh nhi\u1ec7t th\u1ea5p, hi\u1ec7u su\u1ea5t cao, kh\u1ea3 n\u0103ng ch\u1ed1ng \u0103n m\u00f2n axit v\u00e0 ki\u1ec1m, v\u00e0 \u0111\u1ed9 \u1ed5n \u0111\u1ecbnh nhi\u1ec7t tuy\u1ec7t v\u1eddi. S\u1ea3n ph\u1ea9m ph\u00f9 h\u1ee3p \u0111\u1ec3 m\u00e0i c\u00e1c v\u1eadt li\u1ec7u m\u00e0i m\u00f2n m\u1ecbn nh\u01b0 th\u00e9p cacbon cao, th\u00e9p gi\u00f3 v\u00e0 th\u00e9p kh\u00f4ng g\u1ec9. S\u1ea3n ph\u1ea9m c\u0169ng c\u00f3 th\u1ec3 \u0111\u01b0\u1ee3c s\u1eed d\u1ee5ng trong \u0111\u00fac ch\u00ednh x\u00e1c v\u00e0 v\u1eadt li\u1ec7u ch\u1ecbu l\u1eeda cao c\u1ea5p. <\/p>\n<p>Lo\u1ea1i d\u1ee5ng c\u1ee5 m\u00e0i n\u00e0y ph\u00f9 h\u1ee3p \u0111\u1ec3 m\u00e0i c\u00e1c v\u1eadt li\u1ec7u c\u1ee9ng c\u00f3 \u0111\u1ed9 b\u1ec1n k\u00e9o cao, ch\u1eb3ng h\u1ea1n nh\u01b0 th\u00e9p cacbon cao, th\u00e9p gi\u00f3 v\u00e0 th\u00e9p t\u00f4i. N\u00f3 c\u0169ng c\u00f3 th\u1ec3 \u0111\u01b0\u1ee3c s\u1eed d\u1ee5ng l\u00e0m v\u1eadt li\u1ec7u m\u00e0i v\u00e0 \u0111\u00e1nh b\u00f3ng, \u0111\u00fac ch\u00ednh x\u00e1c, v\u1eadt li\u1ec7u ph\u1ee7 phun, ch\u1ea5t mang x\u00fac t\u00e1c h\u00f3a h\u1ecdc, g\u1ed1m s\u1ee9 \u0111\u1eb7c bi\u1ec7t, \u0111\u00e1 m\u00e0i, luy\u1ec7n th\u00e9p v\u00e0 v\u1eadt li\u1ec7u ch\u1ecbu l\u1eeda cao c\u1ea5p. N\u00f3 c\u00f3 \u0111\u1eb7c \u0111i\u1ec3m l\u00e0 l\u1ef1c c\u1eaft m\u1ea1nh, \u0111\u1ed9 \u1ed5n \u0111\u1ecbnh h\u00f3a h\u1ecdc tuy\u1ec7t v\u1eddi v\u00e0 t\u00ednh ch\u1ea5t c\u00e1ch \u0111i\u1ec7n tuy\u1ec7t v\u1eddi.   <\/p>\n<h2>\u0110\u1eb7c \u0111i\u1ec3m:<\/h2>\n<ul>\n<li>V\u1edbi \u0111\u1ed9 c\u1ee9ng cao, t\u00ednh ch\u1ea5t c\u01a1 h\u1ecdc t\u1ed1t v\u00e0 \u0111\u1ed9 \u1ed5n \u0111\u1ecbnh h\u00f3a h\u1ecdc, ch\u1ea5t l\u1ecfng \u0111\u00e1nh b\u00f3ng alumina th\u01b0\u1eddng c\u00f3 th\u1ec3 mang l\u1ea1i hi\u1ec7u qu\u1ea3 \u0111\u00e1nh b\u00f3ng tuy\u1ec7t v\u1eddi v\u00e0 ph\u00f9 h\u1ee3p v\u1edbi c\u00e1c lo\u1ea1i nhu c\u1ea7u \u0111\u00e1nh b\u00f3ng b\u1ec1 m\u1eb7t kh\u00e1c nhau.<\/li>\n<li>N\u00f3 c\u00f3 kh\u1ea3 n\u0103ng ch\u1ed1ng m\u00e0i m\u00f2n t\u1ed1t v\u00e0 c\u00f3 th\u1ec3 duy tr\u00ec hi\u1ec7u qu\u1ea3 \u0111\u00e1nh b\u00f3ng \u1ed5n \u0111\u1ecbnh trong nhi\u1ec1u l\u1ea7n s\u1eed d\u1ee5ng.<\/li>\n<li>Nh\u00f4m oxit h\u00ecnh c\u1ea7u gi\u00fap s\u1eeda ch\u1eefa b\u1ec1 m\u1eb7t \u0111\u00e1nh b\u00f3ng tr\u00ean v\u1eadt li\u1ec7u gia c\u00f4ng, c\u1ea3i thi\u1ec7n \u0111\u1ed9 b\u00f3ng, gi\u1ea3m \u0111\u1ed9 nh\u00e1m b\u1ec1 m\u1eb7t, v\u00e0 mang l\u1ea1i b\u1ec1 m\u1eb7t s\u00e1ng \u0111\u1eb9p h\u01a1n.<\/li>\n<li>C\u00f3 l\u1ee3i th\u1ebf v\u1ec1 chi ph\u00ed th\u1ea5p.<\/li>\n<li>\u0110\u01b0\u1ee3c khuy\u1ebfn ngh\u1ecb s\u1eed d\u1ee5ng \u0111\u1ec3 l\u00e0m s\u1ea1ch b\u1ec1 m\u1eb7t sau khi s\u1eed d\u1ee5ng dung d\u1ecbch kim c\u01b0\u01a1ng th\u00f4ng th\u01b0\u1eddng.<\/li>\n<li>N\u1ebfu c\u1ea7n b\u1ec1 m\u1eb7t \u0111\u01b0\u1ee3c \u0111\u00e1nh b\u00f3ng \u1edf m\u1ee9c \u0111\u1ed9 cao h\u01a1n, b\u1ea1n n\u00ean s\u1eed d\u1ee5ng s\u1ea3n ph\u1ea9m thu\u1ed9c d\u00f2ng Nano Diamond.<\/li>\n<\/ul>\n<h2>\u1ee8ng d\u1ee5ng:<\/h2>\n<ul>\n<li>Th\u00edch h\u1ee3p \u0111\u1ec3 \u0111\u00e1nh b\u00f3ng cu\u1ed1i c\u00f9ng c\u00e1c lo\u1ea1i v\u1eadt li\u1ec7u nh\u01b0 kim lo\u1ea1i, khu\u00f4n ch\u00ednh x\u00e1c, sapphire, h\u1ee3p kim nh\u00f4m, g\u1ed1m s\u1ee9 v\u00e0 c\u00e1c v\u1eadt li\u1ec7u kh\u00e1c.<\/li>\n<li>N\u00ean s\u1eed d\u1ee5ng ch\u1ea5t l\u1ecfng kim c\u01b0\u01a1ng c\u00f9ng lo\u1ea1i v\u1edbi lo\u1ea1i \u0111\u00e3 d\u00f9ng tr\u01b0\u1edbc \u0111\u00f3 ho\u1eb7c lo\u1ea1i m\u1ecbn h\u01a1n.<\/li>\n<\/ul>\n<div>\n<h2>Thong s\u1ed1 k\u1ef9 thu\u1eadt s\u1ea3n ph\u1ea9m:<\/h2>\n<\/div>\n<div>\n<table border=\"0\" cellspacing=\"3\" cellpadding=\"5\" align=\"center\">\n<tbody>\n<tr>\n<td><strong>Al<sub>2<\/sub>O<sub>3<\/sub><\/strong><\/td>\n<td><strong>Na<sub>2<\/sub>O<\/strong><\/td>\n<td><strong>SiO<sub>2<\/sub><\/strong><\/td>\n<td><strong>Fe<sub>2<\/sub>O<sub>3<\/sub><\/strong><\/td>\n<td><strong>CaO+MgO<\/strong><\/td>\n<\/tr>\n<tr>\n<td><strong>99.6%<\/strong><\/td>\n<td><strong>0.18%<\/strong><\/td>\n<td><strong>0.01%<\/strong><\/td>\n<td><strong>0.02%<\/strong><\/td>\n<td><strong>0.02%<\/strong><\/td>\n<\/tr>\n<\/tbody>\n<\/table>\n<div>\n<div align=\"center\">\n<figure id=\"attachment_39774\" aria-describedby=\"caption-attachment-39774\" style=\"width: 853px\" class=\"wp-caption alignnone\"><a href=\"https:\/\/honwaygroup.com\/wp-content\/uploads\/2024\/07\/%E6%9C%AA%E5%91%BD%E5%90%8D-1_%E5%B7%A5%E4%BD%9C%E5%8D%80%E5%9F%9F-1.webp\"><img fetchpriority=\"high\" decoding=\"async\" class=\"size-full wp-image-39774\" src=\"https:\/\/honwaygroup.com\/wp-content\/uploads\/2024\/07\/%E6%9C%AA%E5%91%BD%E5%90%8D-1_%E5%B7%A5%E4%BD%9C%E5%8D%80%E5%9F%9F-1.webp\" alt=\"Th\u00f4ng s\u1ed1 k\u1ef9 thu\u1eadt\" width=\"853\" height=\"441\"><\/a><figcaption id=\"caption-attachment-39774\" class=\"wp-caption-text\">Th\u00f4ng s\u1ed1 k\u1ef9 thu\u1eadt<\/figcaption><\/figure>\n<\/div>\n<\/div>\n<div><strong>\u21d2S\u1ed1 l\u01b0\u1ee3ng \u0111\u1eb7t h\u00e0ng t\u1ed1i thi\u1ec3u y\u00eau c\u1ea7u: 500ml<\/strong><\/div>\n<div><\/div>\n<\/div>\n<p>C\u00f3 b\u1ea5t k\u1ef3 th\u1eafc m\u1eafc n\u00e0o kh\u00f4ng? <a href=\"https:\/\/honwaygroup.com\/vi\/lien-he-voi-honway\/\">Li\u00ean h\u1ec7 v\u1edbi HonWay<\/a><\/p>\n","protected":false},"excerpt":{"rendered":"<ul>\n<li>V\u1edbi \u0111\u1ed9 c\u1ee9ng cao, t\u00ednh ch\u1ea5t c\u01a1 h\u1ecdc t\u1ed1t v\u00e0 \u0111\u1ed9 \u1ed5n \u0111\u1ecbnh h\u00f3a h\u1ecdc, kem \u0111\u00e1nh b\u00f3ng alumina th\u01b0\u1eddng c\u00f3 th\u1ec3 mang l\u1ea1i hi\u1ec7u qu\u1ea3 \u0111\u00e1nh b\u00f3ng tuy\u1ec7t v\u1eddi v\u00e0 ph\u00f9 h\u1ee3p v\u1edbi c\u00e1c lo\u1ea1i nhu c\u1ea7u \u0111\u00e1nh b\u00f3ng b\u1ec1 m\u1eb7t kh\u00e1c nhau.<\/li>\n<li>N\u00f3 c\u00f3 kh\u1ea3 n\u0103ng ch\u1ed1ng m\u00e0i m\u00f2n t\u1ed1t v\u00e0 c\u00f3 th\u1ec3 duy tr\u00ec hi\u1ec7u qu\u1ea3 \u0111\u00e1nh b\u00f3ng \u1ed5n \u0111\u1ecbnh trong nhi\u1ec1u l\u1ea7n s\u1eed d\u1ee5ng.<\/li>\n<li>N\u00ean s\u1eed d\u1ee5ng s\u1ea3n ph\u1ea9m n\u00e0y \u0111\u1ec3 v\u1ec7 sinh b\u1ec1 m\u1eb7t sau khi d\u00f9ng b\u1ed9t kim c\u01b0\u01a1ng th\u00f4ng th\u01b0\u1eddng.<\/li>\n<li>Th\u00edch h\u1ee3p \u0111\u1ec3 \u0111\u00e1nh b\u00f3ng cu\u1ed1i c\u00f9ng c\u00e1c lo\u1ea1i v\u1eadt li\u1ec7u nh\u01b0 kim lo\u1ea1i, khu\u00f4n ch\u00ednh x\u00e1c, sapphire, h\u1ee3p kim nh\u00f4m, g\u1ed1m s\u1ee9 v\u00e0 c\u00e1c v\u1eadt li\u1ec7u kh\u00e1c.<\/li>\n<li>N\u00ean s\u1eed d\u1ee5ng b\u1ed9t kim c\u01b0\u01a1ng c\u00f9ng lo\u1ea1i v\u1edbi lo\u1ea1i \u0111\u00e3 d\u00f9ng tr\u01b0\u1edbc \u0111\u00f3 ho\u1eb7c lo\u1ea1i m\u1ecbn h\u01a1n.<\/li>\n<\/ul>\n<h5><strong><span style=\"color: #ff0000; font-size: 19.2px;\">\u25b2 \u0110\u1eb7t h\u00e0ng s\u1ed1 l\u01b0\u1ee3ng l\u1edbn c\u00f3 th\u1ec3 \u0111\u01b0\u1ee3c h\u01b0\u1edfng chi\u1ebft kh\u1ea5u \u01b0u \u0111\u00e3i, vui l\u00f2ng li\u00ean h\u1ec7 b\u1ed9 ph\u1eadn ch\u0103m s\u00f3c kh\u00e1ch h\u00e0ng \u0111\u1ec3 bi\u1ebft th\u00eam chi ti\u1ebft.<br \/>\n<\/span><\/strong><\/h5>\n<h5><strong><span style=\"color: #ff0000; font-size: 19.2px;\">\u25b2<\/span> Th\u1eddi gian giao h\u00e0ng cho<span style=\"color: #ff0000;\"> c\u00e1c \u0111\u01a1n \u0111\u1eb7t h\u00e0ng<\/span> <span style=\"color: #ff0000; font-size: 19.2px;\">\u1edf \u0110\u00e0i Loan<\/span> <span style=\"color: #ff0000; font-size: 19.2px;\">kho\u1ea3ng t\u1eeb 7-14 ng\u00e0y l\u00e0m vi\u1ec7c.<\/span><\/strong><\/h5>\n<h5><strong><span style=\"color: #ff0000; font-size: 19.2px;\">\u25b2 <\/span><span style=\"color: #ff0000;\">Th\u1eddi gian giao h\u00e0ng cho \u0111\u01a1n h\u00e0ng qu\u1ed1c t\u1ebf kho\u1ea3ng t\u1eeb 7-14 ng\u00e0y, th\u1eddi gian nh\u1eadn h\u00e0ng th\u1ef1c t\u1ebf ph\u1ee5 thu\u1ed9c v\u00e0o t\u00ecnh tr\u1ea1ng v\u1eadn chuy\u1ec3n c\u1ee7a c\u00f4ng ty chuy\u1ec3n ph\u00e1t nhanh.<\/span><\/strong><\/h5>\n","protected":false},"featured_media":85305,"template":"","meta":{"site-sidebar-layout":"default","site-content-layout":"default","ast-site-content-layout":"default","site-content-style":"default","site-sidebar-style":"default","ast-global-header-display":"","ast-banner-title-visibility":"","ast-main-header-display":"","ast-hfb-above-header-display":"","ast-hfb-below-header-display":"","ast-hfb-mobile-header-display":"","site-post-title":"","ast-breadcrumbs-content":"","ast-featured-img":"","footer-sml-layout":"","ast-disable-related-posts":"","theme-transparent-header-meta":"default","adv-header-id-meta":"","stick-header-meta":"default","header-above-stick-meta":"","header-main-stick-meta":"","header-below-stick-meta":"","astra-migrate-meta-layouts":"set","ast-page-background-enabled":"default","ast-page-background-meta":{"desktop":{"background-color":"var(--ast-global-color-5)","background-image":"","background-repeat":"repeat","background-position":"center center","background-size":"auto","background-attachment":"scroll","background-type":"","background-media":"","overlay-type":"","overlay-color":"","overlay-opacity":"","overlay-gradient":""},"tablet":{"background-color":"","background-image":"","background-repeat":"repeat","background-position":"center center","background-size":"auto","background-attachment":"scroll","background-type":"","background-media":"","overlay-type":"","overlay-color":"","overlay-opacity":"","overlay-gradient":""},"mobile":{"background-color":"","background-image":"","background-repeat":"repeat","background-position":"center center","background-size":"auto","background-attachment":"scroll","background-type":"","background-media":"","overlay-type":"","overlay-color":"","overlay-opacity":"","overlay-gradient":""}},"ast-content-background-meta":{"desktop":{"background-color":"var(--ast-global-color-4)","background-image":"","background-repeat":"repeat","background-position":"center center","background-size":"auto","background-attachment":"scroll","background-type":"","background-media":"","overlay-type":"","overlay-color":"","overlay-opacity":"","overlay-gradient":""},"tablet":{"background-color":"var(--ast-global-color-4)","background-image":"","background-repeat":"repeat","background-position":"center center","background-size":"auto","background-attachment":"scroll","background-type":"","background-media":"","overlay-type":"","overlay-color":"","overlay-opacity":"","overlay-gradient":""},"mobile":{"background-color":"var(--ast-global-color-4)","background-image":"","background-repeat":"repeat","background-position":"center center","background-size":"auto","background-attachment":"scroll","background-type":"","background-media":"","overlay-type":"","overlay-color":"","overlay-opacity":"","overlay-gradient":""}}},"product_brand":[],"product_cat":[4305,4367,4700,4698,4368,4424,4307,4426],"product_tag":[4854,4788],"class_list":{"0":"post-85302","1":"product","2":"type-product","3":"status-publish","4":"has-post-thumbnail","6":"product_cat-nguyen-lieu-hoa-hoc","7":"product_cat-vat-lieu-mai-mem","8":"product_cat-chat-long","9":"product_cat-dang-nguyen-lieu","10":"product_cat-dung-dich-mai","11":"product_cat-hinh-thuc-ung-dung","12":"product_cat-oxide","13":"product_cat-vat-lieu-danh-bong","14":"product_tag-aluminum-oxide-vi","15":"product_tag-dung-dich-danh-bong","16":"pa_capacity-1000ml-vi","17":"pa_capacity-500ml-vi","18":"desktop-align-left","19":"tablet-align-left","20":"mobile-align-left","21":"ast-product-gallery-layout-horizontal-slider","22":"ast-product-gallery-with-no-image","23":"ast-product-single-variable","24":"ast-product-tabs-layout-horizontal","26":"first","27":"instock","28":"taxable","29":"shipping-taxable","30":"purchasable","31":"product-type-variable"},"_links":{"self":[{"href":"https:\/\/honwaygroup.com\/vi\/wp-json\/wp\/v2\/product\/85302","targetHints":{"allow":["GET"]}}],"collection":[{"href":"https:\/\/honwaygroup.com\/vi\/wp-json\/wp\/v2\/product"}],"about":[{"href":"https:\/\/honwaygroup.com\/vi\/wp-json\/wp\/v2\/types\/product"}],"version-history":[{"count":0,"href":"https:\/\/honwaygroup.com\/vi\/wp-json\/wp\/v2\/product\/85302\/revisions"}],"wp:featuredmedia":[{"embeddable":true,"href":"https:\/\/honwaygroup.com\/vi\/wp-json\/wp\/v2\/media\/85305"}],"wp:attachment":[{"href":"https:\/\/honwaygroup.com\/vi\/wp-json\/wp\/v2\/media?parent=85302"}],"wp:term":[{"taxonomy":"product_brand","embeddable":true,"href":"https:\/\/honwaygroup.com\/vi\/wp-json\/wp\/v2\/product_brand?post=85302"},{"taxonomy":"product_cat","embeddable":true,"href":"https:\/\/honwaygroup.com\/vi\/wp-json\/wp\/v2\/product_cat?post=85302"},{"taxonomy":"product_tag","embeddable":true,"href":"https:\/\/honwaygroup.com\/vi\/wp-json\/wp\/v2\/product_tag?post=85302"}],"curies":[{"name":"wp","href":"https:\/\/api.w.org\/{rel}","templated":true}]}}