{"id":85297,"date":"2024-07-31T13:47:51","date_gmt":"2024-07-31T05:47:51","guid":{"rendered":"https:\/\/honwaygroup.com\/?post_type=product&#038;p=85297"},"modified":"2025-09-18T10:57:11","modified_gmt":"2025-09-18T02:57:11","slug":"dung-dich-danh-bong-oxit-cerium","status":"publish","type":"product","link":"https:\/\/honwaygroup.com\/vi\/product\/dung-dich-danh-bong-oxit-cerium\/","title":{"rendered":"Dung d\u1ecbch \u0111\u00e1nh b\u00f3ng Oxit Cerium"},"content":{"rendered":"<h1><strong>Dung d\u1ecbch \u0111\u00e1nh b\u00f3ng Oxit Cerium<\/strong><\/h1>\n<ul>\n<li>K\u00edch th\u01b0\u1edbc h\u1ea1t oxit xeri c\u00e0ng l\u1edbn th\u00ec l\u1ef1c nghi\u1ec1n c\u00e0ng l\u1edbn v\u00e0 c\u00e0ng ph\u00f9 h\u1ee3p v\u1edbi c\u00e1c v\u1eadt li\u1ec7u c\u1ee9ng h\u01a1n; trong khi \u1ee9ng d\u1ee5ng tr\u00ean th\u1ee7y tinh c\u00f3 xu h\u01b0\u1edbng s\u1eed d\u1ee5ng ch\u1ea5t l\u1ecfng \u0111\u00e1nh b\u00f3ng m\u1ecbn h\u01a1n.<\/li>\n<li>M\u1ed9t \u0111i\u1ec3m quan tr\u1ecdng c\u1ea7n l\u01b0u \u00fd l\u00e0 t\u1ea5t c\u1ea3 c\u00e1c k\u00edch th\u01b0\u1edbc h\u1ea1t oxit xeri \u0111\u1ec1u c\u00f3 v\u1ea5n \u0111\u1ec1 v\u1ec1 ph\u00e2n b\u1ed1. K\u00edch th\u01b0\u1edbc h\u1ea1t trung b\u00ecnh ho\u1eb7c \u0111\u01b0\u1eddng k\u00ednh trung b\u00ecnh (D50) quy\u1ebft \u0111\u1ecbnh t\u1ed1c \u0111\u1ed9 \u0111\u00e1nh b\u00f3ng, trong khi k\u00edch th\u01b0\u1edbc h\u1ea1t t\u1ed1i \u0111a (Dmax) quy\u1ebft \u0111\u1ecbnh \u0111\u1ed9 ch\u00ednh x\u00e1c c\u1ee7a qu\u00e1 tr\u00ecnh \u0111\u00e1nh b\u00f3ng.<\/li>\n<li>\u0110\u1ec3 \u0111\u1ea1t \u0111\u01b0\u1ee3c y\u00eau c\u1ea7u v\u1ec1 \u0111\u1ed9 ch\u00ednh x\u00e1c cao, k\u00edch th\u01b0\u1edbc h\u1ea1t t\u1ed1i \u0111a c\u1ee7a b\u1ed9t \u0111\u00e1nh b\u00f3ng ph\u1ea3i \u0111\u01b0\u1ee3c ki\u1ec3m so\u00e1t.<\/li>\n<li>C\u00e1c h\u1ea1t ph\u00e2n t\u00e1n t\u1ed1t v\u00e0 kh\u00f4ng d\u1ec5 l\u00e0m tr\u1ea7y x\u01b0\u1edbc b\u1ec1 m\u1eb7t v\u1eadt th\u1ec3. S\u1ea3n ph\u1ea9m c\u00f3 th\u1ec3 \u0111\u00e1nh b\u00f3ng k\u00ednh quang h\u1ecdc, k\u00ednh \u0111i\u1ec7n tho\u1ea1i di \u0111\u1ed9ng, v.v.<\/li>\n<\/ul>\n<h2>\u0110\u1eb7c tr\u01b0ng:<strong>\u3000\u3000\u3000\u3000\u3000\u3000\u3000\u3000\u3000\u3000\u3000\u3000\u3000<\/strong><\/h2>\n<ul>\n<li>N\u00f3 c\u00f3 \u0111\u1ed9 c\u1ee9ng v\u1eeba ph\u1ea3i v\u00e0 kh\u00f4ng l\u00e0m x\u01b0\u1edbc b\u1ec1 m\u1eb7t c\u1ee7a v\u1eadt th\u1ec3 \u0111\u01b0\u1ee3c \u0111\u00e1nh b\u00f3ng.<\/li>\n<li>N\u00f3 c\u00f3 hi\u1ec7u su\u1ea5t treo t\u1ed1t v\u00e0 kh\u00f4ng d\u1ec5 b\u1ecb l\u00fan.<\/li>\n<\/ul>\n<h2>Ph\u1ea1m vi \u1ee9ng d\u1ee5ng:<strong style=\"font-size: 1.3em;\">\u3000\u3000\u3000\u3000\u3000\u3000\u3000\u3000\u3000\u3000\u3000\u3000<\/strong><\/h2>\n<ul>\n<li>Thi\u1ebft b\u1ecb quang h\u1ecdc ch\u00ednh x\u00e1c, <a href=\"https:\/\/www.digitimes.com.tw\/tech\/dt\/n\/shwnws.asp?id=0000224454_2d43rg4f6gx9na35kvdvr\" rel=\"nofollow noopener\" target=\"_blank\">\u0111\u1ebf \u1ed5 c\u1ee9ng, m\u00e0n h\u00ecnh LCD<\/a>, v.v., \u0111\u00e1nh b\u00f3ng k\u00ednh quang h\u1ecdc c\u00f3 \u0111\u1ed9 ch\u00ednh x\u00e1c cao.<\/li>\n<li>\u0110\u00e1nh b\u00f3ng ch\u00ednh x\u00e1c c\u00e1c th\u1ea5u k\u00ednh quang h\u1ecdc, <a href=\"https:\/\/zh.wikipedia.org\/wiki\/%E5%85%89%E7%BA%96%E6%8E%A5%E9%A0%AD\" rel=\"nofollow noopener\" target=\"_blank\">\u0111\u1ea7u n\u1ed1i s\u1ee3i quang<\/a>, ch\u1ea5t n\u1ec1n g\u1ed1m th\u1ee7y tinh, b\u1ec1 m\u1eb7t tinh th\u1ec3, v.v.<\/li>\n<\/ul>\n<h4><strong> <\/strong><\/h4>\n<h2>Thong s\u1ed1 k\u1ef9 thu\u1eadt s\u1ea3n ph\u1ea9m:<\/h2>\n<table>\n<tbody>\n<tr>\n<td rowspan=\"2\"><span style=\"font-weight: 400;\">Model<\/span><\/td>\n<td rowspan=\"2\"><span style=\"font-weight: 400;\">T\u00ecnh tr\u1ea1ng s\u1ea3n ph\u1ea9m<\/span><\/td>\n<td rowspan=\"2\"><span style=\"font-weight: 400;\">K\u00edch th\u01b0\u1edbc h\u1ea1t (\u00b5m)<\/span><\/td>\n<td colspan=\"5\"><span style=\"font-weight: 400;\">\u1ee8ng d\u1ee5ng<\/span><\/td>\n<\/tr>\n<tr>\n<td><span style=\"font-weight: 400;\">K\u00ednh xanh th\u00f4ng th\u01b0\u1eddng<\/span><\/td>\n<td><span style=\"font-weight: 400;\">K\u00ednh quang h\u1ecdc tr\u1eafng<\/span><\/td>\n<td><span style=\"font-weight: 400;\">K\u00ednh t\u1ea5m<\/span><\/td>\n<td><span style=\"font-weight: 400;\">Linh ki\u1ec7n quang h\u1ecdc<\/span><\/td>\n<td><span style=\"font-weight: 400;\">K\u00ednh xanh<\/span><\/td>\n<\/tr>\n<tr>\n<td><span style=\"font-weight: 400;\">RA-10<\/span><\/td>\n<td><span style=\"font-weight: 400;\">ch\u1ea5t l\u1ecfng m\u00e0u tr\u1eafng<\/span><\/td>\n<td><span style=\"font-weight: 400;\">D50\/0.8<\/span><\/td>\n<td><\/td>\n<td><\/td>\n<td><span style=\"font-weight: 400;\">\u25cf<\/span><\/td>\n<td><span style=\"font-weight: 400;\">\u25cf<\/span><\/td>\n<td><\/td>\n<\/tr>\n<tr>\n<td><span style=\"font-weight: 400;\">RA-08<\/span><\/td>\n<td><span style=\"font-weight: 400;\">ch\u1ea5t l\u1ecfng m\u00e0u tr\u1eafng<\/span><\/td>\n<td><span style=\"font-weight: 400;\">D50\/1.0<\/span><\/td>\n<td><\/td>\n<td><span style=\"font-weight: 400;\">\u25cf<\/span><\/td>\n<td><span style=\"font-weight: 400;\">\u25cf<\/span><\/td>\n<td><span style=\"font-weight: 400;\">\u25cf<\/span><\/td>\n<td><\/td>\n<\/tr>\n<tr>\n<td><span style=\"font-weight: 400;\">RA-01<\/span><\/td>\n<td><span style=\"font-weight: 400;\">ch\u1ea5t l\u1ecfng m\u00e0u tr\u1eafng<\/span><\/td>\n<td><span style=\"font-weight: 400;\">D50\/1.5<\/span><\/td>\n<td><span style=\"font-weight: 400;\">\u25cf<\/span><\/td>\n<td><span style=\"font-weight: 400;\">\u25cf<\/span><\/td>\n<td><span style=\"font-weight: 400;\">\u25cf<\/span><\/td>\n<td><\/td>\n<td><\/td>\n<\/tr>\n<tr>\n<td><span style=\"font-weight: 400;\">RA-12<\/span><\/td>\n<td><span style=\"font-weight: 400;\">ch\u1ea5t l\u1ecfng m\u00e0u tr\u1eafng<\/span><\/td>\n<td><span style=\"font-weight: 400;\">D50\/2.0<\/span><\/td>\n<td><span style=\"font-weight: 400;\">\u25cf<\/span><\/td>\n<td><\/td>\n<td><\/td>\n<td><\/td>\n<td><\/td>\n<\/tr>\n<tr>\n<td><span style=\"font-weight: 400;\">HAT-1205<\/span><\/td>\n<td><span style=\"font-weight: 400;\">Ch\u1ea5t l\u1ecfng m\u00e0u \u0111\u1ecf<\/span><\/td>\n<td><span style=\"font-weight: 400;\">D50\/1.2<\/span><\/td>\n<td><\/td>\n<td><\/td>\n<td><\/td>\n<td><span style=\"font-weight: 400;\">\u25cf<\/span><\/td>\n<td><span style=\"font-weight: 400;\">\u25cf<\/span><\/td>\n<\/tr>\n<tr>\n<td><span style=\"font-weight: 400;\">HAT-1805<\/span><\/td>\n<td><span style=\"font-weight: 400;\">Ch\u1ea5t l\u1ecfng m\u00e0u \u0111\u1ecf<\/span><\/td>\n<td><span style=\"font-weight: 400;\">D50\/1.8<\/span><\/td>\n<td><span style=\"font-weight: 400;\">\u25cf<\/span><\/td>\n<td><span style=\"font-weight: 400;\">\u25cf<\/span><\/td>\n<td><\/td>\n<td><\/td>\n<td><\/td>\n<\/tr>\n<tr>\n<td><span style=\"font-weight: 400;\">RGB-1935<\/span><\/td>\n<td><span style=\"font-weight: 400;\">ch\u1ea5t l\u1ecfng \u0111\u00e1nh b\u00f3ng<\/span><\/td>\n<td><span style=\"font-weight: 400;\">D50\/0.5<\/span><\/td>\n<td><\/td>\n<td><\/td>\n<td><\/td>\n<td><span style=\"font-weight: 400;\">\u25cf<\/span><\/td>\n<td><span style=\"font-weight: 400;\">\u25cf<\/span><\/td>\n<\/tr>\n<tr>\n<td><span style=\"font-weight: 400;\">RGB-1938<\/span><\/td>\n<td><span style=\"font-weight: 400;\">ch\u1ea5t l\u1ecfng \u0111\u00e1nh b\u00f3ng<\/span><\/td>\n<td><span style=\"font-weight: 400;\">D50\/0.8<\/span><\/td>\n<td><\/td>\n<td><\/td>\n<td><\/td>\n<td><span style=\"font-weight: 400;\">\u25cf<\/span><\/td>\n<td><span style=\"font-weight: 400;\">\u25cf<\/span><\/td>\n<\/tr>\n<\/tbody>\n<\/table>\n<div class=\"mceTemp\">\n<p>Dung d\u1ecbch \u0111\u00e1nh b\u00f3ng Oxit Cerium<strong>N\u1ebfu b\u1ea1n c\u00f3 th\u00f4ng s\u1ed1 k\u1ef9 thu\u1eadt \u0111\u1eb7c bi\u1ec7t ho\u1eb7c c\u1ea7n t\u00f9y ch\u1ec9nh, <a href=\"tel:+886-7-2231058\">vui l\u00f2ng g\u1ecdi \u0111i\u1ec7n<\/a> ho\u1eb7c g\u1eedi <a href=\"mailto:service@honwaygroup.com\">email cho ch\u00fang t\u00f4i<\/a>. Xin c\u1ea3m \u01a1n.<\/strong><\/p>\n<\/div>\n<h2>Ghi ch\u00fa:<\/h2>\n<h3><b>Ghi ch\u00fa chung:<\/b><\/h3>\n<ul>\n<li style=\"font-weight: 400;\" aria-level=\"1\"><b>\u0110\u1ecdc k\u1ef9 B\u1ea3ng d\u1eef li\u1ec7u an to\u00e0n (SDS)<\/b>: <span style=\"font-weight: 400;\">Tr\u01b0\u1edbc khi s\u1eed d\u1ee5ng oxit xeri, h\u00e3y \u0111\u1ea3m b\u1ea3o \u0111\u1ecdc k\u1ef9 b\u1ea3ng d\u1eef li\u1ec7u an to\u00e0n do nh\u00e0 cung c\u1ea5p cung c\u1ea5p \u0111\u1ec3 hi\u1ec3u c\u00e1c m\u1ed1i nguy hi\u1ec3m ti\u1ec1m \u1ea9n, c\u00e1c bi\u1ec7n ph\u00e1p x\u1eed l\u00fd an to\u00e0n v\u00e0 ph\u01b0\u01a1ng ph\u00e1p x\u1eed l\u00fd kh\u1ea9n c\u1ea5p.<\/span><\/li>\n<li style=\"font-weight: 400;\" aria-level=\"1\"><b>Tr\u00e1nh h\u00edt ph\u1ea3i b\u1ee5i<\/b>:<span style=\"font-weight: 400;\"> Xeri oxit c\u00f3 th\u1ec3 t\u1ed3n t\u1ea1i \u1edf d\u1ea1ng b\u1ed9t, v\u00e0 vi\u1ec7c h\u00edt ph\u1ea3i b\u1ee5i c\u00f3 th\u1ec3 g\u00e2y k\u00edch \u1ee9ng \u0111\u01b0\u1eddng h\u00f4 h\u1ea5p. \u0110\u1ea3m b\u1ea3o th\u00f4ng gi\u00f3 t\u1ed1t khi x\u1eed l\u00fd ho\u1eb7c \u0111eo thi\u1ebft b\u1ecb b\u1ea3o v\u1ec7 h\u00f4 h\u1ea5p ph\u00f9 h\u1ee3p (nh\u01b0 kh\u1ea9u trang)<\/span>.<\/li>\n<li style=\"font-weight: 400;\" aria-level=\"1\"><b>Tr\u00e1nh ti\u1ebfp x\u00fac v\u1edbi da v\u00e0 m\u1eaft: <\/b><span style=\"font-weight: 400;\">Xeri oxit c\u00f3 th\u1ec3 g\u00e2y k\u00edch \u1ee9ng da v\u00e0 m\u1eaft. \u0110eo g\u0103ng tay v\u00e0 k\u00ednh b\u1ea3o h\u1ed9 khi x\u1eed l\u00fd. N\u1ebfu v\u00f4 t\u00ecnh ti\u1ebfp x\u00fac, h\u00e3y r\u1eeda ngay b\u1eb1ng nhi\u1ec1u n\u01b0\u1edbc.<\/span><\/li>\n<li style=\"font-weight: 400;\" aria-level=\"1\"><b>V\u1ec7 sinh k\u1ef9 l\u01b0\u1ee1ng sau khi x\u1eed l\u00fd:<\/b> <span style=\"font-weight: 400;\">Sau khi x\u1eed l\u00fd oxit xeri, h\u00e3y lu\u00f4n r\u1eeda tay v\u00e0 r\u1eeda k\u1ef9 b\u1ea5t k\u1ef3 qu\u1ea7n \u00e1o n\u00e0o c\u00f3 th\u1ec3 ti\u1ebfp x\u00fac.<\/span><\/li>\n<li style=\"font-weight: 400;\" aria-level=\"1\"><b>C\u1ea5m \u0103n u\u1ed1ng v\u00e0 h\u00fat thu\u1ed1c t\u1ea1i n\u01a1i l\u00e0m vi\u1ec7c: <\/b><span style=\"font-weight: 400;\">Tr\u00e1nh \u0103n u\u1ed1ng v\u00e0 h\u00fat thu\u1ed1c \u1edf nh\u1eefng khu v\u1ef1c x\u1eed l\u00fd oxit xeri \u0111\u1ec3 tr\u00e1nh nu\u1ed1t ph\u1ea3i ho\u1eb7c h\u00edt ph\u1ea3i.<\/span><\/li>\n<li style=\"font-weight: 400;\" aria-level=\"1\"><b>Ch\u1ec9 s\u1eed d\u1ee5ng trong ph\u00f2ng th\u00ed nghi\u1ec7m ho\u1eb7c c\u00f4ng nghi\u1ec7p: <\/b><span style=\"font-weight: 400;\">N\u1ebfu l\u00e0 oxit xeri c\u1ea5p d\u01b0\u1ee3c ph\u1ea9m, kh\u00f4ng \u0111\u01b0\u1ee3c \u0103n v\u00e0 ch\u1ec9 s\u1eed d\u1ee5ng trong ph\u00f2ng th\u00ed nghi\u1ec7m ho\u1eb7c c\u00f4ng nghi\u1ec7p.<\/span><\/li>\n<li style=\"font-weight: 400;\" aria-level=\"1\"><b>L\u01b0u \u00fd khi b\u1ea3o qu\u1ea3n: <\/b><span style=\"font-weight: 400;\">B\u1ea3o qu\u1ea3n xeri oxit \u1edf n\u01a1i kh\u00f4 r\u00e1o, tho\u00e1ng m\u00e1t, trong h\u1ed9p k\u00edn \u0111\u1ec3 tr\u00e1nh h\u1ea5p th\u1ee5 \u0111\u1ed9 \u1ea9m, k\u1ebft t\u1ee5 ho\u1eb7c nhi\u1ec5m b\u1ea9n b\u1edfi t\u1ea1p ch\u1ea5t. Tr\u00e1nh b\u1ea3o qu\u1ea3n chung v\u1edbi c\u00e1c ch\u1ea5t kh\u00f4ng t\u01b0\u01a1ng th\u00edch.<\/span><\/li>\n<li style=\"font-weight: 400;\" aria-level=\"1\"><b>X\u1eed l\u00fd ch\u1ea5t th\u1ea3i:<\/b> <span style=\"font-weight: 400;\">X\u1eed l\u00fd ch\u1ea5t th\u1ea3i oxit xeri theo quy \u0111\u1ecbnh c\u1ee7a \u0111\u1ecba ph\u01b0\u01a1ng.<\/span><\/li>\n<\/ul>\n<h3><b>Ghi ch\u00fa cho c\u00e1c \u1ee9ng d\u1ee5ng c\u1ee5 th\u1ec3 (l\u1ea5y \u0111\u00e1nh b\u00f3ng l\u00e0m v\u00ed d\u1ee5):<\/b><\/h3>\n<ul>\n<li style=\"font-weight: 400;\" aria-level=\"1\"><b>Ch\u1ecdn k\u00edch th\u01b0\u1edbc h\u1ea1t ph\u00f9 h\u1ee3p: <\/b><span style=\"font-weight: 400;\">Ch\u1ecdn k\u00edch th\u01b0\u1edbc h\u1ea1t b\u1ed9t \u0111\u00e1nh b\u00f3ng oxit xeri ph\u00f9 h\u1ee3p d\u1ef1a tr\u00ean \u0111\u1ed9 c\u1ee9ng c\u1ee7a v\u1eadt li\u1ec7u \u0111\u00e1nh b\u00f3ng v\u00e0 \u0111\u1ed9 ch\u00ednh x\u00e1c c\u1ea7n thi\u1ebft \u0111\u1ec3 \u0111\u00e1nh b\u00f3ng. K\u00edch th\u01b0\u1edbc h\u1ea1t l\u1edbn h\u01a1n cung c\u1ea5p l\u1ef1c m\u00e0i m\u1ea1nh h\u01a1n v\u00e0 ph\u00f9 h\u1ee3p v\u1edbi v\u1eadt li\u1ec7u c\u1ee9ng h\u01a1n ho\u1eb7c \u0111\u00e1nh b\u00f3ng th\u00f4; k\u00edch th\u01b0\u1edbc h\u1ea1t m\u1ecbn h\u01a1n ph\u00f9 h\u1ee3p \u0111\u1ec3 \u0111\u00e1nh b\u00f3ng tinh x\u1ea3o h\u01a1n \u0111\u1ec3 \u0111\u1ea1t \u0111\u01b0\u1ee3c \u0111\u1ed9 ho\u00e0n thi\u1ec7n cao h\u01a1n.<\/span><\/li>\n<li style=\"font-weight: 400;\" aria-level=\"1\"><b>Ki\u1ec3m tra tr\u01b0\u1edbc khi s\u1eed d\u1ee5ng: <\/b><span style=\"font-weight: 400;\">\u0110\u1ea3m b\u1ea3o b\u1ed9t \u0111\u00e1nh b\u00f3ng kh\u00f4 v\u00e0 kh\u00f4ng b\u1ecb nhi\u1ec5m b\u1ea9n \u0111\u1ec3 tr\u00e1nh \u1ea3nh h\u01b0\u1edfng \u0111\u1ebfn ch\u1ea5t l\u01b0\u1ee3ng \u0111\u00e1nh b\u00f3ng ho\u1eb7c l\u00e0m x\u01b0\u1edbc ph\u00f4i.<\/span><\/li>\n<li style=\"font-weight: 400;\" aria-level=\"1\"><b>\u0110\u00e1nh b\u00f3ng b\u1ec1 m\u1eb7t:<\/b> <span style=\"font-weight: 400;\">Khi \u0111\u00e1nh b\u00f3ng, gi\u1eef cho b\u1ec1 m\u1eb7t ph\u1eb3ng v\u00e0 tr\u00e1nh s\u1eed d\u1ee5ng m\u1eb7t b\u00ean \u0111\u1ec3 \u0111\u1ea3m b\u1ea3o \u0111\u00e1nh b\u00f3ng \u0111\u1ed3ng \u0111\u1ec1u.<\/span><\/li>\n<li style=\"font-weight: 400;\" aria-level=\"1\"><b>Gi\u1eef \u1ea9m<\/b>: <span style=\"font-weight: 400;\">Trong qu\u00e1 tr\u00ecnh \u0111\u00e1nh b\u00f3ng, c\u1ea7n ph\u1ea3i li\u00ean t\u1ee5c th\u00eam n\u01b0\u1edbc ho\u1eb7c dung d\u1ecbch \u0111\u00e1nh b\u00f3ng oxit xeri \u0111\u1ec3 tr\u00e1nh qu\u00e1 nhi\u1ec7t v\u00e0 t\u1ea1o ra qu\u00e1 nhi\u1ec1u b\u1ee5i, \u0111\u1ed3ng th\u1eddi gi\u00fap b\u1ed9t \u0111\u00e1nh b\u00f3ng l\u01a1 l\u1eedng.<\/span><\/li>\n<li style=\"font-weight: 400;\" aria-level=\"1\"><b>Tr\u00e1nh \u0111\u00e1nh b\u00f3ng qu\u00e1 m\u1ee9c \u1edf c\u00f9ng m\u1ed9t ch\u1ed7:<\/b><span style=\"font-weight: 400;\"> \u0110\u00e1nh b\u00f3ng \u1edf c\u00f9ng m\u1ed9t ch\u1ed7 trong th\u1eddi gian d\u00e0i ho\u1eb7c v\u1edbi l\u1ef1c qu\u00e1 m\u1ea1nh c\u00f3 th\u1ec3 g\u00e2y ra hi\u1ec7n t\u01b0\u1ee3ng qu\u00e1 nhi\u1ec7t c\u1ee5c b\u1ed9 ho\u1eb7c kh\u00f4ng \u0111\u1ec1u.<\/span><\/li>\n<li style=\"font-weight: 400;\" aria-level=\"1\"><b>V\u1ec7 sinh sau khi \u0111\u00e1nh b\u00f3ng:<\/b> <span style=\"font-weight: 400;\">Ph\u00f4i c\u1ea7n \u0111\u01b0\u1ee3c v\u1ec7 sinh ngay sau khi \u0111\u00e1nh b\u00f3ng \u0111\u1ec3 lo\u1ea1i b\u1ecf b\u1ed9t \u0111\u00e1nh b\u00f3ng c\u00f2n s\u00f3t l\u1ea1i v\u00e0 tr\u00e1nh nhi\u1ec5m b\u1ea9n ho\u1eb7c tr\u1ea7y x\u01b0\u1edbc tr\u1edf l\u1ea1i.<\/span><\/li>\n<li style=\"font-weight: 400;\" aria-level=\"1\"><b>Ch\u1ecdn mi\u1ebfng \u0111\u00e1nh b\u00f3ng ph\u00f9 h\u1ee3p: <\/b><span style=\"font-weight: 400;\">Ch\u1ecdn mi\u1ebfng \u0111\u00e1nh b\u00f3ng c\u00f3 ch\u1ea5t li\u1ec7u v\u00e0 \u0111\u1ed9 c\u1ee9ng ph\u00f9 h\u1ee3p v\u1edbi nhu c\u1ea7u \u0111\u00e1nh b\u00f3ng c\u1ee7a b\u1ea1n \u0111\u1ec3 \u0111\u1ea1t \u0111\u01b0\u1ee3c k\u1ebft qu\u1ea3 t\u1ed1t nh\u1ea5t. Mi\u1ebfng \u0111\u00e1nh b\u00f3ng b\u1eb1ng len c\u1ee9ng h\u01a1n ph\u00f9 h\u1ee3p v\u1edbi l\u1ef1c m\u00e0i m\u00f2n m\u1ea1nh h\u01a1n, trong khi mi\u1ebfng \u0111\u00e1nh b\u00f3ng b\u1eb1ng len m\u1ec1m h\u01a1n ph\u00f9 h\u1ee3p v\u1edbi l\u1ef1c \u0111\u00e1nh b\u00f3ng tinh t\u1ebf.<\/span><\/li>\n<li style=\"font-weight: 400;\" aria-level=\"1\"><b>S\u1eed d\u1ee5ng d\u1ee5ng c\u1ee5 \u0111i\u1ec7n: <\/b><span style=\"font-weight: 400;\">N\u1ebfu s\u1eed d\u1ee5ng d\u1ee5ng c\u1ee5 \u0111i\u1ec7n \u0111\u1ec3 \u0111\u00e1nh b\u00f3ng, t\u1ed1c \u0111\u1ed9 v\u00e0 \u00e1p su\u1ea5t n\u00ean \u0111\u01b0\u1ee3c \u0111i\u1ec1u ch\u1ec9nh theo y\u00eau c\u1ea7u c\u1ee7a d\u1ee5ng c\u1ee5 v\u00e0 v\u1eadt li\u1ec7u gia c\u00f4ng. \u0110\u1ec3 lo\u1ea1i b\u1ecf v\u1ebft x\u01b0\u1edbc tr\u00ean k\u00ednh, n\u00ean \u0111\u00e1nh b\u00f3ng \u1edf t\u1ed1c \u0111\u1ed9 th\u1ea5p.<\/span><\/li>\n<li style=\"font-weight: 400;\" aria-level=\"1\"><b>V\u1ebft x\u01b0\u1edbc l\u1edbn<\/b>: <span style=\"font-weight: 400;\">\u0110\u1ed1i v\u1edbi c\u00e1c v\u1ebft x\u01b0\u1edbc l\u1edbn ho\u1eb7c s\u00e2u, ch\u00fang t\u00f4i khuy\u00ean b\u1ea1n n\u00ean trao \u0111\u1ed5i v\u1edbi ch\u00fang t\u00f4i ho\u1eb7c th\u1eed c\u00e1c s\u1ea3n ph\u1ea9m \u0111\u00e1nh b\u00f3ng kh\u00e1c (nh\u01b0 nano kim c\u01b0\u01a1ng, v.v.).<\/span><\/li>\n<\/ul>\n<p>Mu\u1ed1n bi\u1ebft th\u00eam chi ti\u1ebft &gt;&gt;&gt; <a href=\"https:\/\/honwaygroup.com\/%e6%b0%a7%e5%8c%96%e9%88%b0%e6%8b%8b%e5%85%89%e6%b6%b2\/\">[H\u01b0\u1edbng d\u1eabn \u0111\u1ea7y \u0111\u1ee7] B\u1ed9t \u0111\u00e1nh b\u00f3ng\/Ch\u1ea5t l\u1ecfng \u0111\u00e1nh b\u00f3ng Cerium Oxide: \u0110\u1eb7c \u0111i\u1ec3m, \u1ee8ng d\u1ee5ng v\u00e0 M\u1eb9o l\u1ef1a ch\u1ecdn<\/a><\/p>\n<p><span style=\"font-weight: 400;\">C\u00f3 b\u1ea5t k\u1ef3 th\u1eafc m\u1eafc n\u00e0o kh\u00f4ng? <\/span><a href=\"https:\/\/honwaygroup.com\/vi\/lien-he-voi-honway\/\"><span style=\"font-weight: 400;\"> <\/span><span style=\"font-weight: 400;\">Li\u00ean h\u1ec7 v\u1edbi HonWay<\/span><\/a><\/p>\n","protected":false},"excerpt":{"rendered":"<p>Oxit xeri c\u00f3 \u0111\u1eb7c t\u00ednh tuy\u1ec7t v\u1eddi \u0111\u1ed1i v\u1edbi th\u1ee7y tinh silica, tinh th\u1ec3, v.v. Vi\u1ec7c ph\u00e2n lo\u1ea1i ch\u1ea5t l\u1ecfng \u0111\u00e1nh b\u00f3ng oxit xeri ch\u1ee7 y\u1ebfu d\u1ef1a tr\u00ean h\u00e0m l\u01b0\u1ee3ng oxit xeri v\u00e0 k\u00edch th\u01b0\u1edbc h\u1ea1t b\u1ed9t.<\/p>\n<p>B\u1ed9t \u0111\u00e1nh b\u00f3ng oxit xeri c\u00f3 t\u00ednh ch\u1ea5t h\u00f3a h\u1ecdc v\u00e0 v\u1eadt l\u00fd tuy\u1ec7t v\u1eddi n\u00ean \u0111\u01b0\u1ee3c s\u1eed d\u1ee5ng r\u1ed9ng r\u00e3i trong vi\u1ec7c \u0111\u00e1nh b\u00f3ng c\u00e1c s\u1ea3n ph\u1ea9m c\u00f4ng nghi\u1ec7p.<\/p>\n<p>(1) C\u00e1c lo\u1ea1i k\u00ednh quang h\u1ecdc<\/p>\n<p>(2) Tivi LCD<\/p>\n<p>(3) Th\u1ea5u k\u00ednh quang h\u1ecdc<\/p>\n<p>(4) M\u00e1y hi\u1ec7n s\u00f3ng<\/p>\n<p>(5) S\u1ea3n ph\u1ea9m li\u00ean quan \u0111\u1ebfn \u0111i\u1ec7n tho\u1ea1i di \u0111\u1ed9ng v\u00e0 m\u00e1y t\u00ednh b\u1ea3ng<\/p>\n<p>(6) \u0110\u00e1nh b\u00f3ng c\u00e1c t\u1ea5m b\u00e1n d\u1eabn v\u00e0 c\u00e1c s\u1ea3n ph\u1ea9m kim lo\u1ea1i ch\u00ednh x\u00e1c, v.v.<\/p>\n<h5><strong><span style=\"color: #ff0000; font-size: 19.2px;\">\u25b2 \u0110\u1eb7t h\u00e0ng s\u1ed1 l\u01b0\u1ee3ng l\u1edbn c\u00f3 th\u1ec3 \u0111\u01b0\u1ee3c h\u01b0\u1edfng chi\u1ebft kh\u1ea5u \u01b0u \u0111\u00e3i, vui l\u00f2ng li\u00ean h\u1ec7 b\u1ed9 ph\u1eadn ch\u0103m s\u00f3c kh\u00e1ch h\u00e0ng \u0111\u1ec3 bi\u1ebft th\u00eam chi ti\u1ebft.<br \/>\n<\/span><\/strong><\/h5>\n<h5><strong><span style=\"color: #ff0000; font-size: 19.2px;\">\u25b2<\/span> Th\u1eddi gian giao h\u00e0ng cho<span style=\"color: #ff0000;\"> c\u00e1c \u0111\u01a1n \u0111\u1eb7t h\u00e0ng<\/span> <span style=\"color: #ff0000; font-size: 19.2px;\">\u1edf \u0110\u00e0i Loan<\/span> <span style=\"color: #ff0000; font-size: 19.2px;\">kho\u1ea3ng t\u1eeb 7-14 ng\u00e0y l\u00e0m vi\u1ec7c.<\/span><\/strong><\/h5>\n<h5><strong><span style=\"color: #ff0000; font-size: 19.2px;\">\u25b2 <\/span><span style=\"color: #ff0000;\">Th\u1eddi gian giao h\u00e0ng cho \u0111\u01a1n h\u00e0ng qu\u1ed1c t\u1ebf kho\u1ea3ng t\u1eeb 7-14 ng\u00e0y, th\u1eddi gian nh\u1eadn h\u00e0ng th\u1ef1c t\u1ebf ph\u1ee5 thu\u1ed9c v\u00e0o t\u00ecnh tr\u1ea1ng v\u1eadn chuy\u1ec3n c\u1ee7a c\u00f4ng ty chuy\u1ec3n ph\u00e1t nhanh.<\/span><\/strong><\/h5>\n<p>&nbsp;<\/p>\n","protected":false},"featured_media":85298,"template":"","meta":{"site-sidebar-layout":"default","site-content-layout":"default","ast-site-content-layout":"default","site-content-style":"default","site-sidebar-style":"default","ast-global-header-display":"","ast-banner-title-visibility":"","ast-main-header-display":"","ast-hfb-above-header-display":"","ast-hfb-below-header-display":"","ast-hfb-mobile-header-display":"","site-post-title":"","ast-breadcrumbs-content":"","ast-featured-img":"","footer-sml-layout":"","ast-disable-related-posts":"","theme-transparent-header-meta":"default","adv-header-id-meta":"","stick-header-meta":"default","header-above-stick-meta":"","header-main-stick-meta":"","header-below-stick-meta":"","astra-migrate-meta-layouts":"set","ast-page-background-enabled":"default","ast-page-background-meta":{"desktop":{"background-color":"var(--ast-global-color-5)","background-image":"","background-repeat":"repeat","background-position":"center center","background-size":"auto","background-attachment":"scroll","background-type":"","background-media":"","overlay-type":"","overlay-color":"","overlay-opacity":"","overlay-gradient":""},"tablet":{"background-color":"","background-image":"","background-repeat":"repeat","background-position":"center center","background-size":"auto","background-attachment":"scroll","background-type":"","background-media":"","overlay-type":"","overlay-color":"","overlay-opacity":"","overlay-gradient":""},"mobile":{"background-color":"","background-image":"","background-repeat":"repeat","background-position":"center center","background-size":"auto","background-attachment":"scroll","background-type":"","background-media":"","overlay-type":"","overlay-color":"","overlay-opacity":"","overlay-gradient":""}},"ast-content-background-meta":{"desktop":{"background-color":"var(--ast-global-color-4)","background-image":"","background-repeat":"repeat","background-position":"center center","background-size":"auto","background-attachment":"scroll","background-type":"","background-media":"","overlay-type":"","overlay-color":"","overlay-opacity":"","overlay-gradient":""},"tablet":{"background-color":"var(--ast-global-color-4)","background-image":"","background-repeat":"repeat","background-position":"center center","background-size":"auto","background-attachment":"scroll","background-type":"","background-media":"","overlay-type":"","overlay-color":"","overlay-opacity":"","overlay-gradient":""},"mobile":{"background-color":"var(--ast-global-color-4)","background-image":"","background-repeat":"repeat","background-position":"center center","background-size":"auto","background-attachment":"scroll","background-type":"","background-media":"","overlay-type":"","overlay-color":"","overlay-opacity":"","overlay-gradient":""}}},"product_brand":[],"product_cat":[4350,4367,4357,4700,4698,4368,4383,4305,4695,4307,4426,4421],"product_tag":[4858,4788,4921],"class_list":{"0":"post-85297","1":"product","2":"type-product","3":"status-publish","4":"has-post-thumbnail","6":"product_cat-nguyen-lieu-dat-hiem","7":"product_cat-vat-lieu-mai-mem","8":"product_cat-cerium-vi","9":"product_cat-chat-long","10":"product_cat-dang-nguyen-lieu","11":"product_cat-dung-dich-mai","12":"product_cat-dung-dich-kem-bot-danh-bong","13":"product_cat-nguyen-lieu-hoa-hoc","14":"product_cat-nguyen-lieu-tong-hop","15":"product_cat-oxide","16":"product_cat-vat-lieu-danh-bong","17":"product_cat-vat-tu-tieu-hao-kim-loai","18":"product_tag-cerium-oxide-vi","19":"product_tag-dung-dich-danh-bong","20":"product_tag-dung","21":"pa_capacity-1000ml-vi","22":"pa_capacity-500ml-vi","23":"desktop-align-left","24":"tablet-align-left","25":"mobile-align-left","26":"ast-product-gallery-layout-horizontal-slider","27":"ast-product-gallery-with-no-image","28":"ast-product-single-variable","29":"ast-product-tabs-layout-horizontal","31":"first","32":"instock","33":"taxable","34":"shipping-taxable","35":"purchasable","36":"product-type-variable"},"_links":{"self":[{"href":"https:\/\/honwaygroup.com\/vi\/wp-json\/wp\/v2\/product\/85297","targetHints":{"allow":["GET"]}}],"collection":[{"href":"https:\/\/honwaygroup.com\/vi\/wp-json\/wp\/v2\/product"}],"about":[{"href":"https:\/\/honwaygroup.com\/vi\/wp-json\/wp\/v2\/types\/product"}],"version-history":[{"count":0,"href":"https:\/\/honwaygroup.com\/vi\/wp-json\/wp\/v2\/product\/85297\/revisions"}],"wp:featuredmedia":[{"embeddable":true,"href":"https:\/\/honwaygroup.com\/vi\/wp-json\/wp\/v2\/media\/85298"}],"wp:attachment":[{"href":"https:\/\/honwaygroup.com\/vi\/wp-json\/wp\/v2\/media?parent=85297"}],"wp:term":[{"taxonomy":"product_brand","embeddable":true,"href":"https:\/\/honwaygroup.com\/vi\/wp-json\/wp\/v2\/product_brand?post=85297"},{"taxonomy":"product_cat","embeddable":true,"href":"https:\/\/honwaygroup.com\/vi\/wp-json\/wp\/v2\/product_cat?post=85297"},{"taxonomy":"product_tag","embeddable":true,"href":"https:\/\/honwaygroup.com\/vi\/wp-json\/wp\/v2\/product_tag?post=85297"}],"curies":[{"name":"wp","href":"https:\/\/api.w.org\/{rel}","templated":true}]}}