{"id":85266,"date":"2013-11-19T19:54:18","date_gmt":"2013-11-19T11:54:18","guid":{"rendered":"https:\/\/honwaygroup.com\/product\/lanthanum-fluoride-99-90\/"},"modified":"2025-04-20T18:13:25","modified_gmt":"2025-04-20T10:13:25","slug":"lanthanum-fluoride-99-90","status":"publish","type":"product","link":"https:\/\/honwaygroup.com\/vi\/product\/lanthanum-fluoride-99-90\/","title":{"rendered":"Lanthanum Fluoride 99.90%"},"content":{"rendered":"\t\t<div data-elementor-type=\"wp-post\" data-elementor-id=\"85266\" class=\"elementor elementor-85266 elementor-31990\" data-elementor-post-type=\"product\">\n\t\t\t\t\t\t<section class=\"elementor-section elementor-top-section elementor-element elementor-element-db307ed elementor-section-height-min-height elementor-section-content-middle elementor-section-boxed elementor-section-height-default elementor-section-items-middle\" data-id=\"db307ed\" data-element_type=\"section\" data-e-type=\"section\" data-settings=\"{&quot;background_background&quot;:&quot;classic&quot;}\">\n\t\t\t\t\t\t\t<div class=\"elementor-background-overlay\"><\/div>\n\t\t\t\t\t\t\t<div class=\"elementor-container elementor-column-gap-default\">\n\t\t\t\t\t<div class=\"elementor-column elementor-col-100 elementor-top-column elementor-element elementor-element-15e2ef6\" data-id=\"15e2ef6\" data-element_type=\"column\" data-e-type=\"column\">\n\t\t\t<div class=\"elementor-widget-wrap elementor-element-populated\">\n\t\t\t\t\t\t<div class=\"elementor-element elementor-element-0316eb9 elementor-widget elementor-widget-heading\" data-id=\"0316eb9\" data-element_type=\"widget\" data-e-type=\"widget\" data-widget_type=\"heading.default\">\n\t\t\t\t<div class=\"elementor-widget-container\">\n\t\t\t\t\t<h5 class=\"elementor-heading-title elementor-size-default\">Lanthanum Fluoride<\/h5>\t\t\t\t<\/div>\n\t\t\t\t<\/div>\n\t\t\t\t<div class=\"elementor-element elementor-element-f8f6a3d elementor-widget elementor-widget-heading\" data-id=\"f8f6a3d\" data-element_type=\"widget\" data-e-type=\"widget\" data-widget_type=\"heading.default\">\n\t\t\t\t<div class=\"elementor-widget-container\">\n\t\t\t\t\t<h2 class=\"elementor-heading-title elementor-size-default\">Lanthanum Fluoride<\/h2>\t\t\t\t<\/div>\n\t\t\t\t<\/div>\n\t\t\t\t<div class=\"elementor-element elementor-element-bb15728 elementor-widget elementor-widget-text-editor\" data-id=\"bb15728\" data-element_type=\"widget\" data-e-type=\"widget\" data-widget_type=\"text-editor.default\">\n\t\t\t\t<div class=\"elementor-widget-container\">\n\t\t\t\t\t\t\t\t\t<h3><span style=\"color: #999999;\"><strong>LaF\u2083<\/strong><\/span><\/h3>\n\t\t\t\t\t\t\t\t<\/div>\n\t\t\t\t<\/div>\n\t\t\t\t<div class=\"elementor-element elementor-element-d92e553 elementor-widget elementor-widget-button\" data-id=\"d92e553\" data-element_type=\"widget\" data-e-type=\"widget\" data-widget_type=\"button.default\">\n\t\t\t\t<div class=\"elementor-widget-container\">\n\t\t\t\t\t\t\t\t\t<div class=\"elementor-button-wrapper\">\n\t\t\t\t\t<a class=\"elementor-button elementor-button-link elementor-size-sm elementor-animation-grow\" href=\"https:\/\/honwaygroup.com\/?page_id=19082&#038;lang=en\">\n\t\t\t\t\t\t<span class=\"elementor-button-content-wrapper\">\n\t\t\t\t\t\t\t\t\t<span class=\"elementor-button-text\">Ch\u00e0o m\u1eebng li\u00ean h\u1ec7 v\u1edbi ch\u00fang t\u00f4i \u0111\u1ec3 h\u1ecfi gi\u00e1<\/span>\n\t\t\t\t\t<\/span>\n\t\t\t\t\t<\/a>\n\t\t\t\t<\/div>\n\t\t\t\t\t\t\t\t<\/div>\n\t\t\t\t<\/div>\n\t\t\t\t\t<\/div>\n\t\t<\/div>\n\t\t\t\t\t<\/div>\n\t\t<\/section>\n\t\t\t\t<section class=\"elementor-section elementor-top-section elementor-element elementor-element-d71d596 elementor-section-boxed elementor-section-height-default elementor-section-height-default\" data-id=\"d71d596\" data-element_type=\"section\" data-e-type=\"section\">\n\t\t\t\t\t\t<div class=\"elementor-container elementor-column-gap-default\">\n\t\t\t\t\t<div class=\"elementor-column elementor-col-100 elementor-top-column elementor-element elementor-element-74af19a\" data-id=\"74af19a\" data-element_type=\"column\" data-e-type=\"column\">\n\t\t\t<div class=\"elementor-widget-wrap elementor-element-populated\">\n\t\t\t\t\t\t<div class=\"elementor-element elementor-element-9d83f12 elementor-widget elementor-widget-spacer\" data-id=\"9d83f12\" data-element_type=\"widget\" data-e-type=\"widget\" data-widget_type=\"spacer.default\">\n\t\t\t\t<div class=\"elementor-widget-container\">\n\t\t\t\t\t\t\t<div class=\"elementor-spacer\">\n\t\t\t<div class=\"elementor-spacer-inner\"><\/div>\n\t\t<\/div>\n\t\t\t\t\t\t<\/div>\n\t\t\t\t<\/div>\n\t\t\t\t\t<\/div>\n\t\t<\/div>\n\t\t\t\t\t<\/div>\n\t\t<\/section>\n\t\t\t\t<section class=\"elementor-section elementor-top-section elementor-element elementor-element-3f3c0b5 elementor-section-boxed elementor-section-height-default elementor-section-height-default\" data-id=\"3f3c0b5\" data-element_type=\"section\" data-e-type=\"section\">\n\t\t\t\t\t\t<div class=\"elementor-container elementor-column-gap-default\">\n\t\t\t\t\t<div class=\"elementor-column elementor-col-50 elementor-top-column elementor-element elementor-element-8fd2db7\" data-id=\"8fd2db7\" data-element_type=\"column\" data-e-type=\"column\">\n\t\t\t<div class=\"elementor-widget-wrap elementor-element-populated\">\n\t\t\t\t\t\t<div class=\"elementor-element elementor-element-b8cc341 elementor-tabs-view-vertical elementor-widget elementor-widget-tabs\" data-id=\"b8cc341\" data-element_type=\"widget\" data-e-type=\"widget\" data-widget_type=\"tabs.default\">\n\t\t\t\t<div class=\"elementor-widget-container\">\n\t\t\t\t\t\t\t<div class=\"elementor-tabs\">\n\t\t\t<div class=\"elementor-tabs-wrapper\" role=\"tablist\" >\n\t\t\t\t\t\t\t\t\t<div id=\"elementor-tab-title-1931\" class=\"elementor-tab-title elementor-tab-desktop-title\" aria-selected=\"true\" data-tab=\"1\" role=\"tab\" tabindex=\"0\" aria-controls=\"elementor-tab-content-1931\" aria-expanded=\"false\">\u0110\u1ed9 tinh khi\u1ebft<\/div>\n\t\t\t\t\t\t\t\t\t<div id=\"elementor-tab-title-1932\" class=\"elementor-tab-title elementor-tab-desktop-title\" aria-selected=\"false\" data-tab=\"2\" role=\"tab\" tabindex=\"-1\" aria-controls=\"elementor-tab-content-1932\" aria-expanded=\"false\">Vi\u1ec5n c\u1ea3nh<\/div>\n\t\t\t\t\t\t\t\t\t<div id=\"elementor-tab-title-1933\" class=\"elementor-tab-title elementor-tab-desktop-title\" aria-selected=\"false\" data-tab=\"3\" role=\"tab\" tabindex=\"-1\" aria-controls=\"elementor-tab-content-1933\" aria-expanded=\"false\">\u1ee8ng d\u1ee5ng<\/div>\n\t\t\t\t\t\t\t\t\t<div id=\"elementor-tab-title-1934\" class=\"elementor-tab-title elementor-tab-desktop-title\" aria-selected=\"false\" data-tab=\"4\" role=\"tab\" tabindex=\"-1\" aria-controls=\"elementor-tab-content-1934\" aria-expanded=\"false\">TREO<\/div>\n\t\t\t\t\t\t\t\t\t<div id=\"elementor-tab-title-1935\" class=\"elementor-tab-title elementor-tab-desktop-title\" aria-selected=\"false\" data-tab=\"5\" role=\"tab\" tabindex=\"-1\" aria-controls=\"elementor-tab-content-1935\" aria-expanded=\"false\">C\u00e1c \u0111\u1eb7c t\u00ednh kh\u00e1c Nh\u00e3n<\/div>\n\t\t\t\t\t\t\t\t\t<div id=\"elementor-tab-title-1936\" class=\"elementor-tab-title elementor-tab-desktop-title\" aria-selected=\"false\" data-tab=\"6\" role=\"tab\" tabindex=\"-1\" aria-controls=\"elementor-tab-content-1936\" aria-expanded=\"false\">CAS#<\/div>\n\t\t\t\t\t\t\t<\/div>\n\t\t\t<div class=\"elementor-tabs-content-wrapper\" role=\"tablist\" aria-orientation=\"vertical\">\n\t\t\t\t\t\t\t\t\t<div class=\"elementor-tab-title elementor-tab-mobile-title\" aria-selected=\"true\" data-tab=\"1\" role=\"tab\" tabindex=\"0\" aria-controls=\"elementor-tab-content-1931\" aria-expanded=\"false\">\u0110\u1ed9 tinh khi\u1ebft<\/div>\n\t\t\t\t\t<div id=\"elementor-tab-content-1931\" class=\"elementor-tab-content elementor-clearfix\" data-tab=\"1\" role=\"tabpanel\" aria-labelledby=\"elementor-tab-title-1931\" tabindex=\"0\" hidden=\"false\"><p><b>\u0110\u1ed9 tinh khi\u1ebft\uff1a99.9%<\/b><\/p>\n<\/div>\n\t\t\t\t\t\t\t\t\t<div class=\"elementor-tab-title elementor-tab-mobile-title\" aria-selected=\"false\" data-tab=\"2\" role=\"tab\" tabindex=\"-1\" aria-controls=\"elementor-tab-content-1932\" aria-expanded=\"false\">Vi\u1ec5n c\u1ea3nh<\/div>\n\t\t\t\t\t<div id=\"elementor-tab-content-1932\" class=\"elementor-tab-content elementor-clearfix\" data-tab=\"2\" role=\"tabpanel\" aria-labelledby=\"elementor-tab-title-1932\" tabindex=\"0\" hidden=\"hidden\"><p><strong>White powder<\/strong><\/p>\n<\/div>\n\t\t\t\t\t\t\t\t\t<div class=\"elementor-tab-title elementor-tab-mobile-title\" aria-selected=\"false\" data-tab=\"3\" role=\"tab\" tabindex=\"-1\" aria-controls=\"elementor-tab-content-1933\" aria-expanded=\"false\">\u1ee8ng d\u1ee5ng<\/div>\n\t\t\t\t\t<div id=\"elementor-tab-content-1933\" class=\"elementor-tab-content elementor-clearfix\" data-tab=\"3\" role=\"tabpanel\" aria-labelledby=\"elementor-tab-title-1933\" tabindex=\"0\" hidden=\"hidden\"><ol>\n<li><strong>B\u1ed9t hu\u1ef3nh quang, v\u1eadt li\u1ec7u laser tinh th\u1ec3 \u0111\u1ea5t hi\u1ebfm, s\u1ee3i quang d\u1eabn th\u1ee7y tinh florua v\u00e0 k\u00ednh h\u1ed3ng ngo\u1ea1i \u0111\u1ea5t hi\u1ebfm cho c\u00f4ng ngh\u1ec7 hi\u1ec3n th\u1ecb h\u00ecnh \u1ea3nh y t\u1ebf hi\u1ec7n \u0111\u1ea1i v\u00e0 khoa h\u1ecdc h\u1ea1t nh\u00e2n.<strong><\/strong><\/strong><\/li>\n<li><strong>\u0110i\u1ec7n c\u1ef1c carbon cho \u0111\u00e8n h\u1ed3 quang trong ngu\u1ed3n s\u00e1ng<\/strong><\/li>\n<li><strong>\u0110\u01b0\u1ee3c s\u1eed d\u1ee5ng trong ph\u00e2n t\u00edch h\u00f3a h\u1ecdc \u0111\u1ec3 t\u1ea1o ra \u0111i\u1ec7n c\u1ef1c ch\u1ecdn l\u1ecdc ion flo.<\/strong><\/li>\n<li><strong>\u0110\u01b0\u1ee3c s\u1eed d\u1ee5ng trong ng\u00e0nh c\u00f4ng nghi\u1ec7p kim lo\u1ea1i \u0111\u1ec3 s\u1ea3n xu\u1ea5t h\u1ee3p kim \u0111\u1eb7c bi\u1ec7t v\u00e0 s\u1ea3n xu\u1ea5t \u0111i\u1ec7n ph\u00e2n Lanthanum kim lo\u1ea1i.<\/strong><\/li>\n<li><strong>V\u1eadt li\u1ec7u v\u1ebd tinh th\u1ec3 \u0111\u01a1n Lanthanum Fluoride<\/strong><\/li>\n<\/ol>\n<\/div>\n\t\t\t\t\t\t\t\t\t<div class=\"elementor-tab-title elementor-tab-mobile-title\" aria-selected=\"false\" data-tab=\"4\" role=\"tab\" tabindex=\"-1\" aria-controls=\"elementor-tab-content-1934\" aria-expanded=\"false\">TREO<\/div>\n\t\t\t\t\t<div id=\"elementor-tab-content-1934\" class=\"elementor-tab-content elementor-clearfix\" data-tab=\"4\" role=\"tabpanel\" aria-labelledby=\"elementor-tab-title-1934\" tabindex=\"0\" hidden=\"hidden\"><p><strong>82%<\/strong><\/p>\n<\/div>\n\t\t\t\t\t\t\t\t\t<div class=\"elementor-tab-title elementor-tab-mobile-title\" aria-selected=\"false\" data-tab=\"5\" role=\"tab\" tabindex=\"-1\" aria-controls=\"elementor-tab-content-1935\" aria-expanded=\"false\">C\u00e1c \u0111\u1eb7c t\u00ednh kh\u00e1c Nh\u00e3n<\/div>\n\t\t\t\t\t<div id=\"elementor-tab-content-1935\" class=\"elementor-tab-content elementor-clearfix\" data-tab=\"5\" role=\"tabpanel\" aria-labelledby=\"elementor-tab-title-1935\" tabindex=\"0\" hidden=\"hidden\"><ol>\n<li><strong>H\u1ea7u nh\u01b0 kh\u00f4ng h\u00f2a tan trong n\u01b0\u1edbc, h\u00f2a tan trong r\u01b0\u1ee3u<\/strong><\/li>\n<li><strong>H\u00fat \u1ea9m, n\u00ean b\u1ea3o qu\u1ea3n trong h\u1ed9p k\u00edn.<\/strong><\/li>\n<\/ol>\n<\/div>\n\t\t\t\t\t\t\t\t\t<div class=\"elementor-tab-title elementor-tab-mobile-title\" aria-selected=\"false\" data-tab=\"6\" role=\"tab\" tabindex=\"-1\" aria-controls=\"elementor-tab-content-1936\" aria-expanded=\"false\">CAS#<\/div>\n\t\t\t\t\t<div id=\"elementor-tab-content-1936\" class=\"elementor-tab-content elementor-clearfix\" data-tab=\"6\" role=\"tabpanel\" aria-labelledby=\"elementor-tab-title-1936\" tabindex=\"0\" hidden=\"hidden\"><p><strong>13709-38-1<\/strong><\/p>\n<\/div>\n\t\t\t\t\t\t\t<\/div>\n\t\t<\/div>\n\t\t\t\t\t\t<\/div>\n\t\t\t\t<\/div>\n\t\t\t\t<div class=\"elementor-element elementor-element-bd304f1 elementor-widget elementor-widget-spacer\" data-id=\"bd304f1\" data-element_type=\"widget\" data-e-type=\"widget\" data-widget_type=\"spacer.default\">\n\t\t\t\t<div class=\"elementor-widget-container\">\n\t\t\t\t\t\t\t<div class=\"elementor-spacer\">\n\t\t\t<div class=\"elementor-spacer-inner\"><\/div>\n\t\t<\/div>\n\t\t\t\t\t\t<\/div>\n\t\t\t\t<\/div>\n\t\t\t\t\t<\/div>\n\t\t<\/div>\n\t\t\t\t<div class=\"elementor-column elementor-col-50 elementor-top-column elementor-element elementor-element-6deac2d\" data-id=\"6deac2d\" data-element_type=\"column\" data-e-type=\"column\">\n\t\t\t<div class=\"elementor-widget-wrap elementor-element-populated\">\n\t\t\t\t\t\t<div class=\"elementor-element elementor-element-079991a elementor-widget elementor-widget-sidebar\" data-id=\"079991a\" data-element_type=\"widget\" data-e-type=\"widget\" data-widget_type=\"sidebar.default\">\n\t\t\t\t<div class=\"elementor-widget-container\">\n\t\t\t\t\t<div id=\"woocommerce_product_search-5\" class=\"widget woocommerce widget_product_search\"><h2 class=\"widget-title\">Search<\/h2><form role=\"search\" method=\"get\" class=\"woocommerce-product-search\" action=\"https:\/\/honwaygroup.com\/vi\/\">\n\t<label class=\"screen-reader-text\" for=\"woocommerce-product-search-field-0\">Search for:<\/label>\n\t<input type=\"search\" id=\"woocommerce-product-search-field-0\" class=\"search-field\" placeholder=\"Search products&hellip;\" value=\"\" name=\"s\" \/>\n\t<button type=\"submit\" value=\"Search\" class=\"\">Search<\/button>\n\t<input type=\"hidden\" name=\"post_type\" value=\"product\" \/>\n<\/form>\n<\/div>\t\t\t\t<\/div>\n\t\t\t\t<\/div>\n\t\t\t\t\t<\/div>\n\t\t<\/div>\n\t\t\t\t\t<\/div>\n\t\t<\/section>\n\t\t\t\t<section class=\"elementor-section elementor-top-section elementor-element elementor-element-66e50c5 elementor-section-boxed elementor-section-height-default elementor-section-height-default\" data-id=\"66e50c5\" data-element_type=\"section\" data-e-type=\"section\">\n\t\t\t\t\t\t<div class=\"elementor-container elementor-column-gap-default\">\n\t\t\t\t\t<div class=\"elementor-column elementor-col-100 elementor-top-column elementor-element elementor-element-d6ce53f\" data-id=\"d6ce53f\" data-element_type=\"column\" data-e-type=\"column\">\n\t\t\t<div class=\"elementor-widget-wrap elementor-element-populated\">\n\t\t\t\t\t\t<div class=\"elementor-element elementor-element-d22d44c elementor-widget elementor-widget-spacer\" data-id=\"d22d44c\" data-element_type=\"widget\" data-e-type=\"widget\" data-widget_type=\"spacer.default\">\n\t\t\t\t<div class=\"elementor-widget-container\">\n\t\t\t\t\t\t\t<div class=\"elementor-spacer\">\n\t\t\t<div class=\"elementor-spacer-inner\"><\/div>\n\t\t<\/div>\n\t\t\t\t\t\t<\/div>\n\t\t\t\t<\/div>\n\t\t\t\t<div class=\"elementor-element elementor-element-538e82a elementor-widget-divider--view-line elementor-widget elementor-widget-divider\" data-id=\"538e82a\" data-element_type=\"widget\" data-e-type=\"widget\" data-widget_type=\"divider.default\">\n\t\t\t\t<div class=\"elementor-widget-container\">\n\t\t\t\t\t\t\t<div class=\"elementor-divider\">\n\t\t\t<span class=\"elementor-divider-separator\">\n\t\t\t\t\t\t<\/span>\n\t\t<\/div>\n\t\t\t\t\t\t<\/div>\n\t\t\t\t<\/div>\n\t\t\t\t<div class=\"elementor-element elementor-element-4920a99 e-transform elementor-widget elementor-widget-heading\" data-id=\"4920a99\" data-element_type=\"widget\" data-e-type=\"widget\" data-settings=\"{&quot;_transform_translateX_effect&quot;:{&quot;unit&quot;:&quot;px&quot;,&quot;size&quot;:9,&quot;sizes&quot;:[]},&quot;_transform_translateX_effect_tablet&quot;:{&quot;unit&quot;:&quot;px&quot;,&quot;size&quot;:&quot;&quot;,&quot;sizes&quot;:[]},&quot;_transform_translateX_effect_mobile&quot;:{&quot;unit&quot;:&quot;px&quot;,&quot;size&quot;:&quot;&quot;,&quot;sizes&quot;:[]},&quot;_transform_translateY_effect&quot;:{&quot;unit&quot;:&quot;px&quot;,&quot;size&quot;:&quot;&quot;,&quot;sizes&quot;:[]},&quot;_transform_translateY_effect_tablet&quot;:{&quot;unit&quot;:&quot;px&quot;,&quot;size&quot;:&quot;&quot;,&quot;sizes&quot;:[]},&quot;_transform_translateY_effect_mobile&quot;:{&quot;unit&quot;:&quot;px&quot;,&quot;size&quot;:&quot;&quot;,&quot;sizes&quot;:[]}}\" data-widget_type=\"heading.default\">\n\t\t\t\t<div class=\"elementor-widget-container\">\n\t\t\t\t\t<h5 class=\"elementor-heading-title elementor-size-default\">\u2022\u0300.\u032b\u2022\u0301\u2727 \u275dC\u00f3 b\u1ea5t k\u1ef3 c\u00e2u h\u1ecfi n\u00e0o kh\u00f4ng?\u275e <\/h5>\t\t\t\t<\/div>\n\t\t\t\t<\/div>\n\t\t\t\t<div class=\"elementor-element elementor-element-9e05150 elementor-widget elementor-widget-heading\" data-id=\"9e05150\" data-element_type=\"widget\" data-e-type=\"widget\" data-widget_type=\"heading.default\">\n\t\t\t\t<div class=\"elementor-widget-container\">\n\t\t\t\t\t<h2 class=\"elementor-heading-title elementor-size-default\">\u25be\u25be\u25be\u25be\u25be\u25be\u25be\u25be\u25be\u25be\u25be\u25be<\/h2>\t\t\t\t<\/div>\n\t\t\t\t<\/div>\n\t\t\t\t\t<\/div>\n\t\t<\/div>\n\t\t\t\t\t<\/div>\n\t\t<\/section>\n\t\t\t\t<section class=\"elementor-section elementor-top-section elementor-element elementor-element-292e464 elementor-section-boxed elementor-section-height-default elementor-section-height-default\" data-id=\"292e464\" data-element_type=\"section\" data-e-type=\"section\">\n\t\t\t\t\t\t<div class=\"elementor-container elementor-column-gap-default\">\n\t\t\t\t\t<div class=\"elementor-column elementor-col-100 elementor-top-column elementor-element elementor-element-fc6f388\" data-id=\"fc6f388\" data-element_type=\"column\" data-e-type=\"column\">\n\t\t\t<div class=\"elementor-widget-wrap elementor-element-populated\">\n\t\t\t\t\t\t<div class=\"elementor-element elementor-element-040793a elementor-align-center elementor-invisible elementor-widget elementor-widget-button\" data-id=\"040793a\" data-element_type=\"widget\" data-e-type=\"widget\" data-settings=\"{&quot;_animation&quot;:&quot;fadeIn&quot;}\" data-widget_type=\"button.default\">\n\t\t\t\t<div class=\"elementor-widget-container\">\n\t\t\t\t\t\t\t\t\t<div class=\"elementor-button-wrapper\">\n\t\t\t\t\t<a class=\"elementor-button elementor-button-link elementor-size-sm elementor-animation-bounce-in\" href=\"https:\/\/honwaygroup.com\/?page_id=19082&#038;lang=en\" target=\"_blank\" id=\"contacthonway\">\n\t\t\t\t\t\t<span class=\"elementor-button-content-wrapper\">\n\t\t\t\t\t\t\t\t\t<span class=\"elementor-button-text\">Li\u00ean h\u1ec7 HonWay<\/span>\n\t\t\t\t\t<\/span>\n\t\t\t\t\t<\/a>\n\t\t\t\t<\/div>\n\t\t\t\t\t\t\t\t<\/div>\n\t\t\t\t<\/div>\n\t\t\t\t<div class=\"elementor-element elementor-element-775e651 elementor-shape-circle elementor-grid-0 e-grid-align-center elementor-widget elementor-widget-social-icons\" data-id=\"775e651\" data-element_type=\"widget\" data-e-type=\"widget\" data-widget_type=\"social-icons.default\">\n\t\t\t\t<div class=\"elementor-widget-container\">\n\t\t\t\t\t\t\t<div class=\"elementor-social-icons-wrapper elementor-grid\" role=\"list\">\n\t\t\t\t\t\t\t<span class=\"elementor-grid-item\" role=\"listitem\">\n\t\t\t\t\t<a class=\"elementor-icon elementor-social-icon elementor-social-icon-facebook elementor-repeater-item-89edbab\" href=\"http:\/\/www.facebook.com\/honwaygroup\" target=\"_blank\" rel=\"nofollow noopener\">\n\t\t\t\t\t\t<span class=\"elementor-screen-only\">Facebook<\/span>\n\t\t\t\t\t\t<i aria-hidden=\"true\" class=\"fab fa-facebook\"><\/i>\t\t\t\t\t<\/a>\n\t\t\t\t<\/span>\n\t\t\t\t\t\t\t<span class=\"elementor-grid-item\" role=\"listitem\">\n\t\t\t\t\t<a class=\"elementor-icon elementor-social-icon elementor-social-icon-line elementor-repeater-item-c37d6e5\" href=\"https:\/\/page.line.me\/kob3665o\" target=\"_blank\" rel=\"nofollow noopener\">\n\t\t\t\t\t\t<span class=\"elementor-screen-only\">Line<\/span>\n\t\t\t\t\t\t<i aria-hidden=\"true\" class=\"fab fa-line\"><\/i>\t\t\t\t\t<\/a>\n\t\t\t\t<\/span>\n\t\t\t\t\t\t\t<span class=\"elementor-grid-item\" role=\"listitem\">\n\t\t\t\t\t<a class=\"elementor-icon elementor-social-icon elementor-social-icon-youtube elementor-repeater-item-298edca\" href=\"https:\/\/www.youtube.com\/@HonWayMaterialsCoLtd\/videos\" target=\"_blank\" rel=\"nofollow noopener\">\n\t\t\t\t\t\t<span class=\"elementor-screen-only\">Youtube<\/span>\n\t\t\t\t\t\t<i aria-hidden=\"true\" class=\"fab fa-youtube\"><\/i>\t\t\t\t\t<\/a>\n\t\t\t\t<\/span>\n\t\t\t\t\t\t\t<span class=\"elementor-grid-item\" role=\"listitem\">\n\t\t\t\t\t<a class=\"elementor-icon elementor-social-icon elementor-social-icon-envelope elementor-repeater-item-0eb7763\" href=\"mailto:service@honwaygroup.com\" target=\"_blank\">\n\t\t\t\t\t\t<span class=\"elementor-screen-only\">Envelope<\/span>\n\t\t\t\t\t\t<i aria-hidden=\"true\" class=\"fas fa-envelope\"><\/i>\t\t\t\t\t<\/a>\n\t\t\t\t<\/span>\n\t\t\t\t\t<\/div>\n\t\t\t\t\t\t<\/div>\n\t\t\t\t<\/div>\n\t\t\t\t\t<\/div>\n\t\t<\/div>\n\t\t\t\t\t<\/div>\n\t\t<\/section>\n\t\t\t\t<section class=\"elementor-section elementor-top-section elementor-element elementor-element-370477c elementor-section-boxed elementor-section-height-default elementor-section-height-default\" data-id=\"370477c\" data-element_type=\"section\" data-e-type=\"section\">\n\t\t\t\t\t\t<div class=\"elementor-container elementor-column-gap-default\">\n\t\t\t\t\t<div class=\"elementor-column elementor-col-100 elementor-top-column elementor-element elementor-element-c958461\" data-id=\"c958461\" data-element_type=\"column\" data-e-type=\"column\">\n\t\t\t<div class=\"elementor-widget-wrap\">\n\t\t\t\t\t\t\t<\/div>\n\t\t<\/div>\n\t\t\t\t\t<\/div>\n\t\t<\/section>\n\t\t\t\t<\/div>\n\t\t","protected":false},"excerpt":{"rendered":"<p>{Ch\u00e0o m\u1eebng \u0111\u1ebfn v\u1edbi y\u00eau c\u1ea7u c\u1ee7a b\u1ea1n}<\/p>\n<p><strong>C\u00f3 l\u1ebd \u1ee9ng d\u1ee5ng quan tr\u1ecdng nh\u1ea5t c\u1ee7a c\u00e1c h\u1ee3p ch\u1ea5t nguy\u00ean t\u1ed1 c\u1ee7a Lanthanum l\u00e0 trong vi\u1ec7c ch\u1ebf t\u1ea1o \u0111i\u1ec7n c\u1ef1c cho \u0111\u00e8n pha, \u0111\u00e8n ch\u1ee5p \u1ea3nh v\u00e0 b\u00f3ng \u0111\u00e8n ph\u00e1t hi\u1ec7n h\u1ed3 trong m\u00e1y chi\u1ebfu ho\u1ea1t h\u00ecnh, trong khi oxit Lanthanum c\u1ea3i thi\u1ec7n kh\u1ea3 n\u0103ng ch\u1ed1ng ki\u1ec1m c\u1ee7a k\u00ednh v\u00e0 \u0111\u01b0\u1ee3c s\u1eed d\u1ee5ng trong s\u1ea3n xu\u1ea5t c\u00e1c lo\u1ea1i k\u00ednh \u0111\u1eb7c bi\u1ec7t cho thi\u1ebft b\u1ecb quang h\u1ecdc ph\u1ee9c t\u1ea1p.<\/p>\n<p><\/strong><strong>\u1ee8ng d\u1ee5ng:<br \/>\n<\/strong>\u300bPh\u1ee5 gia cho th\u00e9p \u0111\u1eb7c bi\u1ec7t v\u00e0 h\u1ee3p kim \u0111\u1eb7c bi\u1ec7t.<br \/>\n\u300bV\u1eadt li\u1ec7u ch\u1ee9c n\u0103ng cho \u0111i\u1ec7n t\u1eed v\u00e0 c\u00e1c l\u0129nh v\u1ef1c c\u00f4ng nghi\u1ec7p kh\u00e1c.<br \/>\n\u300bCh\u1ee7 y\u1ebfu \u0111\u01b0\u1ee3c s\u1eed d\u1ee5ng trong s\u1ea3n xu\u1ea5t k\u00ednh quang h\u1ecdc \u0111\u1eb7c bi\u1ec7t h\u1ee3p kim ch\u00ednh x\u00e1c, t\u1ea5m s\u1ee3i quang kh\u00fac x\u1ea1 cao, ph\u00f9 h\u1ee3p cho m\u00e1y \u1ea3nh, m\u00e1y quay phim, \u1ed1ng k\u00ednh hi\u1ec3n vi, v.v.<br \/>\n\u300bCh\u1ea5t x\u00fac t\u00e1c.<\/p>\n","protected":false},"featured_media":0,"template":"","meta":{"site-sidebar-layout":"default","site-content-layout":"default","ast-site-content-layout":"default","site-content-style":"default","site-sidebar-style":"default","ast-global-header-display":"","ast-banner-title-visibility":"","ast-main-header-display":"","ast-hfb-above-header-display":"","ast-hfb-below-header-display":"","ast-hfb-mobile-header-display":"","site-post-title":"","ast-breadcrumbs-content":"","ast-featured-img":"","footer-sml-layout":"","ast-disable-related-posts":"","theme-transparent-header-meta":"default","adv-header-id-meta":"","stick-header-meta":"default","header-above-stick-meta":"","header-main-stick-meta":"","header-below-stick-meta":"","astra-migrate-meta-layouts":"default","ast-page-background-enabled":"default","ast-page-background-meta":{"desktop":{"background-color":"var(--ast-global-color-5)","background-image":"","background-repeat":"repeat","background-position":"center center","background-size":"auto","background-attachment":"scroll","background-type":"","background-media":"","overlay-type":"","overlay-color":"","overlay-opacity":"","overlay-gradient":""},"tablet":{"background-color":"","background-image":"","background-repeat":"repeat","background-position":"center center","background-size":"auto","background-attachment":"scroll","background-type":"","background-media":"","overlay-type":"","overlay-color":"","overlay-opacity":"","overlay-gradient":""},"mobile":{"background-color":"","background-image":"","background-repeat":"repeat","background-position":"center center","background-size":"auto","background-attachment":"scroll","background-type":"","background-media":"","overlay-type":"","overlay-color":"","overlay-opacity":"","overlay-gradient":""}},"ast-content-background-meta":{"desktop":{"background-color":"var(--ast-global-color-4)","background-image":"","background-repeat":"repeat","background-position":"center center","background-size":"auto","background-attachment":"scroll","background-type":"","background-media":"","overlay-type":"","overlay-color":"","overlay-opacity":"","overlay-gradient":""},"tablet":{"background-color":"var(--ast-global-color-4)","background-image":"","background-repeat":"repeat","background-position":"center center","background-size":"auto","background-attachment":"scroll","background-type":"","background-media":"","overlay-type":"","overlay-color":"","overlay-opacity":"","overlay-gradient":""},"mobile":{"background-color":"var(--ast-global-color-4)","background-image":"","background-repeat":"repeat","background-position":"center center","background-size":"auto","background-attachment":"scroll","background-type":"","background-media":"","overlay-type":"","overlay-color":"","overlay-opacity":"","overlay-gradient":""}}},"product_brand":[],"product_cat":[4701,4306,4366,4350,4305],"product_tag":[5052,4832,4892,4935,4937],"class_list":{"0":"post-85266","1":"product","2":"type-product","3":"status-publish","5":"product_cat-bot","6":"product_cat-fluoride-vi","7":"product_cat-lanthanum-vi","8":"product_cat-nguyen-lieu-dat-hiem","9":"product_cat-nguyen-lieu-hoa-hoc","10":"product_tag-lanthanum-vi","11":"product_tag-lanthanum-fluoride-vi","12":"product_tag-vat-lieu-dac-biet","13":"product_tag-vat-lieu-dat-hiem","14":"product_tag-vat-lieu-quy-hiem","15":"desktop-align-left","16":"tablet-align-left","17":"mobile-align-left","18":"ast-product-gallery-layout-horizontal-slider","19":"ast-product-gallery-with-no-image","20":"ast-product-tabs-layout-horizontal","22":"first","23":"instock","24":"taxable","25":"shipping-taxable","26":"product-type-simple"},"_links":{"self":[{"href":"https:\/\/honwaygroup.com\/vi\/wp-json\/wp\/v2\/product\/85266","targetHints":{"allow":["GET"]}}],"collection":[{"href":"https:\/\/honwaygroup.com\/vi\/wp-json\/wp\/v2\/product"}],"about":[{"href":"https:\/\/honwaygroup.com\/vi\/wp-json\/wp\/v2\/types\/product"}],"version-history":[{"count":0,"href":"https:\/\/honwaygroup.com\/vi\/wp-json\/wp\/v2\/product\/85266\/revisions"}],"wp:attachment":[{"href":"https:\/\/honwaygroup.com\/vi\/wp-json\/wp\/v2\/media?parent=85266"}],"wp:term":[{"taxonomy":"product_brand","embeddable":true,"href":"https:\/\/honwaygroup.com\/vi\/wp-json\/wp\/v2\/product_brand?post=85266"},{"taxonomy":"product_cat","embeddable":true,"href":"https:\/\/honwaygroup.com\/vi\/wp-json\/wp\/v2\/product_cat?post=85266"},{"taxonomy":"product_tag","embeddable":true,"href":"https:\/\/honwaygroup.com\/vi\/wp-json\/wp\/v2\/product_tag?post=85266"}],"curies":[{"name":"wp","href":"https:\/\/api.w.org\/{rel}","templated":true}]}}