{"id":85013,"date":"2013-12-02T02:13:55","date_gmt":"2013-12-01T18:13:55","guid":{"rendered":"https:\/\/honwaygroup.com\/product\/europium-chloride-anhydrous-99-99\/"},"modified":"2025-04-19T19:31:19","modified_gmt":"2025-04-19T11:31:19","slug":"europium-chloride-anhydrous-99-99","status":"publish","type":"product","link":"https:\/\/honwaygroup.com\/vi\/product\/europium-chloride-anhydrous-99-99\/","title":{"rendered":"Europium Chloride Anhydrous 99.99%"},"content":{"rendered":"\t\t<div data-elementor-type=\"wp-post\" data-elementor-id=\"85013\" class=\"elementor elementor-85013 elementor-470\" data-elementor-post-type=\"product\">\n\t\t\t\t\t\t<section class=\"elementor-section elementor-top-section elementor-element elementor-element-3af9b98 elementor-section-height-min-height elementor-section-content-middle elementor-section-boxed elementor-section-height-default elementor-section-items-middle\" data-id=\"3af9b98\" data-element_type=\"section\" data-e-type=\"section\" data-settings=\"{&quot;background_background&quot;:&quot;classic&quot;}\">\n\t\t\t\t\t\t\t<div class=\"elementor-background-overlay\"><\/div>\n\t\t\t\t\t\t\t<div class=\"elementor-container elementor-column-gap-default\">\n\t\t\t\t\t<div class=\"elementor-column elementor-col-100 elementor-top-column elementor-element elementor-element-500a617\" data-id=\"500a617\" data-element_type=\"column\" data-e-type=\"column\">\n\t\t\t<div class=\"elementor-widget-wrap elementor-element-populated\">\n\t\t\t\t\t\t<div class=\"elementor-element elementor-element-1810c2e elementor-widget elementor-widget-heading\" data-id=\"1810c2e\" data-element_type=\"widget\" data-e-type=\"widget\" data-widget_type=\"heading.default\">\n\t\t\t\t<div class=\"elementor-widget-container\">\n\t\t\t\t\t<h5 class=\"elementor-heading-title elementor-size-default\">Europium Chloride,Anhydrous<\/h5>\t\t\t\t<\/div>\n\t\t\t\t<\/div>\n\t\t\t\t<div class=\"elementor-element elementor-element-bfaf3de elementor-widget elementor-widget-heading\" data-id=\"bfaf3de\" data-element_type=\"widget\" data-e-type=\"widget\" data-widget_type=\"heading.default\">\n\t\t\t\t<div class=\"elementor-widget-container\">\n\t\t\t\t\t<h2 class=\"elementor-heading-title elementor-size-default\">Europium Chloride Anhydrous<\/h2>\t\t\t\t<\/div>\n\t\t\t\t<\/div>\n\t\t\t\t<div class=\"elementor-element elementor-element-d54160e elementor-widget elementor-widget-text-editor\" data-id=\"d54160e\" data-element_type=\"widget\" data-e-type=\"widget\" data-widget_type=\"text-editor.default\">\n\t\t\t\t<div class=\"elementor-widget-container\">\n\t\t\t\t\t\t\t\t\t<h3><span style=\"color: #999999;\"><strong>EuCl\u2083<\/strong><\/span><\/h3>\n\t\t\t\t\t\t\t\t<\/div>\n\t\t\t\t<\/div>\n\t\t\t\t<div class=\"elementor-element elementor-element-6ca0e00 elementor-widget elementor-widget-button\" data-id=\"6ca0e00\" data-element_type=\"widget\" data-e-type=\"widget\" data-widget_type=\"button.default\">\n\t\t\t\t<div class=\"elementor-widget-container\">\n\t\t\t\t\t\t\t\t\t<div class=\"elementor-button-wrapper\">\n\t\t\t\t\t<a class=\"elementor-button elementor-button-link elementor-size-sm elementor-animation-grow\" href=\"https:\/\/honwaygroup.com\/?page_id=19082&#038;lang=en\">\n\t\t\t\t\t\t<span class=\"elementor-button-content-wrapper\">\n\t\t\t\t\t\t\t\t\t<span class=\"elementor-button-text\">Ch\u00e0o m\u1eebng li\u00ean h\u1ec7 v\u1edbi ch\u00fang t\u00f4i \u0111\u1ec3 h\u1ecfi gi\u00e1<\/span>\n\t\t\t\t\t<\/span>\n\t\t\t\t\t<\/a>\n\t\t\t\t<\/div>\n\t\t\t\t\t\t\t\t<\/div>\n\t\t\t\t<\/div>\n\t\t\t\t\t<\/div>\n\t\t<\/div>\n\t\t\t\t\t<\/div>\n\t\t<\/section>\n\t\t\t\t<section class=\"elementor-section elementor-top-section elementor-element elementor-element-c12c04f elementor-section-boxed elementor-section-height-default elementor-section-height-default\" data-id=\"c12c04f\" data-element_type=\"section\" data-e-type=\"section\">\n\t\t\t\t\t\t<div class=\"elementor-container elementor-column-gap-default\">\n\t\t\t\t\t<div class=\"elementor-column elementor-col-100 elementor-top-column elementor-element elementor-element-0e911c2\" data-id=\"0e911c2\" data-element_type=\"column\" data-e-type=\"column\">\n\t\t\t<div class=\"elementor-widget-wrap elementor-element-populated\">\n\t\t\t\t\t\t<div class=\"elementor-element elementor-element-2e83837 elementor-widget elementor-widget-spacer\" data-id=\"2e83837\" data-element_type=\"widget\" data-e-type=\"widget\" data-widget_type=\"spacer.default\">\n\t\t\t\t<div class=\"elementor-widget-container\">\n\t\t\t\t\t\t\t<div class=\"elementor-spacer\">\n\t\t\t<div class=\"elementor-spacer-inner\"><\/div>\n\t\t<\/div>\n\t\t\t\t\t\t<\/div>\n\t\t\t\t<\/div>\n\t\t\t\t\t<\/div>\n\t\t<\/div>\n\t\t\t\t\t<\/div>\n\t\t<\/section>\n\t\t\t\t<section class=\"elementor-section elementor-top-section elementor-element elementor-element-44401b3 elementor-section-boxed elementor-section-height-default elementor-section-height-default\" data-id=\"44401b3\" data-element_type=\"section\" data-e-type=\"section\">\n\t\t\t\t\t\t<div class=\"elementor-container elementor-column-gap-default\">\n\t\t\t\t\t<div class=\"elementor-column elementor-col-50 elementor-top-column elementor-element elementor-element-a002582\" data-id=\"a002582\" data-element_type=\"column\" data-e-type=\"column\">\n\t\t\t<div class=\"elementor-widget-wrap elementor-element-populated\">\n\t\t\t\t\t\t<div class=\"elementor-element elementor-element-639c510 elementor-tabs-view-vertical elementor-widget elementor-widget-tabs\" data-id=\"639c510\" data-element_type=\"widget\" data-e-type=\"widget\" data-widget_type=\"tabs.default\">\n\t\t\t\t<div class=\"elementor-widget-container\">\n\t\t\t\t\t\t\t<div class=\"elementor-tabs\">\n\t\t\t<div class=\"elementor-tabs-wrapper\" role=\"tablist\" >\n\t\t\t\t\t\t\t\t\t<div id=\"elementor-tab-title-1041\" class=\"elementor-tab-title elementor-tab-desktop-title\" aria-selected=\"true\" data-tab=\"1\" role=\"tab\" tabindex=\"0\" aria-controls=\"elementor-tab-content-1041\" aria-expanded=\"false\">\u0110\u1ed9 tinh khi\u1ebft<\/div>\n\t\t\t\t\t\t\t\t\t<div id=\"elementor-tab-title-1042\" class=\"elementor-tab-title elementor-tab-desktop-title\" aria-selected=\"false\" data-tab=\"2\" role=\"tab\" tabindex=\"-1\" aria-controls=\"elementor-tab-content-1042\" aria-expanded=\"false\">Vi\u1ec5n c\u1ea3nh<\/div>\n\t\t\t\t\t\t\t\t\t<div id=\"elementor-tab-title-1043\" class=\"elementor-tab-title elementor-tab-desktop-title\" aria-selected=\"false\" data-tab=\"3\" role=\"tab\" tabindex=\"-1\" aria-controls=\"elementor-tab-content-1043\" aria-expanded=\"false\">\u1ee8ng d\u1ee5ng<\/div>\n\t\t\t\t\t\t\t\t\t<div id=\"elementor-tab-title-1044\" class=\"elementor-tab-title elementor-tab-desktop-title\" aria-selected=\"false\" data-tab=\"4\" role=\"tab\" tabindex=\"-1\" aria-controls=\"elementor-tab-content-1044\" aria-expanded=\"false\">TREO<\/div>\n\t\t\t\t\t\t\t\t\t<div id=\"elementor-tab-title-1045\" class=\"elementor-tab-title elementor-tab-desktop-title\" aria-selected=\"false\" data-tab=\"5\" role=\"tab\" tabindex=\"-1\" aria-controls=\"elementor-tab-content-1045\" aria-expanded=\"false\">C\u00e1c \u0111\u1eb7c t\u00ednh kh\u00e1c Nh\u00e3n<\/div>\n\t\t\t\t\t\t\t\t\t<div id=\"elementor-tab-title-1046\" class=\"elementor-tab-title elementor-tab-desktop-title\" aria-selected=\"false\" data-tab=\"6\" role=\"tab\" tabindex=\"-1\" aria-controls=\"elementor-tab-content-1046\" aria-expanded=\"false\">CAS#<\/div>\n\t\t\t\t\t\t\t<\/div>\n\t\t\t<div class=\"elementor-tabs-content-wrapper\" role=\"tablist\" aria-orientation=\"vertical\">\n\t\t\t\t\t\t\t\t\t<div class=\"elementor-tab-title elementor-tab-mobile-title\" aria-selected=\"true\" data-tab=\"1\" role=\"tab\" tabindex=\"0\" aria-controls=\"elementor-tab-content-1041\" aria-expanded=\"false\">\u0110\u1ed9 tinh khi\u1ebft<\/div>\n\t\t\t\t\t<div id=\"elementor-tab-content-1041\" class=\"elementor-tab-content elementor-clearfix\" data-tab=\"1\" role=\"tabpanel\" aria-labelledby=\"elementor-tab-title-1041\" tabindex=\"0\" hidden=\"false\"><p><b>\u0110\u1ed9 tinh khi\u1ebft: 99.99%<\/b><\/p>\n<\/div>\n\t\t\t\t\t\t\t\t\t<div class=\"elementor-tab-title elementor-tab-mobile-title\" aria-selected=\"false\" data-tab=\"2\" role=\"tab\" tabindex=\"-1\" aria-controls=\"elementor-tab-content-1042\" aria-expanded=\"false\">Vi\u1ec5n c\u1ea3nh<\/div>\n\t\t\t\t\t<div id=\"elementor-tab-content-1042\" class=\"elementor-tab-content elementor-clearfix\" data-tab=\"2\" role=\"tabpanel\" aria-labelledby=\"elementor-tab-title-1042\" tabindex=\"0\" hidden=\"hidden\"><p><b>Ch\u1ea5t r\u1eafn m\u00e0u v\u00e0ng.<\/b><\/p>\n<\/div>\n\t\t\t\t\t\t\t\t\t<div class=\"elementor-tab-title elementor-tab-mobile-title\" aria-selected=\"false\" data-tab=\"3\" role=\"tab\" tabindex=\"-1\" aria-controls=\"elementor-tab-content-1043\" aria-expanded=\"false\">\u1ee8ng d\u1ee5ng<\/div>\n\t\t\t\t\t<div id=\"elementor-tab-content-1043\" class=\"elementor-tab-content elementor-clearfix\" data-tab=\"3\" role=\"tabpanel\" aria-labelledby=\"elementor-tab-title-1043\" tabindex=\"0\" hidden=\"hidden\"><p><strong>H\u1ee3p ch\u1ea5t kim lo\u1ea1i h\u1eefu c\u01a1 cho vi\u1ec7c chu\u1ea9n b\u1ecb Europium<\/strong><\/p>\n<\/div>\n\t\t\t\t\t\t\t\t\t<div class=\"elementor-tab-title elementor-tab-mobile-title\" aria-selected=\"false\" data-tab=\"4\" role=\"tab\" tabindex=\"-1\" aria-controls=\"elementor-tab-content-1044\" aria-expanded=\"false\">TREO<\/div>\n\t\t\t\t\t<div id=\"elementor-tab-content-1044\" class=\"elementor-tab-content elementor-clearfix\" data-tab=\"4\" role=\"tabpanel\" aria-labelledby=\"elementor-tab-title-1044\" tabindex=\"0\" hidden=\"hidden\"><p><strong>99%<\/strong><\/p>\n<\/div>\n\t\t\t\t\t\t\t\t\t<div class=\"elementor-tab-title elementor-tab-mobile-title\" aria-selected=\"false\" data-tab=\"5\" role=\"tab\" tabindex=\"-1\" aria-controls=\"elementor-tab-content-1045\" aria-expanded=\"false\">C\u00e1c \u0111\u1eb7c t\u00ednh kh\u00e1c Nh\u00e3n<\/div>\n\t\t\t\t\t<div id=\"elementor-tab-content-1045\" class=\"elementor-tab-content elementor-clearfix\" data-tab=\"5\" role=\"tabpanel\" aria-labelledby=\"elementor-tab-title-1045\" tabindex=\"0\" hidden=\"hidden\"><ol>\n<li><b>Tan trong <b>ethanol, \u0111\u1ed9 tan <\/b>cao trong c\u00e1c lo\u1ea1i c\u1ed3n.<strong><\/strong><\/b><\/li>\n<li><b><span style=\"font-weight: 400;\"><strong><\/strong><\/span>H\u1ea5p th\u1ee5 n\u01b0\u1edbc m\u1ea1nh, nhanh ch\u00f3ng h\u1ea5p th\u1ee5 n\u01b0\u1edbc v\u00e0 bi\u1ebfn th\u00e0nh hexahydrat tinh th\u1ec3 tr\u1eafng khi ti\u1ebfp x\u00fac v\u1edbi kh\u00f4ng kh\u00ed \u1ea9m.<b><\/b><\/b><\/li>\n<li><strong>\u1ede nhi\u1ec7t \u0111\u1ed9 d\u01b0\u1edbi (bao g\u1ed3m c\u1ea3) \u0111i\u1ec3m s\u00f4i c\u1ee7a n\u00f3, m\u1ed9t ph\u1ea7n Europium chloride b\u1ecb ph\u00e2n h\u1ee7y.<\/strong><\/li>\n<\/ol>\n<\/div>\n\t\t\t\t\t\t\t\t\t<div class=\"elementor-tab-title elementor-tab-mobile-title\" aria-selected=\"false\" data-tab=\"6\" role=\"tab\" tabindex=\"-1\" aria-controls=\"elementor-tab-content-1046\" aria-expanded=\"false\">CAS#<\/div>\n\t\t\t\t\t<div id=\"elementor-tab-content-1046\" class=\"elementor-tab-content elementor-clearfix\" data-tab=\"6\" role=\"tabpanel\" aria-labelledby=\"elementor-tab-title-1046\" tabindex=\"0\" hidden=\"hidden\"><p><strong>10025-76-0<\/strong><\/p>\n<\/div>\n\t\t\t\t\t\t\t<\/div>\n\t\t<\/div>\n\t\t\t\t\t\t<\/div>\n\t\t\t\t<\/div>\n\t\t\t\t<div class=\"elementor-element elementor-element-9c2328b elementor-widget elementor-widget-spacer\" data-id=\"9c2328b\" data-element_type=\"widget\" data-e-type=\"widget\" data-widget_type=\"spacer.default\">\n\t\t\t\t<div class=\"elementor-widget-container\">\n\t\t\t\t\t\t\t<div class=\"elementor-spacer\">\n\t\t\t<div class=\"elementor-spacer-inner\"><\/div>\n\t\t<\/div>\n\t\t\t\t\t\t<\/div>\n\t\t\t\t<\/div>\n\t\t\t\t\t<\/div>\n\t\t<\/div>\n\t\t\t\t<div class=\"elementor-column elementor-col-50 elementor-top-column elementor-element elementor-element-74c9111\" data-id=\"74c9111\" data-element_type=\"column\" data-e-type=\"column\">\n\t\t\t<div class=\"elementor-widget-wrap elementor-element-populated\">\n\t\t\t\t\t\t<div class=\"elementor-element elementor-element-a695089 elementor-widget elementor-widget-sidebar\" data-id=\"a695089\" data-element_type=\"widget\" data-e-type=\"widget\" data-widget_type=\"sidebar.default\">\n\t\t\t\t<div class=\"elementor-widget-container\">\n\t\t\t\t\t<div id=\"woocommerce_product_search-5\" class=\"widget woocommerce widget_product_search\"><h2 class=\"widget-title\">Search<\/h2><form role=\"search\" method=\"get\" class=\"woocommerce-product-search\" action=\"https:\/\/honwaygroup.com\/vi\/\">\n\t<label class=\"screen-reader-text\" for=\"woocommerce-product-search-field-0\">Search for:<\/label>\n\t<input type=\"search\" id=\"woocommerce-product-search-field-0\" class=\"search-field\" placeholder=\"Search products&hellip;\" value=\"\" name=\"s\" \/>\n\t<button type=\"submit\" value=\"Search\" class=\"\">Search<\/button>\n\t<input type=\"hidden\" name=\"post_type\" value=\"product\" \/>\n<\/form>\n<\/div>\t\t\t\t<\/div>\n\t\t\t\t<\/div>\n\t\t\t\t\t<\/div>\n\t\t<\/div>\n\t\t\t\t\t<\/div>\n\t\t<\/section>\n\t\t\t\t<section class=\"elementor-section elementor-top-section elementor-element elementor-element-93f63be elementor-section-boxed elementor-section-height-default elementor-section-height-default\" data-id=\"93f63be\" data-element_type=\"section\" data-e-type=\"section\">\n\t\t\t\t\t\t<div class=\"elementor-container elementor-column-gap-default\">\n\t\t\t\t\t<div class=\"elementor-column elementor-col-100 elementor-top-column elementor-element elementor-element-d466231\" data-id=\"d466231\" data-element_type=\"column\" data-e-type=\"column\">\n\t\t\t<div class=\"elementor-widget-wrap elementor-element-populated\">\n\t\t\t\t\t\t<div class=\"elementor-element elementor-element-4806a01 elementor-widget elementor-widget-spacer\" data-id=\"4806a01\" data-element_type=\"widget\" data-e-type=\"widget\" data-widget_type=\"spacer.default\">\n\t\t\t\t<div class=\"elementor-widget-container\">\n\t\t\t\t\t\t\t<div class=\"elementor-spacer\">\n\t\t\t<div class=\"elementor-spacer-inner\"><\/div>\n\t\t<\/div>\n\t\t\t\t\t\t<\/div>\n\t\t\t\t<\/div>\n\t\t\t\t<div class=\"elementor-element elementor-element-9cdf720 elementor-widget-divider--view-line elementor-widget elementor-widget-divider\" data-id=\"9cdf720\" data-element_type=\"widget\" data-e-type=\"widget\" data-widget_type=\"divider.default\">\n\t\t\t\t<div class=\"elementor-widget-container\">\n\t\t\t\t\t\t\t<div class=\"elementor-divider\">\n\t\t\t<span class=\"elementor-divider-separator\">\n\t\t\t\t\t\t<\/span>\n\t\t<\/div>\n\t\t\t\t\t\t<\/div>\n\t\t\t\t<\/div>\n\t\t\t\t<div class=\"elementor-element elementor-element-7626674 e-transform elementor-widget elementor-widget-heading\" data-id=\"7626674\" data-element_type=\"widget\" data-e-type=\"widget\" data-settings=\"{&quot;_transform_translateX_effect&quot;:{&quot;unit&quot;:&quot;px&quot;,&quot;size&quot;:9,&quot;sizes&quot;:[]},&quot;_transform_translateX_effect_tablet&quot;:{&quot;unit&quot;:&quot;px&quot;,&quot;size&quot;:&quot;&quot;,&quot;sizes&quot;:[]},&quot;_transform_translateX_effect_mobile&quot;:{&quot;unit&quot;:&quot;px&quot;,&quot;size&quot;:&quot;&quot;,&quot;sizes&quot;:[]},&quot;_transform_translateY_effect&quot;:{&quot;unit&quot;:&quot;px&quot;,&quot;size&quot;:&quot;&quot;,&quot;sizes&quot;:[]},&quot;_transform_translateY_effect_tablet&quot;:{&quot;unit&quot;:&quot;px&quot;,&quot;size&quot;:&quot;&quot;,&quot;sizes&quot;:[]},&quot;_transform_translateY_effect_mobile&quot;:{&quot;unit&quot;:&quot;px&quot;,&quot;size&quot;:&quot;&quot;,&quot;sizes&quot;:[]}}\" data-widget_type=\"heading.default\">\n\t\t\t\t<div class=\"elementor-widget-container\">\n\t\t\t\t\t<h5 class=\"elementor-heading-title elementor-size-default\">\u2022\u0300.\u032b\u2022\u0301\u2727 \u275dC\u00f3 b\u1ea5t k\u1ef3 c\u00e2u h\u1ecfi n\u00e0o kh\u00f4ng?\u275e <\/h5>\t\t\t\t<\/div>\n\t\t\t\t<\/div>\n\t\t\t\t<div class=\"elementor-element elementor-element-244f059 elementor-widget elementor-widget-heading\" data-id=\"244f059\" data-element_type=\"widget\" data-e-type=\"widget\" data-widget_type=\"heading.default\">\n\t\t\t\t<div class=\"elementor-widget-container\">\n\t\t\t\t\t<h2 class=\"elementor-heading-title elementor-size-default\">\u25be\u25be\u25be\u25be\u25be\u25be\u25be\u25be\u25be\u25be\u25be\u25be<\/h2>\t\t\t\t<\/div>\n\t\t\t\t<\/div>\n\t\t\t\t\t<\/div>\n\t\t<\/div>\n\t\t\t\t\t<\/div>\n\t\t<\/section>\n\t\t\t\t<section class=\"elementor-section elementor-top-section elementor-element elementor-element-6acea57 elementor-section-boxed elementor-section-height-default elementor-section-height-default\" data-id=\"6acea57\" data-element_type=\"section\" data-e-type=\"section\">\n\t\t\t\t\t\t<div class=\"elementor-container elementor-column-gap-default\">\n\t\t\t\t\t<div class=\"elementor-column elementor-col-100 elementor-top-column elementor-element elementor-element-47dff3e\" data-id=\"47dff3e\" data-element_type=\"column\" data-e-type=\"column\">\n\t\t\t<div class=\"elementor-widget-wrap elementor-element-populated\">\n\t\t\t\t\t\t<div class=\"elementor-element elementor-element-0c81ae4 elementor-align-center elementor-invisible elementor-widget elementor-widget-button\" data-id=\"0c81ae4\" data-element_type=\"widget\" data-e-type=\"widget\" data-settings=\"{&quot;_animation&quot;:&quot;fadeIn&quot;}\" data-widget_type=\"button.default\">\n\t\t\t\t<div class=\"elementor-widget-container\">\n\t\t\t\t\t\t\t\t\t<div class=\"elementor-button-wrapper\">\n\t\t\t\t\t<a class=\"elementor-button elementor-button-link elementor-size-sm elementor-animation-bounce-in\" href=\"https:\/\/honwaygroup.com\/?page_id=19082&#038;lang=en\" target=\"_blank\" id=\"contacthonway\">\n\t\t\t\t\t\t<span class=\"elementor-button-content-wrapper\">\n\t\t\t\t\t\t\t\t\t<span class=\"elementor-button-text\">Li\u00ean h\u1ec7 HonWay<\/span>\n\t\t\t\t\t<\/span>\n\t\t\t\t\t<\/a>\n\t\t\t\t<\/div>\n\t\t\t\t\t\t\t\t<\/div>\n\t\t\t\t<\/div>\n\t\t\t\t<div class=\"elementor-element elementor-element-7253687 elementor-shape-circle elementor-grid-0 e-grid-align-center elementor-widget elementor-widget-social-icons\" data-id=\"7253687\" data-element_type=\"widget\" data-e-type=\"widget\" data-widget_type=\"social-icons.default\">\n\t\t\t\t<div class=\"elementor-widget-container\">\n\t\t\t\t\t\t\t<div class=\"elementor-social-icons-wrapper elementor-grid\" role=\"list\">\n\t\t\t\t\t\t\t<span class=\"elementor-grid-item\" role=\"listitem\">\n\t\t\t\t\t<a class=\"elementor-icon elementor-social-icon elementor-social-icon-facebook elementor-repeater-item-89edbab\" href=\"http:\/\/www.facebook.com\/honwaygroup\" target=\"_blank\" rel=\"nofollow noopener\">\n\t\t\t\t\t\t<span class=\"elementor-screen-only\">Facebook<\/span>\n\t\t\t\t\t\t<i aria-hidden=\"true\" class=\"fab fa-facebook\"><\/i>\t\t\t\t\t<\/a>\n\t\t\t\t<\/span>\n\t\t\t\t\t\t\t<span class=\"elementor-grid-item\" role=\"listitem\">\n\t\t\t\t\t<a class=\"elementor-icon elementor-social-icon elementor-social-icon-line elementor-repeater-item-c37d6e5\" href=\"https:\/\/page.line.me\/kob3665o\" target=\"_blank\" rel=\"nofollow noopener\">\n\t\t\t\t\t\t<span class=\"elementor-screen-only\">Line<\/span>\n\t\t\t\t\t\t<i aria-hidden=\"true\" class=\"fab fa-line\"><\/i>\t\t\t\t\t<\/a>\n\t\t\t\t<\/span>\n\t\t\t\t\t\t\t<span class=\"elementor-grid-item\" role=\"listitem\">\n\t\t\t\t\t<a class=\"elementor-icon elementor-social-icon elementor-social-icon-youtube elementor-repeater-item-298edca\" href=\"https:\/\/www.youtube.com\/@HonWayMaterialsCoLtd\/videos\" target=\"_blank\" rel=\"nofollow noopener\">\n\t\t\t\t\t\t<span class=\"elementor-screen-only\">Youtube<\/span>\n\t\t\t\t\t\t<i aria-hidden=\"true\" class=\"fab fa-youtube\"><\/i>\t\t\t\t\t<\/a>\n\t\t\t\t<\/span>\n\t\t\t\t\t\t\t<span class=\"elementor-grid-item\" role=\"listitem\">\n\t\t\t\t\t<a class=\"elementor-icon elementor-social-icon elementor-social-icon-envelope elementor-repeater-item-0eb7763\" href=\"mailto:service@honwaygroup.com\" target=\"_blank\">\n\t\t\t\t\t\t<span class=\"elementor-screen-only\">Envelope<\/span>\n\t\t\t\t\t\t<i aria-hidden=\"true\" class=\"fas fa-envelope\"><\/i>\t\t\t\t\t<\/a>\n\t\t\t\t<\/span>\n\t\t\t\t\t<\/div>\n\t\t\t\t\t\t<\/div>\n\t\t\t\t<\/div>\n\t\t\t\t\t<\/div>\n\t\t<\/div>\n\t\t\t\t\t<\/div>\n\t\t<\/section>\n\t\t\t\t<section class=\"elementor-section elementor-top-section elementor-element elementor-element-fe01d3a elementor-section-boxed elementor-section-height-default elementor-section-height-default\" data-id=\"fe01d3a\" data-element_type=\"section\" data-e-type=\"section\">\n\t\t\t\t\t\t<div class=\"elementor-container elementor-column-gap-default\">\n\t\t\t\t\t<div class=\"elementor-column elementor-col-100 elementor-top-column elementor-element elementor-element-b4519ea\" data-id=\"b4519ea\" data-element_type=\"column\" data-e-type=\"column\">\n\t\t\t<div class=\"elementor-widget-wrap\">\n\t\t\t\t\t\t\t<\/div>\n\t\t<\/div>\n\t\t\t\t\t<\/div>\n\t\t<\/section>\n\t\t\t\t<\/div>\n\t\t","protected":false},"excerpt":{"rendered":"<p>{Hoan ngh\u00eanh b\u1ea1n g\u1eedi y\u00eau c\u1ea7u th\u00f4ng tin}<\/p>\n<p><strong>Europium\uff0fEu<\/strong><\/p>\n<p><strong>Europium th\u1eadt s\u1ef1 n\u1ed5i b\u1eadt l\u00e0 nguy\u00ean t\u1ed1 \u0111\u1ea5t hi\u1ebfm ho\u1ea1t \u0111\u1ed9ng m\u1ea1nh nh\u1ea5t.<\/strong><strong>Europium \u0111\u01b0\u1ee3c s\u1eed d\u1ee5ng ch\u1ee7 y\u1ebfu trong b\u1ed9t hu\u1ef3nh quang v\u00e0 \u0111\u01b0\u1ee3c \u1ee9ng d\u1ee5ng r\u1ed9ng r\u00e3i trong c\u00e1c v\u1eadt li\u1ec7u ki\u1ec3m so\u00e1t l\u00f2 ph\u1ea3n \u1ee9ng c\u0169ng nh\u01b0 c\u00e1c v\u1eadt li\u1ec7u ch\u1eafn neutron.<br \/>Oxit Europium c\u00f3 th\u1ec3 \u0111\u01b0\u1ee3c s\u1eed d\u1ee5ng l\u00e0m ch\u1ea5t ph\u1ee5 gia \u0111\u1ec3 t\u0103ng hi\u1ec7u su\u1ea5t c\u1ee7a phosphor \u0111\u1ecf, \u0111\u1ed3ng th\u1eddi c\u1ea3i thi\u1ec7n hi\u1ec7u qu\u1ea3 n\u0103ng l\u01b0\u1ee3ng c\u1ee7a \u0111\u00e8n hu\u1ef3nh quang. <\/strong><\/p>\n<p><strong>TREO\uff1a99%<\/strong><\/p>\n<p><strong>Purity\uff1a99%-99.999%<\/strong><\/p>\n<p><strong>H\u00f3a h\u1ecdc<\/strong><\/p>\n<p><strong>T\u00ednh ch\u1ea5t: <strong>Tinh th\u1ec3 m\u00e0u tr\u1eafng.<\/strong><strong><\/strong><\/strong><\/p>\n<p>\u1ee8ng d\u1ee5ng: Chu\u1ea9n b\u1ecb c\u00e1c h\u1ee3p ch\u1ea5t kim lo\u1ea1i h\u1eefu c\u01a1 c\u1ee7a Europium.<strong><\/strong><\/p>\n","protected":false},"featured_media":85014,"template":"","meta":{"site-sidebar-layout":"default","site-content-layout":"default","ast-site-content-layout":"default","site-content-style":"default","site-sidebar-style":"default","ast-global-header-display":"","ast-banner-title-visibility":"","ast-main-header-display":"","ast-hfb-above-header-display":"","ast-hfb-below-header-display":"","ast-hfb-mobile-header-display":"","site-post-title":"","ast-breadcrumbs-content":"","ast-featured-img":"","footer-sml-layout":"","ast-disable-related-posts":"","theme-transparent-header-meta":"default","adv-header-id-meta":"","stick-header-meta":"default","header-above-stick-meta":"","header-main-stick-meta":"","header-below-stick-meta":"","astra-migrate-meta-layouts":"default","ast-page-background-enabled":"default","ast-page-background-meta":{"desktop":{"background-color":"var(--ast-global-color-5)","background-image":"","background-repeat":"repeat","background-position":"center center","background-size":"auto","background-attachment":"scroll","background-type":"","background-media":"","overlay-type":"","overlay-color":"","overlay-opacity":"","overlay-gradient":""},"tablet":{"background-color":"","background-image":"","background-repeat":"repeat","background-position":"center center","background-size":"auto","background-attachment":"scroll","background-type":"","background-media":"","overlay-type":"","overlay-color":"","overlay-opacity":"","overlay-gradient":""},"mobile":{"background-color":"","background-image":"","background-repeat":"repeat","background-position":"center center","background-size":"auto","background-attachment":"scroll","background-type":"","background-media":"","overlay-type":"","overlay-color":"","overlay-opacity":"","overlay-gradient":""}},"ast-content-background-meta":{"desktop":{"background-color":"var(--ast-global-color-4)","background-image":"","background-repeat":"repeat","background-position":"center center","background-size":"auto","background-attachment":"scroll","background-type":"","background-media":"","overlay-type":"","overlay-color":"","overlay-opacity":"","overlay-gradient":""},"tablet":{"background-color":"var(--ast-global-color-4)","background-image":"","background-repeat":"repeat","background-position":"center center","background-size":"auto","background-attachment":"scroll","background-type":"","background-media":"","overlay-type":"","overlay-color":"","overlay-opacity":"","overlay-gradient":""},"mobile":{"background-color":"var(--ast-global-color-4)","background-image":"","background-repeat":"repeat","background-position":"center center","background-size":"auto","background-attachment":"scroll","background-type":"","background-media":"","overlay-type":"","overlay-color":"","overlay-opacity":"","overlay-gradient":""}}},"product_brand":[],"product_cat":[4701,4360,4690,4350,4305],"product_tag":[5035,4870,4892,4935,4937],"class_list":{"0":"post-85013","1":"product","2":"type-product","3":"status-publish","4":"has-post-thumbnail","6":"product_cat-bot","7":"product_cat-europium-vi","8":"product_cat-muoi-clorua","9":"product_cat-nguyen-lieu-dat-hiem","10":"product_cat-nguyen-lieu-hoa-hoc","11":"product_tag-europium-vi","12":"product_tag-europium-chloride-vi-2","13":"product_tag-vat-lieu-dac-biet","14":"product_tag-vat-lieu-dat-hiem","15":"product_tag-vat-lieu-quy-hiem","16":"desktop-align-left","17":"tablet-align-left","18":"mobile-align-left","19":"ast-product-gallery-layout-horizontal-slider","20":"ast-product-gallery-with-no-image","21":"ast-product-tabs-layout-horizontal","23":"first","24":"instock","25":"taxable","26":"shipping-taxable","27":"product-type-simple"},"_links":{"self":[{"href":"https:\/\/honwaygroup.com\/vi\/wp-json\/wp\/v2\/product\/85013","targetHints":{"allow":["GET"]}}],"collection":[{"href":"https:\/\/honwaygroup.com\/vi\/wp-json\/wp\/v2\/product"}],"about":[{"href":"https:\/\/honwaygroup.com\/vi\/wp-json\/wp\/v2\/types\/product"}],"version-history":[{"count":0,"href":"https:\/\/honwaygroup.com\/vi\/wp-json\/wp\/v2\/product\/85013\/revisions"}],"wp:featuredmedia":[{"embeddable":true,"href":"https:\/\/honwaygroup.com\/vi\/wp-json\/wp\/v2\/media\/85014"}],"wp:attachment":[{"href":"https:\/\/honwaygroup.com\/vi\/wp-json\/wp\/v2\/media?parent=85013"}],"wp:term":[{"taxonomy":"product_brand","embeddable":true,"href":"https:\/\/honwaygroup.com\/vi\/wp-json\/wp\/v2\/product_brand?post=85013"},{"taxonomy":"product_cat","embeddable":true,"href":"https:\/\/honwaygroup.com\/vi\/wp-json\/wp\/v2\/product_cat?post=85013"},{"taxonomy":"product_tag","embeddable":true,"href":"https:\/\/honwaygroup.com\/vi\/wp-json\/wp\/v2\/product_tag?post=85013"}],"curies":[{"name":"wp","href":"https:\/\/api.w.org\/{rel}","templated":true}]}}