{"id":85003,"date":"2013-12-25T07:23:52","date_gmt":"2013-12-24T23:23:52","guid":{"rendered":"https:\/\/honwaygroup.com\/product\/diamond-boutique\/"},"modified":"2013-12-25T07:23:52","modified_gmt":"2013-12-24T23:23:52","slug":"diamond-boutique","status":"publish","type":"product","link":"https:\/\/honwaygroup.com\/vi\/product\/diamond-boutique\/","title":{"rendered":"Diamond Boutique"},"content":{"rendered":"<p>Ai n\u00f3i r\u1eb1ng b\u1ed9t kim c\u01b0\u01a1ng c\u00f4ng nghi\u1ec7p ch\u1ec9 c\u00f3 th\u1ec3 \u0111\u01b0\u1ee3c s\u1eed d\u1ee5ng nh\u01b0 ch\u1ea5t m\u00e0i m\u00f2n? Ch\u00fang t\u00f4i c\u00f2n c\u00f3 th\u1ec3 bi\u1ebfn n\u00f3 th\u00e0nh nh\u1eefng s\u1ea3n ph\u1ea9m tinh t\u1ebf! \u0110\u1ed9 l\u1ea5p l\u00e1nh \u0111\u1ea7y m\u00ea ho\u1eb7c ch\u1eafc ch\u1eafn s\u1ebd khi\u1ebfn m\u1ecdi ng\u01b0\u1eddi y\u00eau th\u00edch! <\/p>\n<p>Hi\u1ec7n t\u1ea1i c\u00f3 s\u1ea3n ph\u1ea9m m\u1edbi l\u00e0 &#8220;Ch\u00fa heo kim c\u01b0\u01a1ng&#8221; v\u00e0 s\u1eafp ra m\u1eaft &#8220;\u0110\u1ed3ng h\u1ed3 c\u00e1t kim c\u01b0\u01a1ng.&#8221; B\u1ea3n v\u1ebd 3D \u0111\u00e3 ho\u00e0n th\u00e0nh, ch\u00e0o \u0111\u00f3n c\u00e1c y\u00eau c\u1ea7u t\u00f9y ch\u1ec9nh!<\/p>\n<p>Th\u1eddi gian gi\u1ed1ng nh\u01b0 kim c\u01b0\u01a1ng, 25 carat m\u1ed7i ph\u00fat, t\u01b0\u01a1ng \u0111\u01b0\u01a1ng v\u1edbi 4 tri\u1ec7u h\u1ea1t b\u1ed9t kim c\u01b0\u01a1ng r\u01a1i xu\u1ed1ng nh\u01b0 m\u1ed9t th\u00e1c n\u01b0\u1edbc, mang \u0111\u1ebfn c\u1ea3m gi\u00e1c qu\u00fd gi\u00e1 v\u1ec1 th\u1eddi gian.<\/p>\n<p>N\u00f3 s\u1ebd c\u00f3 m\u1eb7t t\u1ea1i Dream Mall v\u00e0o th\u00e1ng t\u1edbi.<\/p>\n<p>H\u00e3y gh\u00e9 th\u0103m ch\u00fang t\u00f4i khi b\u1ea1n c\u00f3 th\u1eddi gian.<\/p>\n<figure id=\"attachment_490\" aria-describedby=\"caption-attachment-490\" style=\"width: 655px\" class=\"wp-caption alignnone\"><a href=\"https:\/\/honwaygroup.com\/wp-content\/uploads\/2013\/12\/%E6%B2%99%E6%BC%8F2.jpg\"><img fetchpriority=\"high\" decoding=\"async\" class=\"size-full wp-image-490\" src=\"https:\/\/honwaygroup.com\/wp-content\/uploads\/2013\/12\/%E6%B2%99%E6%BC%8F2.jpg\" alt=\"\u0110\u1ed3ng h\u1ed3 c\u00e1t kim c\u01b0\u01a1ng:\" width=\"655\" height=\"526\"><\/a><figcaption id=\"caption-attachment-490\" class=\"wp-caption-text\">Th\u1eddi gian gi\u1ed1ng nh\u01b0 kim c\u01b0\u01a1ng, 25 carat m\u1ed7i ph\u00fat, t\u01b0\u01a1ng \u0111\u01b0\u01a1ng v\u1edbi 4 tri\u1ec7u h\u1ea1t b\u1ed9t kim c\u01b0\u01a1ng r\u01a1i xu\u1ed1ng nh\u01b0 m\u1ed9t th\u00e1c n\u01b0\u1edbc, mang \u0111\u1ebfn c\u1ea3m gi\u00e1c qu\u00fd gi\u00e1 v\u1ec1 th\u1eddi gian.<\/figcaption><\/figure>\n<figure id=\"attachment_16087\" aria-describedby=\"caption-attachment-16087\" style=\"width: 1024px\" class=\"wp-caption alignnone\"><a href=\"https:\/\/honwaygroup.com\/wp-content\/uploads\/2013\/12\/%E9%91%BD%E7%9F%B3%E7%B2%BE%E9%A3%BE%E5%93%81_o.jpg\"><img decoding=\"async\" class=\"wp-image-488 size-full\" src=\"https:\/\/honwaygroup.com\/wp-content\/uploads\/2013\/12\/%E9%91%BD%E7%9F%B3%E7%B2%BE%E9%A3%BE%E5%93%81_o.jpg\" alt=\"Ch\u00fa heo kim c\u01b0\u01a1ng\" width=\"1024\" height=\"768\"><\/a><figcaption id=\"caption-attachment-16087\" class=\"wp-caption-text\">\u0110\u1ea3m b\u1ea3o r\u1eb1ng b\u1ea1n s\u1ebd l\u00e0 m\u1ed9t &#8220;ch\u00fa heo ki\u1ebfm ti\u1ec1n&#8221; \u0111\u1ea7y may m\u1eafn.<\/figcaption><\/figure>\n<p>C\u00f3 c\u00e2u h\u1ecfi n\u00e0o kh\u00f4ng? <a href=\"https:\/\/honwaygroup.com\/vi\/lien-he-voi-honway\/\">Li\u00ean h\u1ec7 HonWay<\/a><\/p>\n","protected":false},"excerpt":{"rendered":"<p>{Hoan ngh\u00eanh b\u1ea1n g\u1eedi y\u00eau c\u1ea7u th\u00f4ng tin}<\/p>\n","protected":false},"featured_media":85004,"template":"","meta":{"site-sidebar-layout":"default","site-content-layout":"default","ast-site-content-layout":"default","site-content-style":"default","site-sidebar-style":"default","ast-global-header-display":"","ast-banner-title-visibility":"","ast-main-header-display":"","ast-hfb-above-header-display":"","ast-hfb-below-header-display":"","ast-hfb-mobile-header-display":"","site-post-title":"","ast-breadcrumbs-content":"","ast-featured-img":"","footer-sml-layout":"","ast-disable-related-posts":"","theme-transparent-header-meta":"default","adv-header-id-meta":"","stick-header-meta":"default","header-above-stick-meta":"","header-main-stick-meta":"","header-below-stick-meta":"","astra-migrate-meta-layouts":"default","ast-page-background-enabled":"default","ast-page-background-meta":{"desktop":{"background-color":"var(--ast-global-color-5)","background-image":"","background-repeat":"repeat","background-position":"center center","background-size":"auto","background-attachment":"scroll","background-type":"","background-media":"","overlay-type":"","overlay-color":"","overlay-opacity":"","overlay-gradient":""},"tablet":{"background-color":"","background-image":"","background-repeat":"repeat","background-position":"center center","background-size":"auto","background-attachment":"scroll","background-type":"","background-media":"","overlay-type":"","overlay-color":"","overlay-opacity":"","overlay-gradient":""},"mobile":{"background-color":"","background-image":"","background-repeat":"repeat","background-position":"center center","background-size":"auto","background-attachment":"scroll","background-type":"","background-media":"","overlay-type":"","overlay-color":"","overlay-opacity":"","overlay-gradient":""}},"ast-content-background-meta":{"desktop":{"background-color":"var(--ast-global-color-4)","background-image":"","background-repeat":"repeat","background-position":"center center","background-size":"auto","background-attachment":"scroll","background-type":"","background-media":"","overlay-type":"","overlay-color":"","overlay-opacity":"","overlay-gradient":""},"tablet":{"background-color":"var(--ast-global-color-4)","background-image":"","background-repeat":"repeat","background-position":"center center","background-size":"auto","background-attachment":"scroll","background-type":"","background-media":"","overlay-type":"","overlay-color":"","overlay-opacity":"","overlay-gradient":""},"mobile":{"background-color":"var(--ast-global-color-4)","background-image":"","background-repeat":"repeat","background-position":"center center","background-size":"auto","background-attachment":"scroll","background-type":"","background-media":"","overlay-type":"","overlay-color":"","overlay-opacity":"","overlay-gradient":""}}},"product_brand":[],"product_cat":[4397],"product_tag":[],"class_list":{"0":"post-85003","1":"product","2":"type-product","3":"status-publish","4":"has-post-thumbnail","6":"product_cat-san-pham-kim-cuong-cao-cap","7":"desktop-align-left","8":"tablet-align-left","9":"mobile-align-left","10":"ast-product-gallery-layout-horizontal-slider","11":"ast-product-gallery-with-no-image","12":"ast-product-tabs-layout-horizontal","14":"first","15":"instock","16":"taxable","17":"shipping-taxable","18":"product-type-simple"},"_links":{"self":[{"href":"https:\/\/honwaygroup.com\/vi\/wp-json\/wp\/v2\/product\/85003","targetHints":{"allow":["GET"]}}],"collection":[{"href":"https:\/\/honwaygroup.com\/vi\/wp-json\/wp\/v2\/product"}],"about":[{"href":"https:\/\/honwaygroup.com\/vi\/wp-json\/wp\/v2\/types\/product"}],"version-history":[{"count":0,"href":"https:\/\/honwaygroup.com\/vi\/wp-json\/wp\/v2\/product\/85003\/revisions"}],"wp:featuredmedia":[{"embeddable":true,"href":"https:\/\/honwaygroup.com\/vi\/wp-json\/wp\/v2\/media\/85004"}],"wp:attachment":[{"href":"https:\/\/honwaygroup.com\/vi\/wp-json\/wp\/v2\/media?parent=85003"}],"wp:term":[{"taxonomy":"product_brand","embeddable":true,"href":"https:\/\/honwaygroup.com\/vi\/wp-json\/wp\/v2\/product_brand?post=85003"},{"taxonomy":"product_cat","embeddable":true,"href":"https:\/\/honwaygroup.com\/vi\/wp-json\/wp\/v2\/product_cat?post=85003"},{"taxonomy":"product_tag","embeddable":true,"href":"https:\/\/honwaygroup.com\/vi\/wp-json\/wp\/v2\/product_tag?post=85003"}],"curies":[{"name":"wp","href":"https:\/\/api.w.org\/{rel}","templated":true}]}}