{"id":84986,"date":"2013-12-25T07:25:51","date_gmt":"2013-12-24T23:25:51","guid":{"rendered":"https:\/\/honwaygroup.com\/product\/bot-kim-cuong-nano-don-tinh-the\/"},"modified":"2013-12-25T07:25:51","modified_gmt":"2013-12-24T23:25:51","slug":"bot-kim-cuong-nano-don-tinh-the","status":"publish","type":"product","link":"https:\/\/honwaygroup.com\/vi\/product\/bot-kim-cuong-nano-don-tinh-the\/","title":{"rendered":"B\u1ed9t kim c\u01b0\u01a1ng nano (\u0110\u01a1n tinh th\u1ec3)"},"content":{"rendered":"<h3><strong>B\u1ed9t kim c\u01b0\u01a1ng nano (\u0110\u01a1n tinh th\u1ec3)<\/strong><\/h3>\n<blockquote>\n<h4><b>M\u00e0i\/\u0110\u00e1nh b\u00f3ng<\/b><\/h4>\n<\/blockquote>\n<p>&nbsp;<\/p>\n<h3><\/h3>\n<h3><strong>Kim c\u01b0\u01a1ng nano<\/strong><\/h3>\n<p>Kim c\u01b0\u01a1ng nano \u0111\u01b0\u1ee3c t\u1ea1o ra b\u1eb1ng c\u00e1ch s\u1eed d\u1ee5ng ch\u1ea5t n\u1ed5 c\u00e2n b\u1eb1ng oxy \u00e2m trong qu\u00e1 tr\u00ecnh n\u1ed5 c\u1ee7a carbon t\u1ef1 do. Qu\u00e1 tr\u00ecnh n\u00e0y ki\u1ec3m so\u00e1t \u00e1p su\u1ea5t v\u00e0 nhi\u1ec7t \u0111\u1ed9 \u0111\u1ec3 t\u1ea1o ra c\u00e1c h\u1ea1t kim c\u01b0\u01a1ng vi tinh th\u1ec3 c\u00f3 \u0111\u01b0\u1eddng k\u00ednh t\u1eeb 5-20 nm. Nh\u1edd \u0111i\u1ec1u ki\u1ec7n t\u1ed5ng h\u1ee3p \u0111\u1eb7c bi\u1ec7t, c\u00e1c h\u1ea1t c\u01a1 b\u1ea3n g\u1ea7n nh\u01b0 c\u00f3 d\u1ea1ng h\u00ecnh c\u1ea7u v\u00e0 b\u1ec1 m\u1eb7t ch\u1ee9a nhi\u1ec1u nh\u00f3m ch\u1ee9c n\u0103ng, v\u1edbi di\u1ec7n t\u00edch b\u1ec1 m\u1eb7t t\u0103ng g\u1ea5p b\u1ed9i so v\u1edbi c\u00e1c s\u1ea3n ph\u1ea9m kim c\u01b0\u01a1ng th\u00f4ng th\u01b0\u1eddng. Kim c\u01b0\u01a1ng nano kh\u00f4ng ch\u1ec9 c\u00f3 \u0111\u1ed9 c\u1ee9ng tuy\u1ec7t v\u1eddi c\u1ee7a kim c\u01b0\u01a1ng m\u00e0 c\u00f2n c\u00f3 c\u00e1c t\u00ednh ch\u1ea5t m\u1edbi c\u1ee7a v\u1eadt li\u1ec7u nano ch\u1ee9c n\u0103ng.<\/p>\n<blockquote>\n<h4><strong>Chuy\u00ean m\u00f4n: Ch\u00fang t\u00f4i chuy\u00ean v\u1ec1 tinh ch\u1ebf, bi\u1ebfn \u0111\u1ed5i b\u1ec1 m\u1eb7t v\u00e0 ph\u00e2n lo\u1ea1i m\u1ecbn c\u00e1c s\u1ea3n ph\u1ea9m kim c\u01b0\u01a1ng nano ban \u0111\u1ea7u theo y\u00eau c\u1ea7u c\u1ee7a c\u00e1c \u1ee9ng d\u1ee5ng kh\u00e1c nhau.<\/strong><\/h4>\n<\/blockquote>\n<h4><b>C\u00f3 hai lo\u1ea1i s\u1ea3n ph\u1ea9m: <\/b><\/h4>\n<ol>\n<li><b>B\u1ed9t m\u00e0u \u0111en<\/b><\/li>\n<li><b style=\"font-style: inherit;\">B\u1ed9t m\u00e0u x\u00e1m<\/b><\/li>\n<\/ol>\n<h4> <b>\u1ee8ng d\u1ee5ng c\u1ee7a kim c\u01b0\u01a1ng nano<\/b><b>:<\/b><\/h4>\n<ul>\n<li>M\u00e0i v\u00e0 \u0111\u00e1nh b\u00f3ng t\u1ef1 do: S\u1eed d\u1ee5ng tr\u1ef1c ti\u1ebfp v\u1edbi h\u1ea1t m\u00e0i ho\u1eb7c h\u1ed7n h\u1ee3p l\u00e0m t\u1eeb b\u1ed9t si\u00eau m\u1ecbn, ph\u1ed5 bi\u1ebfn trong gia c\u00f4ng v\u1eadt li\u1ec7u kim lo\u1ea1i, h\u1ee3p kim c\u1ee9ng, g\u1ed1m s\u1ee9 v\u00e0 k\u00ednh quang h\u1ecdc.<\/li>\n<li>S\u1ea3n xu\u1ea5t b\u00e1nh m\u00e0i tinh v\u00e0 si\u00eau tinh: \u0110\u01b0\u1ee3c \u1ee9ng d\u1ee5ng trong nhi\u1ec1u ng\u00e0nh c\u00f4ng nghi\u1ec7p \u0111\u00f2i h\u1ecfi \u0111\u1ed9 ch\u00ednh x\u00e1c cao.<\/li>\n<li>S\u1ea3n xu\u1ea5t kim c\u01b0\u01a1ng \u0111a tinh th\u1ec3: D\u00f9ng l\u00e0m nguy\u00ean li\u1ec7u ch\u00ednh cho c\u00e1c c\u00f4ng c\u1ee5 \u0111\u1ecba ch\u1ea5t, c\u1eaft d\u1ea7u kh\u00ed, khu\u00f4n k\u00e9o d\u00e2y, v.v.<\/li>\n<li>T\u0103ng kh\u1ea3 n\u0103ng ch\u1ed1ng m\u00e0i m\u00f2n: Kim c\u01b0\u01a1ng nano \u0111\u01b0\u1ee3c m\u1ea1 l\u00ean b\u1ec1 m\u1eb7t m\u1ed9t s\u1ed1 ph\u00f4i \u0111\u1ec3 t\u0103ng kh\u1ea3 n\u0103ng ch\u1ed1ng m\u00e0i m\u00f2n.<\/li>\n<\/ul>\n<p>Nano kim c\u01b0\u01a1ng c\u00f3 \u0111\u1ed9 tinh khi\u1ebft cao kh\u00f4ng g\u00e2y <a href=\"https:\/\/baike.baidu.hk\/item\/%E6%8E%92%E7%95%B0%E5%8F%8D%E6%87%89\/10730434\" rel=\"nofollow noopener\" target=\"_blank\">ph\u1ea3n \u1ee9ng sinh h\u1ecdc<\/a>, v\u00e0 nh\u1edd di\u1ec7n t\u00edch b\u1ec1 m\u1eb7t l\u1edbn c\u00f9ng kh\u1ea3 n\u0103ng h\u1ea5p th\u1ee5 m\u1ea1nh, ch\u00fang c\u00f3 \u1ee9ng d\u1ee5ng t\u1ed1t trong l\u0129nh v\u1ef1c y t\u1ebf, sinh h\u1ecdc v\u00e0 m\u1ef9 ph\u1ea9m.<\/p>\n<div>Kim c\u01b0\u01a1ng nano \u0111\u01b0\u1ee3c t\u1ea1o ra b\u1eb1ng c\u00e1ch s\u1eed d\u1ee5ng ch\u1ea5t n\u1ed5 c\u00e2n b\u1eb1ng oxy \u00e2m trong qu\u00e1 tr\u00ecnh n\u1ed5 c\u1ee7a carbon t\u1ef1 do. Qu\u00e1 tr\u00ecnh n\u00e0y ki\u1ec3m so\u00e1t \u00e1p su\u1ea5t v\u00e0 nhi\u1ec7t \u0111\u1ed9, t\u1ea1o th\u00e0nh c\u00e1c h\u1ea1t vi tinh th\u1ec3 kim c\u01b0\u01a1ng c\u00f3 k\u00edch th\u01b0\u1edbc h\u1ea1t t\u1eeb 5-20 nm.<br \/>Nh\u1edd \u0111i\u1ec1u ki\u1ec7n t\u1ed5ng h\u1ee3p \u0111\u1eb7c bi\u1ec7t, c\u00e1c h\u1ea1t c\u01a1 b\u1ea3n g\u1ea7n nh\u01b0 c\u00f3 d\u1ea1ng h\u00ecnh c\u1ea7u, v\u1edbi b\u1ec1 m\u1eb7t ch\u1ee9a nhi\u1ec1u nh\u00f3m ch\u1ee9c n\u0103ng phong ph\u00fa. Di\u1ec7n t\u00edch b\u1ec1 m\u1eb7t c\u1ee7a kim c\u01b0\u01a1ng nano t\u0103ng g\u1ea5p b\u1ed9i so v\u1edbi c\u00e1c s\u1ea3n ph\u1ea9m kim c\u01b0\u01a1ng th\u00f4ng th\u01b0\u1eddng.<br \/>Kim c\u01b0\u01a1ng nano kh\u00f4ng ch\u1ec9 v\u01b0\u1ee3t tr\u1ed9i v\u1ec1 \u0111\u1ed9 c\u1ee9ng v\u00e0 t\u00ednh m\u00e0i m\u00f2n so v\u1edbi kim c\u01b0\u01a1ng nh\u00e2n t\u1ea1o th\u00f4ng th\u01b0\u1eddng, m\u00e0 c\u00f2n s\u1edf h\u1eefu nh\u1eefng \u0111\u1eb7c t\u00ednh m\u1edbi c\u1ee7a v\u1eadt li\u1ec7u ch\u1ee9c n\u0103ng \u1edf c\u1ea5p \u0111\u1ed9 nano.<\/div>\n<div><strong style=\"font-size: 1.3em;\"><br \/>\nNano Diamond Specifications<\/strong><\/div>\n<div>\n<table border=\"0\" cellspacing=\"3\" cellpadding=\"5\" align=\"center\">\n<tbody>\n<tr>\n<td colspan=\"3\">\n<div><strong>Th\u00f4ng s\u1ed1 chung<\/strong><\/div>\n<\/td>\n<td><strong>\u0110\u01a1n v\u1ecb: Nano<\/strong><\/td>\n<\/tr>\n<tr>\n<td>50nm<\/td>\n<td>80nm<\/td>\n<td>100nm<\/td>\n<td>120nm<\/td>\n<\/tr>\n<tr>\n<td>150nm<\/td>\n<td>200nm<\/td>\n<td>300nm<\/td>\n<td>500nm<\/td>\n<\/tr>\n<tr>\n<td>800nm<\/td>\n<td>1000nm<\/td>\n<td><\/td>\n<td><\/td>\n<\/tr>\n<\/tbody>\n<\/table>\n<\/div>\n<ul>\n<li><strong> T\u1ea5t c\u1ea3 c\u00e1c th\u00f4ng s\u1ed1 k\u1ef9 thu\u1eadt \u0111\u01b0\u1ee3c \u0111\u1ec1 c\u1eadp \u1edf tr\u00ean l\u00e0 nh\u1eefng h\u01b0\u1edbng d\u1eabn chung v\u00e0 c\u00f3 th\u1ec3 \u0111\u01b0\u1ee3c \u0111i\u1ec1u ch\u1ec9nh theo y\u00eau c\u1ea7u c\u1ee7a kh\u00e1ch h\u00e0ng. S\u1ea3n ph\u1ea9m c\u00f3 th\u1ec3 t\u00f9y ch\u1ec9nh \u0111\u1ec3 \u0111\u00e1p \u1ee9ng nhu c\u1ea7u ho\u1eb7c \u1ee9ng d\u1ee5ng c\u1ee5 th\u1ec3, \u0111\u1ea3m b\u1ea3o r\u1eb1ng s\u1ea3n ph\u1ea9m ph\u00f9 h\u1ee3p ho\u00e0n h\u1ea3o v\u1edbi y\u00eau c\u1ea7u c\u1ee7a b\u1ea1n.<\/strong><\/li>\n<\/ul>\n<p>C\u00f3 c\u00e2u h\u1ecfi n\u00e0o kh\u00f4ng? <a href=\"https:\/\/honwaygroup.com\/vi\/lien-he-voi-honway\/\">Li\u00ean h\u1ec7 HonWay<\/a><\/p>\n","protected":false},"excerpt":{"rendered":"<p>B\u1ed9t kim c\u01b0\u01a1ng nano (\u0110\u01a1n tinh th\u1ec3) M\u00e0i\/\u0110\u00e1nh b\u00f3ng &nbsp; Kim c\u01b0\u01a1ng nano Kim c\u01b0\u01a1ng nano \u0111\u01b0\u1ee3c t\u1ea1o ra b\u1eb1ng [&hellip;]<\/p>\n","protected":false},"featured_media":83176,"template":"","meta":{"site-sidebar-layout":"default","site-content-layout":"default","ast-site-content-layout":"default","site-content-style":"default","site-sidebar-style":"default","ast-global-header-display":"","ast-banner-title-visibility":"","ast-main-header-display":"","ast-hfb-above-header-display":"","ast-hfb-below-header-display":"","ast-hfb-mobile-header-display":"","site-post-title":"","ast-breadcrumbs-content":"","ast-featured-img":"","footer-sml-layout":"","ast-disable-related-posts":"","theme-transparent-header-meta":"default","adv-header-id-meta":"","stick-header-meta":"default","header-above-stick-meta":"","header-main-stick-meta":"","header-below-stick-meta":"","astra-migrate-meta-layouts":"default","ast-page-background-enabled":"default","ast-page-background-meta":{"desktop":{"background-color":"var(--ast-global-color-5)","background-image":"","background-repeat":"repeat","background-position":"center center","background-size":"auto","background-attachment":"scroll","background-type":"","background-media":"","overlay-type":"","overlay-color":"","overlay-opacity":"","overlay-gradient":""},"tablet":{"background-color":"","background-image":"","background-repeat":"repeat","background-position":"center center","background-size":"auto","background-attachment":"scroll","background-type":"","background-media":"","overlay-type":"","overlay-color":"","overlay-opacity":"","overlay-gradient":""},"mobile":{"background-color":"","background-image":"","background-repeat":"repeat","background-position":"center center","background-size":"auto","background-attachment":"scroll","background-type":"","background-media":"","overlay-type":"","overlay-color":"","overlay-opacity":"","overlay-gradient":""}},"ast-content-background-meta":{"desktop":{"background-color":"var(--ast-global-color-4)","background-image":"","background-repeat":"repeat","background-position":"center center","background-size":"auto","background-attachment":"scroll","background-type":"","background-media":"","overlay-type":"","overlay-color":"","overlay-opacity":"","overlay-gradient":""},"tablet":{"background-color":"var(--ast-global-color-4)","background-image":"","background-repeat":"repeat","background-position":"center center","background-size":"auto","background-attachment":"scroll","background-type":"","background-media":"","overlay-type":"","overlay-color":"","overlay-opacity":"","overlay-gradient":""},"mobile":{"background-color":"var(--ast-global-color-4)","background-image":"","background-repeat":"repeat","background-position":"center center","background-size":"auto","background-attachment":"scroll","background-type":"","background-media":"","overlay-type":"","overlay-color":"","overlay-opacity":"","overlay-gradient":""}}},"product_brand":[],"product_cat":[4701,4370,4367,4698,4371,4424,4426,4299,4420,4300],"product_tag":[4769,4804],"class_list":{"0":"post-84986","1":"product","2":"type-product","3":"status-publish","4":"has-post-thumbnail","6":"product_cat-bot","7":"product_cat-bot-mai","8":"product_cat-vat-lieu-mai-mem","9":"product_cat-dang-nguyen-lieu","10":"product_cat-don-tinh-the","11":"product_cat-hinh-thuc-ung-dung","12":"product_cat-vat-lieu-danh-bong","13":"product_cat-vat-lieu-gia-cong","14":"product_cat-vat-lieu-mai-sieu-cung","15":"product_cat-vat-lieu-phi-kim-loai-cho-nhua-va-cao-su","16":"product_tag-kim-cuong-don-tinh-the","17":"product_tag-kim-cuong-nano","18":"desktop-align-left","19":"tablet-align-left","20":"mobile-align-left","21":"ast-product-gallery-layout-horizontal-slider","22":"ast-product-gallery-with-no-image","23":"ast-product-single-variable","24":"ast-product-tabs-layout-horizontal","26":"first","27":"instock","28":"taxable","29":"shipping-taxable","30":"purchasable","31":"product-type-variable"},"_links":{"self":[{"href":"https:\/\/honwaygroup.com\/vi\/wp-json\/wp\/v2\/product\/84986","targetHints":{"allow":["GET"]}}],"collection":[{"href":"https:\/\/honwaygroup.com\/vi\/wp-json\/wp\/v2\/product"}],"about":[{"href":"https:\/\/honwaygroup.com\/vi\/wp-json\/wp\/v2\/types\/product"}],"version-history":[{"count":0,"href":"https:\/\/honwaygroup.com\/vi\/wp-json\/wp\/v2\/product\/84986\/revisions"}],"wp:featuredmedia":[{"embeddable":true,"href":"https:\/\/honwaygroup.com\/vi\/wp-json\/wp\/v2\/media\/83176"}],"wp:attachment":[{"href":"https:\/\/honwaygroup.com\/vi\/wp-json\/wp\/v2\/media?parent=84986"}],"wp:term":[{"taxonomy":"product_brand","embeddable":true,"href":"https:\/\/honwaygroup.com\/vi\/wp-json\/wp\/v2\/product_brand?post=84986"},{"taxonomy":"product_cat","embeddable":true,"href":"https:\/\/honwaygroup.com\/vi\/wp-json\/wp\/v2\/product_cat?post=84986"},{"taxonomy":"product_tag","embeddable":true,"href":"https:\/\/honwaygroup.com\/vi\/wp-json\/wp\/v2\/product_tag?post=84986"}],"curies":[{"name":"wp","href":"https:\/\/api.w.org\/{rel}","templated":true}]}}