{"id":84976,"date":"2014-01-08T04:17:50","date_gmt":"2014-01-07T20:17:50","guid":{"rendered":"https:\/\/honwaygroup.com\/product\/bot-kim-cuong-da-tinh-the-phuong-phap-khac-don-tinh-the\/"},"modified":"2014-01-08T04:17:50","modified_gmt":"2014-01-07T20:17:50","slug":"bot-kim-cuong-da-tinh-the-phuong-phap-khac-don-tinh-the","status":"publish","type":"product","link":"https:\/\/honwaygroup.com\/vi\/product\/bot-kim-cuong-da-tinh-the-phuong-phap-khac-don-tinh-the\/","title":{"rendered":"B\u1ed9t kim c\u01b0\u01a1ng \u0111a tinh th\u1ec3 (Ph\u01b0\u01a1ng ph\u00e1p kh\u1eafc \u0111\u01a1n tinh th\u1ec3)"},"content":{"rendered":"<h3><strong>B\u1ed9t kim c\u01b0\u01a1ng \u0111a tinh th\u1ec3 (Ph\u01b0\u01a1ng ph\u00e1p kh\u1eafc \u0111\u01a1n tinh th\u1ec3)<\/strong><\/h3>\n<p><b>B\u1ed9t kim c\u01b0\u01a1ng<\/b> l\u00e0 m\u1ed9t trong nh\u1eefng ch\u1ea5t m\u00e0i m\u00f2n c\u1ee9ng nh\u1ea5t hi\u1ec7n nay. N\u00f3 \u0111\u01b0\u1ee3c s\u1eed d\u1ee5ng l\u00e0m v\u1eadt li\u1ec7u ch\u00ednh \u0111\u1ec3 m\u00e0i v\u00e0 \u0111\u00e1nh b\u00f3ng kim c\u01b0\u01a1ng, \u0111\u00e1 qu\u00fd, ng\u1ecdc b\u00edch, th\u00e9p tungsten, g\u1ed1m s\u1ee9, k\u00ednh, m\u00e1y m\u00f3c, v\u00e0 c\u00e1c ng\u00e0nh c\u00f4ng nghi\u1ec7p li\u00ean quan \u0111\u1ebfn c\u00e1c ph\u00f4i y\u00eau c\u1ea7u \u0111\u1ed9 \u0111\u00e1nh b\u00f3ng cao.<\/p>\n<h4><strong>\u1ee8ng d\u1ee5ng ch\u00ednh c\u1ee7a b\u1ed9t kim c\u01b0\u01a1ng vi tinh th\u1ec3:<\/strong><\/h4>\n<p>1<br \/>M\u00e0i v\u00e0 \u0111\u00e1nh b\u00f3ng t\u1ef1 do:<br \/>S\u1eed d\u1ee5ng tr\u1ef1c ti\u1ebfp c\u00e1c h\u1ea1t m\u00e0i m\u00f2n v\u00e0 h\u1ed7n h\u1ee3p l\u00e0m t\u1eeb b\u1ed9t si\u00eau m\u1ecbn \u0111\u1ec3 gia c\u00f4ng kim lo\u1ea1i, h\u1ee3p kim c\u1ee9ng, g\u1ed1m s\u1ee9, k\u00ednh quang h\u1ecdc, v\u00e0 \u0111\u00e1 qu\u00fd c\u00f4ng c\u1ee5. <\/p>\n<p>2.<br \/>S\u1ea3n xu\u1ea5t b\u00e1nh m\u00e0i:<br \/>\u0110\u01b0\u1ee3c s\u1eed d\u1ee5ng ph\u1ed5 bi\u1ebfn trong vi\u1ec7c ch\u1ebf t\u1ea1o b\u00e1nh m\u00e0i tinh, b\u00e1nh m\u00e0i si\u00eau tinh, v\u00e0 c\u00e1c d\u1ee5ng c\u1ee5 m\u00e0i m\u1ea1 \u0111i\u1ec7n.<\/p>\n<p>3.<br \/>Nguy\u00ean li\u1ec7u ch\u00ednh:<br \/>B\u1ed9t kim c\u01b0\u01a1ng v\u1edbi k\u00edch th\u01b0\u1edbc h\u1ea1t t\u1eeb 54-0.25 micron l\u00e0 nguy\u00ean li\u1ec7u c\u01a1 b\u1ea3n \u0111\u1ec3 s\u1ea3n xu\u1ea5t kim c\u01b0\u01a1ng \u0111a tinh th\u1ec3 ho\u1eb7c c\u00e1c s\u1ea3n ph\u1ea9m kim c\u01b0\u01a1ng kh\u00e1c (c\u00f4ng c\u1ee5 c\u1eaft khai th\u00e1c \u0111\u1ecba ch\u1ea5t, d\u1ea7u kh\u00ed, khu\u00f4n k\u00e9o d\u00e2y, v.v.).<\/p>\n<p>4.<br \/>Gia c\u1ed1 b\u1ec1 m\u1eb7t:<br \/>\u0110\u01b0\u1ee3c m\u1ea1 tr\u00ean b\u1ec1 m\u1eb7t ph\u00f4i \u0111\u1ec3 t\u0103ng kh\u1ea3 n\u0103ng ch\u1ed1ng m\u00e0i m\u00f2n.<\/p>\n<p>C\u00f3 c\u00e2u h\u1ecfi n\u00e0o kh\u00f4ng? <a href=\"https:\/\/honwaygroup.com\/vi\/lien-he-voi-honway\/\">Li\u00ean h\u1ec7 HonWay<\/a><\/p>\n","protected":false},"excerpt":{"rendered":"<p>B\u1ed9t kim c\u01b0\u01a1ng \u0111a tinh th\u1ec3 (Ph\u01b0\u01a1ng ph\u00e1p kh\u1eafc \u0111\u01a1n tinh th\u1ec3) B\u1ed9t kim c\u01b0\u01a1ng l\u00e0 m\u1ed9t trong nh\u1eefng ch\u1ea5t [&hellip;]<\/p>\n","protected":false},"featured_media":83176,"template":"","meta":{"site-sidebar-layout":"default","site-content-layout":"default","ast-site-content-layout":"default","site-content-style":"default","site-sidebar-style":"default","ast-global-header-display":"","ast-banner-title-visibility":"","ast-main-header-display":"","ast-hfb-above-header-display":"","ast-hfb-below-header-display":"","ast-hfb-mobile-header-display":"","site-post-title":"","ast-breadcrumbs-content":"","ast-featured-img":"","footer-sml-layout":"","ast-disable-related-posts":"","theme-transparent-header-meta":"default","adv-header-id-meta":"","stick-header-meta":"default","header-above-stick-meta":"","header-main-stick-meta":"","header-below-stick-meta":"","astra-migrate-meta-layouts":"default","ast-page-background-enabled":"default","ast-page-background-meta":{"desktop":{"background-color":"var(--ast-global-color-5)","background-image":"","background-repeat":"repeat","background-position":"center center","background-size":"auto","background-attachment":"scroll","background-type":"","background-media":"","overlay-type":"","overlay-color":"","overlay-opacity":"","overlay-gradient":""},"tablet":{"background-color":"","background-image":"","background-repeat":"repeat","background-position":"center center","background-size":"auto","background-attachment":"scroll","background-type":"","background-media":"","overlay-type":"","overlay-color":"","overlay-opacity":"","overlay-gradient":""},"mobile":{"background-color":"","background-image":"","background-repeat":"repeat","background-position":"center center","background-size":"auto","background-attachment":"scroll","background-type":"","background-media":"","overlay-type":"","overlay-color":"","overlay-opacity":"","overlay-gradient":""}},"ast-content-background-meta":{"desktop":{"background-color":"var(--ast-global-color-4)","background-image":"","background-repeat":"repeat","background-position":"center center","background-size":"auto","background-attachment":"scroll","background-type":"","background-media":"","overlay-type":"","overlay-color":"","overlay-opacity":"","overlay-gradient":""},"tablet":{"background-color":"var(--ast-global-color-4)","background-image":"","background-repeat":"repeat","background-position":"center center","background-size":"auto","background-attachment":"scroll","background-type":"","background-media":"","overlay-type":"","overlay-color":"","overlay-opacity":"","overlay-gradient":""},"mobile":{"background-color":"var(--ast-global-color-4)","background-image":"","background-repeat":"repeat","background-position":"center center","background-size":"auto","background-attachment":"scroll","background-type":"","background-media":"","overlay-type":"","overlay-color":"","overlay-opacity":"","overlay-gradient":""}}},"product_brand":[],"product_cat":[4701,4370,4698,4373,4303,4424,4304,4426,4299,4420,4300],"product_tag":[4780,4771,5114],"class_list":{"0":"post-84976","1":"product","2":"type-product","3":"status-publish","4":"has-post-thumbnail","6":"product_cat-bot","7":"product_cat-bot-mai","8":"product_cat-dang-nguyen-lieu","9":"product_cat-da-tinh-the","10":"product_cat-gom","11":"product_cat-hinh-thuc-ung-dung","12":"product_cat-kim-loai-phi-sat-nickel","13":"product_cat-vat-lieu-danh-bong","14":"product_cat-vat-lieu-gia-cong","15":"product_cat-vat-lieu-mai-sieu-cung","16":"product_cat-vat-lieu-phi-kim-loai-cho-nhua-va-cao-su","17":"product_tag-bot-kim-cuong-da-tinh-the","18":"product_tag-bot-kim-cuong-don-tinh-the-vi-2","19":"product_tag-kim-cuong-da-tinh-the-dang-tuong-tu","20":"desktop-align-left","21":"tablet-align-left","22":"mobile-align-left","23":"ast-product-gallery-layout-horizontal-slider","24":"ast-product-gallery-with-no-image","25":"ast-product-single-variable","26":"ast-product-tabs-layout-horizontal","28":"first","29":"instock","30":"taxable","31":"shipping-taxable","32":"purchasable","33":"product-type-variable"},"_links":{"self":[{"href":"https:\/\/honwaygroup.com\/vi\/wp-json\/wp\/v2\/product\/84976","targetHints":{"allow":["GET"]}}],"collection":[{"href":"https:\/\/honwaygroup.com\/vi\/wp-json\/wp\/v2\/product"}],"about":[{"href":"https:\/\/honwaygroup.com\/vi\/wp-json\/wp\/v2\/types\/product"}],"version-history":[{"count":0,"href":"https:\/\/honwaygroup.com\/vi\/wp-json\/wp\/v2\/product\/84976\/revisions"}],"wp:featuredmedia":[{"embeddable":true,"href":"https:\/\/honwaygroup.com\/vi\/wp-json\/wp\/v2\/media\/83176"}],"wp:attachment":[{"href":"https:\/\/honwaygroup.com\/vi\/wp-json\/wp\/v2\/media?parent=84976"}],"wp:term":[{"taxonomy":"product_brand","embeddable":true,"href":"https:\/\/honwaygroup.com\/vi\/wp-json\/wp\/v2\/product_brand?post=84976"},{"taxonomy":"product_cat","embeddable":true,"href":"https:\/\/honwaygroup.com\/vi\/wp-json\/wp\/v2\/product_cat?post=84976"},{"taxonomy":"product_tag","embeddable":true,"href":"https:\/\/honwaygroup.com\/vi\/wp-json\/wp\/v2\/product_tag?post=84976"}],"curies":[{"name":"wp","href":"https:\/\/api.w.org\/{rel}","templated":true}]}}