{"id":84970,"date":"2014-04-07T03:10:47","date_gmt":"2014-04-06T19:10:47","guid":{"rendered":"https:\/\/honwaygroup.com\/product\/bo-phan-muc-tieu-honway\/"},"modified":"2014-04-07T03:10:47","modified_gmt":"2014-04-06T19:10:47","slug":"bo-phan-muc-tieu-honway","status":"publish","type":"product","link":"https:\/\/honwaygroup.com\/vi\/product\/bo-phan-muc-tieu-honway\/","title":{"rendered":"B\u1ed9 ph\u1eadn M\u1ee5c ti\u00eau HONWAY."},"content":{"rendered":"<h3>B\u1ed9 ph\u1eadn M\u1ee5c ti\u00eau HONWAY.<\/h3>\n<p>C\u00e1c s\u1ea3n ph\u1ea9m ch\u00ednh c\u1ee7a C\u00f4ng ty Honway bao g\u1ed3m c\u00e1c m\u1ee5c ti\u00eau kim lo\u1ea1i: m\u1ee5c ti\u00eau v\u00e0ng, m\u1ee5c ti\u00eau b\u1ea1c, m\u1ee5c ti\u00eau b\u1ea1ch kim, m\u1ee5c ti\u00eau iridi, m\u1ee5c ti\u00eau rutheni, m\u1ee5c ti\u00eau magi\u00ea, m\u1ee5c ti\u00eau titan c\u00f3 \u0111\u1ed9 tinh khi\u1ebft cao, m\u1ee5c ti\u00eau molypden, m\u1ee5c ti\u00eau vonfram, v\u1eadt li\u1ec7u m\u1ee5c ti\u00eau lanthanum, m\u1ee5c ti\u00eau xeri, m\u1ee5c ti\u00eau canxi, m\u1ee5c ti\u00eau stronti, m\u1ee5c ti\u00eau lithium, v.v. <a href=\"https:\/\/baike.baidu.hk\/item\/%E6%BF%BA%E5%B0%84%E9%9D%B6%E6%9D%90\/4941286\" rel=\"nofollow noopener\" target=\"_blank\">M\u1ee5c ti\u00eau phun<\/a> g\u1ed1m: m\u1ee5c ti\u00eau oxit k\u1ebdm, m\u1ee5c ti\u00eau ITO, m\u1ee5c ti\u00eau oxit nh\u00f4m, m\u1ee5c ti\u00eau oxit gali, m\u1ee5c ti\u00eau oxit hafni, m\u1ee5c ti\u00eau oxit lanthanum, m\u1ee5c ti\u00eau oxit xeri, m\u1ee5c ti\u00eau oxit \u0111\u1ed3ng, m\u1ee5c ti\u00eau oxit thi\u1ebfc, m\u1ee5c ti\u00eau oxit magi\u00ea, m\u1ee5c ti\u00eau oxit titan, m\u1ee5c ti\u00eau oxit niobi, m\u1ee5c ti\u00eau oxit tantali, m\u1ee5c ti\u00eau oxit niken, m\u1ee5c ti\u00eau oxit vanadi, m\u1ee5c ti\u00eau oxit yttri, m\u1ee5c ti\u00eau oxit europium, m\u1ee5c ti\u00eau oxit erbi, m\u1ee5c ti\u00eau oxit silic, m\u1ee5c ti\u00eau oxit indi selen, m\u1ee5c ti\u00eau nitride bo, m\u1ee5c ti\u00eau nitride silicon, m\u1ee5c ti\u00eau nitride nh\u00f4m, m\u1ee5c ti\u00eau nitride titan, m\u1ee5c ti\u00eau nitride tantali, m\u1ee5c ti\u00eau nitride niobi, m\u1ee5c ti\u00eau cacbua silic, m\u1ee5c ti\u00eau nitride silicon, M\u1ee5c ti\u00eau carbide titan, m\u1ee5c ti\u00eau carbide bo, m\u1ee5c ti\u00eau carbide titan, m\u1ee5c ti\u00eau diborua titan, m\u1ee5c ti\u00eau diborua zirconi, m\u1ee5c ti\u00eau diborua hafni, m\u1ee5c ti\u00eau borid nh\u00f4m, m\u1ee5c ti\u00eau borid magi\u00ea, m\u1ee5c ti\u00eau hexaborua canxi, m\u1ee5c ti\u00eau silicide molypden, m\u1ee5c ti\u00eau silicide titan, m\u1ee5c ti\u00eau silicide vonfram, m\u1ee5c ti\u00eau silicide vonfram, m\u1ee5c ti\u00eau silicide hafni, m\u1ee5c ti\u00eau sulfua k\u1ebdm, m\u1ee5c ti\u00eau florua magi\u00ea, m\u1ee5c ti\u00eau sulfua cadmium, m\u1ee5c ti\u00eau sulfua vonfram, m\u1ee5c ti\u00eau sulfua molypden, m\u1ee5c ti\u00eau sulfua vonfram, m\u1ee5c ti\u00eau selenua bismuth, m\u1ee5c ti\u00eau telluride cadmium, m\u1ee5c ti\u00eau g\u1ed1m telluride k\u1ebdm (ZnTe), m\u1ee5c ti\u00eau selenide galli indium \u0111\u1ed3ng, m\u1ee5c ti\u00eau gallium \u0111\u1ed3ng, m\u1ee5c ti\u00eau nh\u00f4m titan, m\u1ee5c ti\u00eau niken crom, m\u1ee5c ti\u00eau niken vanadi, m\u1ee5c ti\u00eau silicon titan, m\u1ee5c ti\u00eau nh\u00f4m crom, m\u1ee5c ti\u00eau titan vonfram, m\u1ee5c ti\u00eau ruthenate stronti, m\u1ee5c ti\u00eau aluminat lanthanum, m\u1ee5c ti\u00eau titanat stronti V\u1eadt li\u1ec7u, m\u1ee5c ti\u00eau titanat bari, zirconat stronti m\u1ee5c ti\u00eau, m\u1ee5c ti\u00eau lithium niobat, m\u1ee5c ti\u00eau ytri bari \u0111\u1ed3ng oxit, m\u1ee5c ti\u00eau tantal ferit, m\u1ee5c ti\u00eau titan titanat, m\u1ee5c ti\u00eau titanat ch\u00ec, m\u1ee5c ti\u00eau zirconat ch\u00ec, m\u1ee5c ti\u00eau stronti zirconat, GdBaCuOx, m\u1ee5c ti\u00eau bari bari \u0111\u1ed3ng oxit, m\u1ee5c ti\u00eau YBaCuOx, m\u1ee5c ti\u00eau Y3Fe5O12, m\u1ee5c ti\u00eau garnet ytri ferit, m\u1ee5c ti\u00eau lanthanum oxit, m\u1ee5c ti\u00eau xeri oxit, m\u1ee5c ti\u00eau indi oxit, m\u1ee5c ti\u00eau neodymium oxit m\u1ee5c ti\u00eau oxy h\u00f3a samarium, m\u1ee5c ti\u00eau iridi oxit, m\u1ee5c ti\u00eau vonfram oxit, m\u1ee5c ti\u00eau ytri oxit, m\u1ee5c ti\u00eau ytterbi oxit, m\u1ee5c ti\u00eau europium oxit, m\u1ee5c ti\u00eau ytium oxit, m\u1ee5c ti\u00eau dysprosi oxit, m\u1ee5c ti\u00eau erbi oxit, m\u1ee5c ti\u00eau ytterbi oxit, m\u1ee5c ti\u00eau hydroxyl Apatit m\u1ee5c ti\u00eau HA, m\u1ee5c ti\u00eau bismuth ferit, lanthanum stronti \u0111\u1ed3ng oxit, lanthanum bari \u0111\u1ed3ng oxit, lanthanum stronti coban oxit, lanthanum stronti manganat, lanthanum stronti coban s\u1eaft, stronti ruthenium oxide&#8230; v.v. Ngo\u00e0i ra c\u00f2n c\u00f3 c\u00e1c m\u1ee5c ti\u00eau h\u1ee3p kim. V\u1eadt li\u1ec7u, m\u1ee5c ti\u00eau \u0111\u1ea5t hi\u1ebfm, m\u1ee5c ti\u00eau t\u00f9y ch\u1ec9nh chuy\u00ean nghi\u1ec7p cho nhi\u1ec1u h\u1ee3p ch\u1ea5t kh\u00e1c nhau.   <\/p>\n<p>C\u00f3 c\u00e2u h\u1ecfi n\u00e0o kh\u00f4ng? <a href=\"https:\/\/honwaygroup.com\/vi\/lien-he-voi-honway\/\">Li\u00ean h\u1ec7 HonWay<\/a><\/p>\n","protected":false},"excerpt":{"rendered":"<p>C\u00e1c s\u1ea3n ph\u1ea9m ch\u00ednh c\u1ee7a HONWAY l\u00e0 c\u00e1c m\u1ee5c ti\u00eau kim lo\u1ea1i: m\u1ee5c ti\u00eau v\u00e0ng, m\u1ee5c ti\u00eau b\u1ea1c, m\u1ee5c ti\u00eau b\u1ea1ch kim, m\u1ee5c ti\u00eau Ruthenium, m\u1ee5c ti\u00eau Iridium, m\u1ee5c ti\u00eau Magie, m\u1ee5c ti\u00eau Titan c\u00f3 \u0111\u1ed9 tinh khi\u1ebft cao, m\u1ee5c ti\u00eau Molypden, m\u1ee5c ti\u00eau Vonfram, m\u1ee5c ti\u00eau Lanthanum, m\u1ee5c ti\u00eau Xeri, m\u1ee5c ti\u00eau Canxi, m\u1ee5c ti\u00eau Stronti, m\u1ee5c ti\u00eau Liti, v.v. M\u1ee5c ti\u00eau Oxit k\u1ebdm, m\u1ee5c ti\u00eau ITO, m\u1ee5c ti\u00eau Oxit nh\u00f4m, m\u1ee5c ti\u00eau Oxit gali, m\u1ee5c ti\u00eau Oxit hafni, m\u1ee5c ti\u00eau Lanthanumoxide, m\u1ee5c ti\u00eau Oxit xeri, m\u1ee5c ti\u00eau Oxit \u0111\u1ed3ng, m\u1ee5c ti\u00eau Oxit \u0111\u1ed3ng, m\u1ee5c ti\u00eau Oxit thi\u1ebfc, m\u1ee5c ti\u00eau Oxit magi\u00ea, m\u1ee5c ti\u00eau Oxit titan, m\u1ee5c ti\u00eau Oxit niobi, m\u1ee5c ti\u00eau Oxit tantali, m\u1ee5c ti\u00eau Oxit tantali, m\u1ee5c ti\u00eau Oxit niken, m\u1ee5c ti\u00eau Vanadi, m\u1ee5c ti\u00eau Oxit yttri, m\u1ee5c ti\u00eau Oxit europium, m\u1ee5c ti\u00eau Oxit erbi, m\u1ee5c ti\u00eau Oxit silic, m\u1ee5c ti\u00eau Oxit selen, m\u1ee5c ti\u00eau Nitrat bo, m\u1ee5c ti\u00eau Nitrat silic, m\u1ee5c ti\u00eau Nitrat nh\u00f4m, m\u1ee5c ti\u00eau Nitrat titan, m\u1ee5c ti\u00eau Nitrat tantali, m\u1ee5c ti\u00eau Niobi nitrat silic, m\u1ee5c ti\u00eau Cacbua silic, Silicon M\u1ee5c ti\u00eau Nitride, M\u1ee5c ti\u00eau Titanium Carbide, M\u1ee5c ti\u00eau Boron Carbide, M\u1ee5c ti\u00eau Titanium Carbide, M\u1ee5c ti\u00eau Titanium Diboride, M\u1ee5c ti\u00eau Zirconium Diboride, M\u1ee5c ti\u00eau Aluminum Diboride, M\u1ee5c ti\u00eau Aluminum Boride, M\u1ee5c ti\u00eau Magnesium Boride, M\u1ee5c ti\u00eau Calcium Hexaboride, M\u1ee5c ti\u00eau Molypden Silicon, M\u1ee5c ti\u00eau Titanium Silicide, M\u1ee5c ti\u00eau Tungsten Silicide, M\u1ee5c ti\u00eau Tungsten Carbide, M\u1ee5c ti\u00eau Hafni Silicon h\u00f3a, M\u1ee5c ti\u00eau K\u1ebdm Sulfide, M\u1ee5c ti\u00eau Magie Fluoride, M\u1ee5c ti\u00eau Cadmium Sulfide, M\u1ee5c ti\u00eau Tungsten Sulfide, M\u1ee5c ti\u00eau Molypden Sulfide, M\u1ee5c ti\u00eau Tungsten Sulfide, M\u1ee5c ti\u00eau Bismuth Selenide, M\u1ee5c ti\u00eau Cadmium Telluride, M\u1ee5c ti\u00eau g\u1ed1m Zinc Telluride (ZnTe), M\u1ee5c ti\u00eau Cu-Ga-Se, M\u1ee5c ti\u00eau Cu-Ga, M\u1ee5c ti\u00eau Titan Nh\u00f4m, M\u1ee5c ti\u00eau Niken-Crom, M\u1ee5c ti\u00eau Niken-Vanadi, M\u1ee5c ti\u00eau Titan-Silicon, M\u1ee5c ti\u00eau Nh\u00f4m Crom, M\u1ee5c ti\u00eau Tungsten Titan, M\u1ee5c ti\u00eau Stronti Ruthenat, M\u1ee5c ti\u00eau Stronti Titanat, M\u1ee5c ti\u00eau titanat plutonium, M\u1ee5c ti\u00eau titanat bari, M\u1ee5c ti\u00eau zirconat stronti, M\u1ee5c ti\u00eau niobi stronti, M\u1ee5c ti\u00eau oxy \u0111\u1ed3ng bari, M\u1ee5c ti\u00eau ferit, M\u1ee5c ti\u00eau titanat, M\u1ee5c ti\u00eau titanat ch\u00ec, M\u1ee5c ti\u00eau zirconat ch\u00ec, M\u1ee5c ti\u00eau zirconat stronti, M\u1ee5c ti\u00eau \u0111\u1ed3ng oxit Gadoba, M\u1ee5c ti\u00eau YBaCuOx, M\u1ee5c ti\u00eau Y3Fe5O12, M\u1ee5c ti\u00eau garnet perovskite, M\u1ee5c ti\u00eau lanthanum oxy h\u00f3a, M\u1ee5c ti\u00eau oxit xeri, M\u1ee5c ti\u00eau oxit praseodymium, M\u1ee5c ti\u00eau oxit neodymium, M\u1ee5c ti\u00eau samarium oxy h\u00f3a, M\u1ee5c ti\u00eau terbi oxy h\u00f3a, M\u1ee5c ti\u00eau holmi oxy h\u00f3a, M\u1ee5c ti\u00eau oxit yttri, M\u1ee5c ti\u00eau oxit ytterbi, M\u1ee5c ti\u00eau oxit europium, M\u1ee5c ti\u00eau oxit gadolinium, M\u1ee5c ti\u00eau oxit dysprosi, M\u1ee5c ti\u00eau oxit erbi, M\u1ee5c ti\u00eau thuli oxy h\u00f3a. M\u1ee5c ti\u00eau HA, M\u1ee5c ti\u00eau ferruginous bismuth, oxy \u0111\u1ed3ng stronti, stronti Bari \u0110\u1ed3ng Oxy, Stronti Coban Oxy, Stronti Manganat, Stronti-S\u1eaft, Stronti-Iruthenium, v.v. Ngo\u00e0i ra c\u00f2n c\u00f3 c\u00e1c m\u1ee5c ti\u00eau h\u1ee3p kim, m\u1ee5c ti\u00eau \u0111\u1ea5t hi\u1ebfm v\u00e0 m\u1ee5c ti\u00eau t\u00f9y ch\u1ec9nh cho nhi\u1ec1u h\u1ee3p ch\u1ea5t kh\u00e1c nhau.<\/p>\n","protected":false},"featured_media":84971,"template":"","meta":{"site-sidebar-layout":"default","site-content-layout":"default","ast-site-content-layout":"default","site-content-style":"default","site-sidebar-style":"default","ast-global-header-display":"","ast-banner-title-visibility":"","ast-main-header-display":"","ast-hfb-above-header-display":"","ast-hfb-below-header-display":"","ast-hfb-mobile-header-display":"","site-post-title":"","ast-breadcrumbs-content":"","ast-featured-img":"","footer-sml-layout":"","ast-disable-related-posts":"","theme-transparent-header-meta":"default","adv-header-id-meta":"","stick-header-meta":"default","header-above-stick-meta":"","header-main-stick-meta":"","header-below-stick-meta":"","astra-migrate-meta-layouts":"default","ast-page-background-enabled":"default","ast-page-background-meta":{"desktop":{"background-color":"var(--ast-global-color-5)","background-image":"","background-repeat":"repeat","background-position":"center center","background-size":"auto","background-attachment":"scroll","background-type":"","background-media":"","overlay-type":"","overlay-color":"","overlay-opacity":"","overlay-gradient":""},"tablet":{"background-color":"","background-image":"","background-repeat":"repeat","background-position":"center center","background-size":"auto","background-attachment":"scroll","background-type":"","background-media":"","overlay-type":"","overlay-color":"","overlay-opacity":"","overlay-gradient":""},"mobile":{"background-color":"","background-image":"","background-repeat":"repeat","background-position":"center center","background-size":"auto","background-attachment":"scroll","background-type":"","background-media":"","overlay-type":"","overlay-color":"","overlay-opacity":"","overlay-gradient":""}},"ast-content-background-meta":{"desktop":{"background-color":"var(--ast-global-color-4)","background-image":"","background-repeat":"repeat","background-position":"center center","background-size":"auto","background-attachment":"scroll","background-type":"","background-media":"","overlay-type":"","overlay-color":"","overlay-opacity":"","overlay-gradient":""},"tablet":{"background-color":"var(--ast-global-color-4)","background-image":"","background-repeat":"repeat","background-position":"center center","background-size":"auto","background-attachment":"scroll","background-type":"","background-media":"","overlay-type":"","overlay-color":"","overlay-opacity":"","overlay-gradient":""},"mobile":{"background-color":"var(--ast-global-color-4)","background-image":"","background-repeat":"repeat","background-position":"center center","background-size":"auto","background-attachment":"scroll","background-type":"","background-media":"","overlay-type":"","overlay-color":"","overlay-opacity":"","overlay-gradient":""}}},"product_brand":[],"product_cat":[4422],"product_tag":[5079,4949,4950,5081],"class_list":{"0":"post-84970","1":"product","2":"type-product","3":"status-publish","4":"has-post-thumbnail","6":"product_cat-vat-lieu-phu","7":"product_tag-bot-kim-cuong-vi","8":"product_tag-chiu-duoc-axit-manh","9":"product_tag-chiu-duoc-kiem-manh","10":"product_tag-kem-kim-cuong","11":"desktop-align-left","12":"tablet-align-left","13":"mobile-align-left","14":"ast-product-gallery-layout-horizontal-slider","15":"ast-product-gallery-with-no-image","16":"ast-product-tabs-layout-horizontal","18":"first","19":"instock","20":"taxable","21":"shipping-taxable","22":"product-type-simple"},"_links":{"self":[{"href":"https:\/\/honwaygroup.com\/vi\/wp-json\/wp\/v2\/product\/84970","targetHints":{"allow":["GET"]}}],"collection":[{"href":"https:\/\/honwaygroup.com\/vi\/wp-json\/wp\/v2\/product"}],"about":[{"href":"https:\/\/honwaygroup.com\/vi\/wp-json\/wp\/v2\/types\/product"}],"version-history":[{"count":0,"href":"https:\/\/honwaygroup.com\/vi\/wp-json\/wp\/v2\/product\/84970\/revisions"}],"wp:featuredmedia":[{"embeddable":true,"href":"https:\/\/honwaygroup.com\/vi\/wp-json\/wp\/v2\/media\/84971"}],"wp:attachment":[{"href":"https:\/\/honwaygroup.com\/vi\/wp-json\/wp\/v2\/media?parent=84970"}],"wp:term":[{"taxonomy":"product_brand","embeddable":true,"href":"https:\/\/honwaygroup.com\/vi\/wp-json\/wp\/v2\/product_brand?post=84970"},{"taxonomy":"product_cat","embeddable":true,"href":"https:\/\/honwaygroup.com\/vi\/wp-json\/wp\/v2\/product_cat?post=84970"},{"taxonomy":"product_tag","embeddable":true,"href":"https:\/\/honwaygroup.com\/vi\/wp-json\/wp\/v2\/product_tag?post=84970"}],"curies":[{"name":"wp","href":"https:\/\/api.w.org\/{rel}","templated":true}]}}