{"id":84968,"date":"2014-07-24T03:03:50","date_gmt":"2014-07-23T19:03:50","guid":{"rendered":"https:\/\/honwaygroup.com\/product\/co-kim-cuong-3\/"},"modified":"2025-12-16T16:59:52","modified_gmt":"2025-12-16T08:59:52","slug":"co-kim-cuong-3","status":"publish","type":"product","link":"https:\/\/honwaygroup.com\/vi\/product\/co-kim-cuong-3\/","title":{"rendered":"C\u1ecd kim c\u01b0\u01a1ng Diamond brush"},"content":{"rendered":"<h3>C\u1ecd kim c\u01b0\u01a1ng Diamond brush<\/h3>\n<p>B\u00e0n ch\u1ea3i l\u00f4ng kim c\u01b0\u01a1ng. \u1ee8ng d\u1ee5ng:<\/p>\n<ol>\n<li>\u0110\u00e1nh b\u00f3ng v\u00e0 v\u00e1t c\u1ea1nh c\u00e1c v\u1eadt li\u1ec7u kh\u00f3 gia c\u00f4ng nh\u01b0 <a href=\"https:\/\/zh.wikipedia.org\/zh-tw\/%E7%A2%B3%E5%8C%96%E9%92%9B\" rel=\"nofollow noopener\" target=\"_blank\">cacbua titan v\u00e0<\/a> <a href=\"https:\/\/zh.wikipedia.org\/zh-hk\/%E7%A2%B3%E5%8C%96%E9%8E%A2\" rel=\"nofollow noopener\" target=\"_blank\">cacbua vonfram<\/a>.<\/li>\n<li>M\u00e0i v\u00e0 \u0111\u00e1nh b\u00f3ng k\u00ednh sapphire v\u00e0 \u0111\u00e1 qu\u00fd.<\/li>\n<li>\u0110\u00e1nh b\u00f3ng c\u00e1c c\u1ea1nh th\u00f4 tr\u00ean k\u00ednh m\u00e0u xanh lam cho c\u00e1c \u1ee9ng d\u1ee5ng quang h\u1ecdc.<\/li>\n<li>M\u00e0i v\u00e0 \u0111\u00e1nh b\u00f3ng c\u00e1c th\u1ecfi silicon d\u00f9ng cho n\u0103ng l\u01b0\u1ee3ng m\u1eb7t tr\u1eddi.<\/li>\n<li>\u0110\u00e1nh b\u00f3ng v\u00e0 m\u00e0i c\u00e1c chi ti\u1ebft c\u00f3 h\u00ecnh d\u1ea1ng b\u1ea5t th\u01b0\u1eddng, ch\u1eb3ng h\u1ea1n nh\u01b0 t\u01b0\u1ee3ng ng\u1ecdc v\u00e0 c\u00e1c t\u00e1c ph\u1ea9m \u0111i\u00eau kh\u1eafc \u0111\u00e1 l\u1edbn, v\u1ed1n r\u1ea5t kh\u00f3 \u0111\u00e1nh b\u00f3ng.<\/li>\n<\/ol>\n<p>Hi\u1ec7u n\u0103ng v\u01b0\u1ee3t tr\u1ed9i c\u1ee7a b\u00e0n ch\u1ea3i l\u00f4ng kim c\u01b0\u01a1ng:<\/p>\n<ol>\n<li>\u0110\u01b0\u1ee3c s\u1eed d\u1ee5ng trong k\u1ef9 thu\u1eadt gia c\u00f4ng si\u00eau ch\u00ednh x\u00e1c.<\/li>\n<li>N\u00f3 c\u00f3 kh\u1ea3 n\u0103ng xay nghi\u1ec1n tuy\u1ec7t v\u1eddi.<\/li>\n<li>N\u00f3 c\u00f3 tu\u1ed5i th\u1ecd s\u1eed d\u1ee5ng trung b\u00ecnh t\u01b0\u01a1ng \u0111\u1ed1i d\u00e0i.<\/li>\n<li>N\u00f3 c\u00f3 th\u1ec3 \u0111\u01b0\u1ee3c s\u1eed d\u1ee5ng trong m\u00f4i tr\u01b0\u1eddng axit v\u00e0 ki\u1ec1m kh\u1eafc nghi\u1ec7t, ch\u1ecbu \u0111\u01b0\u1ee3c nhi\u1ec7t \u0111\u1ed9 cao l\u00ean \u0111\u1ebfn 270\u2103 v\u00e0 c\u00f3 \u0111\u1eb7c t\u00ednh ch\u1ed1ng t\u0129nh \u0111i\u1ec7n.<\/li>\n<\/ol>\n<ol start=\"5\">\n<li>Kh\u00e1c v\u1edbi c\u00e1c lo\u1ea1i \u0111\u00e1 m\u00e0i truy\u1ec1n th\u1ed1ng, n\u00f3 c\u00f3 th\u1ec3 gia c\u00f4ng c\u00e1c chi ti\u1ebft c\u00f3 h\u00ecnh d\u1ea1ng b\u1ea5t th\u01b0\u1eddng.<\/li>\n<li>Kh\u00e1c v\u1edbi c\u00e1c lo\u1ea1i \u0111\u00e1 m\u00e0i truy\u1ec1n th\u1ed1ng, lo\u1ea1i \u0111\u00e1 m\u00e0i n\u00e0y \u00edt g\u00e2y ra hi\u1ec7n t\u01b0\u1ee3ng s\u1ee9t m\u1ebb ho\u1eb7c n\u1ee9t v\u1ee1 nh\u1ecf khi gia c\u00f4ng c\u00e1c v\u1eadt li\u1ec7u c\u1ee9ng v\u00e0 gi\u00f2n.<\/li>\n<li>Khi gia c\u00f4ng ph\u00f4i, \u1ee9ng su\u1ea5t d\u01b0 b\u00ean trong ph\u00f4i <a href=\"https:\/\/www.easyatm.com.tw\/wiki\/%E5%85%A7%E6%87%89%E5%8A%9B\" rel=\"nofollow noopener\" target=\"_blank\">t\u01b0\u01a1ng \u0111\u1ed1i nh\u1ecf<\/a>.<\/li>\n<\/ol>\n<p>&nbsp;<\/p>\n<p>B\u00e0n ch\u1ea3i l\u00f4ng kim c\u01b0\u01a1ng c\u00f3 nhi\u1ec1u k\u00edch c\u1ee1 h\u1ea1t m\u00e0i v\u00e0 \u0111\u01b0\u1eddng k\u00ednh d\u00e2y kh\u00e1c nhau.<\/p>\n<p>B\u1ea3ng tham kh\u1ea3o k\u00edch th\u01b0\u1edbc h\u1ea1t m\u00e0i b\u00e0n ch\u1ea3i l\u00f4ng kim c\u01b0\u01a1ng c\u00f3 s\u1eb5n. \u0110\u01a1n v\u1ecb: #<\/p>\n<table style=\"height: 29px\" border=\"1\" width=\"1361\">\n<tbody>\n<tr>\n<td width=\"56\">120<\/td>\n<td width=\"56\">200<\/td>\n<td width=\"56\">400<\/td>\n<td width=\"56\">600<\/td>\n<td width=\"56\">1000<\/td>\n<td width=\"56\">1500<\/td>\n<td width=\"56\">2000<\/td>\n<td width=\"56\">3000<\/td>\n<td width=\"56\">5000<\/td>\n<td width=\"56\">8000<\/td>\n<\/tr>\n<\/tbody>\n<\/table>\n<p>Tr\u00ean \u0111\u00e2y l\u00e0 k\u00edch th\u01b0\u1edbc h\u1ea1t ti\u00eau chu\u1ea9n trong s\u1ea3n xu\u1ea5t. Vui l\u00f2ng th\u00f4ng b\u00e1o cho ch\u00fang t\u00f4i n\u1ebfu b\u1ea1n c\u1ea7n k\u00edch th\u01b0\u1edbc t\u00f9y ch\u1ec9nh.<\/p>\n<p>&nbsp;<\/p>\n<p>B\u1ea3ng tham kh\u1ea3o \u0111\u01b0\u1eddng k\u00ednh d\u00e2y ch\u1ed5i than c\u00f3 s\u1eb5n (\u0110\u01a1n v\u1ecb: mm)<\/p>\n<p>Tr\u00ean \u0111\u00e2y l\u00e0 \u0111\u01b0\u1eddng k\u00ednh ti\u00eau chu\u1ea9n c\u1ee7a d\u00e2y chuy\u1ec1n s\u1ea3n xu\u1ea5t. Ch\u00fang t\u00f4i c\u0169ng nh\u1eadn \u0111\u01a1n \u0111\u1eb7t h\u00e0ng theo y\u00eau c\u1ea7u ri\u00eang.<\/p>\n<table style=\"height: 29px\" border=\"1\" width=\"1361\">\n<tbody>\n<tr>\n<td width=\"56\">0.20<\/td>\n<td width=\"56\">0.30<\/td>\n<td width=\"56\">0.40<\/td>\n<td width=\"56\">0.50<\/td>\n<td width=\"56\">0.60<\/td>\n<td width=\"56\">0.80<\/td>\n<td width=\"56\">0.90<\/td>\n<td width=\"56\">1.00<\/td>\n<td width=\"56\">1.20<\/td>\n<td width=\"56\">1.50<\/td>\n<\/tr>\n<\/tbody>\n<\/table>\n<figure id=\"attachment_132563\" aria-describedby=\"caption-attachment-132563\" style=\"width: 541px\" class=\"wp-caption alignnone\"><a href=\"https:\/\/honwaygroup.com\/wp-content\/uploads\/2014\/07\/%E5%A4%AA%E9%99%BD%E8%83%BD%E6%99%B6%E5%A1%8A%E6%8B%8B%E5%85%89%E7%94%A8%E9%91%BD%E7%9F%B3%E5%B0%BC%E9%BE%8D%E5%88%B7.avif\"><img fetchpriority=\"high\" decoding=\"async\" class=\"wp-image-842 size-full\" src=\"https:\/\/honwaygroup.com\/wp-content\/uploads\/2014\/07\/%E5%A4%AA%E9%99%BD%E8%83%BD%E6%99%B6%E5%A1%8A%E6%8B%8B%E5%85%89%E7%94%A8%E9%91%BD%E7%9F%B3%E5%B0%BC%E9%BE%8D%E5%88%B7.avif\" alt=\"diamond brush\" width=\"541\" height=\"960\"><\/a><figcaption id=\"caption-attachment-132563\" class=\"wp-caption-text\">B\u00e0n ch\u1ea3i kim c\u01b0\u01a1ng d\u00f9ng \u0111\u1ec3 \u0111\u00e1nh b\u00f3ng pin m\u1eb7t tr\u1eddi<\/figcaption><\/figure>\n<figure id=\"attachment_132564\" aria-describedby=\"caption-attachment-132564\" style=\"width: 541px\" class=\"wp-caption alignnone\"><a href=\"https:\/\/honwaygroup.com\/wp-content\/uploads\/2014\/07\/%E5%AE%8F%E5%B4%B4%E5%AF%A6%E6%A5%AD%E9%91%BD%E7%9F%B3%E6%AF%9B%E5%88%B7.jpeg\"><img decoding=\"async\" class=\"wp-image-843 size-full\" src=\"https:\/\/honwaygroup.com\/wp-content\/uploads\/2014\/07\/%E5%AE%8F%E5%B4%B4%E5%AF%A6%E6%A5%AD%E9%91%BD%E7%9F%B3%E6%AF%9B%E5%88%B7.jpeg\" alt=\"Ch\u1ed5i nylon kim c\u01b0\u01a1ng, C\u00f4ng ty TNHH C\u00f4ng nghi\u1ec7p Honway, \u1ee9ng d\u1ee5ng \u0111\u1eb7c bi\u1ec7t, \u0111\u00e1 m\u00e0i \u0111\u1eb7c bi\u1ec7t, sapphire, n\u0103ng l\u01b0\u1ee3ng m\u1eb7t tr\u1eddi, t\u1ea5m b\u00e1n d\u1eabn, cacbua xi m\u0103ng, m\u00e0i v\u00e0 \u0111\u00e1nh b\u00f3ng, \u0111\u00e1 m\u00e0i kim c\u01b0\u01a1ng.\" width=\"541\" height=\"960\"><\/a><figcaption id=\"caption-attachment-132564\" class=\"wp-caption-text\">B\u00e0n ch\u1ea3i kim c\u01b0\u01a1ng c\u00f4ng nghi\u1ec7p Honway<\/figcaption><\/figure>\n<figure id=\"attachment_84969\" aria-describedby=\"caption-attachment-84969\" style=\"width: 960px\" class=\"wp-caption alignnone\"><a href=\"https:\/\/honwaygroup.com\/wp-content\/uploads\/2014\/07\/%E7%A1%AC%E8%B3%AA%E5%90%88%E9%87%91%E4%BF%AE%E8%A7%92%E7%94%A8%E9%91%BD%E7%9F%B3%E6%AF%9B%E5%88%B7%E7%9B%A4.jpeg\"><img decoding=\"async\" class=\"size-full wp-image-844\" src=\"https:\/\/honwaygroup.com\/wp-content\/uploads\/2014\/07\/%E7%A1%AC%E8%B3%AA%E5%90%88%E9%87%91%E4%BF%AE%E8%A7%92%E7%94%A8%E9%91%BD%E7%9F%B3%E6%AF%9B%E5%88%B7%E7%9B%A4.jpeg\" alt=\"B\u00e0n ch\u1ea3i l\u00f4ng kim c\u01b0\u01a1ng, b\u00e0n ch\u1ea3i nylon kim c\u01b0\u01a1ng, Honway Industrial, \u1ee9ng d\u1ee5ng \u0111\u1eb7c bi\u1ec7t, \u0111\u00e1 m\u00e0i \u0111\u1eb7c bi\u1ec7t, sapphire, n\u0103ng l\u01b0\u1ee3ng m\u1eb7t tr\u1eddi, t\u1ea5m b\u00e1n d\u1eabn, cacbua xi m\u0103ng, m\u00e0i v\u00e0 \u0111\u00e1nh b\u00f3ng, \u0111\u00e1 m\u00e0i kim c\u01b0\u01a1ng.\" width=\"960\" height=\"541\"><\/a><figcaption id=\"caption-attachment-84969\" class=\"wp-caption-text\">\u0110\u0129a ch\u1ea3i kim c\u01b0\u01a1ng d\u00f9ng cho d\u1ee5ng c\u1ee5 c\u1eaft d\u00f9ng m\u1ed9t l\u1ea7n b\u1eb1ng vonfram cacbua.<\/figcaption><\/figure>\n<p>&nbsp;<\/p>\n<figure id=\"attachment_132565\" aria-describedby=\"caption-attachment-132565\" style=\"width: 541px\" class=\"wp-caption alignnone\"><a href=\"https:\/\/honwaygroup.com\/wp-content\/uploads\/2014\/07\/%E8%97%8D%E7%8E%BB%E7%92%83%E4%BF%AE%E9%82%8A%E7%94%A8%E9%91%BD%E7%9F%B3%E6%AF%9B%E5%88%B7.jpeg\"><img loading=\"lazy\" decoding=\"async\" class=\"wp-image-846 size-full\" src=\"https:\/\/honwaygroup.com\/wp-content\/uploads\/2014\/07\/%E8%97%8D%E7%8E%BB%E7%92%83%E4%BF%AE%E9%82%8A%E7%94%A8%E9%91%BD%E7%9F%B3%E6%AF%9B%E5%88%B7.jpeg\" alt=\"Ch\u1ed5i nylon kim c\u01b0\u01a1ng, C\u00f4ng ty TNHH C\u00f4ng nghi\u1ec7p Honway, \u1ee9ng d\u1ee5ng \u0111\u1eb7c bi\u1ec7t, \u0111\u00e1 m\u00e0i \u0111\u1eb7c bi\u1ec7t, sapphire, n\u0103ng l\u01b0\u1ee3ng m\u1eb7t tr\u1eddi, t\u1ea5m b\u00e1n d\u1eabn, cacbua xi m\u0103ng, m\u00e0i v\u00e0 \u0111\u00e1nh b\u00f3ng, \u0111\u00e1 m\u00e0i kim c\u01b0\u01a1ng.\" width=\"541\" height=\"960\"><\/a><figcaption id=\"caption-attachment-132565\" class=\"wp-caption-text\">B\u00e0n ch\u1ea3i l\u00f4ng kim c\u01b0\u01a1ng d\u00f9ng \u0111\u1ec3 c\u1eaft t\u1ec9a sapphire v\u00e0 th\u1ee7y tinh, b\u00e0n ch\u1ea3i nylon kim c\u01b0\u01a1ng.<\/figcaption><\/figure>\n<figure id=\"attachment_132566\" aria-describedby=\"caption-attachment-132566\" style=\"width: 541px\" class=\"wp-caption alignnone\"><a href=\"https:\/\/honwaygroup.com\/wp-content\/uploads\/2014\/07\/%E9%91%BD%E7%9F%B3%E6%AF%9B%E5%88%B7.jpeg\"><img loading=\"lazy\" decoding=\"async\" class=\"wp-image-847 size-full\" src=\"https:\/\/honwaygroup.com\/wp-content\/uploads\/2014\/07\/%E9%91%BD%E7%9F%B3%E6%AF%9B%E5%88%B7.jpeg\" alt=\"diamond brush\" width=\"541\" height=\"960\"><\/a><figcaption id=\"caption-attachment-132566\" class=\"wp-caption-text\">N\u0103ng l\u01b0\u1ee3ng m\u1eb7t tr\u1eddi, ph\u00f4i silicon \u0111\u01a1n tinh th\u1ec3, ph\u00f4i silicon \u0111a tinh th\u1ec3, b\u00e0n ch\u1ea3i kim c\u01b0\u01a1ng, b\u00e0n ch\u1ea3i nylon kim c\u01b0\u01a1ng<\/figcaption><\/figure>\n<figure id=\"attachment_132567\" aria-describedby=\"caption-attachment-132567\" style=\"width: 541px\" class=\"wp-caption alignnone\"><a href=\"https:\/\/honwaygroup.com\/wp-content\/uploads\/2014\/07\/%E9%91%BD%E7%9F%B3%E5%B0%BC%E9%BE%8D%E5%88%B7.jpeg\"><img loading=\"lazy\" decoding=\"async\" class=\"wp-image-848 size-full\" src=\"https:\/\/honwaygroup.com\/wp-content\/uploads\/2014\/07\/%E9%91%BD%E7%9F%B3%E5%B0%BC%E9%BE%8D%E5%88%B7.jpeg\" alt=\"diamond brush\" width=\"541\" height=\"960\"><\/a><figcaption id=\"caption-attachment-132567\" class=\"wp-caption-text\">C\u00f4ng ty Honway Industrial, B\u00e0n ch\u1ea3i l\u00f4ng kim c\u01b0\u01a1ng, B\u00e0n ch\u1ea3i nylon kim c\u01b0\u01a1ng<\/figcaption><\/figure>\n<p>C\u00f3 b\u1ea5t k\u1ef3 th\u1eafc m\u1eafc n\u00e0o kh\u00f4ng? <a href=\"https:\/\/honwaygroup.com\/vi\/lien-he-voi-honway\/\">Li\u00ean h\u1ec7 v\u1edbi HonWay<\/a><\/p>\n","protected":false},"excerpt":{"rendered":"<p>C\u1ecd kim c\u01b0\u01a1ng Diamond brush<\/p>\n<p>&nbsp;<\/p>\n<p>Ph\u1ea1m vi \u1ee9ng d\u1ee5ng s\u1ea3n ph\u1ea9m:<\/p>\n<ol>\n<li>\u0110\u00e1nh b\u00f3ng v\u00e0 v\u00e1t c\u1ea1nh c\u00e1c v\u1eadt li\u1ec7u kh\u00f3 gia c\u00f4ng nh\u01b0 cacbua titan v\u00e0 cacbua vonfram.<\/li>\n<li>M\u00e0i v\u00e0 \u0111\u00e1nh b\u00f3ng k\u00ednh sapphire v\u00e0 \u0111\u00e1 qu\u00fd.<\/li>\n<li>\u0110\u00e1nh b\u00f3ng c\u00e1c c\u1ea1nh th\u00f4 tr\u00ean k\u00ednh m\u00e0u xanh lam cho c\u00e1c \u1ee9ng d\u1ee5ng quang h\u1ecdc.<\/li>\n<li>M\u00e0i v\u00e0 \u0111\u00e1nh b\u00f3ng c\u00e1c th\u1ecfi silicon d\u00f9ng cho n\u0103ng l\u01b0\u1ee3ng m\u1eb7t tr\u1eddi.<\/li>\n<li>\u0110\u00e1nh b\u00f3ng v\u00e0 m\u00e0i c\u00e1c chi ti\u1ebft c\u00f3 h\u00ecnh d\u1ea1ng b\u1ea5t th\u01b0\u1eddng, ch\u1eb3ng h\u1ea1n nh\u01b0 t\u01b0\u1ee3ng ng\u1ecdc v\u00e0 t\u01b0\u1ee3ng \u0111\u00e1 l\u1edbn, nh\u1eefng chi ti\u1ebft kh\u00f3 \u0111\u00e1nh b\u00f3ng.<\/li>\n<\/ol>\n<p>Hi\u1ec7u n\u0103ng v\u01b0\u1ee3t tr\u1ed9i c\u1ee7a s\u1ea3n ph\u1ea9m:<\/p>\n<ol>\n<li>\u0110\u01b0\u1ee3c s\u1eed d\u1ee5ng trong k\u1ef9 thu\u1eadt gia c\u00f4ng si\u00eau ch\u00ednh x\u00e1c.<\/li>\n<li>N\u00f3 c\u00f3 kh\u1ea3 n\u0103ng xay nghi\u1ec1n tuy\u1ec7t v\u1eddi.<\/li>\n<li>N\u00f3 c\u00f3 tu\u1ed5i th\u1ecd s\u1eed d\u1ee5ng trung b\u00ecnh t\u01b0\u01a1ng \u0111\u1ed1i d\u00e0i.<\/li>\n<li>N\u00f3 c\u00f3 th\u1ec3 \u0111\u01b0\u1ee3c s\u1eed d\u1ee5ng trong m\u00f4i tr\u01b0\u1eddng axit v\u00e0 ki\u1ec1m kh\u1eafc nghi\u1ec7t, ch\u1ecbu \u0111\u01b0\u1ee3c nhi\u1ec7t \u0111\u1ed9 cao l\u00ean \u0111\u1ebfn 270\u2103 v\u00e0 c\u00f3 \u0111\u1eb7c t\u00ednh ch\u1ed1ng t\u0129nh \u0111i\u1ec7n.<\/li>\n<\/ol>\n<ol start=\"5\">\n<li>Kh\u00e1c v\u1edbi c\u00e1c lo\u1ea1i \u0111\u00e1 m\u00e0i truy\u1ec1n th\u1ed1ng, n\u00f3 c\u00f3 th\u1ec3 gia c\u00f4ng c\u00e1c chi ti\u1ebft c\u00f3 h\u00ecnh d\u1ea1ng b\u1ea5t th\u01b0\u1eddng.<\/li>\n<li>Kh\u00e1c v\u1edbi c\u00e1c lo\u1ea1i \u0111\u00e1 m\u00e0i truy\u1ec1n th\u1ed1ng, lo\u1ea1i \u0111\u00e1 m\u00e0i n\u00e0y \u00edt g\u00e2y ra hi\u1ec7n t\u01b0\u1ee3ng s\u1ee9t m\u1ebb ho\u1eb7c n\u1ee9t v\u1ee1 nh\u1ecf khi gia c\u00f4ng c\u00e1c v\u1eadt li\u1ec7u c\u1ee9ng v\u00e0 gi\u00f2n.<\/li>\n<li>Khi gia c\u00f4ng ph\u00f4i, \u1ee9ng su\u1ea5t d\u01b0 b\u00ean trong ph\u00f4i t\u01b0\u01a1ng \u0111\u1ed1i nh\u1ecf.<\/li>\n<\/ol>\n","protected":false},"featured_media":84969,"template":"","meta":{"site-sidebar-layout":"default","site-content-layout":"default","ast-site-content-layout":"default","site-content-style":"default","site-sidebar-style":"default","ast-global-header-display":"","ast-banner-title-visibility":"","ast-main-header-display":"","ast-hfb-above-header-display":"","ast-hfb-below-header-display":"","ast-hfb-mobile-header-display":"","site-post-title":"","ast-breadcrumbs-content":"","ast-featured-img":"","footer-sml-layout":"","ast-disable-related-posts":"","theme-transparent-header-meta":"default","adv-header-id-meta":"","stick-header-meta":"default","header-above-stick-meta":"","header-main-stick-meta":"","header-below-stick-meta":"","astra-migrate-meta-layouts":"default","ast-page-background-enabled":"default","ast-page-background-meta":{"desktop":{"background-color":"var(--ast-global-color-5)","background-image":"","background-repeat":"repeat","background-position":"center center","background-size":"auto","background-attachment":"scroll","background-type":"","background-media":"","overlay-type":"","overlay-color":"","overlay-opacity":"","overlay-gradient":""},"tablet":{"background-color":"","background-image":"","background-repeat":"repeat","background-position":"center center","background-size":"auto","background-attachment":"scroll","background-type":"","background-media":"","overlay-type":"","overlay-color":"","overlay-opacity":"","overlay-gradient":""},"mobile":{"background-color":"","background-image":"","background-repeat":"repeat","background-position":"center center","background-size":"auto","background-attachment":"scroll","background-type":"","background-media":"","overlay-type":"","overlay-color":"","overlay-opacity":"","overlay-gradient":""}},"ast-content-background-meta":{"desktop":{"background-color":"var(--ast-global-color-4)","background-image":"","background-repeat":"repeat","background-position":"center center","background-size":"auto","background-attachment":"scroll","background-type":"","background-media":"","overlay-type":"","overlay-color":"","overlay-opacity":"","overlay-gradient":""},"tablet":{"background-color":"var(--ast-global-color-4)","background-image":"","background-repeat":"repeat","background-position":"center center","background-size":"auto","background-attachment":"scroll","background-type":"","background-media":"","overlay-type":"","overlay-color":"","overlay-opacity":"","overlay-gradient":""},"mobile":{"background-color":"var(--ast-global-color-4)","background-image":"","background-repeat":"repeat","background-position":"center center","background-size":"auto","background-attachment":"scroll","background-type":"","background-media":"","overlay-type":"","overlay-color":"","overlay-opacity":"","overlay-gradient":""}}},"product_brand":[],"product_cat":[4396],"product_tag":[5070,5062,5079,4949,5081,4951],"class_list":{"0":"post-84968","1":"product","2":"type-product","3":"status-publish","4":"has-post-thumbnail","6":"product_cat-cong-cu-kim-cuong-vi","7":"product_tag-ban-chai-kim-cuong-vi-2","8":"product_tag-ban-chai-nylon-kim-cuong","9":"product_tag-bot-kim-cuong-vi","10":"product_tag-chiu-duoc-axit-manh","11":"product_tag-kem-kim-cuong","12":"product_tag-khang-mai-mon","13":"desktop-align-left","14":"tablet-align-left","15":"mobile-align-left","16":"ast-product-gallery-layout-horizontal-slider","17":"ast-product-tabs-layout-horizontal","19":"first","20":"instock","21":"taxable","22":"shipping-taxable","23":"purchasable","24":"product-type-simple"},"_links":{"self":[{"href":"https:\/\/honwaygroup.com\/vi\/wp-json\/wp\/v2\/product\/84968","targetHints":{"allow":["GET"]}}],"collection":[{"href":"https:\/\/honwaygroup.com\/vi\/wp-json\/wp\/v2\/product"}],"about":[{"href":"https:\/\/honwaygroup.com\/vi\/wp-json\/wp\/v2\/types\/product"}],"version-history":[{"count":0,"href":"https:\/\/honwaygroup.com\/vi\/wp-json\/wp\/v2\/product\/84968\/revisions"}],"wp:featuredmedia":[{"embeddable":true,"href":"https:\/\/honwaygroup.com\/vi\/wp-json\/wp\/v2\/media\/84969"}],"wp:attachment":[{"href":"https:\/\/honwaygroup.com\/vi\/wp-json\/wp\/v2\/media?parent=84968"}],"wp:term":[{"taxonomy":"product_brand","embeddable":true,"href":"https:\/\/honwaygroup.com\/vi\/wp-json\/wp\/v2\/product_brand?post=84968"},{"taxonomy":"product_cat","embeddable":true,"href":"https:\/\/honwaygroup.com\/vi\/wp-json\/wp\/v2\/product_cat?post=84968"},{"taxonomy":"product_tag","embeddable":true,"href":"https:\/\/honwaygroup.com\/vi\/wp-json\/wp\/v2\/product_tag?post=84968"}],"curies":[{"name":"wp","href":"https:\/\/api.w.org\/{rel}","templated":true}]}}