{"id":84967,"date":"2014-07-29T23:34:54","date_gmt":"2014-07-29T15:34:54","guid":{"rendered":"https:\/\/honwaygroup.com\/product\/co-kim-cuong\/"},"modified":"2014-07-29T23:34:54","modified_gmt":"2014-07-29T15:34:54","slug":"co-kim-cuong","status":"publish","type":"product","link":"https:\/\/honwaygroup.com\/vi\/product\/co-kim-cuong\/","title":{"rendered":"C\u1ecd kim c\u01b0\u01a1ng"},"content":{"rendered":"<h3>C\u1ecd kim c\u01b0\u01a1ng<\/h3>\n<figure id=\"attachment_79289\" aria-describedby=\"caption-attachment-79289\" style=\"width: 2480px\" class=\"wp-caption alignnone\"><a href=\"https:\/\/honwaygroup.com\/wp-content\/uploads\/2013\/11\/%E5%AE%8F%E5%B4%B4%E9%91%BD%E7%9F%B3%E5%B0%BC%E9%BE%8D%E5%88%B7.jpg\"><img fetchpriority=\"high\" decoding=\"async\" class=\"size-full wp-image-869\" src=\"https:\/\/honwaygroup.com\/wp-content\/uploads\/2013\/11\/%E5%AE%8F%E5%B4%B4%E9%91%BD%E7%9F%B3%E5%B0%BC%E9%BE%8D%E5%88%B7.jpg\" alt=\"B\u00e0n ch\u1ea3i kim c\u01b0\u01a1ng Nylon\" width=\"2480\" height=\"3508\"><\/a><figcaption id=\"caption-attachment-79289\" class=\"wp-caption-text\">B\u00e0n ch\u1ea3i kim c\u01b0\u01a1ng, B\u00e0n ch\u1ea3i nylon kim c\u01b0\u01a1ng, HONWAY, \u1ee8ng d\u1ee5ng \u0111\u1eb7c bi\u1ec7t, B\u00e1nh m\u00e0i \u0111\u1eb7c bi\u1ec7t, Sapphire, N\u0103ng l\u01b0\u1ee3ng m\u1eb7t tr\u1eddi, Wafer, Carbide, M\u00e0i &amp; \u0110\u00e1nh b\u00f3ng, B\u00e1nh m\u00e0i kim c\u01b0\u01a1ng.<\/figcaption><\/figure>\n<p>C\u00f3 c\u00e2u h\u1ecfi n\u00e0o kh\u00f4ng? <a href=\"https:\/\/honwaygroup.com\/vi\/lien-he-voi-honway\/\">Li\u00ean h\u1ec7 HonWay<\/a><\/p>\n","protected":false},"excerpt":{"rendered":"<p>C\u1ecd kim c\u01b0\u01a1ng C\u00f3 c\u00e2u h\u1ecfi n\u00e0o kh\u00f4ng? Li\u00ean h\u1ec7 HonWay<\/p>\n","protected":false},"featured_media":79289,"template":"","meta":{"site-sidebar-layout":"default","site-content-layout":"default","ast-site-content-layout":"default","site-content-style":"default","site-sidebar-style":"default","ast-global-header-display":"","ast-banner-title-visibility":"","ast-main-header-display":"","ast-hfb-above-header-display":"","ast-hfb-below-header-display":"","ast-hfb-mobile-header-display":"","site-post-title":"","ast-breadcrumbs-content":"","ast-featured-img":"","footer-sml-layout":"","ast-disable-related-posts":"","theme-transparent-header-meta":"default","adv-header-id-meta":"","stick-header-meta":"default","header-above-stick-meta":"","header-main-stick-meta":"","header-below-stick-meta":"","astra-migrate-meta-layouts":"default","ast-page-background-enabled":"default","ast-page-background-meta":{"desktop":{"background-color":"var(--ast-global-color-5)","background-image":"","background-repeat":"repeat","background-position":"center center","background-size":"auto","background-attachment":"scroll","background-type":"","background-media":"","overlay-type":"","overlay-color":"","overlay-opacity":"","overlay-gradient":""},"tablet":{"background-color":"","background-image":"","background-repeat":"repeat","background-position":"center center","background-size":"auto","background-attachment":"scroll","background-type":"","background-media":"","overlay-type":"","overlay-color":"","overlay-opacity":"","overlay-gradient":""},"mobile":{"background-color":"","background-image":"","background-repeat":"repeat","background-position":"center center","background-size":"auto","background-attachment":"scroll","background-type":"","background-media":"","overlay-type":"","overlay-color":"","overlay-opacity":"","overlay-gradient":""}},"ast-content-background-meta":{"desktop":{"background-color":"var(--ast-global-color-4)","background-image":"","background-repeat":"repeat","background-position":"center center","background-size":"auto","background-attachment":"scroll","background-type":"","background-media":"","overlay-type":"","overlay-color":"","overlay-opacity":"","overlay-gradient":""},"tablet":{"background-color":"var(--ast-global-color-4)","background-image":"","background-repeat":"repeat","background-position":"center center","background-size":"auto","background-attachment":"scroll","background-type":"","background-media":"","overlay-type":"","overlay-color":"","overlay-opacity":"","overlay-gradient":""},"mobile":{"background-color":"var(--ast-global-color-4)","background-image":"","background-repeat":"repeat","background-position":"center center","background-size":"auto","background-attachment":"scroll","background-type":"","background-media":"","overlay-type":"","overlay-color":"","overlay-opacity":"","overlay-gradient":""}}},"product_brand":[],"product_cat":[4396],"product_tag":[5070,5062,5079,4949,4950,4726,4727,5081,4951],"class_list":{"0":"post-84967","1":"product","2":"type-product","3":"status-publish","4":"has-post-thumbnail","6":"product_cat-cong-cu-kim-cuong-vi","7":"product_tag-ban-chai-kim-cuong-vi-2","8":"product_tag-ban-chai-nylon-kim-cuong","9":"product_tag-bot-kim-cuong-vi","10":"product_tag-chiu-duoc-axit-manh","11":"product_tag-chiu-duoc-kiem-manh","12":"product_tag-hop-kim-hastelloy-c-22","13":"product_tag-hop-kim-hastelloy-c-276","14":"product_tag-kem-kim-cuong","15":"product_tag-khang-mai-mon","16":"desktop-align-left","17":"tablet-align-left","18":"mobile-align-left","19":"ast-product-gallery-layout-horizontal-slider","20":"ast-product-gallery-with-no-image","21":"ast-product-tabs-layout-horizontal","23":"first","24":"instock","25":"taxable","26":"shipping-taxable","27":"product-type-simple"},"_links":{"self":[{"href":"https:\/\/honwaygroup.com\/vi\/wp-json\/wp\/v2\/product\/84967","targetHints":{"allow":["GET"]}}],"collection":[{"href":"https:\/\/honwaygroup.com\/vi\/wp-json\/wp\/v2\/product"}],"about":[{"href":"https:\/\/honwaygroup.com\/vi\/wp-json\/wp\/v2\/types\/product"}],"version-history":[{"count":0,"href":"https:\/\/honwaygroup.com\/vi\/wp-json\/wp\/v2\/product\/84967\/revisions"}],"wp:featuredmedia":[{"embeddable":true,"href":"https:\/\/honwaygroup.com\/vi\/wp-json\/wp\/v2\/media\/79289"}],"wp:attachment":[{"href":"https:\/\/honwaygroup.com\/vi\/wp-json\/wp\/v2\/media?parent=84967"}],"wp:term":[{"taxonomy":"product_brand","embeddable":true,"href":"https:\/\/honwaygroup.com\/vi\/wp-json\/wp\/v2\/product_brand?post=84967"},{"taxonomy":"product_cat","embeddable":true,"href":"https:\/\/honwaygroup.com\/vi\/wp-json\/wp\/v2\/product_cat?post=84967"},{"taxonomy":"product_tag","embeddable":true,"href":"https:\/\/honwaygroup.com\/vi\/wp-json\/wp\/v2\/product_tag?post=84967"}],"curies":[{"name":"wp","href":"https:\/\/api.w.org\/{rel}","templated":true}]}}