{"id":84948,"date":"2015-06-18T03:56:46","date_gmt":"2015-06-17T19:56:46","guid":{"rendered":"https:\/\/honwaygroup.com\/product\/bot-kim-cuong-don-tinh-the-phuong-phap-nhiet-do-va-ap-suat-cao\/"},"modified":"2025-12-16T16:46:31","modified_gmt":"2025-12-16T08:46:31","slug":"bot-kim-cuong-don-tinh-the-phuong-phap-nhiet-do-va-ap-suat-cao","status":"publish","type":"product","link":"https:\/\/honwaygroup.com\/vi\/product\/bot-kim-cuong-don-tinh-the-phuong-phap-nhiet-do-va-ap-suat-cao\/","title":{"rendered":"B\u1ed9t kim c\u01b0\u01a1ng \u0111\u01a1n tinh th\u1ec3 si\u00eau m\u1ecbn (nhi\u1ec7t \u0111\u1ed9 v\u00e0 \u00e1p su\u1ea5t cao)"},"content":{"rendered":"<h3><strong>B\u1ed9t kim c\u01b0\u01a1ng \u0111\u01a1n tinh th\u1ec3 si\u00eau m\u1ecbn (nhi\u1ec7t \u0111\u1ed9 v\u00e0 \u00e1p su\u1ea5t cao)<\/strong><\/h3>\n<blockquote>\n<h5><strong>B\u1ed9t kim c\u01b0\u01a1ng \u0111\u01a1n tinh th\u1ec3 d\u1ea1ng vi h\u1ea1t, b\u1ed9t kim c\u01b0\u01a1ng \u0111a tinh th\u1ec3 d\u1ea1ng vi h\u1ea1t, b\u1ed9t kim c\u01b0\u01a1ng \u0111a tinh th\u1ec3 d\u1ea1ng vi h\u1ea1t<\/strong><\/h5>\n<\/blockquote>\n<ul>\n<li>\n<h4><strong><b>B\u1ed9t kim c\u01b0\u01a1ng \u0111\u01a1n tinh th\u1ec3 si\u00eau m\u1ecbn<\/b><br \/>\n<\/strong><\/h4>\n<p>B\u1ed9t kim c\u01b0\u01a1ng si\u00eau m\u1ecbn l\u00e0 v\u1eadt li\u1ec7u m\u00e0i m\u00f2n v\u00e0 \u0111\u00e1nh b\u00f3ng si\u00eau c\u1ee9ng \u0111\u01b0\u1ee3c s\u1ea3n xu\u1ea5t t\u1eeb \u200b\u200bkim c\u01b0\u01a1ng t\u1ed5ng h\u1ee3p \u0111\u01a1n tinh th\u1ec3 ch\u1ea5t l\u01b0\u1ee3ng cao th\u00f4ng qua c\u00e1c quy tr\u00ecnh nh\u01b0 nghi\u1ec1n, t\u1ea1o h\u00ecnh, tinh ch\u1ebf, ph\u00e2n lo\u1ea1i v\u00e0 x\u1eed l\u00fd sau \u0111\u00f3.<\/p>\n<p><figure id=\"attachment_83176\" aria-describedby=\"caption-attachment-83176\" style=\"width: 502px\" class=\"wp-caption alignnone\"><a href=\"https:\/\/honwaygroup.com\/wp-content\/uploads\/2014\/11\/%E5%AE%8F%E5%B4%B4%E5%AF%A6%E6%A5%AD%E5%A5%88%E7%B1%B3%E9%91%BD%E7%9F%B3%E7%B2%89.avif\"><img fetchpriority=\"high\" decoding=\"async\" class=\"size-full wp-image-912\" src=\"https:\/\/honwaygroup.com\/wp-content\/uploads\/2014\/11\/%E5%AE%8F%E5%B4%B4%E5%AF%A6%E6%A5%AD%E5%A5%88%E7%B1%B3%E9%91%BD%E7%9F%B3%E7%B2%89.avif\" alt=\"B\u1ed9t kim c\u01b0\u01a1ng \u0111\u01a1n tinh th\u1ec3 si\u00eau m\u1ecbn\" width=\"502\" height=\"388\"><\/a><figcaption id=\"caption-attachment-83176\" class=\"wp-caption-text\">B\u1ed9t kim c\u01b0\u01a1ng \u0111\u01a1n tinh th\u1ec3 si\u00eau m\u1ecbn<\/figcaption><\/figure><\/li>\n<\/ul>\n<h4><strong>\u1ee8ng d\u1ee5ng c\u1ee7a b\u1ed9t kim c\u01b0\u01a1ng \u0111\u01a1n tinh th\u1ec3 si\u00eau nh\u1ecf<\/strong><\/h4>\n<ul>\n<li style=\"list-style-type: none;\">\n<ul>\n<li>Nh\u1eadn m\u00e0i v\u00e0 \u0111\u00e1nh b\u00f3ng mi\u1ec5n ph\u00ed \u0111\u00e1 qu\u00fd, kim lo\u1ea1i, v.v.<\/li>\n<li>S\u1ea3n xu\u1ea5t \u0111\u00e1 m\u00e0i ch\u00ednh x\u00e1c v\u00e0 l\u01b0\u1ee1i c\u01b0a.<\/li>\n<li>S\u1ea3n xu\u1ea5t PCD cho ng\u00e0nh khai th\u00e1c m\u1ecf, d\u1ea7u kh\u00ed, \u0111\u1ecba ch\u1ea5t v\u00e0 d\u1ee5ng c\u1ee5 c\u1eaft g\u1ecdt.<\/li>\n<li>S\u1ea3n xu\u1ea5t khu\u00f4n k\u00e9o d\u00e2y, \u0111\u0129a m\u00e0i ch\u00ednh x\u00e1c, v.v.<\/li>\n<li>S\u1ea3n xu\u1ea5t \u0111\u00e1 m\u00e0i kim c\u01b0\u01a1ng m\u1ea1 \u0111i\u1ec7n, v.v.<\/li>\n<\/ul>\n<\/li>\n<\/ul>\n<ul>\n<li>\n<h4><strong>B\u1ed9t kim c\u01b0\u01a1ng \u0111\u01a1n tinh th\u1ec3 si\u00eau m\u1ecbn:<\/strong><\/h4>\n<p>B\u1ed9t kim c\u01b0\u01a1ng si\u00eau m\u1ecbn l\u00e0 v\u1eadt li\u1ec7u m\u00e0i m\u00f2n v\u00e0 \u0111\u00e1nh b\u00f3ng si\u00eau c\u1ee9ng \u0111\u01b0\u1ee3c s\u1ea3n xu\u1ea5t b\u1eb1ng c\u00e1ch s\u1eed d\u1ee5ng kim c\u01b0\u01a1ng t\u1ed5ng h\u1ee3p \u0111\u01a1n tinh th\u1ec3 ch\u1ea5t l\u01b0\u1ee3ng cao l\u00e0m nguy\u00ean li\u1ec7u th\u00f4 v\u00e0 th\u00f4ng qua c\u00e1c quy tr\u00ecnh nh\u01b0 nghi\u1ec1n, t\u1ea1o h\u00ecnh, tinh ch\u1ebf, ph\u00e2n lo\u1ea1i v\u00e0 x\u1eed l\u00fd sau \u0111\u00f3. N\u00f3 c\u00f3 \u0111\u1ed9 c\u1ee9ng, \u0111\u1ed9 b\u1ec1n, \u0111\u1ed9 d\u1ebbo dai, \u0111\u1ed9 d\u1eabn nhi\u1ec7t, \u0111\u1ed9 \u1ed5n \u0111\u1ecbnh nhi\u1ec7t t\u1ed1t v\u00e0 kh\u1ea3 n\u0103ng ch\u1ed1ng va \u0111\u1eadp cao.<\/p>\n<p><figure id=\"attachment_498\" aria-describedby=\"caption-attachment-498\" style=\"width: 495px\" class=\"wp-caption alignnone\"><a href=\"https:\/\/honwaygroup.com\/wp-content\/uploads\/2014\/01\/IMG_33211.jpg\"><img decoding=\"async\" class=\"wp-image-498 \" src=\"https:\/\/honwaygroup.com\/wp-content\/uploads\/2014\/01\/IMG_33211-1024x768.jpg\" alt=\"B\u1ed9t kim c\u01b0\u01a1ng \u0111\u01a1n tinh th\u1ec3 d\u1ea1ng vi h\u1ea1t, b\u1ed9t kim c\u01b0\u01a1ng \u0111a tinh th\u1ec3 d\u1ea1ng vi h\u1ea1t, b\u1ed9t kim c\u01b0\u01a1ng \u0111a tinh th\u1ec3 d\u1ea1ng vi h\u1ea1t\" width=\"495\" height=\"371\" srcset=\"https:\/\/honwaygroup.com\/wp-content\/uploads\/2014\/01\/IMG_33211-1024x768.jpg 1024w, https:\/\/honwaygroup.com\/wp-content\/uploads\/2014\/01\/IMG_33211-300x225.jpg 300w, https:\/\/honwaygroup.com\/wp-content\/uploads\/2014\/01\/IMG_33211-600x450.avif 600w, https:\/\/honwaygroup.com\/wp-content\/uploads\/2014\/01\/IMG_33211-scaled.jpg 1920w\" sizes=\"(max-width: 495px) 100vw, 495px\" \/><\/a><figcaption id=\"caption-attachment-498\" class=\"wp-caption-text\">B\u1ed9t kim c\u01b0\u01a1ng \u0111\u01a1n tinh th\u1ec3 d\u1ea1ng vi h\u1ea1t, b\u1ed9t kim c\u01b0\u01a1ng \u0111a tinh th\u1ec3 d\u1ea1ng vi h\u1ea1t, b\u1ed9t kim c\u01b0\u01a1ng \u0111a tinh th\u1ec3 d\u1ea1ng vi h\u1ea1t<\/figcaption><\/figure><\/li>\n<li>\n<h4><strong>Th\u00f4ng s\u1ed1 k\u1ef9 thu\u1eadt c\u1ee7a b\u1ed9t kim c\u01b0\u01a1ng \u0111\u01a1n tinh th\u1ec3 si\u00eau m\u1ecbn:<\/strong><\/h4>\n<p>Th\u00f4ng s\u1ed1 k\u1ef9 thu\u1eadt th\u00f4ng d\u1ee5ng (\u0110\u01a1n v\u1ecb: Micromet)<br \/>\n0-0.5 (0.25um) 0-1 (0.5um) 0-2 (1um) 1-3 (2um) 2-4 (3um) 4-6 (5um)<br \/>\n6-12 (8um) 8-16 (10um) 10-20 (15um) 15-25 (20um) 20-30 (25um) 20-40 (30um)<br \/>\n35-45 (40um) 55-65 (50um) 50-60 (55um)<\/li>\n<\/ul>\n<p><strong>\u203bC\u00e1c th\u00f4ng s\u1ed1 tr\u00ean \u0111\u1ec1u l\u00e0 ti\u00eau chu\u1ea9n v\u00e0 c\u00f3 th\u1ec3 \u0111i\u1ec1u ch\u1ec9nh theo nhu c\u1ea7u c\u1ee7a kh\u00e1ch h\u00e0ng. Ch\u00fang t\u00f4i hoan ngh\u00eanh vi\u1ec7c t\u00f9y ch\u1ec9nh s\u1ea3n ph\u1ea9m.<\/strong><\/p>\n<div class=\"mceTemp\"><\/div>\n<p>&nbsp;<\/p>\n<div class=\"mceTemp\"><\/div>\n<p>C\u00f3 b\u1ea5t k\u1ef3 th\u1eafc m\u1eafc n\u00e0o kh\u00f4ng? <a href=\"https:\/\/honwaygroup.com\/vi\/lien-he-voi-honway\/\">Li\u00ean h\u1ec7 v\u1edbi HonWay<\/a><\/p>\n","protected":false},"excerpt":{"rendered":"<p>B\u1ed9t kim c\u01b0\u01a1ng \u0111\u01a1n tinh th\u1ec3 si\u00eau m\u1ecbn (nhi\u1ec7t \u0111\u1ed9 v\u00e0 \u00e1p su\u1ea5t cao) B\u1ed9t kim c\u01b0\u01a1ng \u0111\u01a1n tinh th\u1ec3 [&hellip;]<\/p>\n","protected":false},"featured_media":84949,"template":"","meta":{"site-sidebar-layout":"default","site-content-layout":"default","ast-site-content-layout":"default","site-content-style":"default","site-sidebar-style":"default","ast-global-header-display":"","ast-banner-title-visibility":"","ast-main-header-display":"","ast-hfb-above-header-display":"","ast-hfb-below-header-display":"","ast-hfb-mobile-header-display":"","site-post-title":"","ast-breadcrumbs-content":"","ast-featured-img":"","footer-sml-layout":"","ast-disable-related-posts":"","theme-transparent-header-meta":"default","adv-header-id-meta":"","stick-header-meta":"default","header-above-stick-meta":"","header-main-stick-meta":"","header-below-stick-meta":"","astra-migrate-meta-layouts":"default","ast-page-background-enabled":"default","ast-page-background-meta":{"desktop":{"background-color":"var(--ast-global-color-5)","background-image":"","background-repeat":"repeat","background-position":"center center","background-size":"auto","background-attachment":"scroll","background-type":"","background-media":"","overlay-type":"","overlay-color":"","overlay-opacity":"","overlay-gradient":""},"tablet":{"background-color":"","background-image":"","background-repeat":"repeat","background-position":"center center","background-size":"auto","background-attachment":"scroll","background-type":"","background-media":"","overlay-type":"","overlay-color":"","overlay-opacity":"","overlay-gradient":""},"mobile":{"background-color":"","background-image":"","background-repeat":"repeat","background-position":"center center","background-size":"auto","background-attachment":"scroll","background-type":"","background-media":"","overlay-type":"","overlay-color":"","overlay-opacity":"","overlay-gradient":""}},"ast-content-background-meta":{"desktop":{"background-color":"var(--ast-global-color-4)","background-image":"","background-repeat":"repeat","background-position":"center center","background-size":"auto","background-attachment":"scroll","background-type":"","background-media":"","overlay-type":"","overlay-color":"","overlay-opacity":"","overlay-gradient":""},"tablet":{"background-color":"var(--ast-global-color-4)","background-image":"","background-repeat":"repeat","background-position":"center center","background-size":"auto","background-attachment":"scroll","background-type":"","background-media":"","overlay-type":"","overlay-color":"","overlay-opacity":"","overlay-gradient":""},"mobile":{"background-color":"var(--ast-global-color-4)","background-image":"","background-repeat":"repeat","background-position":"center center","background-size":"auto","background-attachment":"scroll","background-type":"","background-media":"","overlay-type":"","overlay-color":"","overlay-opacity":"","overlay-gradient":""}}},"product_brand":[],"product_cat":[4698,4701,4370,4371,4303,4424,4302,4301,4426,4299,4420],"product_tag":[5070,5062,5079,4781,4782,4768,4770,4949,5081,4951],"class_list":{"0":"post-84948","1":"product","2":"type-product","3":"status-publish","4":"has-post-thumbnail","6":"product_cat-dang-nguyen-lieu","7":"product_cat-bot","8":"product_cat-bot-mai","9":"product_cat-don-tinh-the","10":"product_cat-gom","11":"product_cat-hinh-thuc-ung-dung","12":"product_cat-kim-loai-sat-nickel","13":"product_cat-tungsten-carbide","14":"product_cat-vat-lieu-danh-bong","15":"product_cat-vat-lieu-gia-cong","16":"product_cat-vat-lieu-mai-sieu-cung","17":"product_tag-ban-chai-kim-cuong-vi-2","18":"product_tag-ban-chai-nylon-kim-cuong","19":"product_tag-bot-kim-cuong-vi","20":"product_tag-bot-kim-cuong-da-tinh-the-vi","21":"product_tag-bot-kim-cuong-da-tinh-the-vi-2","22":"product_tag-bot-kim-cuong-don-tinh-the","23":"product_tag-bot-kim-cuong-don-tinh-the-vi","24":"product_tag-chiu-duoc-axit-manh","25":"product_tag-kem-kim-cuong","26":"product_tag-khang-mai-mon","27":"desktop-align-left","28":"tablet-align-left","29":"mobile-align-left","30":"ast-product-gallery-layout-horizontal-slider","31":"ast-product-gallery-with-no-image","32":"ast-product-single-variable","33":"ast-product-tabs-layout-horizontal","35":"first","36":"instock","37":"featured","38":"taxable","39":"shipping-taxable","40":"purchasable","41":"product-type-variable"},"_links":{"self":[{"href":"https:\/\/honwaygroup.com\/vi\/wp-json\/wp\/v2\/product\/84948","targetHints":{"allow":["GET"]}}],"collection":[{"href":"https:\/\/honwaygroup.com\/vi\/wp-json\/wp\/v2\/product"}],"about":[{"href":"https:\/\/honwaygroup.com\/vi\/wp-json\/wp\/v2\/types\/product"}],"version-history":[{"count":0,"href":"https:\/\/honwaygroup.com\/vi\/wp-json\/wp\/v2\/product\/84948\/revisions"}],"wp:featuredmedia":[{"embeddable":true,"href":"https:\/\/honwaygroup.com\/vi\/wp-json\/wp\/v2\/media\/84949"}],"wp:attachment":[{"href":"https:\/\/honwaygroup.com\/vi\/wp-json\/wp\/v2\/media?parent=84948"}],"wp:term":[{"taxonomy":"product_brand","embeddable":true,"href":"https:\/\/honwaygroup.com\/vi\/wp-json\/wp\/v2\/product_brand?post=84948"},{"taxonomy":"product_cat","embeddable":true,"href":"https:\/\/honwaygroup.com\/vi\/wp-json\/wp\/v2\/product_cat?post=84948"},{"taxonomy":"product_tag","embeddable":true,"href":"https:\/\/honwaygroup.com\/vi\/wp-json\/wp\/v2\/product_tag?post=84948"}],"curies":[{"name":"wp","href":"https:\/\/api.w.org\/{rel}","templated":true}]}}