{"id":84931,"date":"2015-06-18T04:08:55","date_gmt":"2015-06-17T20:08:55","guid":{"rendered":"https:\/\/honwaygroup.com\/product\/bot-kim-cuong-da-tinh-the-phuong-phap-nhiet-do-va-ap-suat-cao\/"},"modified":"2025-12-16T16:21:26","modified_gmt":"2025-12-16T08:21:26","slug":"bot-kim-cuong-da-tinh-the-phuong-phap-nhiet-do-va-ap-suat-cao","status":"publish","type":"product","link":"https:\/\/honwaygroup.com\/vi\/product\/bot-kim-cuong-da-tinh-the-phuong-phap-nhiet-do-va-ap-suat-cao\/","title":{"rendered":"B\u1ed9t kim c\u01b0\u01a1ng \u0111a tinh th\u1ec3 (ph\u01b0\u01a1ng ph\u00e1p nhi\u1ec7t \u0111\u1ed9 v\u00e0 \u00e1p su\u1ea5t cao)"},"content":{"rendered":"<h3><strong>B\u1ed9t kim c\u01b0\u01a1ng \u0111a tinh th\u1ec3 (ph\u01b0\u01a1ng ph\u00e1p nhi\u1ec7t \u0111\u1ed9 v\u00e0 \u00e1p su\u1ea5t cao)<\/strong><\/h3>\n<blockquote>\n<h4><strong>B\u1ed9t kim c\u01b0\u01a1ng \u0111\u01a1n tinh th\u1ec3 k\u00edch th\u01b0\u1edbc micron, b\u1ed9t kim c\u01b0\u01a1ng \u0111\u01a1n tinh th\u1ec3 k\u00edch th\u01b0\u1edbc micron, b\u1ed9t kim c\u01b0\u01a1ng \u0111a tinh th\u1ec3 k\u00edch th\u01b0\u1edbc micron, b\u1ed9t kim c\u01b0\u01a1ng \u0111a tinh th\u1ec3 k\u00edch th\u01b0\u1edbc micron<\/strong><\/h4>\n<\/blockquote>\n<ul>\n<li>Kim c\u01b0\u01a1ng \u0111a tinh th\u1ec3 (b\u1ed9t kim c\u01b0\u01a1ng \u0111a tinh th\u1ec3) l\u00e0 m\u1ed9t lo\u1ea1i tinh th\u1ec3 kim c\u01b0\u01a1ng l\u1eadp ph\u01b0\u01a1ng \u0111\u01b0\u1ee3c t\u1ed5ng h\u1ee3p nh\u00e2n t\u1ea1o d\u01b0\u1edbi t\u00e1c \u0111\u1ed9ng c\u1ee7a s\u00f3ng xung k\u00edch m\u1ea1nh.<\/li>\n<li>N\u00f3 kh\u00e1c v\u1edbi kim c\u01b0\u01a1ng \u0111\u01a1n tinh th\u1ec3 nano \u0111\u01b0\u1ee3c t\u1ea1o ra b\u1eb1ng ph\u01b0\u01a1ng ph\u00e1p n\u1ed5.<\/li>\n<li>C\u00e1c vi tinh th\u1ec3 n\u00e0y \u0111\u01b0\u1ee3c li\u00ean k\u1ebft v\u1edbi nhau b\u1eb1ng c\u00e1c li\u00ean k\u1ebft kh\u00f4ng b\u00e3o h\u00f2a \u0111\u1ec3 t\u1ea1o th\u00e0nh &#8220;c\u00e1c h\u1ea1t \u0111a tinh th\u1ec3 polymer&#8221; c\u00f3 k\u00edch th\u01b0\u1edbc nano, c\u1eadn micromet v\u00e0 m\u00e9t, ch\u00fang c\u00f3 t\u00ednh \u0111\u1eb3ng h\u01b0\u1edbng v\u00e0 kh\u00f4ng <a href=\"https:\/\/zh.wikipedia.org\/zh-tw\/%E8%A7%A3%E7%90%86\" rel=\"nofollow noopener\" target=\"_blank\">c\u00f3 m\u1eb7t ph\u00e2n c\u1eaft<\/a>.<\/li>\n<li>Kh\u00f4ng ch\u1ec9 s\u1edf h\u1eefu \u0111\u1ed9 c\u1ee9ng v\u00e0 \u0111\u1ed9 b\u1ec1n v\u01b0\u1ee3t tr\u1ed9i, kim c\u01b0\u01a1ng \u0111a tinh th\u1ec3 c\u00f2n th\u1ec3 hi\u1ec7n \u0111\u1ed9 d\u1ebbo dai cao, kh\u1eafc ph\u1ee5c \u0111\u01b0\u1ee3c nh\u01b0\u1ee3c \u0111i\u1ec3m c\u1ee7a v\u1eadt li\u1ec7u kim c\u01b0\u01a1ng \u0111\u01a1n tinh th\u1ec3 \u0111\u01b0\u1ee3c t\u1ed5ng h\u1ee3p b\u1eb1ng ph\u01b0\u01a1ng ph\u00e1p \u00e9p th\u1ee7y t\u0129nh (\u00e9p c\u01a1 h\u1ecdc), ch\u1eb3ng h\u1ea1n nh\u01b0 g\u00e3y gi\u00f2n t\u1ea1i c\u00e1c m\u1eb7t ph\u00e2n t\u00e1ch v\u00e0 s\u1ef1 k\u1ebft t\u1ee5 m\u1ec1m trong kim c\u01b0\u01a1ng n\u1ed5. Do \u0111\u00f3, m\u1ed7i vi\u00ean kim c\u01b0\u01a1ng \u0111a tinh th\u1ec3 c\u00f3 nhi\u1ec1u b\u1ec1 m\u1eb7t m\u00e0i, cho ph\u00e9p \u0111i\u1ec1u ch\u1ec9nh k\u1ecbp th\u1eddi c\u00e1c th\u00f4ng s\u1ed1 m\u00e0i trong qu\u00e1 tr\u00ecnh m\u00e0i \u0111\u1ec3 th\u1ef1c hi\u1ec7n m\u00e0i m\u1ecbn v\u00e0 m\u00e0i si\u00eau m\u1ecbn. H\u01a1n n\u1eefa, trong qu\u00e1 tr\u00ecnh m\u00e0i v\u00e0 \u0111\u00e1nh b\u00f3ng, n\u00f3 t\u1ef1 \u0111\u1ed9ng bong tr\u00f3c, \u0111\u1ec3 l\u1ed9 c\u00e1c c\u1ea1nh c\u1eaft si\u00eau nh\u1ecf m\u1edbi. \u0110\u1eb7c t\u00ednh &#8220;t\u1ef1 m\u00e0i&#8221; n\u00e0y \u0111\u1ea3m b\u1ea3o \u0111\u1ed9 ch\u00ednh x\u00e1c cao, hi\u1ec7u qu\u1ea3 cao v\u00e0 ng\u0103n ng\u1eeba h\u01b0 h\u1ea1i c\u00e1c l\u1edbp b\u1ec1 m\u1eb7t n\u00f4ng trong qu\u00e1 tr\u00ecnh gia c\u00f4ng.<\/li>\n<\/ul>\n<p><a href=\"https:\/\/honwaygroup.com\/wp-content\/uploads\/2013\/11\/IMG_3344.jpg\"><img fetchpriority=\"high\" decoding=\"async\" class=\"wp-image-282 \" src=\"https:\/\/honwaygroup.com\/wp-content\/uploads\/2013\/11\/IMG_3344-1024x768.avif\" alt=\"B\u1ed9t kim c\u01b0\u01a1ng \u0111a tinh th\u1ec3\" width=\"549\" height=\"412\" srcset=\"https:\/\/honwaygroup.com\/wp-content\/uploads\/2013\/11\/IMG_3344-1024x768.avif 1024w, https:\/\/honwaygroup.com\/wp-content\/uploads\/2013\/11\/IMG_3344-300x225.avif 300w, https:\/\/honwaygroup.com\/wp-content\/uploads\/2013\/11\/IMG_3344-scaled.avif 1920w\" sizes=\"(max-width: 549px) 100vw, 549px\" \/><\/a><\/p>\n<p>C\u00f3 b\u1ea5t k\u1ef3 th\u1eafc m\u1eafc n\u00e0o kh\u00f4ng? <a href=\"https:\/\/honwaygroup.com\/vi\/lien-he-voi-honway\/\">Li\u00ean h\u1ec7 v\u1edbi HonWay<\/a><\/p>\n","protected":false},"excerpt":{"rendered":"<p>B\u1ed9t kim c\u01b0\u01a1ng \u0111a tinh th\u1ec3 (ph\u01b0\u01a1ng ph\u00e1p nhi\u1ec7t \u0111\u1ed9 v\u00e0 \u00e1p su\u1ea5t cao) B\u1ed9t kim c\u01b0\u01a1ng \u0111\u01a1n tinh th\u1ec3 [&hellip;]<\/p>\n","protected":false},"featured_media":83176,"template":"","meta":{"site-sidebar-layout":"default","site-content-layout":"default","ast-site-content-layout":"default","site-content-style":"default","site-sidebar-style":"default","ast-global-header-display":"","ast-banner-title-visibility":"","ast-main-header-display":"","ast-hfb-above-header-display":"","ast-hfb-below-header-display":"","ast-hfb-mobile-header-display":"","site-post-title":"","ast-breadcrumbs-content":"","ast-featured-img":"","footer-sml-layout":"","ast-disable-related-posts":"","theme-transparent-header-meta":"default","adv-header-id-meta":"","stick-header-meta":"default","header-above-stick-meta":"","header-main-stick-meta":"","header-below-stick-meta":"","astra-migrate-meta-layouts":"default","ast-page-background-enabled":"default","ast-page-background-meta":{"desktop":{"background-color":"var(--ast-global-color-5)","background-image":"","background-repeat":"repeat","background-position":"center center","background-size":"auto","background-attachment":"scroll","background-type":"","background-media":"","overlay-type":"","overlay-color":"","overlay-opacity":"","overlay-gradient":""},"tablet":{"background-color":"","background-image":"","background-repeat":"repeat","background-position":"center center","background-size":"auto","background-attachment":"scroll","background-type":"","background-media":"","overlay-type":"","overlay-color":"","overlay-opacity":"","overlay-gradient":""},"mobile":{"background-color":"","background-image":"","background-repeat":"repeat","background-position":"center center","background-size":"auto","background-attachment":"scroll","background-type":"","background-media":"","overlay-type":"","overlay-color":"","overlay-opacity":"","overlay-gradient":""}},"ast-content-background-meta":{"desktop":{"background-color":"var(--ast-global-color-4)","background-image":"","background-repeat":"repeat","background-position":"center center","background-size":"auto","background-attachment":"scroll","background-type":"","background-media":"","overlay-type":"","overlay-color":"","overlay-opacity":"","overlay-gradient":""},"tablet":{"background-color":"var(--ast-global-color-4)","background-image":"","background-repeat":"repeat","background-position":"center center","background-size":"auto","background-attachment":"scroll","background-type":"","background-media":"","overlay-type":"","overlay-color":"","overlay-opacity":"","overlay-gradient":""},"mobile":{"background-color":"var(--ast-global-color-4)","background-image":"","background-repeat":"repeat","background-position":"center center","background-size":"auto","background-attachment":"scroll","background-type":"","background-media":"","overlay-type":"","overlay-color":"","overlay-opacity":"","overlay-gradient":""}}},"product_brand":[],"product_cat":[4370,4701,4367,4698,4373,4303,4424,4301,4426,4299,4420],"product_tag":[4780],"class_list":{"0":"post-84931","1":"product","2":"type-product","3":"status-publish","4":"has-post-thumbnail","6":"product_cat-bot-mai","7":"product_cat-bot","8":"product_cat-vat-lieu-mai-mem","9":"product_cat-dang-nguyen-lieu","10":"product_cat-da-tinh-the","11":"product_cat-gom","12":"product_cat-hinh-thuc-ung-dung","13":"product_cat-tungsten-carbide","14":"product_cat-vat-lieu-danh-bong","15":"product_cat-vat-lieu-gia-cong","16":"product_cat-vat-lieu-mai-sieu-cung","17":"product_tag-bot-kim-cuong-da-tinh-the","18":"desktop-align-left","19":"tablet-align-left","20":"mobile-align-left","21":"ast-product-gallery-layout-horizontal-slider","22":"ast-product-single-variable","23":"ast-product-tabs-layout-horizontal","25":"first","26":"instock","27":"taxable","28":"shipping-taxable","29":"purchasable","30":"product-type-variable"},"_links":{"self":[{"href":"https:\/\/honwaygroup.com\/vi\/wp-json\/wp\/v2\/product\/84931","targetHints":{"allow":["GET"]}}],"collection":[{"href":"https:\/\/honwaygroup.com\/vi\/wp-json\/wp\/v2\/product"}],"about":[{"href":"https:\/\/honwaygroup.com\/vi\/wp-json\/wp\/v2\/types\/product"}],"version-history":[{"count":0,"href":"https:\/\/honwaygroup.com\/vi\/wp-json\/wp\/v2\/product\/84931\/revisions"}],"wp:featuredmedia":[{"embeddable":true,"href":"https:\/\/honwaygroup.com\/vi\/wp-json\/wp\/v2\/media\/83176"}],"wp:attachment":[{"href":"https:\/\/honwaygroup.com\/vi\/wp-json\/wp\/v2\/media?parent=84931"}],"wp:term":[{"taxonomy":"product_brand","embeddable":true,"href":"https:\/\/honwaygroup.com\/vi\/wp-json\/wp\/v2\/product_brand?post=84931"},{"taxonomy":"product_cat","embeddable":true,"href":"https:\/\/honwaygroup.com\/vi\/wp-json\/wp\/v2\/product_cat?post=84931"},{"taxonomy":"product_tag","embeddable":true,"href":"https:\/\/honwaygroup.com\/vi\/wp-json\/wp\/v2\/product_tag?post=84931"}],"curies":[{"name":"wp","href":"https:\/\/api.w.org\/{rel}","templated":true}]}}