{"id":84927,"date":"2015-06-18T04:22:33","date_gmt":"2015-06-17T20:22:33","guid":{"rendered":"https:\/\/honwaygroup.com\/product\/ban-chai-kim-cuong-da-tinh-the-day-nylon-kim-cuong-da-tinh-the\/"},"modified":"2015-06-18T04:22:33","modified_gmt":"2015-06-17T20:22:33","slug":"ban-chai-kim-cuong-da-tinh-the-day-nylon-kim-cuong-da-tinh-the","status":"publish","type":"product","link":"https:\/\/honwaygroup.com\/vi\/product\/ban-chai-kim-cuong-da-tinh-the-day-nylon-kim-cuong-da-tinh-the\/","title":{"rendered":"B\u00e0n ch\u1ea3i kim c\u01b0\u01a1ng \u0111a tinh th\u1ec3 &amp; D\u00e2y nylon kim c\u01b0\u01a1ng \u0111a tinh th\u1ec3"},"content":{"rendered":"<h3>B\u00e0n ch\u1ea3i kim c\u01b0\u01a1ng \u0111a tinh th\u1ec3 &amp; D\u00e2y nylon kim c\u01b0\u01a1ng \u0111a tinh th\u1ec3<\/h3>\n<h4>M\u00f4 t\u1ea3 s\u1ea3n ph\u1ea9m<\/h4>\n<p>\u1ee8ng d\u1ee5ng s\u1ea3n ph\u1ea9m:<\/p>\n<ol>\n<li>\u0110\u00e1nh b\u00f3ng v\u00e0 v\u00e1t m\u00e9p c\u00e1c h\u1ee3p kim c\u1ee9ng, nh\u01b0 <a href=\"https:\/\/zh.wikipedia.org\/zh-tw\/%E7%A2%B3%E5%8C%96%E9%92%9B\" rel=\"nofollow noopener\" target=\"_blank\">carbide titanium<\/a>, <a href=\"https:\/\/zh.wikipedia.org\/zh-hk\/%E7%A2%B3%E5%8C%96%E9%8E%A2\" rel=\"nofollow noopener\" target=\"_blank\">carbide tungsten<\/a> v\u00e0 c\u00e1c v\u1eadt li\u1ec7u kh\u00f3 gia c\u00f4ng kh\u00e1c.<\/li>\n<li>M\u00e0i v\u00e0 \u0111\u00e1nh b\u00f3ng k\u00ednh sapphire v\u00e0 \u0111\u00e1 qu\u00fd.<\/li>\n<li>\u0110\u00e1nh b\u00f3ng bavia k\u00ednh xanh cho \u1ee9ng d\u1ee5ng quang h\u1ecdc.<\/li>\n<li>M\u00e0i v\u00e0 \u0111\u00e1nh b\u00f3ng t\u1ea5m silicon n\u0103ng l\u01b0\u1ee3ng m\u1eb7t tr\u1eddi.<\/li>\n<li>\u0110\u00e1nh b\u00f3ng c\u00e1c v\u1eadt li\u1ec7u c\u00f3 h\u00ecnh d\u1ea1ng kh\u00f4ng \u0111\u1ec1u nh\u01b0 t\u01b0\u1ee3ng ng\u1ecdc, \u0111i\u00eau kh\u1eafc \u0111\u00e1 l\u1edbn v\u00e0 c\u00e1c v\u1eadt li\u1ec7u kh\u00f3 \u0111\u00e1nh b\u00f3ng kh\u00e1c.<\/li>\n<\/ol>\n<p>Hi\u1ec7u su\u1ea5t v\u01b0\u1ee3t tr\u1ed9i khi s\u1eed d\u1ee5ng s\u1ea3n ph\u1ea9m:<\/p>\n<ol>\n<li>\u0110\u01b0\u1ee3c s\u1eed d\u1ee5ng trong k\u1ef9 thu\u1eadt gia c\u00f4ng si\u00eau ch\u00ednh x\u00e1c.<\/li>\n<li>Hi\u1ec7u qu\u1ea3 m\u00e0i tuy\u1ec7t v\u1eddi.<\/li>\n<li>Tu\u1ed5i th\u1ecd trung b\u00ecnh d\u00e0i h\u01a1n.\n<\/li>\n<li>C\u00f3 th\u1ec3 s\u1eed d\u1ee5ng trong m\u00f4i tr\u01b0\u1eddng axit v\u00e0 ki\u1ec1m kh\u1eafc nghi\u1ec7t, ch\u1ecbu \u0111\u01b0\u1ee3c nhi\u1ec7t \u0111\u1ed9 l\u00ean \u0111\u1ebfn 270\u00b0C v\u00e0 c\u00f3 kh\u1ea3 n\u0103ng ch\u1ed1ng t\u0129nh \u0111i\u1ec7n.<\/li>\n<\/ol>\n<ol start=\"5\">\n<li>Kh\u00e1c v\u1edbi c\u00e1c b\u00e1nh m\u00e0i th\u00f4ng th\u01b0\u1eddng, c\u00f3 th\u1ec3 gia c\u00f4ng c\u00e1c chi ti\u1ebft c\u00f3 h\u00ecnh d\u1ea1ng kh\u00f4ng \u0111\u1ec1u.<\/li>\n<li>\u00cdt c\u00f3 nguy c\u01a1 m\u1ebb ho\u1eb7c n\u1ee9t nh\u1ecf khi gia c\u00f4ng c\u00e1c v\u1eadt li\u1ec7u c\u1ee9ng v\u00e0 gi\u00f2n.<\/li>\n<li>Gi\u1ea3m <a href=\"https:\/\/www.easyatm.com.tw\/wiki\/%E5%85%A7%E6%87%89%E5%8A%9B\" rel=\"nofollow noopener\" target=\"_blank\">\u00e1p l\u1ef1c n\u1ed9i t\u1ea1i<\/a> tr\u00ean ph\u00f4i trong qu\u00e1 tr\u00ecnh gia c\u00f4ng.<\/li>\n<\/ol>\n<p>&nbsp;<\/p>\n<p>K\u00edch th\u01b0\u1edbc b\u00e0n ch\u1ea3i v\u00e0 \u0111\u01b0\u1eddng k\u00ednh d\u00e2y c\u00f3 s\u1eb5n:<\/p>\n<p>B\u1ea3ng tham chi\u1ebfu b\u00e0n ch\u1ea3i c\u00f3 s\u1eb5n \u0110\u01a1n v\u1ecb: #<\/p>\n<table border=\"1\" width=\"1361\">\n<tbody>\n<tr>\n<td width=\"56\">120<\/td>\n<td width=\"56\">200<\/td>\n<td width=\"56\">400<\/td>\n<td width=\"56\">600<\/td>\n<td width=\"56\">1000<\/td>\n<td width=\"56\">1500<\/td>\n<td width=\"56\">2000<\/td>\n<td width=\"56\">3000<\/td>\n<td width=\"56\">5000<\/td>\n<td width=\"56\">8000<\/td>\n<\/tr>\n<\/tbody>\n<\/table>\n<p>K\u00edch th\u01b0\u1edbc s\u1ea3n xu\u1ea5t th\u00f4ng th\u01b0\u1eddng. N\u1ebfu c\u1ea7n \u0111\u1eb7t h\u00e0ng \u0111\u1eb7c bi\u1ec7t, vui l\u00f2ng cho ch\u00fang t\u00f4i bi\u1ebft. <\/p>\n<p>&nbsp;<\/p>\n<p>B\u1ea3ng tham chi\u1ebfu \u0111\u01b0\u1eddng k\u00ednh b\u00e0n ch\u1ea3i c\u00f3 s\u1eb5n (\u0110\u01a1n v\u1ecb: mm).<\/p>\n<p>K\u00edch th\u01b0\u1edbc \u0111\u01b0\u1eddng k\u00ednh d\u00e2y s\u1ea3n xu\u1ea5t th\u00f4ng th\u01b0\u1eddng. N\u1ebfu b\u1ea1n c\u1ea7n \u0111\u1eb7t h\u00e0ng \u0111\u1eb7c bi\u1ec7t, vui l\u00f2ng cho ch\u00fang t\u00f4i bi\u1ebft. <\/p>\n<table border=\"1\" width=\"1361\">\n<tbody>\n<tr>\n<td width=\"56\">0.20<\/td>\n<td width=\"56\">0.30<\/td>\n<td width=\"56\">0.40<\/td>\n<td width=\"56\">0.50<\/td>\n<td width=\"56\">0.60<\/td>\n<td width=\"56\">0.80<\/td>\n<td width=\"56\">0.90<\/td>\n<td width=\"56\">1.00<\/td>\n<td width=\"56\">1.20<\/td>\n<td width=\"56\">1.50<\/td>\n<\/tr>\n<\/tbody>\n<\/table>\n<p><a href=\"https:\/\/honwaygroup.com\/wp-content\/uploads\/2014\/07\/%E5%A4%AA%E9%99%BD%E8%83%BD%E6%99%B6%E5%A1%8A%E6%8B%8B%E5%85%89%E7%94%A8%E9%91%BD%E7%9F%B3%E5%B0%BC%E9%BE%8D%E5%88%B7.jpeg\"><img fetchpriority=\"high\" decoding=\"async\" class=\"size-full wp-image-842\" src=\"https:\/\/honwaygroup.com\/wp-content\/uploads\/2014\/07\/%E5%A4%AA%E9%99%BD%E8%83%BD%E6%99%B6%E5%A1%8A%E6%8B%8B%E5%85%89%E7%94%A8%E9%91%BD%E7%9F%B3%E5%B0%BC%E9%BE%8D%E5%88%B7.jpeg\" alt=\"B\u00e0n ch\u1ea3i kim c\u01b0\u01a1ng, B\u00e0n ch\u1ea3i nylon kim c\u01b0\u01a1ng, HONWAY, \u1ee8ng d\u1ee5ng \u0111\u1eb7c bi\u1ec7t, B\u00e1nh m\u00e0i \u0111\u1eb7c bi\u1ec7t, Sapphire, N\u0103ng l\u01b0\u1ee3ng m\u1eb7t tr\u1eddi, Wafer, Carbide, M\u00e0i &amp; \u0110\u00e1nh b\u00f3ng, B\u00e1nh m\u00e0i kim c\u01b0\u01a1ng.\" width=\"541\" height=\"960\"><\/a><\/p>\n<p><a href=\"https:\/\/honwaygroup.com\/wp-content\/uploads\/2014\/07\/%E5%AE%8F%E5%B4%B4%E5%AF%A6%E6%A5%AD%E9%91%BD%E7%9F%B3%E6%AF%9B%E5%88%B7.jpeg\"><img decoding=\"async\" class=\"size-full wp-image-843\" src=\"https:\/\/honwaygroup.com\/wp-content\/uploads\/2014\/07\/%E5%AE%8F%E5%B4%B4%E5%AF%A6%E6%A5%AD%E9%91%BD%E7%9F%B3%E6%AF%9B%E5%88%B7.jpeg\" alt=\"B\u00e0n ch\u1ea3i kim c\u01b0\u01a1ng, B\u00e0n ch\u1ea3i nylon kim c\u01b0\u01a1ng, HONWAY, \u1ee8ng d\u1ee5ng \u0111\u1eb7c bi\u1ec7t, B\u00e1nh m\u00e0i \u0111\u1eb7c bi\u1ec7t, Sapphire, N\u0103ng l\u01b0\u1ee3ng m\u1eb7t tr\u1eddi, Wafer, Carbide, M\u00e0i &amp; \u0110\u00e1nh b\u00f3ng, B\u00e1nh m\u00e0i kim c\u01b0\u01a1ng.\" width=\"541\" height=\"960\"><\/a><\/p>\n<p><a href=\"https:\/\/honwaygroup.com\/wp-content\/uploads\/2014\/07\/%E7%A1%AC%E8%B3%AA%E5%90%88%E9%87%91%E4%BF%AE%E8%A7%92%E7%94%A8%E9%91%BD%E7%9F%B3%E6%AF%9B%E5%88%B7%E7%9B%A4.jpeg\"><img decoding=\"async\" class=\"size-full wp-image-844\" src=\"https:\/\/honwaygroup.com\/wp-content\/uploads\/2014\/07\/%E7%A1%AC%E8%B3%AA%E5%90%88%E9%87%91%E4%BF%AE%E8%A7%92%E7%94%A8%E9%91%BD%E7%9F%B3%E6%AF%9B%E5%88%B7%E7%9B%A4.jpeg\" alt=\"B\u00e0n ch\u1ea3i kim c\u01b0\u01a1ng, B\u00e0n ch\u1ea3i nylon kim c\u01b0\u01a1ng, HONWAY, \u1ee8ng d\u1ee5ng \u0111\u1eb7c bi\u1ec7t, B\u00e1nh m\u00e0i \u0111\u1eb7c bi\u1ec7t, Sapphire, N\u0103ng l\u01b0\u1ee3ng m\u1eb7t tr\u1eddi, Wafer, Carbide, M\u00e0i &amp; \u0110\u00e1nh b\u00f3ng, B\u00e1nh m\u00e0i kim c\u01b0\u01a1ng.\" width=\"960\" height=\"541\"><\/a><\/p>\n<p>&nbsp;<\/p>\n<p><a href=\"https:\/\/honwaygroup.com\/wp-content\/uploads\/2014\/07\/%E8%97%8D%E7%8E%BB%E7%92%83%E4%BF%AE%E9%82%8A%E7%94%A8%E9%91%BD%E7%9F%B3%E6%AF%9B%E5%88%B7.jpeg\"><img loading=\"lazy\" decoding=\"async\" class=\"alignnone wp-image-846 size-full\" src=\"https:\/\/honwaygroup.com\/wp-content\/uploads\/2014\/07\/%E8%97%8D%E7%8E%BB%E7%92%83%E4%BF%AE%E9%82%8A%E7%94%A8%E9%91%BD%E7%9F%B3%E6%AF%9B%E5%88%B7.jpeg\" alt=\"B\u00e0n ch\u1ea3i kim c\u01b0\u01a1ng \u0111a tinh th\u1ec3 &amp; D\u00e2y nylon kim c\u01b0\u01a1ng \u0111a tinh th\u1ec3, B\u00e0n ch\u1ea3i kim c\u01b0\u01a1ng, B\u00e0n ch\u1ea3i nylon kim c\u01b0\u01a1ng, HONWAY, \u1ee8ng d\u1ee5ng \u0111\u1eb7c bi\u1ec7t, B\u00e1nh m\u00e0i \u0111\u1eb7c bi\u1ec7t, Sapphire, N\u0103ng l\u01b0\u1ee3ng m\u1eb7t tr\u1eddi, Wafer, Tungsten Carbide, M\u00e0i &amp; \u0110\u00e1nh b\u00f3ng, B\u00e1nh m\u00e0i kim c\u01b0\u01a1ng.\" width=\"541\" height=\"960\"><\/a><\/p>\n<p><a href=\"https:\/\/honwaygroup.com\/wp-content\/uploads\/2014\/07\/%E9%91%BD%E7%9F%B3%E6%AF%9B%E5%88%B7.jpeg\"><img loading=\"lazy\" decoding=\"async\" class=\"alignnone wp-image-847 size-full\" src=\"https:\/\/honwaygroup.com\/wp-content\/uploads\/2014\/07\/%E9%91%BD%E7%9F%B3%E6%AF%9B%E5%88%B7.jpeg\" alt=\"B\u00e0n ch\u1ea3i kim c\u01b0\u01a1ng, B\u00e0n ch\u1ea3i nylon kim c\u01b0\u01a1ng, B\u00e0n ch\u1ea3i kim c\u01b0\u01a1ng \u0111a tinh th\u1ec3 &amp; D\u00e2y nylon kim c\u01b0\u01a1ng \u0111a tinh th\u1ec3.\" width=\"541\" height=\"960\"><\/a><\/p>\n<p><a href=\"https:\/\/honwaygroup.com\/wp-content\/uploads\/2014\/07\/%E9%91%BD%E7%9F%B3%E5%B0%BC%E9%BE%8D%E5%88%B7.jpeg\"><img loading=\"lazy\" decoding=\"async\" class=\"alignnone wp-image-848 size-full\" src=\"https:\/\/honwaygroup.com\/wp-content\/uploads\/2014\/07\/%E9%91%BD%E7%9F%B3%E5%B0%BC%E9%BE%8D%E5%88%B7.jpeg\" alt=\"B\u00e0n ch\u1ea3i kim c\u01b0\u01a1ng, B\u00e0n ch\u1ea3i nylon kim c\u01b0\u01a1ng, HONWAY, \u1ee8ng d\u1ee5ng \u0111\u1eb7c bi\u1ec7t, B\u00e1nh m\u00e0i \u0111\u1eb7c bi\u1ec7t, Sapphire, N\u0103ng l\u01b0\u1ee3ng m\u1eb7t tr\u1eddi, Wafer, H\u1ee3p kim c\u1ee9ng, M\u00e0i v\u00e0 \u0110\u00e1nh b\u00f3ng, B\u00e1nh m\u00e0i kim c\u01b0\u01a1ng, B\u00e0n ch\u1ea3i kim c\u01b0\u01a1ng \u0111a tinh th\u1ec3 &amp; D\u00e2y nylon kim c\u01b0\u01a1ng \u0111a tinh th\u1ec3.\" width=\"541\" height=\"960\"><\/a><\/p>\n<p>C\u00f3 c\u00e2u h\u1ecfi n\u00e0o kh\u00f4ng? <a href=\"https:\/\/honwaygroup.com\/vi\/lien-he-voi-honway\/\">Li\u00ean h\u1ec7 HonWay<\/a><\/p>\n","protected":false},"excerpt":{"rendered":"<h2>M\u00f4 t\u1ea3 s\u1ea3n ph\u1ea9m<\/h2>\n<p>\u1ee8ng d\u1ee5ng s\u1ea3n ph\u1ea9m:<\/p>\n<ol>\n<li>\u0110\u00e1nh b\u00f3ng v\u00e0 v\u00e1t m\u00e9p c\u00e1c h\u1ee3p kim c\u1ee9ng, nh\u01b0 carbide titanium, carbide tungsten v\u00e0 c\u00e1c v\u1eadt li\u1ec7u kh\u00f3 gia c\u00f4ng kh\u00e1c.<\/li>\n<li>M\u00e0i v\u00e0 \u0111\u00e1nh b\u00f3ng k\u00ednh sapphire v\u00e0 \u0111\u00e1 qu\u00fd.<\/li>\n<li>\u0110\u00e1nh b\u00f3ng bavia k\u00ednh xanh cho \u1ee9ng d\u1ee5ng quang h\u1ecdc.<\/li>\n<li>M\u00e0i v\u00e0 \u0111\u00e1nh b\u00f3ng t\u1ea5m silicon n\u0103ng l\u01b0\u1ee3ng m\u1eb7t tr\u1eddi.<\/li>\n<li>\u0110\u00e1nh b\u00f3ng c\u00e1c v\u1eadt li\u1ec7u c\u00f3 h\u00ecnh d\u1ea1ng kh\u00f4ng \u0111\u1ec1u nh\u01b0 t\u01b0\u1ee3ng ng\u1ecdc, \u0111i\u00eau kh\u1eafc \u0111\u00e1 l\u1edbn v\u00e0 c\u00e1c v\u1eadt li\u1ec7u kh\u00f3 \u0111\u00e1nh b\u00f3ng kh\u00e1c.<\/li>\n<\/ol>\n<p>Hi\u1ec7u su\u1ea5t v\u01b0\u1ee3t tr\u1ed9i khi s\u1eed d\u1ee5ng s\u1ea3n ph\u1ea9m:<\/p>\n<ol>\n<li>\u0110\u01b0\u1ee3c s\u1eed d\u1ee5ng trong k\u1ef9 thu\u1eadt gia c\u00f4ng si\u00eau ch\u00ednh x\u00e1c.<\/li>\n<li>Hi\u1ec7u qu\u1ea3 m\u00e0i tuy\u1ec7t v\u1eddi.<\/li>\n<li>Tu\u1ed5i th\u1ecd trung b\u00ecnh d\u00e0i h\u01a1n.\n<\/li>\n<li>C\u00f3 th\u1ec3 s\u1eed d\u1ee5ng trong m\u00f4i tr\u01b0\u1eddng axit v\u00e0 ki\u1ec1m kh\u1eafc nghi\u1ec7t, ch\u1ecbu \u0111\u01b0\u1ee3c nhi\u1ec7t \u0111\u1ed9 l\u00ean \u0111\u1ebfn 270\u00b0C v\u00e0 c\u00f3 kh\u1ea3 n\u0103ng ch\u1ed1ng t\u0129nh \u0111i\u1ec7n.<\/li>\n<\/ol>\n<ol start=\"5\">\n<li>Kh\u00e1c v\u1edbi c\u00e1c b\u00e1nh m\u00e0i th\u00f4ng th\u01b0\u1eddng, c\u00f3 th\u1ec3 gia c\u00f4ng c\u00e1c chi ti\u1ebft c\u00f3 h\u00ecnh d\u1ea1ng kh\u00f4ng \u0111\u1ec1u.<\/li>\n<li>\u00cdt c\u00f3 nguy c\u01a1 m\u1ebb ho\u1eb7c n\u1ee9t nh\u1ecf khi gia c\u00f4ng c\u00e1c v\u1eadt li\u1ec7u c\u1ee9ng v\u00e0 gi\u00f2n.<\/li>\n<li>Gi\u1ea3m \u00e1p l\u1ef1c n\u1ed9i t\u1ea1i tr\u00ean ph\u00f4i trong qu\u00e1 tr\u00ecnh gia c\u00f4ng.<\/li>\n<\/ol>\n<p>&nbsp;<\/p>\n<p>K\u00edch th\u01b0\u1edbc b\u00e0n ch\u1ea3i v\u00e0 \u0111\u01b0\u1eddng k\u00ednh d\u00e2y c\u00f3 s\u1eb5n:<\/p>\n<p>B\u1ea3ng tham chi\u1ebfu b\u00e0n ch\u1ea3i c\u00f3 s\u1eb5n \u0110\u01a1n v\u1ecb: #<\/p>\n<table border=\"1\" width=\"1361\">\n<tbody>\n<tr>\n<td width=\"56\">120<\/td>\n<td width=\"56\">200<\/td>\n<td width=\"56\">400<\/td>\n<td width=\"56\">600<\/td>\n<td width=\"56\">1000<\/td>\n<td width=\"56\">1500<\/td>\n<td width=\"56\">2000<\/td>\n<td width=\"56\">3000<\/td>\n<td width=\"56\">5000<\/td>\n<td width=\"56\">8000<\/td>\n<\/tr>\n<\/tbody>\n<\/table>\n<p>K\u00edch th\u01b0\u1edbc s\u1ea3n xu\u1ea5t th\u00f4ng th\u01b0\u1eddng. N\u1ebfu c\u1ea7n \u0111\u1eb7t h\u00e0ng \u0111\u1eb7c bi\u1ec7t, vui l\u00f2ng cho ch\u00fang t\u00f4i bi\u1ebft. <\/p>\n<p>&nbsp;<\/p>\n<p>B\u1ea3ng tham chi\u1ebfu \u0111\u01b0\u1eddng k\u00ednh b\u00e0n ch\u1ea3i c\u00f3 s\u1eb5n (\u0110\u01a1n v\u1ecb: mm).<\/p>\n<p>K\u00edch th\u01b0\u1edbc \u0111\u01b0\u1eddng k\u00ednh d\u00e2y s\u1ea3n xu\u1ea5t th\u00f4ng th\u01b0\u1eddng. N\u1ebfu b\u1ea1n c\u1ea7n \u0111\u1eb7t h\u00e0ng \u0111\u1eb7c bi\u1ec7t, vui l\u00f2ng cho ch\u00fang t\u00f4i bi\u1ebft. <\/p>\n<table border=\"1\" width=\"1361\">\n<tbody>\n<tr>\n<td width=\"56\">0.20<\/td>\n<td width=\"56\">0.30<\/td>\n<td width=\"56\">0.40<\/td>\n<td width=\"56\">0.50<\/td>\n<td width=\"56\">0.60<\/td>\n<td width=\"56\">0.80<\/td>\n<td width=\"56\">0.90<\/td>\n<td width=\"56\">1.00<\/td>\n<td width=\"56\">1.20<\/td>\n<td width=\"56\">1.50<\/td>\n<\/tr>\n<\/tbody>\n<\/table>\n<p><a href=\"https:\/\/honwaygroup.com\/wp-content\/uploads\/2014\/07\/%E5%A4%AA%E9%99%BD%E8%83%BD%E6%99%B6%E5%A1%8A%E6%8B%8B%E5%85%89%E7%94%A8%E9%91%BD%E7%9F%B3%E5%B0%BC%E9%BE%8D%E5%88%B7.jpeg\"><img fetchpriority=\"high\" decoding=\"async\" class=\"size-full wp-image-842\" src=\"https:\/\/honwaygroup.com\/wp-content\/uploads\/2014\/07\/%E5%A4%AA%E9%99%BD%E8%83%BD%E6%99%B6%E5%A1%8A%E6%8B%8B%E5%85%89%E7%94%A8%E9%91%BD%E7%9F%B3%E5%B0%BC%E9%BE%8D%E5%88%B7.jpeg\" alt=\"B\u00e0n ch\u1ea3i kim c\u01b0\u01a1ng, B\u00e0n ch\u1ea3i nylon kim c\u01b0\u01a1ng, HONWAY, \u1ee8ng d\u1ee5ng \u0111\u1eb7c bi\u1ec7t, B\u00e1nh m\u00e0i \u0111\u1eb7c bi\u1ec7t, Sapphire, N\u0103ng l\u01b0\u1ee3ng m\u1eb7t tr\u1eddi, Wafer, Carbide, M\u00e0i &amp; \u0110\u00e1nh b\u00f3ng, B\u00e1nh m\u00e0i kim c\u01b0\u01a1ng.\" width=\"541\" height=\"960\"><\/a><\/p>\n<p><a href=\"https:\/\/honwaygroup.com\/wp-content\/uploads\/2014\/07\/%E5%AE%8F%E5%B4%B4%E5%AF%A6%E6%A5%AD%E9%91%BD%E7%9F%B3%E6%AF%9B%E5%88%B7.jpeg\"><img decoding=\"async\" class=\"size-full wp-image-843\" src=\"https:\/\/honwaygroup.com\/wp-content\/uploads\/2014\/07\/%E5%AE%8F%E5%B4%B4%E5%AF%A6%E6%A5%AD%E9%91%BD%E7%9F%B3%E6%AF%9B%E5%88%B7.jpeg\" alt=\"B\u00e0n ch\u1ea3i kim c\u01b0\u01a1ng, B\u00e0n ch\u1ea3i nylon kim c\u01b0\u01a1ng, HONWAY, \u1ee8ng d\u1ee5ng \u0111\u1eb7c bi\u1ec7t, B\u00e1nh m\u00e0i \u0111\u1eb7c bi\u1ec7t, Sapphire, N\u0103ng l\u01b0\u1ee3ng m\u1eb7t tr\u1eddi, Wafer, Carbide, M\u00e0i &amp; \u0110\u00e1nh b\u00f3ng, B\u00e1nh m\u00e0i kim c\u01b0\u01a1ng.\" width=\"541\" height=\"960\"><\/a><\/p>\n<p><a href=\"https:\/\/honwaygroup.com\/wp-content\/uploads\/2014\/07\/%E7%A1%AC%E8%B3%AA%E5%90%88%E9%87%91%E4%BF%AE%E8%A7%92%E7%94%A8%E9%91%BD%E7%9F%B3%E6%AF%9B%E5%88%B7%E7%9B%A4.jpeg\"><img decoding=\"async\" class=\"size-full wp-image-844\" src=\"https:\/\/honwaygroup.com\/wp-content\/uploads\/2014\/07\/%E7%A1%AC%E8%B3%AA%E5%90%88%E9%87%91%E4%BF%AE%E8%A7%92%E7%94%A8%E9%91%BD%E7%9F%B3%E6%AF%9B%E5%88%B7%E7%9B%A4.jpeg\" alt=\"B\u00e0n ch\u1ea3i kim c\u01b0\u01a1ng, B\u00e0n ch\u1ea3i nylon kim c\u01b0\u01a1ng, HONWAY, \u1ee8ng d\u1ee5ng \u0111\u1eb7c bi\u1ec7t, B\u00e1nh m\u00e0i \u0111\u1eb7c bi\u1ec7t, Sapphire, N\u0103ng l\u01b0\u1ee3ng m\u1eb7t tr\u1eddi, Wafer, Carbide, M\u00e0i &amp; \u0110\u00e1nh b\u00f3ng, B\u00e1nh m\u00e0i kim c\u01b0\u01a1ng.\" width=\"960\" height=\"541\"><\/a><\/p>\n<p>&nbsp;<\/p>\n<p><a href=\"https:\/\/honwaygroup.com\/wp-content\/uploads\/2014\/07\/%E8%97%8D%E7%8E%BB%E7%92%83%E4%BF%AE%E9%82%8A%E7%94%A8%E9%91%BD%E7%9F%B3%E6%AF%9B%E5%88%B7.jpeg\"><img loading=\"lazy\" decoding=\"async\" class=\"size-full wp-image-846\" src=\"https:\/\/honwaygroup.com\/wp-content\/uploads\/2014\/07\/%E8%97%8D%E7%8E%BB%E7%92%83%E4%BF%AE%E9%82%8A%E7%94%A8%E9%91%BD%E7%9F%B3%E6%AF%9B%E5%88%B7.jpeg\" alt=\"B\u00e0n ch\u1ea3i kim c\u01b0\u01a1ng, B\u00e0n ch\u1ea3i nylon kim c\u01b0\u01a1ng, HONWAY, \u1ee8ng d\u1ee5ng \u0111\u1eb7c bi\u1ec7t, B\u00e1nh m\u00e0i \u0111\u1eb7c bi\u1ec7t, Sapphire, N\u0103ng l\u01b0\u1ee3ng m\u1eb7t tr\u1eddi, Wafer, Carbide, M\u00e0i &amp; \u0110\u00e1nh b\u00f3ng, B\u00e1nh m\u00e0i kim c\u01b0\u01a1ng.\" width=\"541\" height=\"960\"><\/a><\/p>\n<p><a href=\"https:\/\/honwaygroup.com\/wp-content\/uploads\/2014\/07\/%E9%91%BD%E7%9F%B3%E6%AF%9B%E5%88%B7.jpeg\"><img loading=\"lazy\" decoding=\"async\" class=\"size-full wp-image-847\" src=\"https:\/\/honwaygroup.com\/wp-content\/uploads\/2014\/07\/%E9%91%BD%E7%9F%B3%E6%AF%9B%E5%88%B7.jpeg\" alt=\"B\u00e0n ch\u1ea3i kim c\u01b0\u01a1ng, B\u00e0n ch\u1ea3i nylon kim c\u01b0\u01a1ng, HONWAY, \u1ee8ng d\u1ee5ng \u0111\u1eb7c bi\u1ec7t, B\u00e1nh m\u00e0i \u0111\u1eb7c bi\u1ec7t, Sapphire, N\u0103ng l\u01b0\u1ee3ng m\u1eb7t tr\u1eddi, Wafer, Carbide, M\u00e0i &amp; \u0110\u00e1nh b\u00f3ng, B\u00e1nh m\u00e0i kim c\u01b0\u01a1ng.\" width=\"541\" height=\"960\"><\/a><\/p>\n<p><a href=\"https:\/\/honwaygroup.com\/wp-content\/uploads\/2014\/07\/%E9%91%BD%E7%9F%B3%E5%B0%BC%E9%BE%8D%E5%88%B7.jpeg\"><img loading=\"lazy\" decoding=\"async\" class=\"size-full wp-image-848\" src=\"https:\/\/honwaygroup.com\/wp-content\/uploads\/2014\/07\/%E9%91%BD%E7%9F%B3%E5%B0%BC%E9%BE%8D%E5%88%B7.jpeg\" alt=\"B\u00e0n ch\u1ea3i kim c\u01b0\u01a1ng, B\u00e0n ch\u1ea3i nylon kim c\u01b0\u01a1ng, HONWAY, \u1ee8ng d\u1ee5ng \u0111\u1eb7c bi\u1ec7t, B\u00e1nh m\u00e0i \u0111\u1eb7c bi\u1ec7t, Sapphire, N\u0103ng l\u01b0\u1ee3ng m\u1eb7t tr\u1eddi, Wafer, Carbide, M\u00e0i &amp; \u0110\u00e1nh b\u00f3ng, B\u00e1nh m\u00e0i kim c\u01b0\u01a1ng.\" width=\"541\" height=\"960\"><\/a><\/p>\n","protected":false},"featured_media":84928,"template":"","meta":{"site-sidebar-layout":"default","site-content-layout":"default","ast-site-content-layout":"default","site-content-style":"default","site-sidebar-style":"default","ast-global-header-display":"","ast-banner-title-visibility":"","ast-main-header-display":"","ast-hfb-above-header-display":"","ast-hfb-below-header-display":"","ast-hfb-mobile-header-display":"","site-post-title":"","ast-breadcrumbs-content":"","ast-featured-img":"","footer-sml-layout":"","ast-disable-related-posts":"","theme-transparent-header-meta":"default","adv-header-id-meta":"","stick-header-meta":"default","header-above-stick-meta":"","header-main-stick-meta":"","header-below-stick-meta":"","astra-migrate-meta-layouts":"default","ast-page-background-enabled":"default","ast-page-background-meta":{"desktop":{"background-color":"var(--ast-global-color-5)","background-image":"","background-repeat":"repeat","background-position":"center center","background-size":"auto","background-attachment":"scroll","background-type":"","background-media":"","overlay-type":"","overlay-color":"","overlay-opacity":"","overlay-gradient":""},"tablet":{"background-color":"","background-image":"","background-repeat":"repeat","background-position":"center center","background-size":"auto","background-attachment":"scroll","background-type":"","background-media":"","overlay-type":"","overlay-color":"","overlay-opacity":"","overlay-gradient":""},"mobile":{"background-color":"","background-image":"","background-repeat":"repeat","background-position":"center center","background-size":"auto","background-attachment":"scroll","background-type":"","background-media":"","overlay-type":"","overlay-color":"","overlay-opacity":"","overlay-gradient":""}},"ast-content-background-meta":{"desktop":{"background-color":"var(--ast-global-color-4)","background-image":"","background-repeat":"repeat","background-position":"center center","background-size":"auto","background-attachment":"scroll","background-type":"","background-media":"","overlay-type":"","overlay-color":"","overlay-opacity":"","overlay-gradient":""},"tablet":{"background-color":"var(--ast-global-color-4)","background-image":"","background-repeat":"repeat","background-position":"center center","background-size":"auto","background-attachment":"scroll","background-type":"","background-media":"","overlay-type":"","overlay-color":"","overlay-opacity":"","overlay-gradient":""},"mobile":{"background-color":"var(--ast-global-color-4)","background-image":"","background-repeat":"repeat","background-position":"center center","background-size":"auto","background-attachment":"scroll","background-type":"","background-media":"","overlay-type":"","overlay-color":"","overlay-opacity":"","overlay-gradient":""}}},"product_brand":[],"product_cat":[4699,4426],"product_tag":[],"class_list":{"0":"post-84927","1":"product","2":"type-product","3":"status-publish","4":"has-post-thumbnail","6":"product_cat-chat-ran","7":"product_cat-vat-lieu-danh-bong","8":"desktop-align-left","9":"tablet-align-left","10":"mobile-align-left","11":"ast-product-gallery-layout-horizontal-slider","12":"ast-product-gallery-with-no-image","13":"ast-product-tabs-layout-horizontal","15":"first","16":"instock","17":"taxable","18":"shipping-taxable","19":"purchasable","20":"product-type-simple"},"_links":{"self":[{"href":"https:\/\/honwaygroup.com\/vi\/wp-json\/wp\/v2\/product\/84927","targetHints":{"allow":["GET"]}}],"collection":[{"href":"https:\/\/honwaygroup.com\/vi\/wp-json\/wp\/v2\/product"}],"about":[{"href":"https:\/\/honwaygroup.com\/vi\/wp-json\/wp\/v2\/types\/product"}],"version-history":[{"count":0,"href":"https:\/\/honwaygroup.com\/vi\/wp-json\/wp\/v2\/product\/84927\/revisions"}],"wp:featuredmedia":[{"embeddable":true,"href":"https:\/\/honwaygroup.com\/vi\/wp-json\/wp\/v2\/media\/84928"}],"wp:attachment":[{"href":"https:\/\/honwaygroup.com\/vi\/wp-json\/wp\/v2\/media?parent=84927"}],"wp:term":[{"taxonomy":"product_brand","embeddable":true,"href":"https:\/\/honwaygroup.com\/vi\/wp-json\/wp\/v2\/product_brand?post=84927"},{"taxonomy":"product_cat","embeddable":true,"href":"https:\/\/honwaygroup.com\/vi\/wp-json\/wp\/v2\/product_cat?post=84927"},{"taxonomy":"product_tag","embeddable":true,"href":"https:\/\/honwaygroup.com\/vi\/wp-json\/wp\/v2\/product_tag?post=84927"}],"curies":[{"name":"wp","href":"https:\/\/api.w.org\/{rel}","templated":true}]}}