{"id":84925,"date":"2015-10-15T02:22:18","date_gmt":"2015-10-14T18:22:18","guid":{"rendered":"https:\/\/honwaygroup.com\/product\/ban-chai-trang-suc-kim-cuong-ba-tay-cam-ban-chai-kim-cuong-long-kim-cuong\/"},"modified":"2025-12-12T14:57:15","modified_gmt":"2025-12-12T06:57:15","slug":"ban-chai-trang-suc-kim-cuong-ba-tay-cam-ban-chai-kim-cuong-long-kim-cuong","status":"publish","type":"product","link":"https:\/\/honwaygroup.com\/vi\/product\/ban-chai-trang-suc-kim-cuong-ba-tay-cam-ban-chai-kim-cuong-long-kim-cuong\/","title":{"rendered":"Ba chi\u1ebfc c\u1ecd trang s\u1ee9c \u0111\u00ednh kim c\u01b0\u01a1ng (l\u00f4ng c\u1ecd \u0111\u00ednh kim c\u01b0\u01a1ng)"},"content":{"rendered":"<h3>Ba chi\u1ebfc c\u1ecd trang s\u1ee9c \u0111\u00ednh kim c\u01b0\u01a1ng (l\u00f4ng c\u1ecd \u0111\u00ednh kim c\u01b0\u01a1ng)<\/h3>\n<p><a href=\"https:\/\/honwaygroup.com\/wp-content\/uploads\/2015\/10\/1442543965553.avif\"><img fetchpriority=\"high\" decoding=\"async\" class=\"wp-image-1090 size-full\" src=\"https:\/\/honwaygroup.com\/wp-content\/uploads\/2015\/10\/1442543965553.avif\" alt=\"Ba chi\u1ebfc c\u1ecd trang s\u1ee9c \u0111\u00ednh kim c\u01b0\u01a1ng (l\u00f4ng c\u1ecd \u0111\u00ednh kim c\u01b0\u01a1ng)\" width=\"905\" height=\"1280\" srcset=\"https:\/\/honwaygroup.com\/wp-content\/uploads\/2015\/10\/1442543965553.avif 905w, https:\/\/honwaygroup.com\/wp-content\/uploads\/2015\/10\/1442543965553-300x424.jpg 300w, https:\/\/honwaygroup.com\/wp-content\/uploads\/2015\/10\/1442543965553-212x300.jpg 212w, https:\/\/honwaygroup.com\/wp-content\/uploads\/2015\/10\/1442543965553-724x1024.avif 724w, https:\/\/honwaygroup.com\/wp-content\/uploads\/2015\/10\/1442543965553-600x849.avif 600w\" sizes=\"(max-width: 905px) 100vw, 905px\" \/><\/a><\/p>\n<p><span style=\"font-size: 14px\">B\u00e0n ch\u1ea3i kim c\u01b0\u01a1ng, l\u00f4ng b\u00e0n ch\u1ea3i kim c\u01b0\u01a1ng, b\u00e0n ch\u1ea3i trang s\u1ee9c, b\u00e0n ch\u1ea3i nh\u1ecf, \u0111\u00e1nh b\u00f3ng, m\u00e0i <\/span><\/p>\n<p>C\u00f3 b\u1ea5t k\u1ef3 th\u1eafc m\u1eafc n\u00e0o kh\u00f4ng? <a href=\"https:\/\/honwaygroup.com\/vi\/lien-he-voi-honway\/\">Li\u00ean h\u1ec7 v\u1edbi HonWay<\/a><\/p>\n<p>&nbsp;<\/p>\n<p>&nbsp;<\/p>\n<p>&nbsp;<\/p>\n<p>&nbsp;<\/p>\n<p>&nbsp;<\/p>\n<p>&nbsp;<\/p>\n<p>&nbsp;<\/p>\n<p>&nbsp;<\/p>\n<p>&nbsp;<\/p>\n<p>&nbsp;<\/p>\n<p>&nbsp;<\/p>\n<p>&nbsp;<\/p>\n<p>&nbsp;<\/p>\n","protected":false},"excerpt":{"rendered":"<p>Ba chi\u1ebfc c\u1ecd trang s\u1ee9c \u0111\u00ednh kim c\u01b0\u01a1ng (l\u00f4ng c\u1ecd \u0111\u00ednh kim c\u01b0\u01a1ng) B\u00e0n ch\u1ea3i kim c\u01b0\u01a1ng, l\u00f4ng b\u00e0n ch\u1ea3i [&hellip;]<\/p>\n","protected":false},"featured_media":84926,"template":"","meta":{"site-sidebar-layout":"default","site-content-layout":"default","ast-site-content-layout":"default","site-content-style":"default","site-sidebar-style":"default","ast-global-header-display":"","ast-banner-title-visibility":"","ast-main-header-display":"","ast-hfb-above-header-display":"","ast-hfb-below-header-display":"","ast-hfb-mobile-header-display":"","site-post-title":"","ast-breadcrumbs-content":"","ast-featured-img":"","footer-sml-layout":"","ast-disable-related-posts":"","theme-transparent-header-meta":"default","adv-header-id-meta":"","stick-header-meta":"default","header-above-stick-meta":"","header-main-stick-meta":"","header-below-stick-meta":"","astra-migrate-meta-layouts":"default","ast-page-background-enabled":"default","ast-page-background-meta":{"desktop":{"background-color":"var(--ast-global-color-5)","background-image":"","background-repeat":"repeat","background-position":"center center","background-size":"auto","background-attachment":"scroll","background-type":"","background-media":"","overlay-type":"","overlay-color":"","overlay-opacity":"","overlay-gradient":""},"tablet":{"background-color":"","background-image":"","background-repeat":"repeat","background-position":"center center","background-size":"auto","background-attachment":"scroll","background-type":"","background-media":"","overlay-type":"","overlay-color":"","overlay-opacity":"","overlay-gradient":""},"mobile":{"background-color":"","background-image":"","background-repeat":"repeat","background-position":"center center","background-size":"auto","background-attachment":"scroll","background-type":"","background-media":"","overlay-type":"","overlay-color":"","overlay-opacity":"","overlay-gradient":""}},"ast-content-background-meta":{"desktop":{"background-color":"var(--ast-global-color-4)","background-image":"","background-repeat":"repeat","background-position":"center center","background-size":"auto","background-attachment":"scroll","background-type":"","background-media":"","overlay-type":"","overlay-color":"","overlay-opacity":"","overlay-gradient":""},"tablet":{"background-color":"var(--ast-global-color-4)","background-image":"","background-repeat":"repeat","background-position":"center center","background-size":"auto","background-attachment":"scroll","background-type":"","background-media":"","overlay-type":"","overlay-color":"","overlay-opacity":"","overlay-gradient":""},"mobile":{"background-color":"var(--ast-global-color-4)","background-image":"","background-repeat":"repeat","background-position":"center center","background-size":"auto","background-attachment":"scroll","background-type":"","background-media":"","overlay-type":"","overlay-color":"","overlay-opacity":"","overlay-gradient":""}}},"product_brand":[],"product_cat":[4699,4426],"product_tag":[5050],"class_list":{"0":"post-84925","1":"product","2":"type-product","3":"status-publish","4":"has-post-thumbnail","6":"product_cat-chat-ran","7":"product_cat-vat-lieu-danh-bong","8":"product_tag-ban-chai-kim-cuong","9":"desktop-align-left","10":"tablet-align-left","11":"mobile-align-left","12":"ast-product-gallery-layout-horizontal-slider","13":"ast-product-tabs-layout-horizontal","15":"first","16":"instock","17":"downloadable","18":"taxable","19":"shipping-taxable","20":"purchasable","21":"product-type-simple"},"_links":{"self":[{"href":"https:\/\/honwaygroup.com\/vi\/wp-json\/wp\/v2\/product\/84925","targetHints":{"allow":["GET"]}}],"collection":[{"href":"https:\/\/honwaygroup.com\/vi\/wp-json\/wp\/v2\/product"}],"about":[{"href":"https:\/\/honwaygroup.com\/vi\/wp-json\/wp\/v2\/types\/product"}],"version-history":[{"count":0,"href":"https:\/\/honwaygroup.com\/vi\/wp-json\/wp\/v2\/product\/84925\/revisions"}],"wp:featuredmedia":[{"embeddable":true,"href":"https:\/\/honwaygroup.com\/vi\/wp-json\/wp\/v2\/media\/84926"}],"wp:attachment":[{"href":"https:\/\/honwaygroup.com\/vi\/wp-json\/wp\/v2\/media?parent=84925"}],"wp:term":[{"taxonomy":"product_brand","embeddable":true,"href":"https:\/\/honwaygroup.com\/vi\/wp-json\/wp\/v2\/product_brand?post=84925"},{"taxonomy":"product_cat","embeddable":true,"href":"https:\/\/honwaygroup.com\/vi\/wp-json\/wp\/v2\/product_cat?post=84925"},{"taxonomy":"product_tag","embeddable":true,"href":"https:\/\/honwaygroup.com\/vi\/wp-json\/wp\/v2\/product_tag?post=84925"}],"curies":[{"name":"wp","href":"https:\/\/api.w.org\/{rel}","templated":true}]}}