{"id":84918,"date":"2015-10-19T08:11:55","date_gmt":"2015-10-19T00:11:55","guid":{"rendered":"https:\/\/honwaygroup.com\/product\/ban-chai-kim-cuong-6mm\/"},"modified":"2015-10-19T08:11:55","modified_gmt":"2015-10-19T00:11:55","slug":"ban-chai-kim-cuong-6mm","status":"publish","type":"product","link":"https:\/\/honwaygroup.com\/vi\/product\/ban-chai-kim-cuong-6mm\/","title":{"rendered":"B\u00e0n ch\u1ea3i kim c\u01b0\u01a1ng 6mm"},"content":{"rendered":"<h3><strong>B\u00e0n ch\u1ea3i kim c\u01b0\u01a1ng 6mm (H\u00ecnh d\u1ea1ng ch\u1eef T)<\/strong><\/h3>\n<figure id=\"attachment_1093\" aria-describedby=\"caption-attachment-1093\" style=\"width: 600px\" class=\"wp-caption alignnone\"><a href=\"https:\/\/honwaygroup.com\/wp-content\/uploads\/2015\/10\/%E5%85%AD%E6%9F%84%E9%91%BD%E7%9F%B3%E6%AF%9B%E5%88%B7%E9%91%BD%E7%9F%B3%E5%88%B7%E6%AF%9BT%E5%AD%97%E5%9E%8B.jpg\"><img fetchpriority=\"high\" decoding=\"async\" class=\"wp-image-1093\" src=\"https:\/\/honwaygroup.com\/wp-content\/uploads\/2015\/10\/%E5%85%AD%E6%9F%84%E9%91%BD%E7%9F%B3%E6%AF%9B%E5%88%B7%E9%91%BD%E7%9F%B3%E5%88%B7%E6%AF%9BT%E5%AD%97%E5%9E%8B.jpg\" alt=\"V\u00e1t m\u00e9p, th\u1ee5 \u0111\u1ed9ng h\u00f3a, v\u00e1t m\u00e9p th\u1ee5 \u0111\u1ed9ng h\u00f3a, m\u00e0i v\u00e0 \u0111\u00e1nh b\u00f3ng, lo\u1ea1i b\u1ecf g\u1edd,\" width=\"600\" height=\"450\"><\/a><figcaption id=\"caption-attachment-1093\" class=\"wp-caption-text\">V\u00e1t m\u00e9p, th\u1ee5 \u0111\u1ed9ng h\u00f3a, v\u00e1t m\u00e9p th\u1ee5 \u0111\u1ed9ng h\u00f3a, m\u00e0i v\u00e0 \u0111\u00e1nh b\u00f3ng, lo\u1ea1i b\u1ecf g\u1edd,<\/figcaption><\/figure>\n<figure id=\"attachment_1094\" aria-describedby=\"caption-attachment-1094\" style=\"width: 600px\" class=\"wp-caption alignnone\"><a href=\"https:\/\/honwaygroup.com\/wp-content\/uploads\/2015\/10\/%E5%85%AD%E6%9F%84%E9%91%BD%E7%9F%B3%E6%AF%9B%E5%88%B7%E9%91%BD%E7%9F%B3%E5%88%B7%E6%AF%9BT%E5%AD%97%E5%9E%8B32MM.jpg\"><img decoding=\"async\" class=\"wp-image-1094\" src=\"https:\/\/honwaygroup.com\/wp-content\/uploads\/2015\/10\/%E5%85%AD%E6%9F%84%E9%91%BD%E7%9F%B3%E6%AF%9B%E5%88%B7%E9%91%BD%E7%9F%B3%E5%88%B7%E6%AF%9BT%E5%AD%97%E5%9E%8B32MM.jpg\" alt=\"V\u00e1t m\u00e9p, th\u1ee5 \u0111\u1ed9ng h\u00f3a, v\u00e1t m\u00e9p th\u1ee5 \u0111\u1ed9ng h\u00f3a, m\u00e0i v\u00e0 \u0111\u00e1nh b\u00f3ng, lo\u1ea1i b\u1ecf g\u1edd,\" width=\"600\" height=\"800\"><\/a><figcaption id=\"caption-attachment-1094\" class=\"wp-caption-text\">V\u00e1t m\u00e9p, th\u1ee5 \u0111\u1ed9ng h\u00f3a, v\u00e1t m\u00e9p th\u1ee5 \u0111\u1ed9ng h\u00f3a, m\u00e0i v\u00e0 \u0111\u00e1nh b\u00f3ng, lo\u1ea1i b\u1ecf g\u1edd,<\/figcaption><\/figure>\n<figure id=\"attachment_1095\" aria-describedby=\"caption-attachment-1095\" style=\"width: 600px\" class=\"wp-caption alignnone\"><a href=\"https:\/\/honwaygroup.com\/wp-content\/uploads\/2015\/10\/%E5%85%AD%E6%9F%84%E9%91%BD%E7%9F%B3%E5%B0%BC%E9%BE%8D%E5%88%B7%E9%91%BD%E7%9F%B3%E5%B0%BC%E9%BE%8D%E5%88%B7%E6%AF%9BT%E5%AD%97%E5%9E%8B.jpg\"><img decoding=\"async\" class=\"wp-image-1095\" src=\"https:\/\/honwaygroup.com\/wp-content\/uploads\/2015\/10\/%E5%85%AD%E6%9F%84%E9%91%BD%E7%9F%B3%E5%B0%BC%E9%BE%8D%E5%88%B7%E9%91%BD%E7%9F%B3%E5%B0%BC%E9%BE%8D%E5%88%B7%E6%AF%9BT%E5%AD%97%E5%9E%8B.jpg\" alt=\"V\u00e1t m\u00e9p, th\u1ee5 \u0111\u1ed9ng h\u00f3a, v\u00e1t m\u00e9p th\u1ee5 \u0111\u1ed9ng h\u00f3a, m\u00e0i v\u00e0 \u0111\u00e1nh b\u00f3ng, lo\u1ea1i b\u1ecf g\u1edd,\" width=\"600\" height=\"799\"><\/a><figcaption id=\"caption-attachment-1095\" class=\"wp-caption-text\">V\u00e1t m\u00e9p, th\u1ee5 \u0111\u1ed9ng h\u00f3a, v\u00e1t m\u00e9p th\u1ee5 \u0111\u1ed9ng h\u00f3a, m\u00e0i v\u00e0 \u0111\u00e1nh b\u00f3ng, lo\u1ea1i b\u1ecf g\u1edd,<\/figcaption><\/figure>\n<p>C\u00f3 c\u00e2u h\u1ecfi n\u00e0o kh\u00f4ng? <a href=\"https:\/\/honwaygroup.com\/vi\/lien-he-voi-honway\/\">Li\u00ean h\u1ec7 HonWay<\/a><\/p>\n","protected":false},"excerpt":{"rendered":"<p>T\u00f9y ch\u1ec9nh&gt;&gt;&gt; <a href=\"https:\/\/honwaygroup.com\/vi\/lien-he-voi-honway\/\" target=\"_blank\" rel=\"noopener\">Li\u00ean h\u1ec7 HonWay<\/a><\/p>\n","protected":false},"featured_media":0,"template":"","meta":{"site-sidebar-layout":"default","site-content-layout":"default","ast-site-content-layout":"default","site-content-style":"default","site-sidebar-style":"default","ast-global-header-display":"","ast-banner-title-visibility":"","ast-main-header-display":"","ast-hfb-above-header-display":"","ast-hfb-below-header-display":"","ast-hfb-mobile-header-display":"","site-post-title":"","ast-breadcrumbs-content":"","ast-featured-img":"","footer-sml-layout":"","ast-disable-related-posts":"","theme-transparent-header-meta":"default","adv-header-id-meta":"","stick-header-meta":"default","header-above-stick-meta":"","header-main-stick-meta":"","header-below-stick-meta":"","astra-migrate-meta-layouts":"default","ast-page-background-enabled":"default","ast-page-background-meta":{"desktop":{"background-color":"var(--ast-global-color-5)","background-image":"","background-repeat":"repeat","background-position":"center center","background-size":"auto","background-attachment":"scroll","background-type":"","background-media":"","overlay-type":"","overlay-color":"","overlay-opacity":"","overlay-gradient":""},"tablet":{"background-color":"","background-image":"","background-repeat":"repeat","background-position":"center center","background-size":"auto","background-attachment":"scroll","background-type":"","background-media":"","overlay-type":"","overlay-color":"","overlay-opacity":"","overlay-gradient":""},"mobile":{"background-color":"","background-image":"","background-repeat":"repeat","background-position":"center center","background-size":"auto","background-attachment":"scroll","background-type":"","background-media":"","overlay-type":"","overlay-color":"","overlay-opacity":"","overlay-gradient":""}},"ast-content-background-meta":{"desktop":{"background-color":"var(--ast-global-color-4)","background-image":"","background-repeat":"repeat","background-position":"center center","background-size":"auto","background-attachment":"scroll","background-type":"","background-media":"","overlay-type":"","overlay-color":"","overlay-opacity":"","overlay-gradient":""},"tablet":{"background-color":"var(--ast-global-color-4)","background-image":"","background-repeat":"repeat","background-position":"center center","background-size":"auto","background-attachment":"scroll","background-type":"","background-media":"","overlay-type":"","overlay-color":"","overlay-opacity":"","overlay-gradient":""},"mobile":{"background-color":"var(--ast-global-color-4)","background-image":"","background-repeat":"repeat","background-position":"center center","background-size":"auto","background-attachment":"scroll","background-type":"","background-media":"","overlay-type":"","overlay-color":"","overlay-opacity":"","overlay-gradient":""}}},"product_brand":[],"product_cat":[4380,4699,4389,4426],"product_tag":[5070,5050,4949,4950,4951,5058],"class_list":{"0":"post-84918","1":"product","2":"type-product","3":"status-publish","5":"product_cat-ban-chai-kim-cuong","6":"product_cat-chat-ran","7":"product_cat-cong-cu-kim-cuong","8":"product_cat-vat-lieu-danh-bong","9":"product_tag-ban-chai-kim-cuong-vi-2","10":"product_tag-ban-chai-kim-cuong","11":"product_tag-chiu-duoc-axit-manh","12":"product_tag-chiu-duoc-kiem-manh","13":"product_tag-khang-mai-mon","14":"product_tag-long-ban-chai-kim-cuong","15":"desktop-align-left","16":"tablet-align-left","17":"mobile-align-left","18":"ast-product-gallery-layout-horizontal-slider","19":"ast-product-gallery-with-no-image","20":"ast-product-single-variable","21":"ast-product-tabs-layout-horizontal","23":"first","24":"instock","25":"taxable","26":"shipping-taxable","27":"purchasable","28":"product-type-variable","29":"has-default-attributes"},"_links":{"self":[{"href":"https:\/\/honwaygroup.com\/vi\/wp-json\/wp\/v2\/product\/84918","targetHints":{"allow":["GET"]}}],"collection":[{"href":"https:\/\/honwaygroup.com\/vi\/wp-json\/wp\/v2\/product"}],"about":[{"href":"https:\/\/honwaygroup.com\/vi\/wp-json\/wp\/v2\/types\/product"}],"version-history":[{"count":0,"href":"https:\/\/honwaygroup.com\/vi\/wp-json\/wp\/v2\/product\/84918\/revisions"}],"wp:attachment":[{"href":"https:\/\/honwaygroup.com\/vi\/wp-json\/wp\/v2\/media?parent=84918"}],"wp:term":[{"taxonomy":"product_brand","embeddable":true,"href":"https:\/\/honwaygroup.com\/vi\/wp-json\/wp\/v2\/product_brand?post=84918"},{"taxonomy":"product_cat","embeddable":true,"href":"https:\/\/honwaygroup.com\/vi\/wp-json\/wp\/v2\/product_cat?post=84918"},{"taxonomy":"product_tag","embeddable":true,"href":"https:\/\/honwaygroup.com\/vi\/wp-json\/wp\/v2\/product_tag?post=84918"}],"curies":[{"name":"wp","href":"https:\/\/api.w.org\/{rel}","templated":true}]}}