{"id":84916,"date":"2015-10-19T08:32:23","date_gmt":"2015-10-19T00:32:23","guid":{"rendered":"https:\/\/honwaygroup.com\/product\/phim-kim-cuong-phim-pe-kim-cuong\/"},"modified":"2025-12-12T15:18:07","modified_gmt":"2025-12-12T07:18:07","slug":"phim-kim-cuong-phim-pe-kim-cuong","status":"publish","type":"product","link":"https:\/\/honwaygroup.com\/vi\/product\/phim-kim-cuong-phim-pe-kim-cuong\/","title":{"rendered":"M\u00e0ng kim c\u01b0\u01a1ng, m\u00e0ng PE kim c\u01b0\u01a1ng"},"content":{"rendered":"<h3>M\u00e0ng kim c\u01b0\u01a1ng, m\u00e0ng PE kim c\u01b0\u01a1ng<\/h3>\n<figure id=\"attachment_84917\" aria-describedby=\"caption-attachment-84917\" style=\"width: 800px\" class=\"wp-caption alignnone\"><a href=\"https:\/\/honwaygroup.com\/wp-content\/uploads\/2015\/10\/%E9%AB%98%E5%93%81%E8%B3%AA%E9%91%BD%E7%9F%B3%E8%86%9C%E7%89%87.avif\"><img fetchpriority=\"high\" decoding=\"async\" class=\"wp-image-1097 size-full\" src=\"https:\/\/honwaygroup.com\/wp-content\/uploads\/2015\/10\/%E9%AB%98%E5%93%81%E8%B3%AA%E9%91%BD%E7%9F%B3%E8%86%9C%E7%89%87.avif\" alt=\"\u0110\u0129a m\u00e0i kim c\u01b0\u01a1ng, m\u00e0ng PE kim c\u01b0\u01a1ng, gi\u1ea5y nh\u00e1m kim c\u01b0\u01a1ng\" width=\"800\" height=\"600\"><\/a><figcaption id=\"caption-attachment-84917\" class=\"wp-caption-text\">V\u00e1t c\u1ea1nh, th\u1ee5 \u0111\u1ed9ng h\u00f3a, v\u00e1t c\u1ea1nh v\u00e0 th\u1ee5 \u0111\u1ed9ng h\u00f3a, m\u00e0i v\u00e0 \u0111\u00e1nh b\u00f3ng, lo\u1ea1i b\u1ecf bavia, m\u00e0i c\u00e1p quang<\/figcaption><\/figure>\n<p><img decoding=\"async\" id=\"exifviewer-img-1\" class=\"alignnone\" src=\"https:\/\/admin-official.line.me\/static\/home\/img\/emoticon\/keyimage_45.png\" alt=\"M\u00e0ng kim c\u01b0\u01a1ng, m\u00e0ng PE kim c\u01b0\u01a1ng\" width=\"25\" height=\"25\">M\u00e0ng kim c\u01b0\u01a1ng \u0111\u01b0\u1ee3c s\u1ea3n xu\u1ea5t b\u1eb1ng c\u00f4ng ngh\u1ec7 ph\u1ee7 si\u00eau ch\u00ednh x\u00e1c ti\u00ean ti\u1ebfn. B\u1ed9t kim c\u01b0\u01a1ng k\u00edch th\u01b0\u1edbc micron \u0111\u01b0\u1ee3c ph\u00e2n t\u00e1n v\u1edbi v\u1eadt li\u1ec7u polymer v\u00e0 ph\u1ee7 l\u00ean b\u1ec1 m\u1eb7t m\u00e0ng m\u1ecfng c\u00f3 \u0111\u1ed9 b\u1ec1n cao. Ch\u00fang c\u00f3 \u0111\u1eb7c \u0111i\u1ec3m l\u00e0 ch\u1ea5t l\u01b0\u1ee3ng \u1ed5n \u0111\u1ecbnh, \u0111\u1ed9 b\u1ec1n v\u00e0 \u0111\u1ed9 d\u1ebbo tuy\u1ec7t v\u1eddi, v\u00e0 c\u00f3 th\u1ec3 \u0111\u1ea1t \u0111\u01b0\u1ee3c k\u1ebft qu\u1ea3 \u0111\u00e1nh b\u00f3ng t\u1ed1t tr\u00ean c\u00e1c b\u1ec1 m\u1eb7t cong. Th\u00edch h\u1ee3p cho \u0111\u00e1nh b\u00f3ng kh\u00f4, ch\u00fang c\u0169ng c\u00f3 th\u1ec3 \u0111\u01b0\u1ee3c s\u1eed d\u1ee5ng v\u1edbi n\u01b0\u1edbc ho\u1eb7c d\u1ea7u l\u00e0m m\u00f4i ch\u1ea5t \u0111\u00e1nh b\u00f3ng. \u1ee8ng d\u1ee5ng bao g\u1ed3m: m\u00e0i v\u00e0 \u0111\u00e1nh b\u00f3ng \u0111\u00e8n LED, m\u00e0n h\u00ecnh LCD, tinh th\u1ec3 quang h\u1ecdc, th\u1ea5u k\u00ednh quang h\u1ecdc, \u0111\u1ea7u t\u1eeb, \u1ed5 c\u1ee9ng, tr\u1ee5c \u0111\u1ed9ng c\u01a1 si\u00eau nh\u1ecf, \u0111\u1ea7u n\u1ed1i c\u00e1p quang, <a href=\"https:\/\/www.easyatm.com.tw\/wiki\/%E5%85%89%E7%BA%96%E9%99%B6%E7%93%B7%E6%8F%92%E8%8A%AF\" rel=\"nofollow noopener\" target=\"_blank\">v\u00f2ng s\u1ee9<\/a>, v.v.<img decoding=\"async\" id=\"exifviewer-img-1\" src=\"https:\/\/admin-official.line.me\/static\/home\/img\/emoticon\/keyimage_51.png\" alt=\"\" width=\"25\" height=\"25\"><img loading=\"lazy\" decoding=\"async\" id=\"exifviewer-img-1\" src=\"https:\/\/admin-official.line.me\/static\/home\/img\/emoticon\/keyimage_119.png\" alt=\"\" width=\"25\" height=\"25\"><\/p>\n<p>C\u00f3 b\u1ea5t k\u1ef3 th\u1eafc m\u1eafc n\u00e0o kh\u00f4ng? <a href=\"https:\/\/honwaygroup.com\/vi\/lien-he-voi-honway\/\">Li\u00ean h\u1ec7 v\u1edbi HonWay<\/a><\/p>\n","protected":false},"excerpt":{"rendered":"<p><img loading=\"lazy\" decoding=\"async\" id=\"exifviewer-img-1\" src=\"https:\/\/admin-official.line.me\/static\/home\/img\/emoticon\/keyimage_45.png\" alt=\"\" width=\"25\" height=\"25\">M\u00e0ng kim c\u01b0\u01a1ng \u0111\u01b0\u1ee3c s\u1ea3n xu\u1ea5t b\u1eb1ng c\u00f4ng ngh\u1ec7 ph\u1ee7 si\u00eau ch\u00ednh x\u00e1c ti\u00ean ti\u1ebfn. B\u1ed9t kim c\u01b0\u01a1ng k\u00edch th\u01b0\u1edbc micron \u0111\u01b0\u1ee3c ph\u00e2n t\u00e1n v\u1edbi v\u1eadt li\u1ec7u polymer v\u00e0 ph\u1ee7 l\u00ean b\u1ec1 m\u1eb7t m\u00e0ng m\u1ecfng c\u00f3 \u0111\u1ed9 b\u1ec1n cao. Ch\u00fang c\u00f3 \u0111\u1eb7c \u0111i\u1ec3m l\u00e0 ch\u1ea5t l\u01b0\u1ee3ng \u1ed5n \u0111\u1ecbnh, \u0111\u1ed9 b\u1ec1n v\u00e0 \u0111\u1ed9 d\u1ebbo tuy\u1ec7t v\u1eddi, v\u00e0 c\u00f3 th\u1ec3 \u0111\u1ea1t \u0111\u01b0\u1ee3c k\u1ebft qu\u1ea3 \u0111\u00e1nh b\u00f3ng t\u1ed1t tr\u00ean c\u00e1c b\u1ec1 m\u1eb7t cong. Th\u00edch h\u1ee3p cho \u0111\u00e1nh b\u00f3ng kh\u00f4, ch\u00fang c\u0169ng c\u00f3 th\u1ec3 \u0111\u01b0\u1ee3c s\u1eed d\u1ee5ng v\u1edbi n\u01b0\u1edbc ho\u1eb7c d\u1ea7u l\u00e0m m\u00f4i ch\u1ea5t \u0111\u00e1nh b\u00f3ng. \u1ee8ng d\u1ee5ng bao g\u1ed3m: m\u00e0i v\u00e0 \u0111\u00e1nh b\u00f3ng \u0111\u00e8n LED, m\u00e0n h\u00ecnh LCD, tinh th\u1ec3 quang h\u1ecdc, th\u1ea5u k\u00ednh quang h\u1ecdc, \u0111\u1ea7u t\u1eeb, \u1ed5 c\u1ee9ng, tr\u1ee5c \u0111\u1ed9ng c\u01a1 si\u00eau nh\u1ecf, \u0111\u1ea7u n\u1ed1i c\u00e1p quang, v\u00f2ng s\u1ee9, v.v.<img decoding=\"async\" id=\"exifviewer-img-1\" src=\"https:\/\/admin-official.line.me\/static\/home\/img\/emoticon\/keyimage_51.png\" alt=\"\" width=\"25\" height=\"25\"><img loading=\"lazy\" decoding=\"async\" id=\"exifviewer-img-1\" src=\"https:\/\/admin-official.line.me\/static\/home\/img\/emoticon\/keyimage_119.png\" alt=\"\" width=\"25\" height=\"25\"><\/p>\n","protected":false},"featured_media":84917,"template":"","meta":{"site-sidebar-layout":"default","site-content-layout":"default","ast-site-content-layout":"default","site-content-style":"default","site-sidebar-style":"default","ast-global-header-display":"","ast-banner-title-visibility":"","ast-main-header-display":"","ast-hfb-above-header-display":"","ast-hfb-below-header-display":"","ast-hfb-mobile-header-display":"","site-post-title":"","ast-breadcrumbs-content":"","ast-featured-img":"","footer-sml-layout":"","ast-disable-related-posts":"","theme-transparent-header-meta":"default","adv-header-id-meta":"","stick-header-meta":"default","header-above-stick-meta":"","header-main-stick-meta":"","header-below-stick-meta":"","astra-migrate-meta-layouts":"default","ast-page-background-enabled":"default","ast-page-background-meta":{"desktop":{"background-color":"var(--ast-global-color-5)","background-image":"","background-repeat":"repeat","background-position":"center center","background-size":"auto","background-attachment":"scroll","background-type":"","background-media":"","overlay-type":"","overlay-color":"","overlay-opacity":"","overlay-gradient":""},"tablet":{"background-color":"","background-image":"","background-repeat":"repeat","background-position":"center center","background-size":"auto","background-attachment":"scroll","background-type":"","background-media":"","overlay-type":"","overlay-color":"","overlay-opacity":"","overlay-gradient":""},"mobile":{"background-color":"","background-image":"","background-repeat":"repeat","background-position":"center center","background-size":"auto","background-attachment":"scroll","background-type":"","background-media":"","overlay-type":"","overlay-color":"","overlay-opacity":"","overlay-gradient":""}},"ast-content-background-meta":{"desktop":{"background-color":"var(--ast-global-color-4)","background-image":"","background-repeat":"repeat","background-position":"center center","background-size":"auto","background-attachment":"scroll","background-type":"","background-media":"","overlay-type":"","overlay-color":"","overlay-opacity":"","overlay-gradient":""},"tablet":{"background-color":"var(--ast-global-color-4)","background-image":"","background-repeat":"repeat","background-position":"center center","background-size":"auto","background-attachment":"scroll","background-type":"","background-media":"","overlay-type":"","overlay-color":"","overlay-opacity":"","overlay-gradient":""},"mobile":{"background-color":"var(--ast-global-color-4)","background-image":"","background-repeat":"repeat","background-position":"center center","background-size":"auto","background-attachment":"scroll","background-type":"","background-media":"","overlay-type":"","overlay-color":"","overlay-opacity":"","overlay-gradient":""}}},"product_brand":[],"product_cat":[4699,4389,4426],"product_tag":[5079,5075,5081,5054,5082],"class_list":{"0":"post-84916","1":"product","2":"type-product","3":"status-publish","4":"has-post-thumbnail","6":"product_cat-chat-ran","7":"product_cat-cong-cu-kim-cuong","8":"product_cat-vat-lieu-danh-bong","9":"product_tag-bot-kim-cuong-vi","10":"product_tag-giay-nham-kim-cuong","11":"product_tag-kem-kim-cuong","12":"product_tag-mang-pe-kim-cuong","13":"product_tag-tam-mang-kim-cuong","14":"desktop-align-left","15":"tablet-align-left","16":"mobile-align-left","17":"ast-product-gallery-layout-horizontal-slider","18":"ast-product-single-variable","19":"ast-product-tabs-layout-horizontal","21":"first","22":"instock","23":"featured","24":"taxable","25":"shipping-taxable","26":"purchasable","27":"product-type-variable"},"_links":{"self":[{"href":"https:\/\/honwaygroup.com\/vi\/wp-json\/wp\/v2\/product\/84916","targetHints":{"allow":["GET"]}}],"collection":[{"href":"https:\/\/honwaygroup.com\/vi\/wp-json\/wp\/v2\/product"}],"about":[{"href":"https:\/\/honwaygroup.com\/vi\/wp-json\/wp\/v2\/types\/product"}],"version-history":[{"count":0,"href":"https:\/\/honwaygroup.com\/vi\/wp-json\/wp\/v2\/product\/84916\/revisions"}],"wp:featuredmedia":[{"embeddable":true,"href":"https:\/\/honwaygroup.com\/vi\/wp-json\/wp\/v2\/media\/84917"}],"wp:attachment":[{"href":"https:\/\/honwaygroup.com\/vi\/wp-json\/wp\/v2\/media?parent=84916"}],"wp:term":[{"taxonomy":"product_brand","embeddable":true,"href":"https:\/\/honwaygroup.com\/vi\/wp-json\/wp\/v2\/product_brand?post=84916"},{"taxonomy":"product_cat","embeddable":true,"href":"https:\/\/honwaygroup.com\/vi\/wp-json\/wp\/v2\/product_cat?post=84916"},{"taxonomy":"product_tag","embeddable":true,"href":"https:\/\/honwaygroup.com\/vi\/wp-json\/wp\/v2\/product_tag?post=84916"}],"curies":[{"name":"wp","href":"https:\/\/api.w.org\/{rel}","templated":true}]}}