{"id":84902,"date":"2015-10-20T07:16:49","date_gmt":"2015-10-19T23:16:49","guid":{"rendered":"https:\/\/honwaygroup.com\/product\/ban-chai-kim-cuong-nho-3mm-tieu-de\/"},"modified":"2025-12-12T15:11:43","modified_gmt":"2025-12-12T07:11:43","slug":"ban-chai-kim-cuong-nho-3mm-tieu-de","status":"publish","type":"product","link":"https:\/\/honwaygroup.com\/vi\/product\/ban-chai-kim-cuong-nho-3mm-tieu-de\/","title":{"rendered":"B\u00e0n ch\u1ea3i kim c\u01b0\u01a1ng 3mm"},"content":{"rendered":"<h3><strong>Ba chi\u1ebfc c\u1ecd nh\u1ecf c\u00f3 h\u1ecda ti\u1ebft h\u00ecnh kim c\u01b0\u01a1ng (c\u1ecd trang s\u1ee9c h\u00ecnh kim c\u01b0\u01a1ng)<br \/>\n<\/strong><\/h3>\n<h4><strong><br \/>\nT\u00ednh n\u0103ng s\u1ea3n ph\u1ea9m<\/strong><\/h4>\n<ul>\n<li><strong>C\u1ea7n c\u00f3 m\u00e1y xay \u0111i\u1ec7n.<\/strong><\/li>\n<li><strong>Th\u00edch h\u1ee3p cho c\u00e1c v\u1eadt li\u1ec7u c\u1ee9ng nh\u01b0 ng\u1ecdc, pha l\u00ea, th\u00e9p vonfram v\u00e0 h\u1ee3p kim titan.<\/strong><\/li>\n<li><strong>N\u00f3 c\u00f3 th\u1ec3 kh\u1eafc ph\u1ee5c t\u00ecnh tr\u1ea1ng th\u1ee5 \u0111\u1ed9ng h\u00f3a, m\u00e0i v\u00e0 \u0111\u00e1nh b\u00f3ng m\u1ed9t s\u1ed1 b\u1ec1 m\u1eb7t kh\u00f4ng \u0111\u1ec1u.<\/strong><\/li>\n<li><strong>Ch\u1ea5t li\u1ec7u nylon, \u0111\u1eb7c tr\u01b0ng b\u1edfi \u0111\u1ed9 m\u1ec1m m\u1ea1i v\u00e0 kh\u1ea3 n\u0103ng ch\u1ed1ng m\u00e0i m\u00f2n.<\/strong><\/li>\n<li><strong>Kh\u00f4ng c\u1ea7n th\u00eam ch\u1ea5t m\u00e0i m\u00f2n n\u00e0o kh\u00e1c, do \u0111\u00f3 th\u00e2n thi\u1ec7n h\u01a1n v\u1edbi m\u00f4i tr\u01b0\u1eddng.<\/strong><\/li>\n<li><strong>Nghi\u00ean c\u1ee9u v\u00e0 ph\u00e1t tri\u1ec3n, s\u1ea3n xu\u1ea5t t\u1ea1i \u0110\u00e0i Loan<\/strong><\/li>\n<\/ul>\n<h4><strong><br \/>\nDB45<\/strong><\/h4>\n<p><a href=\"https:\/\/honwaygroup.com\/wp-content\/uploads\/2015\/10\/3mm%E9%91%BD%E7%9F%B3%E5%B0%8F%E5%B0%8F%E6%AF%9B%E5%88%B7_%E5%B7%A5%E4%BD%9C%E5%8D%80%E5%9F%9F-1-%E8%A4%87%E6%9C%AC-16.webp\"><img decoding=\"async\" class=\"alignnone wp-image-29276 \" src=\"https:\/\/honwaygroup.com\/wp-content\/uploads\/2015\/10\/3mm%E9%91%BD%E7%9F%B3%E5%B0%8F%E5%B0%8F%E6%AF%9B%E5%88%B7_%E5%B7%A5%E4%BD%9C%E5%8D%80%E5%9F%9F-1-%E8%A4%87%E6%9C%AC-16.webp\" alt=\"\" width=\"173\" height=\"250\"><\/a><\/p>\n<table width=\"100%\">\n<tbody>\n<tr>\n<td width=\"25%\"><strong>ng\u01b0\u1eddi m\u1eabu<\/strong><\/td>\n<td width=\"25%\"><strong>s\u1ed1 seriNo.<\/strong><\/td>\n<td width=\"25%\"><strong>\u0110\u01b0\u1eddng k\u00ednh d\u00e2y(mm)<\/strong><\/td>\n<td width=\"25%\"><strong>(mm)<\/strong><\/td>\n<\/tr>\n<tr>\n<td width=\"25%\">DB45-200<\/td>\n<td width=\"25%\">#200<\/td>\n<td width=\"25%\">0.7<\/td>\n<td width=\"25%\">\u00f83.0<\/td>\n<\/tr>\n<tr>\n<td width=\"25%\">DB45-400<\/td>\n<td width=\"25%\">#400<\/td>\n<td width=\"25%\">0.5<\/td>\n<td width=\"25%\">\u00f83.0<\/td>\n<\/tr>\n<tr>\n<td width=\"25%\">DB45-600<\/td>\n<td width=\"25%\">#600<\/td>\n<td width=\"25%\">0.5<\/td>\n<td width=\"25%\">\u00f83.0<\/td>\n<\/tr>\n<tr>\n<td width=\"25%\">DB45-800<\/td>\n<td width=\"25%\">#800<\/td>\n<td width=\"25%\">0.5<\/td>\n<td width=\"25%\">\u00f83.0<\/td>\n<\/tr>\n<tr>\n<td width=\"25%\">DB45-1000<\/td>\n<td width=\"25%\">#1000<\/td>\n<td width=\"25%\">0.5<\/td>\n<td width=\"25%\">\u00f83.0<\/td>\n<\/tr>\n<tr>\n<td width=\"25%\">DB45-2000<\/td>\n<td width=\"25%\">#2000<\/td>\n<td width=\"25%\">0.2<\/td>\n<td width=\"25%\">\u00f83.0<\/td>\n<\/tr>\n<tr>\n<td width=\"25%\">DB45-3000<\/td>\n<td width=\"25%\">#3000<\/td>\n<td width=\"25%\">0.2<\/td>\n<td width=\"25%\">\u00f83.0<\/td>\n<\/tr>\n<\/tbody>\n<\/table>\n<p>&nbsp;<\/p>\n<h4><strong>DBT45<br \/>\n<a href=\"https:\/\/honwaygroup.com\/wp-content\/uploads\/2015\/10\/3mm%E9%91%BD%E7%9F%B3%E5%B0%8F%E5%B0%8F%E6%AF%9B%E5%88%B7.webp\"><img decoding=\"async\" class=\"alignnone wp-image-29288 \" src=\"https:\/\/honwaygroup.com\/wp-content\/uploads\/2015\/10\/3mm%E9%91%BD%E7%9F%B3%E5%B0%8F%E5%B0%8F%E6%AF%9B%E5%88%B7-207x300.webp\" alt=\"\" width=\"176\" height=\"255\"><\/a><br \/>\n<\/strong><\/h4>\n<h4><\/h4>\n<table width=\"100%\">\n<tbody>\n<tr>\n<td width=\"25%\"><strong>ng\u01b0\u1eddi m\u1eabu<\/strong><\/td>\n<td width=\"25%\"><strong>s\u1ed1 seriNo.<\/strong><\/td>\n<td width=\"25%\"><strong>\u0110\u01b0\u1eddng k\u00ednh d\u00e2y(mm)<\/strong><\/td>\n<td width=\"25%\"><strong>(mm)<\/strong><\/td>\n<\/tr>\n<tr>\n<td width=\"25%\">DBT45-200<\/td>\n<td width=\"25%\">#200<\/td>\n<td width=\"25%\">0.7<\/td>\n<td width=\"25%\">\u00f83.0<\/td>\n<\/tr>\n<tr>\n<td width=\"25%\">DBT45-400<\/td>\n<td width=\"25%\">#400<\/td>\n<td width=\"25%\">0.5<\/td>\n<td width=\"25%\">\u00f83.0<\/td>\n<\/tr>\n<tr>\n<td width=\"25%\">DBT45-600<\/td>\n<td width=\"25%\">#600<\/td>\n<td width=\"25%\">0.5<\/td>\n<td width=\"25%\">\u00f83.0<\/td>\n<\/tr>\n<tr>\n<td width=\"25%\">DBT45-800<\/td>\n<td width=\"25%\">#800<\/td>\n<td width=\"25%\">0.5<\/td>\n<td width=\"25%\">\u00f83.0<\/td>\n<\/tr>\n<tr>\n<td width=\"25%\">DBT45-1000<\/td>\n<td width=\"25%\">#1000<\/td>\n<td width=\"25%\">0.5<\/td>\n<td width=\"25%\">\u00f83.0<\/td>\n<\/tr>\n<tr>\n<td width=\"25%\">DBT45-2000<\/td>\n<td width=\"25%\">#2000<\/td>\n<td width=\"25%\">0.2<\/td>\n<td width=\"25%\">\u00f83.0<\/td>\n<\/tr>\n<tr>\n<td width=\"25%\">DBT45-3000<\/td>\n<td width=\"25%\">#3000<\/td>\n<td width=\"25%\">0.2<\/td>\n<td width=\"25%\">\u00f83.0<\/td>\n<\/tr>\n<\/tbody>\n<\/table>\n<p>&nbsp;<\/p>\n<p><strong>*L\u01b0u \u00fd quan tr\u1ecdng:<\/strong><\/p>\n<ul>\n<li><strong>Kh\u00f4ng n\u00ean b\u00f3p m\u1ea1nh l\u00f4ng b\u00e0n ch\u1ea3i \u0111\u1ec3 tr\u00e1nh l\u00e0m bi\u1ebfn d\u1ea1ng ch\u00fang.<\/strong><\/li>\n<li><strong>Th\u00eam n\u01b0\u1edbc ho\u1eb7c d\u1ea7u n\u1ebfu c\u1ea7n \u0111\u1ec3 l\u00e0m ngu\u1ed9i h\u1ed7n h\u1ee3p v\u00e0 ng\u0103n kh\u00f4ng cho n\u00f3 tan ch\u1ea3y v\u00e0 v\u00f3n c\u1ee5c.<\/strong><\/li>\n<\/ul>\n<p>C\u00f3 b\u1ea5t k\u1ef3 th\u1eafc m\u1eafc n\u00e0o kh\u00f4ng? <a href=\"https:\/\/honwaygroup.com\/vi\/lien-he-voi-honway\/\">Li\u00ean h\u1ec7 v\u1edbi HonWay<\/a><\/p>\n","protected":false},"excerpt":{"rendered":"<p><strong>B\u00e0n ch\u1ea3i l\u00f4ng kim c\u01b0\u01a1ng ba tay c\u1ea7m DBT45 (B\u00e0n ch\u1ea3i trang s\u1ee9c h\u00ecnh ch\u1eef T \u0111\u00ednh kim c\u01b0\u01a1ng)<\/strong><\/p>\n<p><strong>H\u00e0ng \u0111\u00e3 c\u00f3 l\u1ea1i r\u1ed3i!!<\/strong><\/p>\n<blockquote>\n<h4><strong> <\/strong><\/h4>\n<h4><strong><strong>Khuy\u1ebfn m\u00e3i m\u1edbi nh\u1ea5t: <span style=\"color: #b01212\">Mua 10 t\u1eb7ng 1!<\/span><\/strong><\/strong> <\/h4>\n<\/blockquote>\n<p><a class=\"_58cn\" href=\"https:\/\/www.facebook.com\/hashtag\/%E9%91%BD%E7%9F%B3%E6%AF%9B%E5%88%B7?source=feed_text&amp;story_id=568283139991949\" data-ft=\"{\"tn\":\"*N\",\"type\":104}\">#<span class=\"_58cm\"> <a href=\"https:\/\/www.facebook.com\/hashtag\/%E9%91%BD%E7%9F%B3%E6%AF%9B%E5%88%B7?source=feed_text&amp;story_id=568283139991949\">C\u1ecd Kim C\u01b0\u01a1ng<\/a><\/span><\/a> <a class=\"_58cn\" href=\"https:\/\/www.facebook.com\/hashtag\/%E7%BE%8A%E6%AF%9B%E8%BC%AA?source=feed_text&amp;story_id=568283139991949\" data-ft=\"{\"tn\":\"*N\",\"type\":104}\"><span class=\"_58cl\"># <\/span><span class=\"_58cm\"><a href=\"https:\/\/www.facebook.com\/hashtag\/%E7%BE%8A%E6%AF%9B%E8%BC%AA?source=feed_text&amp;story_id=568283139991949\">B\u00e1nh xe len<\/a><\/span><\/a> <a class=\"_58cn\" href=\"https:\/\/www.facebook.com\/hashtag\/%E9%91%BD%E7%9F%B3%E8%86%8F?source=feed_text&amp;story_id=568283139991949\" data-ft=\"{\"tn\":\"*N\",\"type\":104}\"><span class=\"_58cl\">#<\/span> <span class=\"_58cm\"><a href=\"https:\/\/www.facebook.com\/hashtag\/%E9%91%BD%E7%9F%B3%E8%86%8F?source=feed_text&amp;story_id=568283139991949\">B\u1ed9t kim c\u01b0\u01a1ng<\/a><\/span><\/a> <a class=\"_58cn\" href=\"https:\/\/www.facebook.com\/hashtag\/%E5%A4%9A%E6%99%B6%E9%91%BD%E7%9F%B3%E8%86%8F?source=feed_text&amp;story_id=568283139991949\" data-ft=\"{\"tn\":\"*N\",\"type\":104}\"><span class=\"_58cl\">#<\/span> <span class=\"_58cm\"><a href=\"https:\/\/www.facebook.com\/hashtag\/%E5%A4%9A%E6%99%B6%E9%91%BD%E7%9F%B3%E8%86%8F?source=feed_text&amp;story_id=568283139991949\">B\u1ed9t kim c\u01b0\u01a1ng \u0111a tinh th\u1ec3<\/a><\/span><\/a> <a class=\"_58cn\" href=\"https:\/\/www.facebook.com\/hashtag\/%E9%8F%A1%E9%9D%A2%E6%8B%8B%E5%85%89?source=feed_text&amp;story_id=568283139991949\" data-ft=\"{\"tn\":\"*N\",\"type\":104}\"><span class=\"_58cl\">#<\/span> <span class=\"_58cm\"><a href=\"https:\/\/www.facebook.com\/hashtag\/%E9%8F%A1%E9%9D%A2%E6%8B%8B%E5%85%89?source=feed_text&amp;story_id=568283139991949\">\u0110\u00e1nh b\u00f3ng g\u01b0\u01a1ng<\/a><\/span><\/a> <a class=\"_58cn\" href=\"https:\/\/www.facebook.com\/hashtag\/%E6%8B%8B%E5%85%89?source=feed_text&amp;story_id=568283139991949\" data-ft=\"{\"tn\":\"*N\",\"type\":104}\"><span class=\"_58cl\">\u202a#\u200e<\/span><span class=\"_58cm\">\u0110\u00e1nh b\u00f3ng\u202c<\/span><\/a> <a class=\"_58cn\" href=\"https:\/\/www.facebook.com\/hashtag\/%E9%8E%A2%E9%8B%BC?source=feed_text&amp;story_id=568283139991949\" data-ft=\"{\"tn\":\"*N\",\"type\":104}\"><span class=\"_58cl\">\u202a#\u200e<\/span><span class=\"_58cm\">Th\u00e9p vonfram\u202c<\/span><\/a> <a class=\"_58cn\" href=\"https:\/\/www.facebook.com\/hashtag\/%E9%99%B6%E7%93%B7?source=feed_text&amp;story_id=568283139991949\" data-ft=\"{\"tn\":\"*N\",\"type\":104}\"><span class=\"_58cl\">\u202a#\u200e<\/span><span class=\"_58cm\">g\u1ed1m s\u1ee9\u202c<\/span><\/a><a class=\"_58cn\" href=\"https:\/\/www.facebook.com\/hashtag\/%E7%A1%AC%E8%B3%AA%E5%90%88%E9%87%91?source=feed_text&amp;story_id=568283139991949\" data-ft=\"{\"tn\":\"*N\",\"type\":104}\"><span class=\"_58cl\">\u202a#\u200e<\/span><span class=\"_58cm\">cacbua xi m\u0103ng\u202c<\/span><\/a> <a class=\"_58cn\" href=\"https:\/\/www.facebook.com\/hashtag\/%E9%BD%8A%E5%85%A8?source=feed_text&amp;story_id=568283139991949\" data-ft=\"{\"tn\":\"*N\",\"type\":104}\"><span class=\"_58cl\">\u202a#\u200e<\/span><span class=\"_58cm\">ho\u00e0n th\u00e0nh\u202c<\/span><\/a> <a class=\"_58cn\" href=\"https:\/\/www.facebook.com\/hashtag\/%E4%B8%8D%E8%A6%8F%E5%89%87?source=feed_text&amp;story_id=568283139991949\" data-ft=\"{\"tn\":\"*N\",\"type\":104}\"><span class=\"_58cl\">\u202a#\u200e<\/span><span class=\"_58cm\">kh\u00f4ng \u0111\u1ec1u\u202c<\/span><\/a> <a class=\"_58cn\" href=\"https:\/\/www.facebook.com\/hashtag\/%E6%AD%BB%E8%A7%92?source=feed_text&amp;story_id=568283139991949\" data-ft=\"{\"tn\":\"*N\",\"type\":104}\"><span class=\"_58cl\">\u202a#\u200e<\/span><span class=\"_58cm\">\u0110i\u1ec3m m\u00f9\u202c<\/span><\/a> <a class=\"_58cn\" href=\"https:\/\/www.facebook.com\/hashtag\/diamondcompound?source=feed_text&amp;story_id=568283139991949\" data-ft=\"{\"tn\":\"*N\",\"type\":104}\"><span class=\"_58cl\">\u202a#\u200e<\/span><span class=\"_58cm\">DiamondCompound\u202c<\/span><\/a> <a class=\"_58cn\" href=\"https:\/\/www.facebook.com\/hashtag\/diamondbrush?source=feed_text&amp;story_id=568283139991949\" data-ft=\"{\"tn\":\"*N\",\"type\":104}\"><span class=\"_58cl\">\u202a#\u200e<\/span><span class=\"_58cm\">DiamondBrush\u202c<\/span><\/a><a class=\"_58cn\" href=\"https:\/\/www.facebook.com\/hashtag\/diamondfilament?source=feed_text&amp;story_id=568283139991949\" data-ft=\"{\"tn\":\"*N\",\"type\":104}\"><span class=\"_58cl\">\u202a#\u200e<\/span><span class=\"_58cm\">DiamondFilament\u202c<\/span><\/a><br \/>\n<a class=\"_58cn\" href=\"https:\/\/www.facebook.com\/hashtag\/diamondpaste?source=feed_text&amp;story_id=568283139991949\" data-ft=\"{\"tn\":\"*N\",\"type\":104}\"><span class=\"_58cl\">\u202a#\u200e<\/span><span class=\"_58cm\">DiamondPaste\u202c<\/span><\/a> <a class=\"_58cn\" href=\"https:\/\/www.facebook.com\/hashtag\/polishing?source=feed_text&amp;story_id=568283139991949\" data-ft=\"{\"tn\":\"*N\",\"type\":104}\"><span class=\"_58cl\">\u202a#\u200e<\/span><span class=\"_58cm\">Polishing\u202c<\/span><\/a> <a class=\"_58cn\" href=\"https:\/\/www.facebook.com\/hashtag\/ultrahard?source=feed_text&amp;story_id=568283139991949\" data-ft=\"{\"tn\":\"*N\",\"type\":104}\"><span class=\"_58cl\">\u202a#\u200e<\/span><span class=\"_58cm\">UltraHard\u202c<\/span><\/a> <a class=\"_58cn\" href=\"https:\/\/www.facebook.com\/hashtag\/%E5%AE%8F%E5%B4%B4%E5%AF%A6%E6%A5%AD?source=feed_text&amp;story_id=568283139991949\" data-ft=\"{\"tn\":\"*N\",\"type\":104}\"><span class=\"_58cl\">\u202a#\u200e<\/span><span class=\"_58cm\">\u5b8f\u5d34\u5be6\u696d\u202c<\/span><\/a> <a class=\"_58cn\" href=\"https:\/\/www.facebook.com\/hashtag\/honwaymaterials?source=feed_text&amp;story_id=568283139991949\" data-ft=\"{\"tn\":\"*N\",\"type\":104}\"><span class=\"_58cl\">\u202a#\u200e<\/span><span class=\"_58cm\">HonWayMaterials\u202c<\/span><\/a><\/p>\n","protected":false},"featured_media":84903,"template":"","meta":{"site-sidebar-layout":"default","site-content-layout":"default","ast-site-content-layout":"default","site-content-style":"default","site-sidebar-style":"default","ast-global-header-display":"","ast-banner-title-visibility":"","ast-main-header-display":"","ast-hfb-above-header-display":"","ast-hfb-below-header-display":"","ast-hfb-mobile-header-display":"","site-post-title":"","ast-breadcrumbs-content":"","ast-featured-img":"","footer-sml-layout":"","ast-disable-related-posts":"","theme-transparent-header-meta":"default","adv-header-id-meta":"","stick-header-meta":"default","header-above-stick-meta":"","header-main-stick-meta":"","header-below-stick-meta":"","astra-migrate-meta-layouts":"default","ast-page-background-enabled":"default","ast-page-background-meta":{"desktop":{"background-color":"var(--ast-global-color-5)","background-image":"","background-repeat":"repeat","background-position":"center center","background-size":"auto","background-attachment":"scroll","background-type":"","background-media":"","overlay-type":"","overlay-color":"","overlay-opacity":"","overlay-gradient":""},"tablet":{"background-color":"","background-image":"","background-repeat":"repeat","background-position":"center center","background-size":"auto","background-attachment":"scroll","background-type":"","background-media":"","overlay-type":"","overlay-color":"","overlay-opacity":"","overlay-gradient":""},"mobile":{"background-color":"","background-image":"","background-repeat":"repeat","background-position":"center center","background-size":"auto","background-attachment":"scroll","background-type":"","background-media":"","overlay-type":"","overlay-color":"","overlay-opacity":"","overlay-gradient":""}},"ast-content-background-meta":{"desktop":{"background-color":"var(--ast-global-color-4)","background-image":"","background-repeat":"repeat","background-position":"center center","background-size":"auto","background-attachment":"scroll","background-type":"","background-media":"","overlay-type":"","overlay-color":"","overlay-opacity":"","overlay-gradient":""},"tablet":{"background-color":"var(--ast-global-color-4)","background-image":"","background-repeat":"repeat","background-position":"center center","background-size":"auto","background-attachment":"scroll","background-type":"","background-media":"","overlay-type":"","overlay-color":"","overlay-opacity":"","overlay-gradient":""},"mobile":{"background-color":"var(--ast-global-color-4)","background-image":"","background-repeat":"repeat","background-position":"center center","background-size":"auto","background-attachment":"scroll","background-type":"","background-media":"","overlay-type":"","overlay-color":"","overlay-opacity":"","overlay-gradient":""}}},"product_brand":[],"product_cat":[4380,4699,4389,4426],"product_tag":[5070],"class_list":{"0":"post-84902","1":"product","2":"type-product","3":"status-publish","4":"has-post-thumbnail","6":"product_cat-ban-chai-kim-cuong","7":"product_cat-chat-ran","8":"product_cat-cong-cu-kim-cuong","9":"product_cat-vat-lieu-danh-bong","10":"product_tag-ban-chai-kim-cuong-vi-2","11":"desktop-align-left","12":"tablet-align-left","13":"mobile-align-left","14":"ast-product-gallery-layout-horizontal-slider","15":"ast-product-gallery-with-no-image","16":"ast-product-single-variable","17":"ast-product-tabs-layout-horizontal","19":"first","20":"instock","21":"taxable","22":"shipping-taxable","23":"purchasable","24":"product-type-variable"},"_links":{"self":[{"href":"https:\/\/honwaygroup.com\/vi\/wp-json\/wp\/v2\/product\/84902","targetHints":{"allow":["GET"]}}],"collection":[{"href":"https:\/\/honwaygroup.com\/vi\/wp-json\/wp\/v2\/product"}],"about":[{"href":"https:\/\/honwaygroup.com\/vi\/wp-json\/wp\/v2\/types\/product"}],"version-history":[{"count":0,"href":"https:\/\/honwaygroup.com\/vi\/wp-json\/wp\/v2\/product\/84902\/revisions"}],"wp:featuredmedia":[{"embeddable":true,"href":"https:\/\/honwaygroup.com\/vi\/wp-json\/wp\/v2\/media\/84903"}],"wp:attachment":[{"href":"https:\/\/honwaygroup.com\/vi\/wp-json\/wp\/v2\/media?parent=84902"}],"wp:term":[{"taxonomy":"product_brand","embeddable":true,"href":"https:\/\/honwaygroup.com\/vi\/wp-json\/wp\/v2\/product_brand?post=84902"},{"taxonomy":"product_cat","embeddable":true,"href":"https:\/\/honwaygroup.com\/vi\/wp-json\/wp\/v2\/product_cat?post=84902"},{"taxonomy":"product_tag","embeddable":true,"href":"https:\/\/honwaygroup.com\/vi\/wp-json\/wp\/v2\/product_tag?post=84902"}],"curies":[{"name":"wp","href":"https:\/\/api.w.org\/{rel}","templated":true}]}}