{"id":84862,"date":"2015-12-15T10:47:58","date_gmt":"2015-12-15T02:47:58","guid":{"rendered":"https:\/\/honwaygroup.com\/product\/hop-chat-kim-cuong-don-tinh-the-danh-cho-muc-dich-chung\/"},"modified":"2015-12-15T10:47:58","modified_gmt":"2015-12-15T02:47:58","slug":"hop-chat-kim-cuong-don-tinh-the-danh-cho-muc-dich-chung","status":"publish","type":"product","link":"https:\/\/honwaygroup.com\/vi\/product\/hop-chat-kim-cuong-don-tinh-the-danh-cho-muc-dich-chung\/","title":{"rendered":"H\u1ee3p ch\u1ea5t kim c\u01b0\u01a1ng \u0111\u01a1n tinh th\u1ec3 (d\u00e0nh cho m\u1ee5c \u0111\u00edch chung)."},"content":{"rendered":"<h3><strong>H\u1ee3p ch\u1ea5t kim c\u01b0\u01a1ng \u0111\u01a1n tinh th\u1ec3 (d\u00e0nh cho m\u1ee5c \u0111\u00edch chung).<\/strong><\/h3>\n<p>H\u1ee3p ch\u1ea5t kim c\u01b0\u01a1ng l\u00e0 m\u1ed9t ch\u1ea5t \u0111\u00e1nh b\u00f3ng th\u01b0\u1eddng \u0111\u01b0\u1ee3c s\u1eed d\u1ee5ng v\u00e0 mang l\u1ea1i k\u1ebft qu\u1ea3 t\u1ed1t nh\u1ea5t khi s\u1eed d\u1ee5ng \u0111\u00fang c\u00e1ch.<\/p>\n<p>C\u00e1c d\u1ee5ng c\u1ee5 <a href=\"https:\/\/zh.m.wikipedia.org\/zh-tw\/%E7%BA%A4%E7%BB%B4\" rel=\"nofollow noopener\" target=\"_blank\">\u0111\u00e1nh b\u00f3ng<\/a> bao g\u1ed3m nhi\u1ec1u lo\u1ea1i s\u1ee3i kh\u00e1c nhau \u0111\u1ebfn mi\u1ebfng \u0111\u1ec7m d\u00ednh, v\u1edbi c\u00e1c v\u1eadt li\u1ec7u c\u00f3 \u0111\u1ed9 c\u1ee9ng kh\u00e1c nhau ph\u00f9 h\u1ee3p. V\u00ed d\u1ee5 nh\u01b0 nylon, gi\u1ea5y, nhung, b\u00f4ng, v.v. <\/p>\n<h4><strong>C\u1ea9n th\u1eadn khi \u0111\u00e1nh b\u00f3ng:<\/strong><\/h4>\n<ol>\n<li>Vi\u1ec7c \u0111\u00e1nh b\u00f3ng c\u1ea7n \u0111\u01b0\u1ee3c th\u1ef1c hi\u1ec7n trong khu v\u1ef1c kh\u00f4ng c\u00f3 b\u1ee5i v\u00e0 th\u00f4ng tho\u00e1ng, v\u00ec c\u00e1c h\u1ea1t b\u1ee5i c\u1ee9ng c\u00f3 th\u1ec3 d\u1ec5 d\u00e0ng b\u00e1m v\u00e0o h\u1ee3p ch\u1ea5t kim c\u01b0\u01a1ng v\u00e0 l\u00e0m h\u1ecfng b\u1ec1 m\u1eb7t \u0111\u01b0\u1ee3c \u0111\u00e1nh b\u00f3ng.<\/li>\n<li>M\u1ed7i d\u1ee5ng c\u1ee5 \u0111\u00e1nh b\u00f3ng ch\u1ec9 n\u00ean \u0111\u01b0\u1ee3c s\u1eed d\u1ee5ng cho m\u1ed9t lo\u1ea1i h\u1ee3p ch\u1ea5t kim c\u01b0\u01a1ng v\u00e0 c\u1ea7n \u0111\u01b0\u1ee3c b\u1ea3o v\u1ec7 kh\u1ecfi b\u1ee5i.<\/li>\n<li>R\u1eeda tay v\u00e0 v\u1eadt li\u1ec7u m\u1ed7i khi thay \u0111\u1ed5i h\u1ee3p ch\u1ea5t kim c\u01b0\u01a1ng.<\/li>\n<li>\u0110i\u1ec1u ch\u1ec9nh \u00e1p l\u1ef1c \u0111\u00e1nh b\u00f3ng ph\u00f9 h\u1ee3p v\u1edbi \u0111\u1ed9 c\u1ee9ng c\u1ee7a d\u1ee5ng c\u1ee5 \u0111\u00e1nh b\u00f3ng v\u00e0 k\u00edch th\u01b0\u1edbc h\u1ea1t c\u1ee7a h\u1ee3p ch\u1ea5t kim c\u01b0\u01a1ng. \u0110\u1ed1i v\u1edbi h\u1ee3p ch\u1ea5t kim c\u01b0\u01a1ng m\u1ecbn nh\u1ea5t, \u00e1p l\u1ef1c l\u1edbn b\u1eb1ng tr\u1ecdng l\u01b0\u1ee3ng c\u1ee7a d\u1ee5ng c\u1ee5 \u0111\u00e1nh b\u00f3ng l\u00e0 \u0111\u1ee7. <\/li>\n<li>Vi\u1ec7c \u0111\u00e1nh b\u00f3ng n\u00ean b\u1eaft \u0111\u1ea7u t\u1eeb c\u00e1c g\u00f3c, c\u1ea1nh, chi ti\u1ebft ho\u1eb7c c\u00e1c ph\u1ea7n kh\u00e1c c\u1ee7a khu\u00f4n m\u1eabu.<\/li>\n<\/ol>\n<p>C\u00f3 c\u00e2u h\u1ecfi n\u00e0o kh\u00f4ng? <a href=\"https:\/\/honwaygroup.com\/vi\/lien-he-voi-honway\/\">Li\u00ean h\u1ec7 HonWay<\/a><\/p>\n","protected":false},"excerpt":{"rendered":"<ul>\n<li>Ph\u00f9 h\u1ee3p v\u1edbi t\u1ea5t c\u1ea3 c\u00e1c lo\u1ea1i kim lo\u1ea1i<\/li>\n<li>Lo\u1ea1i b\u1ecf r\u1ec9 s\u00e9t, ch\u1ed1ng r\u1ec9 s\u00e9t v\u00e0 \u0111\u00e1nh b\u00f3ng ch\u1ec9 trong m\u1ed9t b\u01b0\u1edbc<\/li>\n<li>T\u1ef1 nhi\u00ean, kh\u00f4ng \u0111\u1ed9c h\u1ea1i, kh\u00f4ng g\u00e2y k\u00edch \u1ee9ng, kh\u00f4ng m\u00f9i.<\/li>\n<\/ul>\n","protected":false},"featured_media":83184,"template":"","meta":{"site-sidebar-layout":"default","site-content-layout":"default","ast-site-content-layout":"default","site-content-style":"default","site-sidebar-style":"default","ast-global-header-display":"","ast-banner-title-visibility":"","ast-main-header-display":"","ast-hfb-above-header-display":"","ast-hfb-below-header-display":"","ast-hfb-mobile-header-display":"","site-post-title":"","ast-breadcrumbs-content":"","ast-featured-img":"","footer-sml-layout":"","ast-disable-related-posts":"","theme-transparent-header-meta":"default","adv-header-id-meta":"","stick-header-meta":"default","header-above-stick-meta":"","header-main-stick-meta":"","header-below-stick-meta":"","astra-migrate-meta-layouts":"default","ast-page-background-enabled":"default","ast-page-background-meta":{"desktop":{"background-color":"var(--ast-global-color-5)","background-image":"","background-repeat":"repeat","background-position":"center center","background-size":"auto","background-attachment":"scroll","background-type":"","background-media":"","overlay-type":"","overlay-color":"","overlay-opacity":"","overlay-gradient":""},"tablet":{"background-color":"","background-image":"","background-repeat":"repeat","background-position":"center center","background-size":"auto","background-attachment":"scroll","background-type":"","background-media":"","overlay-type":"","overlay-color":"","overlay-opacity":"","overlay-gradient":""},"mobile":{"background-color":"","background-image":"","background-repeat":"repeat","background-position":"center center","background-size":"auto","background-attachment":"scroll","background-type":"","background-media":"","overlay-type":"","overlay-color":"","overlay-opacity":"","overlay-gradient":""}},"ast-content-background-meta":{"desktop":{"background-color":"var(--ast-global-color-4)","background-image":"","background-repeat":"repeat","background-position":"center center","background-size":"auto","background-attachment":"scroll","background-type":"","background-media":"","overlay-type":"","overlay-color":"","overlay-opacity":"","overlay-gradient":""},"tablet":{"background-color":"var(--ast-global-color-4)","background-image":"","background-repeat":"repeat","background-position":"center center","background-size":"auto","background-attachment":"scroll","background-type":"","background-media":"","overlay-type":"","overlay-color":"","overlay-opacity":"","overlay-gradient":""},"mobile":{"background-color":"var(--ast-global-color-4)","background-image":"","background-repeat":"repeat","background-position":"center center","background-size":"auto","background-attachment":"scroll","background-type":"","background-media":"","overlay-type":"","overlay-color":"","overlay-opacity":"","overlay-gradient":""}}},"product_brand":[],"product_cat":[4367,4698,4410,4303,4424,4702,4372,4301,4426,4299],"product_tag":[5081,4772],"class_list":{"0":"post-84862","1":"product","2":"type-product","3":"status-publish","4":"has-post-thumbnail","6":"product_cat-vat-lieu-mai-mem","7":"product_cat-dang-nguyen-lieu","8":"product_cat-don-tinh-the-kem-mai","9":"product_cat-gom","10":"product_cat-hinh-thuc-ung-dung","11":"product_cat-kem","12":"product_cat-kem-mai","13":"product_cat-tungsten-carbide","14":"product_cat-vat-lieu-danh-bong","15":"product_cat-vat-lieu-gia-cong","16":"product_tag-kem-kim-cuong","17":"product_tag-kem-kim-cuong-don-tinh-the","18":"desktop-align-left","19":"tablet-align-left","20":"mobile-align-left","21":"ast-product-gallery-layout-horizontal-slider","22":"ast-product-gallery-with-no-image","23":"ast-product-single-variable","24":"ast-product-tabs-layout-horizontal","26":"first","27":"instock","28":"taxable","29":"shipping-taxable","30":"purchasable","31":"product-type-variable"},"_links":{"self":[{"href":"https:\/\/honwaygroup.com\/vi\/wp-json\/wp\/v2\/product\/84862","targetHints":{"allow":["GET"]}}],"collection":[{"href":"https:\/\/honwaygroup.com\/vi\/wp-json\/wp\/v2\/product"}],"about":[{"href":"https:\/\/honwaygroup.com\/vi\/wp-json\/wp\/v2\/types\/product"}],"version-history":[{"count":0,"href":"https:\/\/honwaygroup.com\/vi\/wp-json\/wp\/v2\/product\/84862\/revisions"}],"wp:featuredmedia":[{"embeddable":true,"href":"https:\/\/honwaygroup.com\/vi\/wp-json\/wp\/v2\/media\/83184"}],"wp:attachment":[{"href":"https:\/\/honwaygroup.com\/vi\/wp-json\/wp\/v2\/media?parent=84862"}],"wp:term":[{"taxonomy":"product_brand","embeddable":true,"href":"https:\/\/honwaygroup.com\/vi\/wp-json\/wp\/v2\/product_brand?post=84862"},{"taxonomy":"product_cat","embeddable":true,"href":"https:\/\/honwaygroup.com\/vi\/wp-json\/wp\/v2\/product_cat?post=84862"},{"taxonomy":"product_tag","embeddable":true,"href":"https:\/\/honwaygroup.com\/vi\/wp-json\/wp\/v2\/product_tag?post=84862"}],"curies":[{"name":"wp","href":"https:\/\/api.w.org\/{rel}","templated":true}]}}