{"id":84633,"date":"2016-02-16T08:44:28","date_gmt":"2016-02-16T00:44:28","guid":{"rendered":"https:\/\/honwaygroup.com\/product\/metal-lutetium-99-99\/"},"modified":"2025-11-25T09:51:18","modified_gmt":"2025-11-25T01:51:18","slug":"metal-lutetium-99-99","status":"publish","type":"product","link":"https:\/\/honwaygroup.com\/vi\/product\/metal-lutetium-99-99\/","title":{"rendered":"Kim c\u01b0\u01a1ng kim lo\u1ea1i 99,99%"},"content":{"rendered":"\t\t<div data-elementor-type=\"wp-post\" data-elementor-id=\"84633\" class=\"elementor elementor-84633 elementor-1524\" data-elementor-post-type=\"product\">\n\t\t\t\t\t\t<section class=\"elementor-section elementor-top-section elementor-element elementor-element-f86ee4d elementor-section-height-min-height elementor-section-content-middle elementor-section-boxed elementor-section-height-default elementor-section-items-middle\" data-id=\"f86ee4d\" data-element_type=\"section\" data-e-type=\"section\" data-settings=\"{&quot;background_background&quot;:&quot;classic&quot;}\">\n\t\t\t\t\t\t\t<div class=\"elementor-background-overlay\"><\/div>\n\t\t\t\t\t\t\t<div class=\"elementor-container elementor-column-gap-default\">\n\t\t\t\t\t<div class=\"elementor-column elementor-col-100 elementor-top-column elementor-element elementor-element-9d17d57\" data-id=\"9d17d57\" data-element_type=\"column\" data-e-type=\"column\">\n\t\t\t<div class=\"elementor-widget-wrap elementor-element-populated\">\n\t\t\t\t\t\t<div class=\"elementor-element elementor-element-4bce445 elementor-widget elementor-widget-heading\" data-id=\"4bce445\" data-element_type=\"widget\" data-e-type=\"widget\" data-widget_type=\"heading.default\">\n\t\t\t\t<div class=\"elementor-widget-container\">\n\t\t\t\t\t<h5 class=\"elementor-heading-title elementor-size-default\">Lutetium<\/h5>\t\t\t\t<\/div>\n\t\t\t\t<\/div>\n\t\t\t\t<div class=\"elementor-element elementor-element-dbe67c1 elementor-widget elementor-widget-heading\" data-id=\"dbe67c1\" data-element_type=\"widget\" data-e-type=\"widget\" data-widget_type=\"heading.default\">\n\t\t\t\t<div class=\"elementor-widget-container\">\n\t\t\t\t\t<h2 class=\"elementor-heading-title elementor-size-default\">Kim c\u01b0\u01a1ng<\/h2>\t\t\t\t<\/div>\n\t\t\t\t<\/div>\n\t\t\t\t<div class=\"elementor-element elementor-element-4837a7b elementor-widget elementor-widget-text-editor\" data-id=\"4837a7b\" data-element_type=\"widget\" data-e-type=\"widget\" data-widget_type=\"text-editor.default\">\n\t\t\t\t<div class=\"elementor-widget-container\">\n\t\t\t\t\t\t\t\t\t<h3><span style=\"color: #999999;\"><strong>Lu<\/strong><\/span><\/h3>\t\t\t\t\t\t\t\t<\/div>\n\t\t\t\t<\/div>\n\t\t\t\t<div class=\"elementor-element elementor-element-1d07631 elementor-widget elementor-widget-button\" data-id=\"1d07631\" data-element_type=\"widget\" data-e-type=\"widget\" data-widget_type=\"button.default\">\n\t\t\t\t<div class=\"elementor-widget-container\">\n\t\t\t\t\t\t\t\t\t<div class=\"elementor-button-wrapper\">\n\t\t\t\t\t<a class=\"elementor-button elementor-button-link elementor-size-sm elementor-animation-grow\" href=\"https:\/\/honwaygroup.com\/vi\/lien-he-voi-honway\/\">\n\t\t\t\t\t\t<span class=\"elementor-button-content-wrapper\">\n\t\t\t\t\t\t\t\t\t<span class=\"elementor-button-text\">Hoan ngh\u00eanh g\u1eedi th\u01b0 h\u1ecfi gi\u00e1.<\/span>\n\t\t\t\t\t<\/span>\n\t\t\t\t\t<\/a>\n\t\t\t\t<\/div>\n\t\t\t\t\t\t\t\t<\/div>\n\t\t\t\t<\/div>\n\t\t\t\t\t<\/div>\n\t\t<\/div>\n\t\t\t\t\t<\/div>\n\t\t<\/section>\n\t\t\t\t<section class=\"elementor-section elementor-top-section elementor-element elementor-element-654ae86 elementor-section-boxed elementor-section-height-default elementor-section-height-default\" data-id=\"654ae86\" data-element_type=\"section\" data-e-type=\"section\">\n\t\t\t\t\t\t<div class=\"elementor-container elementor-column-gap-default\">\n\t\t\t\t\t<div class=\"elementor-column elementor-col-100 elementor-top-column elementor-element elementor-element-b2da2eb\" data-id=\"b2da2eb\" data-element_type=\"column\" data-e-type=\"column\">\n\t\t\t<div class=\"elementor-widget-wrap elementor-element-populated\">\n\t\t\t\t\t\t<div class=\"elementor-element elementor-element-85644f5 elementor-widget elementor-widget-spacer\" data-id=\"85644f5\" data-element_type=\"widget\" data-e-type=\"widget\" data-widget_type=\"spacer.default\">\n\t\t\t\t<div class=\"elementor-widget-container\">\n\t\t\t\t\t\t\t<div class=\"elementor-spacer\">\n\t\t\t<div class=\"elementor-spacer-inner\"><\/div>\n\t\t<\/div>\n\t\t\t\t\t\t<\/div>\n\t\t\t\t<\/div>\n\t\t\t\t\t<\/div>\n\t\t<\/div>\n\t\t\t\t\t<\/div>\n\t\t<\/section>\n\t\t\t\t<section class=\"elementor-section elementor-top-section elementor-element elementor-element-dd9ad66 elementor-section-boxed elementor-section-height-default elementor-section-height-default\" data-id=\"dd9ad66\" data-element_type=\"section\" data-e-type=\"section\">\n\t\t\t\t\t\t<div class=\"elementor-container elementor-column-gap-default\">\n\t\t\t\t\t<div class=\"elementor-column elementor-col-50 elementor-top-column elementor-element elementor-element-a7b5542\" data-id=\"a7b5542\" data-element_type=\"column\" data-e-type=\"column\">\n\t\t\t<div class=\"elementor-widget-wrap elementor-element-populated\">\n\t\t\t\t\t\t<div class=\"elementor-element elementor-element-62967c3 elementor-tabs-view-vertical elementor-widget elementor-widget-tabs\" data-id=\"62967c3\" data-element_type=\"widget\" data-e-type=\"widget\" data-widget_type=\"tabs.default\">\n\t\t\t\t<div class=\"elementor-widget-container\">\n\t\t\t\t\t\t\t<div class=\"elementor-tabs\">\n\t\t\t<div class=\"elementor-tabs-wrapper\" role=\"tablist\" >\n\t\t\t\t\t\t\t\t\t<div id=\"elementor-tab-title-1031\" class=\"elementor-tab-title elementor-tab-desktop-title\" aria-selected=\"true\" data-tab=\"1\" role=\"tab\" tabindex=\"0\" aria-controls=\"elementor-tab-content-1031\" aria-expanded=\"false\">\u0110\u1ed9 tinh khi\u1ebft<\/div>\n\t\t\t\t\t\t\t\t\t<div id=\"elementor-tab-title-1032\" class=\"elementor-tab-title elementor-tab-desktop-title\" aria-selected=\"false\" data-tab=\"2\" role=\"tab\" tabindex=\"-1\" aria-controls=\"elementor-tab-content-1032\" aria-expanded=\"false\">Ngo\u1ea1i h\u00ecnh<\/div>\n\t\t\t\t\t\t\t\t\t<div id=\"elementor-tab-title-1033\" class=\"elementor-tab-title elementor-tab-desktop-title\" aria-selected=\"false\" data-tab=\"3\" role=\"tab\" tabindex=\"-1\" aria-controls=\"elementor-tab-content-1033\" aria-expanded=\"false\">\u1ee8ng d\u1ee5ng:<\/div>\n\t\t\t\t\t\t\t\t\t<div id=\"elementor-tab-title-1034\" class=\"elementor-tab-title elementor-tab-desktop-title\" aria-selected=\"false\" data-tab=\"4\" role=\"tab\" tabindex=\"-1\" aria-controls=\"elementor-tab-content-1034\" aria-expanded=\"false\">TREO<\/div>\n\t\t\t\t\t\t\t\t\t<div id=\"elementor-tab-title-1035\" class=\"elementor-tab-title elementor-tab-desktop-title\" aria-selected=\"false\" data-tab=\"5\" role=\"tab\" tabindex=\"-1\" aria-controls=\"elementor-tab-content-1035\" aria-expanded=\"false\">T\u00ednh ch\u1ea5t kh\u00e1c<\/div>\n\t\t\t\t\t\t\t\t\t<div id=\"elementor-tab-title-1036\" class=\"elementor-tab-title elementor-tab-desktop-title\" aria-selected=\"false\" data-tab=\"6\" role=\"tab\" tabindex=\"-1\" aria-controls=\"elementor-tab-content-1036\" aria-expanded=\"false\">CAS#<\/div>\n\t\t\t\t\t\t\t<\/div>\n\t\t\t<div class=\"elementor-tabs-content-wrapper\" role=\"tablist\" aria-orientation=\"vertical\">\n\t\t\t\t\t\t\t\t\t<div class=\"elementor-tab-title elementor-tab-mobile-title\" aria-selected=\"true\" data-tab=\"1\" role=\"tab\" tabindex=\"0\" aria-controls=\"elementor-tab-content-1031\" aria-expanded=\"false\">\u0110\u1ed9 tinh khi\u1ebft<\/div>\n\t\t\t\t\t<div id=\"elementor-tab-content-1031\" class=\"elementor-tab-content elementor-clearfix\" data-tab=\"1\" role=\"tabpanel\" aria-labelledby=\"elementor-tab-title-1031\" tabindex=\"0\" hidden=\"false\"><p><b>\u0110\u1ed9 tinh khi\u1ebft:99.99%<\/b><\/p>\n<\/div>\n\t\t\t\t\t\t\t\t\t<div class=\"elementor-tab-title elementor-tab-mobile-title\" aria-selected=\"false\" data-tab=\"2\" role=\"tab\" tabindex=\"-1\" aria-controls=\"elementor-tab-content-1032\" aria-expanded=\"false\">Ngo\u1ea1i h\u00ecnh<\/div>\n\t\t\t\t\t<div id=\"elementor-tab-content-1032\" class=\"elementor-tab-content elementor-clearfix\" data-tab=\"2\" role=\"tabpanel\" aria-labelledby=\"elementor-tab-title-1032\" tabindex=\"0\" hidden=\"hidden\"><p><strong><b>Kim lo\u1ea1i m\u00e0u x\u00e1m b\u1ea1c<\/b><\/strong><\/p>\n<\/div>\n\t\t\t\t\t\t\t\t\t<div class=\"elementor-tab-title elementor-tab-mobile-title\" aria-selected=\"false\" data-tab=\"3\" role=\"tab\" tabindex=\"-1\" aria-controls=\"elementor-tab-content-1033\" aria-expanded=\"false\">\u1ee8ng d\u1ee5ng:<\/div>\n\t\t\t\t\t<div id=\"elementor-tab-content-1033\" class=\"elementor-tab-content elementor-clearfix\" data-tab=\"3\" role=\"tabpanel\" aria-labelledby=\"elementor-tab-title-1033\" tabindex=\"0\" hidden=\"hidden\"><ol>\n<li><strong>C\u00e1c \u1ee9ng d\u1ee5ng nghi\u00ean c\u1ee9u bao g\u1ed3m s\u1ea3n xu\u1ea5t m\u1ed9t s\u1ed1 h\u1ee3p kim \u0111\u1eb7c bi\u1ec7t (h\u1ee3p kim nh\u00f4m luteti), x\u00fac t\u00e1c, l\u00e0m nguy\u00ean t\u1ed1 ph\u1ee5 gia trong s\u1eaft ytri ho\u1eb7c garnet nh\u00f4m ytri, l\u00e0m nguy\u00ean li\u1ec7u th\u00f4 cho b\u1ed9 nh\u1edb bong b\u00f3ng t\u1eeb t\u00ednh, c\u00f4ng ngh\u1ec7 pin n\u0103ng l\u01b0\u1ee3ng v\u00e0 l\u00e0m ch\u1ea5t kh\u1edfi t\u1ea1o cho ph\u1ed1t pho, v.v.<\/strong><\/li>\n<li><b><strong>Lubi<\/strong> l\u00e0 m\u1ed9t trong nh\u1eefng nguy\u00ean t\u1ed1 \u0111\u1ea5t hi\u1ebfm c\u00f3 h\u00e0m l\u01b0\u1ee3ng th\u1ea5p <\/b><b>nh\u1ea5t v\u00e0 lubi kim lo\u1ea1i <\/b><strong>nguy\u00ean ch\u1ea5t r\u1ea5t kh\u00f3 \u0111i\u1ec1u<\/strong> <b>ch\u1ebf.<\/b><\/li>\n<\/ol>\n<\/div>\n\t\t\t\t\t\t\t\t\t<div class=\"elementor-tab-title elementor-tab-mobile-title\" aria-selected=\"false\" data-tab=\"4\" role=\"tab\" tabindex=\"-1\" aria-controls=\"elementor-tab-content-1034\" aria-expanded=\"false\">TREO<\/div>\n\t\t\t\t\t<div id=\"elementor-tab-content-1034\" class=\"elementor-tab-content elementor-clearfix\" data-tab=\"4\" role=\"tabpanel\" aria-labelledby=\"elementor-tab-title-1034\" tabindex=\"0\" hidden=\"hidden\"><p><strong>99%<\/strong><\/p>\n<\/div>\n\t\t\t\t\t\t\t\t\t<div class=\"elementor-tab-title elementor-tab-mobile-title\" aria-selected=\"false\" data-tab=\"5\" role=\"tab\" tabindex=\"-1\" aria-controls=\"elementor-tab-content-1035\" aria-expanded=\"false\">T\u00ednh ch\u1ea5t kh\u00e1c<\/div>\n\t\t\t\t\t<div id=\"elementor-tab-content-1035\" class=\"elementor-tab-content elementor-clearfix\" data-tab=\"5\" role=\"tabpanel\" aria-labelledby=\"elementor-tab-title-1035\" tabindex=\"0\" hidden=\"hidden\"><ol>\n<li><strong>\u0110\u00e2y l\u00e0 kim lo\u1ea1i c\u1ee9ng nh\u1ea5t v\u00e0 \u0111\u1eb7c nh\u1ea5t trong s\u1ed1 c\u00e1c nguy\u00ean t\u1ed1 \u0111\u1ea5t hi\u1ebfm, \u0111\u1ed3ng th\u1eddi c\u0169ng l\u00e0 kim lo\u1ea1i \u0111\u1ea5t hi\u1ebfm hi\u1ebfm nh\u1ea5t v\u00e0 \u0111\u1eaft nh\u1ea5t.<\/strong><\/li>\n<li><strong>Tan trong axit lo\u00e3ng, ph\u1ea3n \u1ee9ng ch\u1eadm v\u1edbi n\u01b0\u1edbc.<\/strong><\/li>\n<\/ol>\n<\/div>\n\t\t\t\t\t\t\t\t\t<div class=\"elementor-tab-title elementor-tab-mobile-title\" aria-selected=\"false\" data-tab=\"6\" role=\"tab\" tabindex=\"-1\" aria-controls=\"elementor-tab-content-1036\" aria-expanded=\"false\">CAS#<\/div>\n\t\t\t\t\t<div id=\"elementor-tab-content-1036\" class=\"elementor-tab-content elementor-clearfix\" data-tab=\"6\" role=\"tabpanel\" aria-labelledby=\"elementor-tab-title-1036\" tabindex=\"0\" hidden=\"hidden\"><p><strong>  7439-94-3<\/strong><\/p>\n<\/div>\n\t\t\t\t\t\t\t<\/div>\n\t\t<\/div>\n\t\t\t\t\t\t<\/div>\n\t\t\t\t<\/div>\n\t\t\t\t<div class=\"elementor-element elementor-element-d34d962 elementor-widget elementor-widget-spacer\" data-id=\"d34d962\" data-element_type=\"widget\" data-e-type=\"widget\" data-widget_type=\"spacer.default\">\n\t\t\t\t<div class=\"elementor-widget-container\">\n\t\t\t\t\t\t\t<div class=\"elementor-spacer\">\n\t\t\t<div class=\"elementor-spacer-inner\"><\/div>\n\t\t<\/div>\n\t\t\t\t\t\t<\/div>\n\t\t\t\t<\/div>\n\t\t\t\t\t<\/div>\n\t\t<\/div>\n\t\t\t\t<div class=\"elementor-column elementor-col-50 elementor-top-column elementor-element elementor-element-da546ed\" data-id=\"da546ed\" data-element_type=\"column\" data-e-type=\"column\">\n\t\t\t<div class=\"elementor-widget-wrap elementor-element-populated\">\n\t\t\t\t\t\t<div class=\"elementor-element elementor-element-a2a0a15 elementor-widget elementor-widget-sidebar\" data-id=\"a2a0a15\" data-element_type=\"widget\" data-e-type=\"widget\" data-widget_type=\"sidebar.default\">\n\t\t\t\t<div class=\"elementor-widget-container\">\n\t\t\t\t\t<div id=\"woocommerce_product_search-5\" class=\"widget woocommerce widget_product_search\"><h2 class=\"widget-title\">Search<\/h2><form role=\"search\" method=\"get\" class=\"woocommerce-product-search\" action=\"https:\/\/honwaygroup.com\/vi\/\">\n\t<label class=\"screen-reader-text\" for=\"woocommerce-product-search-field-0\">Search for:<\/label>\n\t<input type=\"search\" id=\"woocommerce-product-search-field-0\" class=\"search-field\" placeholder=\"Search products&hellip;\" value=\"\" name=\"s\" \/>\n\t<button type=\"submit\" value=\"Search\" class=\"\">Search<\/button>\n\t<input type=\"hidden\" name=\"post_type\" value=\"product\" \/>\n<\/form>\n<\/div>\t\t\t\t<\/div>\n\t\t\t\t<\/div>\n\t\t\t\t\t<\/div>\n\t\t<\/div>\n\t\t\t\t\t<\/div>\n\t\t<\/section>\n\t\t\t\t<section class=\"elementor-section elementor-top-section elementor-element elementor-element-ca3d465 elementor-section-boxed elementor-section-height-default elementor-section-height-default\" data-id=\"ca3d465\" data-element_type=\"section\" data-e-type=\"section\">\n\t\t\t\t\t\t<div class=\"elementor-container elementor-column-gap-default\">\n\t\t\t\t\t<div class=\"elementor-column elementor-col-100 elementor-top-column elementor-element elementor-element-eaa7532\" data-id=\"eaa7532\" data-element_type=\"column\" data-e-type=\"column\">\n\t\t\t<div class=\"elementor-widget-wrap elementor-element-populated\">\n\t\t\t\t\t\t<div class=\"elementor-element elementor-element-f6a4a3a elementor-widget elementor-widget-spacer\" data-id=\"f6a4a3a\" data-element_type=\"widget\" data-e-type=\"widget\" data-widget_type=\"spacer.default\">\n\t\t\t\t<div class=\"elementor-widget-container\">\n\t\t\t\t\t\t\t<div class=\"elementor-spacer\">\n\t\t\t<div class=\"elementor-spacer-inner\"><\/div>\n\t\t<\/div>\n\t\t\t\t\t\t<\/div>\n\t\t\t\t<\/div>\n\t\t\t\t<div class=\"elementor-element elementor-element-65016af elementor-widget-divider--view-line elementor-widget elementor-widget-divider\" data-id=\"65016af\" data-element_type=\"widget\" data-e-type=\"widget\" data-widget_type=\"divider.default\">\n\t\t\t\t<div class=\"elementor-widget-container\">\n\t\t\t\t\t\t\t<div class=\"elementor-divider\">\n\t\t\t<span class=\"elementor-divider-separator\">\n\t\t\t\t\t\t<\/span>\n\t\t<\/div>\n\t\t\t\t\t\t<\/div>\n\t\t\t\t<\/div>\n\t\t\t\t<div class=\"elementor-element elementor-element-bfda7a5 e-transform elementor-widget elementor-widget-heading\" data-id=\"bfda7a5\" data-element_type=\"widget\" data-e-type=\"widget\" data-settings=\"{&quot;_transform_translateX_effect&quot;:{&quot;unit&quot;:&quot;px&quot;,&quot;size&quot;:9,&quot;sizes&quot;:[]},&quot;_transform_translateX_effect_tablet&quot;:{&quot;unit&quot;:&quot;px&quot;,&quot;size&quot;:&quot;&quot;,&quot;sizes&quot;:[]},&quot;_transform_translateX_effect_mobile&quot;:{&quot;unit&quot;:&quot;px&quot;,&quot;size&quot;:&quot;&quot;,&quot;sizes&quot;:[]},&quot;_transform_translateY_effect&quot;:{&quot;unit&quot;:&quot;px&quot;,&quot;size&quot;:&quot;&quot;,&quot;sizes&quot;:[]},&quot;_transform_translateY_effect_tablet&quot;:{&quot;unit&quot;:&quot;px&quot;,&quot;size&quot;:&quot;&quot;,&quot;sizes&quot;:[]},&quot;_transform_translateY_effect_mobile&quot;:{&quot;unit&quot;:&quot;px&quot;,&quot;size&quot;:&quot;&quot;,&quot;sizes&quot;:[]}}\" data-widget_type=\"heading.default\">\n\t\t\t\t<div class=\"elementor-widget-container\">\n\t\t\t\t\t<h5 class=\"elementor-heading-title elementor-size-default\">\u2022\u0300.\u032b\u2022\u0301\u2727 \u275d B\u1ea1n c\u00f3 th\u1eafc m\u1eafc g\u00ec kh\u00f4ng?? <\/h5>\t\t\t\t<\/div>\n\t\t\t\t<\/div>\n\t\t\t\t<div class=\"elementor-element elementor-element-dbcc260 elementor-widget elementor-widget-heading\" data-id=\"dbcc260\" data-element_type=\"widget\" data-e-type=\"widget\" data-widget_type=\"heading.default\">\n\t\t\t\t<div class=\"elementor-widget-container\">\n\t\t\t\t\t<h2 class=\"elementor-heading-title elementor-size-default\">\u25be\u25be\u25be\u25be\u25be\u25be\u25be\u25be\u25be\u25be\u25be\u25be<\/h2>\t\t\t\t<\/div>\n\t\t\t\t<\/div>\n\t\t\t\t\t<\/div>\n\t\t<\/div>\n\t\t\t\t\t<\/div>\n\t\t<\/section>\n\t\t\t\t<section class=\"elementor-section elementor-top-section elementor-element elementor-element-f85db0c elementor-section-boxed elementor-section-height-default elementor-section-height-default\" data-id=\"f85db0c\" data-element_type=\"section\" data-e-type=\"section\">\n\t\t\t\t\t\t<div class=\"elementor-container elementor-column-gap-default\">\n\t\t\t\t\t<div class=\"elementor-column elementor-col-100 elementor-top-column elementor-element elementor-element-611101b\" data-id=\"611101b\" data-element_type=\"column\" data-e-type=\"column\">\n\t\t\t<div class=\"elementor-widget-wrap elementor-element-populated\">\n\t\t\t\t\t\t<div class=\"elementor-element elementor-element-3a51194 elementor-align-center elementor-invisible elementor-widget elementor-widget-button\" data-id=\"3a51194\" data-element_type=\"widget\" data-e-type=\"widget\" data-settings=\"{&quot;_animation&quot;:&quot;fadeIn&quot;}\" data-widget_type=\"button.default\">\n\t\t\t\t<div class=\"elementor-widget-container\">\n\t\t\t\t\t\t\t\t\t<div class=\"elementor-button-wrapper\">\n\t\t\t\t\t<a class=\"elementor-button elementor-button-link elementor-size-sm elementor-animation-bounce-in\" href=\"https:\/\/honwaygroup.com\/vi\/lien-he-voi-honway\/\" target=\"_blank\" id=\"contacthonway\">\n\t\t\t\t\t\t<span class=\"elementor-button-content-wrapper\">\n\t\t\t\t\t\t\t\t\t<span class=\"elementor-button-text\">Li\u00ean h\u1ec7 v\u1edbi HonWay<\/span>\n\t\t\t\t\t<\/span>\n\t\t\t\t\t<\/a>\n\t\t\t\t<\/div>\n\t\t\t\t\t\t\t\t<\/div>\n\t\t\t\t<\/div>\n\t\t\t\t<div class=\"elementor-element elementor-element-f7cc5b5 elementor-shape-circle elementor-grid-0 e-grid-align-center elementor-widget elementor-widget-social-icons\" data-id=\"f7cc5b5\" data-element_type=\"widget\" data-e-type=\"widget\" data-widget_type=\"social-icons.default\">\n\t\t\t\t<div class=\"elementor-widget-container\">\n\t\t\t\t\t\t\t<div class=\"elementor-social-icons-wrapper elementor-grid\" role=\"list\">\n\t\t\t\t\t\t\t<span class=\"elementor-grid-item\" role=\"listitem\">\n\t\t\t\t\t<a class=\"elementor-icon elementor-social-icon elementor-social-icon-facebook elementor-repeater-item-89edbab\" href=\"http:\/\/www.facebook.com\/honwaygroup\" target=\"_blank\" rel=\"nofollow noopener\">\n\t\t\t\t\t\t<span class=\"elementor-screen-only\">Facebook<\/span>\n\t\t\t\t\t\t<i aria-hidden=\"true\" class=\"fab fa-facebook\"><\/i>\t\t\t\t\t<\/a>\n\t\t\t\t<\/span>\n\t\t\t\t\t\t\t<span class=\"elementor-grid-item\" role=\"listitem\">\n\t\t\t\t\t<a class=\"elementor-icon elementor-social-icon elementor-social-icon-line elementor-repeater-item-c37d6e5\" href=\"https:\/\/page.line.me\/kob3665o\" target=\"_blank\" rel=\"nofollow noopener\">\n\t\t\t\t\t\t<span class=\"elementor-screen-only\">Line<\/span>\n\t\t\t\t\t\t<i aria-hidden=\"true\" class=\"fab fa-line\"><\/i>\t\t\t\t\t<\/a>\n\t\t\t\t<\/span>\n\t\t\t\t\t\t\t<span class=\"elementor-grid-item\" role=\"listitem\">\n\t\t\t\t\t<a class=\"elementor-icon elementor-social-icon elementor-social-icon-youtube elementor-repeater-item-298edca\" href=\"https:\/\/www.youtube.com\/@HonWayMaterialsCoLtd\/videos\" target=\"_blank\" rel=\"nofollow noopener\">\n\t\t\t\t\t\t<span class=\"elementor-screen-only\">Youtube<\/span>\n\t\t\t\t\t\t<i aria-hidden=\"true\" class=\"fab fa-youtube\"><\/i>\t\t\t\t\t<\/a>\n\t\t\t\t<\/span>\n\t\t\t\t\t\t\t<span class=\"elementor-grid-item\" role=\"listitem\">\n\t\t\t\t\t<a class=\"elementor-icon elementor-social-icon elementor-social-icon-envelope elementor-repeater-item-0eb7763\" href=\"mailto:service@honwaygroup.com\" target=\"_blank\">\n\t\t\t\t\t\t<span class=\"elementor-screen-only\">Envelope<\/span>\n\t\t\t\t\t\t<i aria-hidden=\"true\" class=\"fas fa-envelope\"><\/i>\t\t\t\t\t<\/a>\n\t\t\t\t<\/span>\n\t\t\t\t\t<\/div>\n\t\t\t\t\t\t<\/div>\n\t\t\t\t<\/div>\n\t\t\t\t\t<\/div>\n\t\t<\/div>\n\t\t\t\t\t<\/div>\n\t\t<\/section>\n\t\t\t\t<section class=\"elementor-section elementor-top-section elementor-element elementor-element-ec48bdf elementor-section-boxed elementor-section-height-default elementor-section-height-default\" data-id=\"ec48bdf\" data-element_type=\"section\" data-e-type=\"section\">\n\t\t\t\t\t\t<div class=\"elementor-container elementor-column-gap-default\">\n\t\t\t\t\t<div class=\"elementor-column elementor-col-100 elementor-top-column elementor-element elementor-element-08d7f22\" data-id=\"08d7f22\" data-element_type=\"column\" data-e-type=\"column\">\n\t\t\t<div class=\"elementor-widget-wrap\">\n\t\t\t\t\t\t\t<\/div>\n\t\t<\/div>\n\t\t\t\t\t<\/div>\n\t\t<\/section>\n\t\t\t\t<\/div>\n\t\t","protected":false},"excerpt":{"rendered":"<p>Lutetium Kim c\u01b0\u01a1ng Lu Hoan ngh\u00eanh g\u1eedi th\u01b0 h\u1ecfi gi\u00e1. \u0110\u1ed9 tinh khi\u1ebft Ngo\u1ea1i h\u00ecnh \u1ee8ng d\u1ee5ng: TREO T\u00ednh ch\u1ea5t [&hellip;]<\/p>\n","protected":false},"featured_media":23354,"template":"","meta":{"site-sidebar-layout":"default","site-content-layout":"default","ast-site-content-layout":"default","site-content-style":"default","site-sidebar-style":"default","ast-global-header-display":"","ast-banner-title-visibility":"","ast-main-header-display":"","ast-hfb-above-header-display":"","ast-hfb-below-header-display":"","ast-hfb-mobile-header-display":"","site-post-title":"","ast-breadcrumbs-content":"","ast-featured-img":"","footer-sml-layout":"","ast-disable-related-posts":"","theme-transparent-header-meta":"default","adv-header-id-meta":"","stick-header-meta":"default","header-above-stick-meta":"","header-main-stick-meta":"","header-below-stick-meta":"","astra-migrate-meta-layouts":"default","ast-page-background-enabled":"default","ast-page-background-meta":{"desktop":{"background-color":"var(--ast-global-color-5)","background-image":"","background-repeat":"repeat","background-position":"center center","background-size":"auto","background-attachment":"scroll","background-type":"","background-media":"","overlay-type":"","overlay-color":"","overlay-opacity":"","overlay-gradient":""},"tablet":{"background-color":"","background-image":"","background-repeat":"repeat","background-position":"center center","background-size":"auto","background-attachment":"scroll","background-type":"","background-media":"","overlay-type":"","overlay-color":"","overlay-opacity":"","overlay-gradient":""},"mobile":{"background-color":"","background-image":"","background-repeat":"repeat","background-position":"center center","background-size":"auto","background-attachment":"scroll","background-type":"","background-media":"","overlay-type":"","overlay-color":"","overlay-opacity":"","overlay-gradient":""}},"ast-content-background-meta":{"desktop":{"background-color":"var(--ast-global-color-4)","background-image":"","background-repeat":"repeat","background-position":"center center","background-size":"auto","background-attachment":"scroll","background-type":"","background-media":"","overlay-type":"","overlay-color":"","overlay-opacity":"","overlay-gradient":""},"tablet":{"background-color":"var(--ast-global-color-4)","background-image":"","background-repeat":"repeat","background-position":"center center","background-size":"auto","background-attachment":"scroll","background-type":"","background-media":"","overlay-type":"","overlay-color":"","overlay-opacity":"","overlay-gradient":""},"mobile":{"background-color":"var(--ast-global-color-4)","background-image":"","background-repeat":"repeat","background-position":"center center","background-size":"auto","background-attachment":"scroll","background-type":"","background-media":"","overlay-type":"","overlay-color":"","overlay-opacity":"","overlay-gradient":""}}},"product_brand":[],"product_cat":[4701,4365,4350,4305,4697],"product_tag":[5006,5051,4936,4935,4937],"class_list":{"0":"post-84633","1":"product","2":"type-product","3":"status-publish","4":"has-post-thumbnail","6":"product_cat-bot","7":"product_cat-lutetium-vi","8":"product_cat-nguyen-lieu-dat-hiem","9":"product_cat-nguyen-lieu-hoa-hoc","10":"product_cat-vat-lieu-kim-loai","11":"product_tag-kim-loai-lutetium","12":"product_tag-lutetium-vi","13":"product_tag-nguyen-lieu-quy-hiem","14":"product_tag-vat-lieu-dat-hiem","15":"product_tag-vat-lieu-quy-hiem","16":"desktop-align-left","17":"tablet-align-left","18":"mobile-align-left","19":"ast-product-gallery-layout-horizontal-slider","20":"ast-product-tabs-layout-horizontal","22":"first","23":"instock","24":"taxable","25":"shipping-taxable","26":"product-type-simple"},"_links":{"self":[{"href":"https:\/\/honwaygroup.com\/vi\/wp-json\/wp\/v2\/product\/84633","targetHints":{"allow":["GET"]}}],"collection":[{"href":"https:\/\/honwaygroup.com\/vi\/wp-json\/wp\/v2\/product"}],"about":[{"href":"https:\/\/honwaygroup.com\/vi\/wp-json\/wp\/v2\/types\/product"}],"version-history":[{"count":0,"href":"https:\/\/honwaygroup.com\/vi\/wp-json\/wp\/v2\/product\/84633\/revisions"}],"wp:featuredmedia":[{"embeddable":true,"href":"https:\/\/honwaygroup.com\/vi\/wp-json\/wp\/v2\/media\/23354"}],"wp:attachment":[{"href":"https:\/\/honwaygroup.com\/vi\/wp-json\/wp\/v2\/media?parent=84633"}],"wp:term":[{"taxonomy":"product_brand","embeddable":true,"href":"https:\/\/honwaygroup.com\/vi\/wp-json\/wp\/v2\/product_brand?post=84633"},{"taxonomy":"product_cat","embeddable":true,"href":"https:\/\/honwaygroup.com\/vi\/wp-json\/wp\/v2\/product_cat?post=84633"},{"taxonomy":"product_tag","embeddable":true,"href":"https:\/\/honwaygroup.com\/vi\/wp-json\/wp\/v2\/product_tag?post=84633"}],"curies":[{"name":"wp","href":"https:\/\/api.w.org\/{rel}","templated":true}]}}