{"id":84611,"date":"2016-02-28T16:17:43","date_gmt":"2016-02-28T08:17:43","guid":{"rendered":"https:\/\/honwaygroup.com\/product\/diem-gan-kim-cuong-dac-biet\/"},"modified":"2025-11-18T10:29:28","modified_gmt":"2025-11-18T02:29:28","slug":"diem-gan-kim-cuong-dac-biet","status":"publish","type":"product","link":"https:\/\/honwaygroup.com\/vi\/product\/diem-gan-kim-cuong-dac-biet\/","title":{"rendered":"Thanh m\u00e0i kim c\u01b0\u01a1ng \u0111\u1eb7c bi\u1ec7t"},"content":{"rendered":"<h3>Thanh m\u00e0i kim c\u01b0\u01a1ng \u0111\u1eb7c bi\u1ec7t<\/h3>\n<figure id=\"attachment_84612\" aria-describedby=\"caption-attachment-84612\" style=\"width: 1810px\" class=\"wp-caption alignnone\"><a href=\"https:\/\/honwaygroup.com\/wp-content\/uploads\/2016\/02\/%E5%AE%8F%E5%B4%B4%E9%91%BD%E7%9F%B3%E7%A3%A8%E6%A3%92DM5-01.jpg\" rel=\"attachment wp-att-1539\"><img fetchpriority=\"high\" decoding=\"async\" class=\"wp-image-1539 size-full\" src=\"https:\/\/honwaygroup.com\/wp-content\/uploads\/2016\/02\/%E5%AE%8F%E5%B4%B4%E9%91%BD%E7%9F%B3%E7%A3%A8%E6%A3%92DM5-01-scaled.avif\" alt=\"Thanh m\u00e0i kim c\u01b0\u01a1ng \u0111\u1eb7c bi\u1ec7t\" width=\"1810\" height=\"2560\"><\/a><figcaption id=\"caption-attachment-84612\" class=\"wp-caption-text\">Thanh m\u00e0i kim c\u01b0\u01a1ng, thanh m\u00e0i nitrua bo, m\u1ea1 \u0111i\u1ec7n, m\u1ea1 \u0111i\u1ec7n, thanh m\u00e0i l\u1ed7 s\u00e2u, thanh m\u00e0i l\u1ed7 trong, thanh m\u00e0i g\u00f3c<\/figcaption><\/figure>\n<p>C\u00f3 b\u1ea5t k\u1ef3 th\u1eafc m\u1eafc n\u00e0o kh\u00f4ng? <a href=\"https:\/\/honwaygroup.com\/vi\/lien-he-voi-honway\/\">Li\u00ean h\u1ec7 v\u1edbi HonWay<\/a><\/p>\n","protected":false},"excerpt":{"rendered":"<p>Thanh m\u00e0i kim c\u01b0\u01a1ng, thanh m\u00e0i nitrua bo, m\u1ea1 \u0111i\u1ec7n, m\u1ea1 \u0111i\u1ec7n, thanh m\u00e0i l\u1ed7 s\u00e2u, thanh m\u00e0i l\u1ed7 trong, thanh m\u00e0i g\u00f3c<\/p>\n<h5>\u25b2 Vui l\u00f2ng nh\u1eafn tin ri\u00eang cho b\u1ed9 ph\u1eadn ch\u0103m s\u00f3c kh\u00e1ch h\u00e0ng \u0111\u1ec3 h\u1ecfi gi\u00e1: <a href=\"https:\/\/honwaygroup.com\/vi\/lien-he-voi-honway\/\">Li\u00ean h\u1ec7 HonWay.<\/a><\/h5>\n<h5><span style=\"color: #ff0000\"><b>\u25b2N\u1ebfu c\u1ea7n k\u00edch th\u01b0\u1edbc t\u00f9y ch\u1ec9nh, vui l\u00f2ng li\u00ean h\u1ec7 b\u1ed9 ph\u1eadn ch\u0103m s\u00f3c kh\u00e1ch h\u00e0ng. Ng\u00e0y giao h\u00e0ng s\u1ebd ph\u1ee5 thu\u1ed9c v\u00e0o th\u1eddi gian \u0111\u01b0\u1ee3c th\u00f4ng b\u00e1o t\u1eeb b\u1ed9 ph\u1eadn n\u00e0y.<\/b><\/span><\/h5>\n<h5><span style=\"color: #ff0000\"><b>\u25b2 \u0110\u1eb7t h\u00e0ng s\u1ed1 l\u01b0\u1ee3ng l\u1edbn c\u00f3 th\u1ec3 \u0111\u01b0\u1ee3c h\u01b0\u1edfng chi\u1ebft kh\u1ea5u \u01b0u \u0111\u00e3i, vui l\u00f2ng li\u00ean h\u1ec7 b\u1ed9 ph\u1eadn ch\u0103m s\u00f3c kh\u00e1ch h\u00e0ng \u0111\u1ec3 bi\u1ebft th\u00eam chi ti\u1ebft.<\/b><\/span><\/h5>\n<h5><span style=\"color: #ff0000\"><b>\u25b2 Th\u1eddi gian giao h\u00e0ng cho c\u00e1c \u0111\u01a1n \u0111\u1eb7t h\u00e0ng \u1edf \u0110\u00e0i Loan kho\u1ea3ng t\u1eeb 7-14 ng\u00e0y l\u00e0m vi\u1ec7c.<\/b><\/span><\/h5>\n<h5><span style=\"color: #ff0000\"><b>\u25b2 Th\u1eddi gian giao h\u00e0ng cho \u0111\u01a1n h\u00e0ng qu\u1ed1c t\u1ebf kho\u1ea3ng t\u1eeb 7-14 ng\u00e0y, th\u1eddi gian nh\u1eadn h\u00e0ng th\u1ef1c t\u1ebf ph\u1ee5 thu\u1ed9c v\u00e0o t\u00ecnh tr\u1ea1ng v\u1eadn chuy\u1ec3n c\u1ee7a c\u00f4ng ty chuy\u1ec3n ph\u00e1t nhanh.<\/b><\/span><\/h5>\n","protected":false},"featured_media":84612,"template":"","meta":{"site-sidebar-layout":"default","site-content-layout":"default","ast-site-content-layout":"default","site-content-style":"default","site-sidebar-style":"default","ast-global-header-display":"","ast-banner-title-visibility":"","ast-main-header-display":"","ast-hfb-above-header-display":"","ast-hfb-below-header-display":"","ast-hfb-mobile-header-display":"","site-post-title":"","ast-breadcrumbs-content":"","ast-featured-img":"","footer-sml-layout":"","ast-disable-related-posts":"","theme-transparent-header-meta":"default","adv-header-id-meta":"","stick-header-meta":"default","header-above-stick-meta":"","header-main-stick-meta":"","header-below-stick-meta":"","astra-migrate-meta-layouts":"default","ast-page-background-enabled":"default","ast-page-background-meta":{"desktop":{"background-color":"var(--ast-global-color-5)","background-image":"","background-repeat":"repeat","background-position":"center center","background-size":"auto","background-attachment":"scroll","background-type":"","background-media":"","overlay-type":"","overlay-color":"","overlay-opacity":"","overlay-gradient":""},"tablet":{"background-color":"","background-image":"","background-repeat":"repeat","background-position":"center center","background-size":"auto","background-attachment":"scroll","background-type":"","background-media":"","overlay-type":"","overlay-color":"","overlay-opacity":"","overlay-gradient":""},"mobile":{"background-color":"","background-image":"","background-repeat":"repeat","background-position":"center center","background-size":"auto","background-attachment":"scroll","background-type":"","background-media":"","overlay-type":"","overlay-color":"","overlay-opacity":"","overlay-gradient":""}},"ast-content-background-meta":{"desktop":{"background-color":"var(--ast-global-color-4)","background-image":"","background-repeat":"repeat","background-position":"center center","background-size":"auto","background-attachment":"scroll","background-type":"","background-media":"","overlay-type":"","overlay-color":"","overlay-opacity":"","overlay-gradient":""},"tablet":{"background-color":"var(--ast-global-color-4)","background-image":"","background-repeat":"repeat","background-position":"center center","background-size":"auto","background-attachment":"scroll","background-type":"","background-media":"","overlay-type":"","overlay-color":"","overlay-opacity":"","overlay-gradient":""},"mobile":{"background-color":"var(--ast-global-color-4)","background-image":"","background-repeat":"repeat","background-position":"center center","background-size":"auto","background-attachment":"scroll","background-type":"","background-media":"","overlay-type":"","overlay-color":"","overlay-opacity":"","overlay-gradient":""}}},"product_brand":[],"product_cat":[4396],"product_tag":[5102,5104,4968,5077,4764,4897,4879],"class_list":{"0":"post-84611","1":"product","2":"type-product","3":"status-publish","4":"has-post-thumbnail","6":"product_cat-cong-cu-kim-cuong-vi","7":"product_tag-huong-phap-ma-dien","8":"product_tag-phuong-phap-ma-khuon-bang-dien","9":"product_tag-thanh-mai-goc","10":"product_tag-thanh-mai-kim-cuong","11":"product_tag-thanh-mai-lo-ben-trong","12":"product_tag-thanh-mai-lo-sau-vi-2","13":"product_tag-thanh-mai-nitrua-bo","14":"desktop-align-left","15":"tablet-align-left","16":"mobile-align-left","17":"ast-product-gallery-layout-horizontal-slider","18":"ast-product-tabs-layout-horizontal","20":"first","21":"instock","22":"taxable","23":"shipping-taxable","24":"product-type-simple"},"_links":{"self":[{"href":"https:\/\/honwaygroup.com\/vi\/wp-json\/wp\/v2\/product\/84611","targetHints":{"allow":["GET"]}}],"collection":[{"href":"https:\/\/honwaygroup.com\/vi\/wp-json\/wp\/v2\/product"}],"about":[{"href":"https:\/\/honwaygroup.com\/vi\/wp-json\/wp\/v2\/types\/product"}],"version-history":[{"count":0,"href":"https:\/\/honwaygroup.com\/vi\/wp-json\/wp\/v2\/product\/84611\/revisions"}],"wp:featuredmedia":[{"embeddable":true,"href":"https:\/\/honwaygroup.com\/vi\/wp-json\/wp\/v2\/media\/84612"}],"wp:attachment":[{"href":"https:\/\/honwaygroup.com\/vi\/wp-json\/wp\/v2\/media?parent=84611"}],"wp:term":[{"taxonomy":"product_brand","embeddable":true,"href":"https:\/\/honwaygroup.com\/vi\/wp-json\/wp\/v2\/product_brand?post=84611"},{"taxonomy":"product_cat","embeddable":true,"href":"https:\/\/honwaygroup.com\/vi\/wp-json\/wp\/v2\/product_cat?post=84611"},{"taxonomy":"product_tag","embeddable":true,"href":"https:\/\/honwaygroup.com\/vi\/wp-json\/wp\/v2\/product_tag?post=84611"}],"curies":[{"name":"wp","href":"https:\/\/api.w.org\/{rel}","templated":true}]}}