{"id":84591,"date":"2016-02-28T17:39:01","date_gmt":"2016-02-28T09:39:01","guid":{"rendered":"https:\/\/honwaygroup.com\/product\/da-dau-soi-kim-cuong\/"},"modified":"2016-02-28T17:39:01","modified_gmt":"2016-02-28T09:39:01","slug":"da-dau-soi-kim-cuong","status":"publish","type":"product","link":"https:\/\/honwaygroup.com\/vi\/product\/da-dau-soi-kim-cuong\/","title":{"rendered":"\u0110\u00e1 D\u1ea7u S\u1ee3i Kim C\u01b0\u01a1ng"},"content":{"rendered":"<h3><strong>\u0110\u00e1 D\u1ea7u S\u1ee3i Kim C\u01b0\u01a1ng<\/strong><\/h3>\n<p>\u0110\u01a1n v\u1ecb: mm<\/p>\n<table class=\"specTable\" width=\"100%\">\n<tbody>\n<tr>\n<th><\/th>\n<th>#200<\/th>\n<th>#400<\/th>\n<th>#600<\/th>\n<th>#800<\/th>\n<\/tr>\n<tr>\n<td>1 x 4 x 100<\/td>\n<td>SDS-1042<\/td>\n<td>SDS-1044<\/td>\n<td>SDS-1046<\/td>\n<td>SDS-1048<\/td>\n<\/tr>\n<tr>\n<td>1 x 6 x 100<\/td>\n<td>SDS-1062<\/td>\n<td>SDS-1064<\/td>\n<td>SDS-1066<\/td>\n<td>SDS-1068<\/td>\n<\/tr>\n<tr>\n<td>1 x 10 x 100<\/td>\n<td>SDS-1102<\/td>\n<td>SDS-1104<\/td>\n<td>SDS-1106<\/td>\n<td>SDS-1108<\/td>\n<\/tr>\n<tr>\n<td>\u00d83 x 100<\/td>\n<td>SDG-302<\/td>\n<td>SDG-304<\/td>\n<td>SDG-306<\/td>\n<td>SDG-308<\/td>\n<\/tr>\n<\/tbody>\n<\/table>\n<ul>\n<li><strong>C\u00e1c k\u00edch th\u01b0\u1edbc h\u1ea1t v\u00e0 k\u00edch th\u01b0\u1edbc kh\u00e1c c\u0169ng c\u00f3 s\u1eb5n theo y\u00eau c\u1ea7u. \u0110\u1ed1i v\u1edbi m\u1ed9t s\u1ed1 \u1ee9ng d\u1ee5ng \u0111\u1eb7c bi\u1ec7t, \u0110\u00e1 D\u1ea7u S\u1ee3i Bo Nitride c\u0169ng c\u00f3 th\u1ec3 \u0111\u01b0\u1ee3c t\u00f9y ch\u1ec9nh, vui l\u00f2ng cung c\u1ea5p t\u00ean c\u1ee7a b\u1ea1n \u0111\u1ec3 \u0111\u1eb7t h\u00e0ng. <\/strong><\/li>\n<\/ul>\n<p>C\u00f3 c\u00e2u h\u1ecfi n\u00e0o kh\u00f4ng? <a href=\"https:\/\/honwaygroup.com\/vi\/lien-he-voi-honway\/\">Li\u00ean h\u1ec7 HonWay<\/a><\/p>\n","protected":false},"excerpt":{"rendered":"<div id=\"desWrap\">\n<ul>\n<li>\u0110\u00e1 d\u1ea7u s\u1ee3i kim c\u01b0\u01a1ng \u0111\u01b0\u1ee3c t\u1ea1o th\u00e0nh b\u1eb1ng c\u00e1ch k\u1ebft h\u1ee3p h\u1ea1t m\u00e0i kim c\u01b0\u01a1ng v\u00e0 s\u1ee3i g\u1ed1m v\u1edbi nh\u1ef1a nhi\u1ec7t r\u1eafn. Nh\u1edd hi\u1ec7u qu\u1ea3 c\u1eaft v\u01b0\u1ee3t tr\u1ed9i c\u1ee7a kim c\u01b0\u01a1ng v\u00e0 \u0111\u1ed9 b\u1ec1n u\u1ed1n cao c\u1ee7a s\u1ee3i g\u1ed1m, s\u1ef1 k\u1ebft h\u1ee3p n\u00e0y l\u00e0 m\u1ed9t c\u00f4ng c\u1ee5 \u0111\u00e1nh b\u00f3ng ho\u00e0n h\u1ea3o. <\/li>\n<li>C\u00e1c h\u1ea1t m\u00e0i kim c\u01b0\u01a1ng \u0111\u01b0\u1ee3c ph\u00e2n b\u1ed1 \u0111\u1ec1u tr\u00ean s\u1ee3i g\u1ed1m \u0111\u1ec3 b\u1ea5t k\u1ef3 b\u1ec1 m\u1eb7t n\u00e0o c\u1ee7a Super Diamond c\u0169ng c\u00f3 th\u1ec3 \u0111\u01b0\u1ee3c m\u00e0i s\u1eafc v\u00e0 gia c\u00f4ng \u0111\u1ec1u, gi\u00fap gi\u1ea3m th\u1eddi gian gia c\u00f4ng ti\u1ebfp theo.<\/li>\n<\/ul>\n<h4><strong>\u0110\u1eb7c \u0111i\u1ec3m:<\/strong><\/h4>\n<ul>\n<li>\u0110\u00e1 d\u1ea7u s\u1ee3i th\u00f4ng th\u01b0\u1eddng ch\u1ec9 c\u00f3 th\u1ec3 \u0111\u01b0\u1ee3c s\u1eed d\u1ee5ng \u0111\u1ec3 m\u00e0i m\u1eb7t \u0111\u1ea7u, trong khi \u0111\u00e1 d\u1ea7u s\u1ee3i kim c\u01b0\u01a1ng c\u00f3 th\u1ec3 m\u00e0i tr\u00ean m\u1ecdi b\u1ec1 m\u1eb7t.<\/li>\n<li>So v\u1edbi \u0111\u00e1 kim c\u01b0\u01a1ng nh\u1ef1a, \u0111\u00e1 d\u1ea7u s\u1ee3i kim c\u01b0\u01a1ng c\u00f3 \u01b0u \u0111i\u1ec3m l\u00e0 kh\u1ea3 n\u0103ng c\u1eaft t\u1ed1t h\u01a1n, \u00edt b\u1ecb t\u1eafc ngh\u1ebdn v\u00e0 \u00edt b\u1ecb g\u00e3y h\u01a1n.<\/li>\n<li>M\u1ed9t s\u1ed1 v\u1eadt li\u1ec7u kh\u00f3 gia c\u00f4ng b\u1eb1ng \u0111\u00e1 d\u1ea7u s\u1ee3i th\u00f4ng th\u01b0\u1eddng hi\u1ec7n c\u00f3 th\u1ec3 \u0111\u01b0\u1ee3c c\u1eaft hi\u1ec7u qu\u1ea3 v\u1edbi \u0111\u00e1 d\u1ea7u s\u1ee3i kim c\u01b0\u01a1ng.<\/li>\n<li>\u0110\u00e1 d\u1ea7u s\u1ee3i kim c\u01b0\u01a1ng ph\u00f9 h\u1ee3p \u0111\u1ec3 gia c\u00f4ng t\u1ea5t c\u1ea3 c\u00e1c lo\u1ea1i th\u00e9p \u0111\u00e3 qua x\u1eed l\u00fd nhi\u1ec7t, carbide tungsten, g\u1ed1m v\u00e0 k\u00ednh.<\/li>\n<\/ul>\n<h5><strong><span style=\"color: #ff0000; font-size: 19.2px;\">\u25b2 <\/span><\/strong><strong><span style=\"color: #ff0000; font-size: 19.2px;\">\u0110\u01a1n h\u00e0ng l\u1edbn c\u00f3 th\u1ec3 \u0111\u01b0\u1ee3c h\u01b0\u1edfng \u01b0u \u0111\u00e3i gi\u1ea3m gi\u00e1, vui l\u00f2ng li\u00ean h\u1ec7 v\u1edbi b\u1ed9 ph\u1eadn ch\u0103m s\u00f3c kh\u00e1ch h\u00e0ng.<\/span><\/strong><\/h5>\n<h5><strong><span style=\"color: #ff0000; font-size: 19.2px;\">\u25b2<\/span><span style=\"color: #ff0000;\">\u0110\u01a1n \u0111\u1eb7t h\u00e0ng<\/span> t\u1eeb <span style=\"color: #ff0000; font-size: 19.2px;\">\u0110\u00e0i Loan<\/span> <span style=\"color: #ff0000; font-size: 19.2px;\">s\u1ebd \u0111\u01b0\u1ee3c giao trong kho\u1ea3ng 7-14 ng\u00e0y.<\/span><\/strong><\/h5>\n<h5><strong><span style=\"color: #ff0000; font-size: 19.2px;\">\u25b2<\/span><span style=\"color: #ff0000;\">\u0110\u01a1n h\u00e0ng qu\u1ed1c t\u1ebf s\u1ebd \u0111\u01b0\u1ee3c giao trong kho\u1ea3ng 7-14 ng\u00e0y. Th\u1eddi gian giao h\u00e0ng th\u1ef1c t\u1ebf ph\u1ee5 thu\u1ed9c v\u00e0o t\u00ecnh h\u00ecnh giao h\u00e0ng c\u1ee7a c\u00f4ng ty chuy\u1ec3n ph\u00e1t. <\/span><\/strong><\/h5>\n<\/div>\n","protected":false},"featured_media":84592,"template":"","meta":{"site-sidebar-layout":"default","site-content-layout":"default","ast-site-content-layout":"default","site-content-style":"default","site-sidebar-style":"default","ast-global-header-display":"","ast-banner-title-visibility":"","ast-main-header-display":"","ast-hfb-above-header-display":"","ast-hfb-below-header-display":"","ast-hfb-mobile-header-display":"","site-post-title":"","ast-breadcrumbs-content":"","ast-featured-img":"","footer-sml-layout":"","ast-disable-related-posts":"","theme-transparent-header-meta":"default","adv-header-id-meta":"","stick-header-meta":"default","header-above-stick-meta":"","header-main-stick-meta":"","header-below-stick-meta":"","astra-migrate-meta-layouts":"default","ast-page-background-enabled":"default","ast-page-background-meta":{"desktop":{"background-color":"var(--ast-global-color-5)","background-image":"","background-repeat":"repeat","background-position":"center center","background-size":"auto","background-attachment":"scroll","background-type":"","background-media":"","overlay-type":"","overlay-color":"","overlay-opacity":"","overlay-gradient":""},"tablet":{"background-color":"","background-image":"","background-repeat":"repeat","background-position":"center center","background-size":"auto","background-attachment":"scroll","background-type":"","background-media":"","overlay-type":"","overlay-color":"","overlay-opacity":"","overlay-gradient":""},"mobile":{"background-color":"","background-image":"","background-repeat":"repeat","background-position":"center center","background-size":"auto","background-attachment":"scroll","background-type":"","background-media":"","overlay-type":"","overlay-color":"","overlay-opacity":"","overlay-gradient":""}},"ast-content-background-meta":{"desktop":{"background-color":"var(--ast-global-color-4)","background-image":"","background-repeat":"repeat","background-position":"center center","background-size":"auto","background-attachment":"scroll","background-type":"","background-media":"","overlay-type":"","overlay-color":"","overlay-opacity":"","overlay-gradient":""},"tablet":{"background-color":"var(--ast-global-color-4)","background-image":"","background-repeat":"repeat","background-position":"center center","background-size":"auto","background-attachment":"scroll","background-type":"","background-media":"","overlay-type":"","overlay-color":"","overlay-opacity":"","overlay-gradient":""},"mobile":{"background-color":"var(--ast-global-color-4)","background-image":"","background-repeat":"repeat","background-position":"center center","background-size":"auto","background-attachment":"scroll","background-type":"","background-media":"","overlay-type":"","overlay-color":"","overlay-opacity":"","overlay-gradient":""}}},"product_brand":[],"product_cat":[4349,4374],"product_tag":[5071,5080],"class_list":{"0":"post-84591","1":"product","2":"type-product","3":"status-publish","4":"has-post-thumbnail","6":"product_cat-da-mai-soi-gom","7":"product_cat-vat-tu-phu-tro-mai-va-danh-bong","8":"product_tag-da-mai-kim-cuong","9":"product_tag-da-mai-soi-kim-cuong","10":"desktop-align-left","11":"tablet-align-left","12":"mobile-align-left","13":"ast-product-gallery-layout-horizontal-slider","14":"ast-product-gallery-with-no-image","15":"ast-product-single-variable","16":"ast-product-tabs-layout-horizontal","18":"first","19":"instock","20":"taxable","21":"shipping-taxable","22":"purchasable","23":"product-type-variable"},"_links":{"self":[{"href":"https:\/\/honwaygroup.com\/vi\/wp-json\/wp\/v2\/product\/84591","targetHints":{"allow":["GET"]}}],"collection":[{"href":"https:\/\/honwaygroup.com\/vi\/wp-json\/wp\/v2\/product"}],"about":[{"href":"https:\/\/honwaygroup.com\/vi\/wp-json\/wp\/v2\/types\/product"}],"version-history":[{"count":0,"href":"https:\/\/honwaygroup.com\/vi\/wp-json\/wp\/v2\/product\/84591\/revisions"}],"wp:featuredmedia":[{"embeddable":true,"href":"https:\/\/honwaygroup.com\/vi\/wp-json\/wp\/v2\/media\/84592"}],"wp:attachment":[{"href":"https:\/\/honwaygroup.com\/vi\/wp-json\/wp\/v2\/media?parent=84591"}],"wp:term":[{"taxonomy":"product_brand","embeddable":true,"href":"https:\/\/honwaygroup.com\/vi\/wp-json\/wp\/v2\/product_brand?post=84591"},{"taxonomy":"product_cat","embeddable":true,"href":"https:\/\/honwaygroup.com\/vi\/wp-json\/wp\/v2\/product_cat?post=84591"},{"taxonomy":"product_tag","embeddable":true,"href":"https:\/\/honwaygroup.com\/vi\/wp-json\/wp\/v2\/product_tag?post=84591"}],"curies":[{"name":"wp","href":"https:\/\/api.w.org\/{rel}","templated":true}]}}