{"id":84587,"date":"2016-02-28T17:52:13","date_gmt":"2016-02-28T09:52:13","guid":{"rendered":"https:\/\/honwaygroup.com\/product\/bot-kim-cuong-da-tinh-the-va-don-tinh-the\/"},"modified":"2025-11-18T10:25:26","modified_gmt":"2025-11-18T02:25:26","slug":"bot-kim-cuong-da-tinh-the-va-don-tinh-the","status":"publish","type":"product","link":"https:\/\/honwaygroup.com\/vi\/product\/bot-kim-cuong-da-tinh-the-va-don-tinh-the\/","title":{"rendered":"B\u1ed9t vi tinh th\u1ec3 Coban \u0111a tinh th\u1ec3 v\u00e0 \u0111\u01a1n tinh th\u1ec3"},"content":{"rendered":"<h3>B\u1ed9t vi tinh th\u1ec3 Coban \u0111a tinh th\u1ec3 v\u00e0 \u0111\u01a1n tinh th\u1ec3<\/h3>\n<figure id=\"attachment_84588\" aria-describedby=\"caption-attachment-84588\" style=\"width: 1810px\" class=\"wp-caption alignnone\"><a href=\"https:\/\/honwaygroup.com\/wp-content\/uploads\/2016\/02\/%E5%AE%8F%E5%B4%B4%E9%91%BD%E7%9F%B3%E7%A3%A8%E6%A3%92DM30-01.jpg\" rel=\"attachment wp-att-1564\"><img fetchpriority=\"high\" decoding=\"async\" class=\"wp-image-1564 size-full\" src=\"https:\/\/honwaygroup.com\/wp-content\/uploads\/2016\/02\/%E5%AE%8F%E5%B4%B4%E9%91%BD%E7%9F%B3%E7%A3%A8%E6%A3%92DM30-01-scaled.avif\" alt=\"B\u1ed9t vi tinh th\u1ec3 Coban \u0111a tinh th\u1ec3 v\u00e0 \u0111\u01a1n tinh th\u1ec3\" width=\"1810\" height=\"2560\"><\/a><figcaption id=\"caption-attachment-84588\" class=\"wp-caption-text\">\u0110\u00e1 m\u00e0i s\u1ee3i kim c\u01b0\u01a1ng, l\u00e1t kim c\u01b0\u01a1ng, kim kh\u1eafc kim c\u01b0\u01a1ng, ph\u01b0\u01a1ng ph\u00e1p g\u1ed1m, ph\u01b0\u01a1ng ph\u00e1p nh\u1ef1a, thanh m\u00e0i r\u1ed7, thanh m\u00e0i \u0111\u1ed9t, gi\u0169a, \u0111\u00e1 m\u00e0i kim c\u01b0\u01a1ng, thanh m\u00e0i nitrua bo, ph\u01b0\u01a1ng ph\u00e1p m\u1ea1 \u0111i\u1ec7n, ph\u01b0\u01a1ng ph\u00e1p m\u1ea1 \u0111i\u1ec7n, thanh m\u00e0i l\u1ed7 s\u00e2u, thanh m\u00e0i l\u1ed7 b\u00ean trong, thanh m\u00e0i g\u00f3c<\/figcaption><\/figure>\n<p>C\u00f3 b\u1ea5t k\u1ef3 th\u1eafc m\u1eafc n\u00e0o kh\u00f4ng? <a href=\"https:\/\/honwaygroup.com\/vi\/lien-he-voi-honway\/\">Li\u00ean h\u1ec7 v\u1edbi HonWay<\/a><\/p>\n","protected":false},"excerpt":{"rendered":"<h5>\u25b2 Vui l\u00f2ng nh\u1eafn tin ri\u00eang cho b\u1ed9 ph\u1eadn ch\u0103m s\u00f3c kh\u00e1ch h\u00e0ng \u0111\u1ec3 h\u1ecfi gi\u00e1: <a href=\"https:\/\/honwaygroup.com\/vi\/lien-he-voi-honway\/\">Li\u00ean h\u1ec7 HonWay.<\/a><\/h5>\n<h5><strong><span style=\"color: #ff0000;font-size: 19.2px\">\u25b2 \u0110\u1eb7t h\u00e0ng s\u1ed1 l\u01b0\u1ee3ng l\u1edbn c\u00f3 th\u1ec3 \u0111\u01b0\u1ee3c h\u01b0\u1edfng chi\u1ebft kh\u1ea5u \u01b0u \u0111\u00e3i, vui l\u00f2ng li\u00ean h\u1ec7 b\u1ed9 ph\u1eadn ch\u0103m s\u00f3c kh\u00e1ch h\u00e0ng \u0111\u1ec3 bi\u1ebft th\u00eam chi ti\u1ebft.<br \/>\n<\/span><\/strong><\/h5>\n<h5><strong><span style=\"color: #ff0000;font-size: 19.2px\">\u25b2<\/span> Th\u1eddi gian giao h\u00e0ng cho<span style=\"color: #ff0000\"> c\u00e1c \u0111\u01a1n \u0111\u1eb7t h\u00e0ng<\/span> <span style=\"color: #ff0000;font-size: 19.2px\">\u1edf \u0110\u00e0i Loan<\/span> <span style=\"color: #ff0000;font-size: 19.2px\">kho\u1ea3ng t\u1eeb 7-14 ng\u00e0y l\u00e0m vi\u1ec7c.<\/span><\/strong><\/h5>\n<h5><strong><span style=\"color: #ff0000;font-size: 19.2px\">\u25b2 <\/span><span style=\"color: #ff0000\">Th\u1eddi gian giao h\u00e0ng cho \u0111\u01a1n h\u00e0ng qu\u1ed1c t\u1ebf kho\u1ea3ng t\u1eeb 7-14 ng\u00e0y, th\u1eddi gian nh\u1eadn h\u00e0ng th\u1ef1c t\u1ebf ph\u1ee5 thu\u1ed9c v\u00e0o t\u00ecnh tr\u1ea1ng v\u1eadn chuy\u1ec3n c\u1ee7a c\u00f4ng ty chuy\u1ec3n ph\u00e1t nhanh.<\/span><\/strong><\/h5>\n","protected":false},"featured_media":84588,"template":"","meta":{"site-sidebar-layout":"default","site-content-layout":"default","ast-site-content-layout":"default","site-content-style":"default","site-sidebar-style":"default","ast-global-header-display":"","ast-banner-title-visibility":"","ast-main-header-display":"","ast-hfb-above-header-display":"","ast-hfb-below-header-display":"","ast-hfb-mobile-header-display":"","site-post-title":"","ast-breadcrumbs-content":"","ast-featured-img":"","footer-sml-layout":"","ast-disable-related-posts":"","theme-transparent-header-meta":"default","adv-header-id-meta":"","stick-header-meta":"default","header-above-stick-meta":"","header-main-stick-meta":"","header-below-stick-meta":"","astra-migrate-meta-layouts":"default","ast-page-background-enabled":"default","ast-page-background-meta":{"desktop":{"background-color":"var(--ast-global-color-5)","background-image":"","background-repeat":"repeat","background-position":"center center","background-size":"auto","background-attachment":"scroll","background-type":"","background-media":"","overlay-type":"","overlay-color":"","overlay-opacity":"","overlay-gradient":""},"tablet":{"background-color":"","background-image":"","background-repeat":"repeat","background-position":"center center","background-size":"auto","background-attachment":"scroll","background-type":"","background-media":"","overlay-type":"","overlay-color":"","overlay-opacity":"","overlay-gradient":""},"mobile":{"background-color":"","background-image":"","background-repeat":"repeat","background-position":"center center","background-size":"auto","background-attachment":"scroll","background-type":"","background-media":"","overlay-type":"","overlay-color":"","overlay-opacity":"","overlay-gradient":""}},"ast-content-background-meta":{"desktop":{"background-color":"var(--ast-global-color-4)","background-image":"","background-repeat":"repeat","background-position":"center center","background-size":"auto","background-attachment":"scroll","background-type":"","background-media":"","overlay-type":"","overlay-color":"","overlay-opacity":"","overlay-gradient":""},"tablet":{"background-color":"var(--ast-global-color-4)","background-image":"","background-repeat":"repeat","background-position":"center center","background-size":"auto","background-attachment":"scroll","background-type":"","background-media":"","overlay-type":"","overlay-color":"","overlay-opacity":"","overlay-gradient":""},"mobile":{"background-color":"var(--ast-global-color-4)","background-image":"","background-repeat":"repeat","background-position":"center center","background-size":"auto","background-attachment":"scroll","background-type":"","background-media":"","overlay-type":"","overlay-color":"","overlay-opacity":"","overlay-gradient":""}}},"product_brand":[],"product_cat":[4396],"product_tag":[5036,5071,5080,5057,5102,5089,5093,5104,4820,4968,4764,4783,4897,4938,4879],"class_list":{"0":"post-84587","1":"product","2":"type-product","3":"status-publish","4":"has-post-thumbnail","6":"product_cat-cong-cu-kim-cuong-vi","7":"product_tag-files-vi","8":"product_tag-da-mai-kim-cuong","9":"product_tag-da-mai-soi-kim-cuong","10":"product_tag-dia-cat-kim-cuong","11":"product_tag-huong-phap-ma-dien","12":"product_tag-mui-khac-kim-cuong","13":"product_tag-phuong-phap-gom-su","14":"product_tag-phuong-phap-ma-khuon-bang-dien","15":"product_tag-phuong-phap-nhua","16":"product_tag-thanh-mai-goc","17":"product_tag-thanh-mai-lo-ben-trong","18":"product_tag-thanh-mai-lo-sau","19":"product_tag-thanh-mai-lo-sau-vi-2","20":"product_tag-thanh-mai-lo-xuyen","21":"product_tag-thanh-mai-nitrua-bo","22":"desktop-align-left","23":"tablet-align-left","24":"mobile-align-left","25":"ast-product-gallery-layout-horizontal-slider","26":"ast-product-tabs-layout-horizontal","28":"first","29":"instock","30":"taxable","31":"shipping-taxable","32":"product-type-simple"},"_links":{"self":[{"href":"https:\/\/honwaygroup.com\/vi\/wp-json\/wp\/v2\/product\/84587","targetHints":{"allow":["GET"]}}],"collection":[{"href":"https:\/\/honwaygroup.com\/vi\/wp-json\/wp\/v2\/product"}],"about":[{"href":"https:\/\/honwaygroup.com\/vi\/wp-json\/wp\/v2\/types\/product"}],"version-history":[{"count":0,"href":"https:\/\/honwaygroup.com\/vi\/wp-json\/wp\/v2\/product\/84587\/revisions"}],"wp:featuredmedia":[{"embeddable":true,"href":"https:\/\/honwaygroup.com\/vi\/wp-json\/wp\/v2\/media\/84588"}],"wp:attachment":[{"href":"https:\/\/honwaygroup.com\/vi\/wp-json\/wp\/v2\/media?parent=84587"}],"wp:term":[{"taxonomy":"product_brand","embeddable":true,"href":"https:\/\/honwaygroup.com\/vi\/wp-json\/wp\/v2\/product_brand?post=84587"},{"taxonomy":"product_cat","embeddable":true,"href":"https:\/\/honwaygroup.com\/vi\/wp-json\/wp\/v2\/product_cat?post=84587"},{"taxonomy":"product_tag","embeddable":true,"href":"https:\/\/honwaygroup.com\/vi\/wp-json\/wp\/v2\/product_tag?post=84587"}],"curies":[{"name":"wp","href":"https:\/\/api.w.org\/{rel}","templated":true}]}}