{"id":84583,"date":"2016-02-28T17:58:52","date_gmt":"2016-02-28T09:58:52","guid":{"rendered":"https:\/\/honwaygroup.com\/product\/thanh-go-va-ban-chai-nau\/"},"modified":"2025-11-18T10:23:14","modified_gmt":"2025-11-18T02:23:14","slug":"thanh-go-va-ban-chai-nau","status":"publish","type":"product","link":"https:\/\/honwaygroup.com\/vi\/product\/thanh-go-va-ban-chai-nau\/","title":{"rendered":"Thanh g\u1ed7 (que g\u1ed7) v\u00e0 b\u00e0n ch\u1ea3i c\u1ecd"},"content":{"rendered":"<h3><strong>Thanh g\u1ed7 (que g\u1ed7) v\u00e0 b\u00e0n ch\u1ea3i c\u1ecd<\/strong><\/h3>\n<p>&nbsp;<\/p>\n<h4><strong>d\u1ea3i g\u1ed7<\/strong><\/h4>\n<p>&nbsp;<\/p>\n<p><a href=\"https:\/\/honwaygroup.com\/wp-content\/uploads\/2023\/07\/%E6%9C%A8%E6%A2%9D%E6%A3%92%E8%88%87%E6%A3%95%E5%88%B7_%E5%B7%A5%E4%BD%9C%E5%8D%80%E5%9F%9F-1-%E8%A4%87%E6%9C%AC-14.jpg\"><img decoding=\"async\" class=\"alignnone size-medium wp-image-26291\" src=\"https:\/\/honwaygroup.com\/wp-content\/uploads\/2023\/07\/%E6%9C%A8%E6%A2%9D%E6%A3%92%E8%88%87%E6%A3%95%E5%88%B7_%E5%B7%A5%E4%BD%9C%E5%8D%80%E5%9F%9F-1-%E8%A4%87%E6%9C%AC-14-300x73.jpg\" alt=\"Thanh g\u1ed7 (que) v\u00e0 b\u00e0n ch\u1ea3i l\u00f4ng_Thanh g\u1ed7 1\" width=\"300\" height=\"73\"><\/a><\/p>\n<p>\u0110\u01a1n v\u1ecb: mm<\/p>\n<table class=\"specTable\" width=\"100%\">\n<tbody>\n<tr>\n<th>s\u1ed1 seri<\/th>\n<th>AFW -01H<\/th>\n<th>AFW -02H<\/th>\n<th>AFW -03H<\/th>\n<th>AFW -04H<\/th>\n<\/tr>\n<tr>\n<td>\u00d8D<\/td>\n<td>\u00d83.2<\/td>\n<td>\u00d84.7<\/td>\n<td>\u00d86.4<\/td>\n<td>\u00d89.5<\/td>\n<\/tr>\n<\/tbody>\n<\/table>\n<p>&nbsp;<\/p>\n<p><a href=\"https:\/\/honwaygroup.com\/wp-content\/uploads\/2023\/07\/%E6%9C%A8%E6%A2%9D%E6%A3%92%E8%88%87%E6%A3%95%E5%88%B7_%E5%B7%A5%E4%BD%9C%E5%8D%80%E5%9F%9F-1-%E8%A4%87%E6%9C%AC-15.jpg\"><img decoding=\"async\" class=\"alignnone size-medium wp-image-26295\" src=\"https:\/\/honwaygroup.com\/wp-content\/uploads\/2023\/07\/%E6%9C%A8%E6%A2%9D%E6%A3%92%E8%88%87%E6%A3%95%E5%88%B7_%E5%B7%A5%E4%BD%9C%E5%8D%80%E5%9F%9F-1-%E8%A4%87%E6%9C%AC-15-300x84.jpg\" alt=\"Thanh g\u1ed7 (que) v\u00e0 b\u00e0n ch\u1ea3i l\u00f4ng_Thanh g\u1ed7 2\" width=\"300\" height=\"84\"><\/a><\/p>\n<p>\u0110\u01a1n v\u1ecb: mm<\/p>\n<table class=\"specTable\" width=\"100%\">\n<tbody>\n<tr>\n<th>s\u1ed1 seri<\/th>\n<th>AFW -05H<\/th>\n<th>AFW -06H<\/th>\n<th>AFW -07H<\/th>\n<th>AFW -08H<\/th>\n<\/tr>\n<tr>\n<td>T x W<\/td>\n<td>6.4 x 6.4<\/td>\n<td>3.2 x 6.4<\/td>\n<td>6.4 x 9.5<\/td>\n<td>6.4 x 12.7<\/td>\n<\/tr>\n<\/tbody>\n<\/table>\n<p>&nbsp;<\/p>\n<hr>\n<h4><strong>thanh g\u1ed7<\/strong><\/h4>\n<table class=\"specTable2 center\" width=\"100%\">\n<tbody>\n<tr>\n<td><a href=\"https:\/\/honwaygroup.com\/wp-content\/uploads\/2023\/07\/%E6%9C%A8%E6%A2%9D%E6%A3%92%E8%88%87%E6%A3%95%E5%88%B7_AFM-01.jpg\"><img decoding=\"async\" class=\"aligncenter wp-image-26311\" src=\"https:\/\/honwaygroup.com\/wp-content\/uploads\/2023\/07\/%E6%9C%A8%E6%A2%9D%E6%A3%92%E8%88%87%E6%A3%95%E5%88%B7_AFM-01-206x300.jpg\" alt=\"\" width=\"103\" height=\"150\"><\/a><\/td>\n<td><a href=\"https:\/\/honwaygroup.com\/wp-content\/uploads\/2023\/07\/%E6%9C%A8%E6%A2%9D%E6%A3%92%E8%88%87%E6%A3%95%E5%88%B7_AFM-02.jpg\"><img loading=\"lazy\" decoding=\"async\" class=\"aligncenter wp-image-26315\" src=\"https:\/\/honwaygroup.com\/wp-content\/uploads\/2023\/07\/%E6%9C%A8%E6%A2%9D%E6%A3%92%E8%88%87%E6%A3%95%E5%88%B7_AFM-02-206x300.jpg\" alt=\"\" width=\"103\" height=\"150\"><\/a><\/td>\n<td><a href=\"https:\/\/honwaygroup.com\/wp-content\/uploads\/2023\/07\/%E6%9C%A8%E6%A2%9D%E6%A3%92%E8%88%87%E6%A3%95%E5%88%B7_AFM-03.jpg\"><img loading=\"lazy\" decoding=\"async\" class=\"aligncenter wp-image-26319\" src=\"https:\/\/honwaygroup.com\/wp-content\/uploads\/2023\/07\/%E6%9C%A8%E6%A2%9D%E6%A3%92%E8%88%87%E6%A3%95%E5%88%B7_AFM-03-206x300.jpg\" alt=\"Thanh g\u1ed7 (que) v\u00e0 b\u00e0n ch\u1ea3i l\u00f4ng c\u1ee9ng_AFM-03\" width=\"103\" height=\"150\"><\/a><\/td>\n<td><a href=\"https:\/\/honwaygroup.com\/wp-content\/uploads\/2023\/07\/%E6%9C%A8%E6%A2%9D%E6%A3%92%E8%88%87%E6%A3%95%E5%88%B7_AFM-04.webp\"><img loading=\"lazy\" decoding=\"async\" class=\"aligncenter wp-image-26283\" src=\"https:\/\/honwaygroup.com\/wp-content\/uploads\/2023\/07\/%E6%9C%A8%E6%A2%9D%E6%A3%92%E8%88%87%E6%A3%95%E5%88%B7_AFM-04-206x300.webp\" alt=\"Thanh g\u1ed7 (que) v\u00e0 b\u00e0n ch\u1ea3i l\u00f4ng c\u1ee9ng_AFM-04\" width=\"103\" height=\"150\"><\/a><\/td>\n<td><a href=\"https:\/\/honwaygroup.com\/wp-content\/uploads\/2023\/07\/%E6%9C%A8%E6%A2%9D%E6%A3%92%E8%88%87%E6%A3%95%E5%88%B7_AFM-05.webp\"><img loading=\"lazy\" decoding=\"async\" class=\"aligncenter wp-image-26287\" src=\"https:\/\/honwaygroup.com\/wp-content\/uploads\/2023\/07\/%E6%9C%A8%E6%A2%9D%E6%A3%92%E8%88%87%E6%A3%95%E5%88%B7_AFM-05-206x300.webp\" alt=\"Thanh g\u1ed7 (que) v\u00e0 b\u00e0n ch\u1ea3i l\u00f4ng c\u1ee9ng_AFM-05\" width=\"103\" height=\"150\"><\/a><\/td>\n<\/tr>\n<tr>\n<th height=\"24\">AFM -01<\/th>\n<th height=\"24\">AFM -02<\/th>\n<th height=\"24\">AFM -03<\/th>\n<th height=\"24\">AFM -04<\/th>\n<th height=\"24\">AFM -05<\/th>\n<\/tr>\n<\/tbody>\n<\/table>\n<p>&nbsp;<\/p>\n<hr>\n<h4><strong>b\u00e0n ch\u1ea3i c\u1ecd<\/strong><\/h4>\n<p><a href=\"https:\/\/honwaygroup.com\/wp-content\/uploads\/2023\/07\/%E6%9C%A8%E6%A2%9D%E6%A3%92%E8%88%87%E6%A3%95%E5%88%B7_%E5%B7%A5%E4%BD%9C%E5%8D%80%E5%9F%9F-1-%E8%A4%87%E6%9C%AC-52.jpg\"><img loading=\"lazy\" decoding=\"async\" class=\"alignnone wp-image-26299\" src=\"https:\/\/honwaygroup.com\/wp-content\/uploads\/2023\/07\/%E6%9C%A8%E6%A2%9D%E6%A3%92%E8%88%87%E6%A3%95%E5%88%B7_%E5%B7%A5%E4%BD%9C%E5%8D%80%E5%9F%9F-1-%E8%A4%87%E6%9C%AC-52-206x300.jpg\" alt=\"Thanh g\u1ed7 (que) v\u00e0 ch\u1ed5i c\u1ecd_Ch\u1ed5i c\u1ecd1\" width=\"103\" height=\"150\"><\/a><\/p>\n<p>\u0110\u01a1n v\u1ecb: mm<\/p>\n<table class=\"specTable\" width=\"100%\">\n<tbody>\n<tr>\n<th>s\u1ed1 seri<\/th>\n<th>AFB -01<\/th>\n<th>AFB -02<\/th>\n<\/tr>\n<tr>\n<td>\u00d8D<\/td>\n<td>\u00d84.8<\/td>\n<td>\u00d86.4<\/td>\n<\/tr>\n<\/tbody>\n<\/table>\n<p><a href=\"https:\/\/honwaygroup.com\/wp-content\/uploads\/2023\/07\/%E6%9C%A8%E6%A2%9D%E6%A3%92%E8%88%87%E6%A3%95%E5%88%B7_%E5%B7%A5%E4%BD%9C%E5%8D%80%E5%9F%9F-1-%E8%A4%87%E6%9C%AC-53.jpg\"><img loading=\"lazy\" decoding=\"async\" class=\"alignnone wp-image-26303\" src=\"https:\/\/honwaygroup.com\/wp-content\/uploads\/2023\/07\/%E6%9C%A8%E6%A2%9D%E6%A3%92%E8%88%87%E6%A3%95%E5%88%B7_%E5%B7%A5%E4%BD%9C%E5%8D%80%E5%9F%9F-1-%E8%A4%87%E6%9C%AC-53-255x300.jpg\" alt=\"Thanh g\u1ed7 (que) v\u00e0 ch\u1ed5i c\u1ecd_Ch\u1ed5i c\u1ecd2\" width=\"128\" height=\"150\"><\/a><\/p>\n<p>\u0110\u01a1n v\u1ecb: mm<\/p>\n<table class=\"specTable\" width=\"100%\">\n<tbody>\n<tr>\n<th>AFB -03<\/th>\n<th>AFB -04<\/th>\n<\/tr>\n<tr>\n<td>\u00d819<\/td>\n<td>25.4<\/td>\n<\/tr>\n<\/tbody>\n<\/table>\n<p><a href=\"https:\/\/honwaygroup.com\/wp-content\/uploads\/2023\/07\/%E6%9C%A8%E6%A2%9D%E6%A3%92%E8%88%87%E6%A3%95%E5%88%B7_%E5%B7%A5%E4%BD%9C%E5%8D%80%E5%9F%9F-1-%E8%A4%87%E6%9C%AC-54.jpg\"><img loading=\"lazy\" decoding=\"async\" class=\"alignnone wp-image-26307\" src=\"https:\/\/honwaygroup.com\/wp-content\/uploads\/2023\/07\/%E6%9C%A8%E6%A2%9D%E6%A3%92%E8%88%87%E6%A3%95%E5%88%B7_%E5%B7%A5%E4%BD%9C%E5%8D%80%E5%9F%9F-1-%E8%A4%87%E6%9C%AC-54-206x300.jpg\" alt=\"Thanh g\u1ed7 (que) v\u00e0 ch\u1ed5i c\u1ecd_Ch\u1ed5i c\u1ecd3\" width=\"103\" height=\"150\"><\/a><\/p>\n<p>\u0110\u01a1n v\u1ecb: mm<\/p>\n<table class=\"specTable\" width=\"100%\">\n<tbody>\n<tr>\n<th>AFB -05<\/th>\n<th>AFB -06<\/th>\n<\/tr>\n<tr>\n<td>\u00d89\/16\u201d<\/td>\n<td>\u00d81\u201d<\/td>\n<\/tr>\n<\/tbody>\n<\/table>\n<p>C\u00f3 b\u1ea5t k\u1ef3 th\u1eafc m\u1eafc n\u00e0o kh\u00f4ng? <a href=\"https:\/\/honwaygroup.com\/vi\/lien-he-voi-honway\/\">Li\u00ean h\u1ec7 v\u1edbi HonWay<\/a><\/p>\n","protected":false},"excerpt":{"rendered":"<h5>\u25b2 Vui l\u00f2ng nh\u1eafn tin ri\u00eang cho b\u1ed9 ph\u1eadn ch\u0103m s\u00f3c kh\u00e1ch h\u00e0ng \u0111\u1ec3 h\u1ecfi gi\u00e1: <a href=\"https:\/\/honwaygroup.com\/vi\/lien-he-voi-honway\/\">Li\u00ean h\u1ec7 HonWay.<\/a><\/h5>\n<h5><span style=\"color: #ff0000\"><b>\u25b2N\u1ebfu c\u1ea7n k\u00edch th\u01b0\u1edbc t\u00f9y ch\u1ec9nh, vui l\u00f2ng li\u00ean h\u1ec7 b\u1ed9 ph\u1eadn ch\u0103m s\u00f3c kh\u00e1ch h\u00e0ng. Ng\u00e0y giao h\u00e0ng s\u1ebd ph\u1ee5 thu\u1ed9c v\u00e0o th\u1eddi gian \u0111\u01b0\u1ee3c th\u00f4ng b\u00e1o t\u1eeb b\u1ed9 ph\u1eadn n\u00e0y.<\/b><\/span><\/h5>\n<h5><span style=\"color: #ff0000\"><b>\u25b2 \u0110\u1eb7t h\u00e0ng s\u1ed1 l\u01b0\u1ee3ng l\u1edbn c\u00f3 th\u1ec3 \u0111\u01b0\u1ee3c h\u01b0\u1edfng chi\u1ebft kh\u1ea5u \u01b0u \u0111\u00e3i, vui l\u00f2ng li\u00ean h\u1ec7 b\u1ed9 ph\u1eadn ch\u0103m s\u00f3c kh\u00e1ch h\u00e0ng \u0111\u1ec3 bi\u1ebft th\u00eam chi ti\u1ebft.<\/b><\/span><\/h5>\n<h5><span style=\"color: #ff0000\"><b>\u25b2 Th\u1eddi gian giao h\u00e0ng cho c\u00e1c \u0111\u01a1n \u0111\u1eb7t h\u00e0ng \u1edf \u0110\u00e0i Loan kho\u1ea3ng t\u1eeb 7-14 ng\u00e0y l\u00e0m vi\u1ec7c.<\/b><\/span><\/h5>\n<h5><span style=\"color: #ff0000\"><b>\u25b2 Th\u1eddi gian giao h\u00e0ng cho \u0111\u01a1n h\u00e0ng qu\u1ed1c t\u1ebf kho\u1ea3ng t\u1eeb 7-14 ng\u00e0y, th\u1eddi gian nh\u1eadn h\u00e0ng th\u1ef1c t\u1ebf ph\u1ee5 thu\u1ed9c v\u00e0o t\u00ecnh tr\u1ea1ng v\u1eadn chuy\u1ec3n c\u1ee7a c\u00f4ng ty chuy\u1ec3n ph\u00e1t nhanh.<\/b><\/span><\/h5>\n","protected":false},"featured_media":84584,"template":"","meta":{"site-sidebar-layout":"default","site-content-layout":"default","ast-site-content-layout":"default","site-content-style":"default","site-sidebar-style":"default","ast-global-header-display":"","ast-banner-title-visibility":"","ast-main-header-display":"","ast-hfb-above-header-display":"","ast-hfb-below-header-display":"","ast-hfb-mobile-header-display":"","site-post-title":"","ast-breadcrumbs-content":"","ast-featured-img":"","footer-sml-layout":"","ast-disable-related-posts":"","theme-transparent-header-meta":"default","adv-header-id-meta":"","stick-header-meta":"default","header-above-stick-meta":"","header-main-stick-meta":"","header-below-stick-meta":"","astra-migrate-meta-layouts":"default","ast-page-background-enabled":"default","ast-page-background-meta":{"desktop":{"background-color":"var(--ast-global-color-5)","background-image":"","background-repeat":"repeat","background-position":"center center","background-size":"auto","background-attachment":"scroll","background-type":"","background-media":"","overlay-type":"","overlay-color":"","overlay-opacity":"","overlay-gradient":""},"tablet":{"background-color":"","background-image":"","background-repeat":"repeat","background-position":"center center","background-size":"auto","background-attachment":"scroll","background-type":"","background-media":"","overlay-type":"","overlay-color":"","overlay-opacity":"","overlay-gradient":""},"mobile":{"background-color":"","background-image":"","background-repeat":"repeat","background-position":"center center","background-size":"auto","background-attachment":"scroll","background-type":"","background-media":"","overlay-type":"","overlay-color":"","overlay-opacity":"","overlay-gradient":""}},"ast-content-background-meta":{"desktop":{"background-color":"var(--ast-global-color-4)","background-image":"","background-repeat":"repeat","background-position":"center center","background-size":"auto","background-attachment":"scroll","background-type":"","background-media":"","overlay-type":"","overlay-color":"","overlay-opacity":"","overlay-gradient":""},"tablet":{"background-color":"var(--ast-global-color-4)","background-image":"","background-repeat":"repeat","background-position":"center center","background-size":"auto","background-attachment":"scroll","background-type":"","background-media":"","overlay-type":"","overlay-color":"","overlay-opacity":"","overlay-gradient":""},"mobile":{"background-color":"var(--ast-global-color-4)","background-image":"","background-repeat":"repeat","background-position":"center center","background-size":"auto","background-attachment":"scroll","background-type":"","background-media":"","overlay-type":"","overlay-color":"","overlay-opacity":"","overlay-gradient":""}}},"product_brand":[],"product_cat":[4374,4346],"product_tag":[4814,4811],"class_list":{"0":"post-84583","1":"product","2":"type-product","3":"status-publish","4":"has-post-thumbnail","6":"product_cat-vat-tu-phu-tro-mai-va-danh-bong","7":"product_cat-thanh-go-que-va-ban-chai-co","8":"product_tag-ban-chai-long-co","9":"product_tag-thanh-go","10":"desktop-align-left","11":"tablet-align-left","12":"mobile-align-left","13":"ast-product-gallery-layout-horizontal-slider","14":"ast-product-tabs-layout-horizontal","16":"first","17":"instock","18":"taxable","19":"shipping-taxable","20":"product-type-simple"},"_links":{"self":[{"href":"https:\/\/honwaygroup.com\/vi\/wp-json\/wp\/v2\/product\/84583","targetHints":{"allow":["GET"]}}],"collection":[{"href":"https:\/\/honwaygroup.com\/vi\/wp-json\/wp\/v2\/product"}],"about":[{"href":"https:\/\/honwaygroup.com\/vi\/wp-json\/wp\/v2\/types\/product"}],"version-history":[{"count":0,"href":"https:\/\/honwaygroup.com\/vi\/wp-json\/wp\/v2\/product\/84583\/revisions"}],"wp:featuredmedia":[{"embeddable":true,"href":"https:\/\/honwaygroup.com\/vi\/wp-json\/wp\/v2\/media\/84584"}],"wp:attachment":[{"href":"https:\/\/honwaygroup.com\/vi\/wp-json\/wp\/v2\/media?parent=84583"}],"wp:term":[{"taxonomy":"product_brand","embeddable":true,"href":"https:\/\/honwaygroup.com\/vi\/wp-json\/wp\/v2\/product_brand?post=84583"},{"taxonomy":"product_cat","embeddable":true,"href":"https:\/\/honwaygroup.com\/vi\/wp-json\/wp\/v2\/product_cat?post=84583"},{"taxonomy":"product_tag","embeddable":true,"href":"https:\/\/honwaygroup.com\/vi\/wp-json\/wp\/v2\/product_tag?post=84583"}],"curies":[{"name":"wp","href":"https:\/\/api.w.org\/{rel}","templated":true}]}}