{"id":84581,"date":"2016-02-28T18:01:44","date_gmt":"2016-02-28T10:01:44","guid":{"rendered":"https:\/\/honwaygroup.com\/product\/ban-chai-kim-cuong-banh-xe-kim-cuong\/"},"modified":"2016-02-28T18:01:44","modified_gmt":"2016-02-28T10:01:44","slug":"ban-chai-kim-cuong-banh-xe-kim-cuong","status":"publish","type":"product","link":"https:\/\/honwaygroup.com\/vi\/product\/ban-chai-kim-cuong-banh-xe-kim-cuong\/","title":{"rendered":"B\u00e0n Ch\u1ea3i Kim C\u01b0\u01a1ng &amp; B\u00e1nh Xe Kim C\u01b0\u01a1ng"},"content":{"rendered":"<h3>B\u00e0n Ch\u1ea3i Kim C\u01b0\u01a1ng &amp; B\u00e1nh Xe Kim C\u01b0\u01a1ng<\/h3>\n<p>B\u00e0n Ch\u1ea3i Kim C\u01b0\u01a1ng &amp; B\u00e1nh Xe Kim C\u01b0\u01a1ng ph\u00f9 h\u1ee3p \u0111\u1ec3 m\u00e0i v\u00e0 \u0111\u00e1nh b\u00f3ng k\u00ednh sapphire, \u0111\u00e1 qu\u00fd, c\u0169ng nh\u01b0 \u0111\u00e1nh b\u00f3ng g\u1edd <a href=\"https:\/\/zh.m.wikipedia.org\/zh-tw\/%E5%85%89%E5%AD%A6%E7%8E%BB%E7%92%83\" rel=\"nofollow noopener\" target=\"_blank\">k\u00ednh xanh quang h\u1ecdc.<\/a><\/p>\n<figure id=\"attachment_16867\" aria-describedby=\"caption-attachment-16867\" style=\"width: 2480px\" class=\"wp-caption alignnone\"><a href=\"https:\/\/honwaygroup.com\/wp-content\/uploads\/2016\/02\/%E5%AE%8F%E5%B4%B4%E9%91%BD%E7%9F%B3%E7%A3%A8%E6%A3%92DM33-01.jpg\" rel=\"attachment wp-att-1567\"><img fetchpriority=\"high\" decoding=\"async\" class=\"wp-image-1567 size-full\" src=\"https:\/\/honwaygroup.com\/wp-content\/uploads\/2016\/02\/%E5%AE%8F%E5%B4%B4%E9%91%BD%E7%9F%B3%E7%A3%A8%E6%A3%92DM33-01.jpg\" alt=\"B\u00e0n Ch\u1ea3i Kim C\u01b0\u01a1ng &amp; B\u00e1nh Xe Kim C\u01b0\u01a1ng\" width=\"2480\" height=\"3508\"><\/a><figcaption id=\"caption-attachment-16867\" class=\"wp-caption-text\">B\u00e0n Ch\u1ea3i N\u00e2u,Thanh G\u1ed7,\u0110\u00e1 D\u1ea7u S\u1ee3i Kim C\u01b0\u01a1ng,C\u1eaft Kim C\u01b0\u01a1ng,Kim Kh\u1eafc Kim C\u01b0\u01a1ng,Ph\u01b0\u01a1ng Ph\u00e1p G\u1ed1m,Ph\u01b0\u01a1ng Ph\u00e1p Nh\u1ef1a,Thanh M\u00e0i Ao,Thanh \u0110\u1ee5c,Gi\u0169a,\u0110\u00e1 D\u1ea7u Kim C\u01b0\u01a1ng,Thanh M\u00e0i Bo Nitride,Ph\u01b0\u01a1ng Ph\u00e1p \u0110i\u1ec7n H\u00f3a,Ph\u01b0\u01a1ng Ph\u00e1p M\u1ea1<\/figcaption><\/figure>\n<p>C\u00f3 c\u00e2u h\u1ecfi n\u00e0o kh\u00f4ng? <a href=\"https:\/\/honwaygroup.com\/vi\/lien-he-voi-honway\/\">Li\u00ean h\u1ec7 HonWay<\/a><\/p>\n","protected":false},"excerpt":{"rendered":"<p>B\u00e0n Ch\u1ea3i N\u00e2u,Thanh G\u1ed7,\u0110\u00e1 D\u1ea7u S\u1ee3i Kim C\u01b0\u01a1ng,C\u1eaft Kim C\u01b0\u01a1ng,Kim Kh\u1eafc Kim C\u01b0\u01a1ng,Ph\u01b0\u01a1ng Ph\u00e1p G\u1ed1m,Ph\u01b0\u01a1ng Ph\u00e1p Nh\u1ef1a,Thanh M\u00e0i Ao,Thanh \u0110\u1ee5c,Gi\u0169a,\u0110\u00e1 D\u1ea7u Kim C\u01b0\u01a1ng,Thanh M\u00e0i Bo Nitride,Ph\u01b0\u01a1ng Ph\u00e1p \u0110i\u1ec7n H\u00f3a,Ph\u01b0\u01a1ng Ph\u00e1p M\u1ea1<\/p>\n<h5><span style=\"color: #ff0000;\"><b>\u25b2 \u0110\u1ed1i v\u1edbi k\u00edch th\u01b0\u1edbc t\u00f9y ch\u1ec9nh, vui l\u00f2ng li\u00ean h\u1ec7 v\u1edbi b\u1ed9 ph\u1eadn ch\u0103m s\u00f3c kh\u00e1ch h\u00e0ng.<\/b><\/span><\/h5>\n<h5><span style=\"color: #ff0000;\"><b>\u25b2 Ch\u00e0o m\u1eebng qu\u00fd kh\u00e1ch nh\u1eafn tin cho b\u1ed9 ph\u1eadn ch\u0103m s\u00f3c kh\u00e1ch h\u00e0ng \u0111\u1ec3 h\u1ecfi gi\u00e1.<\/b><\/span><\/h5>\n<h5><span style=\"color: #ff0000;\"><b>\u25b2 \u0110\u01a1n h\u00e0ng l\u1edbn c\u00f3 th\u1ec3 \u0111\u01b0\u1ee3c h\u01b0\u1edfng \u01b0u \u0111\u00e3i gi\u1ea3m gi\u00e1, vui l\u00f2ng li\u00ean h\u1ec7 v\u1edbi b\u1ed9 ph\u1eadn ch\u0103m s\u00f3c kh\u00e1ch h\u00e0ng.<\/b><\/span><\/h5>\n<h5><span style=\"color: #ff0000;\"><b>\u25b2Vui l\u00f2ng li\u00ean h\u1ec7 b\u1ed9 ph\u1eadn ch\u0103m s\u00f3c kh\u00e1ch h\u00e0ng \u0111\u1ec3 bi\u1ebft ng\u00e0y giao h\u00e0ng:<\/b><\/span><a href=\"https:\/\/honwaygroup.com\/vi\/lien-he-voi-honway\/\"><b> Li\u00ean h\u1ec7 Honway.<\/b><\/a><\/h5>\n","protected":false},"featured_media":84582,"template":"","meta":{"site-sidebar-layout":"default","site-content-layout":"default","ast-site-content-layout":"default","site-content-style":"default","site-sidebar-style":"default","ast-global-header-display":"","ast-banner-title-visibility":"","ast-main-header-display":"","ast-hfb-above-header-display":"","ast-hfb-below-header-display":"","ast-hfb-mobile-header-display":"","site-post-title":"","ast-breadcrumbs-content":"","ast-featured-img":"","footer-sml-layout":"","ast-disable-related-posts":"","theme-transparent-header-meta":"default","adv-header-id-meta":"","stick-header-meta":"default","header-above-stick-meta":"","header-main-stick-meta":"","header-below-stick-meta":"","astra-migrate-meta-layouts":"default","ast-page-background-enabled":"default","ast-page-background-meta":{"desktop":{"background-color":"var(--ast-global-color-5)","background-image":"","background-repeat":"repeat","background-position":"center center","background-size":"auto","background-attachment":"scroll","background-type":"","background-media":"","overlay-type":"","overlay-color":"","overlay-opacity":"","overlay-gradient":""},"tablet":{"background-color":"","background-image":"","background-repeat":"repeat","background-position":"center center","background-size":"auto","background-attachment":"scroll","background-type":"","background-media":"","overlay-type":"","overlay-color":"","overlay-opacity":"","overlay-gradient":""},"mobile":{"background-color":"","background-image":"","background-repeat":"repeat","background-position":"center center","background-size":"auto","background-attachment":"scroll","background-type":"","background-media":"","overlay-type":"","overlay-color":"","overlay-opacity":"","overlay-gradient":""}},"ast-content-background-meta":{"desktop":{"background-color":"var(--ast-global-color-4)","background-image":"","background-repeat":"repeat","background-position":"center center","background-size":"auto","background-attachment":"scroll","background-type":"","background-media":"","overlay-type":"","overlay-color":"","overlay-opacity":"","overlay-gradient":""},"tablet":{"background-color":"var(--ast-global-color-4)","background-image":"","background-repeat":"repeat","background-position":"center center","background-size":"auto","background-attachment":"scroll","background-type":"","background-media":"","overlay-type":"","overlay-color":"","overlay-opacity":"","overlay-gradient":""},"mobile":{"background-color":"var(--ast-global-color-4)","background-image":"","background-repeat":"repeat","background-position":"center center","background-size":"auto","background-attachment":"scroll","background-type":"","background-media":"","overlay-type":"","overlay-color":"","overlay-opacity":"","overlay-gradient":""}}},"product_brand":[],"product_cat":[4396],"product_tag":[4814,5036,5071,5080,5057,5102,5089,5093,5104,4820,4811,4783,4938,4879],"class_list":{"0":"post-84581","1":"product","2":"type-product","3":"status-publish","4":"has-post-thumbnail","6":"product_cat-cong-cu-kim-cuong-vi","7":"product_tag-ban-chai-long-co","8":"product_tag-files-vi","9":"product_tag-da-mai-kim-cuong","10":"product_tag-da-mai-soi-kim-cuong","11":"product_tag-dia-cat-kim-cuong","12":"product_tag-huong-phap-ma-dien","13":"product_tag-mui-khac-kim-cuong","14":"product_tag-phuong-phap-gom-su","15":"product_tag-phuong-phap-ma-khuon-bang-dien","16":"product_tag-phuong-phap-nhua","17":"product_tag-thanh-go","18":"product_tag-thanh-mai-lo-sau","19":"product_tag-thanh-mai-lo-xuyen","20":"product_tag-thanh-mai-nitrua-bo","21":"desktop-align-left","22":"tablet-align-left","23":"mobile-align-left","24":"ast-product-gallery-layout-horizontal-slider","25":"ast-product-gallery-with-no-image","26":"ast-product-tabs-layout-horizontal","28":"first","29":"instock","30":"taxable","31":"shipping-taxable","32":"product-type-simple"},"_links":{"self":[{"href":"https:\/\/honwaygroup.com\/vi\/wp-json\/wp\/v2\/product\/84581","targetHints":{"allow":["GET"]}}],"collection":[{"href":"https:\/\/honwaygroup.com\/vi\/wp-json\/wp\/v2\/product"}],"about":[{"href":"https:\/\/honwaygroup.com\/vi\/wp-json\/wp\/v2\/types\/product"}],"version-history":[{"count":0,"href":"https:\/\/honwaygroup.com\/vi\/wp-json\/wp\/v2\/product\/84581\/revisions"}],"wp:featuredmedia":[{"embeddable":true,"href":"https:\/\/honwaygroup.com\/vi\/wp-json\/wp\/v2\/media\/84582"}],"wp:attachment":[{"href":"https:\/\/honwaygroup.com\/vi\/wp-json\/wp\/v2\/media?parent=84581"}],"wp:term":[{"taxonomy":"product_brand","embeddable":true,"href":"https:\/\/honwaygroup.com\/vi\/wp-json\/wp\/v2\/product_brand?post=84581"},{"taxonomy":"product_cat","embeddable":true,"href":"https:\/\/honwaygroup.com\/vi\/wp-json\/wp\/v2\/product_cat?post=84581"},{"taxonomy":"product_tag","embeddable":true,"href":"https:\/\/honwaygroup.com\/vi\/wp-json\/wp\/v2\/product_tag?post=84581"}],"curies":[{"name":"wp","href":"https:\/\/api.w.org\/{rel}","templated":true}]}}