{"id":84549,"date":"2016-02-28T18:57:22","date_gmt":"2016-02-28T10:57:22","guid":{"rendered":"https:\/\/honwaygroup.com\/product\/da-dau-soi-sieu-cap\/"},"modified":"2025-11-17T13:59:10","modified_gmt":"2025-11-17T05:59:10","slug":"da-dau-soi-sieu-cap","status":"publish","type":"product","link":"https:\/\/honwaygroup.com\/vi\/product\/da-dau-soi-sieu-cap\/","title":{"rendered":"\u0110\u00e1 d\u1ea7u si\u00eau s\u1ee3i"},"content":{"rendered":"<div class=\"resCol6\" align=\"center\">\n<h3 style=\"text-align: left;\"><strong>\u0110\u00e1 d\u1ea7u si\u00eau s\u1ee3i<\/strong><\/h3>\n<p style=\"text-align: left;\">\u0110\u00e1 m\u00e0i d\u1ea7u Superfiber \u0111\u01b0\u1ee3c l\u00e0m t\u1eeb <a href=\"https:\/\/baike.baidu.hk\/item\/%E9%99%B6%E7%93%B7%E7%BA%96%E7%B6%AD\/6144010\" rel=\"nofollow noopener\" target=\"_blank\">s\u1ee3i g\u1ed1m<\/a> \u0111\u01b0\u1ee3c l\u1ef1a ch\u1ecdn c\u1ea9n th\u1eadn b\u1eb1ng v\u1eadt li\u1ec7u li\u00ean k\u1ebft v\u00e0 ph\u01b0\u01a1ng ph\u00e1p s\u1ea3n xu\u1ea5t \u0111\u1ed9c \u0111\u00e1o, mang l\u1ea1i \u0111\u1ed9 b\u1ec1n u\u1ed1n t\u1ed1t h\u01a1n v\u00e0 l\u00e0m cho \u0111\u00e1 m\u00e0i d\u1ea7u \u00edt b\u1ecb v\u1ee1 h\u01a1n.<\/p>\n<p><a href=\"https:\/\/honwaygroup.com\/wp-content\/uploads\/2023\/07\/%E8%B6%85%E7%B4%9A%E7%BA%96%E7%B6%AD%E6%B2%B9%E7%9F%B3_%E5%B7%A5%E4%BD%9C%E5%8D%80%E5%9F%9F-1-%E8%A4%87%E6%9C%AC-11-e1689127157574.webp\"><img decoding=\"async\" class=\"alignnone wp-image-25678 size-medium\" src=\"https:\/\/honwaygroup.com\/wp-content\/uploads\/2023\/07\/%E8%B6%85%E7%B4%9A%E7%BA%96%E7%B6%AD%E6%B2%B9%E7%9F%B3_%E5%B7%A5%E4%BD%9C%E5%8D%80%E5%9F%9F-1-%E8%A4%87%E6%9C%AC-11-e1689127157574-300x102.webp\" alt=\"\u0110\u00e1 m\u00e0i d\u1ea7u si\u00eau s\u1ee3i - h\u00ecnh tr\u1ee5\" width=\"300\" height=\"102\"><\/a><\/p>\n<h5><strong>H\u00ecnh tr\u1ee5<\/strong><\/h5>\n<\/div>\n<div class=\"resCol6\" align=\"center\">\n<p><a href=\"https:\/\/honwaygroup.com\/wp-content\/uploads\/2023\/07\/%E8%B6%85%E7%B4%9A%E7%BA%96%E7%B6%AD%E6%B2%B9%E7%9F%B3_%E5%B7%A5%E4%BD%9C%E5%8D%80%E5%9F%9F-1-%E8%A4%87%E6%9C%AC-12-e1689127298935.webp\"><img decoding=\"async\" class=\"alignnone size-medium wp-image-25682\" src=\"https:\/\/honwaygroup.com\/wp-content\/uploads\/2023\/07\/%E8%B6%85%E7%B4%9A%E7%BA%96%E7%B6%AD%E6%B2%B9%E7%9F%B3_%E5%B7%A5%E4%BD%9C%E5%8D%80%E5%9F%9F-1-%E8%A4%87%E6%9C%AC-12-e1689127298935-300x105.webp\" alt=\"\u0110\u00e1 m\u00e0i d\u1ea7u Superfiber - lo\u1ea1i ph\u1eb3ng\" width=\"300\" height=\"105\"><\/a><\/p>\n<h5><strong>ph\u1eb3ng<\/strong><\/h5>\n<\/div>\n<h3><strong><br \/>\nK\u00edch th\u01b0\u1edbc v\u00e0 m\u00e0u s\u1eafc h\u1ea1t<\/strong><\/h3>\n<table>\n<tbody>\n<tr>\n<td style=\"text-align: center;\"><strong>K\u00edch th\u01b0\u1edbc h\u1ea1t<\/strong><\/td>\n<td>\n<p style=\"text-align: center;\"><strong>#150<\/strong><\/p>\n<\/td>\n<td>\n<p style=\"text-align: center;\"><strong>#180<\/strong><\/p>\n<\/td>\n<td>\n<p style=\"text-align: center;\"><strong>#250<\/strong><\/p>\n<\/td>\n<td>\n<p style=\"text-align: center;\"><strong>#320<\/strong><\/p>\n<\/td>\n<td>\n<p style=\"text-align: center;\"><strong>#400<\/strong><\/p>\n<\/td>\n<td>\n<p style=\"text-align: center;\"><strong>#700<\/strong><\/p>\n<\/td>\n<td>\n<p style=\"text-align: center;\"><strong>#1000<\/strong><\/p>\n<\/td>\n<td>\n<p style=\"text-align: center;\"><strong>#1200<\/strong><\/p>\n<\/td>\n<\/tr>\n<tr>\n<td><strong>Ch\u1ec9 ra<\/strong> <strong>m\u00e0u s\u1eafc<\/strong><\/td>\n<td>\n<p style=\"text-align: center;\"><strong><a href=\"https:\/\/honwaygroup.com\/wp-content\/uploads\/2016\/02\/%E8%B6%85%E7%B4%9A%E7%BA%96%E7%B6%AD%E6%B2%B9%E7%9F%B3_%E7%B4%AB_%E5%B7%A5%E4%BD%9C%E5%8D%80%E5%9F%9F-1.avif\"><img decoding=\"async\" class=\"alignnone wp-image-107217\" src=\"https:\/\/honwaygroup.com\/wp-content\/uploads\/2016\/02\/%E8%B6%85%E7%B4%9A%E7%BA%96%E7%B6%AD%E6%B2%B9%E7%9F%B3_%E7%B4%AB_%E5%B7%A5%E4%BD%9C%E5%8D%80%E5%9F%9F-1.avif\" alt=\"\" width=\"100\" height=\"86\"><\/a><\/strong><\/p>\n<p style=\"text-align: center;\"><strong>M\u00e0u t\u00edm<\/strong><\/p>\n<\/td>\n<td>\n<p style=\"text-align: center;\"><strong><a href=\"https:\/\/honwaygroup.com\/wp-content\/uploads\/2016\/02\/%E8%B6%85%E7%B4%9A%E7%BA%96%E7%B6%AD%E6%B2%B9%E7%9F%B3_%E5%B7%A5%E4%BD%9C%E5%8D%80%E5%9F%9F-1-%E8%A4%87%E6%9C%AC-5.avif\"><img loading=\"lazy\" decoding=\"async\" class=\"alignnone wp-image-107168\" src=\"https:\/\/honwaygroup.com\/wp-content\/uploads\/2016\/02\/%E8%B6%85%E7%B4%9A%E7%BA%96%E7%B6%AD%E6%B2%B9%E7%9F%B3_%E5%B7%A5%E4%BD%9C%E5%8D%80%E5%9F%9F-1-%E8%A4%87%E6%9C%AC-5.avif\" alt=\"\" width=\"100\" height=\"86\"><\/a><\/strong><\/p>\n<p style=\"text-align: center;\"><strong>m\u00e0u n\u00e2u c\u00e0 ph\u00ea<\/strong><\/p>\n<\/td>\n<td>\n<p style=\"text-align: center;\"><strong><a href=\"https:\/\/honwaygroup.com\/wp-content\/uploads\/2016\/02\/%E8%B6%85%E7%B4%9A%E7%BA%96%E7%B6%AD%E6%B2%B9%E7%9F%B3_%E5%B7%A5%E4%BD%9C%E5%8D%80%E5%9F%9F-1-%E8%A4%87%E6%9C%AC-6.avif\"><img loading=\"lazy\" decoding=\"async\" class=\"alignnone wp-image-107177\" src=\"https:\/\/honwaygroup.com\/wp-content\/uploads\/2016\/02\/%E8%B6%85%E7%B4%9A%E7%BA%96%E7%B6%AD%E6%B2%B9%E7%9F%B3_%E5%B7%A5%E4%BD%9C%E5%8D%80%E5%9F%9F-1-%E8%A4%87%E6%9C%AC-6.avif\" alt=\"\" width=\"100\" height=\"86\"><\/a><\/strong><\/p>\n<p style=\"text-align: center;\"><strong>m\u00e0u cam<\/strong><\/p>\n<\/td>\n<td>\n<p style=\"text-align: center;\"><strong><a href=\"https:\/\/honwaygroup.com\/wp-content\/uploads\/2016\/02\/%E8%B6%85%E7%B4%9A%E7%BA%96%E7%B6%AD%E6%B2%B9%E7%9F%B3_%E5%B7%A5%E4%BD%9C%E5%8D%80%E5%9F%9F-1-%E8%A4%87%E6%9C%AC-8.avif\"><img loading=\"lazy\" decoding=\"async\" class=\"alignnone wp-image-107186\" src=\"https:\/\/honwaygroup.com\/wp-content\/uploads\/2016\/02\/%E8%B6%85%E7%B4%9A%E7%BA%96%E7%B6%AD%E6%B2%B9%E7%9F%B3_%E5%B7%A5%E4%BD%9C%E5%8D%80%E5%9F%9F-1-%E8%A4%87%E6%9C%AC-8.avif\" alt=\"\" width=\"100\" height=\"86\"><\/a><\/strong><\/p>\n<p style=\"text-align: center;\"><strong>x\u00e1m<\/strong><\/p>\n<\/td>\n<td>\n<p style=\"text-align: center;\"><strong><a href=\"https:\/\/honwaygroup.com\/wp-content\/uploads\/2016\/02\/%E8%B6%85%E7%B4%9A%E7%BA%96%E7%B6%AD%E6%B2%B9%E7%9F%B3_%E5%B7%A5%E4%BD%9C%E5%8D%80%E5%9F%9F-1-%E8%A4%87%E6%9C%AC-9.avif\"><img loading=\"lazy\" decoding=\"async\" class=\"alignnone wp-image-107195\" src=\"https:\/\/honwaygroup.com\/wp-content\/uploads\/2016\/02\/%E8%B6%85%E7%B4%9A%E7%BA%96%E7%B6%AD%E6%B2%B9%E7%9F%B3_%E5%B7%A5%E4%BD%9C%E5%8D%80%E5%9F%9F-1-%E8%A4%87%E6%9C%AC-9.avif\" alt=\"\" width=\"100\" height=\"86\"><\/a><\/strong><\/p>\n<p style=\"text-align: center;\"><strong>m\u00e0u xanh da tr\u1eddi<\/strong><\/p>\n<\/td>\n<td>\n<p style=\"text-align: center;\"><strong><a href=\"https:\/\/honwaygroup.com\/wp-content\/uploads\/2016\/02\/%E8%B6%85%E7%B4%9A%E7%BA%96%E7%B6%AD%E6%B2%B9%E7%9F%B3_%E5%B7%A5%E4%BD%9C%E5%8D%80%E5%9F%9F-1-%E8%A4%87%E6%9C%AC-10.avif\"><img loading=\"lazy\" decoding=\"async\" class=\"alignnone wp-image-107159\" src=\"https:\/\/honwaygroup.com\/wp-content\/uploads\/2016\/02\/%E8%B6%85%E7%B4%9A%E7%BA%96%E7%B6%AD%E6%B2%B9%E7%9F%B3_%E5%B7%A5%E4%BD%9C%E5%8D%80%E5%9F%9F-1-%E8%A4%87%E6%9C%AC-10.avif\" alt=\"\" width=\"100\" height=\"86\"><\/a><\/strong><\/p>\n<p style=\"text-align: center;\"><strong>m\u00e0u v\u00e0ng<\/strong><\/p>\n<\/td>\n<td>\n<p style=\"text-align: center;\"><strong><a href=\"https:\/\/honwaygroup.com\/wp-content\/uploads\/2023\/07\/%E8%B6%85%E7%B4%9A%E7%BA%96%E7%B6%AD%E6%B2%B9%E7%9F%B3_%E5%B7%A5%E4%BD%9C%E5%8D%80%E5%9F%9F-1-%E8%A4%87%E6%9C%AC-21.webp\"><img loading=\"lazy\" decoding=\"async\" class=\"alignnone wp-image-25686\" src=\"https:\/\/honwaygroup.com\/wp-content\/uploads\/2023\/07\/%E8%B6%85%E7%B4%9A%E7%BA%96%E7%B6%AD%E6%B2%B9%E7%9F%B3_%E5%B7%A5%E4%BD%9C%E5%8D%80%E5%9F%9F-1-%E8%A4%87%E6%9C%AC-21.webp\" alt=\"\u0110\u00e1 d\u1ea7u Superfiber - tr\u1eafng\" width=\"100\" height=\"86\"><\/a><\/strong><\/p>\n<p style=\"text-align: center;\"><strong>Tr\u1eafng<\/strong><\/p>\n<\/td>\n<td>\n<p style=\"text-align: center;\"><strong><a href=\"https:\/\/honwaygroup.com\/wp-content\/uploads\/2023\/07\/%E8%B6%85%E7%B4%9A%E7%BA%96%E7%B6%AD%E6%B2%B9%E7%9F%B3_%E5%B7%A5%E4%BD%9C%E5%8D%80%E5%9F%9F-1-%E8%A4%87%E6%9C%AC-22.webp\"><img loading=\"lazy\" decoding=\"async\" class=\"alignnone wp-image-25690\" src=\"https:\/\/honwaygroup.com\/wp-content\/uploads\/2023\/07\/%E8%B6%85%E7%B4%9A%E7%BA%96%E7%B6%AD%E6%B2%B9%E7%9F%B3_%E5%B7%A5%E4%BD%9C%E5%8D%80%E5%9F%9F-1-%E8%A4%87%E6%9C%AC-22.webp\" alt=\"\u0110\u00e1 d\u1ea7u Superfiber - m\u00e0u \u0111\u1ecf cam\" width=\"100\" height=\"86\"><\/a><\/strong><\/p>\n<p style=\"text-align: center;\"><strong>M\u00e0u \u0111\u1ecf cam<\/strong><\/p>\n<\/td>\n<\/tr>\n<tr>\n<td>\n<p style=\"text-align: center;\"><b>t\u00ean m\u00e3<\/b><\/p>\n<\/td>\n<td style=\"text-align: center;\"><b>P<\/b><\/td>\n<td style=\"text-align: center;\"><strong>C<\/strong><\/td>\n<td style=\"text-align: center;\"><strong>O<\/strong><\/td>\n<td style=\"text-align: center;\"><strong>C<\/strong><\/td>\n<td style=\"text-align: center;\"><strong>B<\/strong><\/td>\n<td style=\"text-align: center;\"><strong>Y<\/strong><\/td>\n<td style=\"text-align: center;\"><strong>W<\/strong><\/td>\n<td style=\"text-align: center;\"><strong>R<\/strong><\/td>\n<\/tr>\n<\/tbody>\n<\/table>\n<h3><strong>\u0110\u1ed9 chi ti\u1ebft v\u00e0 m\u00e3 h\u00f3a<\/strong><\/h3>\n<p>\u0110\u01a1n v\u1ecb: mm<\/p>\n<table>\n<tbody>\n<tr>\n<td style=\"text-align: center;\"><strong>TxWxL(\u00d8DxL)<\/strong><\/td>\n<td style=\"text-align: center;\"><strong>#150<\/strong><\/td>\n<td style=\"text-align: center;\"><strong>#180<\/strong><\/td>\n<td style=\"text-align: center;\"><strong>#250<\/strong><\/td>\n<td style=\"text-align: center;\"><strong>#320<\/strong><\/td>\n<td style=\"text-align: center;\"><strong>#400<\/strong><\/td>\n<td style=\"text-align: center;\"><strong>#700<\/strong><\/td>\n<td style=\"text-align: center;\"><strong>#1000<\/strong><\/td>\n<td style=\"text-align: center;\"><strong>#1200<\/strong><\/td>\n<\/tr>\n<tr>\n<td><span style=\"font-weight: 400;\">1 x 4 x 100<\/span><\/td>\n<td><span style=\"font-weight: 400;\">BSP-1004<\/span><\/td>\n<td><span style=\"font-weight: 400;\">BSC-1004<\/span><\/td>\n<td><span style=\"font-weight: 400;\">BSO-1004<\/span><\/td>\n<td><span style=\"font-weight: 400;\">BSG-1004<\/span><\/td>\n<td><span style=\"font-weight: 400;\">BSB-1004<\/span><\/td>\n<td><span style=\"font-weight: 400;\">BSY-1004<\/span><\/td>\n<td><span style=\"font-weight: 400;\">BSW-1004<\/span><\/td>\n<td><span style=\"font-weight: 400;\">BSR-1004<\/span><\/td>\n<\/tr>\n<tr>\n<td><span style=\"font-weight: 400;\">1 x 6 x 100<\/span><\/td>\n<td><span style=\"font-weight: 400;\">BSP-1006<\/span><\/td>\n<td><span style=\"font-weight: 400;\">BSC-1006<\/span><\/td>\n<td><span style=\"font-weight: 400;\">BSO-1006<\/span><\/td>\n<td><span style=\"font-weight: 400;\">BSG-1006<\/span><\/td>\n<td><span style=\"font-weight: 400;\">BSB-1006<\/span><\/td>\n<td><span style=\"font-weight: 400;\">BSY-1006<\/span><\/td>\n<td><span style=\"font-weight: 400;\">BSW-1006<\/span><\/td>\n<td><span style=\"font-weight: 400;\">BSR-1006<\/span><\/td>\n<\/tr>\n<tr>\n<td><span style=\"font-weight: 400;\">1 x 10 x 100<\/span><\/td>\n<td><span style=\"font-weight: 400;\">BSP-1010<\/span><\/td>\n<td><span style=\"font-weight: 400;\">BSC-1010<\/span><\/td>\n<td><span style=\"font-weight: 400;\">BSO1010<\/span><\/td>\n<td><span style=\"font-weight: 400;\">BSG-1010<\/span><\/td>\n<td><span style=\"font-weight: 400;\">BSB-1010<\/span><\/td>\n<td><span style=\"font-weight: 400;\">BSY-1010<\/span><\/td>\n<td><span style=\"font-weight: 400;\">BSW-1010<\/span><\/td>\n<td><span style=\"font-weight: 400;\">BSR-1010<\/span><\/td>\n<\/tr>\n<tr>\n<td><span style=\"font-weight: 400;\">\u00d83.0 x 100<\/span><\/td>\n<td><span style=\"font-weight: 400;\">BGP-30<\/span><\/td>\n<td><span style=\"font-weight: 400;\">BGC-30<\/span><\/td>\n<td><span style=\"font-weight: 400;\">BGO-30<\/span><\/td>\n<td><span style=\"font-weight: 400;\">BGG-30<\/span><\/td>\n<td><span style=\"font-weight: 400;\">BGB-30<\/span><\/td>\n<td><span style=\"font-weight: 400;\">BGY-30<\/span><\/td>\n<td><span style=\"font-weight: 400;\">BGW-30<\/span><\/td>\n<td><span style=\"font-weight: 400;\">BGR-30<\/span><\/td>\n<\/tr>\n<\/tbody>\n<\/table>\n<p><strong>minh h\u1ecda:<\/strong><\/p>\n<ul>\n<li><strong>M\u00e0u x\u00e1m #320 c\u00f3 th\u1ec3 thay th\u1ebf m\u00e0u \u0111en #280 v\u00e0 xanh navy #360 c\u0169.<\/strong><\/li>\n<\/ul>\n<p>C\u00f3 b\u1ea5t k\u1ef3 th\u1eafc m\u1eafc n\u00e0o kh\u00f4ng? <a href=\"https:\/\/honwaygroup.com\/vi\/lien-he-voi-honway\/\">Li\u00ean h\u1ec7 v\u1edbi HonWay<\/a><\/p>\n","protected":false},"excerpt":{"rendered":"<div id=\"desWrap\">\n<p>\u0110\u00e1 d\u1ea7u s\u1ee3i <strong>Bestia\u00ae m\u1edbi, \u0111\u01b0\u1ee3c l\u00e0m t\u1eeb s\u1ee3<\/strong>i g\u1ed1m ch\u1ecdn l\u1ecdc v\u00e0 v\u1eadt li\u1ec7u li\u00ean k\u1ebft c\u00f9ng ph\u01b0\u01a1ng ph\u00e1p s\u1ea3n xu\u1ea5t \u0111\u1ed9c \u0111\u00e1o, mang l\u1ea1i nh\u1eefng \u01b0u \u0111i\u1ec3m sau so v\u1edbi c\u00e1c s\u1ea3n ph\u1ea9m tr\u01b0\u1edbc \u0111\u00e2y c\u1ee7a ch\u00fang t\u00f4i:<\/p>\n<ul>\n<li>N\u00f3 c\u00f3 \u0111\u1ed9 b\u1ec1n u\u1ed1n t\u1ed1t h\u01a1n, khi\u1ebfn \u0111\u00e1 d\u1ea7u s\u1ee3i \u00edt b\u1ecb g\u00e3y h\u01a1n.<\/li>\n<li>N\u00f3 l\u00e0m t\u0103ng hi\u1ec7u su\u1ea5t nghi\u1ec1n l\u00ean 10-20% ho\u1eb7c h\u01a1n trong c\u00f9ng \u0111i\u1ec1u ki\u1ec7n l\u00e0m vi\u1ec7c.<\/li>\n<li>Trong h\u1ea7u h\u1ebft c\u00e1c \u0111i\u1ec1u ki\u1ec7n l\u00e0m vi\u1ec7c, \u0111i\u1ec1u n\u00e0y l\u00e0m t\u0103ng t\u1ef7 l\u1ec7 m\u00e0i t\u1eeb 10% \u0111\u1ebfn 30% ho\u1eb7c h\u01a1n (d\u1eabn \u0111\u1ebfn tu\u1ed5i th\u1ecd d\u1ee5ng c\u1ee5 d\u00e0i h\u01a1n).<\/li>\n<\/ul>\n<h5><strong><span style=\"color: #ff0000; font-size: 19.2px;\">\u25b2<\/span><\/strong><strong><span style=\"color: #ff0000; font-size: 19.2px;\">\u0110\u1eb7t h\u00e0ng s\u1ed1 l\u01b0\u1ee3ng l\u1edbn c\u00f3 th\u1ec3 \u0111\u01b0\u1ee3c h\u01b0\u1edfng chi\u1ebft kh\u1ea5u \u01b0u \u0111\u00e3i, vui l\u00f2ng li\u00ean h\u1ec7 b\u1ed9 ph\u1eadn ch\u0103m s\u00f3c kh\u00e1ch h\u00e0ng \u0111\u1ec3 bi\u1ebft th\u00eam chi ti\u1ebft.<br \/>\n<\/span><\/strong><\/h5>\n<h5><strong><span style=\"color: #ff0000; font-size: 19.2px;\">\u25b2<\/span> Th\u1eddi gian giao h\u00e0ng cho<span style=\"color: #ff0000;\"> c\u00e1c \u0111\u01a1n \u0111\u1eb7t h\u00e0ng<\/span> <span style=\"color: #ff0000; font-size: 19.2px;\">\u1edf \u0110\u00e0i Loan<\/span> <span style=\"color: #ff0000; font-size: 19.2px;\">kho\u1ea3ng t\u1eeb 7-14 ng\u00e0y l\u00e0m vi\u1ec7c.<\/span><\/strong><\/h5>\n<h5><strong><span style=\"color: #ff0000; font-size: 19.2px;\">\u25b2 <\/span><span style=\"color: #ff0000;\">Th\u1eddi gian giao h\u00e0ng cho \u0111\u01a1n h\u00e0ng qu\u1ed1c t\u1ebf kho\u1ea3ng t\u1eeb 7-14 ng\u00e0y, th\u1eddi gian nh\u1eadn h\u00e0ng th\u1ef1c t\u1ebf ph\u1ee5 thu\u1ed9c v\u00e0o t\u00ecnh tr\u1ea1ng v\u1eadn chuy\u1ec3n c\u1ee7a c\u00f4ng ty chuy\u1ec3n ph\u00e1t nhanh.<\/span><\/strong><\/h5>\n<\/div>\n","protected":false},"featured_media":84550,"template":"","meta":{"site-sidebar-layout":"default","site-content-layout":"default","ast-site-content-layout":"default","site-content-style":"default","site-sidebar-style":"default","ast-global-header-display":"","ast-banner-title-visibility":"","ast-main-header-display":"","ast-hfb-above-header-display":"","ast-hfb-below-header-display":"","ast-hfb-mobile-header-display":"","site-post-title":"","ast-breadcrumbs-content":"","ast-featured-img":"","footer-sml-layout":"","ast-disable-related-posts":"","theme-transparent-header-meta":"default","adv-header-id-meta":"","stick-header-meta":"default","header-above-stick-meta":"","header-main-stick-meta":"","header-below-stick-meta":"","astra-migrate-meta-layouts":"default","ast-page-background-enabled":"default","ast-page-background-meta":{"desktop":{"background-color":"var(--ast-global-color-5)","background-image":"","background-repeat":"repeat","background-position":"center center","background-size":"auto","background-attachment":"scroll","background-type":"","background-media":"","overlay-type":"","overlay-color":"","overlay-opacity":"","overlay-gradient":""},"tablet":{"background-color":"","background-image":"","background-repeat":"repeat","background-position":"center center","background-size":"auto","background-attachment":"scroll","background-type":"","background-media":"","overlay-type":"","overlay-color":"","overlay-opacity":"","overlay-gradient":""},"mobile":{"background-color":"","background-image":"","background-repeat":"repeat","background-position":"center center","background-size":"auto","background-attachment":"scroll","background-type":"","background-media":"","overlay-type":"","overlay-color":"","overlay-opacity":"","overlay-gradient":""}},"ast-content-background-meta":{"desktop":{"background-color":"var(--ast-global-color-4)","background-image":"","background-repeat":"repeat","background-position":"center center","background-size":"auto","background-attachment":"scroll","background-type":"","background-media":"","overlay-type":"","overlay-color":"","overlay-opacity":"","overlay-gradient":""},"tablet":{"background-color":"var(--ast-global-color-4)","background-image":"","background-repeat":"repeat","background-position":"center center","background-size":"auto","background-attachment":"scroll","background-type":"","background-media":"","overlay-type":"","overlay-color":"","overlay-opacity":"","overlay-gradient":""},"mobile":{"background-color":"var(--ast-global-color-4)","background-image":"","background-repeat":"repeat","background-position":"center center","background-size":"auto","background-attachment":"scroll","background-type":"","background-media":"","overlay-type":"","overlay-color":"","overlay-opacity":"","overlay-gradient":""}}},"product_brand":[],"product_cat":[4374,4349],"product_tag":[4971,5095],"class_list":{"0":"post-84549","1":"product","2":"type-product","3":"status-publish","4":"has-post-thumbnail","6":"product_cat-vat-tu-phu-tro-mai-va-danh-bong","7":"product_cat-da-mai-soi-gom","8":"product_tag-da-mai-sieu-cap","9":"product_tag-da-mai-soi-gom-su","10":"pa_oil-stones-grit-mau-cam-250-vi","11":"pa_oil-stones-grit-mau-cam-do1200","12":"pa_oil-stones-grit-mau-nau-180-vi","13":"pa_oil-stones-grit-mau-tim-150","14":"pa_oil-stones-grit-mau-trang1000","15":"pa_oil-stones-grit-mau-vang700","16":"pa_oil-stones-grit-mau-xam-320-vi","17":"pa_oil-stones-grit-mau-xanh-400","18":"desktop-align-left","19":"tablet-align-left","20":"mobile-align-left","21":"ast-product-gallery-layout-horizontal-slider","22":"ast-product-single-variable","23":"ast-product-tabs-layout-horizontal","25":"first","26":"instock","27":"taxable","28":"shipping-taxable","29":"purchasable","30":"product-type-variable"},"_links":{"self":[{"href":"https:\/\/honwaygroup.com\/vi\/wp-json\/wp\/v2\/product\/84549","targetHints":{"allow":["GET"]}}],"collection":[{"href":"https:\/\/honwaygroup.com\/vi\/wp-json\/wp\/v2\/product"}],"about":[{"href":"https:\/\/honwaygroup.com\/vi\/wp-json\/wp\/v2\/types\/product"}],"version-history":[{"count":0,"href":"https:\/\/honwaygroup.com\/vi\/wp-json\/wp\/v2\/product\/84549\/revisions"}],"wp:featuredmedia":[{"embeddable":true,"href":"https:\/\/honwaygroup.com\/vi\/wp-json\/wp\/v2\/media\/84550"}],"wp:attachment":[{"href":"https:\/\/honwaygroup.com\/vi\/wp-json\/wp\/v2\/media?parent=84549"}],"wp:term":[{"taxonomy":"product_brand","embeddable":true,"href":"https:\/\/honwaygroup.com\/vi\/wp-json\/wp\/v2\/product_brand?post=84549"},{"taxonomy":"product_cat","embeddable":true,"href":"https:\/\/honwaygroup.com\/vi\/wp-json\/wp\/v2\/product_cat?post=84549"},{"taxonomy":"product_tag","embeddable":true,"href":"https:\/\/honwaygroup.com\/vi\/wp-json\/wp\/v2\/product_tag?post=84549"}],"curies":[{"name":"wp","href":"https:\/\/api.w.org\/{rel}","templated":true}]}}