{"id":84523,"date":"2016-02-28T19:00:38","date_gmt":"2016-02-28T11:00:38","guid":{"rendered":"https:\/\/honwaygroup.com\/product\/da-dau-soi-mini\/"},"modified":"2025-11-17T14:45:47","modified_gmt":"2025-11-17T06:45:47","slug":"da-dau-soi-mini","status":"publish","type":"product","link":"https:\/\/honwaygroup.com\/vi\/product\/da-dau-soi-mini\/","title":{"rendered":"\u0110\u00e1 d\u1ea7u s\u1ee3i nh\u1ecf"},"content":{"rendered":"<h3><strong>V\u00ed d\u1ee5 \u1ee9ng d\u1ee5ng \u0111\u00e1 m\u00e0i s\u1ee3i nh\u1ecf<\/strong><\/h3>\n<p>\u0110\u00e1 m\u00e0i s\u1ee3i nh\u1ecf \u0111\u01b0\u1ee3c s\u1eed d\u1ee5ng \u0111\u1ec3 gia c\u00f4ng c\u00e1c chi ti\u1ebft tinh x\u1ea3o c\u1ee7a nhi\u1ec1u lo\u1ea1i khu\u00f4n, m\u00e0i c\u00e1c lo\u1ea1i khu\u00f4n, <a href=\"https:\/\/zh.m.wikipedia.org\/zh-tw\/%E6%8A%9B%E5%85%89\" rel=\"nofollow noopener\" target=\"_blank\">\u0111\u00e1nh b\u00f3ng<\/a> tinh x\u1ea3o c\u00e1c chi ti\u1ebft kh\u00e1c nhau v\u00e0 gia c\u00f4ng c\u00e1c chi ti\u1ebft tinh x\u1ea3o ho\u1eb7c ph\u1ee9c t\u1ea1p.<\/p>\n<p><a href=\"https:\/\/honwaygroup.com\/wp-content\/uploads\/2023\/07\/%E8%BF%B7%E4%BD%A0%E7%BA%96%E7%B6%AD%E6%B2%B9%E7%9F%B3.webp\"><img fetchpriority=\"high\" decoding=\"async\" class=\"aligncenter wp-image-25753\" src=\"https:\/\/honwaygroup.com\/wp-content\/uploads\/2023\/07\/%E8%BF%B7%E4%BD%A0%E7%BA%96%E7%B6%AD%E6%B2%B9%E7%9F%B3-1024x204.webp\" alt=\"\u0110\u00e1 d\u1ea7u s\u1ee3i nh\u1ecf\" width=\"800\" height=\"160\"><\/a><\/p>\n<table class=\"specTable2\" width=\"100%\">\n<tbody>\n<tr>\n<th rowspan=\"2\">K\u00edch th\u01b0\u1edbc (mm)<\/th>\n<th class=\"center\" colspan=\"4\">K\u00edch th\u01b0\u1edbc v\u00e0 s\u1ed1 l\u01b0\u1ee3ng h\u1ea1t<\/th>\n<th rowspan=\"2\">S\u1eed d\u1ee5ng \u0111\u1ea7u k\u1eb9p<\/th>\n<\/tr>\n<tr>\n<th>#250<\/th>\n<th>#400<\/th>\n<th>#700<\/th>\n<th>#1200<\/th>\n<\/tr>\n<tr>\n<td>0.5 x 0.5 x 50L<\/td>\n<td>MOS-055<\/td>\n<td>MBS-055<\/td>\n<td>MYS-055<\/td>\n<td>MRS-055<\/td>\n<td>XH-007<\/td>\n<\/tr>\n<tr>\n<td>0.7 x 0.7 x 50L<\/td>\n<td>MOS-075<\/td>\n<td>MBS-075<\/td>\n<td>MYS-075<\/td>\n<td>MRS-075<\/td>\n<td>XH-009<\/td>\n<\/tr>\n<tr>\n<td>0.9 x 0.9 x 50L<\/td>\n<td>MOS-095<\/td>\n<td>MBS-095<\/td>\n<td>MYS-095<\/td>\n<td>MRS-095<\/td>\n<td>XH-013<\/td>\n<\/tr>\n<tr>\n<td>1.0 x 2.0 x 100L<\/td>\n<td>MOS-121<\/td>\n<td>MBS-121<\/td>\n<td>MYS-121<\/td>\n<td>MRS-121<\/td>\n<td>XH-200<\/td>\n<\/tr>\n<tr>\n<td>\u00d80.9 x 50L<\/td>\n<td>MOS-105<\/td>\n<td>MBS-105<\/td>\n<td>MYS-105<\/td>\n<td>MRS-105<\/td>\n<td>XH-009<\/td>\n<\/tr>\n<tr>\n<td>\u00d82.0 x 100L<\/td>\n<td>MOS-201<\/td>\n<td>MBS-201<\/td>\n<td>MYS-201<\/td>\n<td>MRS-201<\/td>\n<td>XH-200<\/td>\n<\/tr>\n<\/tbody>\n<\/table>\n<p>C\u00f3 b\u1ea5t k\u1ef3 th\u1eafc m\u1eafc n\u00e0o kh\u00f4ng? <a href=\"https:\/\/honwaygroup.com\/vi\/lien-he-voi-honway\/\">Li\u00ean h\u1ec7 v\u1edbi HonWay<\/a><\/p>\n","protected":false},"excerpt":{"rendered":"<div id=\"desWrap\">\n<ul>\n<li>\u0110\u00e1 d\u1ea7u s\u1ee3i thu nh\u1ecf \u0111\u01b0\u1ee3c t\u1ea1o ra b\u1eb1ng c\u00e1ch c\u1eaft \u0111\u00e1 d\u1ea7u s\u1ee3i th\u00e0nh nh\u1eefng k\u00edch th\u01b0\u1edbc r\u1ea5t nh\u1ecf, t\u1eeb 0,5 x 0,5 mm \u0111\u1ebfn 1 x 2 mm.<\/li>\n<li>\u0110\u01b0\u1ee3c thi\u1ebft k\u1ebf \u0111\u1eb7c bi\u1ec7t \u0111\u1ec3 s\u1eed d\u1ee5ng trong c\u00e1c chi ti\u1ebft nh\u1ecf c\u1ee7a nhi\u1ec1u lo\u1ea1i khu\u00f4n m\u1eabu ho\u1eb7c c\u00e1c quy tr\u00ecnh gia c\u00f4ng t\u01b0\u01a1ng t\u1ef1 kh\u00e1c.<\/li>\n<li>V\u00ec s\u1ee3i g\u1ed1m c\u00f3 \u0111\u1ed9 b\u1ec1n u\u1ed1n cao n\u00ean c\u00f3 th\u1ec3 gi\u1ea3i quy\u1ebft v\u1ea5n \u0111\u1ec1 d\u1ec5 v\u1ee1 c\u1ee7a \u0111\u00e1 m\u00e0i ho\u1eb7c h\u1ed3ng ng\u1ecdc th\u00f4ng th\u01b0\u1eddng.<\/li>\n<li>\u1ee8ng d\u1ee5ng: \u0110\u00e1 m\u00e0i s\u1ee3i nh\u1ecf th\u00edch h\u1ee3p \u0111\u1ec3 m\u00e0i nhi\u1ec1u lo\u1ea1i khu\u00f4n v\u00e0 \u0111\u00e1nh b\u00f3ng m\u1ecbn nhi\u1ec1u b\u1ed9 ph\u1eadn, \u0111\u1eb7c bi\u1ec7t l\u00e0 \u0111\u1ec3 gia c\u00f4ng c\u00e1c khu v\u1ef1c ch\u1ea1m kh\u1eafc, \u0111\u00e1nh b\u00f3ng m\u1ecbn c\u00e1c g\u1edd nh\u1ecf v\u00e0 g\u00f3c khu\u00f4n, c\u0169ng nh\u01b0 gia c\u00f4ng nhi\u1ec1u b\u1ed9 ph\u1eadn tinh x\u1ea3o ho\u1eb7c ph\u1ee9c t\u1ea1p.<\/li>\n<\/ul>\n<h5><strong><span style=\"color: #ff0000;font-size: 19.2px\">\u25b2<\/span><\/strong><strong><span style=\"color: #ff0000;font-size: 19.2px\">\u0110\u1eb7t h\u00e0ng s\u1ed1 l\u01b0\u1ee3ng l\u1edbn c\u00f3 th\u1ec3 \u0111\u01b0\u1ee3c h\u01b0\u1edfng chi\u1ebft kh\u1ea5u \u01b0u \u0111\u00e3i, vui l\u00f2ng li\u00ean h\u1ec7 b\u1ed9 ph\u1eadn ch\u0103m s\u00f3c kh\u00e1ch h\u00e0ng \u0111\u1ec3 bi\u1ebft th\u00eam chi ti\u1ebft.<br \/>\n<\/span><\/strong><\/h5>\n<h5><strong><span style=\"color: #ff0000;font-size: 19.2px\">\u25b2<\/span> Th\u1eddi gian giao h\u00e0ng cho<span style=\"color: #ff0000\"> c\u00e1c \u0111\u01a1n \u0111\u1eb7t h\u00e0ng<\/span> <span style=\"color: #ff0000;font-size: 19.2px\">\u1edf \u0110\u00e0i Loan<\/span> <span style=\"color: #ff0000;font-size: 19.2px\">kho\u1ea3ng t\u1eeb 7-14 ng\u00e0y l\u00e0m vi\u1ec7c.<\/span><\/strong><\/h5>\n<h5><strong><span style=\"color: #ff0000;font-size: 19.2px\">\u25b2 <\/span><span style=\"color: #ff0000\">Th\u1eddi gian giao h\u00e0ng cho \u0111\u01a1n h\u00e0ng qu\u1ed1c t\u1ebf kho\u1ea3ng t\u1eeb 7-14 ng\u00e0y, th\u1eddi gian nh\u1eadn h\u00e0ng th\u1ef1c t\u1ebf ph\u1ee5 thu\u1ed9c v\u00e0o t\u00ecnh tr\u1ea1ng v\u1eadn chuy\u1ec3n c\u1ee7a c\u00f4ng ty chuy\u1ec3n ph\u00e1t nhanh.<\/span><\/strong><\/h5>\n<\/div>\n","protected":false},"featured_media":84524,"template":"","meta":{"site-sidebar-layout":"default","site-content-layout":"default","ast-site-content-layout":"default","site-content-style":"default","site-sidebar-style":"default","ast-global-header-display":"","ast-banner-title-visibility":"","ast-main-header-display":"","ast-hfb-above-header-display":"","ast-hfb-below-header-display":"","ast-hfb-mobile-header-display":"","site-post-title":"","ast-breadcrumbs-content":"","ast-featured-img":"","footer-sml-layout":"","ast-disable-related-posts":"","theme-transparent-header-meta":"default","adv-header-id-meta":"","stick-header-meta":"default","header-above-stick-meta":"","header-main-stick-meta":"","header-below-stick-meta":"","astra-migrate-meta-layouts":"default","ast-page-background-enabled":"default","ast-page-background-meta":{"desktop":{"background-color":"var(--ast-global-color-5)","background-image":"","background-repeat":"repeat","background-position":"center center","background-size":"auto","background-attachment":"scroll","background-type":"","background-media":"","overlay-type":"","overlay-color":"","overlay-opacity":"","overlay-gradient":""},"tablet":{"background-color":"","background-image":"","background-repeat":"repeat","background-position":"center center","background-size":"auto","background-attachment":"scroll","background-type":"","background-media":"","overlay-type":"","overlay-color":"","overlay-opacity":"","overlay-gradient":""},"mobile":{"background-color":"","background-image":"","background-repeat":"repeat","background-position":"center center","background-size":"auto","background-attachment":"scroll","background-type":"","background-media":"","overlay-type":"","overlay-color":"","overlay-opacity":"","overlay-gradient":""}},"ast-content-background-meta":{"desktop":{"background-color":"var(--ast-global-color-4)","background-image":"","background-repeat":"repeat","background-position":"center center","background-size":"auto","background-attachment":"scroll","background-type":"","background-media":"","overlay-type":"","overlay-color":"","overlay-opacity":"","overlay-gradient":""},"tablet":{"background-color":"var(--ast-global-color-4)","background-image":"","background-repeat":"repeat","background-position":"center center","background-size":"auto","background-attachment":"scroll","background-type":"","background-media":"","overlay-type":"","overlay-color":"","overlay-opacity":"","overlay-gradient":""},"mobile":{"background-color":"var(--ast-global-color-4)","background-image":"","background-repeat":"repeat","background-position":"center center","background-size":"auto","background-attachment":"scroll","background-type":"","background-media":"","overlay-type":"","overlay-color":"","overlay-opacity":"","overlay-gradient":""}}},"product_brand":[],"product_cat":[4374,4349],"product_tag":[4972,4980],"class_list":{"0":"post-84523","1":"product","2":"type-product","3":"status-publish","4":"has-post-thumbnail","6":"product_cat-vat-tu-phu-tro-mai-va-danh-bong","7":"product_cat-da-mai-soi-gom","8":"product_tag-da-mai-sieu-soi-tong-hop","9":"product_tag-da-mai-soi-sieu-nho","10":"desktop-align-left","11":"tablet-align-left","12":"mobile-align-left","13":"ast-product-gallery-layout-horizontal-slider","14":"ast-product-single-variable","15":"ast-product-tabs-layout-horizontal","17":"first","18":"instock","19":"taxable","20":"shipping-taxable","21":"purchasable","22":"product-type-variable"},"_links":{"self":[{"href":"https:\/\/honwaygroup.com\/vi\/wp-json\/wp\/v2\/product\/84523","targetHints":{"allow":["GET"]}}],"collection":[{"href":"https:\/\/honwaygroup.com\/vi\/wp-json\/wp\/v2\/product"}],"about":[{"href":"https:\/\/honwaygroup.com\/vi\/wp-json\/wp\/v2\/types\/product"}],"version-history":[{"count":0,"href":"https:\/\/honwaygroup.com\/vi\/wp-json\/wp\/v2\/product\/84523\/revisions"}],"wp:featuredmedia":[{"embeddable":true,"href":"https:\/\/honwaygroup.com\/vi\/wp-json\/wp\/v2\/media\/84524"}],"wp:attachment":[{"href":"https:\/\/honwaygroup.com\/vi\/wp-json\/wp\/v2\/media?parent=84523"}],"wp:term":[{"taxonomy":"product_brand","embeddable":true,"href":"https:\/\/honwaygroup.com\/vi\/wp-json\/wp\/v2\/product_brand?post=84523"},{"taxonomy":"product_cat","embeddable":true,"href":"https:\/\/honwaygroup.com\/vi\/wp-json\/wp\/v2\/product_cat?post=84523"},{"taxonomy":"product_tag","embeddable":true,"href":"https:\/\/honwaygroup.com\/vi\/wp-json\/wp\/v2\/product_tag?post=84523"}],"curies":[{"name":"wp","href":"https:\/\/api.w.org\/{rel}","templated":true}]}}