{"id":84510,"date":"2016-02-28T19:04:16","date_gmt":"2016-02-28T11:04:16","guid":{"rendered":"https:\/\/honwaygroup.com\/product\/kep-da-dau\/"},"modified":"2016-02-28T19:04:16","modified_gmt":"2016-02-28T11:04:16","slug":"kep-da-dau","status":"publish","type":"product","link":"https:\/\/honwaygroup.com\/vi\/product\/kep-da-dau\/","title":{"rendered":"K\u1eb9p \u0110\u00e1 D\u1ea7u"},"content":{"rendered":"<h3><strong>D\u1ee5ng c\u1ee5 k\u1eb9p \u0111\u00e1 d\u1ea7u<\/strong><\/h3>\n<p>K\u1eb9p \u0111\u00e1 d\u1ea7u: Gi\u00fap gi\u1eef \u0111\u00e1 d\u1ea7u \u1ed5n \u0111\u1ecbnh v\u00e0 tho\u1ea3i m\u00e1i h\u01a1n khi gia c\u00f4ng v\u00e0 ho\u00e0n thi\u1ec7n b\u1ec1 m\u1eb7t, \u0111\u1ed3ng th\u1eddi k\u1eb9p kh\u00f4ng l\u00e0m h\u1ecfng b\u1ec1 m\u1eb7t khu\u00f4n.<\/p>\n<p>\u0110\u01a1n v\u1ecb: mm<\/p>\n<table class=\"specTable\" width=\"100%\">\n<tbody>\n<tr>\n<th>M\u00e3 s\u1ed1<\/th>\n<th>K\u00edch th\u01b0\u1edbc k\u1eb9p\n<\/th>\n<th>S\u1eed d\u1ee5ng<\/th>\n<\/tr>\n<tr>\n<td>XH &#8211; 007<\/td>\n<td>Vu\u00f4ng 0.5 x 0.5 ho\u1eb7c Tr\u00f2n \u00d80.7<\/td>\n<td>\u0110\u00e1 D\u1ea7u S\u1ee3i Mini<\/td>\n<\/tr>\n<tr>\n<td>XH &#8211; 009<\/td>\n<td>Vu\u00f4ng 0.7 x 0.7 ho\u1eb7c Tr\u00f2n \u00d80.9 <\/td>\n<td>\u0110\u00e1 D\u1ea7u S\u1ee3i Mini<\/td>\n<\/tr>\n<tr>\n<td>XH &#8211; 200<\/td>\n<td>D\u1eb9t 2 x 1 ho\u1eb7c Tr\u00f2n \u00d82.0<\/td>\n<td> \u0110\u00e1 D\u1ea7u S\u1ee3i Mini<\/td>\n<\/tr>\n<tr>\n<td>XH &#8211; 013<\/td>\n<td>Vu\u00f4ng 0.9 x 0.9 ho\u1eb7c Tr\u00f2n \u00d81.3<\/td>\n<td>\u0110\u00e1 D\u1ea7u S\u1ee3i Mini<\/td>\n<\/tr>\n<tr>\n<td>XH &#8211; 22<\/td>\n<td>Tr\u00f2n \u00d83.0 <\/td>\n<td>\u0110\u00e1 D\u1ea7u S\u1ee3i<\/td>\n<\/tr>\n<tr>\n<td>XH &#8211; 041<\/td>\n<td> D\u1eb9t 4 x 1<\/td>\n<td> \u0110\u00e1 D\u1ea7u S\u1ee3i<\/td>\n<\/tr>\n<tr>\n<td>XH &#8211; 061<\/td>\n<td>D\u1eb9t 6 x 1 <\/td>\n<td>\u0110\u00e1 D\u1ea7u S\u1ee3i<\/td>\n<\/tr>\n<tr>\n<td>XH &#8211; 101 <\/td>\n<td>D\u1eb9t 10 x 1 <\/td>\n<td>\u0110\u00e1 D\u1ea7u S\u1ee3i<\/td>\n<\/tr>\n<tr>\n<td>XH &#8211; 062<\/td>\n<td>D\u1eb9t 6 x 2 ~ 6 x 3<\/td>\n<td>\u0110\u00e1 D\u1ea7u Th\u00f4ng Th\u01b0\u1eddng<\/td>\n<\/tr>\n<tr>\n<td>XH &#8211; 133<\/td>\n<td>Flat 13 x 3<\/td>\n<td>\u0110\u00e1 D\u1ea7u Th\u00f4ng Th\u01b0\u1eddng<\/td>\n<\/tr>\n<tr>\n<td>XH &#8211; 136<\/td>\n<td>Flat 13 x 6.3<\/td>\n<td>\u0110\u00e1 D\u1ea7u Th\u00f4ng Th\u01b0\u1eddng<\/td>\n<\/tr>\n<\/tbody>\n<\/table>\n<ul>\n<li><strong>Vui l\u00f2ng ch\u1ecdn k\u00edch th\u01b0\u1edbc k\u1eb9p \u0111\u00e1 d\u1ea7u ph\u00f9 h\u1ee3p v\u1edbi \u0111\u00e1 d\u1ea7u c\u1ee7a b\u1ea1n.<\/strong><\/li>\n<li><strong>\u0110\u00e1 D\u1ea7u T\u00f9y Ch\u1ecdn<\/strong><\/li>\n<\/ul>\n<p>C\u00f3 c\u00e2u h\u1ecfi n\u00e0o kh\u00f4ng? <a href=\"https:\/\/honwaygroup.com\/vi\/lien-he-voi-honway\/\">Li\u00ean h\u1ec7 HonWay<\/a><\/p>\n","protected":false},"excerpt":{"rendered":"<ul>\n<li>C\u00f3 th\u1ec3 \u0111\u01b0\u1ee3c s\u1eed d\u1ee5ng \u0111\u1ec3 gi\u1eef nhi\u1ec1u lo\u1ea1i \u0111\u00e1 d\u1ea7u kh\u00e1c nhau \u0111\u1ec3 m\u00e0i v\u00e0 \u0111\u00e1nh b\u00f3ng.<\/li>\n<\/ul>\n<h5><strong><span style=\"color: #ff0000; font-size: 19.2px;\">\u25b2 <\/span><\/strong><strong><span style=\"color: #ff0000; font-size: 19.2px;\">\u0110\u01a1n h\u00e0ng l\u1edbn c\u00f3 th\u1ec3 \u0111\u01b0\u1ee3c h\u01b0\u1edfng \u01b0u \u0111\u00e3i gi\u1ea3m gi\u00e1, vui l\u00f2ng li\u00ean h\u1ec7 v\u1edbi b\u1ed9 ph\u1eadn ch\u0103m s\u00f3c kh\u00e1ch h\u00e0ng.<\/span><\/strong><\/h5>\n<h5><strong><span style=\"color: #ff0000; font-size: 19.2px;\">\u25b2<\/span><span style=\"color: #ff0000;\">\u0110\u01a1n \u0111\u1eb7t h\u00e0ng<\/span> t\u1eeb <span style=\"color: #ff0000; font-size: 19.2px;\">\u0110\u00e0i Loan<\/span> <span style=\"color: #ff0000; font-size: 19.2px;\">s\u1ebd \u0111\u01b0\u1ee3c giao trong kho\u1ea3ng 7-14 ng\u00e0y.<\/span><\/strong><\/h5>\n<h5><strong><span style=\"color: #ff0000; font-size: 19.2px;\">\u25b2<\/span><span style=\"color: #ff0000;\">\u0110\u01a1n h\u00e0ng qu\u1ed1c t\u1ebf s\u1ebd \u0111\u01b0\u1ee3c giao trong kho\u1ea3ng 7-14 ng\u00e0y. Th\u1eddi gian giao h\u00e0ng th\u1ef1c t\u1ebf ph\u1ee5 thu\u1ed9c v\u00e0o t\u00ecnh h\u00ecnh giao h\u00e0ng c\u1ee7a c\u00f4ng ty chuy\u1ec3n ph\u00e1t. <\/span><\/strong><\/h5>\n","protected":false},"featured_media":84511,"template":"","meta":{"site-sidebar-layout":"default","site-content-layout":"default","ast-site-content-layout":"default","site-content-style":"default","site-sidebar-style":"default","ast-global-header-display":"","ast-banner-title-visibility":"","ast-main-header-display":"","ast-hfb-above-header-display":"","ast-hfb-below-header-display":"","ast-hfb-mobile-header-display":"","site-post-title":"","ast-breadcrumbs-content":"","ast-featured-img":"","footer-sml-layout":"","ast-disable-related-posts":"","theme-transparent-header-meta":"default","adv-header-id-meta":"","stick-header-meta":"default","header-above-stick-meta":"","header-main-stick-meta":"","header-below-stick-meta":"","astra-migrate-meta-layouts":"default","ast-page-background-enabled":"default","ast-page-background-meta":{"desktop":{"background-color":"var(--ast-global-color-5)","background-image":"","background-repeat":"repeat","background-position":"center center","background-size":"auto","background-attachment":"scroll","background-type":"","background-media":"","overlay-type":"","overlay-color":"","overlay-opacity":"","overlay-gradient":""},"tablet":{"background-color":"","background-image":"","background-repeat":"repeat","background-position":"center center","background-size":"auto","background-attachment":"scroll","background-type":"","background-media":"","overlay-type":"","overlay-color":"","overlay-opacity":"","overlay-gradient":""},"mobile":{"background-color":"","background-image":"","background-repeat":"repeat","background-position":"center center","background-size":"auto","background-attachment":"scroll","background-type":"","background-media":"","overlay-type":"","overlay-color":"","overlay-opacity":"","overlay-gradient":""}},"ast-content-background-meta":{"desktop":{"background-color":"var(--ast-global-color-4)","background-image":"","background-repeat":"repeat","background-position":"center center","background-size":"auto","background-attachment":"scroll","background-type":"","background-media":"","overlay-type":"","overlay-color":"","overlay-opacity":"","overlay-gradient":""},"tablet":{"background-color":"var(--ast-global-color-4)","background-image":"","background-repeat":"repeat","background-position":"center center","background-size":"auto","background-attachment":"scroll","background-type":"","background-media":"","overlay-type":"","overlay-color":"","overlay-opacity":"","overlay-gradient":""},"mobile":{"background-color":"var(--ast-global-color-4)","background-image":"","background-repeat":"repeat","background-position":"center center","background-size":"auto","background-attachment":"scroll","background-type":"","background-media":"","overlay-type":"","overlay-color":"","overlay-opacity":"","overlay-gradient":""}}},"product_brand":[],"product_cat":[4347,4374],"product_tag":[4900],"class_list":{"0":"post-84510","1":"product","2":"type-product","3":"status-publish","4":"has-post-thumbnail","6":"product_cat-tay-cam-da-ma","7":"product_cat-vat-tu-phu-tro-mai-va-danh-bong","8":"product_tag-kep-giu-da-mai","9":"desktop-align-left","10":"tablet-align-left","11":"mobile-align-left","12":"ast-product-gallery-layout-horizontal-slider","13":"ast-product-gallery-with-no-image","14":"ast-product-single-variable","15":"ast-product-tabs-layout-horizontal","17":"first","18":"instock","19":"taxable","20":"shipping-taxable","21":"purchasable","22":"product-type-variable"},"_links":{"self":[{"href":"https:\/\/honwaygroup.com\/vi\/wp-json\/wp\/v2\/product\/84510","targetHints":{"allow":["GET"]}}],"collection":[{"href":"https:\/\/honwaygroup.com\/vi\/wp-json\/wp\/v2\/product"}],"about":[{"href":"https:\/\/honwaygroup.com\/vi\/wp-json\/wp\/v2\/types\/product"}],"version-history":[{"count":0,"href":"https:\/\/honwaygroup.com\/vi\/wp-json\/wp\/v2\/product\/84510\/revisions"}],"wp:featuredmedia":[{"embeddable":true,"href":"https:\/\/honwaygroup.com\/vi\/wp-json\/wp\/v2\/media\/84511"}],"wp:attachment":[{"href":"https:\/\/honwaygroup.com\/vi\/wp-json\/wp\/v2\/media?parent=84510"}],"wp:term":[{"taxonomy":"product_brand","embeddable":true,"href":"https:\/\/honwaygroup.com\/vi\/wp-json\/wp\/v2\/product_brand?post=84510"},{"taxonomy":"product_cat","embeddable":true,"href":"https:\/\/honwaygroup.com\/vi\/wp-json\/wp\/v2\/product_cat?post=84510"},{"taxonomy":"product_tag","embeddable":true,"href":"https:\/\/honwaygroup.com\/vi\/wp-json\/wp\/v2\/product_tag?post=84510"}],"curies":[{"name":"wp","href":"https:\/\/api.w.org\/{rel}","templated":true}]}}