{"id":84472,"date":"2016-02-28T19:08:18","date_gmt":"2016-02-28T11:08:18","guid":{"rendered":"https:\/\/honwaygroup.com\/product\/da-mai-co-tay-cam\/"},"modified":"2025-11-17T13:08:25","modified_gmt":"2025-11-17T05:08:25","slug":"da-mai-co-tay-cam","status":"publish","type":"product","link":"https:\/\/honwaygroup.com\/vi\/product\/da-mai-co-tay-cam\/","title":{"rendered":"\u0110\u00e1 m\u00e0i c\u00f3 tay c\u1ea7m"},"content":{"rendered":"<h3><strong>\u0110\u00e1 m\u00e0i c\u00f3 tay c\u1ea7m<\/strong><\/h3>\n<p>\u0110\u00e1 m\u00e0i c\u00f3 tay c\u1ea7m. \u1ee8ng d\u1ee5ng: m\u00e0i b\u00ean trong, t\u1ea9y g\u1ec9, \u0111\u00e1nh b\u00f3ng v\u00e0 m\u00e0i <a href=\"https:\/\/cmccar.com.tw\/?page_id=384\" rel=\"nofollow noopener\" target=\"_blank\">v\u00f2ng th\u00e9p h\u1ee3p kim nh\u00f4m,<\/a> s\u1ea3n ph\u1ea9m m\u00e2y v\u00e0 g\u1ed7, v\u00e0 b\u1ec1 m\u1eb7t kim lo\u1ea1i n\u00f3i chung.<\/p>\n<p>\u0110\u00e1 m\u00e0i c\u00f3 chu\u00f4i c\u00f3 l\u01b0\u1ee3ng v\u1eadt t\u01b0 ti\u00eau hao th\u1ea5p v\u00e0 \u0111\u1eb7c bi\u1ec7t th\u00edch h\u1ee3p \u0111\u1ec3 m\u00e0i khu\u00f4n, l\u1ed7 b\u00ean trong n\u00f3i chung v\u00e0 h\u1ee3p kim nh\u00f4m.<\/p>\n<p>&nbsp;<\/p>\n<p>\u0110\u01a1n v\u1ecb: mm<\/p>\n<table class=\"specTable2 center\" width=\"100%\">\n<tbody>\n<tr>\n<td><a href=\"https:\/\/honwaygroup.com\/wp-content\/uploads\/2023\/07\/%E5%B8%B6%E6%9F%84%E7%A0%82%E8%BC%AA_256A.webp\"><img decoding=\"async\" class=\"wp-image-26022 aligncenter\" src=\"https:\/\/honwaygroup.com\/wp-content\/uploads\/2023\/07\/%E5%B8%B6%E6%9F%84%E7%A0%82%E8%BC%AA_256A-206x300.webp\" alt=\"\u0110\u00e1 m\u00e0i Shank_256A\" width=\"103\" height=\"150\"><\/a><\/td>\n<td><a href=\"https:\/\/honwaygroup.com\/wp-content\/uploads\/2023\/07\/%E5%B8%B6%E6%9F%84%E7%A0%82%E8%BC%AA_308A.webp\"><img decoding=\"async\" class=\"aligncenter wp-image-26014\" src=\"https:\/\/honwaygroup.com\/wp-content\/uploads\/2023\/07\/%E5%B8%B6%E6%9F%84%E7%A0%82%E8%BC%AA_308A-206x300.webp\" alt=\"\u0110\u00e1 m\u00e0i Shank_308A\" width=\"103\" height=\"150\"><\/a><\/td>\n<td><a href=\"https:\/\/honwaygroup.com\/wp-content\/uploads\/2023\/07\/%E5%B8%B6%E6%9F%84%E7%A0%82%E8%BC%AA_410A.webp\"><img decoding=\"async\" class=\"aligncenter wp-image-26002\" src=\"https:\/\/honwaygroup.com\/wp-content\/uploads\/2023\/07\/%E5%B8%B6%E6%9F%84%E7%A0%82%E8%BC%AA_410A-206x300.webp\" alt=\"\u0110\u00e1 m\u00e0i Shank_410A\" width=\"103\" height=\"150\"><\/a><\/td>\n<td><a href=\"https:\/\/honwaygroup.com\/wp-content\/uploads\/2023\/07\/%E5%B8%B6%E6%9F%84%E7%A0%82%E8%BC%AA_510A.webp\"><img loading=\"lazy\" decoding=\"async\" class=\"aligncenter wp-image-25986\" src=\"https:\/\/honwaygroup.com\/wp-content\/uploads\/2023\/07\/%E5%B8%B6%E6%9F%84%E7%A0%82%E8%BC%AA_510A-206x300.jpg\" alt=\"\u0110\u00e1 m\u00e0i Shank_510A\" width=\"103\" height=\"150\"><\/a><\/td>\n<td><a href=\"https:\/\/honwaygroup.com\/wp-content\/uploads\/2023\/07\/%E5%B8%B6%E6%9F%84%E7%A0%82%E8%BC%AA_612A.jpg\"><img loading=\"lazy\" decoding=\"async\" class=\"aligncenter wp-image-25974\" src=\"https:\/\/honwaygroup.com\/wp-content\/uploads\/2023\/07\/%E5%B8%B6%E6%9F%84%E7%A0%82%E8%BC%AA_612A-206x300.jpg\" alt=\"\u0110\u00e1 m\u00e0i Shank_612A\" width=\"103\" height=\"150\"><\/a><\/td>\n<td><a href=\"https:\/\/honwaygroup.com\/wp-content\/uploads\/2023\/07\/%E5%B8%B6%E6%9F%84%E7%A0%82%E8%BC%AA_816A.jpg\"><img loading=\"lazy\" decoding=\"async\" class=\"aligncenter wp-image-25950\" src=\"https:\/\/honwaygroup.com\/wp-content\/uploads\/2023\/07\/%E5%B8%B6%E6%9F%84%E7%A0%82%E8%BC%AA_816A-206x300.jpg\" alt=\"\u0110\u00e1 m\u00e0i Shank_816A\" width=\"103\" height=\"150\"><\/a><\/td>\n<td><a href=\"https:\/\/honwaygroup.com\/wp-content\/uploads\/2023\/07\/%E5%B8%B6%E6%9F%84%E7%A0%82%E8%BC%AA_1016A.webp\"><img loading=\"lazy\" decoding=\"async\" class=\"aligncenter wp-image-25938\" src=\"https:\/\/honwaygroup.com\/wp-content\/uploads\/2023\/07\/%E5%B8%B6%E6%9F%84%E7%A0%82%E8%BC%AA_1016A-206x300.webp\" alt=\"\" width=\"103\" height=\"150\"><\/a><\/td>\n<td><a href=\"https:\/\/honwaygroup.com\/wp-content\/uploads\/2023\/07\/%E5%B8%B6%E6%9F%84%E7%A0%82%E8%BC%AA_30B.webp\"><img loading=\"lazy\" decoding=\"async\" class=\"aligncenter wp-image-26064\" src=\"https:\/\/honwaygroup.com\/wp-content\/uploads\/2023\/07\/%E5%B8%B6%E6%9F%84%E7%A0%82%E8%BC%AA_30B-206x300.webp\" alt=\"\" width=\"103\" height=\"150\"><\/a><\/td>\n<td><a href=\"https:\/\/honwaygroup.com\/wp-content\/uploads\/2023\/07\/%E5%B8%B6%E6%9F%84%E7%A0%82%E8%BC%AA_40B.webp\"><img loading=\"lazy\" decoding=\"async\" class=\"aligncenter wp-image-26060\" src=\"https:\/\/honwaygroup.com\/wp-content\/uploads\/2023\/07\/%E5%B8%B6%E6%9F%84%E7%A0%82%E8%BC%AA_40B-206x300.webp\" alt=\"\u0110\u00e1 m\u00e0i Shank_40B\" width=\"103\" height=\"150\"><\/a><\/td>\n<\/tr>\n<tr>\n<th>256A<\/th>\n<th>308A<\/th>\n<th>410A<\/th>\n<th>510A<\/th>\n<th>612A<\/th>\n<th>816A<\/th>\n<th>1016A *<\/th>\n<th>30B<\/th>\n<th>40B<\/th>\n<\/tr>\n<\/tbody>\n<\/table>\n<table class=\"specTable2 center\" width=\"100%\">\n<tbody>\n<tr>\n<td><a href=\"https:\/\/honwaygroup.com\/wp-content\/uploads\/2023\/07\/%E5%B8%B6%E6%9F%84%E7%A0%82%E8%BC%AA_50B.jpg\"><img loading=\"lazy\" decoding=\"async\" class=\"wp-image-26056 size-medium alignnone\" src=\"https:\/\/honwaygroup.com\/wp-content\/uploads\/2023\/07\/%E5%B8%B6%E6%9F%84%E7%A0%82%E8%BC%AA_50B-206x300.jpg\" alt=\"\" width=\"206\" height=\"300\"><\/a><\/td>\n<td><a href=\"https:\/\/honwaygroup.com\/wp-content\/uploads\/2023\/07\/%E5%B8%B6%E6%9F%84%E7%A0%82%E8%BC%AA_60B.jpg\"><img loading=\"lazy\" decoding=\"async\" class=\"alignnone size-medium wp-image-26052\" src=\"https:\/\/honwaygroup.com\/wp-content\/uploads\/2023\/07\/%E5%B8%B6%E6%9F%84%E7%A0%82%E8%BC%AA_60B-206x300.jpg\" alt=\"\" width=\"206\" height=\"300\"><\/a><\/td>\n<td><a href=\"https:\/\/honwaygroup.com\/wp-content\/uploads\/2023\/07\/%E5%B8%B6%E6%9F%84%E7%A0%82%E8%BC%AA_80B.jpg\"><img loading=\"lazy\" decoding=\"async\" class=\"alignnone size-medium wp-image-26048\" src=\"https:\/\/honwaygroup.com\/wp-content\/uploads\/2023\/07\/%E5%B8%B6%E6%9F%84%E7%A0%82%E8%BC%AA_80B-206x300.jpg\" alt=\"\" width=\"206\" height=\"300\"><\/a><\/td>\n<td><a href=\"https:\/\/honwaygroup.com\/wp-content\/uploads\/2023\/07\/%E5%B8%B6%E6%9F%84%E7%A0%82%E8%BC%AA_100B.jpg\"><img loading=\"lazy\" decoding=\"async\" class=\"alignnone size-medium wp-image-26046\" src=\"https:\/\/honwaygroup.com\/wp-content\/uploads\/2023\/07\/%E5%B8%B6%E6%9F%84%E7%A0%82%E8%BC%AA_100B-206x300.jpg\" alt=\"\" width=\"206\" height=\"300\"><\/a><\/td>\n<td><a href=\"https:\/\/honwaygroup.com\/wp-content\/uploads\/2023\/07\/%E5%B8%B6%E6%9F%84%E7%A0%82%E8%BC%AA_120B.jpg\"><img loading=\"lazy\" decoding=\"async\" class=\"alignnone size-medium wp-image-26042\" src=\"https:\/\/honwaygroup.com\/wp-content\/uploads\/2023\/07\/%E5%B8%B6%E6%9F%84%E7%A0%82%E8%BC%AA_120B-206x300.jpg\" alt=\"\" width=\"206\" height=\"300\"><\/a><\/td>\n<td><a href=\"https:\/\/honwaygroup.com\/wp-content\/uploads\/2023\/07\/%E5%B8%B6%E6%9F%84%E7%A0%82%E8%BC%AA_308T.webp\"><img loading=\"lazy\" decoding=\"async\" class=\"alignnone size-medium wp-image-26010\" src=\"https:\/\/honwaygroup.com\/wp-content\/uploads\/2023\/07\/%E5%B8%B6%E6%9F%84%E7%A0%82%E8%BC%AA_308T-206x300.webp\" alt=\"\u0110\u00e1 m\u00e0i Shank_308T\" width=\"206\" height=\"300\"><\/a><\/td>\n<td><a href=\"https:\/\/honwaygroup.com\/wp-content\/uploads\/2023\/07\/%E5%B8%B6%E6%9F%84%E7%A0%82%E8%BC%AA_310T.webp\"><img loading=\"lazy\" decoding=\"async\" class=\"alignnone size-medium wp-image-26006\" src=\"https:\/\/honwaygroup.com\/wp-content\/uploads\/2023\/07\/%E5%B8%B6%E6%9F%84%E7%A0%82%E8%BC%AA_310T-206x300.webp\" alt=\"\u0110\u00e1 m\u00e0i Shank_310T\" width=\"206\" height=\"300\"><\/a><\/td>\n<td><a href=\"https:\/\/honwaygroup.com\/wp-content\/uploads\/2023\/07\/%E5%B8%B6%E6%9F%84%E7%A0%82%E8%BC%AA_412T.webp\"><img loading=\"lazy\" decoding=\"async\" class=\"alignnone size-medium wp-image-25990\" src=\"https:\/\/honwaygroup.com\/wp-content\/uploads\/2023\/07\/%E5%B8%B6%E6%9F%84%E7%A0%82%E8%BC%AA_412T-206x300.jpg\" alt=\"\u0110\u00e1 m\u00e0i Shank_412T\" width=\"206\" height=\"300\"><\/a><\/td>\n<td><a href=\"https:\/\/honwaygroup.com\/wp-content\/uploads\/2023\/07\/%E5%B8%B6%E6%9F%84%E7%A0%82%E8%BC%AA_710T.jpg\"><img loading=\"lazy\" decoding=\"async\" class=\"alignnone size-medium wp-image-25962\" src=\"https:\/\/honwaygroup.com\/wp-content\/uploads\/2023\/07\/%E5%B8%B6%E6%9F%84%E7%A0%82%E8%BC%AA_710T-206x300.jpg\" alt=\"\u0110\u00e1 m\u00e0i Shank_710T\" width=\"206\" height=\"300\"><\/a><\/td>\n<\/tr>\n<tr>\n<th>50B<\/th>\n<th>60B<\/th>\n<th>80B<\/th>\n<th>100B<\/th>\n<th>120B<\/th>\n<th>308T<\/th>\n<th>310T<\/th>\n<th>412T<\/th>\n<th>710T<\/th>\n<\/tr>\n<\/tbody>\n<\/table>\n<table class=\"specTable2 center\" width=\"100%\">\n<tbody>\n<tr>\n<td><a href=\"https:\/\/honwaygroup.com\/wp-content\/uploads\/2023\/07\/%E5%B8%B6%E6%9F%84%E7%A0%82%E8%BC%AA_813R.jpg\"><img loading=\"lazy\" decoding=\"async\" class=\"alignnone size-medium wp-image-25958\" src=\"https:\/\/honwaygroup.com\/wp-content\/uploads\/2023\/07\/%E5%B8%B6%E6%9F%84%E7%A0%82%E8%BC%AA_813R-206x300.jpg\" alt=\"\u0110\u00e1 m\u00e0i Shank_813R\" width=\"206\" height=\"300\"><\/a><\/td>\n<td><a href=\"https:\/\/honwaygroup.com\/wp-content\/uploads\/2023\/07\/%E5%B8%B6%E6%9F%84%E7%A0%82%E8%BC%AA_1224R.webp\"><img loading=\"lazy\" decoding=\"async\" class=\"alignnone size-medium wp-image-25926\" src=\"https:\/\/honwaygroup.com\/wp-content\/uploads\/2023\/07\/%E5%B8%B6%E6%9F%84%E7%A0%82%E8%BC%AA_1224R-206x300.webp\" alt=\"\u0110\u00e1 m\u00e0i Shank_1224R\" width=\"206\" height=\"300\"><\/a><\/td>\n<td><a href=\"https:\/\/honwaygroup.com\/wp-content\/uploads\/2023\/07\/%E5%B8%B6%E6%9F%84%E7%A0%82%E8%BC%AA_609S.webp\"><img loading=\"lazy\" decoding=\"async\" class=\"alignnone size-medium wp-image-25978\" src=\"https:\/\/honwaygroup.com\/wp-content\/uploads\/2023\/07\/%E5%B8%B6%E6%9F%84%E7%A0%82%E8%BC%AA_609S-206x300.webp\" alt=\"\" width=\"206\" height=\"300\"><\/a><\/td>\n<td><a href=\"https:\/\/honwaygroup.com\/wp-content\/uploads\/2023\/07\/%E5%B8%B6%E6%9F%84%E7%A0%82%E8%BC%AA_412J.webp\"><img loading=\"lazy\" decoding=\"async\" class=\"alignnone size-medium wp-image-25998\" src=\"https:\/\/honwaygroup.com\/wp-content\/uploads\/2023\/07\/%E5%B8%B6%E6%9F%84%E7%A0%82%E8%BC%AA_412J-206x300.webp\" alt=\"\u0110\u00e1 m\u00e0i Shank_412J\" width=\"206\" height=\"300\"><\/a><\/td>\n<td><a href=\"https:\/\/honwaygroup.com\/wp-content\/uploads\/2023\/07\/%E5%B8%B6%E6%9F%84%E7%A0%82%E8%BC%AA_616J.jpg\"><img loading=\"lazy\" decoding=\"async\" class=\"alignnone size-medium wp-image-25966\" src=\"https:\/\/honwaygroup.com\/wp-content\/uploads\/2023\/07\/%E5%B8%B6%E6%9F%84%E7%A0%82%E8%BC%AA_616J-206x300.jpg\" alt=\"\u0110\u00e1 m\u00e0i Shank_616J\" width=\"206\" height=\"300\"><\/a><\/td>\n<td><a href=\"https:\/\/honwaygroup.com\/wp-content\/uploads\/2023\/07\/%E5%B8%B6%E6%9F%84%E7%A0%82%E8%BC%AA_816J.webp\"><img loading=\"lazy\" decoding=\"async\" class=\"alignnone size-medium wp-image-25946\" src=\"https:\/\/honwaygroup.com\/wp-content\/uploads\/2023\/07\/%E5%B8%B6%E6%9F%84%E7%A0%82%E8%BC%AA_816J-206x300.webp\" alt=\"\u0110\u00e1 m\u00e0i Shank_816J\" width=\"206\" height=\"300\"><\/a><\/td>\n<td><a href=\"https:\/\/honwaygroup.com\/wp-content\/uploads\/2023\/07\/%E5%B8%B6%E6%9F%84%E7%A0%82%E8%BC%AA_1016J.webp\"><img loading=\"lazy\" decoding=\"async\" class=\"alignnone size-medium wp-image-25934\" src=\"https:\/\/honwaygroup.com\/wp-content\/uploads\/2023\/07\/%E5%B8%B6%E6%9F%84%E7%A0%82%E8%BC%AA_1016J-206x300.webp\" alt=\"\u0110\u00e1 m\u00e0i Shank_1016J\" width=\"206\" height=\"300\"><\/a><\/td>\n<td><a href=\"https:\/\/honwaygroup.com\/wp-content\/uploads\/2023\/07\/%E5%B8%B6%E6%9F%84%E7%A0%82%E8%BC%AA_612P.jpg\"><img loading=\"lazy\" decoding=\"async\" class=\"alignnone size-medium wp-image-25970\" src=\"https:\/\/honwaygroup.com\/wp-content\/uploads\/2023\/07\/%E5%B8%B6%E6%9F%84%E7%A0%82%E8%BC%AA_612P-206x300.jpg\" alt=\"\u0110\u00e1 m\u00e0i Shank_612P\" width=\"206\" height=\"300\"><\/a><\/td>\n<td><a href=\"https:\/\/honwaygroup.com\/wp-content\/uploads\/2023\/07\/%E5%B8%B6%E6%9F%84%E7%A0%82%E8%BC%AA_815P.jpg\"><img loading=\"lazy\" decoding=\"async\" class=\"alignnone size-medium wp-image-25954\" src=\"https:\/\/honwaygroup.com\/wp-content\/uploads\/2023\/07\/%E5%B8%B6%E6%9F%84%E7%A0%82%E8%BC%AA_815P-206x300.jpg\" alt=\"\u0110\u00e1 m\u00e0i Shank_815P\" width=\"206\" height=\"300\"><\/a><\/td>\n<\/tr>\n<tr>\n<th>813R<\/th>\n<th>1224R *<\/th>\n<th>609S<\/th>\n<th>412J<\/th>\n<th>616J<\/th>\n<th>816J<\/th>\n<th>1016J<\/th>\n<th>612P<\/th>\n<th>815P<\/th>\n<\/tr>\n<\/tbody>\n<\/table>\n<table class=\"specTable2 center\" width=\"100%\">\n<tbody>\n<tr>\n<td><a href=\"https:\/\/honwaygroup.com\/wp-content\/uploads\/2023\/07\/%E5%B8%B6%E6%9F%84%E7%A0%82%E8%BC%AA_1018P.webp\"><img loading=\"lazy\" decoding=\"async\" class=\"alignnone size-medium wp-image-25930\" src=\"https:\/\/honwaygroup.com\/wp-content\/uploads\/2023\/07\/%E5%B8%B6%E6%9F%84%E7%A0%82%E8%BC%AA_1018P-206x300.webp\" alt=\"\u0110\u00e1 m\u00e0i Shank_1018P\" width=\"206\" height=\"300\"><\/a><\/td>\n<td><a href=\"https:\/\/honwaygroup.com\/wp-content\/uploads\/2023\/07\/%E5%B8%B6%E6%9F%84%E7%A0%82%E8%BC%AA_306K.webp\"><img loading=\"lazy\" decoding=\"async\" class=\"alignnone size-medium wp-image-26018\" src=\"https:\/\/honwaygroup.com\/wp-content\/uploads\/2023\/07\/%E5%B8%B6%E6%9F%84%E7%A0%82%E8%BC%AA_306K-206x300.webp\" alt=\"\u0110\u00e1 m\u00e0i Shank_306K\" width=\"206\" height=\"300\"><\/a><\/td>\n<td><a href=\"https:\/\/honwaygroup.com\/wp-content\/uploads\/2023\/07\/%E5%B8%B6%E6%9F%84%E7%A0%82%E8%BC%AA_412K.webp\"><img loading=\"lazy\" decoding=\"async\" class=\"alignnone size-medium wp-image-25994\" src=\"https:\/\/honwaygroup.com\/wp-content\/uploads\/2023\/07\/%E5%B8%B6%E6%9F%84%E7%A0%82%E8%BC%AA_412K-206x300.webp\" alt=\"\u0110\u00e1 m\u00e0i Shank_412K\" width=\"206\" height=\"300\"><\/a><\/td>\n<td><a href=\"https:\/\/honwaygroup.com\/wp-content\/uploads\/2023\/07\/%E5%B8%B6%E6%9F%84%E7%A0%82%E8%BC%AA_515K.webp\"><img loading=\"lazy\" decoding=\"async\" class=\"alignnone size-medium wp-image-25982\" src=\"https:\/\/honwaygroup.com\/wp-content\/uploads\/2023\/07\/%E5%B8%B6%E6%9F%84%E7%A0%82%E8%BC%AA_515K-206x300.webp\" alt=\"\u0110\u00e1 m\u00e0i Shank_515K\" width=\"206\" height=\"300\"><\/a><\/td>\n<td><a href=\"https:\/\/honwaygroup.com\/wp-content\/uploads\/2023\/07\/%E5%B8%B6%E6%9F%84%E7%A0%82%E8%BC%AA_816K.webp\"><img loading=\"lazy\" decoding=\"async\" class=\"alignnone size-medium wp-image-25942\" src=\"https:\/\/honwaygroup.com\/wp-content\/uploads\/2023\/07\/%E5%B8%B6%E6%9F%84%E7%A0%82%E8%BC%AA_816K-206x300.jpg\" alt=\"\u0110\u00e1 m\u00e0i Shank_816K\" width=\"206\" height=\"300\"><\/a><\/td>\n<td><a href=\"https:\/\/honwaygroup.com\/wp-content\/uploads\/2023\/07\/%E5%B8%B6%E6%9F%84%E7%A0%82%E8%BC%AA_132E.jpg\"><img loading=\"lazy\" decoding=\"async\" class=\"alignnone size-medium wp-image-26038\" src=\"https:\/\/honwaygroup.com\/wp-content\/uploads\/2023\/07\/%E5%B8%B6%E6%9F%84%E7%A0%82%E8%BC%AA_132E-206x300.jpg\" alt=\"\u0110\u00e1 m\u00e0i Shank_132E\" width=\"206\" height=\"300\"><\/a><\/td>\n<td><a href=\"https:\/\/honwaygroup.com\/wp-content\/uploads\/2023\/07\/%E5%B8%B6%E6%9F%84%E7%A0%82%E8%BC%AA_133E.jpg\"><img loading=\"lazy\" decoding=\"async\" class=\"alignnone size-medium wp-image-26034\" src=\"https:\/\/honwaygroup.com\/wp-content\/uploads\/2023\/07\/%E5%B8%B6%E6%9F%84%E7%A0%82%E8%BC%AA_133E-206x300.jpg\" alt=\"\u0110\u00e1 m\u00e0i Shank_133E\" width=\"206\" height=\"300\"><\/a><\/td>\n<td><a href=\"https:\/\/honwaygroup.com\/wp-content\/uploads\/2023\/07\/%E5%B8%B6%E6%9F%84%E7%A0%82%E8%BC%AA_162E.jpg\"><img loading=\"lazy\" decoding=\"async\" class=\"alignnone size-medium wp-image-26030\" src=\"https:\/\/honwaygroup.com\/wp-content\/uploads\/2023\/07\/%E5%B8%B6%E6%9F%84%E7%A0%82%E8%BC%AA_162E-206x300.jpg\" alt=\"\u0110\u00e1 m\u00e0i Shank_162E\" width=\"206\" height=\"300\"><\/a><\/td>\n<td><a href=\"https:\/\/honwaygroup.com\/wp-content\/uploads\/2023\/07\/%E5%B8%B6%E6%9F%84%E7%A0%82%E8%BC%AA_163E.jpg\"><img loading=\"lazy\" decoding=\"async\" class=\"alignnone size-medium wp-image-26026\" src=\"https:\/\/honwaygroup.com\/wp-content\/uploads\/2023\/07\/%E5%B8%B6%E6%9F%84%E7%A0%82%E8%BC%AA_163E-206x300.jpg\" alt=\"\u0110\u00e1 m\u00e0i Shank_163E\" width=\"206\" height=\"300\"><\/a><\/td>\n<\/tr>\n<tr>\n<th>1018P *<\/th>\n<th>306K<\/th>\n<th>412K<\/th>\n<th>515K<\/th>\n<th>816K<\/th>\n<th>132E<\/th>\n<th>133E<\/th>\n<th>162E *<\/th>\n<th>163E *<\/th>\n<\/tr>\n<\/tbody>\n<\/table>\n<p><strong>minh h\u1ecda:<\/strong><\/p>\n<ul class=\"main_ul\">\n<li><strong>\u0110\u00e1 m\u00e0i c\u00f3 chu\u00f4i c\u00f3 s\u1eb5n v\u1edbi \u0111\u01b0\u1eddng k\u00ednh chu\u00f4i ti\u00eau chu\u1ea9n l\u00e0 \u00d8 3,0mm, v\u1edbi c\u00e1c \u0111\u01b0\u1eddng k\u00ednh chu\u00f4i kh\u00e1c l\u00e0 \u00d8 2,34mm ho\u1eb7c \u00d8 3,175mm. Vui l\u00f2ng ghi r\u00f5 \u0111\u01b0\u1eddng k\u00ednh chu\u00f4i mong mu\u1ed1n khi \u0111\u1eb7t h\u00e0ng.<\/strong><\/li>\n<li><strong>C\u00f3 s\u1eb5n k\u00edch th\u01b0\u1edbc \u275d*\u275e, nh\u01b0ng kh\u00f4ng cung c\u1ea5p tay c\u1ea7m \u00d82,34mm.<\/strong><\/li>\n<\/ul>\n<p>C\u00f3 b\u1ea5t k\u1ef3 th\u1eafc m\u1eafc n\u00e0o kh\u00f4ng? <a href=\"https:\/\/honwaygroup.com\/vi\/lien-he-voi-honway\/\">Li\u00ean h\u1ec7 v\u1edbi HonWay<\/a><\/p>\n","protected":false},"excerpt":{"rendered":"<h5><span style=\"color: #ff0000\"><b>\u25b2Vui l\u00f2ng li\u00ean h\u1ec7 b\u1ed9 ph\u1eadn ch\u0103m s\u00f3c kh\u00e1ch h\u00e0ng \u0111\u1ec3 bi\u1ebft k\u00edch th\u01b0\u1edbc t\u00f9y ch\u1ec9nh.<\/b><\/span><\/h5>\n<h5><span style=\"color: #ff0000\"><b>\u25b2 \u0110\u1eb7t h\u00e0ng s\u1ed1 l\u01b0\u1ee3ng l\u1edbn c\u00f3 th\u1ec3 \u0111\u01b0\u1ee3c h\u01b0\u1edfng chi\u1ebft kh\u1ea5u \u01b0u \u0111\u00e3i, vui l\u00f2ng li\u00ean h\u1ec7 b\u1ed9 ph\u1eadn ch\u0103m s\u00f3c kh\u00e1ch h\u00e0ng \u0111\u1ec3 bi\u1ebft th\u00eam chi ti\u1ebft.<\/b><\/span><\/h5>\n<h5>\u25b2 Vui l\u00f2ng li\u00ean h\u1ec7 b\u1ed9 ph\u1eadn ch\u0103m s\u00f3c kh\u00e1ch h\u00e0ng \u0111\u1ec3 h\u1ecfi v\u1ec1 th\u1eddi gian giao h\u00e0ng c\u1ee7a \u0111\u01a1n \u0111\u1eb7t h\u00e0ng: <a href=\"https:\/\/honwaygroup.com\/vi\/lien-he-voi-honway\/\">Li\u00ean h\u1ec7 HonWay.<\/a><\/h5>\n","protected":false},"featured_media":84473,"template":"","meta":{"site-sidebar-layout":"default","site-content-layout":"default","ast-site-content-layout":"default","site-content-style":"default","site-sidebar-style":"default","ast-global-header-display":"","ast-banner-title-visibility":"","ast-main-header-display":"","ast-hfb-above-header-display":"","ast-hfb-below-header-display":"","ast-hfb-mobile-header-display":"","site-post-title":"","ast-breadcrumbs-content":"","ast-featured-img":"","footer-sml-layout":"","ast-disable-related-posts":"","theme-transparent-header-meta":"default","adv-header-id-meta":"","stick-header-meta":"default","header-above-stick-meta":"","header-main-stick-meta":"","header-below-stick-meta":"","astra-migrate-meta-layouts":"default","ast-page-background-enabled":"default","ast-page-background-meta":{"desktop":{"background-color":"var(--ast-global-color-5)","background-image":"","background-repeat":"repeat","background-position":"center center","background-size":"auto","background-attachment":"scroll","background-type":"","background-media":"","overlay-type":"","overlay-color":"","overlay-opacity":"","overlay-gradient":""},"tablet":{"background-color":"","background-image":"","background-repeat":"repeat","background-position":"center center","background-size":"auto","background-attachment":"scroll","background-type":"","background-media":"","overlay-type":"","overlay-color":"","overlay-opacity":"","overlay-gradient":""},"mobile":{"background-color":"","background-image":"","background-repeat":"repeat","background-position":"center center","background-size":"auto","background-attachment":"scroll","background-type":"","background-media":"","overlay-type":"","overlay-color":"","overlay-opacity":"","overlay-gradient":""}},"ast-content-background-meta":{"desktop":{"background-color":"var(--ast-global-color-4)","background-image":"","background-repeat":"repeat","background-position":"center center","background-size":"auto","background-attachment":"scroll","background-type":"","background-media":"","overlay-type":"","overlay-color":"","overlay-opacity":"","overlay-gradient":""},"tablet":{"background-color":"var(--ast-global-color-4)","background-image":"","background-repeat":"repeat","background-position":"center center","background-size":"auto","background-attachment":"scroll","background-type":"","background-media":"","overlay-type":"","overlay-color":"","overlay-opacity":"","overlay-gradient":""},"mobile":{"background-color":"var(--ast-global-color-4)","background-image":"","background-repeat":"repeat","background-position":"center center","background-size":"auto","background-attachment":"scroll","background-type":"","background-media":"","overlay-type":"","overlay-color":"","overlay-opacity":"","overlay-gradient":""}}},"product_brand":[],"product_cat":[4374,4344],"product_tag":[4799],"class_list":{"0":"post-84472","1":"product","2":"type-product","3":"status-publish","4":"has-post-thumbnail","6":"product_cat-vat-tu-phu-tro-mai-va-danh-bong","7":"product_cat-banh-mai-co-tay-cam","8":"product_tag-da-mai-co-can","9":"desktop-align-left","10":"tablet-align-left","11":"mobile-align-left","12":"ast-product-gallery-layout-horizontal-slider","13":"ast-product-single-variable","14":"ast-product-tabs-layout-horizontal","16":"first","17":"instock","18":"taxable","19":"shipping-taxable","20":"purchasable","21":"product-type-variable"},"_links":{"self":[{"href":"https:\/\/honwaygroup.com\/vi\/wp-json\/wp\/v2\/product\/84472","targetHints":{"allow":["GET"]}}],"collection":[{"href":"https:\/\/honwaygroup.com\/vi\/wp-json\/wp\/v2\/product"}],"about":[{"href":"https:\/\/honwaygroup.com\/vi\/wp-json\/wp\/v2\/types\/product"}],"version-history":[{"count":0,"href":"https:\/\/honwaygroup.com\/vi\/wp-json\/wp\/v2\/product\/84472\/revisions"}],"wp:featuredmedia":[{"embeddable":true,"href":"https:\/\/honwaygroup.com\/vi\/wp-json\/wp\/v2\/media\/84473"}],"wp:attachment":[{"href":"https:\/\/honwaygroup.com\/vi\/wp-json\/wp\/v2\/media?parent=84472"}],"wp:term":[{"taxonomy":"product_brand","embeddable":true,"href":"https:\/\/honwaygroup.com\/vi\/wp-json\/wp\/v2\/product_brand?post=84472"},{"taxonomy":"product_cat","embeddable":true,"href":"https:\/\/honwaygroup.com\/vi\/wp-json\/wp\/v2\/product_cat?post=84472"},{"taxonomy":"product_tag","embeddable":true,"href":"https:\/\/honwaygroup.com\/vi\/wp-json\/wp\/v2\/product_tag?post=84472"}],"curies":[{"name":"wp","href":"https:\/\/api.w.org\/{rel}","templated":true}]}}