{"id":84429,"date":"2016-02-28T19:14:19","date_gmt":"2016-02-28T11:14:19","guid":{"rendered":"https:\/\/honwaygroup.com\/product\/da-dau-edm-df\/"},"modified":"2025-11-25T09:16:56","modified_gmt":"2025-11-25T01:16:56","slug":"da-dau-edm-df","status":"publish","type":"product","link":"https:\/\/honwaygroup.com\/vi\/product\/da-dau-edm-df\/","title":{"rendered":"\u0110\u00e1 m\u00e0i EDM v\u00e0 DF"},"content":{"rendered":"<h3><strong>\u0110\u00e1 m\u00e0i EDM v\u00e0 DF<\/strong><\/h3>\n<p>&nbsp;<\/p>\n<ul>\n<li>\u0110\u00e1 m\u00e0i d\u1ea7u d\u00f2ng <strong>EDM<\/strong>: Lo\u1ea1i b\u1ecf c\u00e1c l\u1edbp b\u1ec1 m\u1eb7t c\u1ee9ng sau khi gia c\u00f4ng <a href=\"https:\/\/zh.wikipedia.org\/zh-hant\/%E7%94%B5%E7%81%AB%E8%8A%B1%E5%8A%A0%E5%B7%A5\" rel=\"nofollow noopener\" target=\"_blank\">EDM<\/a> theo nhi\u1ec1u m\u00f4-\u0111un kh\u00e1c nhau.<\/li>\n<li>\u0110\u00e1 m\u00e0i d\u1ea7u d\u00f2ng <strong>DF<\/strong>: D\u00f9ng \u0111\u1ec3 lo\u1ea1i b\u1ecf v\u1ebft b\u1ea9n v\u00e0 \u0111\u00e1nh b\u00f3ng trong qu\u00e1 tr\u00ecnh gia c\u00f4ng khu\u00f4n m\u1eabu n\u00f3i chung.<\/li>\n<\/ul>\n<h4><strong>H\u00ecnh d\u1ea1ng. K\u00edch th\u01b0\u1edbc.  K\u00edch th\u01b0\u1edbc h\u1ea1t<\/strong><\/h4>\n<table class=\"specTable\" width=\"100%\">\n<tbody>\n<tr>\n<th>H\u00ecnh d\u1ea1ng<\/th>\n<th>K\u00edch th\u01b0\u1edbc<\/th>\n<th>K\u00edch th\u01b0\u1edbc h\u1ea1t<\/th>\n<\/tr>\n<tr>\n<td rowspan=\"10\" width=\"30%\">&nbsp;<\/p>\n<p><strong>h\u00ecnh ch\u1eef nh\u1eadt<\/strong><\/p>\n<p><a href=\"https:\/\/honwaygroup.com\/wp-content\/uploads\/2023\/07\/EDM-%E8%88%87-DF-%E6%B2%B9%E7%9F%B3_%E5%B7%A5%E4%BD%9C%E5%8D%80%E5%9F%9F-1-%E8%A4%87%E6%9C%AC-12.webp\"><img decoding=\"async\" class=\"alignnone size-medium wp-image-25813\" src=\"https:\/\/honwaygroup.com\/wp-content\/uploads\/2023\/07\/EDM-%E8%88%87-DF-%E6%B2%B9%E7%9F%B3_%E5%B7%A5%E4%BD%9C%E5%8D%80%E5%9F%9F-1-%E8%A4%87%E6%9C%AC-12-300x99.webp\" alt=\"\u0110\u00e1 m\u00e0i EDM v\u00e0 DF - h\u00ecnh ch\u1eef nh\u1eadt\" width=\"300\" height=\"99\"><\/a><\/td>\n<td>6 x 3 x 150 mm ( 1\/4&#8243; x 1\/8&#8243; x 6&#8243; )<\/td>\n<td rowspan=\"10\" width=\"30%\">#120 \uff0c #180 \uff0c #220 \uff0c #320 \uff0c #400 \uff0c #600 \uff0c #800 \uff0c #1000 \uff0c #1200<\/td>\n<\/tr>\n<tr>\n<td>6 x 6 x 150 mm ( 1\/4&#8243; x 1\/4&#8243; x 6&#8243; )<\/td>\n<\/tr>\n<tr>\n<td>13 x 1.5 x 150 mm ( 1\/2&#8243; x 1\/16&#8243; x 6&#8243; )<\/td>\n<\/tr>\n<tr>\n<td>13 x 3 x 150 mm ( 1\/2&#8243; x 1\/8&#8243; x 6&#8243; )<\/td>\n<\/tr>\n<tr>\n<td>13 x 6 x 150 mm ( 1\/2&#8243; x 1\/4&#8243; x 6&#8243; )<\/td>\n<\/tr>\n<tr>\n<td>13 x 13 x 150 mm ( 1\/2&#8243; x 1\/2&#8243; x 6&#8243; )<\/td>\n<\/tr>\n<tr>\n<td>25 x 3 x 150 mm ( 1&#8243; x 1\/8&#8243; x 6&#8243; )<\/td>\n<\/tr>\n<tr>\n<td>25 x 6 x 150 mm ( 1&#8243; x 1\/4&#8243; x 6&#8243; )<\/td>\n<\/tr>\n<tr>\n<td>25 x 13 x 150 mm ( 1&#8243; x 1\/2&#8243; x 6&#8243; )<\/td>\n<\/tr>\n<tr>\n<td>10 x 10 x 150 mm ( 3\/8&#8243; x 3\/8&#8243; x 6&#8243; )<\/td>\n<\/tr>\n<tr>\n<td><strong>tr\u00f2n<\/strong><\/p>\n<p><a href=\"https:\/\/honwaygroup.com\/wp-content\/uploads\/2023\/07\/EDM-%E8%88%87-DF-%E6%B2%B9%E7%9F%B3_%E5%B7%A5%E4%BD%9C%E5%8D%80%E5%9F%9F-1-%E8%A4%87%E6%9C%AC-24.webp\"><img decoding=\"async\" class=\"alignnone wp-image-25821\" src=\"https:\/\/honwaygroup.com\/wp-content\/uploads\/2023\/07\/EDM-%E8%88%87-DF-%E6%B2%B9%E7%9F%B3_%E5%B7%A5%E4%BD%9C%E5%8D%80%E5%9F%9F-1-%E8%A4%87%E6%9C%AC-24-300x219.webp\" alt=\"\u0110\u00e1 m\u00e0i EDM v\u00e0 DF - tr\u00f2n\" width=\"200\" height=\"146\"><\/a><\/td>\n<td>6mm tr\u00f2n x 150 mm ( 1\/4&#8243; tr\u00f2n x 6&#8243; )<\/td>\n<td>#120 \uff0c #180 \uff0c #220 \uff0c #320 \uff0c #400 \uff0c #600 \uff0c #800 \uff0c #1000 \uff0c #1200<\/td>\n<\/tr>\n<tr>\n<td><strong>h\u00ecnh b\u00e1n nguy\u1ec7t<\/strong><\/p>\n<p><a href=\"https:\/\/honwaygroup.com\/wp-content\/uploads\/2023\/07\/EDM-%E8%88%87-DF-%E6%B2%B9%E7%9F%B3_%E5%B7%A5%E4%BD%9C%E5%8D%80%E5%9F%9F-1-%E8%A4%87%E6%9C%AC-23.webp\"><img decoding=\"async\" class=\"alignnone wp-image-25817\" src=\"https:\/\/honwaygroup.com\/wp-content\/uploads\/2023\/07\/EDM-%E8%88%87-DF-%E6%B2%B9%E7%9F%B3_%E5%B7%A5%E4%BD%9C%E5%8D%80%E5%9F%9F-1-%E8%A4%87%E6%9C%AC-23-300x219.webp\" alt=\"\u0110\u00e1 m\u00e0i EDM v\u00e0 DF - h\u00ecnh b\u00e1n nguy\u1ec7t\" width=\"200\" height=\"146\"><\/a><\/td>\n<td>6mm h\u00ecnh b\u00e1n nguy\u1ec7t x 150 mm ( 1\/4&#8243; h\u00ecnh b\u00e1n nguy\u1ec7t x 6&#8243; )<\/td>\n<td>#120 \uff0c #180 \uff0c #220 \uff0c #320 \uff0c #400 \uff0c #600 \uff0c #800 \uff0c #1000 \uff0c #1200<\/td>\n<\/tr>\n<tr>\n<td><strong>h\u00ecnh tam gi\u00e1c<\/strong><\/p>\n<p><a href=\"https:\/\/honwaygroup.com\/wp-content\/uploads\/2023\/07\/EDM-%E8%88%87-DF-%E6%B2%B9%E7%9F%B3_%E5%B7%A5%E4%BD%9C%E5%8D%80%E5%9F%9F-1-%E8%A4%87%E6%9C%AC-11.webp\"><img loading=\"lazy\" decoding=\"async\" class=\"alignnone wp-image-25809\" src=\"https:\/\/honwaygroup.com\/wp-content\/uploads\/2023\/07\/EDM-%E8%88%87-DF-%E6%B2%B9%E7%9F%B3_%E5%B7%A5%E4%BD%9C%E5%8D%80%E5%9F%9F-1-%E8%A4%87%E6%9C%AC-11-300x219.webp\" alt=\"\u0110\u00e1 m\u00e0i EDM v\u00e0 DF - h\u00ecnh tam gi\u00e1c\" width=\"200\" height=\"146\"><\/a><\/td>\n<td>6mm h\u00ecnh tam gi\u00e1c x 150 mm ( 1\/4&#8243; h\u00ecnh tam gi\u00e1c x 6&#8243; )<\/td>\n<td>#120 \uff0c #180 \uff0c #220 \uff0c #320 \uff0c #400 \uff0c #600 \uff0c #800 \uff0c #1000 \uff0c #1200<\/td>\n<\/tr>\n<\/tbody>\n<\/table>\n<ul class=\"main_ul\">\n<li><strong>C\u00e1c th\u00f4ng s\u1ed1 k\u1ef9 thu\u1eadt v\u00e0 k\u00edch th\u01b0\u1edbc h\u1ea1t \u0111\u01b0\u1ee3c li\u1ec7t k\u00ea \u1edf tr\u00ean l\u00e0 d\u00e0nh cho c\u00e1c s\u1ea3n ph\u1ea9m ti\u00eau chu\u1ea9n. Vui l\u00f2ng <a href=\"tel:+886-7-2231058\">li\u00ean h\u1ec7 v\u1edbi ch\u00fang t\u00f4i<\/a> n\u1ebfu b\u1ea1n c\u1ea7n th\u00f4ng s\u1ed1 k\u1ef9 thu\u1eadt ho\u1eb7c k\u00edch th\u01b0\u1edbc h\u1ea1t c\u1ee5 th\u1ec3.<\/strong><\/li>\n<\/ul>\n<p>C\u00f3 b\u1ea5t k\u1ef3 th\u1eafc m\u1eafc n\u00e0o kh\u00f4ng? <a href=\"https:\/\/honwaygroup.com\/vi\/lien-he-voi-honway\/\">Li\u00ean h\u1ec7 v\u1edbi HonWay<\/a><\/p>\n","protected":false},"excerpt":{"rendered":"<div id=\"desWrap\">\n<ul>\n<li>\u0110\u00e1 m\u00e0i d\u1ea7u d\u00f2ng<strong> EDM<\/strong>: Ch\u1ee7 y\u1ebfu \u0111\u01b0\u1ee3c s\u1eed d\u1ee5ng \u0111\u1ec3 lo\u1ea1i b\u1ecf c\u00e1c l\u1edbp b\u1ec1 m\u1eb7t c\u1ee9ng sau qu\u00e1 tr\u00ecnh gia c\u00f4ng EDM c\u1ee7a nhi\u1ec1u m\u00f4-\u0111un kh\u00e1c nhau.<\/li>\n<li>\u0110\u00e1 m\u00e0i d\u1ea7u d\u00f2ng <strong>DF<\/strong>: Ch\u1ee7 y\u1ebfu \u0111\u01b0\u1ee3c s\u1eed d\u1ee5ng \u0111\u1ec3 lo\u1ea1i b\u1ecf v\u1ebft b\u1ea9n v\u00e0 \u0111\u00e1nh b\u00f3ng trong qu\u00e1 tr\u00ecnh gia c\u00f4ng khu\u00f4n m\u1eabu n\u00f3i chung.<\/li>\n<\/ul>\n<h5>\u25b2 Vui l\u00f2ng nh\u1eafn tin ri\u00eang cho b\u1ed9 ph\u1eadn ch\u0103m s\u00f3c kh\u00e1ch h\u00e0ng \u0111\u1ec3 h\u1ecfi gi\u00e1: <a href=\"https:\/\/honwaygroup.com\/vi\/lien-he-voi-honway\/\">Li\u00ean h\u1ec7 HonWay.<\/a><\/h5>\n<h5><strong><span style=\"color: #ff0000; font-size: 19.2px;\">\u25b2<\/span><\/strong><strong><span style=\"color: #ff0000; font-size: 19.2px;\">\u0110\u1eb7t h\u00e0ng s\u1ed1 l\u01b0\u1ee3ng l\u1edbn c\u00f3 th\u1ec3 \u0111\u01b0\u1ee3c h\u01b0\u1edfng chi\u1ebft kh\u1ea5u \u01b0u \u0111\u00e3i, vui l\u00f2ng li\u00ean h\u1ec7 b\u1ed9 ph\u1eadn ch\u0103m s\u00f3c kh\u00e1ch h\u00e0ng \u0111\u1ec3 bi\u1ebft th\u00eam chi ti\u1ebft.<br \/>\n<\/span><\/strong><\/h5>\n<h5><strong><span style=\"color: #ff0000; font-size: 19.2px;\">\u25b2<\/span> Th\u1eddi gian giao h\u00e0ng cho<span style=\"color: #ff0000;\"> c\u00e1c \u0111\u01a1n \u0111\u1eb7t h\u00e0ng<\/span> <span style=\"color: #ff0000; font-size: 19.2px;\">\u1edf \u0110\u00e0i Loan<\/span> <span style=\"color: #ff0000; font-size: 19.2px;\">kho\u1ea3ng t\u1eeb 7-14 ng\u00e0y l\u00e0m vi\u1ec7c.<\/span><\/strong><\/h5>\n<h5><strong><span style=\"color: #ff0000; font-size: 19.2px;\">\u25b2 <\/span><span style=\"color: #ff0000;\">Th\u1eddi gian giao h\u00e0ng cho \u0111\u01a1n h\u00e0ng qu\u1ed1c t\u1ebf kho\u1ea3ng t\u1eeb 7-14 ng\u00e0y, th\u1eddi gian nh\u1eadn h\u00e0ng th\u1ef1c t\u1ebf ph\u1ee5 thu\u1ed9c v\u00e0o t\u00ecnh tr\u1ea1ng v\u1eadn chuy\u1ec3n c\u1ee7a c\u00f4ng ty chuy\u1ec3n ph\u00e1t nhanh.<\/span><\/strong><\/h5>\n<\/div>\n","protected":false},"featured_media":84430,"template":"","meta":{"site-sidebar-layout":"default","site-content-layout":"default","ast-site-content-layout":"default","site-content-style":"default","site-sidebar-style":"default","ast-global-header-display":"","ast-banner-title-visibility":"","ast-main-header-display":"","ast-hfb-above-header-display":"","ast-hfb-below-header-display":"","ast-hfb-mobile-header-display":"","site-post-title":"","ast-breadcrumbs-content":"","ast-featured-img":"","footer-sml-layout":"","ast-disable-related-posts":"","theme-transparent-header-meta":"default","adv-header-id-meta":"","stick-header-meta":"default","header-above-stick-meta":"","header-main-stick-meta":"","header-below-stick-meta":"","astra-migrate-meta-layouts":"default","ast-page-background-enabled":"default","ast-page-background-meta":{"desktop":{"background-color":"var(--ast-global-color-5)","background-image":"","background-repeat":"repeat","background-position":"center center","background-size":"auto","background-attachment":"scroll","background-type":"","background-media":"","overlay-type":"","overlay-color":"","overlay-opacity":"","overlay-gradient":""},"tablet":{"background-color":"","background-image":"","background-repeat":"repeat","background-position":"center center","background-size":"auto","background-attachment":"scroll","background-type":"","background-media":"","overlay-type":"","overlay-color":"","overlay-opacity":"","overlay-gradient":""},"mobile":{"background-color":"","background-image":"","background-repeat":"repeat","background-position":"center center","background-size":"auto","background-attachment":"scroll","background-type":"","background-media":"","overlay-type":"","overlay-color":"","overlay-opacity":"","overlay-gradient":""}},"ast-content-background-meta":{"desktop":{"background-color":"var(--ast-global-color-4)","background-image":"","background-repeat":"repeat","background-position":"center center","background-size":"auto","background-attachment":"scroll","background-type":"","background-media":"","overlay-type":"","overlay-color":"","overlay-opacity":"","overlay-gradient":""},"tablet":{"background-color":"var(--ast-global-color-4)","background-image":"","background-repeat":"repeat","background-position":"center center","background-size":"auto","background-attachment":"scroll","background-type":"","background-media":"","overlay-type":"","overlay-color":"","overlay-opacity":"","overlay-gradient":""},"mobile":{"background-color":"var(--ast-global-color-4)","background-image":"","background-repeat":"repeat","background-position":"center center","background-size":"auto","background-attachment":"scroll","background-type":"","background-media":"","overlay-type":"","overlay-color":"","overlay-opacity":"","overlay-gradient":""}}},"product_brand":[],"product_cat":[4374,4343],"product_tag":[4901],"class_list":{"0":"post-84429","1":"product","2":"type-product","3":"status-publish","4":"has-post-thumbnail","6":"product_cat-vat-tu-phu-tro-mai-va-danh-bong","7":"product_cat-edm-va-df-da-mai","8":"product_tag-da-mai","9":"desktop-align-left","10":"tablet-align-left","11":"mobile-align-left","12":"ast-product-gallery-layout-horizontal-slider","13":"ast-product-tabs-layout-horizontal","15":"first","16":"instock","17":"taxable","18":"shipping-taxable","19":"product-type-simple"},"_links":{"self":[{"href":"https:\/\/honwaygroup.com\/vi\/wp-json\/wp\/v2\/product\/84429","targetHints":{"allow":["GET"]}}],"collection":[{"href":"https:\/\/honwaygroup.com\/vi\/wp-json\/wp\/v2\/product"}],"about":[{"href":"https:\/\/honwaygroup.com\/vi\/wp-json\/wp\/v2\/types\/product"}],"version-history":[{"count":0,"href":"https:\/\/honwaygroup.com\/vi\/wp-json\/wp\/v2\/product\/84429\/revisions"}],"wp:featuredmedia":[{"embeddable":true,"href":"https:\/\/honwaygroup.com\/vi\/wp-json\/wp\/v2\/media\/84430"}],"wp:attachment":[{"href":"https:\/\/honwaygroup.com\/vi\/wp-json\/wp\/v2\/media?parent=84429"}],"wp:term":[{"taxonomy":"product_brand","embeddable":true,"href":"https:\/\/honwaygroup.com\/vi\/wp-json\/wp\/v2\/product_brand?post=84429"},{"taxonomy":"product_cat","embeddable":true,"href":"https:\/\/honwaygroup.com\/vi\/wp-json\/wp\/v2\/product_cat?post=84429"},{"taxonomy":"product_tag","embeddable":true,"href":"https:\/\/honwaygroup.com\/vi\/wp-json\/wp\/v2\/product_tag?post=84429"}],"curies":[{"name":"wp","href":"https:\/\/api.w.org\/{rel}","templated":true}]}}