{"id":84427,"date":"2016-02-28T19:34:49","date_gmt":"2016-02-28T11:34:49","guid":{"rendered":"https:\/\/honwaygroup.com\/product\/may-mai-khi-nen-tieu-chuan-ug-500\/"},"modified":"2016-02-28T19:34:49","modified_gmt":"2016-02-28T11:34:49","slug":"may-mai-khi-nen-tieu-chuan-ug-500","status":"publish","type":"product","link":"https:\/\/honwaygroup.com\/vi\/product\/may-mai-khi-nen-tieu-chuan-ug-500\/","title":{"rendered":"M\u00e1y m\u00e0i kh\u00ed n\u00e9n ti\u00eau chu\u1ea9n UG-500."},"content":{"rendered":"<h3><strong>M\u00e1y m\u00e0i kh\u00ed n\u00e9n ti\u00eau chu\u1ea9n UG-500.<\/strong><\/h3>\n<table class=\"specTable\" width=\"100%\">\n<tbody>\n<tr>\n<th>\u00c1p su\u1ea5t \u0111\u1ea7u v\u00e0o <\/th>\n<th>Tr\u1ecdng l\u01b0\u1ee3ng<\/th>\n<th>K\u00edch th\u01b0\u1edbc<\/th>\n<\/tr>\n<tr>\n<td>90psi ( 6.2kg \/ cm<sup>2<\/sup> )<\/td>\n<td>110g<\/td>\n<td>\u00d820 x 160L ( mm )<\/td>\n<\/tr>\n<\/tbody>\n<\/table>\n<h4><strong><br \/>\nL\u1eafp r\u00e1p t\u1ed5ng th\u1ec3<\/strong><\/h4>\n<p>\u0110\u1ec3 gi\u00fap d\u1ee5ng c\u1ee5 kh\u00ed n\u00e9n \u0111\u1ea1t \u0111\u01b0\u1ee3c tr\u1ea1ng th\u00e1i t\u1ed1t nh\u1ea5t v\u00e0 k\u00e9o d\u00e0i tu\u1ed5i th\u1ecd c\u1ee7a n\u00f3, c\u1ea7n k\u1ebft n\u1ed1i ba \u0111i\u1ec3m c\u1ee7a b\u1ed9 k\u1ebft h\u1ee3p s\u1eed d\u1ee5ng, nh\u1eb1m \u0111\u1ea1t \u0111\u01b0\u1ee3c m\u1ee5c \u0111\u00edch l\u1ecdc n\u01b0\u1edbc, \u0111i\u1ec1u ch\u1ec9nh \u00e1p su\u1ea5t kh\u00f4ng kh\u00ed v\u00e0 b\u00f4i tr\u01a1n.<\/p>\n<p><a href=\"https:\/\/honwaygroup.com\/wp-content\/uploads\/2021\/01\/%E5%B7%A6%E5%8F%B3%E6%A9%AB%E7%A7%BB%E5%BC%8F%E6%B0%A3%E5%8B%95%E9%8A%BC%E7%A3%A8%E6%A9%9F_%E5%B7%A5%E4%BD%9C%E5%8D%80%E5%9F%9F-1-%E8%A4%87%E6%9C%AC-52-1.jpg\"><img fetchpriority=\"high\" decoding=\"async\" class=\"aligncenter wp-image-28051\" src=\"https:\/\/honwaygroup.com\/wp-content\/uploads\/2021\/01\/%E5%B7%A6%E5%8F%B3%E6%A9%AB%E7%A7%BB%E5%BC%8F%E6%B0%A3%E5%8B%95%E9%8A%BC%E7%A3%A8%E6%A9%9F_%E5%B7%A5%E4%BD%9C%E5%8D%80%E5%9F%9F-1-%E8%A4%87%E6%9C%AC-52-1-300x127.jpg\" alt=\"\" width=\"600\" height=\"255\"><\/a><\/p>\n<h4><strong>Y\u00eau c\u1ea7u c\u1ea3i thi\u1ec7n hi\u1ec7u su\u1ea5t v\u00e0 tu\u1ed5i th\u1ecd d\u1ecbch v\u1ee5.<\/strong><\/h4>\n<p><strong>\u0110\u1ec3 gi\u00fap d\u1ee5ng c\u1ee5 kh\u00ed n\u00e9n \u0111\u1ea1t \u0111\u01b0\u1ee3c tr\u1ea1ng th\u00e1i t\u1ed1t nh\u1ea5t v\u00e0 k\u00e9o d\u00e0i tu\u1ed5i th\u1ecd c\u1ee7a n\u00f3, c\u1ea7n k\u1ebft n\u1ed1i ba \u0111i\u1ec3m c\u1ee7a b\u1ed9 k\u1ebft h\u1ee3p s\u1eed d\u1ee5ng, nh\u1eb1m \u0111\u1ea1t \u0111\u01b0\u1ee3c m\u1ee5c \u0111\u00edch l\u1ecdc n\u01b0\u1edbc, \u0111i\u1ec1u ch\u1ec9nh \u00e1p su\u1ea5t kh\u00f4ng kh\u00ed v\u00e0 b\u00f4i tr\u01a1n.<\/strong><\/p>\n<ul class=\"main_ul\">\n<li>H\u00e3y \u0111\u1ea3m b\u1ea3o ki\u1ec3m tra c\u00f3 \u0111\u1ee7 ch\u1ea5t b\u00f4i tr\u01a1n trong b\u00ecnh ch\u1ee9a d\u1ea7u c\u1ee7a b\u1ed9 k\u1ebft h\u1ee3p ba \u0111i\u1ec3m tr\u01b0\u1edbc khi s\u1eed d\u1ee5ng d\u1ee5ng c\u1ee5 kh\u00ed n\u00e9n.&#8221;<\/li>\n<li>C\u00e0i \u0111\u1eb7t \u00e1p su\u1ea5t \u0111\u1ea7u v\u00e0o c\u1ee7a b\u1ed9 ba \u0111i\u1ec3m k\u1ebft h\u1ee3p \u1edf m\u1ee9c 90psi (6.2kg\/cm<sup>\u00b2<\/sup>) l\u00e0 t\u1ed1i \u01b0u \u0111\u1ec3 s\u1eed d\u1ee5ng.<\/li>\n<li>Ki\u1ec3m tra xem b\u1ed9 l\u1ecdc n\u01b0\u1edbc ba \u0111i\u1ec3m c\u00f3 \u0111\u1ea7y hay kh\u00f4ng tr\u01b0\u1edbc khi s\u1eed d\u1ee5ng v\u00e0 x\u1ea3 n\u00f3 n\u1ebfu \u0111\u1ea7y.&#8221;<\/li>\n<li>\u0110i\u1ec1u ch\u1ec9nh l\u01b0\u1ee3ng d\u1ea7u v\u00e0o c\u1ee7a b\u1ed9 ba \u0111i\u1ec3m k\u1ebft h\u1ee3p, khuy\u1ebfn ngh\u1ecb kho\u1ea3ng 2CC m\u1ed7i ph\u00fat (khi s\u1eed d\u1ee5ng th\u01b0\u1eddng xuy\u00ean).<\/li>\n<li>N\u1ebfu b\u1ea1n \u0111ang ngh\u1ec9 ph\u00e9p ho\u1eb7c kh\u00f4ng s\u1eed d\u1ee5ng c\u00f4ng c\u1ee5 kh\u00ed n\u00e9n trong m\u1ed9t th\u1eddi gian d\u00e0i, vui l\u00f2ng t\u0103ng l\u01b0\u1ee3ng d\u1ea7u b\u00f4i tr\u01a1n c\u1ee7a b\u1ed9 ba \u0111i\u1ec3m l\u00ean 4cc m\u1ed7i ph\u00fat khi b\u1ea1n b\u1eadt c\u00f4ng c\u1ee5 kh\u00ed n\u00e9n l\u1ea7n \u0111\u1ea7u ti\u00ean. Sau \u0111\u00f3, \u0111\u1ec3 c\u00f4ng c\u1ee5 kh\u00ed n\u00e9n ch\u1ea1y kh\u00f4ng t\u1ea3i \u1edf t\u1ed1c \u0111\u1ed9 th\u1ea5p trong 20-30 gi\u00e2y, nh\u1eb1m cho d\u1ea7u b\u00f4i tr\u01a1n \u0111\u1ebfn t\u1eebng b\u1ed9 ph\u1eadn. Sau \u0111\u00f3, \u0111i\u1ec1u ch\u1ec9nh v\u1ec1 t\u1ed1c \u0111\u1ed9 b\u00ecnh th\u01b0\u1eddng \u0111\u1ec3 s\u1eed d\u1ee5ng c\u00f4ng c\u1ee5 kh\u00ed n\u00e9n.<\/li>\n<li>L\u1ef1a ch\u1ecdn ch\u1ea5t b\u00f4i tr\u01a1n: Kh\u00f4ng n\u00ean s\u1eed d\u1ee5ng ch\u1ea5t b\u00f4i tr\u01a1n c\u00f3 \u0111\u1ed9 nh\u1edbt qu\u00e1 cao. Ch\u00fang t\u00f4i khuy\u1ebfn ngh\u1ecb s\u1eed d\u1ee5ng <a href=\"https:\/\/www.cpc.com.tw\/cl.aspx?n=3192\" rel=\"nofollow noopener\" target=\"_blank\">d\u1ea7u t\u00e1i ch\u1ebf R32.<\/a> <\/li>\n<\/ul>\n<h4><strong><br \/>\n\u0110i\u1ec1u ki\u1ec7n v\u1eadn h\u00e0nh, c\u00e0i \u0111\u1eb7t b\u1eaft \u0111\u1ea7u\/d\u1eebng:<\/strong><\/h4>\n<ul class=\"main_ul\">\n<li>Ch\u1ee9c n\u0103ng B\u1eacT\/T\u1eaeT \u0111\u01b0\u1ee3c \u0111i\u1ec1u khi\u1ec3n th\u00f4ng qua c\u00f4ng t\u1eafc d\u1ea1ng xoay. V\u1edbi th\u00e2n van c\u00f4ng t\u1eafc h\u01b0\u1edbng v\u1ec1 ph\u00eda ng\u01b0\u1eddi d\u00f9ng, xoay ng\u01b0\u1ee3c chi\u1ec1u kim \u0111\u1ed3ng h\u1ed3 s\u1ebd k\u00edch ho\u1ea1t tr\u1ea1ng th\u00e1i B\u1eacT, trong khi xoay theo chi\u1ec1u kim \u0111\u1ed3ng h\u1ed3 s\u1ebd \u0111\u01b0a v\u1ec1 tr\u1ea1ng th\u00e1i T\u1eaeT. <br \/>\u203b Tr\u01b0\u1edbc khi v\u1eadn h\u00e0nh b\u1ea5t k\u1ef3 c\u00f4ng c\u1ee5 kh\u00ed n\u00e9n n\u00e0o, \u0111i\u1ec1u c\u1ea7n thi\u1ebft l\u00e0 ph\u1ea3i x\u00e1c minh r\u1eb1ng c\u00f4ng t\u1eafc \u0111ang \u1edf v\u1ecb tr\u00ed &#8220;T\u1eaeT&#8221;.<\/li>\n<li>Khi b\u1eadt c\u00f4ng t\u1eafc c\u1ee7a d\u1ee5ng c\u1ee5 kh\u00ed n\u00e9n, vui l\u00f2ng xoay n\u00f3 90\u00b0, \u0111\u1ec3 \u0111\u1ea1t \u0111\u01b0\u1ee3c t\u1ed1c \u0111\u1ed9 ho\u1ea1t \u0111\u1ed9ng t\u1ed1i \u0111a. N\u1ebfu g\u00f3c xoay qu\u00e1 l\u1edbn, kh\u00f4ng nh\u1eefng kh\u00f4ng c\u00f3 hi\u1ec7u qu\u1ea3 m\u00e0 c\u00f2n c\u00f3 th\u1ec3 l\u00e0m r\u01a1i v\u00e0 h\u1ecfng van c\u00f4ng t\u1eafc. <\/li>\n<\/ul>\n<h4><strong>Thi\u1ebft b\u1ecb b\u1ea3o v\u1ec7<\/strong><\/h4>\n<p>&#8220;Vui l\u00f2ng \u0111eo c\u00e1c thi\u1ebft b\u1ecb b\u1ea3o h\u1ed9 c\u1ea7n thi\u1ebft nh\u01b0 n\u00fat tai, k\u00ednh b\u1ea3o h\u1ed9, t\u1ea1p d\u1ec1 an to\u00e0n, m\u0169 b\u1ea3o h\u1ed9, g\u0103ng tay, v.v. khi s\u1eed d\u1ee5ng.&#8221;<\/p>\n<h4><strong><br \/>\nL\u01b0u tr\u1eef d\u1ee5ng c\u1ee5 kh\u00ed n\u00e9n sau khi s\u1eed d\u1ee5ng<\/strong><\/h4>\n<p>D\u1ee5ng c\u1ee5 ph\u1ea3i \u0111\u01b0\u1ee3c gi\u1eef \u1edf n\u01a1i s\u1ea1ch s\u1ebd v\u00e0 kh\u00f4 r\u00e1o, v\u00e0 n\u00ean \u0111\u01b0\u1ee3c l\u01b0u tr\u1eef \u1edf n\u01a1i c\u00f3 nhi\u1ec7t \u0111\u1ed9 \u1ed5n \u0111\u1ecbnh \u0111\u1ec3 tr\u00e1nh c\u00e1c thay \u0111\u1ed5i nhi\u1ec7t \u0111\u1ed9 \u0111\u1ed9t ng\u1ed9t. Kh\u00f4ng \u0111\u01b0\u1ee3c \u0111\u1eb7t d\u1ee5ng c\u1ee5 kh\u00ed n\u00e9n xu\u1ed1ng cho \u0111\u1ebfn khi n\u00f3 \u0111\u00e3 ho\u00e0n to\u00e0n ng\u1eebng ho\u1ea1t \u0111\u1ed9ng trong qu\u00e1 tr\u00ecnh s\u1eed d\u1ee5ng.  <\/p>\n<h4><strong><br \/>\nC\u00e1c quy t\u1eafc an to\u00e0n v\u00e0 nh\u1eafc nh\u1edf chi ti\u1ebft<\/strong><\/h4>\n<p><strong>An to\u00e0n l\u00e0 y\u1ebfu t\u1ed1 ch\u00ednh c\u1ea7n xem x\u00e9t khi s\u1eed d\u1ee5ng d\u1ee5ng c\u1ee5 kh\u00ed n\u00e9n. D\u1ee5ng c\u1ee5 kh\u00ed n\u00e9n ph\u1ea3i \u0111\u01b0\u1ee3c v\u1eadn h\u00e0nh trong \u0111i\u1ec1u ki\u1ec7n an to\u00e0n, vui l\u00f2ng \u0111\u1ecdc c\u00e1c \u0111i\u1ec1u kho\u1ea3n sau tr\u01b0\u1edbc khi s\u1eed d\u1ee5ng v\u00e0 s\u1eed d\u1ee5ng d\u1ee5ng c\u1ee5 kh\u00ed n\u00e9n m\u1ed9t c\u00e1ch an to\u00e0n.  <\/strong><\/p>\n<ul class=\"main_ul\">\n<li>C\u00f4ng c\u1ee5 kh\u00ed n\u00e9n n\u00e0y \u0111\u01b0\u1ee3c thi\u1ebft k\u1ebf \u0111\u1ec3 s\u1eed d\u1ee5ng trong c\u00f4ng nghi\u1ec7p, nh\u01b0 m\u00e0i, kh\u1eafc v\u00e0 \u0111\u00e1nh b\u00f3ng tinh t\u1ebf, v\u00e0 kh\u00f4ng \u0111\u01b0\u1ee3c s\u1eed d\u1ee5ng tr\u00ean con ng\u01b0\u1eddi!<\/li>\n<li>Ki\u1ec3m tra \u00e1p su\u1ea5t kh\u00ed tr\u01b0\u1edbc khi v\u1eadn h\u00e0nh. \u00c1p su\u1ea5t kh\u00ed d\u01b0\u1edbi 90psi (6.2kg\/cm<sup>\u00b2<\/sup>) s\u1ebd l\u00e0m gi\u1ea3m t\u1ed1c \u0111\u1ed9 v\u00e0 l\u1ef1c, nh\u01b0ng tr\u00ean 90psi s\u1ebd d\u1eabn \u0111\u1ebfn ho\u1ea1t \u0111\u1ed9ng v\u01b0\u1ee3t qu\u00e1 t\u1ed1c \u0111\u1ed9, r\u1ea5t nguy hi\u1ec3m v\u00e0 s\u1ebd r\u00fat ng\u1eafn tu\u1ed5i th\u1ecd c\u1ee7a c\u00f4ng c\u1ee5! <\/li>\n<li>Vui l\u00f2ng s\u1eed d\u1ee5ng c\u00e1c v\u1eadt li\u1ec7u m\u00e0i ch\u1ea5t l\u01b0\u1ee3ng t\u1ed1t, kh\u00f4ng s\u1eed d\u1ee5ng c\u00e1c v\u1eadt li\u1ec7u b\u1ecb h\u1ecfng ho\u1eb7c k\u00e9m ch\u1ea5t l\u01b0\u1ee3ng<br \/>.<\/li>\n<li>N\u1ebfu m\u1ee9c \u0111\u1ed9 ti\u1ebfng \u1ed3n v\u01b0\u1ee3t qu\u00e1 85dB(A), ng\u01b0\u1eddi v\u1eadn h\u00e0nh ph\u1ea3i \u0111eo n\u00fat tai ho\u1eb7c thi\u1ebft b\u1ecb b\u1ea3o v\u1ec7 tai.<\/li>\n<li>Vi\u1ec7c s\u1eed d\u1ee5ng k\u00e9o d\u00e0i c\u00f3 th\u1ec3 d\u1eabn \u0111\u1ebfn ch\u1ea5n th\u01b0\u01a1ng li\u00ean quan \u0111\u1ebfn c\u00f4ng vi\u1ec7c do rung \u0111\u1ed9ng, \u0111\u1eb7c bi\u1ec7t l\u00e0 \u1edf l\u00f2ng b\u00e0n tay v\u00e0 c\u00e1nh tay. Ch\u1ea5n th\u01b0\u01a1ng li\u00ean quan \u0111\u1ebfn rung \u0111\u1ed9ng ph\u1ee5 thu\u1ed9c v\u00e0o nhi\u1ec1u y\u1ebfu t\u1ed1 nh\u01b0 lo\u1ea1i v\u1eadt li\u1ec7u m\u00e0i \u0111\u01b0\u1ee3c s\u1eed d\u1ee5ng, quy tr\u00ecnh s\u1ea3n xu\u1ea5t, t\u00ecnh tr\u1ea1ng s\u1ee9c kh\u1ecfe c\u1ee7a ng\u01b0\u1eddi s\u1eed d\u1ee5ng, m\u00f4i tr\u01b0\u1eddng l\u00e0m vi\u1ec7c, th\u1eddi gian l\u00e0m vi\u1ec7c, nhi\u1ec7t \u0111\u1ed9, v.v. Do \u0111\u00f3, ng\u01b0\u1eddi v\u1eadn h\u00e0nh s\u1eed d\u1ee5ng c\u00f4ng c\u1ee5 kh\u00ed n\u00e9n ph\u1ea3i tu\u00e2n th\u1ee7 c\u00e1c quy \u0111\u1ecbnh c\u1ee7a ISO 5349.   <\/li>\n<li>Khi s\u1eed d\u1ee5ng, h\u00e3y ch\u00fa \u00fd \u0111\u1ebfn t\u00f3c, qu\u1ea7n \u00e1o l\u1ecfng ho\u1eb7c c\u00e0 v\u1ea1t, v.v., \u0111\u1ec3 tr\u00e1nh b\u1ecb d\u1ee5ng c\u1ee5 kh\u00ed n\u00e9n cu\u1ed1n v\u00e0o.<\/li>\n<li>Khu v\u1ef1c l\u00e0m vi\u1ec7c c\u1ea7n \u0111\u01b0\u1ee3c th\u00f4ng gi\u00f3 t\u1ed1t, t\u1ed1t nh\u1ea5t n\u00ean s\u1eed d\u1ee5ng m\u00e1y h\u00fat b\u1ee5i \u0111\u1ec3 tr\u00e1nh h\u00edt ph\u1ea3i b\u1ee5i ho\u1eb7c kh\u00ed th\u1ea3i t\u1eeb m\u00e1y n\u00e9n kh\u00ed.<\/li>\n<li>N\u1ebfu b\u1ea5t k\u1ef3 ch\u1ea5t b\u00f4i tr\u01a1n n\u00e0o d\u00ednh v\u00e0o m\u1eaft ho\u1eb7c v\u00f4 t\u00ecnh nu\u1ed1t ph\u1ea3i, h\u00e3y t\u00ecm ki\u1ebfm s\u1ef1 ch\u0103m s\u00f3c y t\u1ebf ngay l\u1eadp t\u1ee9c.<\/li>\n<li>Kh\u00f4ng s\u1eeda \u0111\u1ed5i ho\u1eb7c th\u00e1o r\u1eddi d\u1ee5ng c\u1ee5 kh\u00ed n\u00e9n m\u00e0 kh\u00f4ng c\u00f3 s\u1ef1 cho ph\u00e9p ho\u1eb7c \u0111\u1ed3ng \u00fd c\u1ee7a nh\u00e0 s\u1ea3n xu\u1ea5t.<\/li>\n<li>\u0110i\u1ec1u quan tr\u1ecdng l\u00e0 kh\u00f4ng ch\u1ea1m v\u00e0o c\u00e1c v\u1eadt li\u1ec7u m\u00e0i \u0111ang quay khi d\u1ee5ng c\u1ee5 kh\u00ed n\u00e9n \u0111ang ho\u1ea1t \u0111\u1ed9ng.<\/li>\n<li>\u0110\u1ea3m b\u1ea3o r\u1eb1ng c\u00e1c tia l\u1eeda sinh ra s\u1ebd kh\u00f4ng g\u00e2y nguy hi\u1ec3m cho nh\u1eefng ng\u01b0\u1eddi xung quanh ho\u1eb7c b\u1eafn v\u00e0o c\u00e1c ch\u1ea5t d\u1ec5 ch\u00e1y, v.v.<\/li>\n<li>\u0110\u1ea3m b\u1ea3o r\u1eb1ng v\u1eadt li\u1ec7u \u0111ang \u0111\u01b0\u1ee3c x\u1eed l\u00fd \u0111\u00e3 \u0111\u01b0\u1ee3c h\u1ed7 tr\u1ee3 ho\u1eb7c c\u1ed1 \u0111\u1ecbnh \u0111\u00fang c\u00e1ch \u0111\u1ec3 ng\u0103n ch\u1eb7n v\u1eadt li\u1ec7u b\u1ecb v\u0103ng ra ngo\u00e0i.<\/li>\n<li>Kh\u00f4ng s\u1eed d\u1ee5ng \u1ed1ng kh\u00ed ngo\u00e0i thi\u1ebft b\u1ecb ti\u00eau chu\u1ea9n v\u00e0 kh\u00f4ng k\u00e9o m\u1ea1nh \u1ed1ng kh\u00ed trong khi s\u1eed d\u1ee5ng.<\/li>\n<\/ul>\n<h4><strong>H\u01b0\u1edbng d\u1eabn an to\u00e0n li\u00ean quan \u0111\u1ebfn chi\u1ec1u d\u00e0i k\u1eb9p, t\u1ed1c \u0111\u1ed9 quay v\u00e0 chi\u1ec1u d\u00e0i m\u1edf r\u1ed9ng.<br \/>\n<\/strong><strong>L\u01b0u \u00fd: Chi\u1ec1u d\u00e0i k\u1eb9p L kh\u00f4ng \u0111\u01b0\u1ee3c d\u01b0\u1edbi 10mm.<\/strong><\/h4>\n<p>&nbsp;<\/p>\n<p><a href=\"https:\/\/honwaygroup.com\/wp-content\/uploads\/2021\/01\/US-200-%E5%B7%A6%E5%8F%B3%E6%A9%AB%E7%A7%BB%E5%BC%8F%E6%B0%A3%E5%8B%95%E9%8A%BC%E7%A3%A8%E6%A9%9F_%E5%B7%A5%E4%BD%9C%E5%8D%80%E5%9F%9F-1-%E8%A4%87%E6%9C%AC-53-2.jpg\"><img decoding=\"async\" class=\"alignnone size-medium wp-image-28061\" src=\"https:\/\/honwaygroup.com\/wp-content\/uploads\/2021\/01\/US-200-%E5%B7%A6%E5%8F%B3%E6%A9%AB%E7%A7%BB%E5%BC%8F%E6%B0%A3%E5%8B%95%E9%8A%BC%E7%A3%A8%E6%A9%9F_%E5%B7%A5%E4%BD%9C%E5%8D%80%E5%9F%9F-1-%E8%A4%87%E6%9C%AC-53-2-300x151.jpg\" alt=\"\" width=\"300\" height=\"151\"><\/a><\/p>\n<table class=\"specTable2\" width=\"100%\">\n<tbody>\n<tr>\n<th rowspan=\"2\">\u00d8D ( mm )<\/th>\n<th rowspan=\"2\">T ( mm )<\/th>\n<th colspan=\"3\">Chi\u1ec1u d\u00e0i m\u1edf r\u1ed9ng s\u1ee3i H (mm) \u0111\u01b0\u1ee3c khuy\u1ebfn ngh\u1ecb.<\/th>\n<\/tr>\n<tr>\n<th>13mm<\/th>\n<th>25mm<\/th>\n<th>38mm<\/th>\n<\/tr>\n<tr>\n<td>3.0<\/td>\n<td>13<\/td>\n<td>105,000rpm<\/td>\n<td>64,000rpm<\/td>\n<td>46,650rpm<\/td>\n<\/tr>\n<tr>\n<td>6.0<\/td>\n<td>13<\/td>\n<td>60,000rpm<\/td>\n<td>38,000rpm<\/td>\n<td>26,250rpm<\/td>\n<\/tr>\n<tr>\n<td>9.5<\/td>\n<td>13<\/td>\n<td>45,370rpm<\/td>\n<td>28,500rpm<\/td>\n<td>21,000rpm<\/td>\n<\/tr>\n<tr>\n<td>9.5<\/td>\n<td>25<\/td>\n<td>26,250rpm<\/td>\n<td>18,750rpm<\/td>\n<td>14,250rpm<\/td>\n<\/tr>\n<tr>\n<td>13<\/td>\n<td>13<\/td>\n<td>34,500rpm<\/td>\n<td>22,500rpm<\/td>\n<td>16,870rpm<\/td>\n<\/tr>\n<tr>\n<td>13<\/td>\n<td>25<\/td>\n<td>20,620rpm<\/td>\n<td>13,870rpm<\/td>\n<td>10,120rpm<\/td>\n<\/tr>\n<\/tbody>\n<\/table>\n<ul>\n<li><strong>L = \u0110\u1ed9 d\u00e0i k\u1eb9p<\/strong><\/li>\n<li><strong>H = \u0110\u1ed9 d\u00e0i nh\u00f4 ra c\u1ee7a v\u1eadt li\u1ec7u ti\u00eau hao<\/strong><\/li>\n<li><strong>T = Chi\u1ec1u d\u00e0i v\u1eadt li\u1ec7u m\u00e0i<\/strong><\/li>\n<li><strong>\u00d8D = \u0110\u01b0\u1eddng k\u00ednh thanh m\u00e0i.<\/strong><\/li>\n<\/ul>\n<p>C\u00f3 c\u00e2u h\u1ecfi n\u00e0o kh\u00f4ng? <a href=\"https:\/\/honwaygroup.com\/vi\/lien-he-voi-honway\/\">Li\u00ean h\u1ec7 HonWay<\/a><\/p>\n","protected":false},"excerpt":{"rendered":"<div id=\"desWrap\">\n<ul>\n<li>M\u00e1y m\u00e0i ch\u00ednh x\u00e1c v\u1edbi m\u00f4-men xo\u1eafn cao, ti\u1ebfng \u1ed3n th\u1ea5p.<\/li>\n<li>Ph\u00f9 h\u1ee3p cho c\u00e1c ho\u1ea1t \u0111\u1ed9ng m\u00e0i ch\u00ednh x\u00e1c v\u00e0 l\u00e0m s\u1ea1ch.<\/li>\n<li>\u0110\u1ea7u k\u1eb9p thay th\u1ebf<strong>: <\/strong>\u0110\u1ea7u k\u1eb9p ti\u00eau chu\u1ea9n l\u00e0 \u00d83.0mm, c\u00e1c \u0111\u1ea7u k\u1eb9p t\u00f9y ch\u1ecdn \u00d82.34 ho\u1eb7c \u00d83.175mm c\u0169ng c\u00f3 s\u1eb5n.<\/li>\n<\/ul>\n<h5><strong><span style=\"color: #ff0000; font-size: 19.2px;\">\u25b2 Vui l\u00f2ng li\u00ean h\u1ec7 d\u1ecbch v\u1ee5 kh\u00e1ch h\u00e0ng \u0111\u1ec3 mua ph\u1ee5 ki\u1ec7n. <\/span><\/strong><strong><span style=\"color: #ff0000; font-size: 19.2px;\">Ng\u00e0y giao h\u00e0ng s\u1ebd d\u1ef1a tr\u00ean th\u1eddi gian \u0111\u01b0\u1ee3c th\u00f4ng b\u00e1o b\u1edfi d\u1ecbch v\u1ee5 kh\u00e1ch h\u00e0ng.<\/span><\/strong><\/h5>\n<h5><strong><span style=\"color: #ff0000; font-size: 19.2px;\">\u25b2 <\/span><\/strong><strong><span style=\"color: #ff0000; font-size: 19.2px;\">\u0110\u01a1n h\u00e0ng l\u1edbn c\u00f3 th\u1ec3 \u0111\u01b0\u1ee3c h\u01b0\u1edfng \u01b0u \u0111\u00e3i gi\u1ea3m gi\u00e1, vui l\u00f2ng li\u00ean h\u1ec7 v\u1edbi b\u1ed9 ph\u1eadn ch\u0103m s\u00f3c kh\u00e1ch h\u00e0ng.<\/span><\/strong><\/h5>\n<h5><strong><span style=\"color: #ff0000; font-size: 19.2px;\">\u25b2<\/span><span style=\"color: #ff0000;\">\u0110\u01a1n \u0111\u1eb7t h\u00e0ng<\/span> t\u1eeb <span style=\"color: #ff0000; font-size: 19.2px;\">\u0110\u00e0i Loan<\/span> <span style=\"color: #ff0000; font-size: 19.2px;\">s\u1ebd \u0111\u01b0\u1ee3c giao trong kho\u1ea3ng 7-14 ng\u00e0y.<\/span><\/strong><\/h5>\n<h5><strong><span style=\"color: #ff0000; font-size: 19.2px;\">\u25b2<\/span><span style=\"color: #ff0000;\">\u0110\u01a1n h\u00e0ng qu\u1ed1c t\u1ebf s\u1ebd \u0111\u01b0\u1ee3c giao trong kho\u1ea3ng 7-14 ng\u00e0y. Th\u1eddi gian giao h\u00e0ng th\u1ef1c t\u1ebf ph\u1ee5 thu\u1ed9c v\u00e0o t\u00ecnh h\u00ecnh giao h\u00e0ng c\u1ee7a c\u00f4ng ty chuy\u1ec3n ph\u00e1t. <\/span><\/strong><\/h5>\n<\/div>\n","protected":false},"featured_media":84428,"template":"","meta":{"site-sidebar-layout":"default","site-content-layout":"default","ast-site-content-layout":"default","site-content-style":"default","site-sidebar-style":"default","ast-global-header-display":"","ast-banner-title-visibility":"","ast-main-header-display":"","ast-hfb-above-header-display":"","ast-hfb-below-header-display":"","ast-hfb-mobile-header-display":"","site-post-title":"","ast-breadcrumbs-content":"","ast-featured-img":"","footer-sml-layout":"","ast-disable-related-posts":"","theme-transparent-header-meta":"default","adv-header-id-meta":"","stick-header-meta":"default","header-above-stick-meta":"","header-main-stick-meta":"","header-below-stick-meta":"","astra-migrate-meta-layouts":"default","ast-page-background-enabled":"default","ast-page-background-meta":{"desktop":{"background-color":"var(--ast-global-color-5)","background-image":"","background-repeat":"repeat","background-position":"center center","background-size":"auto","background-attachment":"scroll","background-type":"","background-media":"","overlay-type":"","overlay-color":"","overlay-opacity":"","overlay-gradient":""},"tablet":{"background-color":"","background-image":"","background-repeat":"repeat","background-position":"center center","background-size":"auto","background-attachment":"scroll","background-type":"","background-media":"","overlay-type":"","overlay-color":"","overlay-opacity":"","overlay-gradient":""},"mobile":{"background-color":"","background-image":"","background-repeat":"repeat","background-position":"center center","background-size":"auto","background-attachment":"scroll","background-type":"","background-media":"","overlay-type":"","overlay-color":"","overlay-opacity":"","overlay-gradient":""}},"ast-content-background-meta":{"desktop":{"background-color":"var(--ast-global-color-4)","background-image":"","background-repeat":"repeat","background-position":"center center","background-size":"auto","background-attachment":"scroll","background-type":"","background-media":"","overlay-type":"","overlay-color":"","overlay-opacity":"","overlay-gradient":""},"tablet":{"background-color":"var(--ast-global-color-4)","background-image":"","background-repeat":"repeat","background-position":"center center","background-size":"auto","background-attachment":"scroll","background-type":"","background-media":"","overlay-type":"","overlay-color":"","overlay-opacity":"","overlay-gradient":""},"mobile":{"background-color":"var(--ast-global-color-4)","background-image":"","background-repeat":"repeat","background-position":"center center","background-size":"auto","background-attachment":"scroll","background-type":"","background-media":"","overlay-type":"","overlay-color":"","overlay-opacity":"","overlay-gradient":""}}},"product_brand":[],"product_cat":[4425,4424,4712,4707,4426,4427],"product_tag":[4830,4827,4733],"class_list":{"0":"post-84427","1":"product","2":"type-product","3":"status-publish","4":"has-post-thumbnail","6":"product_cat-cat","7":"product_cat-hinh-thuc-ung-dung","8":"product_cat-may-mai-khac-khi-nen-dang-xoay","9":"product_cat-may-mai-khi-nen","10":"product_cat-vat-lieu-danh-bong","11":"product_cat-xu-ly-bavia","12":"product_tag-dung-cu-khi-nen","13":"product_tag-may-mai-xoay-khi-nen","14":"product_tag-ug-500-vi","15":"desktop-align-left","16":"tablet-align-left","17":"mobile-align-left","18":"ast-product-gallery-layout-horizontal-slider","19":"ast-product-gallery-with-no-image","20":"ast-product-tabs-layout-horizontal","22":"first","23":"instock","24":"taxable","25":"shipping-taxable","26":"purchasable","27":"product-type-simple"},"_links":{"self":[{"href":"https:\/\/honwaygroup.com\/vi\/wp-json\/wp\/v2\/product\/84427","targetHints":{"allow":["GET"]}}],"collection":[{"href":"https:\/\/honwaygroup.com\/vi\/wp-json\/wp\/v2\/product"}],"about":[{"href":"https:\/\/honwaygroup.com\/vi\/wp-json\/wp\/v2\/types\/product"}],"version-history":[{"count":0,"href":"https:\/\/honwaygroup.com\/vi\/wp-json\/wp\/v2\/product\/84427\/revisions"}],"wp:featuredmedia":[{"embeddable":true,"href":"https:\/\/honwaygroup.com\/vi\/wp-json\/wp\/v2\/media\/84428"}],"wp:attachment":[{"href":"https:\/\/honwaygroup.com\/vi\/wp-json\/wp\/v2\/media?parent=84427"}],"wp:term":[{"taxonomy":"product_brand","embeddable":true,"href":"https:\/\/honwaygroup.com\/vi\/wp-json\/wp\/v2\/product_brand?post=84427"},{"taxonomy":"product_cat","embeddable":true,"href":"https:\/\/honwaygroup.com\/vi\/wp-json\/wp\/v2\/product_cat?post=84427"},{"taxonomy":"product_tag","embeddable":true,"href":"https:\/\/honwaygroup.com\/vi\/wp-json\/wp\/v2\/product_tag?post=84427"}],"curies":[{"name":"wp","href":"https:\/\/api.w.org\/{rel}","templated":true}]}}