{"id":84425,"date":"2017-06-13T15:16:22","date_gmt":"2017-06-13T07:16:22","guid":{"rendered":"https:\/\/honwaygroup.com\/product\/abrasives-kim-cuong-dang-long\/"},"modified":"2025-11-17T11:56:32","modified_gmt":"2025-11-17T03:56:32","slug":"abrasives-kim-cuong-dang-long","status":"publish","type":"product","link":"https:\/\/honwaygroup.com\/vi\/product\/abrasives-kim-cuong-dang-long\/","title":{"rendered":"Ch\u1ea5t m\u00e0i m\u00f2n kim c\u01b0\u01a1ng d\u1ea1ng l\u1ecfng"},"content":{"rendered":"<h3><strong>Ch\u1ea5t m\u00e0i m\u00f2n kim c\u01b0\u01a1ng d\u1ea1ng l\u1ecfng<\/strong><\/h3>\n<p>V\u1eadt li\u1ec7u m\u00e0i kim c\u01b0\u01a1ng d\u1ea1ng l\u1ecfng (v\u1eadt li\u1ec7u m\u00e0i \u0111\u00e1nh b\u00f3ng d\u1ea1ng l\u1ecfng) \u0111\u01b0\u1ee3c t\u1ea1o ra b\u1eb1ng c\u00e1ch th\u00eam m\u1ed9t l\u01b0\u1ee3ng v\u1eadt li\u1ec7u m\u00e0i nh\u1ea5t \u0111\u1ecbnh v\u00e0o ch\u1ea5t mang <a href=\"https:\/\/baike.baidu.hk\/item\/%E5%8D%8A%E5%9B%BA%E6%85%8B\/8524748\" rel=\"nofollow noopener\" target=\"_blank\">b\u00e1n r\u1eafn<\/a> c\u00f3 t\u00ednh nh\u1edbt \u0111\u00e0n h\u1ed3i, linh ho\u1ea1t v\u00e0 c\u00f3 kh\u1ea3 n\u0103ng c\u1eaft.<\/p>\n<p><a href=\"https:\/\/honwaygroup.com\/wp-content\/uploads\/2017\/06\/%E6%B5%81%E9%AB%94%E9%91%BD%E7%9F%B3%E5%8E%9F%E7%90%86.avif\"><img fetchpriority=\"high\" decoding=\"async\" class=\"alignnone wp-image-1874\" src=\"https:\/\/honwaygroup.com\/wp-content\/uploads\/2017\/06\/%E6%B5%81%E9%AB%94%E9%91%BD%E7%9F%B3%E5%8E%9F%E7%90%86.avif\" alt=\"Ch\u1ea5t m\u00e0i m\u00f2n kim c\u01b0\u01a1ng d\u1ea1ng l\u1ecfng\" width=\"569\" height=\"569\"><\/a><\/p>\n<p>B\u1ea1n c\u00f3 th\u1eafc m\u1eafc g\u00ec kh\u00f4ng? <a style=\"font-size: 16px; background-color: #ffffff;\" href=\"https:\/\/honwaygroup.com\/vi\/lien-he-voi-honway\/\">Li\u00ean h\u1ec7 v\u1edbi HonWay<\/a><\/p>\n","protected":false},"excerpt":{"rendered":"<p>Ch\u1ea5t m\u00e0i m\u00f2n kim c\u01b0\u01a1ng d\u1ea1ng l\u1ecfng V\u1eadt li\u1ec7u m\u00e0i kim c\u01b0\u01a1ng d\u1ea1ng l\u1ecfng (v\u1eadt li\u1ec7u m\u00e0i \u0111\u00e1nh b\u00f3ng d\u1ea1ng [&hellip;]<\/p>\n","protected":false},"featured_media":84426,"template":"","meta":{"site-sidebar-layout":"default","site-content-layout":"default","ast-site-content-layout":"default","site-content-style":"default","site-sidebar-style":"default","ast-global-header-display":"","ast-banner-title-visibility":"","ast-main-header-display":"","ast-hfb-above-header-display":"","ast-hfb-below-header-display":"","ast-hfb-mobile-header-display":"","site-post-title":"","ast-breadcrumbs-content":"","ast-featured-img":"","footer-sml-layout":"","ast-disable-related-posts":"","theme-transparent-header-meta":"default","adv-header-id-meta":"","stick-header-meta":"default","header-above-stick-meta":"","header-main-stick-meta":"","header-below-stick-meta":"","astra-migrate-meta-layouts":"default","ast-page-background-enabled":"default","ast-page-background-meta":{"desktop":{"background-color":"var(--ast-global-color-5)","background-image":"","background-repeat":"repeat","background-position":"center center","background-size":"auto","background-attachment":"scroll","background-type":"","background-media":"","overlay-type":"","overlay-color":"","overlay-opacity":"","overlay-gradient":""},"tablet":{"background-color":"","background-image":"","background-repeat":"repeat","background-position":"center center","background-size":"auto","background-attachment":"scroll","background-type":"","background-media":"","overlay-type":"","overlay-color":"","overlay-opacity":"","overlay-gradient":""},"mobile":{"background-color":"","background-image":"","background-repeat":"repeat","background-position":"center center","background-size":"auto","background-attachment":"scroll","background-type":"","background-media":"","overlay-type":"","overlay-color":"","overlay-opacity":"","overlay-gradient":""}},"ast-content-background-meta":{"desktop":{"background-color":"var(--ast-global-color-4)","background-image":"","background-repeat":"repeat","background-position":"center center","background-size":"auto","background-attachment":"scroll","background-type":"","background-media":"","overlay-type":"","overlay-color":"","overlay-opacity":"","overlay-gradient":""},"tablet":{"background-color":"var(--ast-global-color-4)","background-image":"","background-repeat":"repeat","background-position":"center center","background-size":"auto","background-attachment":"scroll","background-type":"","background-media":"","overlay-type":"","overlay-color":"","overlay-opacity":"","overlay-gradient":""},"mobile":{"background-color":"var(--ast-global-color-4)","background-image":"","background-repeat":"repeat","background-position":"center center","background-size":"auto","background-attachment":"scroll","background-type":"","background-media":"","overlay-type":"","overlay-color":"","overlay-opacity":"","overlay-gradient":""}}},"product_brand":[],"product_cat":[4367,4375,4698,4424,4702,4372,4426,4420,4427],"product_tag":[4899,4898],"class_list":{"0":"post-84425","1":"product","2":"type-product","3":"status-publish","4":"has-post-thumbnail","6":"product_cat-vat-lieu-mai-mem","7":"product_cat-cong-cu-kim-cuong-dac-biet","8":"product_cat-dang-nguyen-lieu","9":"product_cat-hinh-thuc-ung-dung","10":"product_cat-kem","11":"product_cat-kem-mai","12":"product_cat-vat-lieu-danh-bong","13":"product_cat-vat-lieu-mai-sieu-cung","14":"product_cat-xu-ly-bavia","15":"product_tag-chat-mai-dang-long","16":"product_tag-kim-cuong-dang-long","17":"desktop-align-left","18":"tablet-align-left","19":"mobile-align-left","20":"ast-product-gallery-layout-horizontal-slider","21":"ast-product-gallery-with-no-image","22":"ast-product-tabs-layout-horizontal","24":"first","25":"outofstock","26":"taxable","27":"shipping-taxable","28":"purchasable","29":"product-type-simple"},"_links":{"self":[{"href":"https:\/\/honwaygroup.com\/vi\/wp-json\/wp\/v2\/product\/84425","targetHints":{"allow":["GET"]}}],"collection":[{"href":"https:\/\/honwaygroup.com\/vi\/wp-json\/wp\/v2\/product"}],"about":[{"href":"https:\/\/honwaygroup.com\/vi\/wp-json\/wp\/v2\/types\/product"}],"version-history":[{"count":0,"href":"https:\/\/honwaygroup.com\/vi\/wp-json\/wp\/v2\/product\/84425\/revisions"}],"wp:featuredmedia":[{"embeddable":true,"href":"https:\/\/honwaygroup.com\/vi\/wp-json\/wp\/v2\/media\/84426"}],"wp:attachment":[{"href":"https:\/\/honwaygroup.com\/vi\/wp-json\/wp\/v2\/media?parent=84425"}],"wp:term":[{"taxonomy":"product_brand","embeddable":true,"href":"https:\/\/honwaygroup.com\/vi\/wp-json\/wp\/v2\/product_brand?post=84425"},{"taxonomy":"product_cat","embeddable":true,"href":"https:\/\/honwaygroup.com\/vi\/wp-json\/wp\/v2\/product_cat?post=84425"},{"taxonomy":"product_tag","embeddable":true,"href":"https:\/\/honwaygroup.com\/vi\/wp-json\/wp\/v2\/product_tag?post=84425"}],"curies":[{"name":"wp","href":"https:\/\/api.w.org\/{rel}","templated":true}]}}