{"id":84423,"date":"2017-06-13T15:48:00","date_gmt":"2017-06-13T07:48:00","guid":{"rendered":"https:\/\/honwaygroup.com\/product\/mai-bong-tia-phun-cat-kim-cuong\/"},"modified":"2025-11-17T11:54:11","modified_gmt":"2025-11-17T03:54:11","slug":"mai-bong-tia-phun-cat-kim-cuong","status":"publish","type":"product","link":"https:\/\/honwaygroup.com\/vi\/product\/mai-bong-tia-phun-cat-kim-cuong\/","title":{"rendered":"\u0110\u00e1nh b\u00f3ng phun ==&gt;Phun kim c\u01b0\u01a1ng"},"content":{"rendered":"<h1>T\u00ednh n\u0103ng \u0111\u00e1nh b\u00f3ng phun<\/h1>\n<p>Khi thi\u1ebft b\u1ecb \u0111\u00e1nh b\u00f3ng phun tia phun \u0111a n\u00f3n v\u1edbi t\u1ed1c \u0111\u1ed9 cao, b\u1ea3n th\u00e2n gi\u00e1 \u0111\u1ee1 c\u00f3 t\u00ednh \u0111\u00e0n h\u1ed3i v\u00e0 s\u1ebd bi\u1ebfn d\u1ea1ng khi ti\u1ebfp x\u00fac v\u1edbi b\u1ec1 m\u1eb7t ph\u00f4i \u1edf t\u1ed1c \u0111\u1ed9 cao. N\u00f3 c\u0169ng s\u1ebd tr\u01b0\u1ee3t v\u00e0 c\u1ecd x\u00e1t v\u00e0o b\u1ec1 m\u1eb7t ph\u00f4i \u0111\u1ec3 \u0111\u1ea1t \u0111\u01b0\u1ee3c hi\u1ec7u qu\u1ea3 \u0111\u00e1nh b\u00f3ng.<\/p>\n<p>Khuy\u1ebfn ngh\u1ecb: X\u1ecbt ch\u1ea5t \u0111\u00e1nh b\u00f3ng l\u00ean b\u1ec1 m\u1eb7t ph\u00f4i theo g\u00f3c th\u00edch h\u1ee3p (30\u00b0~60\u00b0).<\/p>\n<p>\u0110\u1eb7c \u0111i\u1ec3m: L\u1ef1c ma s\u00e1t n\u00e0y cho ph\u00e9p b\u1ed9t kim c\u01b0\u01a1ng tr\u00ean b\u1ec1 m\u1eb7t h\u1ea1t m\u00e0i m\u00f2n \u0111\u00e0n h\u1ed3i \u0111\u00e1nh b\u00f3ng chi ti\u1ebft gia c\u00f4ng. Do m\u1ed9t l\u01b0\u1ee3ng l\u1edbn h\u1ea1t m\u00e0i m\u00f2n \u0111\u00e0n h\u1ed3i \u0111\u01b0\u1ee3c phun l\u00ean b\u1ec1 m\u1eb7t chi ti\u1ebft gia c\u00f4ng ngay l\u1eadp t\u1ee9c, ch\u00fang s\u1ebd tr\u01b0\u1ee3t t\u1ef1 nhi\u00ean theo h\u00ecnh d\u1ea1ng b\u1ec1 m\u1eb7t chi ti\u1ebft gia c\u00f4ng \u0111\u1ec3 th\u1ef1c hi\u1ec7n \u0111\u00e1nh b\u00f3ng ma s\u00e1t. Do \u0111\u00f3, vi\u1ec7c \u0111\u00e1nh b\u00f3ng v\u00e0 m\u00e0i c\u00e1c chi ti\u1ebft c\u00f3 h\u00ecnh d\u1ea1ng b\u1ea5t th\u01b0\u1eddng kh\u00e1c nhau c\u00f3 th\u1ec3 \u0111\u01b0\u1ee3c th\u1ef1c hi\u1ec7n nhanh ch\u00f3ng m\u00e0 h\u1ea7u nh\u01b0 kh\u00f4ng \u1ea3nh h\u01b0\u1edfng \u0111\u1ebfn h\u00ecnh d\u1ea1ng v\u00e0 \u0111\u1ed9 ch\u00ednh x\u00e1c c\u1ee7a chi ti\u1ebft gia c\u00f4ng.<\/p>\n<h2>\u0110\u1eb7c t\u00ednh m\u00e0i m\u00f2n<\/h2>\n<p>Multicone (h\u1ea1t m\u00e0i m\u00f2n t\u1ed5ng h\u1ee3p) l\u00e0 v\u1eadt li\u1ec7u m\u00e0i m\u00f2n x\u1ed1p, t\u1ef1 d\u00ednh \u0111\u01b0\u1ee3c l\u00e0m t\u1eeb nh\u1ef1a, s\u1ee3i cao su v\u00e0 g\u1ed1m x\u1ed1p. \u0110\u00e2y l\u00e0 v\u1eadt li\u1ec7u t\u1ed5ng h\u1ee3p \u0111\u00e0n h\u1ed3i (k\u00edch th\u01b0\u1edbc h\u1ea1t kho\u1ea3ng 0,5~2mm).<\/p>\n<p>B\u1eb1ng c\u00e1ch s\u1eed d\u1ee5ng c\u00e1c \u0111\u1eb7c t\u00ednh k\u1ebft d\u00ednh c\u1ee7a ch\u1ea5t \u0111\u00e0n h\u1ed3i ri\u00eang, ch\u1ea5t m\u00e0i m\u00f2n (b\u1ed9t kim c\u01b0\u01a1ng) c\u00f3 th\u1ec3 t\u1ef1 nhi\u00ean t\u1ea1o ra c\u00e1c t\u01b0\u01a1ng t\u00e1c v\u1eadt l\u00fd v\u00e0 h\u00f3a h\u1ecdc, b\u00e1m d\u00ednh v\u00e0o b\u1ec1 m\u1eb7t v\u00e0 c\u1ea5u tr\u00fac x\u1ed1p c\u1ee7a n\u00f3.<\/p>\n<figure id=\"attachment_131067\" aria-describedby=\"caption-attachment-131067\" style=\"width: 800px\" class=\"wp-caption aligncenter\"><a href=\"https:\/\/honwaygroup.com\/wp-content\/uploads\/2023\/06\/%E5%99%B4%E5%B0%84%E6%8B%8B%E5%85%89%E7%A4%BA%E6%84%8F%E5%9C%96-1.webp\"><img fetchpriority=\"high\" decoding=\"async\" class=\"wp-image-15806\" src=\"https:\/\/honwaygroup.com\/wp-content\/uploads\/2023\/06\/%E5%99%B4%E5%B0%84%E6%8B%8B%E5%85%89%E7%A4%BA%E6%84%8F%E5%9C%96-1-1024x536.webp\" alt=\"\" width=\"800\" height=\"419\"><\/a><figcaption id=\"caption-attachment-131067\" class=\"wp-caption-text\">Gi\u1ea3i th\u00edch ch\u1ee9c n\u0103ng c\u1ee7a \u0111\u00e1nh b\u00f3ng b\u1eb1ng tia<\/figcaption><\/figure>\n<h2>Bi\u1ec3u \u0111\u1ed3 so s\u00e1nh c\u00e1c \u1ee9ng d\u1ee5ng \u0111\u00e1nh b\u00f3ng b\u1eb1ng tia<\/h2>\n<p><a href=\"https:\/\/honwaygroup.com\/wp-content\/uploads\/2017\/06\/%E5%99%B4%E5%B0%84%E6%8B%8B%E5%85%89%E7%B3%BB%E5%88%97%E6%87%89%E7%94%A8%E7%AF%84%E4%BE%8B-DM_%E5%B7%A5%E4%BD%9C%E5%8D%80%E5%9F%9F-1-%E8%A4%87%E6%9C%AC-scaled.webp\"><img decoding=\"async\" class=\"wp-image-78764 size-large aligncenter\" src=\"https:\/\/honwaygroup.com\/wp-content\/uploads\/2017\/06\/%E5%99%B4%E5%B0%84%E6%8B%8B%E5%85%89%E7%B3%BB%E5%88%97%E6%87%89%E7%94%A8%E7%AF%84%E4%BE%8B-DM_%E5%B7%A5%E4%BD%9C%E5%8D%80%E5%9F%9F-1-%E8%A4%87%E6%9C%AC-802x1024.webp\" alt=\"V\u00ed d\u1ee5 \u1ee9ng d\u1ee5ng c\u1ee7a d\u00f2ng m\u00e1y \u0111\u00e1nh b\u00f3ng tia\" width=\"802\" height=\"1024\"><\/a><\/p>\n<p>&nbsp;<\/p>\n<h3>Thi\u1ebft b\u1ecb ph\u00f9 h\u1ee3p<\/h3>\n<p>&nbsp;<\/p>\n<table>\n<tbody>\n<tr>\n<td width=\"277\"><a href=\"https:\/\/honwaygroup.com\/vi\/product\/may-danh-bong-bang-tia-as-jp23l\/\" target=\"_blank\" rel=\"noopener\"><img decoding=\"async\" class=\"aligncenter wp-image-37448 size-medium\" src=\"https:\/\/honwaygroup.com\/wp-content\/uploads\/2023\/03\/AS-JP23L-300x300.jpg\" alt=\"\" width=\"300\" height=\"300\"><\/a><\/td>\n<td width=\"277\"><a href=\"https:\/\/honwaygroup.com\/vi\/product\/thiet-bi-danh-bong-bang-tia-as-jp23\/\" target=\"_blank\" rel=\"noopener\"><img loading=\"lazy\" decoding=\"async\" class=\"aligncenter wp-image-37452 size-medium\" src=\"https:\/\/honwaygroup.com\/wp-content\/uploads\/2023\/03\/AS-JP23-300x300.jpg\" alt=\"\" width=\"300\" height=\"300\"><\/a><\/td>\n<\/tr>\n<tr>\n<td width=\"277\">\n<p style=\"text-align: center\">AS-JP23L<\/p>\n<\/td>\n<td width=\"277\">\n<p style=\"text-align: center\">AS-JP23<\/p>\n<\/td>\n<\/tr>\n<\/tbody>\n<\/table>\n<p>&nbsp;<\/p>\n<p>C\u00f3 b\u1ea5t k\u1ef3 th\u1eafc m\u1eafc n\u00e0o kh\u00f4ng? <a href=\"https:\/\/honwaygroup.com\/vi\/lien-he-voi-honway\/\">Li\u00ean h\u1ec7 v\u1edbi HonWay<\/a><\/p>\n","protected":false},"excerpt":{"rendered":"<h5><\/h5>\n<h5><\/h5>\n<h5><strong><span style=\"color: #ff0000;font-size: 19.2px\">\u25b2 \u0110\u1eb7t h\u00e0ng s\u1ed1 l\u01b0\u1ee3ng l\u1edbn c\u00f3 th\u1ec3 \u0111\u01b0\u1ee3c h\u01b0\u1edfng chi\u1ebft kh\u1ea5u \u01b0u \u0111\u00e3i, vui l\u00f2ng li\u00ean h\u1ec7 b\u1ed9 ph\u1eadn ch\u0103m s\u00f3c kh\u00e1ch h\u00e0ng \u0111\u1ec3 bi\u1ebft th\u00eam chi ti\u1ebft.<br \/>\n<\/span><\/strong><\/h5>\n<h5><strong><span style=\"color: #ff0000;font-size: 19.2px\">\u25b2<\/span> Th\u1eddi gian giao h\u00e0ng cho<span style=\"color: #ff0000\"> c\u00e1c \u0111\u01a1n \u0111\u1eb7t h\u00e0ng<\/span> <span style=\"color: #ff0000;font-size: 19.2px\">\u1edf \u0110\u00e0i Loan<\/span> <span style=\"color: #ff0000;font-size: 19.2px\">kho\u1ea3ng t\u1eeb 7-14 ng\u00e0y l\u00e0m vi\u1ec7c.<\/span><\/strong><\/h5>\n<h5><strong><span style=\"color: #ff0000;font-size: 19.2px\">\u25b2 <\/span><span style=\"color: #ff0000\">Th\u1eddi gian giao h\u00e0ng cho \u0111\u01a1n h\u00e0ng qu\u1ed1c t\u1ebf kho\u1ea3ng t\u1eeb 7-14 ng\u00e0y, th\u1eddi gian nh\u1eadn h\u00e0ng th\u1ef1c t\u1ebf ph\u1ee5 thu\u1ed9c v\u00e0o t\u00ecnh tr\u1ea1ng v\u1eadn chuy\u1ec3n c\u1ee7a c\u00f4ng ty chuy\u1ec3n ph\u00e1t nhanh.<\/span><\/strong><\/h5>\n","protected":false},"featured_media":84424,"template":"","meta":{"site-sidebar-layout":"default","site-content-layout":"default","ast-site-content-layout":"default","site-content-style":"default","site-sidebar-style":"default","ast-global-header-display":"","ast-banner-title-visibility":"","ast-main-header-display":"","ast-hfb-above-header-display":"","ast-hfb-below-header-display":"","ast-hfb-mobile-header-display":"","site-post-title":"","ast-breadcrumbs-content":"","ast-featured-img":"","footer-sml-layout":"","ast-disable-related-posts":"","theme-transparent-header-meta":"default","adv-header-id-meta":"","stick-header-meta":"default","header-above-stick-meta":"","header-main-stick-meta":"","header-below-stick-meta":"","astra-migrate-meta-layouts":"default","ast-page-background-enabled":"default","ast-page-background-meta":{"desktop":{"background-color":"var(--ast-global-color-5)","background-image":"","background-repeat":"repeat","background-position":"center center","background-size":"auto","background-attachment":"scroll","background-type":"","background-media":"","overlay-type":"","overlay-color":"","overlay-opacity":"","overlay-gradient":""},"tablet":{"background-color":"","background-image":"","background-repeat":"repeat","background-position":"center center","background-size":"auto","background-attachment":"scroll","background-type":"","background-media":"","overlay-type":"","overlay-color":"","overlay-opacity":"","overlay-gradient":""},"mobile":{"background-color":"","background-image":"","background-repeat":"repeat","background-position":"center center","background-size":"auto","background-attachment":"scroll","background-type":"","background-media":"","overlay-type":"","overlay-color":"","overlay-opacity":"","overlay-gradient":""}},"ast-content-background-meta":{"desktop":{"background-color":"var(--ast-global-color-4)","background-image":"","background-repeat":"repeat","background-position":"center center","background-size":"auto","background-attachment":"scroll","background-type":"","background-media":"","overlay-type":"","overlay-color":"","overlay-opacity":"","overlay-gradient":""},"tablet":{"background-color":"var(--ast-global-color-4)","background-image":"","background-repeat":"repeat","background-position":"center center","background-size":"auto","background-attachment":"scroll","background-type":"","background-media":"","overlay-type":"","overlay-color":"","overlay-opacity":"","overlay-gradient":""},"mobile":{"background-color":"var(--ast-global-color-4)","background-image":"","background-repeat":"repeat","background-position":"center center","background-size":"auto","background-attachment":"scroll","background-type":"","background-media":"","overlay-type":"","overlay-color":"","overlay-opacity":"","overlay-gradient":""}}},"product_brand":[],"product_cat":[4701,4370,4367,4375,4698,4424,4426,4420,4427],"product_tag":[4775,5060],"class_list":{"0":"post-84423","1":"product","2":"type-product","3":"status-publish","4":"has-post-thumbnail","6":"product_cat-bot","7":"product_cat-bot-mai","8":"product_cat-vat-lieu-mai-mem","9":"product_cat-cong-cu-kim-cuong-dac-biet","10":"product_cat-dang-nguyen-lieu","11":"product_cat-hinh-thuc-ung-dung","12":"product_cat-vat-lieu-danh-bong","13":"product_cat-vat-lieu-mai-sieu-cung","14":"product_cat-xu-ly-bavia","15":"product_tag-danh-bong-bang-phun","16":"product_tag-phun-cat-kim-cuong","17":"desktop-align-left","18":"tablet-align-left","19":"mobile-align-left","20":"ast-product-gallery-layout-horizontal-slider","21":"ast-product-gallery-with-no-image","22":"ast-product-tabs-layout-horizontal","24":"first","25":"onbackorder","26":"taxable","27":"shipping-taxable","28":"purchasable","29":"product-type-simple"},"_links":{"self":[{"href":"https:\/\/honwaygroup.com\/vi\/wp-json\/wp\/v2\/product\/84423","targetHints":{"allow":["GET"]}}],"collection":[{"href":"https:\/\/honwaygroup.com\/vi\/wp-json\/wp\/v2\/product"}],"about":[{"href":"https:\/\/honwaygroup.com\/vi\/wp-json\/wp\/v2\/types\/product"}],"version-history":[{"count":0,"href":"https:\/\/honwaygroup.com\/vi\/wp-json\/wp\/v2\/product\/84423\/revisions"}],"wp:featuredmedia":[{"embeddable":true,"href":"https:\/\/honwaygroup.com\/vi\/wp-json\/wp\/v2\/media\/84424"}],"wp:attachment":[{"href":"https:\/\/honwaygroup.com\/vi\/wp-json\/wp\/v2\/media?parent=84423"}],"wp:term":[{"taxonomy":"product_brand","embeddable":true,"href":"https:\/\/honwaygroup.com\/vi\/wp-json\/wp\/v2\/product_brand?post=84423"},{"taxonomy":"product_cat","embeddable":true,"href":"https:\/\/honwaygroup.com\/vi\/wp-json\/wp\/v2\/product_cat?post=84423"},{"taxonomy":"product_tag","embeddable":true,"href":"https:\/\/honwaygroup.com\/vi\/wp-json\/wp\/v2\/product_tag?post=84423"}],"curies":[{"name":"wp","href":"https:\/\/api.w.org\/{rel}","templated":true}]}}