{"id":84410,"date":"2020-04-28T19:08:03","date_gmt":"2020-04-28T11:08:03","guid":{"rendered":"https:\/\/honwaygroup.com\/product\/hop-chat-mai-kim-tuong\/"},"modified":"2025-11-13T09:32:28","modified_gmt":"2025-11-13T01:32:28","slug":"hop-chat-mai-kim-tuong","status":"publish","type":"product","link":"https:\/\/honwaygroup.com\/vi\/product\/hop-chat-mai-kim-tuong\/","title":{"rendered":"H\u1ee3p ch\u1ea5t m\u00e0i kim t\u01b0\u01a1ng."},"content":{"rendered":"<h3><strong>H\u1ee3p ch\u1ea5t m\u00e0i kim t\u01b0\u01a1ng.<\/strong><\/h3>\n<p>H\u1ee3p ch\u1ea5t m\u00e0i kim t\u01b0\u01a1ng c\u00f3 th\u1ec3 \u0111\u01b0\u1ee3c s\u1eed d\u1ee5ng tr\u00ean trang s\u1ee9c v\u00e0 \u0111\u00e1 qu\u00fd, th\u00e9p v\u00e0 kim lo\u1ea1i c\u1ee9ng, nh\u00f4m, k\u1ebdm, luy\u1ec7n kim v\u00e0 c\u00e1c v\u1eadt li\u1ec7u kh\u00e1c.<\/p>\n<p><strong>Kh\u00f4ng khuy\u1ebfn ngh\u1ecb s\u1eed d\u1ee5ng tr\u00ean c\u00e1c b\u1ec1 m\u1eb7t \u0111\u01b0\u1ee3c ph\u1ee7 ho\u1eb7c s\u01a1n.<\/strong><\/p>\n<p><strong> Th\u00f4ng s\u1ed1 k\u1ef9 thu\u1eadt ti\u00eau chu\u1ea9n l\u00e0 tan trong d\u1ea7u, vui l\u00f2ng ch\u1ec9 \u0111\u1ecbnh n\u1ebfu c\u1ea7n h\u1ee3p ch\u1ea5t kim c\u01b0\u01a1ng tan trong n\u01b0\u1edbc.<\/strong><\/p>\n<p><a href=\"https:\/\/honwaygroup.com\/wp-content\/uploads\/2020\/04\/%E9%91%BD%E7%9F%B3%E8%86%8F.jpg\"><img fetchpriority=\"high\" decoding=\"async\" class=\"alignnone wp-image-7081 size-large\" src=\"https:\/\/honwaygroup.com\/wp-content\/uploads\/2020\/04\/%E9%91%BD%E7%9F%B3%E8%86%8F-760x1024.jpg\" alt=\"H\u1ee3p ch\u1ea5t m\u00e0i kim t\u01b0\u01a1ng.\" width=\"760\" height=\"1024\" \/><\/a><\/p>\n<p>C\u00f3 c\u00e2u h\u1ecfi n\u00e0o kh\u00f4ng? <a href=\"https:\/\/honwaygroup.com\/vi\/lien-he-voi-honway\/\">Li\u00ean h\u1ec7 HonWay<\/a><\/p>\n","protected":false},"excerpt":{"rendered":"<h5><strong><span style=\"color: #ff0000; font-size: 19.2px;\">\u25b2 <\/span><\/strong><strong><span style=\"color: #ff0000; font-size: 19.2px;\">\u0110\u1ed1i v\u1edbi k\u00edch th\u01b0\u1edbc t\u00f9y ch\u1ec9nh, vui l\u00f2ng li\u00ean h\u1ec7 v\u1edbi b\u1ed9 ph\u1eadn ch\u0103m s\u00f3c kh\u00e1ch h\u00e0ng. <\/span><\/strong><\/h5>\n<h5><strong><span style=\"color: #ff0000; font-size: 19.2px;\">\u25b2 \u0110\u01a1n h\u00e0ng l\u1edbn c\u00f3 th\u1ec3 \u0111\u01b0\u1ee3c h\u01b0\u1edfng \u01b0u \u0111\u00e3i gi\u1ea3m gi\u00e1, vui l\u00f2ng li\u00ean h\u1ec7 v\u1edbi b\u1ed9 ph\u1eadn ch\u0103m s\u00f3c kh\u00e1ch h\u00e0ng.<br \/>\n<\/span><\/strong><\/h5>\n<h5><strong><span style=\"color: #ff0000; font-size: 19.2px;\">\u25b2<\/span><span style=\"color: #ff0000;\">\u0110\u01a1n \u0111\u1eb7t h\u00e0ng<\/span> t\u1eeb <span style=\"color: #ff0000; font-size: 19.2px;\">\u0110\u00e0i Loan<\/span> <span style=\"color: #ff0000; font-size: 19.2px;\">s\u1ebd \u0111\u01b0\u1ee3c giao trong kho\u1ea3ng 7-14 ng\u00e0y.<\/span><\/strong><\/h5>\n<h5><strong><span style=\"color: #ff0000; font-size: 19.2px;\">\u25b2<\/span><span style=\"color: #ff0000;\">\u0110\u01a1n h\u00e0ng qu\u1ed1c t\u1ebf s\u1ebd \u0111\u01b0\u1ee3c giao trong kho\u1ea3ng 7-14 ng\u00e0y. Th\u1eddi gian giao h\u00e0ng th\u1ef1c t\u1ebf ph\u1ee5 thu\u1ed9c v\u00e0o t\u00ecnh h\u00ecnh giao h\u00e0ng c\u1ee7a c\u00f4ng ty chuy\u1ec3n ph\u00e1t. <\/span><\/strong><\/h5>\n","protected":false},"featured_media":84411,"template":"","meta":{"site-sidebar-layout":"default","site-content-layout":"default","ast-site-content-layout":"default","site-content-style":"default","site-sidebar-style":"default","ast-global-header-display":"","ast-banner-title-visibility":"","ast-main-header-display":"","ast-hfb-above-header-display":"","ast-hfb-below-header-display":"","ast-hfb-mobile-header-display":"","site-post-title":"","ast-breadcrumbs-content":"","ast-featured-img":"","footer-sml-layout":"","ast-disable-related-posts":"","theme-transparent-header-meta":"default","adv-header-id-meta":"","stick-header-meta":"default","header-above-stick-meta":"","header-main-stick-meta":"","header-below-stick-meta":"","astra-migrate-meta-layouts":"set","ast-page-background-enabled":"default","ast-page-background-meta":{"desktop":{"background-color":"var(--ast-global-color-5)","background-image":"","background-repeat":"repeat","background-position":"center center","background-size":"auto","background-attachment":"scroll","background-type":"","background-media":"","overlay-type":"","overlay-color":"","overlay-opacity":"","overlay-gradient":""},"tablet":{"background-color":"","background-image":"","background-repeat":"repeat","background-position":"center center","background-size":"auto","background-attachment":"scroll","background-type":"","background-media":"","overlay-type":"","overlay-color":"","overlay-opacity":"","overlay-gradient":""},"mobile":{"background-color":"","background-image":"","background-repeat":"repeat","background-position":"center center","background-size":"auto","background-attachment":"scroll","background-type":"","background-media":"","overlay-type":"","overlay-color":"","overlay-opacity":"","overlay-gradient":""}},"ast-content-background-meta":{"desktop":{"background-color":"var(--ast-global-color-4)","background-image":"","background-repeat":"repeat","background-position":"center center","background-size":"auto","background-attachment":"scroll","background-type":"","background-media":"","overlay-type":"","overlay-color":"","overlay-opacity":"","overlay-gradient":""},"tablet":{"background-color":"var(--ast-global-color-4)","background-image":"","background-repeat":"repeat","background-position":"center center","background-size":"auto","background-attachment":"scroll","background-type":"","background-media":"","overlay-type":"","overlay-color":"","overlay-opacity":"","overlay-gradient":""},"mobile":{"background-color":"var(--ast-global-color-4)","background-image":"","background-repeat":"repeat","background-position":"center center","background-size":"auto","background-attachment":"scroll","background-type":"","background-media":"","overlay-type":"","overlay-color":"","overlay-opacity":"","overlay-gradient":""}}},"product_brand":[],"product_cat":[4372,4367,4698,4702,4426,4420],"product_tag":[4918,5015,5013],"class_list":{"0":"post-84410","1":"product","2":"type-product","3":"status-publish","4":"has-post-thumbnail","6":"product_cat-kem-mai","7":"product_cat-vat-lieu-mai-mem","8":"product_cat-dang-nguyen-lieu","9":"product_cat-kem","10":"product_cat-vat-lieu-danh-bong","11":"product_cat-vat-lieu-mai-sieu-cung","12":"product_tag-kem-mai","13":"product_tag-kem-mai-kim-tuong","14":"product_tag-mai-kim-tuong","15":"desktop-align-left","16":"tablet-align-left","17":"mobile-align-left","18":"ast-product-gallery-layout-horizontal-slider","19":"ast-product-gallery-with-no-image","20":"ast-product-tabs-layout-horizontal","22":"first","23":"instock","24":"taxable","25":"shipping-taxable","26":"purchasable","27":"product-type-simple"},"_links":{"self":[{"href":"https:\/\/honwaygroup.com\/vi\/wp-json\/wp\/v2\/product\/84410","targetHints":{"allow":["GET"]}}],"collection":[{"href":"https:\/\/honwaygroup.com\/vi\/wp-json\/wp\/v2\/product"}],"about":[{"href":"https:\/\/honwaygroup.com\/vi\/wp-json\/wp\/v2\/types\/product"}],"version-history":[{"count":0,"href":"https:\/\/honwaygroup.com\/vi\/wp-json\/wp\/v2\/product\/84410\/revisions"}],"wp:featuredmedia":[{"embeddable":true,"href":"https:\/\/honwaygroup.com\/vi\/wp-json\/wp\/v2\/media\/84411"}],"wp:attachment":[{"href":"https:\/\/honwaygroup.com\/vi\/wp-json\/wp\/v2\/media?parent=84410"}],"wp:term":[{"taxonomy":"product_brand","embeddable":true,"href":"https:\/\/honwaygroup.com\/vi\/wp-json\/wp\/v2\/product_brand?post=84410"},{"taxonomy":"product_cat","embeddable":true,"href":"https:\/\/honwaygroup.com\/vi\/wp-json\/wp\/v2\/product_cat?post=84410"},{"taxonomy":"product_tag","embeddable":true,"href":"https:\/\/honwaygroup.com\/vi\/wp-json\/wp\/v2\/product_tag?post=84410"}],"curies":[{"name":"wp","href":"https:\/\/api.w.org\/{rel}","templated":true}]}}