{"id":84400,"date":"2021-01-16T18:43:49","date_gmt":"2021-01-16T10:43:49","guid":{"rendered":"https:\/\/honwaygroup.com\/product\/diem-kim-cuong-cbn-noi-bo-phuong-phap-gom\/"},"modified":"2025-11-11T17:57:53","modified_gmt":"2025-11-11T09:57:53","slug":"diem-kim-cuong-cbn-noi-bo-phuong-phap-gom","status":"publish","type":"product","link":"https:\/\/honwaygroup.com\/vi\/product\/diem-kim-cuong-cbn-noi-bo-phuong-phap-gom\/","title":{"rendered":"Thanh m\u00e0i b\u00ean trong kim c\u01b0\u01a1ng\/CBN b\u1eb1ng ph\u01b0\u01a1ng ph\u00e1p g\u1ed1m"},"content":{"rendered":"<h3><strong>Thanh m\u00e0i b\u00ean trong kim c\u01b0\u01a1ng\/CBN b\u1eb1ng ph\u01b0\u01a1ng ph\u00e1p g\u1ed1m<\/strong><\/h3>\n<p>Thanh m\u00e0i b\u00ean trong kim c\u01b0\u01a1ng\/CBN b\u1eb1ng ph\u01b0\u01a1ng ph\u00e1p g\u1ed1m th\u00edch h\u1ee3p \u0111\u1ec3 m\u00e0i <a href=\"https:\/\/zh.wikipedia.org\/wiki\/%E9%AB%98%E9%80%9F%E9%8B%BC\" rel=\"nofollow noopener\" target=\"_blank\">th\u00e9p t\u1ed1c \u0111\u1ed9 cao<\/a> v\u00e0 nhi\u1ec1u lo\u1ea1i th\u00e9p h\u1ee3p kim \u0111\u00e3 qua x\u1eed l\u00fd nhi\u1ec7t v\u00e0 t\u00f4i c\u1ee9ng.<\/p>\n<p><a href=\"https:\/\/honwaygroup.com\/wp-content\/uploads\/2021\/01\/%E9%99%B6%E7%93%B7%E6%B3%95%E5%85%A7%E5%AD%94%E7%A3%A8%E6%A3%92%E8%A6%8F%E6%A0%BC.avif\"><img fetchpriority=\"high\" decoding=\"async\" class=\"alignnone wp-image-7226 size-full\" src=\"https:\/\/honwaygroup.com\/wp-content\/uploads\/2021\/01\/%E9%99%B6%E7%93%B7%E6%B3%95%E5%85%A7%E5%AD%94%E7%A3%A8%E6%A3%92%E8%A6%8F%E6%A0%BC.avif\" alt=\"Thanh m\u00e0i b\u00ean trong kim c\u01b0\u01a1ng\/CBN b\u1eb1ng ph\u01b0\u01a1ng ph\u00e1p g\u1ed1m\" width=\"810\" height=\"150\"><\/a><\/p>\n<p>\u0110\u01a1n v\u1ecb: mm<\/p>\n<table class=\"specTable\" width=\"100%\">\n<tbody>\n<tr>\n<th>s\u1ed1 seri<\/th>\n<th>M\u00e3 s\u1ed1 s\u1ea3n ph\u1ea9m<\/th>\n<th>\u00d8D<\/th>\n<th>T<\/th>\n<th>X<\/th>\n<th>N<\/th>\n<th>L<\/th>\n<th>\u00d8B<\/th>\n<th>K\u00edch th\u01b0\u1edbc h\u1ea1t<\/th>\n<\/tr>\n<tr>\n<td>VIB &#8211; 3040<\/td>\n<td>A<\/td>\n<td>4.0<\/td>\n<td>6<\/td>\n<td>1.0<\/td>\n<td>12<\/td>\n<td>60<\/td>\n<td>3<\/td>\n<td># 200<\/td>\n<\/tr>\n<tr>\n<td>VIB &#8211; 3050<\/td>\n<td>A<\/td>\n<td>5.0<\/td>\n<td>6<\/td>\n<td>1.5<\/td>\n<td>12<\/td>\n<td>60<\/td>\n<td>3<\/td>\n<td># 200<\/td>\n<\/tr>\n<tr>\n<td>VIB &#8211; 3060<\/td>\n<td>A<\/td>\n<td>6.0<\/td>\n<td>6<\/td>\n<td>2.0<\/td>\n<td>12<\/td>\n<td>60<\/td>\n<td>3<\/td>\n<td># 200<\/td>\n<\/tr>\n<tr>\n<td>VIB &#8211; 3080<\/td>\n<td>A<\/td>\n<td>8.0<\/td>\n<td>8<\/td>\n<td>3.0<\/td>\n<td>12<\/td>\n<td>60<\/td>\n<td>3<\/td>\n<td># 200<\/td>\n<\/tr>\n<tr>\n<td>VIB &#8211; 6100<\/td>\n<td>B<\/td>\n<td>10.0<\/td>\n<td>8<\/td>\n<td>2.0<\/td>\n<td>&#8211;<\/td>\n<td>80<\/td>\n<td>6<\/td>\n<td># 200<\/td>\n<\/tr>\n<tr>\n<td>VIB &#8211; 6120<\/td>\n<td>B<\/td>\n<td>12.0<\/td>\n<td>10<\/td>\n<td>3.0<\/td>\n<td>&#8211;<\/td>\n<td>80<\/td>\n<td>6<\/td>\n<td># 200<\/td>\n<\/tr>\n<tr>\n<td>VIB &#8211; 8140<\/td>\n<td>B<\/td>\n<td>14.0<\/td>\n<td>12<\/td>\n<td>3.0<\/td>\n<td>&#8211;<\/td>\n<td>80<\/td>\n<td>8<\/td>\n<td># 200<\/td>\n<\/tr>\n<tr>\n<td>VIB &#8211; 6140<\/td>\n<td>B<\/td>\n<td>14.0<\/td>\n<td>12<\/td>\n<td>4.0<\/td>\n<td>&#8211;<\/td>\n<td>80<\/td>\n<td>6<\/td>\n<td># 200<\/td>\n<\/tr>\n<tr>\n<td>VIB &#8211; 8160<\/td>\n<td>B<\/td>\n<td>16.0<\/td>\n<td>12<\/td>\n<td>4.0<\/td>\n<td>&#8211;<\/td>\n<td>80<\/td>\n<td>8<\/td>\n<td># 200<\/td>\n<\/tr>\n<tr>\n<td>VIB &#8211; 6160<\/td>\n<td>B<\/td>\n<td>16.0<\/td>\n<td>12<\/td>\n<td>5.0<\/td>\n<td>&#8211;<\/td>\n<td>80<\/td>\n<td>6<\/td>\n<td># 200<\/td>\n<\/tr>\n<tr>\n<td>VIB &#8211; 8180<\/td>\n<td>B<\/td>\n<td>18.0<\/td>\n<td>12<\/td>\n<td>5.0<\/td>\n<td>&#8211;<\/td>\n<td>80<\/td>\n<td>8<\/td>\n<td># 200<\/td>\n<\/tr>\n<tr>\n<td>VIB &#8211; 6180<\/td>\n<td>B<\/td>\n<td>18.0<\/td>\n<td>12<\/td>\n<td>6.0<\/td>\n<td>&#8211;<\/td>\n<td>80<\/td>\n<td>6<\/td>\n<td># 200<\/td>\n<\/tr>\n<\/tbody>\n<\/table>\n<ul class=\"main_ul\">\n<li><strong>\u0110\u1ed1i v\u1edbi k\u00edch th\u01b0\u1edbc h\u1ea1t kh\u00e1c v\u1edbi k\u00edch th\u01b0\u1edbc ti\u00eau chu\u1ea9n, vui l\u00f2ng ch\u1ec9 \u0111\u1ecbnh k\u00edch th\u01b0\u1edbc mong mu\u1ed1n khi \u0111\u1eb7t h\u00e0ng.<\/strong><\/li>\n<\/ul>\n<p>C\u00f3 b\u1ea5t k\u1ef3 th\u1eafc m\u1eafc n\u00e0o kh\u00f4ng? <a href=\"https:\/\/honwaygroup.com\/vi\/lien-he-voi-honway\/\">Li\u00ean h\u1ec7 v\u1edbi HonWay<\/a><\/p>\n","protected":false},"excerpt":{"rendered":"<ul>\n<li>Thanh m\u00e0i b\u00ean trong CBN \u0111\u01b0\u1ee3c x\u1eed l\u00fd b\u1eb1ng g\u1ed1m ch\u1ee7 y\u1ebfu \u0111\u01b0\u1ee3c s\u1eed d\u1ee5ng \u0111\u1ec3 m\u00e0i b\u00ean trong v\u00e0 m\u00e0i khu\u00f4n.<\/li>\n<li>Nitride boron (CBN) th\u00edch h\u1ee3p \u0111\u1ec3 m\u00e0i th\u00e9p t\u1ed1c \u0111\u1ed9 cao v\u00e0 nhi\u1ec1u lo\u1ea1i th\u00e9p h\u1ee3p kim c\u1ee9ng \u0111\u00e3 qua x\u1eed l\u00fd nhi\u1ec7t (m\u00e0i \u01b0\u1edbt).<\/li>\n<\/ul>\n<h5><span style=\"color: #ff0000;\"><b>\u25b2 Vui l\u00f2ng nh\u1eafn tin ri\u00eang cho b\u1ed9 ph\u1eadn ch\u0103m s\u00f3c kh\u00e1ch h\u00e0ng \u0111\u1ec3 h\u1ecfi gi\u00e1.<\/b><\/span><\/h5>\n<h5><strong><span style=\"color: #ff0000; font-size: 19.2px;\">\u25b2<\/span><\/strong><strong><span style=\"color: #ff0000; font-size: 19.2px;\">N\u1ebfu c\u1ea7n k\u00edch th\u01b0\u1edbc t\u00f9y ch\u1ec9nh, vui l\u00f2ng li\u00ean h\u1ec7 b\u1ed9 ph\u1eadn ch\u0103m s\u00f3c kh\u00e1ch h\u00e0ng. Ng\u00e0y giao h\u00e0ng s\u1ebd ph\u1ee5 thu\u1ed9c v\u00e0o th\u1eddi gian \u0111\u01b0\u1ee3c th\u00f4ng b\u00e1o t\u1eeb b\u1ed9 ph\u1eadn n\u00e0y.<\/span><\/strong><\/h5>\n<h5><strong>\u25b2\u0110\u01a1n h\u00e0ng s\u1ed1 l\u01b0\u1ee3ng l\u1edbn c\u00f3 th\u1ec3 \u0111\u01b0\u1ee3c gi\u1ea3m gi\u00e1; vui l\u00f2ng li\u00ean h\u1ec7 b\u1ed9 ph\u1eadn ch\u0103m s\u00f3c kh\u00e1ch h\u00e0ng \u0111\u1ec3 \u0111\u01b0\u1ee3c gi\u1ea3i \u0111\u00e1p th\u1eafc m\u1eafc.<br \/>\u25b2C\u00e1c \u0111\u01a1n h\u00e0ng t\u1ea1i \u0110\u00e0i Loan th\u01b0\u1eddng c\u00f3 th\u1eddi gian giao h\u00e0ng t\u1eeb 7-14 ng\u00e0y l\u00e0m vi\u1ec7c.<\/strong><\/h5>\n<h5><strong><span style=\"color: #ff0000; font-size: 19.2px;\">\u25b2 <\/span><span style=\"color: #ff0000;\">Th\u1eddi gian giao h\u00e0ng cho \u0111\u01a1n h\u00e0ng qu\u1ed1c t\u1ebf kho\u1ea3ng t\u1eeb 7-14 ng\u00e0y, th\u1eddi gian nh\u1eadn h\u00e0ng th\u1ef1c t\u1ebf ph\u1ee5 thu\u1ed9c v\u00e0o t\u00ecnh tr\u1ea1ng v\u1eadn chuy\u1ec3n c\u1ee7a c\u00f4ng ty chuy\u1ec3n ph\u00e1t nhanh.<\/span><\/strong><\/h5>\n","protected":false},"featured_media":84401,"template":"","meta":{"site-sidebar-layout":"default","site-content-layout":"default","ast-site-content-layout":"default","site-content-style":"default","site-sidebar-style":"default","ast-global-header-display":"","ast-banner-title-visibility":"","ast-main-header-display":"","ast-hfb-above-header-display":"","ast-hfb-below-header-display":"","ast-hfb-mobile-header-display":"","site-post-title":"","ast-breadcrumbs-content":"","ast-featured-img":"","footer-sml-layout":"","ast-disable-related-posts":"","theme-transparent-header-meta":"default","adv-header-id-meta":"","stick-header-meta":"default","header-above-stick-meta":"","header-main-stick-meta":"","header-below-stick-meta":"","astra-migrate-meta-layouts":"default","ast-page-background-enabled":"default","ast-page-background-meta":{"desktop":{"background-color":"var(--ast-global-color-5)","background-image":"","background-repeat":"repeat","background-position":"center center","background-size":"auto","background-attachment":"scroll","background-type":"","background-media":"","overlay-type":"","overlay-color":"","overlay-opacity":"","overlay-gradient":""},"tablet":{"background-color":"","background-image":"","background-repeat":"repeat","background-position":"center center","background-size":"auto","background-attachment":"scroll","background-type":"","background-media":"","overlay-type":"","overlay-color":"","overlay-opacity":"","overlay-gradient":""},"mobile":{"background-color":"","background-image":"","background-repeat":"repeat","background-position":"center center","background-size":"auto","background-attachment":"scroll","background-type":"","background-media":"","overlay-type":"","overlay-color":"","overlay-opacity":"","overlay-gradient":""}},"ast-content-background-meta":{"desktop":{"background-color":"var(--ast-global-color-4)","background-image":"","background-repeat":"repeat","background-position":"center center","background-size":"auto","background-attachment":"scroll","background-type":"","background-media":"","overlay-type":"","overlay-color":"","overlay-opacity":"","overlay-gradient":""},"tablet":{"background-color":"var(--ast-global-color-4)","background-image":"","background-repeat":"repeat","background-position":"center center","background-size":"auto","background-attachment":"scroll","background-type":"","background-media":"","overlay-type":"","overlay-color":"","overlay-opacity":"","overlay-gradient":""},"mobile":{"background-color":"var(--ast-global-color-4)","background-image":"","background-repeat":"repeat","background-position":"center center","background-size":"auto","background-attachment":"scroll","background-type":"","background-media":"","overlay-type":"","overlay-color":"","overlay-opacity":"","overlay-gradient":""}}},"product_brand":[],"product_cat":[4391,4389],"product_tag":[5094],"class_list":{"0":"post-84400","1":"product","2":"type-product","3":"status-publish","4":"has-post-thumbnail","6":"product_cat-que-mai-kim-cuong","7":"product_cat-cong-cu-kim-cuong","8":"product_tag-hanh-mai-kim-cuong-phuong-phap-gom-su","9":"desktop-align-left","10":"tablet-align-left","11":"mobile-align-left","12":"ast-product-gallery-layout-horizontal-slider","13":"ast-product-gallery-with-no-image","14":"ast-product-single-variable","15":"ast-product-tabs-layout-horizontal","17":"first","18":"instock","19":"taxable","20":"shipping-taxable","21":"purchasable","22":"product-type-variable"},"_links":{"self":[{"href":"https:\/\/honwaygroup.com\/vi\/wp-json\/wp\/v2\/product\/84400","targetHints":{"allow":["GET"]}}],"collection":[{"href":"https:\/\/honwaygroup.com\/vi\/wp-json\/wp\/v2\/product"}],"about":[{"href":"https:\/\/honwaygroup.com\/vi\/wp-json\/wp\/v2\/types\/product"}],"version-history":[{"count":0,"href":"https:\/\/honwaygroup.com\/vi\/wp-json\/wp\/v2\/product\/84400\/revisions"}],"wp:featuredmedia":[{"embeddable":true,"href":"https:\/\/honwaygroup.com\/vi\/wp-json\/wp\/v2\/media\/84401"}],"wp:attachment":[{"href":"https:\/\/honwaygroup.com\/vi\/wp-json\/wp\/v2\/media?parent=84400"}],"wp:term":[{"taxonomy":"product_brand","embeddable":true,"href":"https:\/\/honwaygroup.com\/vi\/wp-json\/wp\/v2\/product_brand?post=84400"},{"taxonomy":"product_cat","embeddable":true,"href":"https:\/\/honwaygroup.com\/vi\/wp-json\/wp\/v2\/product_cat?post=84400"},{"taxonomy":"product_tag","embeddable":true,"href":"https:\/\/honwaygroup.com\/vi\/wp-json\/wp\/v2\/product_tag?post=84400"}],"curies":[{"name":"wp","href":"https:\/\/api.w.org\/{rel}","templated":true}]}}