{"id":84396,"date":"2021-01-16T18:51:11","date_gmt":"2021-01-16T10:51:11","guid":{"rendered":"https:\/\/honwaygroup.com\/product\/diem-kim-cuong-hinh-non-duong-kinh-chuoi-o3-0-6-0mm\/"},"modified":"2025-11-11T17:00:01","modified_gmt":"2025-11-11T09:00:01","slug":"diem-kim-cuong-hinh-non-duong-kinh-chuoi-o3-0-6-0mm","status":"publish","type":"product","link":"https:\/\/honwaygroup.com\/vi\/product\/diem-kim-cuong-hinh-non-duong-kinh-chuoi-o3-0-6-0mm\/","title":{"rendered":"Thanh m\u00e0i kim c\u01b0\u01a1ng thon (\u0111\u01b0\u1eddng k\u00ednh chu\u00f4i: \u00d83.0 &amp; 6.0mm)"},"content":{"rendered":"<h3><strong>Thanh m\u00e0i kim c\u01b0\u01a1ng thon (\u0111\u01b0\u1eddng k\u00ednh chu\u00f4i: \u00d83.0 &amp; 6.0mm)<\/strong><\/h3>\n<p>&nbsp;<\/p>\n<p><a href=\"https:\/\/honwaygroup.com\/wp-content\/uploads\/2021\/01\/%E9%8C%90%E5%BA%A6%E9%91%BD%E7%9F%B3%E7%A3%A8%E6%A3%92%E8%A6%8F%E6%A0%BC.avif\"><img fetchpriority=\"high\" decoding=\"async\" src=\"https:\/\/honwaygroup.com\/wp-content\/uploads\/2021\/01\/%E9%8C%90%E5%BA%A6%E9%91%BD%E7%9F%B3%E7%A3%A8%E6%A3%92%E8%A6%8F%E6%A0%BC.avif\" alt=\"Thanh m\u00e0i kim c\u01b0\u01a1ng thon (\u0111\u01b0\u1eddng k\u00ednh chu\u00f4i: \u00d83.0 &amp; 6.0mm)\" width=\"640\" height=\"150\"><\/a><\/p>\n<p>\u0110\u01a1n v\u1ecb: mm<\/p>\n<table width=\"100%\">\n<tbody>\n<tr>\n<th>\u00d8D<\/th>\n<th>T<\/th>\n<th>\u03b8\u00b0<\/th>\n<th>\u00d8B<\/th>\n<th>L<\/th>\n<th>\u0111\u1ed9 chi ti\u1ebft<\/th>\n<th>s\u1ed1 seri<\/th>\n<th><\/th>\n<\/tr>\n<tr>\n<td>\u00d81.8<\/td>\n<td>25<\/td>\n<td>3.1<\/td>\n<td>\u00d83.0<\/td>\n<td>50<\/td>\n<td>#150<\/td>\n<td>18PL<\/td>\n<td width=\"35%\"><a href=\"https:\/\/honwaygroup.com\/wp-content\/uploads\/2023\/03\/%E9%8C%90%E5%BA%A6%E9%91%BD%E7%9F%B3%E7%A3%A8%E6%A3%92-%E6%9F%84%E5%BE%91-O3.0-6.0mm_%E5%B7%A5%E4%BD%9C%E5%8D%80%E5%9F%9F-1-%E8%A4%87%E6%9C%AC-5.webp\"><img decoding=\"async\" src=\"https:\/\/honwaygroup.com\/wp-content\/uploads\/2023\/03\/%E9%8C%90%E5%BA%A6%E9%91%BD%E7%9F%B3%E7%A3%A8%E6%A3%92-%E6%9F%84%E5%BE%91-O3.0-6.0mm_%E5%B7%A5%E4%BD%9C%E5%8D%80%E5%9F%9F-1-%E8%A4%87%E6%9C%AC-5.webp\" alt=\"\" width=\"542\" height=\"125\"><\/a><\/td>\n<\/tr>\n<tr>\n<td>\u00d82.1<\/td>\n<td>34<\/td>\n<td>2.8<\/td>\n<td>\u00d83.0<\/td>\n<td>55<\/td>\n<td>#150<\/td>\n<td>21PXL<\/td>\n<td><a href=\"https:\/\/honwaygroup.com\/wp-content\/uploads\/2023\/03\/%E9%8C%90%E5%BA%A6%E9%91%BD%E7%9F%B3%E7%A3%A8%E6%A3%92-%E6%9F%84%E5%BE%91-O3.0-6.0mm_%E5%B7%A5%E4%BD%9C%E5%8D%80%E5%9F%9F-1-%E8%A4%87%E6%9C%AC-6.webp\"><img decoding=\"async\" src=\"https:\/\/honwaygroup.com\/wp-content\/uploads\/2023\/03\/%E9%8C%90%E5%BA%A6%E9%91%BD%E7%9F%B3%E7%A3%A8%E6%A3%92-%E6%9F%84%E5%BE%91-O3.0-6.0mm_%E5%B7%A5%E4%BD%9C%E5%8D%80%E5%9F%9F-1-%E8%A4%87%E6%9C%AC-6.webp\" alt=\"\" width=\"542\" height=\"125\"><\/a><\/td>\n<\/tr>\n<tr>\n<td>\u00d83.0<\/td>\n<td>25<\/td>\n<td>6.4<\/td>\n<td>\u00d83.0<\/td>\n<td>60<\/td>\n<td>#150<\/td>\n<td>30PL<\/td>\n<td><a href=\"https:\/\/honwaygroup.com\/wp-content\/uploads\/2023\/03\/%E9%8C%90%E5%BA%A6%E9%91%BD%E7%9F%B3%E7%A3%A8%E6%A3%92-%E6%9F%84%E5%BE%91-O3.0-6.0mm_%E5%B7%A5%E4%BD%9C%E5%8D%80%E5%9F%9F-1-%E8%A4%87%E6%9C%AC-8.webp\"><img loading=\"lazy\" decoding=\"async\" src=\"https:\/\/honwaygroup.com\/wp-content\/uploads\/2023\/03\/%E9%8C%90%E5%BA%A6%E9%91%BD%E7%9F%B3%E7%A3%A8%E6%A3%92-%E6%9F%84%E5%BE%91-O3.0-6.0mm_%E5%B7%A5%E4%BD%9C%E5%8D%80%E5%9F%9F-1-%E8%A4%87%E6%9C%AC-8.webp\" alt=\"\" width=\"542\" height=\"125\"><\/a><\/td>\n<\/tr>\n<tr>\n<td>\u00d84.8<\/td>\n<td>26<\/td>\n<td>9.6<\/td>\n<td>\u00d83.0<\/td>\n<td>55<\/td>\n<td>#150<\/td>\n<td>48PL<\/td>\n<td><a href=\"https:\/\/honwaygroup.com\/wp-content\/uploads\/2023\/03\/%E9%8C%90%E5%BA%A6%E9%91%BD%E7%9F%B3%E7%A3%A8%E6%A3%92-%E6%9F%84%E5%BE%91-O3.0-6.0mm_%E5%B7%A5%E4%BD%9C%E5%8D%80%E5%9F%9F-1-%E8%A4%87%E6%9C%AC-9.webp\"><img loading=\"lazy\" decoding=\"async\" src=\"https:\/\/honwaygroup.com\/wp-content\/uploads\/2023\/03\/%E9%8C%90%E5%BA%A6%E9%91%BD%E7%9F%B3%E7%A3%A8%E6%A3%92-%E6%9F%84%E5%BE%91-O3.0-6.0mm_%E5%B7%A5%E4%BD%9C%E5%8D%80%E5%9F%9F-1-%E8%A4%87%E6%9C%AC-9.webp\" alt=\"\" width=\"542\" height=\"125\"><\/a><\/td>\n<\/tr>\n<tr>\n<td>\u00d81.5<\/td>\n<td>26<\/td>\n<td>2.3<\/td>\n<td>\u00d83.0<\/td>\n<td>60<\/td>\n<td>#150<\/td>\n<td>15PL<\/td>\n<td><a href=\"https:\/\/honwaygroup.com\/wp-content\/uploads\/2023\/03\/%E9%8C%90%E5%BA%A6%E9%91%BD%E7%9F%B3%E7%A3%A8%E6%A3%92-%E6%9F%84%E5%BE%91-O3.0-6.0mm_%E5%B7%A5%E4%BD%9C%E5%8D%80%E5%9F%9F-1-%E8%A4%87%E6%9C%AC-10.webp\"><img loading=\"lazy\" decoding=\"async\" src=\"https:\/\/honwaygroup.com\/wp-content\/uploads\/2023\/03\/%E9%8C%90%E5%BA%A6%E9%91%BD%E7%9F%B3%E7%A3%A8%E6%A3%92-%E6%9F%84%E5%BE%91-O3.0-6.0mm_%E5%B7%A5%E4%BD%9C%E5%8D%80%E5%9F%9F-1-%E8%A4%87%E6%9C%AC-10.webp\" alt=\"\" width=\"542\" height=\"125\"><\/a><\/td>\n<\/tr>\n<tr>\n<td>\u00d82.0<\/td>\n<td>48<\/td>\n<td>1.9<\/td>\n<td>\u00d83.0<\/td>\n<td>70<\/td>\n<td>#150<\/td>\n<td>20PXLZ<\/td>\n<td><a href=\"https:\/\/honwaygroup.com\/wp-content\/uploads\/2023\/03\/%E9%8C%90%E5%BA%A6%E9%91%BD%E7%9F%B3%E7%A3%A8%E6%A3%92-%E6%9F%84%E5%BE%91-O3.0-6.0mm_%E5%B7%A5%E4%BD%9C%E5%8D%80%E5%9F%9F-1-%E8%A4%87%E6%9C%AC-11.webp\"><img loading=\"lazy\" decoding=\"async\" src=\"https:\/\/honwaygroup.com\/wp-content\/uploads\/2023\/03\/%E9%8C%90%E5%BA%A6%E9%91%BD%E7%9F%B3%E7%A3%A8%E6%A3%92-%E6%9F%84%E5%BE%91-O3.0-6.0mm_%E5%B7%A5%E4%BD%9C%E5%8D%80%E5%9F%9F-1-%E8%A4%87%E6%9C%AC-11.webp\" alt=\"\" width=\"542\" height=\"125\"><\/a><\/td>\n<\/tr>\n<tr>\n<td>\u00d82.3<\/td>\n<td>40<\/td>\n<td>2.7<\/td>\n<td>\u00d83.0<\/td>\n<td>65<\/td>\n<td>#150<\/td>\n<td>23PXL<\/td>\n<td><a href=\"https:\/\/honwaygroup.com\/wp-content\/uploads\/2023\/03\/%E9%8C%90%E5%BA%A6%E9%91%BD%E7%9F%B3%E7%A3%A8%E6%A3%92-%E6%9F%84%E5%BE%91-O3.0-6.0mm_%E5%B7%A5%E4%BD%9C%E5%8D%80%E5%9F%9F-1-%E8%A4%87%E6%9C%AC-12.webp\"><img loading=\"lazy\" decoding=\"async\" src=\"https:\/\/honwaygroup.com\/wp-content\/uploads\/2023\/03\/%E9%8C%90%E5%BA%A6%E9%91%BD%E7%9F%B3%E7%A3%A8%E6%A3%92-%E6%9F%84%E5%BE%91-O3.0-6.0mm_%E5%B7%A5%E4%BD%9C%E5%8D%80%E5%9F%9F-1-%E8%A4%87%E6%9C%AC-12.webp\" alt=\"\" width=\"542\" height=\"125\"><\/a><\/td>\n<\/tr>\n<tr>\n<td>\u00d82.5<\/td>\n<td>45<\/td>\n<td>2.6<\/td>\n<td>\u00d83.0<\/td>\n<td>70<\/td>\n<td>#150<\/td>\n<td>25PXL<\/td>\n<td><a href=\"https:\/\/honwaygroup.com\/wp-content\/uploads\/2023\/03\/%E9%8C%90%E5%BA%A6%E9%91%BD%E7%9F%B3%E7%A3%A8%E6%A3%92-%E6%9F%84%E5%BE%91-O3.0-6.0mm_%E5%B7%A5%E4%BD%9C%E5%8D%80%E5%9F%9F-1-%E8%A4%87%E6%9C%AC-13.webp\"><img loading=\"lazy\" decoding=\"async\" src=\"https:\/\/honwaygroup.com\/wp-content\/uploads\/2023\/03\/%E9%8C%90%E5%BA%A6%E9%91%BD%E7%9F%B3%E7%A3%A8%E6%A3%92-%E6%9F%84%E5%BE%91-O3.0-6.0mm_%E5%B7%A5%E4%BD%9C%E5%8D%80%E5%9F%9F-1-%E8%A4%87%E6%9C%AC-13.webp\" alt=\"\" width=\"542\" height=\"125\"><\/a><\/td>\n<\/tr>\n<tr>\n<td>\u00d83.0<\/td>\n<td>38<\/td>\n<td>4.2<\/td>\n<td>\u00d83.0<\/td>\n<td>70<\/td>\n<td>#150<\/td>\n<td>30PXL<\/td>\n<td><a href=\"https:\/\/honwaygroup.com\/wp-content\/uploads\/2023\/03\/%E9%8C%90%E5%BA%A6%E9%91%BD%E7%9F%B3%E7%A3%A8%E6%A3%92-%E6%9F%84%E5%BE%91-O3.0-6.0mm_%E5%B7%A5%E4%BD%9C%E5%8D%80%E5%9F%9F-1-%E8%A4%87%E6%9C%AC-14.webp\"><img loading=\"lazy\" decoding=\"async\" src=\"https:\/\/honwaygroup.com\/wp-content\/uploads\/2023\/03\/%E9%8C%90%E5%BA%A6%E9%91%BD%E7%9F%B3%E7%A3%A8%E6%A3%92-%E6%9F%84%E5%BE%91-O3.0-6.0mm_%E5%B7%A5%E4%BD%9C%E5%8D%80%E5%9F%9F-1-%E8%A4%87%E6%9C%AC-14.webp\" alt=\"\" width=\"542\" height=\"125\"><\/a><\/td>\n<\/tr>\n<tr>\n<td>\u00d86.0<\/td>\n<td>33<\/td>\n<td>10<\/td>\n<td>\u00d86.0<\/td>\n<td>60<\/td>\n<td>#120<\/td>\n<td>60P10<\/td>\n<td><a href=\"https:\/\/honwaygroup.com\/wp-content\/uploads\/2023\/03\/%E9%8C%90%E5%BA%A6%E9%91%BD%E7%9F%B3%E7%A3%A8%E6%A3%92-%E6%9F%84%E5%BE%91-O3.0-6.0mm_%E5%B7%A5%E4%BD%9C%E5%8D%80%E5%9F%9F-1-%E8%A4%87%E6%9C%AC-15.webp\"><img loading=\"lazy\" decoding=\"async\" src=\"https:\/\/honwaygroup.com\/wp-content\/uploads\/2023\/03\/%E9%8C%90%E5%BA%A6%E9%91%BD%E7%9F%B3%E7%A3%A8%E6%A3%92-%E6%9F%84%E5%BE%91-O3.0-6.0mm_%E5%B7%A5%E4%BD%9C%E5%8D%80%E5%9F%9F-1-%E8%A4%87%E6%9C%AC-15.webp\" alt=\"\" width=\"542\" height=\"125\"><\/a><\/td>\n<\/tr>\n<tr>\n<td>\u00d86.0<\/td>\n<td>28<\/td>\n<td>12<\/td>\n<td>\u00d86.0<\/td>\n<td>60<\/td>\n<td>#120<\/td>\n<td>60P12<\/td>\n<td><a href=\"https:\/\/honwaygroup.com\/wp-content\/uploads\/2023\/03\/%E9%8C%90%E5%BA%A6%E9%91%BD%E7%9F%B3%E7%A3%A8%E6%A3%92-%E6%9F%84%E5%BE%91-O3.0-6.0mm_%E5%B7%A5%E4%BD%9C%E5%8D%80%E5%9F%9F-1-%E8%A4%87%E6%9C%AC-16.webp\"><img loading=\"lazy\" decoding=\"async\" src=\"https:\/\/honwaygroup.com\/wp-content\/uploads\/2023\/03\/%E9%8C%90%E5%BA%A6%E9%91%BD%E7%9F%B3%E7%A3%A8%E6%A3%92-%E6%9F%84%E5%BE%91-O3.0-6.0mm_%E5%B7%A5%E4%BD%9C%E5%8D%80%E5%9F%9F-1-%E8%A4%87%E6%9C%AC-16.webp\" alt=\"\" width=\"542\" height=\"125\"><\/a><\/td>\n<\/tr>\n<tr>\n<td>\u00d86.0<\/td>\n<td>23<\/td>\n<td>14<\/td>\n<td>\u00d86.0<\/td>\n<td>60<\/td>\n<td>#120<\/td>\n<td>60P14<\/td>\n<td><a href=\"https:\/\/honwaygroup.com\/wp-content\/uploads\/2023\/03\/%E9%8C%90%E5%BA%A6%E9%91%BD%E7%9F%B3%E7%A3%A8%E6%A3%92-%E6%9F%84%E5%BE%91-O3.0-6.0mm_%E5%B7%A5%E4%BD%9C%E5%8D%80%E5%9F%9F-1-%E8%A4%87%E6%9C%AC-17.webp\"><img loading=\"lazy\" decoding=\"async\" src=\"https:\/\/honwaygroup.com\/wp-content\/uploads\/2023\/03\/%E9%8C%90%E5%BA%A6%E9%91%BD%E7%9F%B3%E7%A3%A8%E6%A3%92-%E6%9F%84%E5%BE%91-O3.0-6.0mm_%E5%B7%A5%E4%BD%9C%E5%8D%80%E5%9F%9F-1-%E8%A4%87%E6%9C%AC-17.webp\" alt=\"\" width=\"542\" height=\"125\"><\/a><\/td>\n<\/tr>\n<tr>\n<td>\u00d86.0<\/td>\n<td>21<\/td>\n<td>16<\/td>\n<td>\u00d86.0<\/td>\n<td>60<\/td>\n<td>#120<\/td>\n<td>60P16<\/td>\n<td><a href=\"https:\/\/honwaygroup.com\/wp-content\/uploads\/2023\/03\/%E9%8C%90%E5%BA%A6%E9%91%BD%E7%9F%B3%E7%A3%A8%E6%A3%92-%E6%9F%84%E5%BE%91-O3.0-6.0mm_%E5%B7%A5%E4%BD%9C%E5%8D%80%E5%9F%9F-1-%E8%A4%87%E6%9C%AC-18.webp\"><img loading=\"lazy\" decoding=\"async\" src=\"https:\/\/honwaygroup.com\/wp-content\/uploads\/2023\/03\/%E9%8C%90%E5%BA%A6%E9%91%BD%E7%9F%B3%E7%A3%A8%E6%A3%92-%E6%9F%84%E5%BE%91-O3.0-6.0mm_%E5%B7%A5%E4%BD%9C%E5%8D%80%E5%9F%9F-1-%E8%A4%87%E6%9C%AC-18.webp\" alt=\"\" width=\"542\" height=\"125\"><\/a><\/td>\n<\/tr>\n<tr>\n<td>\u00d86.0<\/td>\n<td>17<\/td>\n<td>20<\/td>\n<td>\u00d86.0<\/td>\n<td>60<\/td>\n<td>#120<\/td>\n<td>60P20<\/td>\n<td><a href=\"https:\/\/honwaygroup.com\/wp-content\/uploads\/2023\/03\/%E9%8C%90%E5%BA%A6%E9%91%BD%E7%9F%B3%E7%A3%A8%E6%A3%92-%E6%9F%84%E5%BE%91-O3.0-6.0mm_%E5%B7%A5%E4%BD%9C%E5%8D%80%E5%9F%9F-1-%E8%A4%87%E6%9C%AC-19.webp\"><img loading=\"lazy\" decoding=\"async\" src=\"https:\/\/honwaygroup.com\/wp-content\/uploads\/2023\/03\/%E9%8C%90%E5%BA%A6%E9%91%BD%E7%9F%B3%E7%A3%A8%E6%A3%92-%E6%9F%84%E5%BE%91-O3.0-6.0mm_%E5%B7%A5%E4%BD%9C%E5%8D%80%E5%9F%9F-1-%E8%A4%87%E6%9C%AC-19.webp\" alt=\"\" width=\"542\" height=\"125\"><\/a><\/td>\n<\/tr>\n<tr>\n<td>\u00d810.0<\/td>\n<td>19<\/td>\n<td>30<\/td>\n<td>\u00d86.0<\/td>\n<td>60<\/td>\n<td>#120<\/td>\n<td>100P30<\/td>\n<td><a href=\"https:\/\/honwaygroup.com\/wp-content\/uploads\/2023\/03\/%E9%8C%90%E5%BA%A6%E9%91%BD%E7%9F%B3%E7%A3%A8%E6%A3%92-%E6%9F%84%E5%BE%91-O3.0-6.0mm_%E5%B7%A5%E4%BD%9C%E5%8D%80%E5%9F%9F-1-%E8%A4%87%E6%9C%AC-20.webp\"><img loading=\"lazy\" decoding=\"async\" src=\"https:\/\/honwaygroup.com\/wp-content\/uploads\/2023\/03\/%E9%8C%90%E5%BA%A6%E9%91%BD%E7%9F%B3%E7%A3%A8%E6%A3%92-%E6%9F%84%E5%BE%91-O3.0-6.0mm_%E5%B7%A5%E4%BD%9C%E5%8D%80%E5%9F%9F-1-%E8%A4%87%E6%9C%AC-20.webp\" alt=\"\" width=\"542\" height=\"125\"><\/a><\/td>\n<\/tr>\n<\/tbody>\n<\/table>\n<p>C\u00f3 b\u1ea5t k\u1ef3 th\u1eafc m\u1eafc n\u00e0o kh\u00f4ng? <a href=\"https:\/\/honwaygroup.com\/vi\/lien-he-voi-honway\/\">Li\u00ean h\u1ec7 v\u1edbi HonWay<\/a><\/p>\n","protected":false},"excerpt":{"rendered":"<ul>\n<li>Th\u00edch h\u1ee3p cho vi\u1ec7c gia c\u00f4ng khu\u00f4n m\u1eabu<\/li>\n<\/ul>\n<h5><span style=\"color: #ff0000;\"><b>\u25b2 Vui l\u00f2ng nh\u1eafn tin ri\u00eang cho b\u1ed9 ph\u1eadn ch\u0103m s\u00f3c kh\u00e1ch h\u00e0ng \u0111\u1ec3 h\u1ecfi gi\u00e1.<\/b><\/span><\/h5>\n<h5><strong><span style=\"color: #ff0000; font-size: 19.2px;\">\u25b2<\/span><\/strong><strong><span style=\"color: #ff0000; font-size: 19.2px;\">N\u1ebfu c\u1ea7n k\u00edch th\u01b0\u1edbc t\u00f9y ch\u1ec9nh, vui l\u00f2ng li\u00ean h\u1ec7 b\u1ed9 ph\u1eadn ch\u0103m s\u00f3c kh\u00e1ch h\u00e0ng. Ng\u00e0y giao h\u00e0ng s\u1ebd ph\u1ee5 thu\u1ed9c v\u00e0o th\u1eddi gian \u0111\u01b0\u1ee3c th\u00f4ng b\u00e1o t\u1eeb b\u1ed9 ph\u1eadn n\u00e0y.<\/span><\/strong><\/h5>\n<h5><strong>\u25b2\u0110\u01a1n h\u00e0ng s\u1ed1 l\u01b0\u1ee3ng l\u1edbn c\u00f3 th\u1ec3 \u0111\u01b0\u1ee3c gi\u1ea3m gi\u00e1; vui l\u00f2ng li\u00ean h\u1ec7 b\u1ed9 ph\u1eadn ch\u0103m s\u00f3c kh\u00e1ch h\u00e0ng \u0111\u1ec3 \u0111\u01b0\u1ee3c gi\u1ea3i \u0111\u00e1p th\u1eafc m\u1eafc.<br \/>\u25b2C\u00e1c \u0111\u01a1n h\u00e0ng t\u1ea1i \u0110\u00e0i Loan th\u01b0\u1eddng c\u00f3 th\u1eddi gian giao h\u00e0ng t\u1eeb 7-14 ng\u00e0y l\u00e0m vi\u1ec7c.<\/strong><\/h5>\n<h5><strong><span style=\"color: #ff0000; font-size: 19.2px;\">\u25b2 <\/span><span style=\"color: #ff0000;\">Th\u1eddi gian giao h\u00e0ng cho \u0111\u01a1n h\u00e0ng qu\u1ed1c t\u1ebf kho\u1ea3ng t\u1eeb 7-14 ng\u00e0y, th\u1eddi gian nh\u1eadn h\u00e0ng th\u1ef1c t\u1ebf ph\u1ee5 thu\u1ed9c v\u00e0o t\u00ecnh tr\u1ea1ng v\u1eadn chuy\u1ec3n c\u1ee7a c\u00f4ng ty chuy\u1ec3n ph\u00e1t nhanh.<\/span><\/strong><\/h5>\n","protected":false},"featured_media":80465,"template":"","meta":{"site-sidebar-layout":"default","site-content-layout":"default","ast-site-content-layout":"default","site-content-style":"default","site-sidebar-style":"default","ast-global-header-display":"","ast-banner-title-visibility":"","ast-main-header-display":"","ast-hfb-above-header-display":"","ast-hfb-below-header-display":"","ast-hfb-mobile-header-display":"","site-post-title":"","ast-breadcrumbs-content":"","ast-featured-img":"","footer-sml-layout":"","ast-disable-related-posts":"","theme-transparent-header-meta":"default","adv-header-id-meta":"","stick-header-meta":"default","header-above-stick-meta":"","header-main-stick-meta":"","header-below-stick-meta":"","astra-migrate-meta-layouts":"default","ast-page-background-enabled":"default","ast-page-background-meta":{"desktop":{"background-color":"var(--ast-global-color-5)","background-image":"","background-repeat":"repeat","background-position":"center center","background-size":"auto","background-attachment":"scroll","background-type":"","background-media":"","overlay-type":"","overlay-color":"","overlay-opacity":"","overlay-gradient":""},"tablet":{"background-color":"","background-image":"","background-repeat":"repeat","background-position":"center center","background-size":"auto","background-attachment":"scroll","background-type":"","background-media":"","overlay-type":"","overlay-color":"","overlay-opacity":"","overlay-gradient":""},"mobile":{"background-color":"","background-image":"","background-repeat":"repeat","background-position":"center center","background-size":"auto","background-attachment":"scroll","background-type":"","background-media":"","overlay-type":"","overlay-color":"","overlay-opacity":"","overlay-gradient":""}},"ast-content-background-meta":{"desktop":{"background-color":"var(--ast-global-color-4)","background-image":"","background-repeat":"repeat","background-position":"center center","background-size":"auto","background-attachment":"scroll","background-type":"","background-media":"","overlay-type":"","overlay-color":"","overlay-opacity":"","overlay-gradient":""},"tablet":{"background-color":"var(--ast-global-color-4)","background-image":"","background-repeat":"repeat","background-position":"center center","background-size":"auto","background-attachment":"scroll","background-type":"","background-media":"","overlay-type":"","overlay-color":"","overlay-opacity":"","overlay-gradient":""},"mobile":{"background-color":"var(--ast-global-color-4)","background-image":"","background-repeat":"repeat","background-position":"center center","background-size":"auto","background-attachment":"scroll","background-type":"","background-media":"","overlay-type":"","overlay-color":"","overlay-opacity":"","overlay-gradient":""}}},"product_brand":[],"product_cat":[4389,4391],"product_tag":[5038],"class_list":{"0":"post-84396","1":"product","2":"type-product","3":"status-publish","4":"has-post-thumbnail","6":"product_cat-cong-cu-kim-cuong","7":"product_cat-que-mai-kim-cuong","8":"product_tag-dau-mai-kim-cuong-hinh-non","9":"desktop-align-left","10":"tablet-align-left","11":"mobile-align-left","12":"ast-product-gallery-layout-horizontal-slider","13":"ast-product-gallery-with-no-image","14":"ast-product-single-variable","15":"ast-product-tabs-layout-horizontal","17":"first","18":"instock","19":"taxable","20":"shipping-taxable","21":"product-type-variable"},"_links":{"self":[{"href":"https:\/\/honwaygroup.com\/vi\/wp-json\/wp\/v2\/product\/84396","targetHints":{"allow":["GET"]}}],"collection":[{"href":"https:\/\/honwaygroup.com\/vi\/wp-json\/wp\/v2\/product"}],"about":[{"href":"https:\/\/honwaygroup.com\/vi\/wp-json\/wp\/v2\/types\/product"}],"version-history":[{"count":0,"href":"https:\/\/honwaygroup.com\/vi\/wp-json\/wp\/v2\/product\/84396\/revisions"}],"wp:featuredmedia":[{"embeddable":true,"href":"https:\/\/honwaygroup.com\/vi\/wp-json\/wp\/v2\/media\/80465"}],"wp:attachment":[{"href":"https:\/\/honwaygroup.com\/vi\/wp-json\/wp\/v2\/media?parent=84396"}],"wp:term":[{"taxonomy":"product_brand","embeddable":true,"href":"https:\/\/honwaygroup.com\/vi\/wp-json\/wp\/v2\/product_brand?post=84396"},{"taxonomy":"product_cat","embeddable":true,"href":"https:\/\/honwaygroup.com\/vi\/wp-json\/wp\/v2\/product_cat?post=84396"},{"taxonomy":"product_tag","embeddable":true,"href":"https:\/\/honwaygroup.com\/vi\/wp-json\/wp\/v2\/product_tag?post=84396"}],"curies":[{"name":"wp","href":"https:\/\/api.w.org\/{rel}","templated":true}]}}