{"id":84394,"date":"2021-01-16T18:53:51","date_gmt":"2021-01-16T10:53:51","guid":{"rendered":"https:\/\/honwaygroup.com\/product\/diem-kim-cuong-gan-dong-bc-duong-kinh-chuoi-o6-0mm\/"},"modified":"2025-11-11T16:51:40","modified_gmt":"2025-11-11T08:51:40","slug":"diem-kim-cuong-gan-dong-bc-duong-kinh-chuoi-o6-0mm","status":"publish","type":"product","link":"https:\/\/honwaygroup.com\/vi\/product\/diem-kim-cuong-gan-dong-bc-duong-kinh-chuoi-o6-0mm\/","title":{"rendered":"Que m\u00e0i kim c\u01b0\u01a1ng d\u00f2ng BC (\u0110\u01b0\u1eddng k\u00ednh tr\u1ee5c: \u00d86.0mm)"},"content":{"rendered":"<h3><strong>Que m\u00e0i kim c\u01b0\u01a1ng d\u00f2ng BC (\u0110\u01b0\u1eddng k\u00ednh tr\u1ee5c: \u00d86.0mm)<\/strong><\/h3>\n<p>Thanh m\u00e0i kim c\u01b0\u01a1ng c\u00f3 c\u00e1n BC series \u0111\u01b0\u1ee3c s\u1eed d\u1ee5ng r\u1ed9ng r\u00e3i trong c\u00e1c <a href=\"https:\/\/kknews.cc\/zh-tw\/news\/b44brr6.html\" rel=\"nofollow noopener\" target=\"_blank\">d\u1ee5ng c\u1ee5 c\u1ea7m tay \u0111i\u1ec7n v\u00e0 kh\u00ed n\u00e9n.<\/a><\/p>\n<figure id=\"attachment_129926\" aria-describedby=\"caption-attachment-129926\" style=\"width: 1024px\" class=\"wp-caption alignnone\"><a href=\"https:\/\/honwaygroup.com\/wp-content\/uploads\/2021\/01\/BC%E7%B3%BB%E5%88%97%E9%91%BD%E7%9F%B3%E7%A3%A8%E6%A3%92%E8%A6%8F%E6%A0%BC-1.png\"><img fetchpriority=\"high\" decoding=\"async\" class=\"wp-image-7349 size-large\" src=\"https:\/\/honwaygroup.com\/wp-content\/uploads\/2021\/01\/BC%E7%B3%BB%E5%88%97%E9%91%BD%E7%9F%B3%E7%A3%A8%E6%A3%92%E8%A6%8F%E6%A0%BC-1-1024x1015.png\" alt=\"Que m\u00e0i kim c\u01b0\u01a1ng d\u00f2ng BC (\u0110\u01b0\u1eddng k\u00ednh tr\u1ee5c: \u00d86.0mm)\" width=\"1024\" height=\"1015\"><\/a><figcaption id=\"caption-attachment-129926\" class=\"wp-caption-text\">Que m\u00e0i kim c\u01b0\u01a1ng d\u00f2ng BC (\u0110\u01b0\u1eddng k\u00ednh tr\u1ee5c: \u00d86.0mm)<\/figcaption><\/figure>\n<p><strong>BC-10: B\u1ed9 10 vi\u00ean, bao g\u1ed3m m\u1ed9t thanh m\u00e0i \u0111\u01b0\u1ee3c \u0111\u00e1nh d\u1ea5u sao (*). Vui l\u00f2ng ghi r\u00f5 k\u00edch th\u01b0\u1edbc h\u1ea1t khi \u0111\u1eb7t h\u00e0ng, v\u00ed d\u1ee5: BC-10, #60. <\/strong><\/p>\n<p>C\u00f3 b\u1ea5t k\u1ef3 th\u1eafc m\u1eafc n\u00e0o kh\u00f4ng? <a href=\"https:\/\/honwaygroup.com\/vi\/lien-he-voi-honway\/\">Li\u00ean h\u1ec7 v\u1edbi HonWay<\/a><\/p>\n","protected":false},"excerpt":{"rendered":"<div id=\"desWrap\">\n<ul>\n<li>K\u00edch th\u01b0\u1edbc h\u1ea1t: #40, #60 v\u00e0 #100 l\u00e0 k\u00edch th\u01b0\u1edbc h\u1ea1t ti\u00eau chu\u1ea9n; vui l\u00f2ng ghi r\u00f5 khi \u0111\u1eb7t h\u00e0ng.<br \/>\nV\u00ed d\u1ee5: BC-65A, #40<\/li>\n<li>\u0110\u01b0\u1eddng k\u00ednh chu\u00f4i: \u00d86.0mm, Chi\u1ec1u d\u00e0i t\u1ed5ng th\u1ec3: 60~65mm.<\/li>\n<\/ul>\n<h5><span style=\"color: #ff0000;\"><b>\u25b2 Vui l\u00f2ng nh\u1eafn tin ri\u00eang cho b\u1ed9 ph\u1eadn ch\u0103m s\u00f3c kh\u00e1ch h\u00e0ng \u0111\u1ec3 h\u1ecfi gi\u00e1.<\/b><\/span><\/h5>\n<h5><strong><span style=\"color: #ff0000; font-size: 19.2px;\">\u25b2<\/span><\/strong><strong><span style=\"color: #ff0000; font-size: 19.2px;\">N\u1ebfu c\u1ea7n k\u00edch th\u01b0\u1edbc t\u00f9y ch\u1ec9nh, vui l\u00f2ng li\u00ean h\u1ec7 b\u1ed9 ph\u1eadn ch\u0103m s\u00f3c kh\u00e1ch h\u00e0ng. Ng\u00e0y giao h\u00e0ng s\u1ebd ph\u1ee5 thu\u1ed9c v\u00e0o th\u1eddi gian \u0111\u01b0\u1ee3c th\u00f4ng b\u00e1o t\u1eeb b\u1ed9 ph\u1eadn n\u00e0y.<\/span><\/strong><\/h5>\n<h5><strong>\u25b2\u0110\u01a1n h\u00e0ng s\u1ed1 l\u01b0\u1ee3ng l\u1edbn c\u00f3 th\u1ec3 \u0111\u01b0\u1ee3c gi\u1ea3m gi\u00e1; vui l\u00f2ng li\u00ean h\u1ec7 b\u1ed9 ph\u1eadn ch\u0103m s\u00f3c kh\u00e1ch h\u00e0ng \u0111\u1ec3 \u0111\u01b0\u1ee3c gi\u1ea3i \u0111\u00e1p th\u1eafc m\u1eafc.<br \/>\u25b2C\u00e1c \u0111\u01a1n h\u00e0ng t\u1ea1i \u0110\u00e0i Loan th\u01b0\u1eddng c\u00f3 th\u1eddi gian giao h\u00e0ng t\u1eeb 7-14 ng\u00e0y l\u00e0m vi\u1ec7c.<\/strong><\/h5>\n<h5><strong><span style=\"color: #ff0000; font-size: 19.2px;\">\u25b2 <\/span><span style=\"color: #ff0000;\">Th\u1eddi gian giao h\u00e0ng cho \u0111\u01a1n h\u00e0ng qu\u1ed1c t\u1ebf kho\u1ea3ng t\u1eeb 7-14 ng\u00e0y, th\u1eddi gian nh\u1eadn h\u00e0ng th\u1ef1c t\u1ebf ph\u1ee5 thu\u1ed9c v\u00e0o t\u00ecnh tr\u1ea1ng v\u1eadn chuy\u1ec3n c\u1ee7a c\u00f4ng ty chuy\u1ec3n ph\u00e1t nhanh.<\/span><\/strong><\/h5>\n<\/div>\n","protected":false},"featured_media":84395,"template":"","meta":{"site-sidebar-layout":"default","site-content-layout":"default","ast-site-content-layout":"default","site-content-style":"default","site-sidebar-style":"default","ast-global-header-display":"","ast-banner-title-visibility":"","ast-main-header-display":"","ast-hfb-above-header-display":"","ast-hfb-below-header-display":"","ast-hfb-mobile-header-display":"","site-post-title":"","ast-breadcrumbs-content":"","ast-featured-img":"","footer-sml-layout":"","ast-disable-related-posts":"","theme-transparent-header-meta":"default","adv-header-id-meta":"","stick-header-meta":"default","header-above-stick-meta":"","header-main-stick-meta":"","header-below-stick-meta":"","astra-migrate-meta-layouts":"default","ast-page-background-enabled":"default","ast-page-background-meta":{"desktop":{"background-color":"var(--ast-global-color-5)","background-image":"","background-repeat":"repeat","background-position":"center center","background-size":"auto","background-attachment":"scroll","background-type":"","background-media":"","overlay-type":"","overlay-color":"","overlay-opacity":"","overlay-gradient":""},"tablet":{"background-color":"","background-image":"","background-repeat":"repeat","background-position":"center center","background-size":"auto","background-attachment":"scroll","background-type":"","background-media":"","overlay-type":"","overlay-color":"","overlay-opacity":"","overlay-gradient":""},"mobile":{"background-color":"","background-image":"","background-repeat":"repeat","background-position":"center center","background-size":"auto","background-attachment":"scroll","background-type":"","background-media":"","overlay-type":"","overlay-color":"","overlay-opacity":"","overlay-gradient":""}},"ast-content-background-meta":{"desktop":{"background-color":"var(--ast-global-color-4)","background-image":"","background-repeat":"repeat","background-position":"center center","background-size":"auto","background-attachment":"scroll","background-type":"","background-media":"","overlay-type":"","overlay-color":"","overlay-opacity":"","overlay-gradient":""},"tablet":{"background-color":"var(--ast-global-color-4)","background-image":"","background-repeat":"repeat","background-position":"center center","background-size":"auto","background-attachment":"scroll","background-type":"","background-media":"","overlay-type":"","overlay-color":"","overlay-opacity":"","overlay-gradient":""},"mobile":{"background-color":"var(--ast-global-color-4)","background-image":"","background-repeat":"repeat","background-position":"center center","background-size":"auto","background-attachment":"scroll","background-type":"","background-media":"","overlay-type":"","overlay-color":"","overlay-opacity":"","overlay-gradient":""}}},"product_brand":[],"product_cat":[4389,4391],"product_tag":[4723],"class_list":{"0":"post-84394","1":"product","2":"type-product","3":"status-publish","4":"has-post-thumbnail","6":"product_cat-cong-cu-kim-cuong","7":"product_cat-que-mai-kim-cuong","8":"product_tag-que-mai-kim-cuong-dong-bc","9":"desktop-align-left","10":"tablet-align-left","11":"mobile-align-left","12":"ast-product-gallery-layout-horizontal-slider","13":"ast-product-gallery-with-no-image","14":"ast-product-single-variable","15":"ast-product-tabs-layout-horizontal","17":"first","18":"instock","19":"taxable","20":"shipping-taxable","21":"purchasable","22":"product-type-variable"},"_links":{"self":[{"href":"https:\/\/honwaygroup.com\/vi\/wp-json\/wp\/v2\/product\/84394","targetHints":{"allow":["GET"]}}],"collection":[{"href":"https:\/\/honwaygroup.com\/vi\/wp-json\/wp\/v2\/product"}],"about":[{"href":"https:\/\/honwaygroup.com\/vi\/wp-json\/wp\/v2\/types\/product"}],"version-history":[{"count":0,"href":"https:\/\/honwaygroup.com\/vi\/wp-json\/wp\/v2\/product\/84394\/revisions"}],"wp:featuredmedia":[{"embeddable":true,"href":"https:\/\/honwaygroup.com\/vi\/wp-json\/wp\/v2\/media\/84395"}],"wp:attachment":[{"href":"https:\/\/honwaygroup.com\/vi\/wp-json\/wp\/v2\/media?parent=84394"}],"wp:term":[{"taxonomy":"product_brand","embeddable":true,"href":"https:\/\/honwaygroup.com\/vi\/wp-json\/wp\/v2\/product_brand?post=84394"},{"taxonomy":"product_cat","embeddable":true,"href":"https:\/\/honwaygroup.com\/vi\/wp-json\/wp\/v2\/product_cat?post=84394"},{"taxonomy":"product_tag","embeddable":true,"href":"https:\/\/honwaygroup.com\/vi\/wp-json\/wp\/v2\/product_tag?post=84394"}],"curies":[{"name":"wp","href":"https:\/\/api.w.org\/{rel}","templated":true}]}}