{"id":84302,"date":"2013-11-19T06:21:22","date_gmt":"2013-11-18T22:21:22","guid":{"rendered":"https:\/\/honwaygroup.com\/product\/aluminum-oxide-powder-for-grinding\/"},"modified":"2013-11-19T06:21:22","modified_gmt":"2013-11-18T22:21:22","slug":"aluminum-oxide-powder-for-grinding","status":"publish","type":"product","link":"https:\/\/honwaygroup.com\/vi\/product\/aluminum-oxide-powder-for-grinding\/","title":{"rendered":"Aluminum oxide powder for grinding"},"content":{"rendered":"<h3><strong>Aluminum oxide powder for grinding<\/strong><\/h3>\n<p><a href=\"https:\/\/zh.m.wikipedia.org\/zh-tw\/%E5%89%9B%E7%8E%89\" rel=\"nofollow noopener\" target=\"_blank\">White corundum<\/a> \u0111\u01b0\u1ee3c t\u1ea1o th\u00e0nh t\u1eeb b\u1ed9t oxit nh\u00f4m ch\u1ea5t l\u01b0\u1ee3ng cao, k\u1ebft tinh b\u1edfi qu\u00e1 tr\u00ecnh tinh luy\u1ec7n b\u1eb1ng ph\u01b0\u01a1ng ph\u00e1p \u0111i\u1ec7n h\u1ee3p nh\u1ea5t, v\u1edbi \u0111\u1ed9 tinh khi\u1ebft cao, \u0111\u1ed9 s\u1eafc b\u00e9n t\u1ed1t, kh\u1ea3 n\u0103ng ch\u1ed1ng \u0103n m\u00f2n axit v\u00e0 ki\u1ec1m, ch\u1ecbu nhi\u1ec7t v\u00e0 c\u00f3 t\u00ednh ch\u1ea5t nhi\u1ec7t \u1ed5n \u0111\u1ecbnh. \u0110\u1ed9 c\u1ee9ng c\u1ee7a n\u00f3 cao h\u01a1n m\u1ed9t ch\u00fat so v\u1edbi corundum n\u00e2u, v\u1edbi \u0111\u1ed9 d\u1ebbo dai th\u1ea5p h\u01a1n m\u1ed9t ch\u00fat, \u0111\u1ed9 tinh khi\u1ebft cao, \u0111\u1ed9 s\u1eafc b\u00e9n t\u1ed1t, kh\u1ea3 n\u0103ng m\u00e0i m\u1ea1nh, \u00edt sinh nhi\u1ec7t, hi\u1ec7u qu\u1ea3 cao, kh\u1ea3 n\u0103ng ch\u1ed1ng \u0103n m\u00f2n axit v\u00e0 ki\u1ec1m, ch\u1ecbu nhi\u1ec7t cao v\u00e0 \u0111\u1ed9 \u1ed5n \u0111\u1ecbnh nhi\u1ec7t t\u1ed1t. N\u00f3 ph\u00f9 h\u1ee3p \u0111\u1ec3 m\u00e0i th\u00e9p carbon cao, th\u00e9p t\u1ed1c \u0111\u1ed9 cao, th\u00e9p kh\u00f4ng g\u1ec9 v\u00e0 c\u00e1c v\u1eadt li\u1ec7u m\u00e0i m\u1ecbn kh\u00e1c, v\u00e0 c\u0169ng c\u00f3 th\u1ec3 \u0111\u01b0\u1ee3c s\u1eed d\u1ee5ng trong \u0111\u00fac ch\u00ednh x\u00e1c v\u00e0 v\u1eadt li\u1ec7u ch\u1ecbu l\u1eeda cao c\u1ea5p.  <\/p>\n<p>N\u00f3 ph\u00f9 h\u1ee3p \u0111\u1ec3 m\u00e0i th\u00e9p carbon cao, th\u00e9p t\u1ed1c \u0111\u1ed9 cao, th\u00e9p c\u1ee9ng v\u00e0 c\u00e1c v\u1eadt li\u1ec7u kh\u00e1c c\u00f3 \u0111\u1ed9 c\u1ee9ng v\u00e0 \u0111\u1ed9 b\u1ec1n k\u00e9o cao. \u300bC\u0169ng c\u00f3 th\u1ec3 \u0111\u01b0\u1ee3c s\u1eed d\u1ee5ng l\u00e0m v\u1eadt li\u1ec7u m\u00e0i v\u00e0 \u0111\u00e1nh b\u00f3ng. \u300b\u0110\u00fac ch\u00ednh x\u00e1c, v\u1eadt li\u1ec7u phun, ch\u1ea5t mang x\u00fac t\u00e1c h\u00f3a h\u1ecdc, g\u1ed1m \u0111\u1eb7c bi\u1ec7t, b\u00e1nh m\u00e0i, luy\u1ec7n th\u00e9p, v\u1eadt li\u1ec7u ch\u1ecbu l\u1eeda cao c\u1ea5p, v.v. \u300b\u0110\u1eb7c tr\u01b0ng b\u1edfi l\u1ef1c c\u1eaft m\u1ea1nh, \u0111\u1ed9 \u1ed5n \u0111\u1ecbnh h\u00f3a h\u1ecdc t\u1ed1t v\u00e0 kh\u1ea3 n\u0103ng c\u00e1ch \u0111i\u1ec7n t\u1ed1t.   <\/p>\n<p>&nbsp;<\/p>\n<table border=\"0\" cellspacing=\"0\" cellpadding=\"5\" align=\"left\">\n<tbody>\n<tr>\n<td><strong>Th\u00f4ng s\u1ed1 k\u1ef9 thu\u1eadt c\u1ee7a B\u1ed9t Oxit Nh\u00f4m \u0110\u1ed9 Tinh Khi\u1ebft Cao<\/strong><\/td>\n<\/tr>\n<\/tbody>\n<\/table>\n<div><\/div>\n<div>\n<table border=\"0\" cellspacing=\"3\" cellpadding=\"5\" align=\"center\">\n<tbody>\n<tr>\n<td><strong>Al<sub>2<\/sub>O<sub>3<\/sub><\/strong><\/td>\n<td><strong>Na<sub>2<\/sub>O<\/strong><\/td>\n<td><strong>SiO<sub>2<\/sub><\/strong><\/td>\n<td><strong>Fe<sub>2<\/sub>O<sub>3<\/sub><\/strong><\/td>\n<td><strong>CaO+MgO<\/strong><\/td>\n<\/tr>\n<tr>\n<td><strong>99.6%<\/strong><\/td>\n<td><strong>0.18%<\/strong><\/td>\n<td><strong>0.01%<\/strong><\/td>\n<td><strong>0.02%<\/strong><\/td>\n<td><strong>0.02%<\/strong><\/td>\n<\/tr>\n<\/tbody>\n<\/table>\n<div>\n<div align=\"center\">\n<table border=\"1\" width=\"490\" cellspacing=\"0\" cellpadding=\"0\">\n<tbody>\n<tr>\n<td rowspan=\"2\" width=\"36\">\n<p align=\"center\">\u1ee8ng d\u1ee5ng<\/p>\n<\/td>\n<td colspan=\"2\" rowspan=\"2\">\n<p align=\"center\">Th\u00f4ng s\u1ed1 k\u1ef9 thu\u1eadt<\/p>\n<\/td>\n<td colspan=\"3\">\n<p align=\"center\">Th\u00e0nh ph\u1ea7n h\u00f3a h\u1ecdc ch\u00ednh %<\/p>\n<\/td>\n<td rowspan=\"2\" width=\"62\">\n<p align=\"center\">T\u1eeb t\u00ednh %<\/p>\n<\/td>\n<\/tr>\n<tr>\n<td width=\"93\">\n<p align=\"center\">Al<sub>2<\/sub>O<sub>3<\/sub><\/p>\n<\/td>\n<td width=\"61\">\n<p align=\"center\">Na<sub>2<\/sub>O<\/p>\n<\/td>\n<td width=\"70\">\n<p align=\"center\">SiO<sub>2<\/sub><\/p>\n<\/td>\n<\/tr>\n<tr>\n<td rowspan=\"4\" width=\"36\">\n<p align=\"center\">Ch\u1ea5t m\u00e0i m\u00f2n<br \/>\nD\u1ee5ng c\u1ee5 m\u00e0i m\u00f2n<\/p>\n<\/td>\n<td rowspan=\"3\" width=\"69\">\n<p align=\"center\">F<\/p>\n<\/td>\n<td width=\"83\">\n<p align=\"center\">12#\u201480#<\/p>\n<\/td>\n<td width=\"93\">\n<p align=\"center\">\u226599.4<\/p>\n<\/td>\n<td width=\"61\">\n<p align=\"center\">\u22640.4<\/p>\n<\/td>\n<td rowspan=\"2\">\n<p align=\"center\">\u2014<\/p>\n<\/td>\n<td width=\"62\">\n<p align=\"center\">\u22640.03<\/p>\n<\/td>\n<\/tr>\n<tr>\n<td width=\"83\">\n<p align=\"center\">90#\u2014150#<\/p>\n<\/td>\n<td width=\"93\">\n<p align=\"center\">\u226599.3<\/p>\n<\/td>\n<td width=\"61\">\n<p align=\"center\">\u22640.4<\/p>\n<\/td>\n<td width=\"62\">\n<p align=\"center\">\u22640.03<\/p>\n<\/td>\n<\/tr>\n<tr>\n<td width=\"83\">\n<p align=\"center\">180#\u2014240#<\/p>\n<\/td>\n<td width=\"93\">\n<p align=\"center\">\u226598.2<\/p>\n<\/td>\n<td width=\"61\">\n<p align=\"center\">\u22640.4<\/p>\n<\/td>\n<td>\n<p align=\"center\">\u2014<\/p>\n<\/td>\n<td width=\"62\">\n<p align=\"center\">\u22640.03<\/p>\n<\/td>\n<\/tr>\n<tr>\n<td width=\"69\">\n<p align=\"center\">W<\/p>\n<\/td>\n<td width=\"83\">\n<p align=\"center\">1#-63#<\/p>\n<\/td>\n<td width=\"93\">\n<p align=\"center\">\u226599.3<\/p>\n<\/td>\n<td width=\"61\">\n<p align=\"center\">\u22640.4<\/p>\n<\/td>\n<td>\n<p align=\"center\">\u22640.03<\/p>\n<\/td>\n<td width=\"62\">\n<p align=\"center\">\u22640.05<\/p>\n<\/td>\n<\/tr>\n<tr>\n<td rowspan=\"2\" width=\"36\">\n<p align=\"center\">Fire-resistant<br \/>\nMaterials<\/p>\n<\/td>\n<td width=\"69\">\n<p align=\"center\">Pellets<\/p>\n<\/td>\n<td width=\"83\">\n<p align=\"center\">0-1mm<br \/>\n1-3mm<br \/>\n3-5mm<br \/>\n5-8mm<br \/>\n8-12mm<\/p>\n<\/td>\n<td width=\"93\">\n<p align=\"center\">\u226599.3<\/p>\n<\/td>\n<td width=\"61\">\n<p align=\"center\">\u22640.4<\/p>\n<\/td>\n<td>\n<p align=\"center\">\u22640.06<\/p>\n<\/td>\n<td width=\"62\">\n<p align=\"center\">\u22640.05<\/p>\n<\/td>\n<\/tr>\n<tr>\n<td width=\"69\">\n<p align=\"center\">Fine Powder<\/p>\n<\/td>\n<td width=\"83\">\n<p align=\"center\">180#\u20140<br \/>\n200#-0<br \/>\n320#-0<\/p>\n<\/td>\n<td width=\"93\">\n<p align=\"center\">\u226599<\/p>\n<\/td>\n<td width=\"61\">\n<p align=\"center\">\u22640.4<\/p>\n<\/td>\n<td>\n<p align=\"center\">\u22640.1<\/p>\n<\/td>\n<td width=\"62\">\n<p align=\"center\">\u22640.03<\/p>\n<\/td>\n<\/tr>\n<\/tbody>\n<\/table>\n<\/div>\n<\/div>\n<div><strong>Y\u00eau c\u1ea7u \u0110\u01a1n h\u00e0ng T\u1ed1i thi\u1ec3u: 10KG.25KG<br \/><\/strong><\/div>\n<div><\/div>\n<\/div>\n<p>C\u00f3 c\u00e2u h\u1ecfi n\u00e0o kh\u00f4ng?<br \/> <a href=\"https:\/\/honwaygroup.com\/vi\/lien-he-voi-honway\/\">Li\u00ean h\u1ec7 HonWay<\/a><\/p>\n","protected":false},"excerpt":{"rendered":"<table border=\"0\" cellspacing=\"0\" cellpadding=\"5\">\n<tbody>\n<tr>\n<td><strong>Aluminum oxide<\/strong><\/td>\n<\/tr>\n<\/tbody>\n<\/table>\n<p>C\u00f2n \u0111\u01b0\u1ee3c g\u1ecdi l\u00e0 Bauxite v\u00e0 Corundum. Nh\u00f4m nguy\u00ean ch\u1ea5t l\u00e0 nguy\u00ean t\u1ed1 ph\u1ed5 bi\u1ebfn th\u1ee9 ba trong v\u1ecf tr\u00e1i \u0111\u1ea5t v\u00e0 th\u01b0\u1eddng t\u1ed3n t\u1ea1i d\u01b0\u1edbi d\u1ea1ng oxit trong t\u1ef1 nhi\u00ean, v\u1edbi \u0111\u1ed9 tinh khi\u1ebft ph\u1ed5 bi\u1ebfn l\u00e0 99,5% v\u00e0 96%. <\/p>\n<table border=\"0\" cellspacing=\"0\" cellpadding=\"5\">\n<tbody>\n<tr>\n<td><strong>\u1ee8ng d\u1ee5ng c\u1ee7a B\u1ed9t Oxit Nh\u00f4m<\/strong><\/td>\n<\/tr>\n<\/tbody>\n<\/table>\n<p>\u0110\u01b0\u1ee3c s\u1eed d\u1ee5ng r\u1ed9ng r\u00e3i trong c\u00e1c ng\u00e0nh c\u00f4ng nghi\u1ec7p nh\u1edd v\u00e0o t\u00ednh ch\u1ea5t h\u00f3a h\u1ecdc v\u00e0 v\u1eadt l\u00fd \u0111\u1ed9c \u0111\u00e1o c\u1ee7a n\u00f3.<\/p>\n<p>2. X\u1eed l\u00fd th\u1ea9m m\u1ef9 v\u1eadt li\u1ec7u h\u00f3a t\u00e1c ph\u1ea9m ngh\u1ec7 thu\u1eadt Acrylic.<\/p>\n<p>3. Phun c\u00e1t trong quy tr\u00ecnh s\u1ea3n xu\u1ea5t m\u00e0n h\u00ecnh TV.<\/p>\n<p>4. Ph\u1ee5 gia cho v\u1eadt li\u1ec7u ch\u1ecbu l\u1eeda ho\u1eb7c c\u00e1c lo\u1ea1i g\u1ed1m kh\u00e1c.<\/p>\n<p>5. Nu\u00f4i tinh th\u1ec3 sapphire, \u0111\u00e1nh b\u00f3ng, v.v.<\/p>\n<p>6. B\u1ed9t hu\u1ef3nh quang ba m\u00e0u c\u01a1 b\u1ea3<\/p>\n","protected":false},"featured_media":83751,"template":"","meta":{"site-sidebar-layout":"default","site-content-layout":"default","ast-site-content-layout":"default","site-content-style":"default","site-sidebar-style":"default","ast-global-header-display":"","ast-banner-title-visibility":"","ast-main-header-display":"","ast-hfb-above-header-display":"","ast-hfb-below-header-display":"","ast-hfb-mobile-header-display":"","site-post-title":"","ast-breadcrumbs-content":"","ast-featured-img":"","footer-sml-layout":"","ast-disable-related-posts":"","theme-transparent-header-meta":"default","adv-header-id-meta":"","stick-header-meta":"default","header-above-stick-meta":"","header-main-stick-meta":"","header-below-stick-meta":"","astra-migrate-meta-layouts":"default","ast-page-background-enabled":"default","ast-page-background-meta":{"desktop":{"background-color":"var(--ast-global-color-5)","background-image":"","background-repeat":"repeat","background-position":"center center","background-size":"auto","background-attachment":"scroll","background-type":"","background-media":"","overlay-type":"","overlay-color":"","overlay-opacity":"","overlay-gradient":""},"tablet":{"background-color":"","background-image":"","background-repeat":"repeat","background-position":"center center","background-size":"auto","background-attachment":"scroll","background-type":"","background-media":"","overlay-type":"","overlay-color":"","overlay-opacity":"","overlay-gradient":""},"mobile":{"background-color":"","background-image":"","background-repeat":"repeat","background-position":"center center","background-size":"auto","background-attachment":"scroll","background-type":"","background-media":"","overlay-type":"","overlay-color":"","overlay-opacity":"","overlay-gradient":""}},"ast-content-background-meta":{"desktop":{"background-color":"var(--ast-global-color-4)","background-image":"","background-repeat":"repeat","background-position":"center center","background-size":"auto","background-attachment":"scroll","background-type":"","background-media":"","overlay-type":"","overlay-color":"","overlay-opacity":"","overlay-gradient":""},"tablet":{"background-color":"var(--ast-global-color-4)","background-image":"","background-repeat":"repeat","background-position":"center center","background-size":"auto","background-attachment":"scroll","background-type":"","background-media":"","overlay-type":"","overlay-color":"","overlay-opacity":"","overlay-gradient":""},"mobile":{"background-color":"var(--ast-global-color-4)","background-image":"","background-repeat":"repeat","background-position":"center center","background-size":"auto","background-attachment":"scroll","background-type":"","background-media":"","overlay-type":"","overlay-color":"","overlay-opacity":"","overlay-gradient":""}}},"product_brand":[],"product_cat":[4305,4701,4370,4367,4698,4371,4424,4307,4426],"product_tag":[4854],"class_list":{"0":"post-84302","1":"product","2":"type-product","3":"status-publish","4":"has-post-thumbnail","6":"product_cat-nguyen-lieu-hoa-hoc","7":"product_cat-bot","8":"product_cat-bot-mai","9":"product_cat-vat-lieu-mai-mem","10":"product_cat-dang-nguyen-lieu","11":"product_cat-don-tinh-the","12":"product_cat-hinh-thuc-ung-dung","13":"product_cat-oxide","14":"product_cat-vat-lieu-danh-bong","15":"product_tag-aluminum-oxide-vi","16":"desktop-align-left","17":"tablet-align-left","18":"mobile-align-left","19":"ast-product-gallery-layout-horizontal-slider","20":"ast-product-gallery-with-no-image","21":"ast-product-tabs-layout-horizontal","23":"first","24":"instock","25":"taxable","26":"shipping-taxable","27":"purchasable","28":"product-type-simple"},"_links":{"self":[{"href":"https:\/\/honwaygroup.com\/vi\/wp-json\/wp\/v2\/product\/84302","targetHints":{"allow":["GET"]}}],"collection":[{"href":"https:\/\/honwaygroup.com\/vi\/wp-json\/wp\/v2\/product"}],"about":[{"href":"https:\/\/honwaygroup.com\/vi\/wp-json\/wp\/v2\/types\/product"}],"version-history":[{"count":0,"href":"https:\/\/honwaygroup.com\/vi\/wp-json\/wp\/v2\/product\/84302\/revisions"}],"wp:featuredmedia":[{"embeddable":true,"href":"https:\/\/honwaygroup.com\/vi\/wp-json\/wp\/v2\/media\/83751"}],"wp:attachment":[{"href":"https:\/\/honwaygroup.com\/vi\/wp-json\/wp\/v2\/media?parent=84302"}],"wp:term":[{"taxonomy":"product_brand","embeddable":true,"href":"https:\/\/honwaygroup.com\/vi\/wp-json\/wp\/v2\/product_brand?post=84302"},{"taxonomy":"product_cat","embeddable":true,"href":"https:\/\/honwaygroup.com\/vi\/wp-json\/wp\/v2\/product_cat?post=84302"},{"taxonomy":"product_tag","embeddable":true,"href":"https:\/\/honwaygroup.com\/vi\/wp-json\/wp\/v2\/product_tag?post=84302"}],"curies":[{"name":"wp","href":"https:\/\/api.w.org\/{rel}","templated":true}]}}