{"id":84220,"date":"2013-11-19T07:38:07","date_gmt":"2013-11-18T23:38:07","guid":{"rendered":"https:\/\/honwaygroup.com\/product\/bot-danh-bong-oxit-cerium\/"},"modified":"2013-11-19T07:38:07","modified_gmt":"2013-11-18T23:38:07","slug":"bot-danh-bong-oxit-cerium","status":"publish","type":"product","link":"https:\/\/honwaygroup.com\/vi\/product\/bot-danh-bong-oxit-cerium\/","title":{"rendered":"B\u1ed9t \u0111\u00e1nh b\u00f3ng Oxit Cerium"},"content":{"rendered":"<h3><strong>B\u1ed9t \u0111\u00e1nh b\u00f3ng Oxit Cerium<\/strong><\/h3>\n<p>C\u00e1c h\u1ea1t \u0111\u01b0\u1ee3c treo t\u1ed1t, kh\u00f4ng d\u1ec5 l\u00e0m tr\u1ea7y x\u01b0\u1edbc b\u1ec1 m\u1eb7t c\u1ee7a v\u1eadt th\u1ec3, c\u00f3 th\u1ec3 \u0111\u00e1nh b\u00f3ng k\u00ednh quang h\u1ecdc, k\u00ednh \u0111i\u1ec7n tho\u1ea1i di \u0111\u1ed9ng&#8230; Ch\u1edd \u0111\u1ee3i. <\/p>\n<h4><strong>\u0110\u1eb7c \u0111i\u1ec3m c\u1ee7a B\u1ed9t \u0111\u00e1nh b\u00f3ng Oxit Cerium<\/strong><\/h4>\n<ul>\n<li>\u0110\u1ed9 m\u1ec1m v\u00e0 \u0111\u1ed9 c\u1ee9ng v\u1eeba ph\u1ea3i, s\u1ebd kh\u00f4ng l\u00e0m tr\u1ea7y x\u01b0\u1edbc b\u1ec1 m\u1eb7t c\u1ee7a v\u1eadt th\u1ec3 \u0111\u01b0\u1ee3c \u0111\u00e1nh b\u00f3ng.<\/li>\n<li>T\u00ednh ch\u1ea5t treo t\u1ed1t, kh\u00f4ng d\u1ec5 l\u1eafng \u0111\u1ecdng<\/li>\n<\/ul>\n<h4><strong>\u1ee8ng d\u1ee5ng c\u1ee7a B\u1ed9t \u0111\u00e1nh b\u00f3ng Oxit Cerium<\/strong><\/h4>\n<ul>\n<li>\u0110\u00e1nh b\u00f3ng k\u00ednh quang h\u1ecdc ch\u00ednh x\u00e1c cho c\u00e1c thi\u1ebft b\u1ecb quang h\u1ecdc ch\u00ednh x\u00e1c, <a href=\"https:\/\/www.digitimes.com.tw\/tech\/dt\/n\/shwnws.asp?id=0000224454_2d43rg4f6gx9na35kvdvr\" rel=\"nofollow noopener\" target=\"_blank\">\u0111\u1ebf c\u1ee9ng c\u1ee7a \u1ed5 \u0111\u0129a,<\/a> m\u00e0n h\u00ecnh LCD, v.v.<\/li>\n<li>\u0110\u00e1nh b\u00f3ng ch\u00ednh x\u00e1c c\u00e1c \u1ed1ng k\u00ednh quang h\u1ecdc,<a href=\"https:\/\/zh.wikipedia.org\/wiki\/%E5%85%89%E7%BA%96%E6%8E%A5%E9%A0%AD\" rel=\"nofollow noopener\" target=\"_blank\"> \u0111\u1ea7u n\u1ed1i s\u1ee3i quang<\/a>, \u0111\u1ebf k\u00ednh vi tinh th\u1ec3, b\u1ec1 m\u1eb7t tinh th\u1ec3&#8230; v.v.<\/li>\n<\/ul>\n<h4><strong> Th\u00f4ng s\u1ed1 k\u1ef9 thu\u1eadt c\u1ee7a b\u1ed9t \u0111\u00e1nh b\u00f3ng oxit Cerium<\/strong><\/h4>\n<h4><\/h4>\n<table>\n<tbody>\n<tr>\n<td rowspan=\"2\" width=\"52\">\n<p style=\"text-align: center;\">M\u00f4 h\u00ecnh<\/p>\n<\/td>\n<td style=\"text-align: center;\" rowspan=\"2\" width=\"62\">Tr\u1ea1ng th\u00e1i s\u1ea3n ph\u1ea9m<\/td>\n<td rowspan=\"2\" width=\"73\">\n<p style=\"text-align: center;\">K\u00edch th\u01b0\u1edbc h\u1ea1t (um)<\/p>\n<\/td>\n<td colspan=\"5\" width=\"305\">\n<p style=\"text-align: center;\">\u1ee8ng d\u1ee5ng<\/p>\n<\/td>\n<\/tr>\n<tr>\n<td width=\"60\">\n<p style=\"text-align: center;\">K\u00ednh xanh n\u00f3i chung<\/p>\n<\/td>\n<td style=\"text-align: center;\" width=\"60\">K\u00ednh quang h\u1ecdc b\u1ea3ng tr\u1eafng<\/p>\n<\/td>\n<td style=\"text-align: center;\" width=\"60\">K\u00ednh t\u1ea5m<\/p>\n<\/td>\n<td style=\"text-align: center;\" width=\"60\">Quang h\u1ecdc<\/p>\n<\/td>\n<td width=\"59\">\n<p style=\"text-align: center;\">K\u00ednh xanh<\/p>\n<\/td>\n<\/tr>\n<tr>\n<td width=\"52\">RA-10<\/td>\n<td width=\"62\">\n<p style=\"text-align: center;\">White powder<\/p>\n<\/td>\n<td style=\"text-align: center;\" width=\"73\">D50\/0.8<\/td>\n<td style=\"text-align: center;\" width=\"60\"><\/td>\n<td style=\"text-align: center;\" width=\"60\"><\/td>\n<td style=\"text-align: center;\" width=\"60\">\u25cf<\/td>\n<td width=\"60\">\n<p style=\"text-align: center;\">\u25cf<\/p>\n<\/td>\n<td width=\"59\"><\/td>\n<\/tr>\n<tr>\n<td width=\"52\">RA-08<\/td>\n<td width=\"62\">\n<p style=\"text-align: center;\">White powder<\/p>\n<\/td>\n<td style=\"text-align: center;\" width=\"73\">D50\/1.0<\/td>\n<td style=\"text-align: center;\" width=\"60\"><\/td>\n<td style=\"text-align: center;\" width=\"60\">\u25cf<\/td>\n<td style=\"text-align: center;\" width=\"60\">\u25cf<\/td>\n<td width=\"60\">\n<p style=\"text-align: center;\">\u25cf<\/p>\n<\/td>\n<td width=\"59\"><\/td>\n<\/tr>\n<tr>\n<td width=\"52\">RA-01<\/td>\n<td width=\"62\">\n<p style=\"text-align: center;\">White powder<\/p>\n<\/td>\n<td style=\"text-align: center;\" width=\"73\">D50\/1.5<\/td>\n<td style=\"text-align: center;\" width=\"60\">\u25cf<\/td>\n<td style=\"text-align: center;\" width=\"60\">\u25cf<\/td>\n<td style=\"text-align: center;\" width=\"60\">\u25cf<\/td>\n<td width=\"60\">\n<p style=\"text-align: center;\">\n<\/td>\n<td width=\"59\"><\/td>\n<\/tr>\n<tr>\n<td width=\"52\">RA-12<\/td>\n<td width=\"62\">\n<p style=\"text-align: center;\">White powder<\/p>\n<\/td>\n<td style=\"text-align: center;\" width=\"73\">D50\/2.0<\/td>\n<td style=\"text-align: center;\" width=\"60\">\u25cf<\/td>\n<td style=\"text-align: center;\" width=\"60\"><\/td>\n<td style=\"text-align: center;\" width=\"60\"><\/td>\n<td width=\"60\">\n<p style=\"text-align: center;\">\n<\/td>\n<td width=\"59\"><\/td>\n<\/tr>\n<tr>\n<td width=\"52\">HAT-1205<\/td>\n<td width=\"62\">\n<p style=\"text-align: center;\">Red powder<\/p>\n<\/td>\n<td style=\"text-align: center;\" width=\"73\">D50\/1.2<\/td>\n<td style=\"text-align: center;\" width=\"60\"><\/td>\n<td style=\"text-align: center;\" width=\"60\"><\/td>\n<td style=\"text-align: center;\" width=\"60\"><\/td>\n<td style=\"text-align: center;\" width=\"60\">\u25cf<\/td>\n<td width=\"59\">\n<p style=\"text-align: center;\">\u25cf<\/p>\n<\/td>\n<\/tr>\n<tr>\n<td width=\"52\">HAT-1805<\/td>\n<td width=\"62\">\n<p style=\"text-align: center;\">Red powder<\/p>\n<\/td>\n<td style=\"text-align: center;\" width=\"73\">D50\/1.8<\/td>\n<td style=\"text-align: center;\" width=\"60\">\u25cf<\/td>\n<td style=\"text-align: center;\" width=\"60\">\u25cf<\/td>\n<td width=\"60\">\n<p style=\"text-align: center;\">\n<\/td>\n<td width=\"60\"><\/td>\n<td width=\"59\"><\/td>\n<\/tr>\n<\/tbody>\n<\/table>\n<h4><strong>\u3000\u3000\u3000\u3000\u3000\u3000\u3000<\/strong><\/h4>\n<p><strong>*Minimum order quantity is 20KG<\/strong><\/p>\n<p><strong>N\u1ebfu b\u1ea1n c\u00f3 c\u00e1c th\u00f4ng s\u1ed1 k\u1ef9 thu\u1eadt \u0111\u1eb7c bi\u1ec7t ho\u1eb7c c\u1ea7n t\u00f9y ch\u1ec9nh, <a href=\"tel:+886-7-2231058\">vui l\u00f2ng g\u1ecdi<\/a> ho\u1eb7c <a href=\"mailto:service@honwaygroup.com\">vi\u1ebft th\u01b0<\/a> cho ch\u00fang t\u00f4i, c\u1ea3m \u01a1n b\u1ea1n<\/strong>. B\u1ea1n c\u00f3 c\u00e2u h\u1ecfi n\u00e0o kh\u00f4ng? <a href=\"https:\/\/honwaygroup.com\/vi\/lien-he-voi-honway\/\" target=\"_blank\" rel=\"noopener\">Li\u00ean h\u1ec7 HonWay<\/a><\/p>\n","protected":false},"excerpt":{"rendered":"<p>{Ch\u00e0o m\u1eebng \u0111\u1ebfn v\u1edbi y\u00eau c\u1ea7u qua th\u01b0}&gt;&gt;&gt;<a href=\"https:\/\/honwaygroup.com\/vi\/lien-he-voi-honway\/\">Li\u00ean h\u1ec7 HonWay<\/a><\/p>\n<p>&nbsp;<\/p>\n<p>B\u1ed9t \u0111\u00e1nh b\u00f3ng Cerium oxide c\u00f3 t\u00ednh ch\u1ea5t h\u00f3a h\u1ecdc v\u00e0 v\u1eadt l\u00fd tuy\u1ec7t v\u1eddi, v\u00ec v\u1eady n\u00f3 \u0111\u00e3 \u0111\u01b0\u1ee3c s\u1eed d\u1ee5ng r\u1ed9ng r\u00e3i trong \u0111\u00e1nh b\u00f3ng c\u00e1c s\u1ea3n ph\u1ea9m c\u00f4ng nghi\u1ec7p v\u00e0 \u0111\u00e3 \u0111\u01b0\u1ee3c s\u1eed d\u1ee5ng trong \u0111\u00e1nh b\u00f3ng c\u00e1c lo\u1ea1i k\u00ednh quang h\u1ecdc, TV LCD, \u1ed1ng k\u00ednh quang h\u1ecdc, m\u00e1y hi\u1ec7n s\u00f3ng, \u0111i\u1ec7n tho\u1ea1i di \u0111\u1ed9ng, c\u00e1c s\u1ea3n ph\u1ea9m li\u00ean quan \u0111\u1ebfn m\u00e1y t\u00ednh b\u1ea3ng, chip b\u00e1n d\u1eabn v\u00e0 c\u00e1c s\u1ea3n ph\u1ea9m ch\u00ednh x\u00e1c kim lo\u1ea1i. K\u00edch th\u01b0\u1edbc h\u1ea1t c\u00e0ng l\u1edbn th\u00ec l\u1ef1c m\u00e0i c\u00e0ng l\u1edbn v\u00e0 c\u00e0ng ph\u00f9 h\u1ee3p v\u1edbi v\u1eadt li\u1ec7u c\u1ee9ng h\u01a1n; M\u1eb7t kh\u00e1c, c\u00e1c \u1ee9ng d\u1ee5ng th\u1ee7y tinh c\u00f3 xu h\u01b0\u1edbng s\u1eed d\u1ee5ng b\u1ed9t \u0111\u00e1nh b\u00f3ng m\u1ecbn h\u01a1n. \u0110i\u1ec1u quan tr\u1ecdng c\u1ea7n l\u01b0u \u00fd l\u00e0 c\u00f3 v\u1ea5n \u0111\u1ec1 ph\u00e2n b\u1ed1 v\u1ec1 k\u00edch th\u01b0\u1edbc h\u1ea1t c\u1ee7a t\u1ea5t c\u1ea3 c\u00e1c oxit xeri, k\u00edch th\u01b0\u1edbc h\u1ea1t trung b\u00ecnh ho\u1eb7c k\u00edch th\u01b0\u1edbc trung b\u00ecnh (D50) c\u00f3 th\u1ec3 x\u00e1c \u0111\u1ecbnh t\u1ed1c \u0111\u1ed9 \u0111\u00e1nh b\u00f3ng v\u00e0 k\u00edch th\u01b0\u1edbc h\u1ea1t t\u1ed1i \u0111a (Dmax) x\u00e1c \u0111\u1ecbnh \u0111\u1ed9 ch\u00ednh x\u00e1c \u0111\u00e1nh b\u00f3ng. Do \u0111\u00f3, \u0111\u1ec3 c\u00f3 \u0111\u01b0\u1ee3c y\u00eau c\u1ea7u v\u1ec1 \u0111\u1ed9 ch\u00ednh x\u00e1c cao, c\u1ea7n ph\u1ea3i ki\u1ec3m so\u00e1t k\u00edch th\u01b0\u1edbc h\u1ea1t t\u1ed1i \u0111a c\u1ee7a b\u1ed9t \u0111\u00e1nh b\u00f3ng   <\/p>\n","protected":false},"featured_media":84221,"template":"","meta":{"site-sidebar-layout":"default","site-content-layout":"default","ast-site-content-layout":"default","site-content-style":"default","site-sidebar-style":"default","ast-global-header-display":"","ast-banner-title-visibility":"","ast-main-header-display":"","ast-hfb-above-header-display":"","ast-hfb-below-header-display":"","ast-hfb-mobile-header-display":"","site-post-title":"","ast-breadcrumbs-content":"","ast-featured-img":"","footer-sml-layout":"","ast-disable-related-posts":"","theme-transparent-header-meta":"default","adv-header-id-meta":"","stick-header-meta":"default","header-above-stick-meta":"","header-main-stick-meta":"","header-below-stick-meta":"","astra-migrate-meta-layouts":"default","ast-page-background-enabled":"default","ast-page-background-meta":{"desktop":{"background-color":"var(--ast-global-color-5)","background-image":"","background-repeat":"repeat","background-position":"center center","background-size":"auto","background-attachment":"scroll","background-type":"","background-media":"","overlay-type":"","overlay-color":"","overlay-opacity":"","overlay-gradient":""},"tablet":{"background-color":"","background-image":"","background-repeat":"repeat","background-position":"center center","background-size":"auto","background-attachment":"scroll","background-type":"","background-media":"","overlay-type":"","overlay-color":"","overlay-opacity":"","overlay-gradient":""},"mobile":{"background-color":"","background-image":"","background-repeat":"repeat","background-position":"center center","background-size":"auto","background-attachment":"scroll","background-type":"","background-media":"","overlay-type":"","overlay-color":"","overlay-opacity":"","overlay-gradient":""}},"ast-content-background-meta":{"desktop":{"background-color":"var(--ast-global-color-4)","background-image":"","background-repeat":"repeat","background-position":"center center","background-size":"auto","background-attachment":"scroll","background-type":"","background-media":"","overlay-type":"","overlay-color":"","overlay-opacity":"","overlay-gradient":""},"tablet":{"background-color":"var(--ast-global-color-4)","background-image":"","background-repeat":"repeat","background-position":"center center","background-size":"auto","background-attachment":"scroll","background-type":"","background-media":"","overlay-type":"","overlay-color":"","overlay-opacity":"","overlay-gradient":""},"mobile":{"background-color":"var(--ast-global-color-4)","background-image":"","background-repeat":"repeat","background-position":"center center","background-size":"auto","background-attachment":"scroll","background-type":"","background-media":"","overlay-type":"","overlay-color":"","overlay-opacity":"","overlay-gradient":""}}},"product_brand":[],"product_cat":[4350,4701,4370,4371,4305,4695,4307,4426],"product_tag":[4787,4857,4858,4891],"class_list":{"0":"post-84220","1":"product","2":"type-product","3":"status-publish","4":"has-post-thumbnail","6":"product_cat-nguyen-lieu-dat-hiem","7":"product_cat-bot","8":"product_cat-bot-mai","9":"product_cat-don-tinh-the","10":"product_cat-nguyen-lieu-hoa-hoc","11":"product_cat-nguyen-lieu-tong-hop","12":"product_cat-oxide","13":"product_cat-vat-lieu-danh-bong","14":"product_tag-bot-danh-bong","15":"product_tag-4857","16":"product_tag-cerium-oxide-vi","17":"product_tag-danh-bong-kinh","18":"desktop-align-left","19":"tablet-align-left","20":"mobile-align-left","21":"ast-product-gallery-layout-horizontal-slider","22":"ast-product-gallery-with-no-image","23":"ast-product-tabs-layout-horizontal","25":"first","26":"instock","27":"taxable","28":"shipping-taxable","29":"purchasable","30":"product-type-simple"},"_links":{"self":[{"href":"https:\/\/honwaygroup.com\/vi\/wp-json\/wp\/v2\/product\/84220","targetHints":{"allow":["GET"]}}],"collection":[{"href":"https:\/\/honwaygroup.com\/vi\/wp-json\/wp\/v2\/product"}],"about":[{"href":"https:\/\/honwaygroup.com\/vi\/wp-json\/wp\/v2\/types\/product"}],"version-history":[{"count":0,"href":"https:\/\/honwaygroup.com\/vi\/wp-json\/wp\/v2\/product\/84220\/revisions"}],"wp:featuredmedia":[{"embeddable":true,"href":"https:\/\/honwaygroup.com\/vi\/wp-json\/wp\/v2\/media\/84221"}],"wp:attachment":[{"href":"https:\/\/honwaygroup.com\/vi\/wp-json\/wp\/v2\/media?parent=84220"}],"wp:term":[{"taxonomy":"product_brand","embeddable":true,"href":"https:\/\/honwaygroup.com\/vi\/wp-json\/wp\/v2\/product_brand?post=84220"},{"taxonomy":"product_cat","embeddable":true,"href":"https:\/\/honwaygroup.com\/vi\/wp-json\/wp\/v2\/product_cat?post=84220"},{"taxonomy":"product_tag","embeddable":true,"href":"https:\/\/honwaygroup.com\/vi\/wp-json\/wp\/v2\/product_tag?post=84220"}],"curies":[{"name":"wp","href":"https:\/\/api.w.org\/{rel}","templated":true}]}}