{"id":84190,"date":"2021-01-16T19:08:10","date_gmt":"2021-01-16T11:08:10","guid":{"rendered":"https:\/\/honwaygroup.com\/product\/da-mai-kim-cuong\/"},"modified":"2025-11-11T11:06:35","modified_gmt":"2025-11-11T03:06:35","slug":"da-mai-kim-cuong","status":"publish","type":"product","link":"https:\/\/honwaygroup.com\/vi\/product\/da-mai-kim-cuong\/","title":{"rendered":"\u0110\u00e1 d\u1ea7u kim c\u01b0\u01a1ng"},"content":{"rendered":"<h3><strong>\u0110\u00e1 d\u1ea7u kim c\u01b0\u01a1ng<\/strong><\/h3>\n<p>\u0110\u00e1 m\u00e0i kim c\u01b0\u01a1ng \u0111\u01b0\u1ee3c s\u1eed d\u1ee5ng \u0111\u1ec3 m\u00e0i c\u00e1c c\u1ea1nh c\u1eaft c\u1ee7a nhi\u1ec1u lo\u1ea1i d\u1ee5ng c\u1ee5 c\u1eaft kh\u00e1c nhau sau khi m\u00e0i v\u00e0 \u0111\u1ec3 m\u00e0i b\u1ec1 m\u1eb7t th\u00e9p vonfram, <a href=\"https:\/\/zh.wikipedia.org\/zh-tw\/%E9%99%B6%E7%93%B7%E6%9D%90%E6%96%99\" rel=\"nofollow noopener\" target=\"_blank\">g\u1ed1m s\u1ee9<\/a> v\u00e0 th\u00e9p c\u1ee9ng.<\/p>\n<p>&nbsp;<\/p>\n<p>&nbsp;<\/p>\n<p><a href=\"https:\/\/honwaygroup.com\/wp-content\/uploads\/2021\/01\/%E9%91%BD%E7%9F%B3%E6%B2%B9%E7%9F%B3_%E5%B7%A5%E4%BD%9C%E5%8D%80%E5%9F%9F-1-%E8%A4%87%E6%9C%AC-33.webp\"><img fetchpriority=\"high\" decoding=\"async\" class=\"alignnone wp-image-27252 size-full\" src=\"https:\/\/honwaygroup.com\/wp-content\/uploads\/2021\/01\/%E9%91%BD%E7%9F%B3%E6%B2%B9%E7%9F%B3_%E5%B7%A5%E4%BD%9C%E5%8D%80%E5%9F%9F-1-%E8%A4%87%E6%9C%AC-33.webp\" alt=\"\" width=\"1253\" height=\"250\"><\/a><\/p>\n<p>&nbsp;<\/p>\n<p>\u0110\u01a1n v\u1ecb: mm<\/p>\n<table class=\"specTable\" width=\"100%\">\n<tbody>\n<tr>\n<th><\/th>\n<th>K\u00edch th\u01b0\u1edbc<br \/>\nW-(R)-X-L<\/th>\n<th>Ch\u1ea5t li\u1ec7u quai x\u00e1ch<\/th>\n<th>M\u00e3 s\u1ea3n ph\u1ea9m<\/th>\n<\/tr>\n<tr>\n<td width=\"35%\"><a href=\"https:\/\/honwaygroup.com\/wp-content\/uploads\/2021\/01\/%E9%91%BD%E7%9F%B3%E6%B2%B9%E7%9F%B3_%E5%B7%A5%E4%BD%9C%E5%8D%80%E5%9F%9F-1-%E8%A4%87%E6%9C%AC-28.webp\"><img decoding=\"async\" class=\"alignnone size-full wp-image-27232\" src=\"https:\/\/honwaygroup.com\/wp-content\/uploads\/2021\/01\/%E9%91%BD%E7%9F%B3%E6%B2%B9%E7%9F%B3_%E5%B7%A5%E4%BD%9C%E5%8D%80%E5%9F%9F-1-%E8%A4%87%E6%9C%AC-28.webp\" alt=\"\" width=\"1253\" height=\"250\"><\/a><\/td>\n<td>10-2-40<\/td>\n<td>tay c\u1ea7m b\u1eb1ng nh\u1ef1a<\/td>\n<td>RSH-01<\/td>\n<\/tr>\n<tr>\n<td><a href=\"https:\/\/honwaygroup.com\/wp-content\/uploads\/2021\/01\/%E9%91%BD%E7%9F%B3%E6%B2%B9%E7%9F%B3_%E5%B7%A5%E4%BD%9C%E5%8D%80%E5%9F%9F-1-%E8%A4%87%E6%9C%AC-29.webp\"><img decoding=\"async\" class=\"alignnone size-full wp-image-27236\" src=\"https:\/\/honwaygroup.com\/wp-content\/uploads\/2021\/01\/%E9%91%BD%E7%9F%B3%E6%B2%B9%E7%9F%B3_%E5%B7%A5%E4%BD%9C%E5%8D%80%E5%9F%9F-1-%E8%A4%87%E6%9C%AC-29.webp\" alt=\"\" width=\"1253\" height=\"250\"><\/a><\/td>\n<td>5-2-40<\/td>\n<td>tay c\u1ea7m b\u1eb1ng s\u1eaft<\/td>\n<td>RSH-02<\/td>\n<\/tr>\n<tr>\n<td><a href=\"https:\/\/honwaygroup.com\/wp-content\/uploads\/2021\/01\/%E9%91%BD%E7%9F%B3%E6%B2%B9%E7%9F%B3_%E5%B7%A5%E4%BD%9C%E5%8D%80%E5%9F%9F-1-%E8%A4%87%E6%9C%AC-30.webp\"><img loading=\"lazy\" decoding=\"async\" class=\"alignnone size-full wp-image-27240\" src=\"https:\/\/honwaygroup.com\/wp-content\/uploads\/2021\/01\/%E9%91%BD%E7%9F%B3%E6%B2%B9%E7%9F%B3_%E5%B7%A5%E4%BD%9C%E5%8D%80%E5%9F%9F-1-%E8%A4%87%E6%9C%AC-30.webp\" alt=\"\" width=\"1253\" height=\"250\"><\/a><\/td>\n<td>5-2.5R-4-40<\/td>\n<td>tay c\u1ea7m b\u1eb1ng s\u1eaft<\/td>\n<td>RSH-03<\/td>\n<\/tr>\n<tr>\n<td><a href=\"https:\/\/honwaygroup.com\/wp-content\/uploads\/2021\/01\/%E9%91%BD%E7%9F%B3%E6%B2%B9%E7%9F%B3_%E5%B7%A5%E4%BD%9C%E5%8D%80%E5%9F%9F-1-%E8%A4%87%E6%9C%AC-31.webp\"><img loading=\"lazy\" decoding=\"async\" class=\"alignnone size-full wp-image-27244\" src=\"https:\/\/honwaygroup.com\/wp-content\/uploads\/2021\/01\/%E9%91%BD%E7%9F%B3%E6%B2%B9%E7%9F%B3_%E5%B7%A5%E4%BD%9C%E5%8D%80%E5%9F%9F-1-%E8%A4%87%E6%9C%AC-31.webp\" alt=\"\" width=\"1253\" height=\"250\"><\/a><\/td>\n<td>10-2-30<\/td>\n<td>tay c\u1ea7m b\u1eb1ng nh\u00f4m<\/td>\n<td>RSH-04<\/td>\n<\/tr>\n<tr>\n<td rowspan=\"4\"><a href=\"https:\/\/honwaygroup.com\/wp-content\/uploads\/2021\/01\/%E9%91%BD%E7%9F%B3%E6%B2%B9%E7%9F%B3_%E5%B7%A5%E4%BD%9C%E5%8D%80%E5%9F%9F-1-%E8%A4%87%E6%9C%AC-32.webp\"><img loading=\"lazy\" decoding=\"async\" class=\"alignnone size-full wp-image-27248\" src=\"https:\/\/honwaygroup.com\/wp-content\/uploads\/2021\/01\/%E9%91%BD%E7%9F%B3%E6%B2%B9%E7%9F%B3_%E5%B7%A5%E4%BD%9C%E5%8D%80%E5%9F%9F-1-%E8%A4%87%E6%9C%AC-32.webp\" alt=\"\" width=\"1253\" height=\"250\"><\/a><\/td>\n<td>10-3-120<\/td>\n<td>&#8211;<\/td>\n<td>RS-04<\/td>\n<\/tr>\n<tr>\n<td>6-3-100<\/td>\n<td>&#8211;<\/td>\n<td>RS-05<\/td>\n<\/tr>\n<tr>\n<td>4-4-100<\/td>\n<td>&#8211;<\/td>\n<td>RS-06<\/td>\n<\/tr>\n<tr>\n<td>6-2-100<\/td>\n<td>&#8211;<\/td>\n<td>RS-08<\/td>\n<\/tr>\n<\/tbody>\n<\/table>\n<p><strong>minh h\u1ecda:<\/strong><\/p>\n<ul class=\"main_ul\">\n<li><strong>K\u00edch th\u01b0\u1edbc h\u1ea1t ti\u00eau chu\u1ea9n : #200, #400, #600, #800, #1000, #1200, #1800, #2000, #3000, #5000<\/strong><\/li>\n<li><strong>Khi \u0111\u1eb7t h\u00e0ng, vui l\u00f2ng ghi r\u00f5 s\u1ed1 s\u1ea3n ph\u1ea9m v\u00e0 k\u00edch th\u01b0\u1edbc h\u1ea1t y\u00eau c\u1ea7u.<\/strong><\/li>\n<\/ul>\n<p>C\u00f3 b\u1ea5t k\u1ef3 th\u1eafc m\u1eafc n\u00e0o kh\u00f4ng? <a href=\"https:\/\/honwaygroup.com\/vi\/lien-he-voi-honway\/\">Li\u00ean h\u1ec7 v\u1edbi HonWay<\/a><\/p>\n","protected":false},"excerpt":{"rendered":"<ul>\n<li>\u0110\u00e1 m\u00e0i kim c\u01b0\u01a1ng ch\u1ee7 y\u1ebfu \u0111\u01b0\u1ee3c s\u1eed d\u1ee5ng \u0111\u1ec3 m\u00e0i l\u1ea1i l\u01b0\u1ee1i c\u1eaft c\u1ee7a nhi\u1ec1u lo\u1ea1i d\u1ee5ng c\u1ee5 c\u1eaft kh\u00e1c nhau sau khi m\u00e0i, nh\u1eb1m k\u00e9o d\u00e0i tu\u1ed5i th\u1ecd d\u1ee5ng c\u1ee5 v\u00e0 c\u1ea3i thi\u1ec7n \u0111\u1ed9 ho\u00e0n thi\u1ec7n b\u1ec1 m\u1eb7t c\u1ee7a v\u1eadt li\u1ec7u gia c\u00f4ng. Ch\u00fang c\u0169ng th\u00edch h\u1ee3p \u0111\u1ec3 m\u00e0i b\u1ec1 m\u1eb7t th\u00e9p vonfram, g\u1ed1m s\u1ee9 v\u00e0 th\u00e9p t\u00f4i.<\/li>\n<\/ul>\n<h5><strong><span style=\"color: #ff0000;font-size: 19.2px\">\u25b2 \u0110\u1eb7t h\u00e0ng s\u1ed1 l\u01b0\u1ee3ng l\u1edbn c\u00f3 th\u1ec3 \u0111\u01b0\u1ee3c h\u01b0\u1edfng chi\u1ebft kh\u1ea5u \u01b0u \u0111\u00e3i, vui l\u00f2ng li\u00ean h\u1ec7 b\u1ed9 ph\u1eadn ch\u0103m s\u00f3c kh\u00e1ch h\u00e0ng \u0111\u1ec3 bi\u1ebft th\u00eam chi ti\u1ebft.<br \/>\n<\/span><\/strong><\/h5>\n<h5><strong><span style=\"color: #ff0000;font-size: 19.2px\">\u25b2<\/span> Th\u1eddi gian giao h\u00e0ng cho<span style=\"color: #ff0000\"> c\u00e1c \u0111\u01a1n \u0111\u1eb7t h\u00e0ng<\/span> <span style=\"color: #ff0000;font-size: 19.2px\">\u1edf \u0110\u00e0i Loan<\/span> <span style=\"color: #ff0000;font-size: 19.2px\">kho\u1ea3ng t\u1eeb 7-14 ng\u00e0y l\u00e0m vi\u1ec7c.<\/span><\/strong><\/h5>\n<h5><strong><span style=\"color: #ff0000;font-size: 19.2px\">\u25b2 <\/span><span style=\"color: #ff0000\">Th\u1eddi gian giao h\u00e0ng cho \u0111\u01a1n h\u00e0ng qu\u1ed1c t\u1ebf kho\u1ea3ng t\u1eeb 7-14 ng\u00e0y, th\u1eddi gian nh\u1eadn h\u00e0ng th\u1ef1c t\u1ebf ph\u1ee5 thu\u1ed9c v\u00e0o t\u00ecnh tr\u1ea1ng v\u1eadn chuy\u1ec3n c\u1ee7a c\u00f4ng ty chuy\u1ec3n ph\u00e1t nhanh.<\/span><\/strong><\/h5>\n","protected":false},"featured_media":84191,"template":"","meta":{"site-sidebar-layout":"default","site-content-layout":"default","ast-site-content-layout":"default","site-content-style":"default","site-sidebar-style":"default","ast-global-header-display":"","ast-banner-title-visibility":"","ast-main-header-display":"","ast-hfb-above-header-display":"","ast-hfb-below-header-display":"","ast-hfb-mobile-header-display":"","site-post-title":"","ast-breadcrumbs-content":"","ast-featured-img":"","footer-sml-layout":"","ast-disable-related-posts":"","theme-transparent-header-meta":"default","adv-header-id-meta":"","stick-header-meta":"default","header-above-stick-meta":"","header-main-stick-meta":"","header-below-stick-meta":"","astra-migrate-meta-layouts":"default","ast-page-background-enabled":"default","ast-page-background-meta":{"desktop":{"background-color":"var(--ast-global-color-5)","background-image":"","background-repeat":"repeat","background-position":"center center","background-size":"auto","background-attachment":"scroll","background-type":"","background-media":"","overlay-type":"","overlay-color":"","overlay-opacity":"","overlay-gradient":""},"tablet":{"background-color":"","background-image":"","background-repeat":"repeat","background-position":"center center","background-size":"auto","background-attachment":"scroll","background-type":"","background-media":"","overlay-type":"","overlay-color":"","overlay-opacity":"","overlay-gradient":""},"mobile":{"background-color":"","background-image":"","background-repeat":"repeat","background-position":"center center","background-size":"auto","background-attachment":"scroll","background-type":"","background-media":"","overlay-type":"","overlay-color":"","overlay-opacity":"","overlay-gradient":""}},"ast-content-background-meta":{"desktop":{"background-color":"var(--ast-global-color-4)","background-image":"","background-repeat":"repeat","background-position":"center center","background-size":"auto","background-attachment":"scroll","background-type":"","background-media":"","overlay-type":"","overlay-color":"","overlay-opacity":"","overlay-gradient":""},"tablet":{"background-color":"var(--ast-global-color-4)","background-image":"","background-repeat":"repeat","background-position":"center center","background-size":"auto","background-attachment":"scroll","background-type":"","background-media":"","overlay-type":"","overlay-color":"","overlay-opacity":"","overlay-gradient":""},"mobile":{"background-color":"var(--ast-global-color-4)","background-image":"","background-repeat":"repeat","background-position":"center center","background-size":"auto","background-attachment":"scroll","background-type":"","background-media":"","overlay-type":"","overlay-color":"","overlay-opacity":"","overlay-gradient":""}}},"product_brand":[],"product_cat":[4389,4381],"product_tag":[5071],"class_list":{"0":"post-84190","1":"product","2":"type-product","3":"status-publish","4":"has-post-thumbnail","6":"product_cat-cong-cu-kim-cuong","7":"product_cat-da-mai-kim-cuong","8":"product_tag-da-mai-kim-cuong","9":"desktop-align-left","10":"tablet-align-left","11":"mobile-align-left","12":"ast-product-gallery-layout-horizontal-slider","13":"ast-product-gallery-with-no-image","14":"ast-product-single-variable","15":"ast-product-tabs-layout-horizontal","17":"first","18":"instock","19":"taxable","20":"shipping-taxable","21":"purchasable","22":"product-type-variable"},"_links":{"self":[{"href":"https:\/\/honwaygroup.com\/vi\/wp-json\/wp\/v2\/product\/84190","targetHints":{"allow":["GET"]}}],"collection":[{"href":"https:\/\/honwaygroup.com\/vi\/wp-json\/wp\/v2\/product"}],"about":[{"href":"https:\/\/honwaygroup.com\/vi\/wp-json\/wp\/v2\/types\/product"}],"version-history":[{"count":0,"href":"https:\/\/honwaygroup.com\/vi\/wp-json\/wp\/v2\/product\/84190\/revisions"}],"wp:featuredmedia":[{"embeddable":true,"href":"https:\/\/honwaygroup.com\/vi\/wp-json\/wp\/v2\/media\/84191"}],"wp:attachment":[{"href":"https:\/\/honwaygroup.com\/vi\/wp-json\/wp\/v2\/media?parent=84190"}],"wp:term":[{"taxonomy":"product_brand","embeddable":true,"href":"https:\/\/honwaygroup.com\/vi\/wp-json\/wp\/v2\/product_brand?post=84190"},{"taxonomy":"product_cat","embeddable":true,"href":"https:\/\/honwaygroup.com\/vi\/wp-json\/wp\/v2\/product_cat?post=84190"},{"taxonomy":"product_tag","embeddable":true,"href":"https:\/\/honwaygroup.com\/vi\/wp-json\/wp\/v2\/product_tag?post=84190"}],"curies":[{"name":"wp","href":"https:\/\/api.w.org\/{rel}","templated":true}]}}