{"id":84182,"date":"2021-01-16T19:18:41","date_gmt":"2021-01-16T11:18:41","guid":{"rendered":"https:\/\/honwaygroup.com\/product\/vai-nham-kim-cuong-nen-dong\/"},"modified":"2021-01-16T19:18:41","modified_gmt":"2021-01-16T11:18:41","slug":"vai-nham-kim-cuong-nen-dong","status":"publish","type":"product","link":"https:\/\/honwaygroup.com\/vi\/product\/vai-nham-kim-cuong-nen-dong\/","title":{"rendered":"V\u1ea3i nh\u00e1m kim c\u01b0\u01a1ng (n\u1ec1n \u0111\u1ed3ng)."},"content":{"rendered":"<h3><strong>V\u1ea3i nh\u00e1m kim c\u01b0\u01a1ng (n\u1ec1n \u0111\u1ed3ng).<\/strong><\/h3>\n<table class=\"specTable2\" width=\"100%\">\n<tbody>\n<tr>\n<th rowspan=\"2\">K\u00edch th\u01b0\u1edbc<\/th>\n<th colspan=\"9\">\u0110\u1ed9 nh\u00e1m &amp; S\u1ed1 l\u01b0\u1ee3ng<\/th>\n<\/tr>\n<tr>\n<th>#120<\/th>\n<th>#150<\/th>\n<th>#200<\/th>\n<th>#300<\/th>\n<th>#400<\/th>\n<th>#600<\/th>\n<th>#800<\/th>\n<th>#1200<\/th>\n<th>#1800<\/th>\n<\/tr>\n<tr>\n<td>10 x 100mm<\/td>\n<td>XF-1012<\/td>\n<td>XF-1015<\/td>\n<td>XF-1020<\/td>\n<td>XF-1030<\/td>\n<td>XF-1040<\/td>\n<td>XF-1060<\/td>\n<td>XF-1080<\/td>\n<td>XF-1120<\/td>\n<td>XF-1180<\/td>\n<\/tr>\n<tr>\n<td>50 x 100mm<\/td>\n<td>XF-2012<\/td>\n<td>XF-2015<\/td>\n<td>XF-2020<\/td>\n<td>XF-2030<\/td>\n<td>XF-2040<\/td>\n<td>XF-2060<\/td>\n<td>XF-2080<\/td>\n<td>XF-2120<\/td>\n<td>XF-2180<\/td>\n<\/tr>\n<tr>\n<td>100 x 100mm<\/td>\n<td>XF-3012<\/td>\n<td>XF-3015<\/td>\n<td>XF-3020<\/td>\n<td>XF-3030<\/td>\n<td>XF-3040<\/td>\n<td>XF-3060<\/td>\n<td>XF-3080<\/td>\n<td>XF-3120<\/td>\n<td>XF-3180<\/td>\n<\/tr>\n<tr>\n<td>200 x 200mm<\/td>\n<td>XF-4012<\/td>\n<td>XF-4015<\/td>\n<td>XF-4020<\/td>\n<td>XF-4030<\/td>\n<td>XF-4040<\/td>\n<td>XF-4060<\/td>\n<td>XF-4080<\/td>\n<td>XF-4120<\/td>\n<td>XF-4180<\/td>\n<\/tr>\n<\/tbody>\n<\/table>\n<p><strong>M\u00f4 t\u1ea3:<\/strong><\/p>\n<ul class=\"main_ul\">\n<li><strong>C\u00e1c s\u1ea3n ph\u1ea9m ti\u00eau chu\u1ea9n \u0111\u1ec1u \u0111\u01b0\u1ee3c d\u00e1n keo tr\u00ean v\u1ea3i nh\u00e1m v\u00e0 c\u00f3 th\u1ec3 s\u1eed d\u1ee5ng b\u1eb1ng c\u00e1ch lo\u1ea1i b\u1ecf l\u1edbp b\u1ea3o v\u1ec7.<\/strong><\/li>\n<li><strong>\u0110\u1ed1i v\u1edbi c\u00e1c \u1ee9ng d\u1ee5ng \u0111\u1eb7c bi\u1ec7t, b\u1ea1n c\u00f3 th\u1ec3 y\u00eau c\u1ea7u v\u1ea3i nh\u00e1m kh\u00f4ng c\u00f3 l\u1edbp keo d\u00ednh v\u00e0 s\u1eed d\u1ee5ng c\u00e1c ph\u01b0\u01a1ng ph\u00e1p kh\u00e1c \u0111\u1ec3 g\u1eafn v\u1ea3i l\u00ean d\u1ee5ng c\u1ee5 ho\u1eb7c b\u1ed9 ph\u1eadn c\u1ea7n thi\u1ebft.<\/strong><\/li>\n<\/ul>\n<p>C\u00f3 c\u00e2u h\u1ecfi n\u00e0o kh\u00f4ng?<br \/> <a href=\"https:\/\/honwaygroup.com\/vi\/lien-he-voi-honway\/\">Li\u00ean h\u1ec7 HonWay<\/a><\/p>\n","protected":false},"excerpt":{"rendered":"<div id=\"desWrap\">\n<ul>\n<li>V\u1ea3i nh\u00e1m kim c\u01b0\u01a1ng \u0111\u01b0\u1ee3c l\u00e0m t\u1eeb l\u00e1 \u0111\u1ed3ng v\u1edbi m\u1ed9t l\u1edbp b\u1ed9t kim c\u01b0\u01a1ng \u0111\u01b0\u1ee3c \u0111i\u1ec7n h\u00f3a tr\u00ean b\u1ec1 m\u1eb7t, v\u00e0 h\u1ea1t m\u00e0i kim c\u01b0\u01a1ng \u0111\u01b0\u1ee3c tr\u1ea3i \u0111\u1ec1u kh\u1eafp b\u1ec1 m\u1eb7t l\u00e1 \u0111\u1ed3ng. \u0110\u1eb7c \u0111i\u1ec3m c\u1ee7a lo\u1ea1i v\u1ea3i n\u00e0y l\u00e0 tu\u1ed5i th\u1ecd l\u00e2u d\u00e0i v\u00e0 c\u00f3 th\u1ec3 d\u1ec5 d\u00e0ng c\u1eaft theo k\u00edch th\u01b0\u1edbc v\u00e0 h\u00ecnh d\u1ea1ng mong mu\u1ed1n b\u1eb1ng dao c\u1ea1o, sau \u0111\u00f3 d\u00e1n l\u00ean c\u00e1c d\u1ee5ng c\u1ee5 kh\u00e1c nhau \u0111\u1ec3 tr\u1edf th\u00e0nh c\u00f4ng c\u1ee5 t\u1ef1 ch\u1ebf theo \u00fd mu\u1ed1n. <\/li>\n<li>V\u1edbi hi\u1ec7u qu\u1ea3 c\u1eaft v\u01b0\u1ee3t tr\u1ed9i v\u00e0 nhi\u1ec1u k\u00edch th\u01b0\u1edbc h\u1ea1t m\u00e0i \u0111\u1ec3 l\u1ef1a ch\u1ecdn, lo\u1ea1i v\u1ea3i n\u00e0y ph\u00f9 h\u1ee3p \u0111\u1ec3 m\u00e0i v\u00e0 \u0111\u00e1nh b\u00f3ng c\u00e1c lo\u1ea1i khu\u00f4n m\u1eabu, th\u00e9p tungsten, g\u1ed1m c\u1ee9ng, \u0111\u00e1 v\u00e0 k\u00ednh.<\/li>\n<li>M\u1ed9t \u1ee9ng d\u1ee5ng kh\u00e1c l\u00e0 d\u00e1n l\u00ean c\u00e1c b\u1ed9 ph\u1eadn c\u1ee7a m\u00e1y \u0111\u1ec3 t\u0103ng kh\u1ea3 n\u0103ng ch\u1ed1ng m\u00e0i m\u00f2n v\u00e0 ng\u0103n ch\u1eb7n tr\u01b0\u1ee3t.<\/li>\n<\/ul>\n<h5><strong><span style=\"color: #ff0000; font-size: 19.2px;\">\u25b2 Ch\u00e0o m\u1eebng qu\u00fd kh\u00e1ch nh\u1eafn tin cho b\u1ed9 ph\u1eadn ch\u0103m s\u00f3c kh\u00e1ch h\u00e0ng \u0111\u1ec3 h\u1ecfi gi\u00e1.<\/span><\/strong><\/h5>\n<h5><strong><span style=\"color: #ff0000; font-size: 19.2px;\">\u25b2 <\/span><\/strong><strong><span style=\"color: #ff0000; font-size: 19.2px;\">\u0110\u1ed1i v\u1edbi k\u00edch th\u01b0\u1edbc t\u00f9y ch\u1ec9nh, vui l\u00f2ng li\u00ean h\u1ec7 v\u1edbi b\u1ed9 ph\u1eadn ch\u0103m s\u00f3c kh\u00e1ch h\u00e0ng. <\/span><\/strong><\/h5>\n<h5><strong><span style=\"color: #ff0000; font-size: 19.2px;\">\u25b2 \u0110\u01a1n h\u00e0ng l\u1edbn c\u00f3 th\u1ec3 \u0111\u01b0\u1ee3c h\u01b0\u1edfng \u01b0u \u0111\u00e3i gi\u1ea3m gi\u00e1, vui l\u00f2ng li\u00ean h\u1ec7 v\u1edbi b\u1ed9 ph\u1eadn ch\u0103m s\u00f3c kh\u00e1ch h\u00e0ng.<br \/>\n<\/span><\/strong><\/h5>\n<h5><strong><span style=\"color: #ff0000;\">\u25b2 Vui l\u00f2ng li\u00ean h\u1ec7 b\u1ed9 ph\u1eadn ch\u0103m s\u00f3c kh\u00e1ch h\u00e0ng \u0111\u1ec3 bi\u1ebft ng\u00e0y giao h\u00e0ng<\/span>: <a href=\"https:\/\/honwaygroup.com\/vi\/lien-he-voi-honway\/\">Li\u00ean h\u1ec7 Honway.<\/a><\/strong><\/h5>\n<\/div>\n","protected":false},"featured_media":84183,"template":"","meta":{"site-sidebar-layout":"default","site-content-layout":"default","ast-site-content-layout":"default","site-content-style":"default","site-sidebar-style":"default","ast-global-header-display":"","ast-banner-title-visibility":"","ast-main-header-display":"","ast-hfb-above-header-display":"","ast-hfb-below-header-display":"","ast-hfb-mobile-header-display":"","site-post-title":"","ast-breadcrumbs-content":"","ast-featured-img":"","footer-sml-layout":"","ast-disable-related-posts":"","theme-transparent-header-meta":"default","adv-header-id-meta":"","stick-header-meta":"default","header-above-stick-meta":"","header-main-stick-meta":"","header-below-stick-meta":"","astra-migrate-meta-layouts":"default","ast-page-background-enabled":"default","ast-page-background-meta":{"desktop":{"background-color":"var(--ast-global-color-5)","background-image":"","background-repeat":"repeat","background-position":"center center","background-size":"auto","background-attachment":"scroll","background-type":"","background-media":"","overlay-type":"","overlay-color":"","overlay-opacity":"","overlay-gradient":""},"tablet":{"background-color":"","background-image":"","background-repeat":"repeat","background-position":"center center","background-size":"auto","background-attachment":"scroll","background-type":"","background-media":"","overlay-type":"","overlay-color":"","overlay-opacity":"","overlay-gradient":""},"mobile":{"background-color":"","background-image":"","background-repeat":"repeat","background-position":"center center","background-size":"auto","background-attachment":"scroll","background-type":"","background-media":"","overlay-type":"","overlay-color":"","overlay-opacity":"","overlay-gradient":""}},"ast-content-background-meta":{"desktop":{"background-color":"var(--ast-global-color-4)","background-image":"","background-repeat":"repeat","background-position":"center center","background-size":"auto","background-attachment":"scroll","background-type":"","background-media":"","overlay-type":"","overlay-color":"","overlay-opacity":"","overlay-gradient":""},"tablet":{"background-color":"var(--ast-global-color-4)","background-image":"","background-repeat":"repeat","background-position":"center center","background-size":"auto","background-attachment":"scroll","background-type":"","background-media":"","overlay-type":"","overlay-color":"","overlay-opacity":"","overlay-gradient":""},"mobile":{"background-color":"var(--ast-global-color-4)","background-image":"","background-repeat":"repeat","background-position":"center center","background-size":"auto","background-attachment":"scroll","background-type":"","background-media":"","overlay-type":"","overlay-color":"","overlay-opacity":"","overlay-gradient":""}}},"product_brand":[],"product_cat":[4389,4390],"product_tag":[5074],"class_list":{"0":"post-84182","1":"product","2":"type-product","3":"status-publish","4":"has-post-thumbnail","6":"product_cat-cong-cu-kim-cuong","7":"product_cat-giay-nham-kim-cuong","8":"product_tag-vai-nham-kim-cuong","9":"desktop-align-left","10":"tablet-align-left","11":"mobile-align-left","12":"ast-product-gallery-layout-horizontal-slider","13":"ast-product-gallery-with-no-image","14":"ast-product-tabs-layout-horizontal","16":"first","17":"instock","18":"taxable","19":"shipping-taxable","20":"product-type-simple"},"_links":{"self":[{"href":"https:\/\/honwaygroup.com\/vi\/wp-json\/wp\/v2\/product\/84182","targetHints":{"allow":["GET"]}}],"collection":[{"href":"https:\/\/honwaygroup.com\/vi\/wp-json\/wp\/v2\/product"}],"about":[{"href":"https:\/\/honwaygroup.com\/vi\/wp-json\/wp\/v2\/types\/product"}],"version-history":[{"count":0,"href":"https:\/\/honwaygroup.com\/vi\/wp-json\/wp\/v2\/product\/84182\/revisions"}],"wp:featuredmedia":[{"embeddable":true,"href":"https:\/\/honwaygroup.com\/vi\/wp-json\/wp\/v2\/media\/84183"}],"wp:attachment":[{"href":"https:\/\/honwaygroup.com\/vi\/wp-json\/wp\/v2\/media?parent=84182"}],"wp:term":[{"taxonomy":"product_brand","embeddable":true,"href":"https:\/\/honwaygroup.com\/vi\/wp-json\/wp\/v2\/product_brand?post=84182"},{"taxonomy":"product_cat","embeddable":true,"href":"https:\/\/honwaygroup.com\/vi\/wp-json\/wp\/v2\/product_cat?post=84182"},{"taxonomy":"product_tag","embeddable":true,"href":"https:\/\/honwaygroup.com\/vi\/wp-json\/wp\/v2\/product_tag?post=84182"}],"curies":[{"name":"wp","href":"https:\/\/api.w.org\/{rel}","templated":true}]}}