{"id":84178,"date":"2021-01-16T19:22:31","date_gmt":"2021-01-16T11:22:31","guid":{"rendered":"https:\/\/honwaygroup.com\/product\/vai-nham-kim-cuong-nen-vai\/"},"modified":"2021-01-16T19:22:31","modified_gmt":"2021-01-16T11:22:31","slug":"vai-nham-kim-cuong-nen-vai","status":"publish","type":"product","link":"https:\/\/honwaygroup.com\/vi\/product\/vai-nham-kim-cuong-nen-vai\/","title":{"rendered":"V\u1ea3i nh\u00e1m kim c\u01b0\u01a1ng (n\u1ec1n v\u1ea3i)."},"content":{"rendered":"<div id=\"dMainContent\" class=\"animated fadeIn\">\n<div id=\"productDetailWrap\">\n<div id=\"productContentWrap\" class=\"animated fadeIn\">\n<div id=\"mainArea\" class=\"productDetail\">\n<div class=\"wrap\">\n<div id=\"mainAreaLeft\">\n<div class=\"wrap\">\n<div class=\"resRow\">\n<div class=\"resCol12\">\n<div class=\"resMargin\">\n<h3><strong>V\u1ea3i nh\u00e1m kim c\u01b0\u01a1ng (n\u1ec1n v\u1ea3i).<\/strong><\/h3>\n<p>\u0110\u01a1n v\u1ecb: mm<\/p>\n<table class=\"specTable2\" width=\"100%\">\n<tbody>\n<tr>\n<th rowspan=\"2\">\u0110\u1ed9 nh\u00e1m<\/th>\n<th rowspan=\"2\">M\u00e0u s\u1eafc<\/th>\n<th rowspan=\"2\">Li\u00ean k\u1ebft<\/th>\n<th><\/th>\n<th colspan=\"3\">K\u00edch th\u01b0\u1edbc v\u00e0 s\u1ed1 l\u01b0\u1ee3ng<\/th>\n<\/tr>\n<tr>\n<th>50 X 100<\/th>\n<th>100 X 100<\/th>\n<th>1,170 X 295<\/th>\n<th>690 X 295<\/th>\n<\/tr>\n<tr>\n<td>#60<\/td>\n<td>M\u00e0u xanh<\/td>\n<td>Niken<\/td>\n<td>XZ-1006N<\/td>\n<td>XZ-2006N<\/td>\n<td>XZ-5006N<\/td>\n<td>&#8211;<\/td>\n<\/tr>\n<tr>\n<td>#120<\/td>\n<td>M\u00e0u \u0111en<\/td>\n<td>Niken<\/td>\n<td>XZ-1012N<\/td>\n<td>XZ-2012N<\/td>\n<td>XZ-5012N<\/td>\n<td>&#8211;<\/td>\n<\/tr>\n<tr>\n<td>#200<\/td>\n<td>M\u00e0u \u0111\u1ecf<\/td>\n<td>Niken<\/td>\n<td>XZ-1020N<\/td>\n<td>XZ-2020N<\/td>\n<td>XZ-5020N<\/td>\n<td>&#8211;<\/td>\n<\/tr>\n<tr>\n<td>#400<\/td>\n<td>M\u00e0u v\u00e0ng<\/td>\n<td>Niken<\/td>\n<td>XZ-1040N<\/td>\n<td>XZ-2040N<\/td>\n<td>XZ-5040N<\/td>\n<td>&#8211;<\/td>\n<\/tr>\n<tr>\n<td>#600<\/td>\n<td>M\u00e0u tr\u1eafng<\/td>\n<td>Niken<\/td>\n<td>XZ-1060N<\/td>\n<td>XZ-2060N<\/td>\n<td>XZ-5060N<\/td>\n<td>&#8211;<\/td>\n<\/tr>\n<tr>\n<td>#1000<\/td>\n<td>M\u00e0u xanh d\u01b0\u01a1ng<\/td>\n<td>Niken<\/td>\n<td>XZ-1100N<\/td>\n<td>XZ-2100N<\/td>\n<td>XZ-5100N<\/td>\n<td>&#8211;<\/td>\n<\/tr>\n<tr>\n<td>#500<\/td>\n<td>M\u00e0u tr\u1eafng<\/td>\n<td>Nh\u1ef1a<\/td>\n<td>XZ-1050R<\/td>\n<td>XZ-2050R<\/td>\n<td>&#8211;<\/td>\n<td>XZ-6050R<\/td>\n<\/tr>\n<tr>\n<td>#1000<\/td>\n<td>M\u00e0u xanh d\u01b0\u01a1ng<\/td>\n<td>Nh\u1ef1a<\/td>\n<td>XZ-1100R<\/td>\n<td>XZ-2100R<\/td>\n<td>&#8211;<\/td>\n<td>XZ-6100R<\/td>\n<\/tr>\n<tr>\n<td>#8000<\/td>\n<td>M\u00e0u cam<\/td>\n<td>Nh\u1ef1a<\/td>\n<td>XZ-1800R<\/td>\n<td>XZ-2800R<\/td>\n<td>&#8211;<\/td>\n<td>XZ-6800R<\/td>\n<\/tr>\n<\/tbody>\n<\/table>\n<p><strong>M\u00f4 t\u1ea3:<\/strong><\/p>\n<ul class=\"main_ul\">\n<li><strong>K\u00edch th\u01b0\u1edbc ti\u00eau chu\u1ea9n 50 X 100mm v\u00e0 100 X 100mm c\u00f3 l\u1edbp keo d\u00ednh \u1edf m\u1eb7t sau, vui l\u00f2ng ch\u1ec9 \u0111\u1ecbnh n\u1ebfu kh\u00f4ng c\u1ea7n.<\/strong><\/li>\n<li><strong>\u0110\u1ed1i v\u1edbi c\u00e1c k\u00edch th\u01b0\u1edbc ho\u1eb7c h\u00ecnh d\u1ea1ng kh\u00e1c c\u1ee7a v\u1ea3i kim c\u01b0\u01a1ng, vui l\u00f2ng li\u00ean h\u1ec7 v\u1edbi \u0111\u1ed9i ng\u0169 b\u00e1n h\u00e0ng c\u1ee7a ch\u00fang t\u00f4i.<\/strong><\/li>\n<\/ul>\n<\/div>\n<\/div>\n<\/div>\n<\/div>\n<\/div>\n<div id=\"mainAreaRight\" class=\"animated slideInRight\">\n<div class=\"wrap\">\n<div class=\"sliderWrap\">\n<div id=\"mySlider\">C\u00f3 c\u00e2u h\u1ecfi n\u00e0o kh\u00f4ng?<br \/> <a href=\"https:\/\/honwaygroup.com\/vi\/lien-he-voi-honway\/\">Li\u00ean h\u1ec7 HonWay<\/a><\/div>\n<\/div>\n<\/div>\n<\/div>\n<\/div>\n<\/div>\n<\/div>\n<\/div>\n<\/div>\n","protected":false},"excerpt":{"rendered":"<div id=\"desWrap\">\n<ul>\n<li>V\u1ea3i kim c\u01b0\u01a1ng \u0111\u01b0\u1ee3c l\u00e0m b\u1eb1ng c\u00e1ch c\u1ed1 \u0111\u1ecbnh b\u1ed9t kim c\u01b0\u01a1ng l\u00ean b\u1ec1 m\u1eb7t v\u1ea3i b\u1ea1t b\u1eb1ng ph\u01b0\u01a1ng ph\u00e1p \u0111i\u1ec7n h\u00f3a ho\u1eb7c li\u00ean k\u1ebft nh\u1ef1a, \u0111i\u1ec1u n\u00e0y tr\u01b0\u1edbc \u0111\u00e2y ch\u1ec9 c\u00f3 \u1edf c\u00e1c lo\u1ea1i v\u1ea3i m\u00e0i m\u00f2n truy\u1ec1n th\u1ed1ng.<\/li>\n<li>Kh\u00f4ng gi\u1ed1ng nh\u01b0 c\u00e1c lo\u1ea1i v\u1ea3i m\u00e0i m\u00f2n truy\u1ec1n th\u1ed1ng, v\u1ea3i kim c\u01b0\u01a1ng c\u00f3 kh\u1ea3 n\u0103ng c\u1eaft v\u01b0\u1ee3t tr\u1ed9i v\u00e0 \u0111\u1ec3 l\u1ea1i kho\u1ea3ng tr\u1ed1ng gi\u1eefa c\u00e1c h\u1ea1t m\u00e0i \u0111\u1ec3 tho\u00e1t phoi trong qu\u00e1 tr\u00ecnh m\u00e0i, do \u0111\u00f3 kh\u00f4ng d\u1ec5 b\u1ecb t\u1eafc ngh\u1ebdn v\u00e0 b\u1ec1 m\u1eb7t c\u1ee7a chi ti\u1ebft gia c\u00f4ng r\u1ea5t \u0111\u1ec1u sau khi m\u00e0i.<\/li>\n<li>V\u1ea3i kim c\u01b0\u01a1ng c\u00f3 th\u1ec3 d\u1ec5 d\u00e0ng c\u1eaft th\u00e0nh k\u00edch th\u01b0\u1edbc mong mu\u1ed1n b\u1eb1ng dao ho\u1eb7c k\u00e9o \u0111\u1ec3 t\u1ea1o th\u00e0nh d\u1ee5ng c\u1ee5 mong mu\u1ed1n.<\/li>\n<li>K\u00edch th\u01b0\u1edbc h\u1ea1t c\u1ee7a v\u1ea3i kim c\u01b0\u01a1ng \u0111\u01b0\u1ee3c \u0111\u00e1nh d\u1ea5u b\u1eb1ng c\u00e1c m\u00e0u s\u1eafc kh\u00e1c nhau \u0111\u1ec3 ph\u00e2n bi\u1ec7t. C\u00f3 s\u1eb5n d\u01b0\u1edbi d\u1ea1ng t\u1ea5m v\u00e0 c\u00f3 th\u1ec3 \u0111\u01b0\u1ee3c d\u00e1n keo \u0111\u1ec3 t\u1ea1o th\u00e0nh b\u0103ng. <\/li>\n<li>V\u1ea3i kim c\u01b0\u01a1ng \u0111\u01b0\u1ee3c s\u1eed d\u1ee5ng r\u1ed9ng r\u00e3i, nh\u01b0 trong gia c\u00f4ng \u0111\u00e1 c\u1ea9m th\u1ea1ch, \u0111\u00e1 granite&#8230; <\/li>\n<li>B\u1ea5t k\u1ef3 \u0111\u1ed9 c\u1ee9ng n\u00e0o c\u1ee7a th\u00e9p c\u1ee9ng, tungsten carbide, th\u00e9p ph\u1ee7 g\u1ed1m c\u1ee9ng, g\u1ed1m c\u1ee9ng, v.v. Gia c\u00f4ng m\u00e0i, v\u00e1t m\u00e9p v\u00e0 m\u00e0i c\u00e1c lo\u1ea1i khu\u00f4n m\u1eabu v\u00e0 \u0111\u00e1nh b\u00f3ng. <\/li>\n<\/ul>\n<h5><strong><span style=\"color: #ff0000; font-size: 19.2px;\">\u25b2 Ch\u00e0o m\u1eebng qu\u00fd kh\u00e1ch nh\u1eafn tin cho b\u1ed9 ph\u1eadn ch\u0103m s\u00f3c kh\u00e1ch h\u00e0ng \u0111\u1ec3 h\u1ecfi gi\u00e1.<\/span><\/strong><\/h5>\n<h5><strong><span style=\"color: #ff0000; font-size: 19.2px;\">\u25b2 <\/span><\/strong><strong><span style=\"color: #ff0000; font-size: 19.2px;\">\u0110\u1ed1i v\u1edbi k\u00edch th\u01b0\u1edbc t\u00f9y ch\u1ec9nh, vui l\u00f2ng li\u00ean h\u1ec7 v\u1edbi b\u1ed9 ph\u1eadn ch\u0103m s\u00f3c kh\u00e1ch h\u00e0ng. <\/span><\/strong><\/h5>\n<h5><strong><span style=\"color: #ff0000; font-size: 19.2px;\">\u25b2 \u0110\u01a1n h\u00e0ng l\u1edbn c\u00f3 th\u1ec3 \u0111\u01b0\u1ee3c h\u01b0\u1edfng \u01b0u \u0111\u00e3i gi\u1ea3m gi\u00e1, vui l\u00f2ng li\u00ean h\u1ec7 v\u1edbi b\u1ed9 ph\u1eadn ch\u0103m s\u00f3c kh\u00e1ch h\u00e0ng.<br \/>\n<\/span><\/strong><\/h5>\n<h5><strong><span style=\"color: #ff0000;\">\u25b2 Vui l\u00f2ng li\u00ean h\u1ec7 b\u1ed9 ph\u1eadn ch\u0103m s\u00f3c kh\u00e1ch h\u00e0ng \u0111\u1ec3 bi\u1ebft ng\u00e0y giao h\u00e0ng<\/span>: <a href=\"https:\/\/honwaygroup.com\/vi\/lien-he-voi-honway\/\">Li\u00ean h\u1ec7 Honway.<\/a><\/strong><\/h5>\n<\/div>\n","protected":false},"featured_media":84179,"template":"","meta":{"site-sidebar-layout":"default","site-content-layout":"default","ast-site-content-layout":"default","site-content-style":"default","site-sidebar-style":"default","ast-global-header-display":"","ast-banner-title-visibility":"","ast-main-header-display":"","ast-hfb-above-header-display":"","ast-hfb-below-header-display":"","ast-hfb-mobile-header-display":"","site-post-title":"","ast-breadcrumbs-content":"","ast-featured-img":"","footer-sml-layout":"","ast-disable-related-posts":"","theme-transparent-header-meta":"default","adv-header-id-meta":"","stick-header-meta":"default","header-above-stick-meta":"","header-main-stick-meta":"","header-below-stick-meta":"","astra-migrate-meta-layouts":"default","ast-page-background-enabled":"default","ast-page-background-meta":{"desktop":{"background-color":"var(--ast-global-color-5)","background-image":"","background-repeat":"repeat","background-position":"center center","background-size":"auto","background-attachment":"scroll","background-type":"","background-media":"","overlay-type":"","overlay-color":"","overlay-opacity":"","overlay-gradient":""},"tablet":{"background-color":"","background-image":"","background-repeat":"repeat","background-position":"center center","background-size":"auto","background-attachment":"scroll","background-type":"","background-media":"","overlay-type":"","overlay-color":"","overlay-opacity":"","overlay-gradient":""},"mobile":{"background-color":"","background-image":"","background-repeat":"repeat","background-position":"center center","background-size":"auto","background-attachment":"scroll","background-type":"","background-media":"","overlay-type":"","overlay-color":"","overlay-opacity":"","overlay-gradient":""}},"ast-content-background-meta":{"desktop":{"background-color":"var(--ast-global-color-4)","background-image":"","background-repeat":"repeat","background-position":"center center","background-size":"auto","background-attachment":"scroll","background-type":"","background-media":"","overlay-type":"","overlay-color":"","overlay-opacity":"","overlay-gradient":""},"tablet":{"background-color":"var(--ast-global-color-4)","background-image":"","background-repeat":"repeat","background-position":"center center","background-size":"auto","background-attachment":"scroll","background-type":"","background-media":"","overlay-type":"","overlay-color":"","overlay-opacity":"","overlay-gradient":""},"mobile":{"background-color":"var(--ast-global-color-4)","background-image":"","background-repeat":"repeat","background-position":"center center","background-size":"auto","background-attachment":"scroll","background-type":"","background-media":"","overlay-type":"","overlay-color":"","overlay-opacity":"","overlay-gradient":""}}},"product_brand":[],"product_cat":[4389,4390],"product_tag":[5074],"class_list":{"0":"post-84178","1":"product","2":"type-product","3":"status-publish","4":"has-post-thumbnail","6":"product_cat-cong-cu-kim-cuong","7":"product_cat-giay-nham-kim-cuong","8":"product_tag-vai-nham-kim-cuong","9":"desktop-align-left","10":"tablet-align-left","11":"mobile-align-left","12":"ast-product-gallery-layout-horizontal-slider","13":"ast-product-gallery-with-no-image","14":"ast-product-tabs-layout-horizontal","16":"first","17":"instock","18":"taxable","19":"shipping-taxable","20":"product-type-simple"},"_links":{"self":[{"href":"https:\/\/honwaygroup.com\/vi\/wp-json\/wp\/v2\/product\/84178","targetHints":{"allow":["GET"]}}],"collection":[{"href":"https:\/\/honwaygroup.com\/vi\/wp-json\/wp\/v2\/product"}],"about":[{"href":"https:\/\/honwaygroup.com\/vi\/wp-json\/wp\/v2\/types\/product"}],"version-history":[{"count":0,"href":"https:\/\/honwaygroup.com\/vi\/wp-json\/wp\/v2\/product\/84178\/revisions"}],"wp:featuredmedia":[{"embeddable":true,"href":"https:\/\/honwaygroup.com\/vi\/wp-json\/wp\/v2\/media\/84179"}],"wp:attachment":[{"href":"https:\/\/honwaygroup.com\/vi\/wp-json\/wp\/v2\/media?parent=84178"}],"wp:term":[{"taxonomy":"product_brand","embeddable":true,"href":"https:\/\/honwaygroup.com\/vi\/wp-json\/wp\/v2\/product_brand?post=84178"},{"taxonomy":"product_cat","embeddable":true,"href":"https:\/\/honwaygroup.com\/vi\/wp-json\/wp\/v2\/product_cat?post=84178"},{"taxonomy":"product_tag","embeddable":true,"href":"https:\/\/honwaygroup.com\/vi\/wp-json\/wp\/v2\/product_tag?post=84178"}],"curies":[{"name":"wp","href":"https:\/\/api.w.org\/{rel}","templated":true}]}}