{"id":84172,"date":"2021-01-17T15:19:09","date_gmt":"2021-01-17T07:19:09","guid":{"rendered":"https:\/\/honwaygroup.com\/product\/dung-cu-tien-kim-cuong-da-tinh-the-pcd-dung-cu-tien-nitride-boron-cbn\/"},"modified":"2025-11-11T11:01:09","modified_gmt":"2025-11-11T03:01:09","slug":"dung-cu-tien-kim-cuong-da-tinh-the-pcd-dung-cu-tien-nitride-boron-cbn","status":"publish","type":"product","link":"https:\/\/honwaygroup.com\/vi\/product\/dung-cu-tien-kim-cuong-da-tinh-the-pcd-dung-cu-tien-nitride-boron-cbn\/","title":{"rendered":"D\u1ee5ng c\u1ee5 ti\u1ec7n kim c\u01b0\u01a1ng \u0111a tinh th\u1ec3 v\u00e0 nitrua boron"},"content":{"rendered":"<h3><strong>D\u1ee5ng c\u1ee5 ti\u1ec7n kim c\u01b0\u01a1ng \u0111a tinh th\u1ec3 v\u00e0 nitrua boron<\/strong><\/h3>\n<p>D\u1ee5ng c\u1ee5 ti\u1ec7n kim c\u01b0\u01a1ng \u0111a tinh th\u1ec3 v\u00e0 nitrua bo c\u00f3 \u0111\u1ed9 c\u1ee9ng v\u00e0 kh\u1ea3 n\u0103ng ch\u1ed1ng m\u00e0i m\u00f2n cao h\u01a1n so v\u1edbi c\u00e1c d\u1ee5ng c\u1ee5 c\u1eaft kh\u00e1c.<\/p>\n<ul>\n<li><strong>\u01afu \u0111i\u1ec3m c\u1ee7a n\u00f3 nh\u01b0 sau<\/strong>: tu\u1ed5i th\u1ecd d\u1ee5ng c\u1ee5 d\u00e0i h\u01a1n, \u0111\u1ed9 ch\u00ednh x\u00e1c gia c\u00f4ng ph\u00f4i v\u00e0 \u0111\u1ed9 ho\u00e0n thi\u1ec7n b\u1ec1 m\u1eb7t \u0111\u01b0\u1ee3c c\u1ea3i thi\u1ec7n, gi\u1ea3m chi ph\u00ed gia c\u00f4ng ph\u00f4i v\u00e0 t\u0103ng n\u0103ng su\u1ea5t m\u00e1y.<\/li>\n<\/ul>\n<p>&nbsp;<\/p>\n<table class=\"specTable\" width=\"100%\">\n<tbody>\n<tr>\n<th width=\"30%\"><\/th>\n<th>s\u1ed1 seri<\/th>\n<th>V\u1eadt li\u1ec7u l\u01b0\u1ee1i dao<\/th>\n<th>W<\/th>\n<th>H<\/th>\n<th>L<\/th>\n<th>R<\/th>\n<th>V\u00b0<\/th>\n<th>S<\/th>\n<\/tr>\n<tr>\n<td class=\"white\" rowspan=\"2\">Lo\u1ea1i 31<\/p>\n<p><a href=\"https:\/\/honwaygroup.com\/wp-content\/uploads\/2021\/01\/%E8%81%9A%E6%99%B6%E9%91%BD%E7%9F%B3%E3%80%81%E6%B0%AE%E5%8C%96%E7%A1%BC%E8%BB%8A%E5%88%80_%E5%B7%A5%E4%BD%9C%E5%8D%80%E5%9F%9F-1-%E8%A4%87%E6%9C%AC-28-e1689669222373.webp\"><img fetchpriority=\"high\" decoding=\"async\" class=\"alignnone size-full wp-image-27409\" src=\"https:\/\/honwaygroup.com\/wp-content\/uploads\/2021\/01\/%E8%81%9A%E6%99%B6%E9%91%BD%E7%9F%B3%E3%80%81%E6%B0%AE%E5%8C%96%E7%A1%BC%E8%BB%8A%E5%88%80_%E5%B7%A5%E4%BD%9C%E5%8D%80%E5%9F%9F-1-%E8%A4%87%E6%9C%AC-28-e1689669222373.webp\" alt=\"\" width=\"532\" height=\"250\"><\/a><\/td>\n<td>B4612-4G<\/td>\n<td>PCBN<\/td>\n<td>16<\/td>\n<td>16<\/td>\n<td>120<\/td>\n<td>0.4<\/td>\n<td>0<\/td>\n<td>0<\/td>\n<\/tr>\n<tr>\n<td>B4613-4G<\/td>\n<td>PCBN<\/td>\n<td>19<\/td>\n<td>19<\/td>\n<td>140<\/td>\n<td>0.4<\/td>\n<td>0<\/td>\n<td>0<\/td>\n<\/tr>\n<tr>\n<td class=\"white\" rowspan=\"8\">Lo\u1ea1i 33<\/p>\n<p><a href=\"https:\/\/honwaygroup.com\/wp-content\/uploads\/2021\/01\/%E8%81%9A%E6%99%B6%E9%91%BD%E7%9F%B3%E3%80%81%E6%B0%AE%E5%8C%96%E7%A1%BC%E8%BB%8A%E5%88%80_%E5%B7%A5%E4%BD%9C%E5%8D%80%E5%9F%9F-1-%E8%A4%87%E6%9C%AC-29-e1689669233340.webp\"><img decoding=\"async\" class=\"alignnone size-full wp-image-27413\" src=\"https:\/\/honwaygroup.com\/wp-content\/uploads\/2021\/01\/%E8%81%9A%E6%99%B6%E9%91%BD%E7%9F%B3%E3%80%81%E6%B0%AE%E5%8C%96%E7%A1%BC%E8%BB%8A%E5%88%80_%E5%B7%A5%E4%BD%9C%E5%8D%80%E5%9F%9F-1-%E8%A4%87%E6%9C%AC-29-e1689669233340.webp\" alt=\"\" width=\"535\" height=\"250\"><\/a><\/td>\n<td>D6732-5A<\/td>\n<td>PCD<\/td>\n<td>16<\/td>\n<td>16<\/td>\n<td>120<\/td>\n<td>0.5<\/td>\n<td>0<\/td>\n<td>0<\/td>\n<\/tr>\n<tr>\n<td>D6733-5A<\/td>\n<td>PCD<\/td>\n<td>19<\/td>\n<td>19<\/td>\n<td>140<\/td>\n<td>0.5<\/td>\n<td>0<\/td>\n<td>0<\/td>\n<\/tr>\n<tr>\n<td>B6630-4G<\/td>\n<td>PCBN<\/td>\n<td>10<\/td>\n<td>10<\/td>\n<td>80<\/td>\n<td>0.4<\/td>\n<td>0<\/td>\n<td>0<\/td>\n<\/tr>\n<tr>\n<td>B6631-4G<\/td>\n<td>PCBN<\/td>\n<td>13<\/td>\n<td>13<\/td>\n<td>100<\/td>\n<td>0.4<\/td>\n<td>0<\/td>\n<td>0<\/td>\n<\/tr>\n<tr>\n<td>B6632-4G<\/td>\n<td>PCBN<\/td>\n<td>16<\/td>\n<td>16<\/td>\n<td>120<\/td>\n<td>0.4<\/td>\n<td>0<\/td>\n<td>0<\/td>\n<\/tr>\n<tr>\n<td>D6530-3F<\/td>\n<td>PCD<\/td>\n<td>10<\/td>\n<td>10<\/td>\n<td>80<\/td>\n<td>0.3<\/td>\n<td>10<\/td>\n<td>0<\/td>\n<\/tr>\n<tr>\n<td>D6531-3F<\/td>\n<td>PCD<\/td>\n<td>13<\/td>\n<td>13<\/td>\n<td>100<\/td>\n<td>0.3<\/td>\n<td>10<\/td>\n<td>0<\/td>\n<\/tr>\n<tr>\n<td>D6532-3F<\/td>\n<td>PCD<\/td>\n<td>16<\/td>\n<td>16<\/td>\n<td>120<\/td>\n<td>0.3<\/td>\n<td>10<\/td>\n<td>0<\/td>\n<\/tr>\n<tr>\n<td class=\"white\" rowspan=\"3\">Lo\u1ea1i 34<\/p>\n<p><a href=\"https:\/\/honwaygroup.com\/wp-content\/uploads\/2021\/01\/%E8%81%9A%E6%99%B6%E9%91%BD%E7%9F%B3%E3%80%81%E6%B0%AE%E5%8C%96%E7%A1%BC%E8%BB%8A%E5%88%80_%E5%B7%A5%E4%BD%9C%E5%8D%80%E5%9F%9F-1-%E8%A4%87%E6%9C%AC-30-e1689669245844.webp\"><img decoding=\"async\" class=\"alignnone size-full wp-image-27417\" src=\"https:\/\/honwaygroup.com\/wp-content\/uploads\/2021\/01\/%E8%81%9A%E6%99%B6%E9%91%BD%E7%9F%B3%E3%80%81%E6%B0%AE%E5%8C%96%E7%A1%BC%E8%BB%8A%E5%88%80_%E5%B7%A5%E4%BD%9C%E5%8D%80%E5%9F%9F-1-%E8%A4%87%E6%9C%AC-30-e1689669245844.webp\" alt=\"\" width=\"532\" height=\"250\"><\/a><\/td>\n<td>D6540-3F<\/td>\n<td>PCD<\/td>\n<td>10<\/td>\n<td>10<\/td>\n<td>80<\/td>\n<td>0.3<\/td>\n<td>10<\/td>\n<td>0<\/td>\n<\/tr>\n<tr>\n<td>D6541-3F<\/td>\n<td>PCD<\/td>\n<td>13<\/td>\n<td>13<\/td>\n<td>100<\/td>\n<td>0.3<\/td>\n<td>10<\/td>\n<td>0<\/td>\n<\/tr>\n<tr>\n<td>D6542-3F<\/td>\n<td>PCD<\/td>\n<td>16<\/td>\n<td>16<\/td>\n<td>120<\/td>\n<td>0.3<\/td>\n<td>10<\/td>\n<td>0<\/td>\n<\/tr>\n<tr>\n<td class=\"white\" rowspan=\"8\">M\u1eabu 35<\/p>\n<p><a href=\"https:\/\/honwaygroup.com\/wp-content\/uploads\/2021\/01\/%E8%81%9A%E6%99%B6%E9%91%BD%E7%9F%B3%E3%80%81%E6%B0%AE%E5%8C%96%E7%A1%BC%E8%BB%8A%E5%88%80_%E5%B7%A5%E4%BD%9C%E5%8D%80%E5%9F%9F-1-%E8%A4%87%E6%9C%AC-31-e1689669258362.webp\"><img loading=\"lazy\" decoding=\"async\" class=\"alignnone size-full wp-image-27421\" src=\"https:\/\/honwaygroup.com\/wp-content\/uploads\/2021\/01\/%E8%81%9A%E6%99%B6%E9%91%BD%E7%9F%B3%E3%80%81%E6%B0%AE%E5%8C%96%E7%A1%BC%E8%BB%8A%E5%88%80_%E5%B7%A5%E4%BD%9C%E5%8D%80%E5%9F%9F-1-%E8%A4%87%E6%9C%AC-31-e1689669258362.webp\" alt=\"\" width=\"548\" height=\"250\"><\/a><\/td>\n<td>D6752-5A<\/td>\n<td>PCD<\/td>\n<td>16<\/td>\n<td>16<\/td>\n<td>120<\/td>\n<td>0.5<\/td>\n<td>0<\/td>\n<td>0<\/td>\n<\/tr>\n<tr>\n<td>D6753-5A<\/td>\n<td>PCD<\/td>\n<td>19<\/td>\n<td>19<\/td>\n<td>140<\/td>\n<td>0.5<\/td>\n<td>0<\/td>\n<td>0<\/td>\n<\/tr>\n<tr>\n<td>B6650-4G<\/td>\n<td>PCBN<\/td>\n<td>10<\/td>\n<td>10<\/td>\n<td>80<\/td>\n<td>0.4<\/td>\n<td>0<\/td>\n<td>0<\/td>\n<\/tr>\n<tr>\n<td>B6651-4G<\/td>\n<td>PCBN<\/td>\n<td>13<\/td>\n<td>13<\/td>\n<td>100<\/td>\n<td>0.4<\/td>\n<td>0<\/td>\n<td>0<\/td>\n<\/tr>\n<tr>\n<td>B6652-4G<\/td>\n<td>PCBN<\/td>\n<td>16<\/td>\n<td>16<\/td>\n<td>120<\/td>\n<td>0.4<\/td>\n<td>0<\/td>\n<td>0<\/td>\n<\/tr>\n<tr>\n<td>D6550-3F<\/td>\n<td>PCD<\/td>\n<td>10<\/td>\n<td>10<\/td>\n<td>80<\/td>\n<td>0.3<\/td>\n<td>10<\/td>\n<td>0<\/td>\n<\/tr>\n<tr>\n<td>D6551-3F<\/td>\n<td>PCD<\/td>\n<td>13<\/td>\n<td>13<\/td>\n<td>100<\/td>\n<td>0.3<\/td>\n<td>10<\/td>\n<td>0<\/td>\n<\/tr>\n<tr>\n<td>D6552-3F<\/td>\n<td>PCD<\/td>\n<td>16<\/td>\n<td>16<\/td>\n<td>120<\/td>\n<td>0.3<\/td>\n<td>10<\/td>\n<td>0<\/td>\n<\/tr>\n<tr>\n<td class=\"white\" rowspan=\"6\">Lo\u1ea1i 37<\/p>\n<p><a href=\"https:\/\/honwaygroup.com\/wp-content\/uploads\/2021\/01\/%E8%81%9A%E6%99%B6%E9%91%BD%E7%9F%B3%E3%80%81%E6%B0%AE%E5%8C%96%E7%A1%BC%E8%BB%8A%E5%88%80_%E5%B7%A5%E4%BD%9C%E5%8D%80%E5%9F%9F-1-%E8%A4%87%E6%9C%AC-32-e1689669271644.webp\"><img loading=\"lazy\" decoding=\"async\" class=\"alignnone size-full wp-image-27425\" src=\"https:\/\/honwaygroup.com\/wp-content\/uploads\/2021\/01\/%E8%81%9A%E6%99%B6%E9%91%BD%E7%9F%B3%E3%80%81%E6%B0%AE%E5%8C%96%E7%A1%BC%E8%BB%8A%E5%88%80_%E5%B7%A5%E4%BD%9C%E5%8D%80%E5%9F%9F-1-%E8%A4%87%E6%9C%AC-32-e1689669271644.webp\" alt=\"\" width=\"516\" height=\"250\"><\/a><\/td>\n<td>D6772-5A<\/td>\n<td>PCD<\/td>\n<td>16<\/td>\n<td>16<\/td>\n<td>120<\/td>\n<td>0.5<\/td>\n<td>0<\/td>\n<td>2<\/td>\n<\/tr>\n<tr>\n<td>D6773-5A<\/td>\n<td>PCD<\/td>\n<td>19<\/td>\n<td>19<\/td>\n<td>140<\/td>\n<td>0.5<\/td>\n<td>0<\/td>\n<td>2<\/td>\n<\/tr>\n<tr>\n<td>B6672-4G<\/td>\n<td>PCBN<\/td>\n<td>16<\/td>\n<td>16<\/td>\n<td>120<\/td>\n<td>0.4<\/td>\n<td>0<\/td>\n<td>2<\/td>\n<\/tr>\n<tr>\n<td>B6673-4G<\/td>\n<td>PCBN<\/td>\n<td>19<\/td>\n<td>19<\/td>\n<td>140<\/td>\n<td>0.4<\/td>\n<td>0<\/td>\n<td>2<\/td>\n<\/tr>\n<tr>\n<td>D6571-3F<\/td>\n<td>PCD<\/td>\n<td>13<\/td>\n<td>13<\/td>\n<td>100<\/td>\n<td>0.3<\/td>\n<td>10<\/td>\n<td>2<\/td>\n<\/tr>\n<tr>\n<td>D6572-3F<\/td>\n<td>PCD<\/td>\n<td>16<\/td>\n<td>16<\/td>\n<td>120<\/td>\n<td>0.3<\/td>\n<td>10<\/td>\n<td>2<\/td>\n<\/tr>\n<\/tbody>\n<\/table>\n<ul>\n<li><strong>S\u1ea3n ph\u1ea9m kh\u00f4ng theo ti\u00eau chu\u1ea9n c\u00f3 th\u1ec3 \u0111\u01b0\u1ee3c t\u00f9y ch\u1ec9nh theo b\u1ea3n v\u1ebd.<\/strong><\/li>\n<\/ul>\n<p>C\u00f3 b\u1ea5t k\u1ef3 th\u1eafc m\u1eafc n\u00e0o kh\u00f4ng? <a href=\"https:\/\/honwaygroup.com\/vi\/lien-he-voi-honway\/\">Li\u00ean h\u1ec7 v\u1edbi HonWay<\/a><\/p>\n","protected":false},"excerpt":{"rendered":"<div id=\"desWrap\">\n<ul>\n<li>So v\u1edbi c\u00e1c c\u00f4ng c\u1ee5 c\u1eaft kh\u00e1c, c\u00f4ng c\u1ee5 ti\u1ec7n kim c\u01b0\u01a1ng \u0111a tinh th\u1ec3 v\u00e0 nitride bo \u0111a tinh th\u1ec3 c\u00f3 \u0111\u1ed9 c\u1ee9ng v\u00e0 kh\u1ea3 n\u0103ng ch\u1ed1ng m\u00e0i m\u00f2n cao h\u01a1n, v\u00e0 nh\u1eefng \u01b0u \u0111i\u1ec3m c\u1ee7a ch\u00fang nh\u01b0 sau: tu\u1ed5i th\u1ecd c\u00f4ng c\u1ee5 d\u00e0i h\u01a1n, \u0111\u1ed9 ch\u00ednh x\u00e1c gia c\u00f4ng ph\u00f4i v\u00e0 b\u1ec1 m\u1eb7t ho\u00e0n thi\u1ec7n \u0111\u01b0\u1ee3c c\u1ea3i thi\u1ec7n, gi\u1ea3m chi ph\u00ed gia c\u00f4ng ph\u00f4i v\u00e0 t\u0103ng n\u0103ng su\u1ea5t m\u00e1y.<\/li>\n<li>Kim c\u01b0\u01a1ng \u0111a tinh th\u1ec3 (PCD)<\/li>\n<li>H\u1ee3p kim \u0111\u1ed3ng, h\u1ee3p kim nh\u00f4m<\/li>\n<li>Cacbua vonfram thi\u00eau k\u1ebft v\u00e0 g\u1ed1m s\u1ee9<\/li>\n<li>Cacbua vonfram v\u00e0 g\u1ed1m s\u1ee9 \u0111\u01b0\u1ee3c thi\u00eau k\u1ebft tr\u01b0\u1edbc<\/li>\n<li>H\u1ee3p kim nh\u00f4m silicon cao<\/li>\n<li>FRP, cao su c\u1ee9ng, than ch\u00ec<\/li>\n<li>Nitrua bo \u0111a tinh th\u1ec3 (PCBN)<\/li>\n<li>Th\u00e9p c\u1ee9ng (HRC 45 ~ 68)<\/li>\n<li>Th\u00e9p ch\u1ecbu nhi\u1ec7t (SUS)<\/li>\n<li>Th\u00e9p si\u00eau ch\u1ecbu nhi\u1ec7t: h\u1ee3p kim g\u1ed1c niken, h\u1ee3p kim g\u1ed1c coban<\/li>\n<li>Gang: gang l\u1ea1nh, gang ti\u00eam ch\u1ee7ng<\/li>\n<li>Th\u00e9p h\u1ee3p kim thi\u00eau k\u1ebft: Th\u00e9p crom-molypden, Th\u00e9p niken-crom-molypden<\/li>\n<\/ul>\n<h5><strong><span style=\"color: #ff0000;font-size: 19.2px\">\u25b2 Vui l\u00f2ng nh\u1eafn tin ri\u00eang cho b\u1ed9 ph\u1eadn ch\u0103m s\u00f3c kh\u00e1ch h\u00e0ng \u0111\u1ec3 h\u1ecfi gi\u00e1.<\/span><\/strong><\/h5>\n<h5><strong><span style=\"color: #ff0000;font-size: 19.2px\">\u25b2<\/span><\/strong><strong><span style=\"color: #ff0000;font-size: 19.2px\"> N\u1ebfu c\u1ea7n k\u00edch th\u01b0\u1edbc t\u00f9y ch\u1ec9nh, vui l\u00f2ng li\u00ean h\u1ec7 b\u1ed9 ph\u1eadn ch\u0103m s\u00f3c kh\u00e1ch h\u00e0ng.<\/span><\/strong><\/h5>\n<h5><strong><span style=\"color: #ff0000;font-size: 19.2px\">\u25b2 \u0110\u1eb7t h\u00e0ng s\u1ed1 l\u01b0\u1ee3ng l\u1edbn c\u00f3 th\u1ec3 \u0111\u01b0\u1ee3c h\u01b0\u1edfng chi\u1ebft kh\u1ea5u \u01b0u \u0111\u00e3i, vui l\u00f2ng li\u00ean h\u1ec7 b\u1ed9 ph\u1eadn ch\u0103m s\u00f3c kh\u00e1ch h\u00e0ng \u0111\u1ec3 bi\u1ebft th\u00eam chi ti\u1ebft.<br \/>\n<\/span><\/strong><\/h5>\n<h5><strong><span style=\"color: #ff0000\">\u25b2 Vui l\u00f2ng li\u00ean h\u1ec7 b\u1ed9 ph\u1eadn ch\u0103m s\u00f3c kh\u00e1ch h\u00e0ng \u0111\u1ec3 h\u1ecfi v\u1ec1 th\u1eddi gian giao h\u00e0ng c\u1ee7a \u0111\u01a1n \u0111\u1eb7t h\u00e0ng<\/span>:<a href=\"https:\/\/honwaygroup.com\/vi\/lien-he-voi-honway\/\"> Li\u00ean h\u1ec7 HonWay.<\/a><\/strong><\/h5>\n<\/div>\n","protected":false},"featured_media":80719,"template":"","meta":{"site-sidebar-layout":"default","site-content-layout":"default","ast-site-content-layout":"default","site-content-style":"default","site-sidebar-style":"default","ast-global-header-display":"","ast-banner-title-visibility":"","ast-main-header-display":"","ast-hfb-above-header-display":"","ast-hfb-below-header-display":"","ast-hfb-mobile-header-display":"","site-post-title":"","ast-breadcrumbs-content":"","ast-featured-img":"","footer-sml-layout":"","ast-disable-related-posts":"","theme-transparent-header-meta":"default","adv-header-id-meta":"","stick-header-meta":"default","header-above-stick-meta":"","header-main-stick-meta":"","header-below-stick-meta":"","astra-migrate-meta-layouts":"default","ast-page-background-enabled":"default","ast-page-background-meta":{"desktop":{"background-color":"var(--ast-global-color-5)","background-image":"","background-repeat":"repeat","background-position":"center center","background-size":"auto","background-attachment":"scroll","background-type":"","background-media":"","overlay-type":"","overlay-color":"","overlay-opacity":"","overlay-gradient":""},"tablet":{"background-color":"","background-image":"","background-repeat":"repeat","background-position":"center center","background-size":"auto","background-attachment":"scroll","background-type":"","background-media":"","overlay-type":"","overlay-color":"","overlay-opacity":"","overlay-gradient":""},"mobile":{"background-color":"","background-image":"","background-repeat":"repeat","background-position":"center center","background-size":"auto","background-attachment":"scroll","background-type":"","background-media":"","overlay-type":"","overlay-color":"","overlay-opacity":"","overlay-gradient":""}},"ast-content-background-meta":{"desktop":{"background-color":"var(--ast-global-color-4)","background-image":"","background-repeat":"repeat","background-position":"center center","background-size":"auto","background-attachment":"scroll","background-type":"","background-media":"","overlay-type":"","overlay-color":"","overlay-opacity":"","overlay-gradient":""},"tablet":{"background-color":"var(--ast-global-color-4)","background-image":"","background-repeat":"repeat","background-position":"center center","background-size":"auto","background-attachment":"scroll","background-type":"","background-media":"","overlay-type":"","overlay-color":"","overlay-opacity":"","overlay-gradient":""},"mobile":{"background-color":"var(--ast-global-color-4)","background-image":"","background-repeat":"repeat","background-position":"center center","background-size":"auto","background-attachment":"scroll","background-type":"","background-media":"","overlay-type":"","overlay-color":"","overlay-opacity":"","overlay-gradient":""}}},"product_brand":[],"product_cat":[4389,4394],"product_tag":[5084,4878],"class_list":{"0":"post-84172","1":"product","2":"type-product","3":"status-publish","4":"has-post-thumbnail","6":"product_cat-cong-cu-kim-cuong","7":"product_cat-dao-cat-kim-cuong-nitrua-boron","8":"product_tag-dao-tien-kim-cuong","9":"product_tag-dao-tien-nitrua-bo","10":"desktop-align-left","11":"tablet-align-left","12":"mobile-align-left","13":"ast-product-gallery-layout-horizontal-slider","14":"ast-product-tabs-layout-horizontal","16":"first","17":"instock","18":"taxable","19":"shipping-taxable","20":"product-type-simple"},"_links":{"self":[{"href":"https:\/\/honwaygroup.com\/vi\/wp-json\/wp\/v2\/product\/84172","targetHints":{"allow":["GET"]}}],"collection":[{"href":"https:\/\/honwaygroup.com\/vi\/wp-json\/wp\/v2\/product"}],"about":[{"href":"https:\/\/honwaygroup.com\/vi\/wp-json\/wp\/v2\/types\/product"}],"version-history":[{"count":0,"href":"https:\/\/honwaygroup.com\/vi\/wp-json\/wp\/v2\/product\/84172\/revisions"}],"wp:featuredmedia":[{"embeddable":true,"href":"https:\/\/honwaygroup.com\/vi\/wp-json\/wp\/v2\/media\/80719"}],"wp:attachment":[{"href":"https:\/\/honwaygroup.com\/vi\/wp-json\/wp\/v2\/media?parent=84172"}],"wp:term":[{"taxonomy":"product_brand","embeddable":true,"href":"https:\/\/honwaygroup.com\/vi\/wp-json\/wp\/v2\/product_brand?post=84172"},{"taxonomy":"product_cat","embeddable":true,"href":"https:\/\/honwaygroup.com\/vi\/wp-json\/wp\/v2\/product_cat?post=84172"},{"taxonomy":"product_tag","embeddable":true,"href":"https:\/\/honwaygroup.com\/vi\/wp-json\/wp\/v2\/product_tag?post=84172"}],"curies":[{"name":"wp","href":"https:\/\/api.w.org\/{rel}","templated":true}]}}