{"id":84164,"date":"2021-01-17T15:29:21","date_gmt":"2021-01-17T07:29:21","guid":{"rendered":"https:\/\/honwaygroup.com\/product\/banh-mai-kim-cuong-va-nitride-boron-dien-hoa\/"},"modified":"2025-11-05T12:00:03","modified_gmt":"2025-11-05T04:00:03","slug":"banh-mai-kim-cuong-va-nitride-boron-dien-hoa","status":"publish","type":"product","link":"https:\/\/honwaygroup.com\/vi\/product\/banh-mai-kim-cuong-va-nitride-boron-dien-hoa\/","title":{"rendered":"\u0110\u00e1 m\u00e0i kim c\u01b0\u01a1ng v\u00e0 nitride boron m\u1ea1 \u0111i\u1ec7n"},"content":{"rendered":"<h3><strong>\u0110\u00e1 m\u00e0i kim c\u01b0\u01a1ng v\u00e0 nitride boron m\u1ea1 \u0111i\u1ec7n<\/strong><\/h3>\n<blockquote>\n<h4><strong><span class=\"red\">Honway Industrial c\u00f3 th\u1ec3 cung c\u1ea5p c\u00e1c d\u1ecbch v\u1ee5 t\u00f9y ch\u1ec9nh.<\/span><\/strong><\/h4>\n<h4><strong><span class=\"red\"> Ch\u00fang t\u00f4i s\u1ebd t\u1ea1o ra nh\u1eefng lo\u1ea1i \u0111\u00e1 m\u00e0i kim c\u01b0\u01a1ng v\u00e0 CBN m\u1ea1 \u0111i\u1ec7n ph\u00f9 h\u1ee3p nh\u1ea5t cho b\u1ea1n.<\/span><\/strong><\/h4>\n<\/blockquote>\n<p><strong>C\u00e1c lo\u1ea1i \u0111\u00e1 m\u00e0i \u0111i\u1ec7n \u0111\u1ecbnh h\u00ecnh \u0111\u01b0\u1ee3c li\u1ec7t k\u00ea trong b\u1ea3ng d\u01b0\u1edbi \u0111\u00e2y \u0111\u1ec1u c\u00f3 trong kho ti\u00eau chu\u1ea9n c\u1ee7a ch\u00fang t\u00f4i.<\/strong><\/p>\n<table class=\"specTable2\" width=\"100%\">\n<tbody>\n<tr>\n<th>11C9<\/th>\n<th colspan=\"7\">Th\u00edch h\u1ee3p \u0111\u1ec3 <a href=\"https:\/\/baike.baidu.hk\/item\/%E9%8E%A2%E9%8B%BC\/10978626\" rel=\"nofollow noopener\" target=\"_blank\">m\u00e0i v\u00e0 \u0111\u1ecbnh <\/a>h\u00ecnh c\u00e1c d\u1ee5ng c\u1ee5 cacbua vonfram<\/th>\n<\/tr>\n<tr>\n<th class=\"white\" rowspan=\"6\" width=\"36%\"><a href=\"https:\/\/honwaygroup.com\/wp-content\/uploads\/2021\/01\/%E9%9B%BB%E9%91%84%E6%B3%95%E9%91%BD%E7%9F%B3%E8%88%87%E6%B0%AE%E5%8C%96%E7%A1%BC%E7%A0%82%E8%BC%AA_%E5%B7%A5%E4%BD%9C%E5%8D%80%E5%9F%9F-1-%E8%A4%87%E6%9C%AC-5.webp\"><img fetchpriority=\"high\" decoding=\"async\" class=\"alignnone size-full wp-image-27617\" src=\"https:\/\/honwaygroup.com\/wp-content\/uploads\/2021\/01\/%E9%9B%BB%E9%91%84%E6%B3%95%E9%91%BD%E7%9F%B3%E8%88%87%E6%B0%AE%E5%8C%96%E7%A1%BC%E7%A0%82%E8%BC%AA_%E5%B7%A5%E4%BD%9C%E5%8D%80%E5%9F%9F-1-%E8%A4%87%E6%9C%AC-5.webp\" alt=\"\" width=\"417\" height=\"417\"><\/a><\/th>\n<th>s\u1ed1 seri<\/th>\n<th>D<\/th>\n<th>T<\/th>\n<th>W<\/th>\n<th>H<\/th>\n<th>U<\/th>\n<th>K\u00edch th\u01b0\u1edbc h\u1ea1t<\/th>\n<\/tr>\n<tr>\n<td>WC-1005A<\/td>\n<td>100<\/td>\n<td>22<\/td>\n<td>10<\/td>\n<td>20<\/td>\n<td>5<\/td>\n<td>#100*<\/td>\n<\/tr>\n<tr>\n<td>WC-1005B<\/td>\n<td>100<\/td>\n<td>35<\/td>\n<td>10<\/td>\n<td>20<\/td>\n<td>5<\/td>\n<td>#100*<\/td>\n<\/tr>\n<tr>\n<td>WC-1005C<\/td>\n<td>100<\/td>\n<td>35<\/td>\n<td>10<\/td>\n<td>19.05<\/td>\n<td>5<\/td>\n<td>#100*<\/td>\n<\/tr>\n<tr>\n<td>WC-1605A<\/td>\n<td>100<\/td>\n<td>35<\/td>\n<td>16<\/td>\n<td>20<\/td>\n<td>5<\/td>\n<td>#100*<\/td>\n<\/tr>\n<tr>\n<td>WC-2005A<\/td>\n<td>100<\/td>\n<td>35<\/td>\n<td>20<\/td>\n<td>20<\/td>\n<td>5<\/td>\n<td>#100*<\/td>\n<\/tr>\n<\/tbody>\n<\/table>\n<table class=\"specTable2\" width=\"100%\">\n<tbody>\n<tr>\n<th>1A1U<\/th>\n<th colspan=\"6\">Th\u00edch h\u1ee3p \u0111\u1ec3 m\u00e0i v\u00e0 \u0111\u1ecbnh h\u00ecnh d\u1ee5ng c\u1ee5 c\u1eaft cacbua vonfram<\/th>\n<\/tr>\n<tr>\n<th class=\"white\" rowspan=\"4\" width=\"36%\"><a href=\"https:\/\/honwaygroup.com\/wp-content\/uploads\/2021\/01\/%E9%9B%BB%E9%91%84%E6%B3%95%E9%91%BD%E7%9F%B3%E8%88%87%E6%B0%AE%E5%8C%96%E7%A1%BC%E7%A0%82%E8%BC%AA_%E5%B7%A5%E4%BD%9C%E5%8D%80%E5%9F%9F-1-%E8%A4%87%E6%9C%AC-6.webp\"><img decoding=\"async\" class=\"alignnone size-full wp-image-27621\" src=\"https:\/\/honwaygroup.com\/wp-content\/uploads\/2021\/01\/%E9%9B%BB%E9%91%84%E6%B3%95%E9%91%BD%E7%9F%B3%E8%88%87%E6%B0%AE%E5%8C%96%E7%A1%BC%E7%A0%82%E8%BC%AA_%E5%B7%A5%E4%BD%9C%E5%8D%80%E5%9F%9F-1-%E8%A4%87%E6%9C%AC-6.webp\" alt=\"\" width=\"417\" height=\"417\"><\/a><\/th>\n<th>s\u1ed1 seri<\/th>\n<th>D<\/th>\n<th>T<\/th>\n<th>W<\/th>\n<th>H<\/th>\n<th>K\u00edch th\u01b0\u1edbc h\u1ea1t<\/th>\n<\/tr>\n<tr>\n<td>WS-6105A<\/td>\n<td>150<\/td>\n<td>10<\/td>\n<td>5<\/td>\n<td>31.75<\/td>\n<td>#200*<\/td>\n<\/tr>\n<tr>\n<td>WS-6105B<\/td>\n<td>150<\/td>\n<td>10<\/td>\n<td>5<\/td>\n<td>12.70<\/td>\n<td>#200*<\/td>\n<\/tr>\n<tr>\n<td>WS-6105C<\/td>\n<td>150<\/td>\n<td>10<\/td>\n<td>5<\/td>\n<td>15.88<\/td>\n<td>#200*<\/td>\n<\/tr>\n<\/tbody>\n<\/table>\n<table class=\"specTable2\" width=\"100%\">\n<tbody>\n<tr>\n<th>14Y1<\/th>\n<th colspan=\"8\">Th\u00edch h\u1ee3p \u0111\u1ec3 m\u00e0i v\u00e0 \u0111\u1ecbnh h\u00ecnh d\u1ee5ng c\u1ee5 c\u1eaft cacbua vonfram<\/th>\n<\/tr>\n<tr>\n<th class=\"white\" rowspan=\"5\" width=\"36%\"><a href=\"https:\/\/honwaygroup.com\/wp-content\/uploads\/2021\/01\/%E9%9B%BB%E9%91%84%E6%B3%95%E9%91%BD%E7%9F%B3%E8%88%87%E6%B0%AE%E5%8C%96%E7%A1%BC%E7%A0%82%E8%BC%AA_%E5%B7%A5%E4%BD%9C%E5%8D%80%E5%9F%9F-1-%E8%A4%87%E6%9C%AC-8.webp\"><img decoding=\"async\" class=\"alignnone size-full wp-image-27625\" src=\"https:\/\/honwaygroup.com\/wp-content\/uploads\/2021\/01\/%E9%9B%BB%E9%91%84%E6%B3%95%E9%91%BD%E7%9F%B3%E8%88%87%E6%B0%AE%E5%8C%96%E7%A1%BC%E7%A0%82%E8%BC%AA_%E5%B7%A5%E4%BD%9C%E5%8D%80%E5%9F%9F-1-%E8%A4%87%E6%9C%AC-8.webp\" alt=\"\" width=\"417\" height=\"417\"><\/a><\/th>\n<th>s\u1ed1 seri<\/th>\n<th>D<\/th>\n<th>U<\/th>\n<th>T<\/th>\n<th>W<\/th>\n<th>H<\/th>\n<th>V<\/th>\n<th>K\u00edch th\u01b0\u1edbc h\u1ea1t<\/th>\n<\/tr>\n<tr>\n<td>WV-6645A<\/td>\n<td>150<\/td>\n<td>6<\/td>\n<td>10<\/td>\n<td>5<\/td>\n<td>12.70<\/td>\n<td>45<\/td>\n<td>#200*<\/td>\n<\/tr>\n<tr>\n<td>WV-6645B<\/td>\n<td>150<\/td>\n<td>6<\/td>\n<td>10<\/td>\n<td>5<\/td>\n<td>15.88<\/td>\n<td>45<\/td>\n<td>#200*<\/td>\n<\/tr>\n<tr>\n<td>WV-6660A<\/td>\n<td>150<\/td>\n<td>6<\/td>\n<td>10<\/td>\n<td>5<\/td>\n<td>12.70<\/td>\n<td>60<\/td>\n<td>#200*<\/td>\n<\/tr>\n<tr>\n<td>WV-6660B<\/td>\n<td>150<\/td>\n<td>6<\/td>\n<td>10<\/td>\n<td>5<\/td>\n<td>15.88<\/td>\n<td>60<\/td>\n<td>#200*<\/td>\n<\/tr>\n<\/tbody>\n<\/table>\n<table class=\"specTable2\" width=\"100%\">\n<tbody>\n<tr>\n<th>14A1,14A1U<\/th>\n<th colspan=\"6\">Th\u00edch h\u1ee3p \u0111\u1ec3 nghi\u1ec1n v\u00e0 t\u1ea1o h\u00ecnh \u0111\u00e1 qu\u00fd, <a href=\"https:\/\/teahouse333.pixnet.net\/blog\/post\/301849099\" rel=\"nofollow noopener\" target=\"_blank\">\u0111\u00e1 b\u00e1n qu\u00fd<\/a> v\u00e0 \u0111\u00e1 t\u1ef1 nhi\u00ean.<\/th>\n<\/tr>\n<tr>\n<th class=\"white\" rowspan=\"3\" width=\"36%\"><a href=\"https:\/\/honwaygroup.com\/wp-content\/uploads\/2021\/01\/%E9%9B%BB%E9%91%84%E6%B3%95%E9%91%BD%E7%9F%B3%E8%88%87%E6%B0%AE%E5%8C%96%E7%A1%BC%E7%A0%82%E8%BC%AA_%E5%B7%A5%E4%BD%9C%E5%8D%80%E5%9F%9F-1-%E8%A4%87%E6%9C%AC-9.webp\"><img loading=\"lazy\" decoding=\"async\" class=\"alignnone size-full wp-image-27629\" src=\"https:\/\/honwaygroup.com\/wp-content\/uploads\/2021\/01\/%E9%9B%BB%E9%91%84%E6%B3%95%E9%91%BD%E7%9F%B3%E8%88%87%E6%B0%AE%E5%8C%96%E7%A1%BC%E7%A0%82%E8%BC%AA_%E5%B7%A5%E4%BD%9C%E5%8D%80%E5%9F%9F-1-%E8%A4%87%E6%9C%AC-9.webp\" alt=\"\" width=\"417\" height=\"417\"><\/a><\/th>\n<th>s\u1ed1 seri<\/th>\n<th>D<\/th>\n<th>T<\/th>\n<th>W<\/th>\n<th>H<\/th>\n<th>K\u00edch th\u01b0\u1edbc h\u1ea1t<\/th>\n<\/tr>\n<tr>\n<td>WS-0625A<\/td>\n<td>150<\/td>\n<td>25<\/td>\n<td>&#8211;<\/td>\n<td>25.4<\/td>\n<td>#60*<\/td>\n<\/tr>\n<tr>\n<td>WS-0625B<\/td>\n<td>150<\/td>\n<td>25<\/td>\n<td>5<\/td>\n<td>25.4<\/td>\n<td>#60*<\/td>\n<\/tr>\n<\/tbody>\n<\/table>\n<table class=\"specTable2\" width=\"100%\">\n<tbody>\n<tr>\n<th>14A1U<\/th>\n<th colspan=\"8\">Th\u00edch h\u1ee3p \u0111\u1ec3 nghi\u1ec1n v\u00e0 \u0111\u1ecbnh h\u00ecnh l\u00f5i b\u1ed9t s\u1eaft<\/th>\n<\/tr>\n<tr>\n<th class=\"white\" rowspan=\"5\" width=\"36%\"><a href=\"https:\/\/honwaygroup.com\/wp-content\/uploads\/2021\/01\/%E9%9B%BB%E9%91%84%E6%B3%95%E9%91%BD%E7%9F%B3%E8%88%87%E6%B0%AE%E5%8C%96%E7%A1%BC%E7%A0%82%E8%BC%AA_%E5%B7%A5%E4%BD%9C%E5%8D%80%E5%9F%9F-1-%E8%A4%87%E6%9C%AC-10.webp\"><img loading=\"lazy\" decoding=\"async\" class=\"alignnone size-full wp-image-27633\" src=\"https:\/\/honwaygroup.com\/wp-content\/uploads\/2021\/01\/%E9%9B%BB%E9%91%84%E6%B3%95%E9%91%BD%E7%9F%B3%E8%88%87%E6%B0%AE%E5%8C%96%E7%A1%BC%E7%A0%82%E8%BC%AA_%E5%B7%A5%E4%BD%9C%E5%8D%80%E5%9F%9F-1-%E8%A4%87%E6%9C%AC-10.webp\" alt=\"\" width=\"417\" height=\"417\"><\/a><\/th>\n<th>s\u1ed1 seri<\/th>\n<th>D<\/th>\n<th>U<\/th>\n<th>T<\/th>\n<th>E<\/th>\n<th>W<\/th>\n<th>H<\/th>\n<th>K\u00edch th\u01b0\u1edbc h\u1ea1t<\/th>\n<\/tr>\n<tr>\n<td>WS-7063A<\/td>\n<td>175<\/td>\n<td>6<\/td>\n<td>10<\/td>\n<td>&#8211;<\/td>\n<td>3<\/td>\n<td>31.75<\/td>\n<td>#200*<\/td>\n<\/tr>\n<tr>\n<td>WS-7073A<\/td>\n<td>175<\/td>\n<td>7<\/td>\n<td>10<\/td>\n<td>&#8211;<\/td>\n<td>3<\/td>\n<td>31.75<\/td>\n<td>#200*<\/td>\n<\/tr>\n<tr>\n<td>WS-7083A<\/td>\n<td>175<\/td>\n<td>8<\/td>\n<td>10<\/td>\n<td>&#8211;<\/td>\n<td>3<\/td>\n<td>31.75<\/td>\n<td>#200*<\/td>\n<\/tr>\n<tr>\n<td>WS-7093A<\/td>\n<td>175<\/td>\n<td>9<\/td>\n<td>10<\/td>\n<td>&#8211;<\/td>\n<td>3<\/td>\n<td>31.75<\/td>\n<td>#200*<\/td>\n<\/tr>\n<\/tbody>\n<\/table>\n<table class=\"specTable2\" width=\"100%\">\n<tbody>\n<tr>\n<th>9A1U<\/th>\n<th colspan=\"8\">Th\u00edch h\u1ee3p \u0111\u1ec3 nghi\u1ec1n v\u00e0 \u0111\u1ecbnh h\u00ecnh l\u00f5i b\u1ed9t s\u1eaft<\/th>\n<\/tr>\n<tr>\n<th class=\"white\" rowspan=\"8\" width=\"36%\"><a href=\"https:\/\/honwaygroup.com\/wp-content\/uploads\/2021\/01\/%E9%9B%BB%E9%91%84%E6%B3%95%E9%91%BD%E7%9F%B3%E8%88%87%E6%B0%AE%E5%8C%96%E7%A1%BC%E7%A0%82%E8%BC%AA_%E5%B7%A5%E4%BD%9C%E5%8D%80%E5%9F%9F-1-%E8%A4%87%E6%9C%AC-21.webp\"><img loading=\"lazy\" decoding=\"async\" class=\"alignnone size-full wp-image-27637\" src=\"https:\/\/honwaygroup.com\/wp-content\/uploads\/2021\/01\/%E9%9B%BB%E9%91%84%E6%B3%95%E9%91%BD%E7%9F%B3%E8%88%87%E6%B0%AE%E5%8C%96%E7%A1%BC%E7%A0%82%E8%BC%AA_%E5%B7%A5%E4%BD%9C%E5%8D%80%E5%9F%9F-1-%E8%A4%87%E6%9C%AC-21.webp\" alt=\"\" width=\"417\" height=\"417\"><\/a><\/th>\n<th>s\u1ed1 seri<\/th>\n<th>D<\/th>\n<th>U<\/th>\n<th>T<\/th>\n<th>E<\/th>\n<th>W<\/th>\n<th>H<\/th>\n<th>K\u00edch th\u01b0\u1edbc h\u1ea1t<\/th>\n<\/tr>\n<tr>\n<td>WS-7103A<\/td>\n<td>175<\/td>\n<td>&#8211;<\/td>\n<td>10<\/td>\n<td>9.8<\/td>\n<td>3<\/td>\n<td>31.75<\/td>\n<td>#200*<\/td>\n<\/tr>\n<tr>\n<td>WS-7113A<\/td>\n<td>175<\/td>\n<td>&#8211;<\/td>\n<td>11<\/td>\n<td>10<\/td>\n<td>3<\/td>\n<td>31.75<\/td>\n<td>#200*<\/td>\n<\/tr>\n<tr>\n<td>WS-7123A<\/td>\n<td>175<\/td>\n<td>&#8211;<\/td>\n<td>12<\/td>\n<td>10<\/td>\n<td>3<\/td>\n<td>31.75<\/td>\n<td>#200*<\/td>\n<\/tr>\n<tr>\n<td>WS-7133A<\/td>\n<td>175<\/td>\n<td>&#8211;<\/td>\n<td>13<\/td>\n<td>10<\/td>\n<td>3<\/td>\n<td>31.75<\/td>\n<td>#200*<\/td>\n<\/tr>\n<tr>\n<td>WS-7143A<\/td>\n<td>175<\/td>\n<td>&#8211;<\/td>\n<td>14<\/td>\n<td>10<\/td>\n<td>3<\/td>\n<td>31.75<\/td>\n<td>#200*<\/td>\n<\/tr>\n<tr>\n<td>WS-7153A<\/td>\n<td>175<\/td>\n<td>&#8211;<\/td>\n<td>15<\/td>\n<td>10<\/td>\n<td>3<\/td>\n<td>31.75<\/td>\n<td>#200*<\/td>\n<\/tr>\n<tr>\n<td>WS-7163A<\/td>\n<td>175<\/td>\n<td>&#8211;<\/td>\n<td>16<\/td>\n<td>10<\/td>\n<td>3<\/td>\n<td>31.75<\/td>\n<td>#200*<\/td>\n<\/tr>\n<\/tbody>\n<\/table>\n<p><strong>minh h\u1ecda:<\/strong><\/p>\n<ul class=\"main_ul\">\n<li><strong>* bi\u1ec3u th\u1ecb k\u00edch th\u01b0\u1edbc h\u1ea1t ti\u00eau chu\u1ea9n; vui l\u00f2ng ch\u1ec9 \u0111\u1ecbnh c\u00e1c k\u00edch th\u01b0\u1edbc h\u1ea1t kh\u00e1c khi \u0111\u1eb7t h\u00e0ng.<\/strong><\/li>\n<\/ul>\n<p>C\u00f3 b\u1ea5t k\u1ef3 th\u1eafc m\u1eafc n\u00e0o kh\u00f4ng? <a href=\"https:\/\/honwaygroup.com\/vi\/lien-he-voi-honway\/\">Li\u00ean h\u1ec7 v\u1edbi HonWay<\/a><\/p>\n","protected":false},"excerpt":{"rendered":"<div id=\"desWrap\">\n<ul>\n<li>So v\u1edbi c\u00e1c lo\u1ea1i \u0111\u00e1 m\u00e0i \u0111\u01b0\u1ee3c s\u1ea3n xu\u1ea5t b\u1eb1ng ph\u01b0\u01a1ng ph\u00e1p li\u00ean k\u1ebft kh\u00e1c, \u0111\u00e1 m\u00e0i \u0111i\u1ec7n h\u00f3a c\u00f3 n\u1ed3ng \u0111\u1ed9 m\u00e0i m\u00f2n v\u00e0 \u0111\u1ed9 nh\u00f4 cao h\u01a1n, mang l\u1ea1i \u0111\u1ed9 s\u1eafc b\u00e9n v\u01b0\u1ee3t tr\u1ed9i v\u00e0 kh\u1ed1i l\u01b0\u1ee3ng m\u00e0i l\u1edbn. Kh\u00f4ng b\u1ecb gi\u1edbi h\u1ea1n b\u1edfi khu\u00f4n m\u1eabu, \u0111\u00e1 m\u00e0i v\u1edbi nhi\u1ec1u h\u00ecnh d\u1ea1ng kh\u00e1c nhau c\u00f3 th\u1ec3 \u0111\u01b0\u1ee3c ch\u1ebf t\u1ea1o v\u1edbi k\u00edch th\u01b0\u1edbc b\u00ean ngo\u00e0i thay \u0111\u1ed5i t\u1ed1i thi\u1ec3u, ph\u00f9 h\u1ee3p cho vi\u1ec7c m\u00e0i \u0111\u1ecbnh h\u00ecnh.<\/li>\n<li>M\u00e0i \u0111\u1ed3 g\u00e1: Th\u01b0\u1eddng \u0111\u01b0\u1ee3c s\u1eed d\u1ee5ng nhi\u1ec1u nh\u1ea5t trong gia c\u00f4ng \u0111\u1ecbnh h\u00ecnh g\u1ed1m s\u1ee9 ch\u00ednh x\u00e1c v\u00e0 th\u1ea1ch anh, c\u00f3 th\u1ec3 cung c\u1ea5p s\u1ea3n ph\u1ea9m t\u00f9y ch\u1ec9nh theo c\u00e1c nhu c\u1ea7u kh\u00e1c nhau. \u0110\u1ed9 h\u1ea1t th\u00f4ng d\u1ee5ng t\u1eeb #80~#325, \u0111\u00e1p \u1ee9ng nhu c\u1ea7u gia c\u00f4ng th\u00f4 v\u00e0 gia c\u00f4ng tinh.<\/li>\n<li>Gia c\u00f4ng k\u00ednh c\u1ea3m \u1ee9ng: Khoan v\u00e0 v\u00e1t c\u1ea1nh m\u1eb7t k\u00ednh c\u1ee7a \u0111i\u1ec7n tho\u1ea1i th\u00f4ng minh v\u00e0 m\u00e1y t\u00ednh b\u1ea3ng, c\u00f3 th\u1ec3 k\u1ebft h\u1ee3p c\u00e1c \u0111\u1ed9 h\u1ea1t kh\u00e1c nhau tr\u00ean c\u00f9ng m\u1ed9t thanh m\u00e0i \u0111i\u1ec7n h\u00f3a \u0111\u1ec3 n\u00e2ng cao hi\u1ec7u qu\u1ea3 c\u00f4ng vi\u1ec7c.<\/li>\n<li>M\u00e0i dao: M\u00e1y m\u00e0i dao phay ng\u00f3n v\u00e0 m\u0169i khoan \u0111\u01b0\u1ee3c trang b\u1ecb \u0111\u00e1 m\u00e0i \u0111i\u1ec7n h\u00f3a. Th\u00e9p vonfram c\u00f3 th\u1ec3 \u0111\u01b0\u1ee3c m\u00e0i b\u1eb1ng kim c\u01b0\u01a1ng, trong khi th\u00e9p gi\u00f3 c\u00f3 th\u1ec3 \u0111\u01b0\u1ee3c m\u00e0i b\u1eb1ng h\u1ea1t m\u00e0i CBN. \u0110\u00e1 m\u00e0i h\u00ecnh ch\u00e9n ti\u00eau chu\u1ea9n c\u0169ng c\u00f3 s\u1eb5n \u0111\u1ec3 m\u00e0i dao ti\u1ec7n.<\/li>\n<li>M\u00e0i \u0111\u1ecbnh h\u00ecnh: Ph\u01b0\u01a1ng ph\u00e1p \u0111i\u1ec7n h\u00f3a c\u00f3 th\u1ec3 ch\u1ebf t\u1ea1o b\u1ea5t k\u1ef3 h\u00ecnh d\u1ea1ng n\u00e0o, v\u1edbi \u0111\u1ed9 bi\u1ebfn d\u1ea1ng nh\u1ecf, do \u0111\u00f3 ph\u00f9 h\u1ee3p \u0111\u1ec3 s\u1eed d\u1ee5ng trong m\u00e0i \u0111\u1ecbnh h\u00ecnh. Ngo\u00e0i ra, c\u0169ng c\u00f3 th\u1ec3 ch\u1ebf t\u1ea1o th\u00e0nh kh\u1ed1i s\u1eeda \u0111\u1ec3 ch\u1ec9nh s\u1eeda \u0111\u00e1 m\u00e0i oxit nh\u00f4m.<\/li>\n<\/ul>\n<h5><strong><span style=\"color: #ff0000; font-size: 19.2px;\">\u25b2 Vui l\u00f2ng nh\u1eafn tin ri\u00eang cho b\u1ed9 ph\u1eadn ch\u0103m s\u00f3c kh\u00e1ch h\u00e0ng \u0111\u1ec3 h\u1ecfi gi\u00e1.<\/span><\/strong><\/h5>\n<h5><strong><span style=\"color: #ff0000; font-size: 19.2px;\">\u25b2<\/span><\/strong><strong><span style=\"color: #ff0000; font-size: 19.2px;\"> N\u1ebfu c\u1ea7n k\u00edch th\u01b0\u1edbc t\u00f9y ch\u1ec9nh, vui l\u00f2ng li\u00ean h\u1ec7 b\u1ed9 ph\u1eadn ch\u0103m s\u00f3c kh\u00e1ch h\u00e0ng.<\/span><\/strong><\/h5>\n<h5><strong><span style=\"color: #ff0000; font-size: 19.2px;\">\u25b2 \u0110\u1eb7t h\u00e0ng s\u1ed1 l\u01b0\u1ee3ng l\u1edbn c\u00f3 th\u1ec3 \u0111\u01b0\u1ee3c h\u01b0\u1edfng chi\u1ebft kh\u1ea5u \u01b0u \u0111\u00e3i, vui l\u00f2ng li\u00ean h\u1ec7 b\u1ed9 ph\u1eadn ch\u0103m s\u00f3c kh\u00e1ch h\u00e0ng \u0111\u1ec3 bi\u1ebft th\u00eam chi ti\u1ebft.<br \/>\n<\/span><\/strong><\/h5>\n<h5><strong><span style=\"color: #ff0000;\">\u25b2 Vui l\u00f2ng li\u00ean h\u1ec7 b\u1ed9 ph\u1eadn ch\u0103m s\u00f3c kh\u00e1ch h\u00e0ng \u0111\u1ec3 h\u1ecfi v\u1ec1 th\u1eddi gian giao h\u00e0ng c\u1ee7a \u0111\u01a1n \u0111\u1eb7t h\u00e0ng<\/span>:<a href=\"https:\/\/honwaygroup.com\/vi\/lien-he-voi-honway\/\"> Li\u00ean h\u1ec7 HonWay.<\/a><\/strong><\/h5>\n<\/div>\n","protected":false},"featured_media":84165,"template":"","meta":{"site-sidebar-layout":"default","site-content-layout":"default","ast-site-content-layout":"default","site-content-style":"default","site-sidebar-style":"default","ast-global-header-display":"","ast-banner-title-visibility":"","ast-main-header-display":"","ast-hfb-above-header-display":"","ast-hfb-below-header-display":"","ast-hfb-mobile-header-display":"","site-post-title":"","ast-breadcrumbs-content":"","ast-featured-img":"","footer-sml-layout":"","ast-disable-related-posts":"","theme-transparent-header-meta":"default","adv-header-id-meta":"","stick-header-meta":"default","header-above-stick-meta":"","header-main-stick-meta":"","header-below-stick-meta":"","astra-migrate-meta-layouts":"default","ast-page-background-enabled":"default","ast-page-background-meta":{"desktop":{"background-color":"var(--ast-global-color-5)","background-image":"","background-repeat":"repeat","background-position":"center center","background-size":"auto","background-attachment":"scroll","background-type":"","background-media":"","overlay-type":"","overlay-color":"","overlay-opacity":"","overlay-gradient":""},"tablet":{"background-color":"","background-image":"","background-repeat":"repeat","background-position":"center center","background-size":"auto","background-attachment":"scroll","background-type":"","background-media":"","overlay-type":"","overlay-color":"","overlay-opacity":"","overlay-gradient":""},"mobile":{"background-color":"","background-image":"","background-repeat":"repeat","background-position":"center center","background-size":"auto","background-attachment":"scroll","background-type":"","background-media":"","overlay-type":"","overlay-color":"","overlay-opacity":"","overlay-gradient":""}},"ast-content-background-meta":{"desktop":{"background-color":"var(--ast-global-color-4)","background-image":"","background-repeat":"repeat","background-position":"center center","background-size":"auto","background-attachment":"scroll","background-type":"","background-media":"","overlay-type":"","overlay-color":"","overlay-opacity":"","overlay-gradient":""},"tablet":{"background-color":"var(--ast-global-color-4)","background-image":"","background-repeat":"repeat","background-position":"center center","background-size":"auto","background-attachment":"scroll","background-type":"","background-media":"","overlay-type":"","overlay-color":"","overlay-opacity":"","overlay-gradient":""},"mobile":{"background-color":"var(--ast-global-color-4)","background-image":"","background-repeat":"repeat","background-position":"center center","background-size":"auto","background-attachment":"scroll","background-type":"","background-media":"","overlay-type":"","overlay-color":"","overlay-opacity":"","overlay-gradient":""}}},"product_brand":[],"product_cat":[4389,4392],"product_tag":[5083,5105],"class_list":{"0":"post-84164","1":"product","2":"type-product","3":"status-publish","4":"has-post-thumbnail","6":"product_cat-cong-cu-kim-cuong","7":"product_cat-banh-mai-kim-cuong-va-nitrua-boron","8":"product_tag-da-mai-kim-cuong-va-nitrua-bo","9":"product_tag-da-mai-kim-cuong-va-nitrua-bo-phuong-phap-ma-dien","10":"desktop-align-left","11":"tablet-align-left","12":"mobile-align-left","13":"ast-product-gallery-layout-horizontal-slider","14":"ast-product-tabs-layout-horizontal","16":"first","17":"instock","18":"taxable","19":"shipping-taxable","20":"product-type-simple"},"_links":{"self":[{"href":"https:\/\/honwaygroup.com\/vi\/wp-json\/wp\/v2\/product\/84164","targetHints":{"allow":["GET"]}}],"collection":[{"href":"https:\/\/honwaygroup.com\/vi\/wp-json\/wp\/v2\/product"}],"about":[{"href":"https:\/\/honwaygroup.com\/vi\/wp-json\/wp\/v2\/types\/product"}],"version-history":[{"count":0,"href":"https:\/\/honwaygroup.com\/vi\/wp-json\/wp\/v2\/product\/84164\/revisions"}],"wp:featuredmedia":[{"embeddable":true,"href":"https:\/\/honwaygroup.com\/vi\/wp-json\/wp\/v2\/media\/84165"}],"wp:attachment":[{"href":"https:\/\/honwaygroup.com\/vi\/wp-json\/wp\/v2\/media?parent=84164"}],"wp:term":[{"taxonomy":"product_brand","embeddable":true,"href":"https:\/\/honwaygroup.com\/vi\/wp-json\/wp\/v2\/product_brand?post=84164"},{"taxonomy":"product_cat","embeddable":true,"href":"https:\/\/honwaygroup.com\/vi\/wp-json\/wp\/v2\/product_cat?post=84164"},{"taxonomy":"product_tag","embeddable":true,"href":"https:\/\/honwaygroup.com\/vi\/wp-json\/wp\/v2\/product_tag?post=84164"}],"curies":[{"name":"wp","href":"https:\/\/api.w.org\/{rel}","templated":true}]}}