{"id":84155,"date":"2021-01-17T15:35:52","date_gmt":"2021-01-17T07:35:52","guid":{"rendered":"https:\/\/honwaygroup.com\/product\/phuong-phap-nhua-banh-mai-kim-cuong-va-nitride-boron\/"},"modified":"2025-11-05T11:53:26","modified_gmt":"2025-11-05T03:53:26","slug":"phuong-phap-nhua-banh-mai-kim-cuong-va-nitride-boron","status":"publish","type":"product","link":"https:\/\/honwaygroup.com\/vi\/product\/phuong-phap-nhua-banh-mai-kim-cuong-va-nitride-boron\/","title":{"rendered":"\u0110\u00e1 m\u00e0i kim c\u01b0\u01a1ng v\u00e0 nitrua bo g\u1ed1c nh\u1ef1a"},"content":{"rendered":"<h3><strong>\u0110\u00e1 m\u00e0i kim c\u01b0\u01a1ng v\u00e0 nitrua bo g\u1ed1c nh\u1ef1a<\/strong><\/h3>\n<blockquote>\n<h4><strong><span class=\"red\">Honway Industrial c\u00f3 th\u1ec3 cung c\u1ea5p c\u00e1c d\u1ecbch v\u1ee5 t\u00f9y ch\u1ec9nh.<\/span><\/strong><\/h4>\n<h4><strong><span class=\"red\"> Ch\u00fang t\u00f4i c\u00f3 th\u1ec3 s\u1ea3n xu\u1ea5t c\u00e1c lo\u1ea1i \u0111\u00e1 m\u00e0i kim c\u01b0\u01a1ng v\u00e0 CBN \u0111\u01b0\u1ee3c x\u1eed l\u00fd b\u1eb1ng nh\u1ef1a <a href=\"https:\/\/kknews.cc\/zh-tw\/news\/z9ye64q.html\" rel=\"nofollow noopener\" target=\"_blank\">ph\u00f9 h\u1ee3p nh\u1ea5t <\/a>cho b\u1ea1n. <\/span><\/strong><\/h4>\n<\/blockquote>\n<h4><\/h4>\n<p><strong>C\u00e1c lo\u1ea1i \u0111\u00e1 m\u00e0i \u0111i\u1ec7n \u0111\u1ecbnh h\u00ecnh \u0111\u01b0\u1ee3c li\u1ec7t k\u00ea trong b\u1ea3ng d\u01b0\u1edbi \u0111\u00e2y \u0111\u1ec1u c\u00f3 trong kho ti\u00eau chu\u1ea9n c\u1ee7a ch\u00fang t\u00f4i.<\/strong><\/p>\n<table class=\"specTable2\" width=\"100%\">\n<tbody>\n<tr>\n<th>11A2<\/th>\n<th colspan=\"7\">Th\u00edch h\u1ee3p \u0111\u1ec3 m\u00e0i v\u00e0 \u0111\u1ecbnh h\u00ecnh d\u1ee5ng c\u1ee5 c\u1eaft cacbua vonfram tr\u00ean m\u00e1y m\u00e0i d\u1ee5ng c\u1ee5.<\/th>\n<\/tr>\n<tr>\n<th class=\"white\" rowspan=\"4\" width=\"36%\"><a href=\"https:\/\/honwaygroup.com\/wp-content\/uploads\/2021\/01\/%E6%A8%B9%E8%84%82%E6%B3%95%E9%91%BD%E7%9F%B3%E8%88%87%E6%B0%AE%E5%8C%96%E7%A1%BC%E7%A0%82%E8%BC%AA_%E5%B7%A5%E4%BD%9C%E5%8D%80%E5%9F%9F-1-%E8%A4%87%E6%9C%AC-5.webp\"><img fetchpriority=\"high\" decoding=\"async\" class=\"alignnone size-full wp-image-27548\" src=\"https:\/\/honwaygroup.com\/wp-content\/uploads\/2021\/01\/%E6%A8%B9%E8%84%82%E6%B3%95%E9%91%BD%E7%9F%B3%E8%88%87%E6%B0%AE%E5%8C%96%E7%A1%BC%E7%A0%82%E8%BC%AA_%E5%B7%A5%E4%BD%9C%E5%8D%80%E5%9F%9F-1-%E8%A4%87%E6%9C%AC-5.webp\" alt=\"\" width=\"417\" height=\"417\"><\/a><\/th>\n<th>s\u1ed1 seri<\/th>\n<th>D<\/th>\n<th>W<\/th>\n<th>X<\/th>\n<th>T<\/th>\n<th>H<\/th>\n<th>K\u00edch th\u01b0\u1edbc h\u1ea1t<\/th>\n<\/tr>\n<tr>\n<td>RD-04082A<\/td>\n<td>100<\/td>\n<td>8<\/td>\n<td>2<\/td>\n<td>40<\/td>\n<td>20<\/td>\n<td>SDC-150*<\/td>\n<\/tr>\n<tr>\n<td>RD-04103A<\/td>\n<td>100<\/td>\n<td>10<\/td>\n<td>3<\/td>\n<td>30<\/td>\n<td>20<\/td>\n<td>SDC-150*<\/td>\n<\/tr>\n<tr>\n<td>RD-04103C<\/td>\n<td>100<\/td>\n<td>10<\/td>\n<td>3<\/td>\n<td>30<\/td>\n<td>19.05<\/td>\n<td>SDC-150*<\/td>\n<\/tr>\n<\/tbody>\n<\/table>\n<table class=\"specTable2\" width=\"100%\">\n<tbody>\n<tr>\n<th>11C9<\/th>\n<th colspan=\"8\">Th\u00edch h\u1ee3p \u0111\u1ec3 m\u00e0i v\u00e0 \u0111\u1ecbnh h\u00ecnh d\u1ee5ng c\u1ee5 c\u1eaft cacbua vonfram tr\u00ean m\u00e1y m\u00e0i d\u1ee5ng c\u1ee5.<\/th>\n<\/tr>\n<tr>\n<th class=\"white\" rowspan=\"2\" width=\"36%\"><a href=\"https:\/\/honwaygroup.com\/wp-content\/uploads\/2021\/01\/%E6%A8%B9%E8%84%82%E6%B3%95%E9%91%BD%E7%9F%B3%E8%88%87%E6%B0%AE%E5%8C%96%E7%A1%BC%E7%A0%82%E8%BC%AA_%E5%B7%A5%E4%BD%9C%E5%8D%80%E5%9F%9F-1-%E8%A4%87%E6%9C%AC-6.webp\"><img decoding=\"async\" class=\"alignnone size-full wp-image-27552\" src=\"https:\/\/honwaygroup.com\/wp-content\/uploads\/2021\/01\/%E6%A8%B9%E8%84%82%E6%B3%95%E9%91%BD%E7%9F%B3%E8%88%87%E6%B0%AE%E5%8C%96%E7%A1%BC%E7%A0%82%E8%BC%AA_%E5%B7%A5%E4%BD%9C%E5%8D%80%E5%9F%9F-1-%E8%A4%87%E6%9C%AC-6.webp\" alt=\"\" width=\"417\" height=\"417\"><\/a><\/th>\n<th>s\u1ed1 seri<\/th>\n<th>D<\/th>\n<th>W<\/th>\n<th>X<\/th>\n<th>U<\/th>\n<th>T<\/th>\n<th>H<\/th>\n<th>K\u00edch th\u01b0\u1edbc h\u1ea1t<\/th>\n<\/tr>\n<tr>\n<td>RD-04815A<\/td>\n<td>100<\/td>\n<td>8<\/td>\n<td>1<\/td>\n<td>5<\/td>\n<td>40<\/td>\n<td>20<\/td>\n<td>SDC-150*<\/td>\n<\/tr>\n<\/tbody>\n<\/table>\n<table class=\"specTable2\" width=\"100%\">\n<tbody>\n<tr>\n<th>12Y9C<\/th>\n<th colspan=\"10\">Th\u00edch h\u1ee3p cho m\u00e1y m\u00e0i d\u1ee5ng c\u1ee5 ti\u1ec7n t\u1ef1 \u0111\u1ed9ng v\u00e0 m\u00e1y m\u00e0i d\u1ee5ng c\u1ee5 ti\u1ec7n cacbua vonfram.<\/th>\n<\/tr>\n<tr>\n<th class=\"white\" rowspan=\"4\" width=\"36%\"><a href=\"https:\/\/honwaygroup.com\/wp-content\/uploads\/2021\/01\/%E6%A8%B9%E8%84%82%E6%B3%95%E9%91%BD%E7%9F%B3%E8%88%87%E6%B0%AE%E5%8C%96%E7%A1%BC%E7%A0%82%E8%BC%AA_%E5%B7%A5%E4%BD%9C%E5%8D%80%E5%9F%9F-1-%E8%A4%87%E6%9C%AC-8.webp\"><img decoding=\"async\" class=\"alignnone size-full wp-image-27556\" src=\"https:\/\/honwaygroup.com\/wp-content\/uploads\/2021\/01\/%E6%A8%B9%E8%84%82%E6%B3%95%E9%91%BD%E7%9F%B3%E8%88%87%E6%B0%AE%E5%8C%96%E7%A1%BC%E7%A0%82%E8%BC%AA_%E5%B7%A5%E4%BD%9C%E5%8D%80%E5%9F%9F-1-%E8%A4%87%E6%9C%AC-8.webp\" alt=\"\" width=\"417\" height=\"417\"><\/a><\/th>\n<th>s\u1ed1 seri<\/th>\n<th>D<\/th>\n<th>W<\/th>\n<th>U<\/th>\n<th>X<\/th>\n<th>T<\/th>\n<th>H<\/th>\n<th>V<\/th>\n<th>h\u00ecnh d\u1ea1ng<\/th>\n<th>K\u00edch th\u01b0\u1edbc h\u1ea1t<\/th>\n<\/tr>\n<tr>\n<td>RD-05815A<\/td>\n<td>125<\/td>\n<td>8<\/td>\n<td>&#8211;<\/td>\n<td>1<\/td>\n<td>16<\/td>\n<td>25<\/td>\n<td>&#8211;<\/td>\n<td>12A2C<\/td>\n<td>SDC-400*<\/td>\n<\/tr>\n<tr>\n<td>RD-05815B<\/td>\n<td>125<\/td>\n<td>8<\/td>\n<td>5<\/td>\n<td>1<\/td>\n<td>16<\/td>\n<td>25<\/td>\n<td>60\u00b0<\/td>\n<td>12Y9C<\/td>\n<td>SDC-600*<\/td>\n<\/tr>\n<tr>\n<td>RD-08815C<\/td>\n<td>125<\/td>\n<td>8<\/td>\n<td>5<\/td>\n<td>1<\/td>\n<td>16<\/td>\n<td>25<\/td>\n<td>45\u00b0<\/td>\n<td>12Y9C<\/td>\n<td>SDC-400*<\/td>\n<\/tr>\n<\/tbody>\n<\/table>\n<table class=\"specTable2\" width=\"100%\">\n<tbody>\n<tr>\n<th>1A1<\/p>\n<p><a href=\"https:\/\/honwaygroup.com\/wp-content\/uploads\/2021\/01\/%E6%A8%B9%E8%84%82%E6%B3%95%E9%91%BD%E7%9F%B3%E8%88%87%E6%B0%AE%E5%8C%96%E7%A1%BC%E7%A0%82%E8%BC%AA_%E5%B7%A5%E4%BD%9C%E5%8D%80%E5%9F%9F-1-%E8%A4%87%E6%9C%AC-9.webp\"><img loading=\"lazy\" decoding=\"async\" class=\"alignnone size-full wp-image-27560\" src=\"https:\/\/honwaygroup.com\/wp-content\/uploads\/2021\/01\/%E6%A8%B9%E8%84%82%E6%B3%95%E9%91%BD%E7%9F%B3%E8%88%87%E6%B0%AE%E5%8C%96%E7%A1%BC%E7%A0%82%E8%BC%AA_%E5%B7%A5%E4%BD%9C%E5%8D%80%E5%9F%9F-1-%E8%A4%87%E6%9C%AC-9.webp\" alt=\"\" width=\"417\" height=\"417\"><\/a><\/th>\n<th colspan=\"8\">Th\u00edch h\u1ee3p cho m\u00e1y m\u00e0i b\u1ec1 m\u1eb7t, m\u00e0i cacbua vonfram, g\u1ed1m (SDC) ho\u1eb7c th\u00e9p c\u1ee9ng (BC)<\/th>\n<\/tr>\n<tr>\n<th class=\"white\" rowspan=\"12\" width=\"36%\">14A1<\/p>\n<p><a href=\"https:\/\/honwaygroup.com\/wp-content\/uploads\/2021\/01\/%E6%A8%B9%E8%84%82%E6%B3%95%E9%91%BD%E7%9F%B3%E8%88%87%E6%B0%AE%E5%8C%96%E7%A1%BC%E7%A0%82%E8%BC%AA_%E5%B7%A5%E4%BD%9C%E5%8D%80%E5%9F%9F-1-%E8%A4%87%E6%9C%AC-10.webp\"><img loading=\"lazy\" decoding=\"async\" class=\"alignnone size-full wp-image-27564\" src=\"https:\/\/honwaygroup.com\/wp-content\/uploads\/2021\/01\/%E6%A8%B9%E8%84%82%E6%B3%95%E9%91%BD%E7%9F%B3%E8%88%87%E6%B0%AE%E5%8C%96%E7%A1%BC%E7%A0%82%E8%BC%AA_%E5%B7%A5%E4%BD%9C%E5%8D%80%E5%9F%9F-1-%E8%A4%87%E6%9C%AC-10.webp\" alt=\"\" width=\"417\" height=\"417\"><\/a><\/th>\n<th>s\u1ed1 seri<\/th>\n<th>D<\/th>\n<th>U<\/th>\n<th>X<\/th>\n<th>T<\/th>\n<th>H<\/th>\n<th>h\u00ecnh d\u1ea1ng<\/th>\n<th>K\u00edch th\u01b0\u1edbc h\u1ea1t<\/th>\n<\/tr>\n<tr>\n<td>RD-06033A<\/td>\n<td>150<\/td>\n<td>3<\/td>\n<td>3<\/td>\n<td>10<\/td>\n<td>31.75<\/td>\n<td>14A1<\/td>\n<td>SDC-150*<\/td>\n<\/tr>\n<tr>\n<td>RB-06033A<\/td>\n<td>150<\/td>\n<td>3<\/td>\n<td>3<\/td>\n<td>10<\/td>\n<td>31.75<\/td>\n<td>14A1<\/td>\n<td>BC-150*<\/td>\n<\/tr>\n<tr>\n<td>RD-06063A<\/td>\n<td>150<\/td>\n<td>6<\/td>\n<td>3<\/td>\n<td>10<\/td>\n<td>31.75<\/td>\n<td>14A1<\/td>\n<td>SDC-150*<\/td>\n<\/tr>\n<tr>\n<td>RB-06063A<\/td>\n<td>150<\/td>\n<td>6<\/td>\n<td>3<\/td>\n<td>10<\/td>\n<td>31.75<\/td>\n<td>14A1<\/td>\n<td>BC-150*<\/td>\n<\/tr>\n<tr>\n<td>RD-06083A<\/td>\n<td>150<\/td>\n<td>8<\/td>\n<td>3<\/td>\n<td>10<\/td>\n<td>31.75<\/td>\n<td>14A1<\/td>\n<td>SDC-150*<\/td>\n<\/tr>\n<tr>\n<td>RD-06103A<\/td>\n<td>150<\/td>\n<td>&#8211;<\/td>\n<td>3<\/td>\n<td>10<\/td>\n<td>31.75<\/td>\n<td>1A1<\/td>\n<td>SDC-150*<\/td>\n<\/tr>\n<tr>\n<td>RB-06103A<\/td>\n<td>150<\/td>\n<td>&#8211;<\/td>\n<td>3<\/td>\n<td>10<\/td>\n<td>31.75<\/td>\n<td>1A1<\/td>\n<td>BC-150*<\/td>\n<\/tr>\n<tr>\n<td>RD-07063A<\/td>\n<td>175<\/td>\n<td>6<\/td>\n<td>3<\/td>\n<td>10<\/td>\n<td>31.75<\/td>\n<td>14A1<\/td>\n<td>SDC-150*<\/td>\n<\/tr>\n<tr>\n<td>RD-07103A<\/td>\n<td>175<\/td>\n<td>&#8211;<\/td>\n<td>3<\/td>\n<td>10<\/td>\n<td>31.75<\/td>\n<td>1A1<\/td>\n<td>SDC-150*<\/td>\n<\/tr>\n<tr>\n<td>RB-07103A<\/td>\n<td>175<\/td>\n<td>&#8211;<\/td>\n<td>3<\/td>\n<td>10<\/td>\n<td>31.75<\/td>\n<td>1A1<\/td>\n<td>BC-150*<\/td>\n<\/tr>\n<tr>\n<td>RB-07133A<\/td>\n<td>175<\/td>\n<td>&#8211;<\/td>\n<td>3<\/td>\n<td>13<\/td>\n<td>31.75<\/td>\n<td>1A1<\/td>\n<td>BC-150*<\/td>\n<\/tr>\n<\/tbody>\n<\/table>\n<table class=\"specTable2\" width=\"100%\">\n<tbody>\n<tr>\n<th>1A1R<\/th>\n<th colspan=\"6\">Th\u00edch h\u1ee3p cho m\u00e1y m\u00e0i b\u1ec1 m\u1eb7t (l\u1ed7 \u00d831,75) ho\u1eb7c m\u00e1y c\u1eaft \u0111\u1ed9t (l\u1ed7 \u00d819,05) \u0111\u1ec3 c\u1eaft cacbua vonfram, g\u1ed1m (SDC) ho\u1eb7c th\u00e9p c\u1ee9ng (BC)<\/th>\n<\/tr>\n<tr>\n<th class=\"white\" rowspan=\"4\" width=\"36%\"><a href=\"https:\/\/honwaygroup.com\/wp-content\/uploads\/2021\/01\/%E6%A8%B9%E8%84%82%E6%B3%95%E9%91%BD%E7%9F%B3%E8%88%87%E6%B0%AE%E5%8C%96%E7%A1%BC%E7%A0%82%E8%BC%AA_%E5%B7%A5%E4%BD%9C%E5%8D%80%E5%9F%9F-1-%E8%A4%87%E6%9C%AC-21.webp\"><img loading=\"lazy\" decoding=\"async\" class=\"alignnone size-full wp-image-27568\" src=\"https:\/\/honwaygroup.com\/wp-content\/uploads\/2021\/01\/%E6%A8%B9%E8%84%82%E6%B3%95%E9%91%BD%E7%9F%B3%E8%88%87%E6%B0%AE%E5%8C%96%E7%A1%BC%E7%A0%82%E8%BC%AA_%E5%B7%A5%E4%BD%9C%E5%8D%80%E5%9F%9F-1-%E8%A4%87%E6%9C%AC-21.webp\" alt=\"\" width=\"417\" height=\"417\"><\/a><\/th>\n<th>s\u1ed1 seri<\/th>\n<th>D<\/th>\n<th>T<\/th>\n<th>X<\/th>\n<th>H<\/th>\n<th>K\u00edch th\u01b0\u1edbc h\u1ea1t<\/th>\n<\/tr>\n<tr>\n<td>RD-06017A<\/td>\n<td>150<\/td>\n<td>1<\/td>\n<td>7<\/td>\n<td>31.75<\/td>\n<td>SDC-120*<\/td>\n<\/tr>\n<tr>\n<td>RB-06017A<\/td>\n<td>150<\/td>\n<td>1<\/td>\n<td>7<\/td>\n<td>31.75<\/td>\n<td>BC-120*<\/td>\n<\/tr>\n<tr>\n<td>RD-06017B<\/td>\n<td>150<\/td>\n<td>1<\/td>\n<td>7<\/td>\n<td>19.05<\/td>\n<td>SDC-120*<\/td>\n<\/tr>\n<\/tbody>\n<\/table>\n<p><strong>minh h\u1ecda:<\/strong><\/p>\n<ul class=\"main_ul\">\n<li><strong>* bi\u1ec3u th\u1ecb k\u00edch th\u01b0\u1edbc h\u1ea1t ti\u00eau chu\u1ea9n; vui l\u00f2ng ch\u1ec9 \u0111\u1ecbnh c\u00e1c k\u00edch th\u01b0\u1edbc h\u1ea1t kh\u00e1c khi \u0111\u1eb7t h\u00e0ng.<\/strong><\/li>\n<\/ul>\n<p>C\u00f3 b\u1ea5t k\u1ef3 th\u1eafc m\u1eafc n\u00e0o kh\u00f4ng? <a href=\"https:\/\/honwaygroup.com\/vi\/lien-he-voi-honway\/\">Li\u00ean h\u1ec7 v\u1edbi HonWay<\/a><\/p>\n","protected":false},"excerpt":{"rendered":"<div id=\"desWrap\">\n<ul>\n<li>Ch\u1ea5t k\u1ebft d\u00ednh nh\u1ef1a m\u1ec1m v\u00e0 \u0111\u00e0n h\u1ed3i, cho ph\u00e9p t\u1ea1o ra b\u1ec1 m\u1eb7t gia c\u00f4ng ch\u00ednh x\u00e1c h\u01a1n trong qu\u00e1 tr\u00ecnh m\u00e0i.<br \/>\nN\u00f3 c\u00f3 hi\u1ec7u su\u1ea5t m\u00e0i tuy\u1ec7t v\u1eddi, kh\u00f4ng d\u1ec5 l\u00e0m ch\u00e1y ph\u00f4i, kh\u00f4ng l\u00e0m h\u1ecfng b\u1ec1 m\u1eb7t ph\u00f4i v\u00e0 c\u00f3 kh\u1ea3 n\u0103ng t\u1ef1 m\u00e0i s\u1eafc t\u1ed1t. C\u00e1c l\u01b0\u1ee1i c\u1eaft m\u1edbi li\u00ean t\u1ee5c \u0111\u01b0\u1ee3c t\u1ea1o ra trong qu\u00e1 tr\u00ecnh m\u00e0i, v\u00e0 n\u00f3 c\u0169ng c\u00f3 th\u1ec3 \u0111\u1ea1t \u0111\u01b0\u1ee3c k\u1ebft qu\u1ea3 r\u1ea5t t\u1ed1t trong qu\u00e1 tr\u00ecnh c\u1eaft.<br \/>\nKinh nghi\u1ec7m s\u00e2u r\u1ed9ng c\u1ee7a ch\u00fang t\u00f4i cho ph\u00e9p ch\u00fang t\u00f4i t\u1ea1o ra nh\u1eefng c\u00f4ng th\u1ee9c ph\u00f9 h\u1ee3p nh\u1ea5t cho c\u00e1c \u1ee9ng d\u1ee5ng kh\u00e1c nhau.<\/li>\n<li>M\u00e0i b\u1ec1 m\u1eb7t: Th\u00edch h\u1ee3p \u0111\u1ec3 gia c\u00f4ng nhi\u1ec1u lo\u1ea1i kim lo\u1ea1i t\u1ea5m, bao g\u1ed3m cacbua vonfram, th\u00e9p khu\u00f4n (SKD11, SKD61), th\u00e9p t\u1ed1c \u0111\u1ed9 cao (HSS), g\u1ed1m s\u1ee9 ch\u00ednh x\u00e1c (nh\u00f4m oxit, silic cacbua), th\u1ea1ch anh, v.v.<\/li>\n<li>M\u00e0i d\u1ee5ng c\u1ee5 CNC: D\u1ee5ng c\u1ee5 b\u1eb1ng th\u00e9p vonfram ho\u1eb7c th\u00e9p t\u1ed1c \u0111\u1ed9 cao, m\u00e0i nhi\u1ec1u lo\u1ea1i dao phay (dao phay b\u1ed1n r\u00e3nh, dao phay hai r\u00e3nh, dao phay bi, v.v.), m\u0169i khoan, l\u01b0\u1ee1i c\u01b0a, v.v., cung c\u1ea5p r\u00e3nh, \u0111\u00e1nh b\u00f3ng c\u1ea1nh v\u00e0 b\u00e1nh m\u00e0i vi sai c\u1ea7n thi\u1ebft cho to\u00e0n b\u1ed9 qu\u00e1 tr\u00ecnh.<\/li>\n<li>M\u00e0i kh\u00f4ng t\u00e2m: Th\u00edch h\u1ee3p cho c\u00e1c thanh th\u00e9p nh\u01b0 cacbua vonfram, g\u1ed1m s\u1ee9 ch\u00ednh x\u00e1c (nh\u00f4m oxit \u0111\u1ed9 tinh khi\u1ebft cao, cacbua silic), th\u1ea1ch anh, th\u00e9p gi\u00f3, v.v. \u0110\u01b0\u1eddng k\u00ednh ngo\u00e0i t\u1ed1i \u0111a c\u00f3 th\u1ec3 \u0111\u1ea1t 610mm. C\u00f3 th\u1ec3 k\u1ebft h\u1ee3p nhi\u1ec1u k\u00edch th\u01b0\u1edbc h\u1ea1t kh\u00e1c nhau tr\u00ean m\u1ed9t b\u00e1nh m\u00e0i kh\u00f4ng t\u00e2m \u0111\u1ec3 c\u1ea3i thi\u1ec7n hi\u1ec7u qu\u1ea3 m\u00e0i.<\/li>\n<li>Quy tr\u00ecnh c\u1eaft: Ch\u1ee7 y\u1ebfu d\u00f9ng \u0111\u1ec3 c\u1eaft th\u00e9p vonfram v\u00e0 th\u00e9p thanh tr\u00f2n t\u1ed1c \u0111\u1ed9 cao, \u0111\u1ed9 d\u00e0y t\u1ed1i thi\u1ec3u 0,6mm. M\u00e1y c\u0169ng c\u00f3 th\u1ec3 c\u1eaft c\u00e1c v\u1eadt li\u1ec7u c\u1ee9ng v\u00e0 gi\u00f2n nh\u01b0 g\u1ed1m s\u1ee9 ch\u00ednh x\u00e1c v\u00e0 th\u1ea1ch anh.<\/li>\n<\/ul>\n<\/div>\n<h3><strong>T\u00f4i \u0111ang ph\u00e2n v\u00e2n gi\u1eefa kim c\u01b0\u01a1ng v\u00e0 CBN.<\/strong><\/h3>\n<ul>\n<li><a title=\"L\u00e0m th\u1ebf n\u00e0o \u0111\u1ec3 l\u1ef1a ch\u1ecdn gi\u1eefa \u0111\u00e1 m\u00e0i kim c\u01b0\u01a1ng v\u00e0 \u0111\u00e1 m\u00e0i CBN?\" href=\"https:\/\/lihi.cc\/HvGRO\" target=\"_blank\" rel=\"noopener\" aria-label=\"\u7de8\u8f2f\u3008\u947d\u77f3\u7802\u8f2a\u8207CBN\u7802\u8f2a\u600e\u9ebc\u9078\u64c7\uff1f\u3009\">L\u00e0m th\u1ebf n\u00e0o \u0111\u1ec3 l\u1ef1a ch\u1ecdn gi\u1eefa \u0111\u00e1 m\u00e0i kim c\u01b0\u01a1ng v\u00e0 \u0111\u00e1 m\u00e0i CBN?<\/a><\/li>\n<\/ul>\n<h5><strong><span style=\"color: #ff0000; font-size: 19.2px;\">\u25b2 Vui l\u00f2ng nh\u1eafn tin ri\u00eang cho b\u1ed9 ph\u1eadn ch\u0103m s\u00f3c kh\u00e1ch h\u00e0ng \u0111\u1ec3 h\u1ecfi gi\u00e1.<\/span><\/strong><\/h5>\n<h5><strong><span style=\"color: #ff0000; font-size: 19.2px;\">\u25b2<\/span><\/strong><strong><span style=\"color: #ff0000; font-size: 19.2px;\"> N\u1ebfu c\u1ea7n k\u00edch th\u01b0\u1edbc t\u00f9y ch\u1ec9nh, vui l\u00f2ng li\u00ean h\u1ec7 b\u1ed9 ph\u1eadn ch\u0103m s\u00f3c kh\u00e1ch h\u00e0ng.<\/span><\/strong><\/h5>\n<h5><strong><span style=\"color: #ff0000; font-size: 19.2px;\">\u25b2 \u0110\u1eb7t h\u00e0ng s\u1ed1 l\u01b0\u1ee3ng l\u1edbn c\u00f3 th\u1ec3 \u0111\u01b0\u1ee3c h\u01b0\u1edfng chi\u1ebft kh\u1ea5u \u01b0u \u0111\u00e3i, vui l\u00f2ng li\u00ean h\u1ec7 b\u1ed9 ph\u1eadn ch\u0103m s\u00f3c kh\u00e1ch h\u00e0ng \u0111\u1ec3 bi\u1ebft th\u00eam chi ti\u1ebft.<br \/>\n<\/span><\/strong><\/h5>\n<h5><strong><span style=\"color: #ff0000;\">\u25b2 Vui l\u00f2ng li\u00ean h\u1ec7 b\u1ed9 ph\u1eadn ch\u0103m s\u00f3c kh\u00e1ch h\u00e0ng \u0111\u1ec3 h\u1ecfi v\u1ec1 th\u1eddi gian giao h\u00e0ng c\u1ee7a \u0111\u01a1n \u0111\u1eb7t h\u00e0ng<\/span>:<a href=\"https:\/\/honwaygroup.com\/vi\/lien-he-voi-honway\/\"> Li\u00ean h\u1ec7 HonWay.<\/a><\/strong><\/h5>\n","protected":false},"featured_media":84156,"template":"","meta":{"site-sidebar-layout":"default","site-content-layout":"default","ast-site-content-layout":"default","site-content-style":"default","site-sidebar-style":"default","ast-global-header-display":"","ast-banner-title-visibility":"","ast-main-header-display":"","ast-hfb-above-header-display":"","ast-hfb-below-header-display":"","ast-hfb-mobile-header-display":"","site-post-title":"","ast-breadcrumbs-content":"","ast-featured-img":"","footer-sml-layout":"","ast-disable-related-posts":"","theme-transparent-header-meta":"default","adv-header-id-meta":"","stick-header-meta":"default","header-above-stick-meta":"","header-main-stick-meta":"","header-below-stick-meta":"","astra-migrate-meta-layouts":"default","ast-page-background-enabled":"default","ast-page-background-meta":{"desktop":{"background-color":"var(--ast-global-color-5)","background-image":"","background-repeat":"repeat","background-position":"center center","background-size":"auto","background-attachment":"scroll","background-type":"","background-media":"","overlay-type":"","overlay-color":"","overlay-opacity":"","overlay-gradient":""},"tablet":{"background-color":"","background-image":"","background-repeat":"repeat","background-position":"center center","background-size":"auto","background-attachment":"scroll","background-type":"","background-media":"","overlay-type":"","overlay-color":"","overlay-opacity":"","overlay-gradient":""},"mobile":{"background-color":"","background-image":"","background-repeat":"repeat","background-position":"center center","background-size":"auto","background-attachment":"scroll","background-type":"","background-media":"","overlay-type":"","overlay-color":"","overlay-opacity":"","overlay-gradient":""}},"ast-content-background-meta":{"desktop":{"background-color":"var(--ast-global-color-4)","background-image":"","background-repeat":"repeat","background-position":"center center","background-size":"auto","background-attachment":"scroll","background-type":"","background-media":"","overlay-type":"","overlay-color":"","overlay-opacity":"","overlay-gradient":""},"tablet":{"background-color":"var(--ast-global-color-4)","background-image":"","background-repeat":"repeat","background-position":"center center","background-size":"auto","background-attachment":"scroll","background-type":"","background-media":"","overlay-type":"","overlay-color":"","overlay-opacity":"","overlay-gradient":""},"mobile":{"background-color":"var(--ast-global-color-4)","background-image":"","background-repeat":"repeat","background-position":"center center","background-size":"auto","background-attachment":"scroll","background-type":"","background-media":"","overlay-type":"","overlay-color":"","overlay-opacity":"","overlay-gradient":""}}},"product_brand":[],"product_cat":[4389,4392],"product_tag":[4842],"class_list":{"0":"post-84155","1":"product","2":"type-product","3":"status-publish","4":"has-post-thumbnail","6":"product_cat-cong-cu-kim-cuong","7":"product_cat-banh-mai-kim-cuong-va-nitrua-boron","8":"product_tag--vi","9":"desktop-align-left","10":"tablet-align-left","11":"mobile-align-left","12":"ast-product-gallery-layout-horizontal-slider","13":"ast-product-gallery-with-no-image","14":"ast-product-tabs-layout-horizontal","16":"first","17":"instock","18":"taxable","19":"shipping-taxable","20":"product-type-simple"},"_links":{"self":[{"href":"https:\/\/honwaygroup.com\/vi\/wp-json\/wp\/v2\/product\/84155","targetHints":{"allow":["GET"]}}],"collection":[{"href":"https:\/\/honwaygroup.com\/vi\/wp-json\/wp\/v2\/product"}],"about":[{"href":"https:\/\/honwaygroup.com\/vi\/wp-json\/wp\/v2\/types\/product"}],"version-history":[{"count":0,"href":"https:\/\/honwaygroup.com\/vi\/wp-json\/wp\/v2\/product\/84155\/revisions"}],"wp:featuredmedia":[{"embeddable":true,"href":"https:\/\/honwaygroup.com\/vi\/wp-json\/wp\/v2\/media\/84156"}],"wp:attachment":[{"href":"https:\/\/honwaygroup.com\/vi\/wp-json\/wp\/v2\/media?parent=84155"}],"wp:term":[{"taxonomy":"product_brand","embeddable":true,"href":"https:\/\/honwaygroup.com\/vi\/wp-json\/wp\/v2\/product_brand?post=84155"},{"taxonomy":"product_cat","embeddable":true,"href":"https:\/\/honwaygroup.com\/vi\/wp-json\/wp\/v2\/product_cat?post=84155"},{"taxonomy":"product_tag","embeddable":true,"href":"https:\/\/honwaygroup.com\/vi\/wp-json\/wp\/v2\/product_tag?post=84155"}],"curies":[{"name":"wp","href":"https:\/\/api.w.org\/{rel}","templated":true}]}}