{"id":84153,"date":"2021-01-17T15:41:00","date_gmt":"2021-01-17T07:41:00","guid":{"rendered":"https:\/\/honwaygroup.com\/product\/phuong-phap-kim-loai-banh-mai-kim-cuong-va-nitride-boron\/"},"modified":"2021-01-17T15:41:00","modified_gmt":"2021-01-17T07:41:00","slug":"phuong-phap-kim-loai-banh-mai-kim-cuong-va-nitride-boron","status":"publish","type":"product","link":"https:\/\/honwaygroup.com\/vi\/product\/phuong-phap-kim-loai-banh-mai-kim-cuong-va-nitride-boron\/","title":{"rendered":"Ph\u01b0\u01a1ng ph\u00e1p kim lo\u1ea1i: B\u00e1nh m\u00e0i kim c\u01b0\u01a1ng v\u00e0 nitride boron"},"content":{"rendered":"<blockquote>\n<h4><strong>HONWAY can provide customized services. <\/strong><\/h4>\n<h4><strong>We can make the most suitable metal method diamond and CBN grinding wheels for you.<\/strong><\/h4>\n<\/blockquote>\n<h4><strong>Please specify the following when ordering grinding wheels.<\/strong><\/h4>\n<ul>\n<li>The shape of the grinding wheel and the dimensions of each part: such as1A1\u300114A1<\/li>\n<li>Type of abrasive: Diamond or Boron Nitride<a href=\"https:\/\/zh.wikipedia.org\/wiki\/%E6%B0%AE%E5%8C%96%E7%A1%BC\" rel=\"nofollow noopener\" target=\"_blank\"><\/a><\/li>\n<li>Grit: e.g:#150<\/li>\n<li>Concentration: e.g:C-75<\/li>\n<li>Binders: e.g. resin binders or metal binders.<\/li>\n<li>Cooling method: dry grinding or wet grinding<\/li>\n<li>Quantity and delivery time:<\/li>\n<li>RPM and processing conditions:<\/li>\n<li>Most manufacturers label their grinding wheels with the following information:<\/li>\n<\/ul>\n<table class=\"specTable\" width=\"100%\">\n<tbody>\n<tr>\n<th>Abrasive Type<\/th>\n<th>150<br \/>\nGrit<\/th>\n<th>N<br \/>\nBonding degree<\/th>\n<th>75<br \/>\nConcentration<\/th>\n<th>R<br \/>\nBond<\/th>\n<th>3.0<br \/>\nAbrasive layer thickness<\/th>\n<\/tr>\n<tr>\n<td>D: Natural diamond<br \/>\nSD: Synthetic diamond<br \/>\nSDC: Synthetic metal coated diamond<br \/>\nB:Boron nitride<br \/>\nBC: Metal coated boron nitride<\/td>\n<td>#60<br \/>\n#80<br \/>\n#100<br \/>\n#150<br \/>\n#200<br \/>\n#270<br \/>\n#325<br \/>\n#400<br \/>\n#600<\/td>\n<td>J \/ Soft<br \/>\nL<br \/>\nN<br \/>\nP<br \/>\nR \/ Hard<\/td>\n<td>25<br \/>\n50<br \/>\n75<br \/>\n100<br \/>\n125<br \/>\n150<\/td>\n<td>R: Resin bond<br \/>\nM: Metal bond<br \/>\nP: Electroplated<br \/>\nV: Vitrified<\/td>\n<td>1.0mm<br \/>\n1.5mm<br \/>\n2.0mm<br \/>\n3.0mm<br \/>\n5.0mm<br \/>\n10.0mm<\/td>\n<\/tr>\n<\/tbody>\n<\/table>\n<p>Any questions? <a href=\"https:\/\/honwaygroup.com\/vi\/lien-he-voi-honway\/\">Contact HonWay<\/a><\/p>\n","protected":false},"excerpt":{"rendered":"<div id=\"desWrap\">\n<ul>\n<li>B\u00e1nh m\u00e0i kim lo\u1ea1i c\u00f3 kh\u1ea3 n\u0103ng duy tr\u00ec h\u00ecnh d\u1ea1ng tuy\u1ec7t v\u1eddi v\u00e0 kh\u1ea3 n\u0103ng ch\u1ecbu m\u00e0i m\u00f2n, c\u00f3 kh\u1ea3 n\u0103ng t\u1ea3n nhi\u1ec7t v\u00e0 \u0111\u1ed9 c\u1ee9ng t\u1ed1t nh\u1ea5t, ch\u1ecbu \u0111\u01b0\u1ee3c \u00e1p l\u1ef1c m\u00e0i l\u1edbn, v\u00e0 c\u00f3 tu\u1ed5i th\u1ecd d\u00e0i khi \u0111\u01b0\u1ee3c s\u1eed d\u1ee5ng \u0111\u1ec3 x\u1eed l\u00fd c\u00e1c v\u1eadt li\u1ec7u c\u1ee9ng v\u00e0 gi\u00f2n nh\u01b0 th\u1ee7y tinh, g\u1ed1m s\u1ee9, v\u1eadt li\u1ec7u b\u00e1n d\u1eabn v\u00e0 \u0111i\u1ec7n t\u1eed.<\/li>\n<li>Th\u01b0\u1eddng \u0111\u01b0\u1ee3c s\u1eed d\u1ee5ng \u0111\u1ec3 m\u00e0i h\u1ee3p kim si\u00eau c\u1ee9ng v\u00e0 cho c\u00e1c ho\u1ea1t \u0111\u1ed9ng \u0111\u1ecbnh h\u00ecnh v\u00e0 t\u1ea1o \u0111\u01b0\u1eddng vi\u1ec1n, n\u01a1i h\u00ecnh d\u1ea1ng c\u1ee7a b\u00e1nh m\u00e0i ph\u1ea3i \u0111\u01b0\u1ee3c gi\u1eef nguy\u00ean.<\/li>\n<li>\u0110\u01b0\u1ee3c s\u1eed d\u1ee5ng cho c\u00e1c h\u1ee3p kim c\u1ee9ng nh\u01b0 th\u00e9p tungsten v\u00e0 c\u00e1c h\u1ee3p kim c\u1ee9ng kh\u00e1c \u0111\u1ec3 \u0111\u1ecbnh h\u00ecnh m\u1ea1nh, c\u0169ng c\u00f3 th\u1ec3 \u0111\u01b0\u1ee3c s\u1eed d\u1ee5ng cho c\u00e1c v\u1eadt li\u1ec7u c\u1ee9ng v\u00e0 gi\u00f2n (g\u1ed1m, th\u1ee7y tinh, th\u1ea1ch anh, \u0111\u00e1, sapphire, silicon, v.v.) trong c\u00e1c qu\u00e1 tr\u00ecnh m\u00e0i v\u00e0 x\u1eed l\u00fd.<\/li>\n<\/ul>\n<h5><strong><span style=\"color: #ff0000; font-size: 19.2px;\">\u25b2 Ch\u00e0o m\u1eebng qu\u00fd kh\u00e1ch nh\u1eafn tin cho b\u1ed9 ph\u1eadn ch\u0103m s\u00f3c kh\u00e1ch h\u00e0ng \u0111\u1ec3 h\u1ecfi gi\u00e1.<\/span><\/strong><\/h5>\n<h5><strong><span style=\"color: #ff0000; font-size: 19.2px;\">\u25b2 <\/span><\/strong><strong><span style=\"color: #ff0000; font-size: 19.2px;\">\u0110\u1ed1i v\u1edbi k\u00edch th\u01b0\u1edbc t\u00f9y ch\u1ec9nh, vui l\u00f2ng li\u00ean h\u1ec7 v\u1edbi b\u1ed9 ph\u1eadn ch\u0103m s\u00f3c kh\u00e1ch h\u00e0ng. <\/span><\/strong><\/h5>\n<h5><strong><span style=\"color: #ff0000; font-size: 19.2px;\">\u25b2 \u0110\u01a1n h\u00e0ng l\u1edbn c\u00f3 th\u1ec3 \u0111\u01b0\u1ee3c h\u01b0\u1edfng \u01b0u \u0111\u00e3i gi\u1ea3m gi\u00e1, vui l\u00f2ng li\u00ean h\u1ec7 v\u1edbi b\u1ed9 ph\u1eadn ch\u0103m s\u00f3c kh\u00e1ch h\u00e0ng.<br \/>\n<\/span><\/strong><\/h5>\n<h5><strong><span style=\"color: #ff0000;\">\u25b2 Vui l\u00f2ng li\u00ean h\u1ec7 b\u1ed9 ph\u1eadn ch\u0103m s\u00f3c kh\u00e1ch h\u00e0ng \u0111\u1ec3 bi\u1ebft ng\u00e0y giao h\u00e0ng<\/span>: <a href=\"https:\/\/honwaygroup.com\/vi\/lien-he-voi-honway\/\">Li\u00ean h\u1ec7 Honway.<\/a><\/strong><\/h5>\n<\/div>\n","protected":false},"featured_media":84154,"template":"","meta":{"site-sidebar-layout":"default","site-content-layout":"default","ast-site-content-layout":"default","site-content-style":"default","site-sidebar-style":"default","ast-global-header-display":"","ast-banner-title-visibility":"","ast-main-header-display":"","ast-hfb-above-header-display":"","ast-hfb-below-header-display":"","ast-hfb-mobile-header-display":"","site-post-title":"","ast-breadcrumbs-content":"","ast-featured-img":"","footer-sml-layout":"","ast-disable-related-posts":"","theme-transparent-header-meta":"default","adv-header-id-meta":"","stick-header-meta":"default","header-above-stick-meta":"","header-main-stick-meta":"","header-below-stick-meta":"","astra-migrate-meta-layouts":"default","ast-page-background-enabled":"default","ast-page-background-meta":{"desktop":{"background-color":"var(--ast-global-color-5)","background-image":"","background-repeat":"repeat","background-position":"center center","background-size":"auto","background-attachment":"scroll","background-type":"","background-media":"","overlay-type":"","overlay-color":"","overlay-opacity":"","overlay-gradient":""},"tablet":{"background-color":"","background-image":"","background-repeat":"repeat","background-position":"center center","background-size":"auto","background-attachment":"scroll","background-type":"","background-media":"","overlay-type":"","overlay-color":"","overlay-opacity":"","overlay-gradient":""},"mobile":{"background-color":"","background-image":"","background-repeat":"repeat","background-position":"center center","background-size":"auto","background-attachment":"scroll","background-type":"","background-media":"","overlay-type":"","overlay-color":"","overlay-opacity":"","overlay-gradient":""}},"ast-content-background-meta":{"desktop":{"background-color":"var(--ast-global-color-4)","background-image":"","background-repeat":"repeat","background-position":"center center","background-size":"auto","background-attachment":"scroll","background-type":"","background-media":"","overlay-type":"","overlay-color":"","overlay-opacity":"","overlay-gradient":""},"tablet":{"background-color":"var(--ast-global-color-4)","background-image":"","background-repeat":"repeat","background-position":"center center","background-size":"auto","background-attachment":"scroll","background-type":"","background-media":"","overlay-type":"","overlay-color":"","overlay-opacity":"","overlay-gradient":""},"mobile":{"background-color":"var(--ast-global-color-4)","background-image":"","background-repeat":"repeat","background-position":"center center","background-size":"auto","background-attachment":"scroll","background-type":"","background-media":"","overlay-type":"","overlay-color":"","overlay-opacity":"","overlay-gradient":""}}},"product_brand":[],"product_cat":[4392,4389],"product_tag":[5076,5008],"class_list":{"0":"post-84153","1":"product","2":"type-product","3":"status-publish","4":"has-post-thumbnail","6":"product_cat-banh-mai-kim-cuong-va-nitrua-boron","7":"product_cat-cong-cu-kim-cuong","8":"product_tag-da-mai-kim-cuong-vi","9":"product_tag-da-mai-kim-cuong-ket-hop-kim-loai","10":"desktop-align-left","11":"tablet-align-left","12":"mobile-align-left","13":"ast-product-gallery-layout-horizontal-slider","14":"ast-product-gallery-with-no-image","15":"ast-product-tabs-layout-horizontal","17":"first","18":"instock","19":"taxable","20":"shipping-taxable","21":"product-type-simple"},"_links":{"self":[{"href":"https:\/\/honwaygroup.com\/vi\/wp-json\/wp\/v2\/product\/84153","targetHints":{"allow":["GET"]}}],"collection":[{"href":"https:\/\/honwaygroup.com\/vi\/wp-json\/wp\/v2\/product"}],"about":[{"href":"https:\/\/honwaygroup.com\/vi\/wp-json\/wp\/v2\/types\/product"}],"version-history":[{"count":0,"href":"https:\/\/honwaygroup.com\/vi\/wp-json\/wp\/v2\/product\/84153\/revisions"}],"wp:featuredmedia":[{"embeddable":true,"href":"https:\/\/honwaygroup.com\/vi\/wp-json\/wp\/v2\/media\/84154"}],"wp:attachment":[{"href":"https:\/\/honwaygroup.com\/vi\/wp-json\/wp\/v2\/media?parent=84153"}],"wp:term":[{"taxonomy":"product_brand","embeddable":true,"href":"https:\/\/honwaygroup.com\/vi\/wp-json\/wp\/v2\/product_brand?post=84153"},{"taxonomy":"product_cat","embeddable":true,"href":"https:\/\/honwaygroup.com\/vi\/wp-json\/wp\/v2\/product_cat?post=84153"},{"taxonomy":"product_tag","embeddable":true,"href":"https:\/\/honwaygroup.com\/vi\/wp-json\/wp\/v2\/product_tag?post=84153"}],"curies":[{"name":"wp","href":"https:\/\/api.w.org\/{rel}","templated":true}]}}