{"id":84148,"date":"2021-01-17T15:48:31","date_gmt":"2021-01-17T07:48:31","guid":{"rendered":"https:\/\/honwaygroup.com\/product\/banh-mai-gom-kim-cuong-va-nitride-boron\/"},"modified":"2021-01-17T15:48:31","modified_gmt":"2021-01-17T07:48:31","slug":"banh-mai-gom-kim-cuong-va-nitride-boron","status":"publish","type":"product","link":"https:\/\/honwaygroup.com\/vi\/product\/banh-mai-gom-kim-cuong-va-nitride-boron\/","title":{"rendered":"B\u00e1nh m\u00e0i g\u1ed1m kim c\u01b0\u01a1ng v\u00e0 nitride boron."},"content":{"rendered":"<blockquote>\n<h4><strong>HONWAY can provide customized services. <\/strong><\/h4>\n<h4><strong>We can make the most suitable ceramic diamond and CBN grinding wheels for you.<\/strong><\/h4>\n<\/blockquote>\n<h4><strong>Please specify the following when ordering grinding wheels.<\/strong><\/h4>\n<ul>\n<li>The shape of the grinding wheel and the dimensions of each part: such as1A1\u3001 14A1<\/li>\n<li>Type of abrasive: Diamond or <a href=\"https:\/\/zh.wikipedia.org\/wiki\/%E6%B0%AE%E5%8C%96%E7%A1%BC\" rel=\"nofollow noopener\" target=\"_blank\">Boron Nitride<\/a><\/li>\n<li>Grit: e.g: #150<\/li>\n<li>Concentration: e.g:C-75<\/li>\n<li>Binders: e.g.: resin binders or metal binders<\/li>\n<li>Cooling method: dry or wet grinding<\/li>\n<li>Quantity and delivery time:<\/li>\n<li>RPM and processing conditions:<\/li>\n<li>Most manufacturers label their grinding wheels with the following information:<\/li>\n<\/ul>\n<table class=\"specTable\" width=\"100%\">\n<tbody>\n<tr>\n<th>Abrasive Type<\/th>\n<th>150<br \/>\nGrit<\/th>\n<th>N<br \/>\nBonding degree<\/th>\n<th>75<br \/>\nConcentration<\/th>\n<th>R<br \/>\nBond<\/th>\n<th>3.0<br \/>\nAbrasive layer thickness<\/th>\n<\/tr>\n<tr>\n<td>D: Natural diamond<br \/>\nSD: Synthetic diamond<br \/>\nSDC: Synthetic metal coated diamond<br \/>\nB:Boron nitride<br \/>\nBC: Metal coated boron nitride<\/td>\n<td>#60<br \/>\n#80<br \/>\n#100<br \/>\n#150<br \/>\n#200<br \/>\n#270<br \/>\n#325<br \/>\n#400<br \/>\n#600<\/td>\n<td>J \/ Soft<br \/>\nL<br \/>\nN<br \/>\nP<br \/>\nR \/ Hard<\/td>\n<td>25<br \/>\n50<br \/>\n75<br \/>\n100<br \/>\n125<br \/>\n150<\/td>\n<td>R: Resin bond<br \/>\nM: Metal bond<br \/>\nP: Electroplated<br \/>\nV: Vitrified<\/td>\n<td>1.0mm<br \/>\n1.5mm<br \/>\n2.0mm<br \/>\n3.0mm<br \/>\n5.0mm<br \/>\n10.0mm<\/td>\n<\/tr>\n<\/tbody>\n<\/table>\n<p>Any questions? <a href=\"https:\/\/honwaygroup.com\/vi\/lien-he-voi-honway\/\">Contact HonWay<\/a><\/p>\n","protected":false},"excerpt":{"rendered":"<div id=\"desWrap\">\n<ul>\n<li>Li\u00ean k\u1ebft g\u1ed1m l\u00e0 m\u1ed9t c\u1ea5u tr\u00fac x\u1ed1p, gi\u00fap b\u00e1nh m\u00e0i c\u00f3 \u0111\u1ed9 s\u1eafc b\u00e9n t\u1ed1t h\u01a1n v\u00e0 gia c\u00f4ng ch\u00ednh x\u00e1c cao. Ch\u1ea5t k\u1ebft d\u00ednh g\u1ed1m kh\u00f4ng \u0111\u00e0n h\u1ed3i v\u00e0 ph\u00f9 h\u1ee3p h\u01a1n cho c\u00e1c quy tr\u00ecnh m\u00e0i ch\u00ednh x\u00e1c cao.<br \/>\nTh\u01b0\u1eddng \u0111\u01b0\u1ee3c s\u1eed d\u1ee5ng trong x\u1eed l\u00fd c\u00e1c v\u1eadt li\u1ec7u c\u1ee9ng v\u00e0 gi\u00f2n nh\u01b0 PCD, PCBN k\u1ebft kh\u1ed1i, g\u1ed1m s\u1ee9, sapphire, v.v., c\u00e1c b\u1ed9 ph\u1eadn \u00f4 t\u00f4 v\u00e0 xe m\u00e1y, c\u0169ng nh\u01b0 c\u00e1c b\u1ed9 ph\u1eadn v\u00f2ng bi.<\/li>\n<li>\u0110\u01b0\u1ee3c s\u1eed d\u1ee5ng cho t\u1ea5t c\u1ea3 c\u00e1c quy tr\u00ecnh m\u00e0i v\u1eadt li\u1ec7u c\u1ee9ng v\u00e0 gi\u00f2n (g\u1ed1m, th\u1ee7y tinh, th\u1ea1ch anh, \u0111\u00e1, sapphire, silicon, v.v.) v\u00e0 c\u00e1c quy tr\u00ecnh m\u00e0i th\u00e9p t\u1ed1c \u0111\u1ed9 cao ho\u1eb7c v\u1eadt li\u1ec7u \u0111\u00e3 qua x\u1eed l\u00fd nhi\u1ec7t. Ngo\u00e0i ra, c\u00f2n c\u00f3 b\u00e1nh m\u00e0i \u0111\u1eb7c bi\u1ec7t cho qu\u00e1 tr\u00ecnh m\u00e0i ch\u00ednh x\u00e1c l\u1ed7.<\/li>\n<\/ul>\n<h5><strong><span style=\"color: #ff0000; font-size: 19.2px;\">\u25b2 Ch\u00e0o m\u1eebng qu\u00fd kh\u00e1ch nh\u1eafn tin cho b\u1ed9 ph\u1eadn ch\u0103m s\u00f3c kh\u00e1ch h\u00e0ng \u0111\u1ec3 h\u1ecfi gi\u00e1.<\/span><\/strong><\/h5>\n<h5><strong><span style=\"color: #ff0000; font-size: 19.2px;\">\u25b2 <\/span><\/strong><strong><span style=\"color: #ff0000; font-size: 19.2px;\">\u0110\u1ed1i v\u1edbi k\u00edch th\u01b0\u1edbc t\u00f9y ch\u1ec9nh, vui l\u00f2ng li\u00ean h\u1ec7 v\u1edbi b\u1ed9 ph\u1eadn ch\u0103m s\u00f3c kh\u00e1ch h\u00e0ng. <\/span><\/strong><\/h5>\n<h5><strong><span style=\"color: #ff0000; font-size: 19.2px;\">\u25b2 \u0110\u01a1n h\u00e0ng l\u1edbn c\u00f3 th\u1ec3 \u0111\u01b0\u1ee3c h\u01b0\u1edfng \u01b0u \u0111\u00e3i gi\u1ea3m gi\u00e1, vui l\u00f2ng li\u00ean h\u1ec7 v\u1edbi b\u1ed9 ph\u1eadn ch\u0103m s\u00f3c kh\u00e1ch h\u00e0ng.<br \/>\n<\/span><\/strong><\/h5>\n<h5><strong><span style=\"color: #ff0000;\">\u25b2 Vui l\u00f2ng li\u00ean h\u1ec7 b\u1ed9 ph\u1eadn ch\u0103m s\u00f3c kh\u00e1ch h\u00e0ng \u0111\u1ec3 bi\u1ebft ng\u00e0y giao h\u00e0ng<\/span>: <a href=\"https:\/\/honwaygroup.com\/vi\/lien-he-voi-honway\/\">Li\u00ean h\u1ec7 Honway.<\/a><\/strong><\/h5>\n<\/div>\n","protected":false},"featured_media":0,"template":"","meta":{"site-sidebar-layout":"default","site-content-layout":"default","ast-site-content-layout":"default","site-content-style":"default","site-sidebar-style":"default","ast-global-header-display":"","ast-banner-title-visibility":"","ast-main-header-display":"","ast-hfb-above-header-display":"","ast-hfb-below-header-display":"","ast-hfb-mobile-header-display":"","site-post-title":"","ast-breadcrumbs-content":"","ast-featured-img":"","footer-sml-layout":"","ast-disable-related-posts":"","theme-transparent-header-meta":"default","adv-header-id-meta":"","stick-header-meta":"default","header-above-stick-meta":"","header-main-stick-meta":"","header-below-stick-meta":"","astra-migrate-meta-layouts":"default","ast-page-background-enabled":"default","ast-page-background-meta":{"desktop":{"background-color":"var(--ast-global-color-5)","background-image":"","background-repeat":"repeat","background-position":"center center","background-size":"auto","background-attachment":"scroll","background-type":"","background-media":"","overlay-type":"","overlay-color":"","overlay-opacity":"","overlay-gradient":""},"tablet":{"background-color":"","background-image":"","background-repeat":"repeat","background-position":"center center","background-size":"auto","background-attachment":"scroll","background-type":"","background-media":"","overlay-type":"","overlay-color":"","overlay-opacity":"","overlay-gradient":""},"mobile":{"background-color":"","background-image":"","background-repeat":"repeat","background-position":"center center","background-size":"auto","background-attachment":"scroll","background-type":"","background-media":"","overlay-type":"","overlay-color":"","overlay-opacity":"","overlay-gradient":""}},"ast-content-background-meta":{"desktop":{"background-color":"var(--ast-global-color-4)","background-image":"","background-repeat":"repeat","background-position":"center center","background-size":"auto","background-attachment":"scroll","background-type":"","background-media":"","overlay-type":"","overlay-color":"","overlay-opacity":"","overlay-gradient":""},"tablet":{"background-color":"var(--ast-global-color-4)","background-image":"","background-repeat":"repeat","background-position":"center center","background-size":"auto","background-attachment":"scroll","background-type":"","background-media":"","overlay-type":"","overlay-color":"","overlay-opacity":"","overlay-gradient":""},"mobile":{"background-color":"var(--ast-global-color-4)","background-image":"","background-repeat":"repeat","background-position":"center center","background-size":"auto","background-attachment":"scroll","background-type":"","background-media":"","overlay-type":"","overlay-color":"","overlay-opacity":"","overlay-gradient":""}}},"product_brand":[],"product_cat":[4392,4389],"product_tag":[5076,5096],"class_list":{"0":"post-84148","1":"product","2":"type-product","3":"status-publish","5":"product_cat-banh-mai-kim-cuong-va-nitrua-boron","6":"product_cat-cong-cu-kim-cuong","7":"product_tag-da-mai-kim-cuong-vi","8":"product_tag-da-mai-kim-cuong-ket-hop-gom-su","9":"desktop-align-left","10":"tablet-align-left","11":"mobile-align-left","12":"ast-product-gallery-layout-horizontal-slider","13":"ast-product-gallery-with-no-image","14":"ast-product-tabs-layout-horizontal","16":"first","17":"instock","18":"taxable","19":"shipping-taxable","20":"product-type-simple"},"_links":{"self":[{"href":"https:\/\/honwaygroup.com\/vi\/wp-json\/wp\/v2\/product\/84148","targetHints":{"allow":["GET"]}}],"collection":[{"href":"https:\/\/honwaygroup.com\/vi\/wp-json\/wp\/v2\/product"}],"about":[{"href":"https:\/\/honwaygroup.com\/vi\/wp-json\/wp\/v2\/types\/product"}],"version-history":[{"count":0,"href":"https:\/\/honwaygroup.com\/vi\/wp-json\/wp\/v2\/product\/84148\/revisions"}],"wp:attachment":[{"href":"https:\/\/honwaygroup.com\/vi\/wp-json\/wp\/v2\/media?parent=84148"}],"wp:term":[{"taxonomy":"product_brand","embeddable":true,"href":"https:\/\/honwaygroup.com\/vi\/wp-json\/wp\/v2\/product_brand?post=84148"},{"taxonomy":"product_cat","embeddable":true,"href":"https:\/\/honwaygroup.com\/vi\/wp-json\/wp\/v2\/product_cat?post=84148"},{"taxonomy":"product_tag","embeddable":true,"href":"https:\/\/honwaygroup.com\/vi\/wp-json\/wp\/v2\/product_tag?post=84148"}],"curies":[{"name":"wp","href":"https:\/\/api.w.org\/{rel}","templated":true}]}}