{"id":84146,"date":"2021-01-17T15:54:33","date_gmt":"2021-01-17T07:54:33","guid":{"rendered":"https:\/\/honwaygroup.com\/product\/luoi-cua-kim-cuong-dien-hoa\/"},"modified":"2025-11-05T11:44:06","modified_gmt":"2025-11-05T03:44:06","slug":"luoi-cua-kim-cuong-dien-hoa","status":"publish","type":"product","link":"https:\/\/honwaygroup.com\/vi\/product\/luoi-cua-kim-cuong-dien-hoa\/","title":{"rendered":"L\u01b0\u1ee1i c\u01b0a kim c\u01b0\u01a1ng m\u1ea1 \u0111i\u1ec7n"},"content":{"rendered":"<div class=\"resCol12\">\n<div class=\"resMargin\">\n<div class=\"resCol6\">\n<h3><strong>L\u01b0\u1ee1i c\u01b0a kim c\u01b0\u01a1ng m\u1ea1 \u0111i\u1ec7n<\/strong><\/h3>\n<p>\u0110\u1eb7c \u0111i\u1ec3m c\u1ee7a n\u00f3 bao g\u1ed3m l\u01b0\u1ee1i c\u1eaft s\u1eafc b\u00e9n, hi\u1ec7u su\u1ea5t c\u1eaft cao v\u00e0 \u0111\u1ed9 b\u1ec1n cao. N\u00f3 ch\u1ee7 y\u1ebfu \u0111\u01b0\u1ee3c s\u1eed d\u1ee5ng \u0111\u1ec3 c\u1eaft \u0111\u00e1 c\u1ea9m th\u1ea1ch, g\u1ea1ch men, <a href=\"https:\/\/zh.wikipedia.org\/zh-tw\/%E7%8E%BB%E7%92%83%E9%92%A2\" rel=\"nofollow noopener\" target=\"_blank\">FRP<\/a>, s\u1ee3i carbon ho\u1eb7c than ch\u00ec.<\/p>\n<p>&nbsp;<\/p>\n<\/div>\n<\/div>\n<p><img decoding=\"async\" class=\"wp-image-27950 size-medium alignleft\" src=\"https:\/\/honwaygroup.com\/wp-content\/uploads\/2021\/01\/%E9%9B%BB%E9%91%84%E6%B3%95%E9%91%BD%E7%9F%B3%E9%8B%B8%E7%89%87_%E5%B7%A5%E4%BD%9C%E5%8D%80%E5%9F%9F-1-%E8%A4%87%E6%9C%AC-52-300x127.webp\" alt=\"\" width=\"300\" height=\"127\"><\/p>\n<div class=\"resMargin\">\n<div class=\"resCol6\">\n<div class=\"resCol6\">\n<ul>\n<li><strong>C: Li\u00ean t\u1ee5c<\/strong><\/li>\n<li><strong>S: Nan hoa<\/strong><\/li>\n<li><strong>U: Ki\u1ec3u r\u00e3nh ch\u1eef U<\/strong><\/li>\n<li><strong>K: Lo\u1ea1i r\u00e3nh nh\u1ecf gi\u1ecdt<\/strong><\/li>\n<\/ul>\n<p>&nbsp;<\/p>\n<\/div>\n<\/div>\n<p>\u0110\u01a1n v\u1ecb: mm<\/p>\n<table class=\"specTable\" width=\"100%\">\n<tbody>\n<tr>\n<th>s\u1ed1 seri<\/th>\n<th>\u00d8D<\/th>\n<th>E<\/th>\n<th>T<\/th>\n<th>W<\/th>\n<th>h\u00ecnh th\u1ee9c<\/th>\n<th>\u00d8H<\/th>\n<th>K\u00edch th\u01b0\u1edbc h\u1ea1t<\/th>\n<\/tr>\n<tr>\n<td>SP-05008<\/td>\n<td>50<\/td>\n<td>0.8<\/td>\n<td>1.8<\/td>\n<td>2~3<\/td>\n<td>C,S,U<\/td>\n<td rowspan=\"12\"><strong>Vui l\u00f2ng ghi r\u00f5 khi \u0111\u1eb7t h\u00e0ng.<\/strong><\/td>\n<td>#40<\/td>\n<\/tr>\n<tr>\n<td>SP-06308<\/td>\n<td>63<\/td>\n<td>0.8<\/td>\n<td>1.8<\/td>\n<td>2~3<\/td>\n<td>C,S,U<\/td>\n<td>#40<\/td>\n<\/tr>\n<tr>\n<td>SP-10008<\/td>\n<td>100<\/td>\n<td>0.8<\/td>\n<td>1.8<\/td>\n<td>2~3<\/td>\n<td>C,S,U<\/td>\n<td>#40<\/td>\n<\/tr>\n<tr>\n<td>SP-11508<\/td>\n<td>115<\/td>\n<td>0.8<\/td>\n<td>1.8<\/td>\n<td>2~3<\/td>\n<td>C,S,U<\/td>\n<td>#40<\/td>\n<\/tr>\n<tr>\n<td>SP-11510K<\/td>\n<td>115<\/td>\n<td>1.0<\/td>\n<td>2.0<\/td>\n<td>2~3<\/td>\n<td>K<\/td>\n<td>#40<\/td>\n<\/tr>\n<tr>\n<td>SP-12508<\/td>\n<td>125<\/td>\n<td>0.8<\/td>\n<td>1.8<\/td>\n<td>2~3<\/td>\n<td>C,S,U<\/td>\n<td>#40<\/td>\n<\/tr>\n<tr>\n<td>SP-15008<\/td>\n<td>150<\/td>\n<td>0.8<\/td>\n<td>1.8<\/td>\n<td>2~3<\/td>\n<td>C,S,U<\/td>\n<td>#40<\/td>\n<\/tr>\n<tr>\n<td>SP-15012<\/td>\n<td>150<\/td>\n<td>1.2<\/td>\n<td>2.2<\/td>\n<td>2~3<\/td>\n<td>C,S,U<\/td>\n<td>#40<\/td>\n<\/tr>\n<tr>\n<td>SP-17512<\/td>\n<td>175<\/td>\n<td>1.2<\/td>\n<td>2.2<\/td>\n<td>2~3<\/td>\n<td>C,S,U<\/td>\n<td>#40<\/td>\n<\/tr>\n<tr>\n<td>SP-20012<\/td>\n<td>200<\/td>\n<td>1.2<\/td>\n<td>2.2<\/td>\n<td>2~3<\/td>\n<td>C,S,U<\/td>\n<td>#40<\/td>\n<\/tr>\n<tr>\n<td>SP-25012<\/td>\n<td>250<\/td>\n<td>1.2<\/td>\n<td>2.2<\/td>\n<td>2~3<\/td>\n<td>C,S,U<\/td>\n<td>#40<\/td>\n<\/tr>\n<tr>\n<td>SP-30012<\/td>\n<td>300<\/td>\n<td>1.2<\/td>\n<td>2.2<\/td>\n<td>2~3<\/td>\n<td>C,S,U<\/td>\n<td>#40<\/td>\n<\/tr>\n<\/tbody>\n<\/table>\n<ul class=\"main_ul\">\n<li><strong>Vui l\u00f2ng ch\u1ec9 \u0111\u1ecbnh b\u1ea5t k\u1ef3 k\u00edch th\u01b0\u1edbc h\u1ea1t n\u00e0o kh\u00e1c ngo\u00e0i k\u00edch th\u01b0\u1edbc ti\u00eau chu\u1ea9n khi \u0111\u1eb7t h\u00e0ng.<\/strong><\/li>\n<\/ul>\n<p>C\u00f3 b\u1ea5t k\u1ef3 th\u1eafc m\u1eafc n\u00e0o kh\u00f4ng? <a href=\"https:\/\/honwaygroup.com\/vi\/lien-he-voi-honway\/\">Li\u00ean h\u1ec7 v\u1edbi HonWay<\/a><\/p>\n<\/div>\n<\/div>\n","protected":false},"excerpt":{"rendered":"<ul>\n<li>D\u00f2ng s\u1ea3n ph\u1ea9m n\u00e0y ch\u1ee7 y\u1ebfu \u0111\u01b0\u1ee3c s\u1eed d\u1ee5ng \u0111\u1ec3 c\u1eaft \u0111\u00e1 c\u1ea9m th\u1ea1ch, g\u1ea1ch men, FRP, s\u1ee3i carbon ho\u1eb7c than ch\u00ec, v.v.<\/li>\n<\/ul>\n<h5><strong><span style=\"color: #ff0000;font-size: 19.2px\">\u25b2 Vui l\u00f2ng nh\u1eafn tin ri\u00eang cho b\u1ed9 ph\u1eadn ch\u0103m s\u00f3c kh\u00e1ch h\u00e0ng \u0111\u1ec3 h\u1ecfi gi\u00e1.<\/span><\/strong><\/h5>\n<h5><strong><span style=\"color: #ff0000;font-size: 19.2px\">\u25b2<\/span><\/strong><strong><span style=\"color: #ff0000;font-size: 19.2px\"> N\u1ebfu c\u1ea7n k\u00edch th\u01b0\u1edbc t\u00f9y ch\u1ec9nh, vui l\u00f2ng li\u00ean h\u1ec7 b\u1ed9 ph\u1eadn ch\u0103m s\u00f3c kh\u00e1ch h\u00e0ng.<\/span><\/strong><\/h5>\n<h5><strong><span style=\"color: #ff0000;font-size: 19.2px\">\u25b2 \u0110\u1eb7t h\u00e0ng s\u1ed1 l\u01b0\u1ee3ng l\u1edbn c\u00f3 th\u1ec3 \u0111\u01b0\u1ee3c h\u01b0\u1edfng chi\u1ebft kh\u1ea5u \u01b0u \u0111\u00e3i, vui l\u00f2ng li\u00ean h\u1ec7 b\u1ed9 ph\u1eadn ch\u0103m s\u00f3c kh\u00e1ch h\u00e0ng \u0111\u1ec3 bi\u1ebft th\u00eam chi ti\u1ebft.<br \/>\n<\/span><\/strong><\/h5>\n<h5><strong><span style=\"color: #ff0000\">\u25b2 Vui l\u00f2ng li\u00ean h\u1ec7 b\u1ed9 ph\u1eadn ch\u0103m s\u00f3c kh\u00e1ch h\u00e0ng \u0111\u1ec3 h\u1ecfi v\u1ec1 th\u1eddi gian giao h\u00e0ng c\u1ee7a \u0111\u01a1n \u0111\u1eb7t h\u00e0ng<\/span>:<a href=\"https:\/\/honwaygroup.com\/vi\/lien-he-voi-honway\/\"> Li\u00ean h\u1ec7 HonWay.<\/a><\/strong><\/h5>\n","protected":false},"featured_media":84147,"template":"","meta":{"site-sidebar-layout":"default","site-content-layout":"default","ast-site-content-layout":"default","site-content-style":"default","site-sidebar-style":"default","ast-global-header-display":"","ast-banner-title-visibility":"","ast-main-header-display":"","ast-hfb-above-header-display":"","ast-hfb-below-header-display":"","ast-hfb-mobile-header-display":"","site-post-title":"","ast-breadcrumbs-content":"","ast-featured-img":"","footer-sml-layout":"","ast-disable-related-posts":"","theme-transparent-header-meta":"default","adv-header-id-meta":"","stick-header-meta":"default","header-above-stick-meta":"","header-main-stick-meta":"","header-below-stick-meta":"","astra-migrate-meta-layouts":"default","ast-page-background-enabled":"default","ast-page-background-meta":{"desktop":{"background-color":"var(--ast-global-color-5)","background-image":"","background-repeat":"repeat","background-position":"center center","background-size":"auto","background-attachment":"scroll","background-type":"","background-media":"","overlay-type":"","overlay-color":"","overlay-opacity":"","overlay-gradient":""},"tablet":{"background-color":"","background-image":"","background-repeat":"repeat","background-position":"center center","background-size":"auto","background-attachment":"scroll","background-type":"","background-media":"","overlay-type":"","overlay-color":"","overlay-opacity":"","overlay-gradient":""},"mobile":{"background-color":"","background-image":"","background-repeat":"repeat","background-position":"center center","background-size":"auto","background-attachment":"scroll","background-type":"","background-media":"","overlay-type":"","overlay-color":"","overlay-opacity":"","overlay-gradient":""}},"ast-content-background-meta":{"desktop":{"background-color":"var(--ast-global-color-4)","background-image":"","background-repeat":"repeat","background-position":"center center","background-size":"auto","background-attachment":"scroll","background-type":"","background-media":"","overlay-type":"","overlay-color":"","overlay-opacity":"","overlay-gradient":""},"tablet":{"background-color":"var(--ast-global-color-4)","background-image":"","background-repeat":"repeat","background-position":"center center","background-size":"auto","background-attachment":"scroll","background-type":"","background-media":"","overlay-type":"","overlay-color":"","overlay-opacity":"","overlay-gradient":""},"mobile":{"background-color":"var(--ast-global-color-4)","background-image":"","background-repeat":"repeat","background-position":"center center","background-size":"auto","background-attachment":"scroll","background-type":"","background-media":"","overlay-type":"","overlay-color":"","overlay-opacity":"","overlay-gradient":""}}},"product_brand":[],"product_cat":[4395,4389],"product_tag":[5087,5106],"class_list":{"0":"post-84146","1":"product","2":"type-product","3":"status-publish","4":"has-post-thumbnail","6":"product_cat-luoi-cua-kim-cuong-phuong-phap-dien-hoa","7":"product_cat-cong-cu-kim-cuong","8":"product_tag-luoi-cua-kim-cuong","9":"product_tag-luoi-cua-kim-cuong-phuong-phap-ma-dien","10":"desktop-align-left","11":"tablet-align-left","12":"mobile-align-left","13":"ast-product-gallery-layout-horizontal-slider","14":"ast-product-tabs-layout-horizontal","16":"first","17":"instock","18":"taxable","19":"shipping-taxable","20":"product-type-simple"},"_links":{"self":[{"href":"https:\/\/honwaygroup.com\/vi\/wp-json\/wp\/v2\/product\/84146","targetHints":{"allow":["GET"]}}],"collection":[{"href":"https:\/\/honwaygroup.com\/vi\/wp-json\/wp\/v2\/product"}],"about":[{"href":"https:\/\/honwaygroup.com\/vi\/wp-json\/wp\/v2\/types\/product"}],"version-history":[{"count":0,"href":"https:\/\/honwaygroup.com\/vi\/wp-json\/wp\/v2\/product\/84146\/revisions"}],"wp:featuredmedia":[{"embeddable":true,"href":"https:\/\/honwaygroup.com\/vi\/wp-json\/wp\/v2\/media\/84147"}],"wp:attachment":[{"href":"https:\/\/honwaygroup.com\/vi\/wp-json\/wp\/v2\/media?parent=84146"}],"wp:term":[{"taxonomy":"product_brand","embeddable":true,"href":"https:\/\/honwaygroup.com\/vi\/wp-json\/wp\/v2\/product_brand?post=84146"},{"taxonomy":"product_cat","embeddable":true,"href":"https:\/\/honwaygroup.com\/vi\/wp-json\/wp\/v2\/product_cat?post=84146"},{"taxonomy":"product_tag","embeddable":true,"href":"https:\/\/honwaygroup.com\/vi\/wp-json\/wp\/v2\/product_tag?post=84146"}],"curies":[{"name":"wp","href":"https:\/\/api.w.org\/{rel}","templated":true}]}}